{"id":2406,"date":"2016-09-02T09:32:10","date_gmt":"2016-09-02T09:32:10","guid":{"rendered":"https:\/\/www.ull.es\/guiadelingresoalegreso\/?page_id=2406"},"modified":"2017-10-06T12:45:42","modified_gmt":"2017-10-06T12:45:42","slug":"abandono-de-estudios","status":"publish","type":"page","link":"https:\/\/www.ull.es\/portal\/guiadelingresoalegreso\/abandono-de-estudios\/","title":{"rendered":"Abandono de estudios"},"content":{"rendered":"<h3>Conoce los tr\u00e1mites para amainar el perjuicio.<\/h3>\n<p>Si decides abandonar los estudios iniciados debes tener en cuenta la fecha en la que tomas la decisi\u00f3n para que valores la anulaci\u00f3n de la matr\u00edcula y la renuncia a la beca o las becas solicitadas.<\/p>\n<p>Para anular la matr\u00edcula tienes que presentar una solicitud de anulaci\u00f3n dirigida al Decano o director de tu centro. La\u00a0<a href=\"https:\/\/www.ull.es\/view\/institucional\/ull\/Normativa_11\/es\" target=\"_blank\" rel=\"noopener\">Instrucci\u00f3n Reguladora de la Matr\u00edcula<\/a>\u00a0que se publica para cada curso acad\u00e9mico recoge los plazos para solicitar la anulaci\u00f3n.<\/p>\n<p>Suele ser hasta la primera quincena de octubre con derecho a la devoluci\u00f3n de los precios p\u00fablicos abonados en concepto de servicios acad\u00e9micos, y hasta la primera quincena de diciembre sin derecho a devoluci\u00f3n. Las solicitudes presentadas fuera de las fechas que se indiquen ser\u00e1n tratadas como fuera de plazo y resolver\u00e1 la Secretaria General.<\/p>\n<p>Si abandonas y anulas podr\u00e1s volver a solicitar plaza el pr\u00f3ximo curso en los estudios que desees y solicitar beca para ellos.<\/p>\n<p>Si abandonas y no anulas deber\u00e1s abonar el importe de la matr\u00edcula. Si no lo hicieras tendr\u00e1s una deuda pendiente con la Universidad y, en el supuesto de disfrutar de beca, con la administraci\u00f3n que te la otorg\u00f3. No podr\u00e1s matricularte de nuevo en la Universidad hasta que no saldes la deuda.<\/p>\n<p>Si precisas de asesoramiento ponte en contacto con la Asesor\u00eda Jur\u00eddica para el alumnado\u00a0(<a href=\"http:\/\/asejuri.webs.ull.es\/contact.php\" target=\"_blank\" rel=\"noopener\">atenci\u00f3n personalizada con cita previa<\/a>)<\/p>\n<p>&nbsp;<\/p>\n","protected":false},"excerpt":{"rendered":"<p>Conoce los tr\u00e1mites para amainar el perjuicio. Si decides abandonar los estudios iniciados debes tener en cuenta la fecha en la que tomas la decisi\u00f3n para que valores la anulaci\u00f3n de la matr\u00edcula y la renuncia a la beca o las becas solicitadas. Para anular la matr\u00edcula tienes que presentar una solicitud de anulaci\u00f3n dirigida [&hellip;]<\/p>\n","protected":false},"author":1,"featured_media":0,"parent":0,"menu_order":0,"comment_status":"closed","ping_status":"closed","template":"home.php","meta":{"inline_featured_image":false,"footnotes":""},"acf":[],"yoast_head":"<!-- This site is optimized with the Yoast SEO plugin v21.3 - https:\/\/yoast.com\/wordpress\/plugins\/seo\/ -->\n<title>Abandono de estudios - Gu\u00eda del ingreso al egreso<\/title>\n<meta name=\"robots\" content=\"index, follow, max-snippet:-1, max-image-preview:large, max-video-preview:-1\" \/>\n<link rel=\"canonical\" href=\"https:\/\/www.ull.es\/portal\/guiadelingresoalegreso\/abandono-de-estudios\/\" \/>\n<meta property=\"og:locale\" content=\"es_ES\" \/>\n<meta property=\"og:type\" content=\"article\" \/>\n<meta property=\"og:title\" content=\"Abandono de estudios - Gu\u00eda del ingreso al egreso\" \/>\n<meta property=\"og:description\" content=\"Conoce los tr\u00e1mites para amainar el perjuicio. Si decides abandonar los estudios iniciados debes tener en cuenta la fecha en la que tomas la decisi\u00f3n para que valores la anulaci\u00f3n de la matr\u00edcula y la renuncia a la beca o las becas solicitadas. Para anular la matr\u00edcula tienes que presentar una solicitud de anulaci\u00f3n dirigida [&hellip;]\" \/>\n<meta property=\"og:url\" content=\"https:\/\/www.ull.es\/portal\/guiadelingresoalegreso\/abandono-de-estudios\/\" \/>\n<meta property=\"og:site_name\" content=\"Gu\u00eda del ingreso al egreso\" \/>\n<meta property=\"article:modified_time\" content=\"2017-10-06T12:45:42+00:00\" \/>\n<meta name=\"twitter:card\" content=\"summary_large_image\" \/>\n<meta name=\"twitter:label1\" content=\"Tiempo de lectura\" \/>\n\t<meta name=\"twitter:data1\" content=\"1 minuto\" \/>\n<script type=\"application\/ld+json\" class=\"yoast-schema-graph\">{\"@context\":\"https:\/\/schema.org\",\"@graph\":[{\"@type\":\"WebPage\",\"@id\":\"https:\/\/www.ull.es\/portal\/guiadelingresoalegreso\/abandono-de-estudios\/\",\"url\":\"https:\/\/www.ull.es\/portal\/guiadelingresoalegreso\/abandono-de-estudios\/\",\"name\":\"Abandono de estudios - Gu\u00eda del ingreso al egreso\",\"isPartOf\":{\"@id\":\"https:\/\/www.ull.es\/portal\/guiadelingresoalegreso\/#website\"},\"datePublished\":\"2016-09-02T09:32:10+00:00\",\"dateModified\":\"2017-10-06T12:45:42+00:00\",\"breadcrumb\":{\"@id\":\"https:\/\/www.ull.es\/portal\/guiadelingresoalegreso\/abandono-de-estudios\/#breadcrumb\"},\"inLanguage\":\"es\",\"potentialAction\":[{\"@type\":\"ReadAction\",\"target\":[\"https:\/\/www.ull.es\/portal\/guiadelingresoalegreso\/abandono-de-estudios\/\"]}]},{\"@type\":\"BreadcrumbList\",\"@id\":\"https:\/\/www.ull.es\/portal\/guiadelingresoalegreso\/abandono-de-estudios\/#breadcrumb\",\"itemListElement\":[{\"@type\":\"ListItem\",\"position\":1,\"name\":\"Portada\",\"item\":\"https:\/\/www.ull.es\/portal\/guiadelingresoalegreso\/\"},{\"@type\":\"ListItem\",\"position\":2,\"name\":\"Abandono de estudios\"}]},{\"@type\":\"WebSite\",\"@id\":\"https:\/\/www.ull.es\/portal\/guiadelingresoalegreso\/#website\",\"url\":\"https:\/\/www.ull.es\/portal\/guiadelingresoalegreso\/\",\"name\":\"Gu\u00eda del ingreso al egreso\",\"description\":\"Otro sitio m\u00e1s de Sitios Web ULL\",\"potentialAction\":[{\"@type\":\"SearchAction\",\"target\":{\"@type\":\"EntryPoint\",\"urlTemplate\":\"https:\/\/www.ull.es\/portal\/guiadelingresoalegreso\/?s={search_term_string}\"},\"query-input\":\"required name=search_term_string\"}],\"inLanguage\":\"es\"}]}<\/script>\n<!-- \/ Yoast SEO plugin. -->","yoast_head_json":{"title":"Abandono de estudios - Gu\u00eda del ingreso al egreso","robots":{"index":"index","follow":"follow","max-snippet":"max-snippet:-1","max-image-preview":"max-image-preview:large","max-video-preview":"max-video-preview:-1"},"canonical":"https:\/\/www.ull.es\/portal\/guiadelingresoalegreso\/abandono-de-estudios\/","og_locale":"es_ES","og_type":"article","og_title":"Abandono de estudios - Gu\u00eda del ingreso al egreso","og_description":"Conoce los tr\u00e1mites para amainar el perjuicio. Si decides abandonar los estudios iniciados debes tener en cuenta la fecha en la que tomas la decisi\u00f3n para que valores la anulaci\u00f3n de la matr\u00edcula y la renuncia a la beca o las becas solicitadas. Para anular la matr\u00edcula tienes que presentar una solicitud de anulaci\u00f3n dirigida [&hellip;]","og_url":"https:\/\/www.ull.es\/portal\/guiadelingresoalegreso\/abandono-de-estudios\/","og_site_name":"Gu\u00eda del ingreso al egreso","article_modified_time":"2017-10-06T12:45:42+00:00","twitter_card":"summary_large_image","twitter_misc":{"Tiempo de lectura":"1 minuto"},"schema":{"@context":"https:\/\/schema.org","@graph":[{"@type":"WebPage","@id":"https:\/\/www.ull.es\/portal\/guiadelingresoalegreso\/abandono-de-estudios\/","url":"https:\/\/www.ull.es\/portal\/guiadelingresoalegreso\/abandono-de-estudios\/","name":"Abandono de estudios - Gu\u00eda del ingreso al egreso","isPartOf":{"@id":"https:\/\/www.ull.es\/portal\/guiadelingresoalegreso\/#website"},"datePublished":"2016-09-02T09:32:10+00:00","dateModified":"2017-10-06T12:45:42+00:00","breadcrumb":{"@id":"https:\/\/www.ull.es\/portal\/guiadelingresoalegreso\/abandono-de-estudios\/#breadcrumb"},"inLanguage":"es","potentialAction":[{"@type":"ReadAction","target":["https:\/\/www.ull.es\/portal\/guiadelingresoalegreso\/abandono-de-estudios\/"]}]},{"@type":"BreadcrumbList","@id":"https:\/\/www.ull.es\/portal\/guiadelingresoalegreso\/abandono-de-estudios\/#breadcrumb","itemListElement":[{"@type":"ListItem","position":1,"name":"Portada","item":"https:\/\/www.ull.es\/portal\/guiadelingresoalegreso\/"},{"@type":"ListItem","position":2,"name":"Abandono de estudios"}]},{"@type":"WebSite","@id":"https:\/\/www.ull.es\/portal\/guiadelingresoalegreso\/#website","url":"https:\/\/www.ull.es\/portal\/guiadelingresoalegreso\/","name":"Gu\u00eda del ingreso al egreso","description":"Otro sitio m\u00e1s de Sitios Web ULL","potentialAction":[{"@type":"SearchAction","target":{"@type":"EntryPoint","urlTemplate":"https:\/\/www.ull.es\/portal\/guiadelingresoalegreso\/?s={search_term_string}"},"query-input":"required name=search_term_string"}],"inLanguage":"es"}]}},"_links":{"self":[{"href":"https:\/\/www.ull.es\/portal\/guiadelingresoalegreso\/wp-json\/wp\/v2\/pages\/2406"}],"collection":[{"href":"https:\/\/www.ull.es\/portal\/guiadelingresoalegreso\/wp-json\/wp\/v2\/pages"}],"about":[{"href":"https:\/\/www.ull.es\/portal\/guiadelingresoalegreso\/wp-json\/wp\/v2\/types\/page"}],"author":[{"embeddable":true,"href":"https:\/\/www.ull.es\/portal\/guiadelingresoalegreso\/wp-json\/wp\/v2\/users\/1"}],"replies":[{"embeddable":true,"href":"https:\/\/www.ull.es\/portal\/guiadelingresoalegreso\/wp-json\/wp\/v2\/comments?post=2406"}],"version-history":[{"count":2,"href":"https:\/\/www.ull.es\/portal\/guiadelingresoalegreso\/wp-json\/wp\/v2\/pages\/2406\/revisions"}],"predecessor-version":[{"id":2645,"href":"https:\/\/www.ull.es\/portal\/guiadelingresoalegreso\/wp-json\/wp\/v2\/pages\/2406\/revisions\/2645"}],"wp:attachment":[{"href":"https:\/\/www.ull.es\/portal\/guiadelingresoalegreso\/wp-json\/wp\/v2\/media?parent=2406"}],"curies":[{"name":"wp","href":"https:\/\/api.w.org\/{rel}","templated":true}]}}