{"id":2431,"date":"2016-09-02T10:05:27","date_gmt":"2016-09-02T10:05:27","guid":{"rendered":"https:\/\/www.ull.es\/guiadelingresoalegreso\/?page_id=2431"},"modified":"2017-10-06T13:35:50","modified_gmt":"2017-10-06T13:35:50","slug":"donde-y-como-solicitarla","status":"publish","type":"page","link":"https:\/\/www.ull.es\/portal\/guiadelingresoalegreso\/donde-y-como-solicitarla\/","title":{"rendered":"D\u00f3nde y c\u00f3mo solicitarla"},"content":{"rendered":"<p>Cuando formalices la matr\u00edcula, debes marcar, en el supuesto de que la hayas solicitado o pienses hacerlo, las casillas de Becario del MECyD y del Gobierno de Canarias (las dos).<\/p>\n<p>Te recordamos que el seleccionar la casilla no conlleva la presentaci\u00f3n. Si no has solicitado beca, y el plazo ya est\u00e1 abierto, solic\u00edtala y si a\u00fan no se ha publicado la convocatoria debes estar pendiente de dicha publicaci\u00f3n para que realices la solicitud dentro del plazo estipulado para ello.<\/p>\n<p>La solicitud de ambas becas se realiza v\u00eda web (recomendamos presentar ambas) a trav\u00e9s de la sede electr\u00f3nica de la administraci\u00f3n convocante. Accede a los detalles de cada convocatoria a trav\u00e9s de la web de la <a href=\"http:\/\/www.gobiernodecanarias.org\/universidades\/becas_ayudas\/estudios_universitarios\/\" target=\"_blank\" rel=\"noopener\">Consejer\u00eda de Educaci\u00f3n y Universidades del Gobierno de Canarias<\/a> y de la del <a href=\"http:\/\/www.mecd.gob.es\/servicios-al-ciudadano-mecd\/catalogo\/educacion\/estudiantes\/becas-ayudas\/para-estudiar\/universidad\/grado.html\" target=\"_blank\" rel=\"noopener\">Ministerio de Educaci\u00f3n, Cultura y Deportes<\/a><\/p>\n<p>Consulta el v\u00eddeo informativo de\u00a0<a href=\"https:\/\/www.youtube.com\/watch?v=SL6cWmL9HJo&amp;list=PLAqmRmkVzl19rKAxNFBiut842Q3-jEVYB&amp;index=3\" target=\"_blank\" rel=\"noopener\">BECAS Y AYUDAS.<\/a><\/p>\n<p>&nbsp;<\/p>\n","protected":false},"excerpt":{"rendered":"<p>Cuando formalices la matr\u00edcula, debes marcar, en el supuesto de que la hayas solicitado o pienses hacerlo, las casillas de Becario del MECyD y del Gobierno de Canarias (las dos). Te recordamos que el seleccionar la casilla no conlleva la presentaci\u00f3n. Si no has solicitado beca, y el plazo ya est\u00e1 abierto, solic\u00edtala y si [&hellip;]<\/p>\n","protected":false},"author":1,"featured_media":0,"parent":0,"menu_order":0,"comment_status":"closed","ping_status":"closed","template":"home.php","meta":{"inline_featured_image":false,"footnotes":""},"acf":[],"yoast_head":"<!-- This site is optimized with the Yoast SEO plugin v21.3 - https:\/\/yoast.com\/wordpress\/plugins\/seo\/ -->\n<title>D\u00f3nde y c\u00f3mo solicitarla - Gu\u00eda del ingreso al egreso<\/title>\n<meta name=\"robots\" content=\"index, follow, max-snippet:-1, max-image-preview:large, max-video-preview:-1\" \/>\n<link rel=\"canonical\" href=\"https:\/\/www.ull.es\/portal\/guiadelingresoalegreso\/donde-y-como-solicitarla\/\" \/>\n<meta property=\"og:locale\" content=\"es_ES\" \/>\n<meta property=\"og:type\" content=\"article\" \/>\n<meta property=\"og:title\" content=\"D\u00f3nde y c\u00f3mo solicitarla - Gu\u00eda del ingreso al egreso\" \/>\n<meta property=\"og:description\" content=\"Cuando formalices la matr\u00edcula, debes marcar, en el supuesto de que la hayas solicitado o pienses hacerlo, las casillas de Becario del MECyD y del Gobierno de Canarias (las dos). Te recordamos que el seleccionar la casilla no conlleva la presentaci\u00f3n. Si no has solicitado beca, y el plazo ya est\u00e1 abierto, solic\u00edtala y si [&hellip;]\" \/>\n<meta property=\"og:url\" content=\"https:\/\/www.ull.es\/portal\/guiadelingresoalegreso\/donde-y-como-solicitarla\/\" \/>\n<meta property=\"og:site_name\" content=\"Gu\u00eda del ingreso al egreso\" \/>\n<meta property=\"article:modified_time\" content=\"2017-10-06T13:35:50+00:00\" \/>\n<meta name=\"twitter:card\" content=\"summary_large_image\" \/>\n<meta name=\"twitter:label1\" content=\"Tiempo de lectura\" \/>\n\t<meta name=\"twitter:data1\" content=\"1 minuto\" \/>\n<script type=\"application\/ld+json\" class=\"yoast-schema-graph\">{\"@context\":\"https:\/\/schema.org\",\"@graph\":[{\"@type\":\"WebPage\",\"@id\":\"https:\/\/www.ull.es\/portal\/guiadelingresoalegreso\/donde-y-como-solicitarla\/\",\"url\":\"https:\/\/www.ull.es\/portal\/guiadelingresoalegreso\/donde-y-como-solicitarla\/\",\"name\":\"D\u00f3nde y c\u00f3mo solicitarla - Gu\u00eda del ingreso al egreso\",\"isPartOf\":{\"@id\":\"https:\/\/www.ull.es\/portal\/guiadelingresoalegreso\/#website\"},\"datePublished\":\"2016-09-02T10:05:27+00:00\",\"dateModified\":\"2017-10-06T13:35:50+00:00\",\"breadcrumb\":{\"@id\":\"https:\/\/www.ull.es\/portal\/guiadelingresoalegreso\/donde-y-como-solicitarla\/#breadcrumb\"},\"inLanguage\":\"es\",\"potentialAction\":[{\"@type\":\"ReadAction\",\"target\":[\"https:\/\/www.ull.es\/portal\/guiadelingresoalegreso\/donde-y-como-solicitarla\/\"]}]},{\"@type\":\"BreadcrumbList\",\"@id\":\"https:\/\/www.ull.es\/portal\/guiadelingresoalegreso\/donde-y-como-solicitarla\/#breadcrumb\",\"itemListElement\":[{\"@type\":\"ListItem\",\"position\":1,\"name\":\"Portada\",\"item\":\"https:\/\/www.ull.es\/portal\/guiadelingresoalegreso\/\"},{\"@type\":\"ListItem\",\"position\":2,\"name\":\"D\u00f3nde y c\u00f3mo solicitarla\"}]},{\"@type\":\"WebSite\",\"@id\":\"https:\/\/www.ull.es\/portal\/guiadelingresoalegreso\/#website\",\"url\":\"https:\/\/www.ull.es\/portal\/guiadelingresoalegreso\/\",\"name\":\"Gu\u00eda del ingreso al egreso\",\"description\":\"Otro sitio m\u00e1s de Sitios Web ULL\",\"potentialAction\":[{\"@type\":\"SearchAction\",\"target\":{\"@type\":\"EntryPoint\",\"urlTemplate\":\"https:\/\/www.ull.es\/portal\/guiadelingresoalegreso\/?s={search_term_string}\"},\"query-input\":\"required name=search_term_string\"}],\"inLanguage\":\"es\"}]}<\/script>\n<!-- \/ Yoast SEO plugin. -->","yoast_head_json":{"title":"D\u00f3nde y c\u00f3mo solicitarla - Gu\u00eda del ingreso al egreso","robots":{"index":"index","follow":"follow","max-snippet":"max-snippet:-1","max-image-preview":"max-image-preview:large","max-video-preview":"max-video-preview:-1"},"canonical":"https:\/\/www.ull.es\/portal\/guiadelingresoalegreso\/donde-y-como-solicitarla\/","og_locale":"es_ES","og_type":"article","og_title":"D\u00f3nde y c\u00f3mo solicitarla - Gu\u00eda del ingreso al egreso","og_description":"Cuando formalices la matr\u00edcula, debes marcar, en el supuesto de que la hayas solicitado o pienses hacerlo, las casillas de Becario del MECyD y del Gobierno de Canarias (las dos). Te recordamos que el seleccionar la casilla no conlleva la presentaci\u00f3n. Si no has solicitado beca, y el plazo ya est\u00e1 abierto, solic\u00edtala y si [&hellip;]","og_url":"https:\/\/www.ull.es\/portal\/guiadelingresoalegreso\/donde-y-como-solicitarla\/","og_site_name":"Gu\u00eda del ingreso al egreso","article_modified_time":"2017-10-06T13:35:50+00:00","twitter_card":"summary_large_image","twitter_misc":{"Tiempo de lectura":"1 minuto"},"schema":{"@context":"https:\/\/schema.org","@graph":[{"@type":"WebPage","@id":"https:\/\/www.ull.es\/portal\/guiadelingresoalegreso\/donde-y-como-solicitarla\/","url":"https:\/\/www.ull.es\/portal\/guiadelingresoalegreso\/donde-y-como-solicitarla\/","name":"D\u00f3nde y c\u00f3mo solicitarla - Gu\u00eda del ingreso al egreso","isPartOf":{"@id":"https:\/\/www.ull.es\/portal\/guiadelingresoalegreso\/#website"},"datePublished":"2016-09-02T10:05:27+00:00","dateModified":"2017-10-06T13:35:50+00:00","breadcrumb":{"@id":"https:\/\/www.ull.es\/portal\/guiadelingresoalegreso\/donde-y-como-solicitarla\/#breadcrumb"},"inLanguage":"es","potentialAction":[{"@type":"ReadAction","target":["https:\/\/www.ull.es\/portal\/guiadelingresoalegreso\/donde-y-como-solicitarla\/"]}]},{"@type":"BreadcrumbList","@id":"https:\/\/www.ull.es\/portal\/guiadelingresoalegreso\/donde-y-como-solicitarla\/#breadcrumb","itemListElement":[{"@type":"ListItem","position":1,"name":"Portada","item":"https:\/\/www.ull.es\/portal\/guiadelingresoalegreso\/"},{"@type":"ListItem","position":2,"name":"D\u00f3nde y c\u00f3mo solicitarla"}]},{"@type":"WebSite","@id":"https:\/\/www.ull.es\/portal\/guiadelingresoalegreso\/#website","url":"https:\/\/www.ull.es\/portal\/guiadelingresoalegreso\/","name":"Gu\u00eda del ingreso al egreso","description":"Otro sitio m\u00e1s de Sitios Web ULL","potentialAction":[{"@type":"SearchAction","target":{"@type":"EntryPoint","urlTemplate":"https:\/\/www.ull.es\/portal\/guiadelingresoalegreso\/?s={search_term_string}"},"query-input":"required name=search_term_string"}],"inLanguage":"es"}]}},"_links":{"self":[{"href":"https:\/\/www.ull.es\/portal\/guiadelingresoalegreso\/wp-json\/wp\/v2\/pages\/2431"}],"collection":[{"href":"https:\/\/www.ull.es\/portal\/guiadelingresoalegreso\/wp-json\/wp\/v2\/pages"}],"about":[{"href":"https:\/\/www.ull.es\/portal\/guiadelingresoalegreso\/wp-json\/wp\/v2\/types\/page"}],"author":[{"embeddable":true,"href":"https:\/\/www.ull.es\/portal\/guiadelingresoalegreso\/wp-json\/wp\/v2\/users\/1"}],"replies":[{"embeddable":true,"href":"https:\/\/www.ull.es\/portal\/guiadelingresoalegreso\/wp-json\/wp\/v2\/comments?post=2431"}],"version-history":[{"count":2,"href":"https:\/\/www.ull.es\/portal\/guiadelingresoalegreso\/wp-json\/wp\/v2\/pages\/2431\/revisions"}],"predecessor-version":[{"id":2654,"href":"https:\/\/www.ull.es\/portal\/guiadelingresoalegreso\/wp-json\/wp\/v2\/pages\/2431\/revisions\/2654"}],"wp:attachment":[{"href":"https:\/\/www.ull.es\/portal\/guiadelingresoalegreso\/wp-json\/wp\/v2\/media?parent=2431"}],"curies":[{"name":"wp","href":"https:\/\/api.w.org\/{rel}","templated":true}]}}