{"id":2434,"date":"2016-09-02T10:14:35","date_gmt":"2016-09-02T10:14:35","guid":{"rendered":"https:\/\/www.ull.es\/guiadelingresoalegreso\/?page_id=2434"},"modified":"2017-10-09T12:56:09","modified_gmt":"2017-10-09T12:56:09","slug":"consecuencias-de-las-obligaciones","status":"publish","type":"page","link":"https:\/\/www.ull.es\/portal\/guiadelingresoalegreso\/consecuencias-de-las-obligaciones\/","title":{"rendered":"Consecuencias de las  obligaciones"},"content":{"rendered":"<p>S\u00ed indicas que eres becario debes abonar la tasa de apertura de expediente y\/o seguro escolar. Mira la carta de pago pues en ella se te indicar\u00e1 la cantidad que debes abonar y el plazo para proceder al abono de la misma.<\/p>\n<p>Si te conceden la beca no tienes que pagar nada m\u00e1s, pero s\u00ed tienes que superar el 50% de los cr\u00e9ditos matriculados al finalizar el curso (40% para los matriculados en los Grados de Ingenier\u00eda), pues si no deber\u00e1s devolver el importe de lo que te han ingresado.<\/p>\n<p>En el supuesto de que decidas abandonar los estudios recomendamos anular matr\u00edcula y renunciar a la beca (consulta el apartado de \u201c<a href=\"https:\/\/www.ull.es\/portal\/guiadelingresoalegreso\/abandono-de-estudios\/\">Abandono de los estudios<\/a>\u201d).<\/p>\n<p>Si te la deniegan tendr\u00e1s que pasar por la secretaria del centro (desde que te lo comuniquen o aparezca el listado) para regularizar la carta de pago (el plazo es de un mes para regularizar la matr\u00edcula). En la nueva carta de pago se te indicar\u00e1 la cantidad que debes abonar y los plazos para ello.<\/p>\n<p>Recordamos que siempre existe un plazo l\u00edmite para poder salir en actas. Para ello consulta la <a href=\"https:\/\/www.ull.es\/admision-becas\/solicitud-plaza-grados\/normativa\/\" target=\"_blank\" rel=\"noopener\">instrucci\u00f3n de matr\u00edcula que cada curso se publica por la Secretar\u00eda General.<\/a><\/p>\n<p>Es importante que sepas qu\u00e9 rendimiento acad\u00e9mico debes tener este curso para que mantengas tus opciones a beca para el siguiente. Por\u00a0ello te recomendamos\u00a0leas las bases de la convocatoria ya que\u00a0te pueden orientar sobre dicho requisitos.\u00a0Tambi\u00e9n puedes solicitar y ampliar informaci\u00f3n en el\u00a0Negociado de Becas a trav\u00e9s del correo becas@ull.es o a trav\u00e9s de <a href=\"http:\/\/citaprevia.ull.es\/index.php?s=becas\" target=\"_blank\" rel=\"noopener\">cita previa<\/a><\/p>\n","protected":false},"excerpt":{"rendered":"<p>S\u00ed indicas que eres becario debes abonar la tasa de apertura de expediente y\/o seguro escolar. Mira la carta de pago pues en ella se te indicar\u00e1 la cantidad que debes abonar y el plazo para proceder al abono de la misma. Si te conceden la beca no tienes que pagar nada m\u00e1s, pero s\u00ed [&hellip;]<\/p>\n","protected":false},"author":1,"featured_media":0,"parent":0,"menu_order":0,"comment_status":"closed","ping_status":"closed","template":"home.php","meta":{"inline_featured_image":false,"footnotes":""},"acf":[],"yoast_head":"<!-- This site is optimized with the Yoast SEO plugin v21.3 - https:\/\/yoast.com\/wordpress\/plugins\/seo\/ -->\n<title>Consecuencias de las obligaciones - Gu\u00eda del ingreso al egreso<\/title>\n<meta name=\"robots\" content=\"index, follow, max-snippet:-1, max-image-preview:large, max-video-preview:-1\" \/>\n<link rel=\"canonical\" href=\"https:\/\/www.ull.es\/portal\/guiadelingresoalegreso\/consecuencias-de-las-obligaciones\/\" \/>\n<meta property=\"og:locale\" content=\"es_ES\" \/>\n<meta property=\"og:type\" content=\"article\" \/>\n<meta property=\"og:title\" content=\"Consecuencias de las obligaciones - Gu\u00eda del ingreso al egreso\" \/>\n<meta property=\"og:description\" content=\"S\u00ed indicas que eres becario debes abonar la tasa de apertura de expediente y\/o seguro escolar. Mira la carta de pago pues en ella se te indicar\u00e1 la cantidad que debes abonar y el plazo para proceder al abono de la misma. Si te conceden la beca no tienes que pagar nada m\u00e1s, pero s\u00ed [&hellip;]\" \/>\n<meta property=\"og:url\" content=\"https:\/\/www.ull.es\/portal\/guiadelingresoalegreso\/consecuencias-de-las-obligaciones\/\" \/>\n<meta property=\"og:site_name\" content=\"Gu\u00eda del ingreso al egreso\" \/>\n<meta property=\"article:modified_time\" content=\"2017-10-09T12:56:09+00:00\" \/>\n<meta name=\"twitter:card\" content=\"summary_large_image\" \/>\n<meta name=\"twitter:label1\" content=\"Tiempo de lectura\" \/>\n\t<meta name=\"twitter:data1\" content=\"1 minuto\" \/>\n<script type=\"application\/ld+json\" class=\"yoast-schema-graph\">{\"@context\":\"https:\/\/schema.org\",\"@graph\":[{\"@type\":\"WebPage\",\"@id\":\"https:\/\/www.ull.es\/portal\/guiadelingresoalegreso\/consecuencias-de-las-obligaciones\/\",\"url\":\"https:\/\/www.ull.es\/portal\/guiadelingresoalegreso\/consecuencias-de-las-obligaciones\/\",\"name\":\"Consecuencias de las obligaciones - Gu\u00eda del ingreso al egreso\",\"isPartOf\":{\"@id\":\"https:\/\/www.ull.es\/portal\/guiadelingresoalegreso\/#website\"},\"datePublished\":\"2016-09-02T10:14:35+00:00\",\"dateModified\":\"2017-10-09T12:56:09+00:00\",\"breadcrumb\":{\"@id\":\"https:\/\/www.ull.es\/portal\/guiadelingresoalegreso\/consecuencias-de-las-obligaciones\/#breadcrumb\"},\"inLanguage\":\"es\",\"potentialAction\":[{\"@type\":\"ReadAction\",\"target\":[\"https:\/\/www.ull.es\/portal\/guiadelingresoalegreso\/consecuencias-de-las-obligaciones\/\"]}]},{\"@type\":\"BreadcrumbList\",\"@id\":\"https:\/\/www.ull.es\/portal\/guiadelingresoalegreso\/consecuencias-de-las-obligaciones\/#breadcrumb\",\"itemListElement\":[{\"@type\":\"ListItem\",\"position\":1,\"name\":\"Portada\",\"item\":\"https:\/\/www.ull.es\/portal\/guiadelingresoalegreso\/\"},{\"@type\":\"ListItem\",\"position\":2,\"name\":\"Consecuencias de las obligaciones\"}]},{\"@type\":\"WebSite\",\"@id\":\"https:\/\/www.ull.es\/portal\/guiadelingresoalegreso\/#website\",\"url\":\"https:\/\/www.ull.es\/portal\/guiadelingresoalegreso\/\",\"name\":\"Gu\u00eda del ingreso al egreso\",\"description\":\"Otro sitio m\u00e1s de Sitios Web ULL\",\"potentialAction\":[{\"@type\":\"SearchAction\",\"target\":{\"@type\":\"EntryPoint\",\"urlTemplate\":\"https:\/\/www.ull.es\/portal\/guiadelingresoalegreso\/?s={search_term_string}\"},\"query-input\":\"required name=search_term_string\"}],\"inLanguage\":\"es\"}]}<\/script>\n<!-- \/ Yoast SEO plugin. -->","yoast_head_json":{"title":"Consecuencias de las obligaciones - Gu\u00eda del ingreso al egreso","robots":{"index":"index","follow":"follow","max-snippet":"max-snippet:-1","max-image-preview":"max-image-preview:large","max-video-preview":"max-video-preview:-1"},"canonical":"https:\/\/www.ull.es\/portal\/guiadelingresoalegreso\/consecuencias-de-las-obligaciones\/","og_locale":"es_ES","og_type":"article","og_title":"Consecuencias de las obligaciones - Gu\u00eda del ingreso al egreso","og_description":"S\u00ed indicas que eres becario debes abonar la tasa de apertura de expediente y\/o seguro escolar. Mira la carta de pago pues en ella se te indicar\u00e1 la cantidad que debes abonar y el plazo para proceder al abono de la misma. Si te conceden la beca no tienes que pagar nada m\u00e1s, pero s\u00ed [&hellip;]","og_url":"https:\/\/www.ull.es\/portal\/guiadelingresoalegreso\/consecuencias-de-las-obligaciones\/","og_site_name":"Gu\u00eda del ingreso al egreso","article_modified_time":"2017-10-09T12:56:09+00:00","twitter_card":"summary_large_image","twitter_misc":{"Tiempo de lectura":"1 minuto"},"schema":{"@context":"https:\/\/schema.org","@graph":[{"@type":"WebPage","@id":"https:\/\/www.ull.es\/portal\/guiadelingresoalegreso\/consecuencias-de-las-obligaciones\/","url":"https:\/\/www.ull.es\/portal\/guiadelingresoalegreso\/consecuencias-de-las-obligaciones\/","name":"Consecuencias de las obligaciones - Gu\u00eda del ingreso al egreso","isPartOf":{"@id":"https:\/\/www.ull.es\/portal\/guiadelingresoalegreso\/#website"},"datePublished":"2016-09-02T10:14:35+00:00","dateModified":"2017-10-09T12:56:09+00:00","breadcrumb":{"@id":"https:\/\/www.ull.es\/portal\/guiadelingresoalegreso\/consecuencias-de-las-obligaciones\/#breadcrumb"},"inLanguage":"es","potentialAction":[{"@type":"ReadAction","target":["https:\/\/www.ull.es\/portal\/guiadelingresoalegreso\/consecuencias-de-las-obligaciones\/"]}]},{"@type":"BreadcrumbList","@id":"https:\/\/www.ull.es\/portal\/guiadelingresoalegreso\/consecuencias-de-las-obligaciones\/#breadcrumb","itemListElement":[{"@type":"ListItem","position":1,"name":"Portada","item":"https:\/\/www.ull.es\/portal\/guiadelingresoalegreso\/"},{"@type":"ListItem","position":2,"name":"Consecuencias de las obligaciones"}]},{"@type":"WebSite","@id":"https:\/\/www.ull.es\/portal\/guiadelingresoalegreso\/#website","url":"https:\/\/www.ull.es\/portal\/guiadelingresoalegreso\/","name":"Gu\u00eda del ingreso al egreso","description":"Otro sitio m\u00e1s de Sitios Web ULL","potentialAction":[{"@type":"SearchAction","target":{"@type":"EntryPoint","urlTemplate":"https:\/\/www.ull.es\/portal\/guiadelingresoalegreso\/?s={search_term_string}"},"query-input":"required name=search_term_string"}],"inLanguage":"es"}]}},"_links":{"self":[{"href":"https:\/\/www.ull.es\/portal\/guiadelingresoalegreso\/wp-json\/wp\/v2\/pages\/2434"}],"collection":[{"href":"https:\/\/www.ull.es\/portal\/guiadelingresoalegreso\/wp-json\/wp\/v2\/pages"}],"about":[{"href":"https:\/\/www.ull.es\/portal\/guiadelingresoalegreso\/wp-json\/wp\/v2\/types\/page"}],"author":[{"embeddable":true,"href":"https:\/\/www.ull.es\/portal\/guiadelingresoalegreso\/wp-json\/wp\/v2\/users\/1"}],"replies":[{"embeddable":true,"href":"https:\/\/www.ull.es\/portal\/guiadelingresoalegreso\/wp-json\/wp\/v2\/comments?post=2434"}],"version-history":[{"count":2,"href":"https:\/\/www.ull.es\/portal\/guiadelingresoalegreso\/wp-json\/wp\/v2\/pages\/2434\/revisions"}],"predecessor-version":[{"id":2692,"href":"https:\/\/www.ull.es\/portal\/guiadelingresoalegreso\/wp-json\/wp\/v2\/pages\/2434\/revisions\/2692"}],"wp:attachment":[{"href":"https:\/\/www.ull.es\/portal\/guiadelingresoalegreso\/wp-json\/wp\/v2\/media?parent=2434"}],"curies":[{"name":"wp","href":"https:\/\/api.w.org\/{rel}","templated":true}]}}