{"id":2474,"date":"2016-09-05T12:22:11","date_gmt":"2016-09-05T12:22:11","guid":{"rendered":"https:\/\/www.ull.es\/guiadelingresoalegreso\/?page_id=2474"},"modified":"2017-10-11T10:46:28","modified_gmt":"2017-10-11T10:46:28","slug":"cambio-de-turno","status":"publish","type":"page","link":"https:\/\/www.ull.es\/portal\/guiadelingresoalegreso\/cambio-de-turno\/","title":{"rendered":"Cambio de turno"},"content":{"rendered":"<p>Si los estudios a los que accedes te ofrecen la posibilidad de estudiar en diferentes turnos (ma\u00f1ana o tarde) y cuando has realizado la matr\u00edcula no has podido elegir el que realmente deseas, y ,adem\u00e1s, cumples alguno de los requisitos recogidos en\u00a0la\u00a0<a href=\"https:\/\/riull.ull.es\/xmlui\/bitstream\/handle\/915\/4904\/instruccion_cambio_turno.pdf\">instrucci\u00f3n que establece los criterios y los procedimientos que rigen el cambio de turno<\/a>, podr\u00e1s solicitarlo a trav\u00e9s del procedimiento habilitado a tal efecto en la sede electr\u00f3nica o en la secretaria de tu centro.<\/p>\n<p>Si el motivo de solicitar el cambio es porque no has conseguido en el momento de la matr\u00edcula el mismo turno para todas las asignaturas, inf\u00f3rmate en la secretaria de tu centro sobre las posibilidades de unificar el turno.<\/p>\n<p>Se establecer\u00e1 en la instrucci\u00f3n de matr\u00edcula de cada curso un plazo \u00fanico para solicitar los cambios de turnos. Las solicitudes presentadas fuera de plazo no ser\u00e1n tenidas en consideraci\u00f3n.<\/p>\n<p>Si, por el contrario, se te solapan horarios de clases entre asignaturas matriculadas en diferentes cursos, podr\u00e1s solicitar cambio de turno de las asignaturas de formaci\u00f3n b\u00e1sica del curso inferior en el que est\u00e9s matriculado (indica en la solicitud las asignaturas que se solapan y acompa\u00f1a una fotocopia de los horarios de asignaturas coincidentes, se\u00f1alando expl\u00edcitamente el solapamiento).<\/p>\n<p>La resoluci\u00f3n favorable de solicitud de cambio de turno estar\u00e1 condicionada por la existencia de cupo en el turno solicitado.<\/p>\n<p>La concesi\u00f3n del cambio de turno tendr\u00e1 validez \u00fanicamente para el curso acad\u00e9mico en el que se solicita.<\/p>\n<p>En la p\u00e1gina web de tu centro informan sobre el procedimiento y los requisitos para solicitar el cambio de turno, la documentaci\u00f3n justificativa que se exige, as\u00ed como de los plazos para presentar dicha solicitud.<\/p>\n","protected":false},"excerpt":{"rendered":"<p>Si los estudios a los que accedes te ofrecen la posibilidad de estudiar en diferentes turnos (ma\u00f1ana o tarde) y cuando has realizado la matr\u00edcula no has podido elegir el que realmente deseas, y ,adem\u00e1s, cumples alguno de los requisitos recogidos en\u00a0la\u00a0instrucci\u00f3n que establece los criterios y los procedimientos que rigen el cambio de turno, [&hellip;]<\/p>\n","protected":false},"author":1,"featured_media":0,"parent":0,"menu_order":0,"comment_status":"closed","ping_status":"closed","template":"home.php","meta":{"inline_featured_image":false,"footnotes":""},"acf":[],"yoast_head":"<!-- This site is optimized with the Yoast SEO plugin v21.3 - https:\/\/yoast.com\/wordpress\/plugins\/seo\/ -->\n<title>Cambio de turno - Gu\u00eda del ingreso al egreso<\/title>\n<meta name=\"robots\" content=\"index, follow, max-snippet:-1, max-image-preview:large, max-video-preview:-1\" \/>\n<link rel=\"canonical\" href=\"https:\/\/www.ull.es\/portal\/guiadelingresoalegreso\/cambio-de-turno\/\" \/>\n<meta property=\"og:locale\" content=\"es_ES\" \/>\n<meta property=\"og:type\" content=\"article\" \/>\n<meta property=\"og:title\" content=\"Cambio de turno - Gu\u00eda del ingreso al egreso\" \/>\n<meta property=\"og:description\" content=\"Si los estudios a los que accedes te ofrecen la posibilidad de estudiar en diferentes turnos (ma\u00f1ana o tarde) y cuando has realizado la matr\u00edcula no has podido elegir el que realmente deseas, y ,adem\u00e1s, cumples alguno de los requisitos recogidos en\u00a0la\u00a0instrucci\u00f3n que establece los criterios y los procedimientos que rigen el cambio de turno, [&hellip;]\" \/>\n<meta property=\"og:url\" content=\"https:\/\/www.ull.es\/portal\/guiadelingresoalegreso\/cambio-de-turno\/\" \/>\n<meta property=\"og:site_name\" content=\"Gu\u00eda del ingreso al egreso\" \/>\n<meta property=\"article:modified_time\" content=\"2017-10-11T10:46:28+00:00\" \/>\n<meta name=\"twitter:card\" content=\"summary_large_image\" \/>\n<meta name=\"twitter:label1\" content=\"Tiempo de lectura\" \/>\n\t<meta name=\"twitter:data1\" content=\"2 minutos\" \/>\n<script type=\"application\/ld+json\" class=\"yoast-schema-graph\">{\"@context\":\"https:\/\/schema.org\",\"@graph\":[{\"@type\":\"WebPage\",\"@id\":\"https:\/\/www.ull.es\/portal\/guiadelingresoalegreso\/cambio-de-turno\/\",\"url\":\"https:\/\/www.ull.es\/portal\/guiadelingresoalegreso\/cambio-de-turno\/\",\"name\":\"Cambio de turno - Gu\u00eda del ingreso al egreso\",\"isPartOf\":{\"@id\":\"https:\/\/www.ull.es\/portal\/guiadelingresoalegreso\/#website\"},\"datePublished\":\"2016-09-05T12:22:11+00:00\",\"dateModified\":\"2017-10-11T10:46:28+00:00\",\"breadcrumb\":{\"@id\":\"https:\/\/www.ull.es\/portal\/guiadelingresoalegreso\/cambio-de-turno\/#breadcrumb\"},\"inLanguage\":\"es\",\"potentialAction\":[{\"@type\":\"ReadAction\",\"target\":[\"https:\/\/www.ull.es\/portal\/guiadelingresoalegreso\/cambio-de-turno\/\"]}]},{\"@type\":\"BreadcrumbList\",\"@id\":\"https:\/\/www.ull.es\/portal\/guiadelingresoalegreso\/cambio-de-turno\/#breadcrumb\",\"itemListElement\":[{\"@type\":\"ListItem\",\"position\":1,\"name\":\"Portada\",\"item\":\"https:\/\/www.ull.es\/portal\/guiadelingresoalegreso\/\"},{\"@type\":\"ListItem\",\"position\":2,\"name\":\"Cambio de turno\"}]},{\"@type\":\"WebSite\",\"@id\":\"https:\/\/www.ull.es\/portal\/guiadelingresoalegreso\/#website\",\"url\":\"https:\/\/www.ull.es\/portal\/guiadelingresoalegreso\/\",\"name\":\"Gu\u00eda del ingreso al egreso\",\"description\":\"Otro sitio m\u00e1s de Sitios Web ULL\",\"potentialAction\":[{\"@type\":\"SearchAction\",\"target\":{\"@type\":\"EntryPoint\",\"urlTemplate\":\"https:\/\/www.ull.es\/portal\/guiadelingresoalegreso\/?s={search_term_string}\"},\"query-input\":\"required name=search_term_string\"}],\"inLanguage\":\"es\"}]}<\/script>\n<!-- \/ Yoast SEO plugin. -->","yoast_head_json":{"title":"Cambio de turno - Gu\u00eda del ingreso al egreso","robots":{"index":"index","follow":"follow","max-snippet":"max-snippet:-1","max-image-preview":"max-image-preview:large","max-video-preview":"max-video-preview:-1"},"canonical":"https:\/\/www.ull.es\/portal\/guiadelingresoalegreso\/cambio-de-turno\/","og_locale":"es_ES","og_type":"article","og_title":"Cambio de turno - Gu\u00eda del ingreso al egreso","og_description":"Si los estudios a los que accedes te ofrecen la posibilidad de estudiar en diferentes turnos (ma\u00f1ana o tarde) y cuando has realizado la matr\u00edcula no has podido elegir el que realmente deseas, y ,adem\u00e1s, cumples alguno de los requisitos recogidos en\u00a0la\u00a0instrucci\u00f3n que establece los criterios y los procedimientos que rigen el cambio de turno, [&hellip;]","og_url":"https:\/\/www.ull.es\/portal\/guiadelingresoalegreso\/cambio-de-turno\/","og_site_name":"Gu\u00eda del ingreso al egreso","article_modified_time":"2017-10-11T10:46:28+00:00","twitter_card":"summary_large_image","twitter_misc":{"Tiempo de lectura":"2 minutos"},"schema":{"@context":"https:\/\/schema.org","@graph":[{"@type":"WebPage","@id":"https:\/\/www.ull.es\/portal\/guiadelingresoalegreso\/cambio-de-turno\/","url":"https:\/\/www.ull.es\/portal\/guiadelingresoalegreso\/cambio-de-turno\/","name":"Cambio de turno - Gu\u00eda del ingreso al egreso","isPartOf":{"@id":"https:\/\/www.ull.es\/portal\/guiadelingresoalegreso\/#website"},"datePublished":"2016-09-05T12:22:11+00:00","dateModified":"2017-10-11T10:46:28+00:00","breadcrumb":{"@id":"https:\/\/www.ull.es\/portal\/guiadelingresoalegreso\/cambio-de-turno\/#breadcrumb"},"inLanguage":"es","potentialAction":[{"@type":"ReadAction","target":["https:\/\/www.ull.es\/portal\/guiadelingresoalegreso\/cambio-de-turno\/"]}]},{"@type":"BreadcrumbList","@id":"https:\/\/www.ull.es\/portal\/guiadelingresoalegreso\/cambio-de-turno\/#breadcrumb","itemListElement":[{"@type":"ListItem","position":1,"name":"Portada","item":"https:\/\/www.ull.es\/portal\/guiadelingresoalegreso\/"},{"@type":"ListItem","position":2,"name":"Cambio de turno"}]},{"@type":"WebSite","@id":"https:\/\/www.ull.es\/portal\/guiadelingresoalegreso\/#website","url":"https:\/\/www.ull.es\/portal\/guiadelingresoalegreso\/","name":"Gu\u00eda del ingreso al egreso","description":"Otro sitio m\u00e1s de Sitios Web ULL","potentialAction":[{"@type":"SearchAction","target":{"@type":"EntryPoint","urlTemplate":"https:\/\/www.ull.es\/portal\/guiadelingresoalegreso\/?s={search_term_string}"},"query-input":"required name=search_term_string"}],"inLanguage":"es"}]}},"_links":{"self":[{"href":"https:\/\/www.ull.es\/portal\/guiadelingresoalegreso\/wp-json\/wp\/v2\/pages\/2474"}],"collection":[{"href":"https:\/\/www.ull.es\/portal\/guiadelingresoalegreso\/wp-json\/wp\/v2\/pages"}],"about":[{"href":"https:\/\/www.ull.es\/portal\/guiadelingresoalegreso\/wp-json\/wp\/v2\/types\/page"}],"author":[{"embeddable":true,"href":"https:\/\/www.ull.es\/portal\/guiadelingresoalegreso\/wp-json\/wp\/v2\/users\/1"}],"replies":[{"embeddable":true,"href":"https:\/\/www.ull.es\/portal\/guiadelingresoalegreso\/wp-json\/wp\/v2\/comments?post=2474"}],"version-history":[{"count":3,"href":"https:\/\/www.ull.es\/portal\/guiadelingresoalegreso\/wp-json\/wp\/v2\/pages\/2474\/revisions"}],"predecessor-version":[{"id":2717,"href":"https:\/\/www.ull.es\/portal\/guiadelingresoalegreso\/wp-json\/wp\/v2\/pages\/2474\/revisions\/2717"}],"wp:attachment":[{"href":"https:\/\/www.ull.es\/portal\/guiadelingresoalegreso\/wp-json\/wp\/v2\/media?parent=2474"}],"curies":[{"name":"wp","href":"https:\/\/api.w.org\/{rel}","templated":true}]}}