{"id":2497,"date":"2016-09-06T09:51:08","date_gmt":"2016-09-06T09:51:08","guid":{"rendered":"https:\/\/www.ull.es\/guiadelingresoalegreso\/?page_id=2497"},"modified":"2016-09-06T09:51:08","modified_gmt":"2016-09-06T09:51:08","slug":"que-puedo-hacer-si-la-resolucion-es-denegatoria","status":"publish","type":"page","link":"https:\/\/www.ull.es\/portal\/guiadelingresoalegreso\/que-puedo-hacer-si-la-resolucion-es-denegatoria\/","title":{"rendered":"Qu\u00e9 puedo hacer si la resoluci\u00f3n es denegatoria"},"content":{"rendered":"<p>Si te han denegado la solicitud de matr\u00edcula de dedicaci\u00f3n a tiempo parcial podr\u00e1s optar por:<\/p>\n<ol>\n<li>Cursar los estudios en dedicaci\u00f3n a tiempo completo (por\u00a0lo que no tendr\u00e1s que\u00a0realizar ning\u00fan tr\u00e1mite)<\/li>\n<li>Anular tu matr\u00edcula en el plazo de 10 d\u00edas h\u00e1biles tras la fecha de la resoluci\u00f3n (tendr\u00e1s derecho a devoluci\u00f3n de los precios p\u00fablicos ingresados en concepto de matr\u00edcula).<\/li>\n<li>Solicitar plaza en otros estudios en los que exista disponibilidad de plazas a tiempo parcial en un plazo no superior a cinco d\u00edas h\u00e1biles desde la publicaci\u00f3n de la resoluci\u00f3n.<\/li>\n<li>Reclamar ante la Comisi\u00f3n de Permanencia de la ULL en un plazo de 10 d\u00edas h\u00e1biles a partir de la fecha de publicaci\u00f3n de la resoluci\u00f3n.<\/li>\n<\/ol>\n","protected":false},"excerpt":{"rendered":"<p>Si te han denegado la solicitud de matr\u00edcula de dedicaci\u00f3n a tiempo parcial podr\u00e1s optar por: Cursar los estudios en dedicaci\u00f3n a tiempo completo (por\u00a0lo que no tendr\u00e1s que\u00a0realizar ning\u00fan tr\u00e1mite) Anular tu matr\u00edcula en el plazo de 10 d\u00edas h\u00e1biles tras la fecha de la resoluci\u00f3n (tendr\u00e1s derecho a devoluci\u00f3n de los precios p\u00fablicos [&hellip;]<\/p>\n","protected":false},"author":1,"featured_media":0,"parent":0,"menu_order":0,"comment_status":"closed","ping_status":"closed","template":"home.php","meta":{"inline_featured_image":false,"footnotes":""},"acf":[],"yoast_head":"<!-- This site is optimized with the Yoast SEO plugin v21.3 - https:\/\/yoast.com\/wordpress\/plugins\/seo\/ -->\n<title>Qu\u00e9 puedo hacer si la resoluci\u00f3n es denegatoria - Gu\u00eda del ingreso al egreso<\/title>\n<meta name=\"robots\" content=\"index, follow, max-snippet:-1, max-image-preview:large, max-video-preview:-1\" \/>\n<link rel=\"canonical\" href=\"https:\/\/www.ull.es\/portal\/guiadelingresoalegreso\/que-puedo-hacer-si-la-resolucion-es-denegatoria\/\" \/>\n<meta property=\"og:locale\" content=\"es_ES\" \/>\n<meta property=\"og:type\" content=\"article\" \/>\n<meta property=\"og:title\" content=\"Qu\u00e9 puedo hacer si la resoluci\u00f3n es denegatoria - Gu\u00eda del ingreso al egreso\" \/>\n<meta property=\"og:description\" content=\"Si te han denegado la solicitud de matr\u00edcula de dedicaci\u00f3n a tiempo parcial podr\u00e1s optar por: Cursar los estudios en dedicaci\u00f3n a tiempo completo (por\u00a0lo que no tendr\u00e1s que\u00a0realizar ning\u00fan tr\u00e1mite) Anular tu matr\u00edcula en el plazo de 10 d\u00edas h\u00e1biles tras la fecha de la resoluci\u00f3n (tendr\u00e1s derecho a devoluci\u00f3n de los precios p\u00fablicos [&hellip;]\" \/>\n<meta property=\"og:url\" content=\"https:\/\/www.ull.es\/portal\/guiadelingresoalegreso\/que-puedo-hacer-si-la-resolucion-es-denegatoria\/\" \/>\n<meta property=\"og:site_name\" content=\"Gu\u00eda del ingreso al egreso\" \/>\n<meta name=\"twitter:card\" content=\"summary_large_image\" \/>\n<meta name=\"twitter:label1\" content=\"Tiempo de lectura\" \/>\n\t<meta name=\"twitter:data1\" content=\"1 minuto\" \/>\n<script type=\"application\/ld+json\" class=\"yoast-schema-graph\">{\"@context\":\"https:\/\/schema.org\",\"@graph\":[{\"@type\":\"WebPage\",\"@id\":\"https:\/\/www.ull.es\/portal\/guiadelingresoalegreso\/que-puedo-hacer-si-la-resolucion-es-denegatoria\/\",\"url\":\"https:\/\/www.ull.es\/portal\/guiadelingresoalegreso\/que-puedo-hacer-si-la-resolucion-es-denegatoria\/\",\"name\":\"Qu\u00e9 puedo hacer si la resoluci\u00f3n es denegatoria - Gu\u00eda del ingreso al egreso\",\"isPartOf\":{\"@id\":\"https:\/\/www.ull.es\/portal\/guiadelingresoalegreso\/#website\"},\"datePublished\":\"2016-09-06T09:51:08+00:00\",\"dateModified\":\"2016-09-06T09:51:08+00:00\",\"breadcrumb\":{\"@id\":\"https:\/\/www.ull.es\/portal\/guiadelingresoalegreso\/que-puedo-hacer-si-la-resolucion-es-denegatoria\/#breadcrumb\"},\"inLanguage\":\"es\",\"potentialAction\":[{\"@type\":\"ReadAction\",\"target\":[\"https:\/\/www.ull.es\/portal\/guiadelingresoalegreso\/que-puedo-hacer-si-la-resolucion-es-denegatoria\/\"]}]},{\"@type\":\"BreadcrumbList\",\"@id\":\"https:\/\/www.ull.es\/portal\/guiadelingresoalegreso\/que-puedo-hacer-si-la-resolucion-es-denegatoria\/#breadcrumb\",\"itemListElement\":[{\"@type\":\"ListItem\",\"position\":1,\"name\":\"Portada\",\"item\":\"https:\/\/www.ull.es\/portal\/guiadelingresoalegreso\/\"},{\"@type\":\"ListItem\",\"position\":2,\"name\":\"Qu\u00e9 puedo hacer si la resoluci\u00f3n es denegatoria\"}]},{\"@type\":\"WebSite\",\"@id\":\"https:\/\/www.ull.es\/portal\/guiadelingresoalegreso\/#website\",\"url\":\"https:\/\/www.ull.es\/portal\/guiadelingresoalegreso\/\",\"name\":\"Gu\u00eda del ingreso al egreso\",\"description\":\"Otro sitio m\u00e1s de Sitios Web ULL\",\"potentialAction\":[{\"@type\":\"SearchAction\",\"target\":{\"@type\":\"EntryPoint\",\"urlTemplate\":\"https:\/\/www.ull.es\/portal\/guiadelingresoalegreso\/?s={search_term_string}\"},\"query-input\":\"required name=search_term_string\"}],\"inLanguage\":\"es\"}]}<\/script>\n<!-- \/ Yoast SEO plugin. -->","yoast_head_json":{"title":"Qu\u00e9 puedo hacer si la resoluci\u00f3n es denegatoria - Gu\u00eda del ingreso al egreso","robots":{"index":"index","follow":"follow","max-snippet":"max-snippet:-1","max-image-preview":"max-image-preview:large","max-video-preview":"max-video-preview:-1"},"canonical":"https:\/\/www.ull.es\/portal\/guiadelingresoalegreso\/que-puedo-hacer-si-la-resolucion-es-denegatoria\/","og_locale":"es_ES","og_type":"article","og_title":"Qu\u00e9 puedo hacer si la resoluci\u00f3n es denegatoria - Gu\u00eda del ingreso al egreso","og_description":"Si te han denegado la solicitud de matr\u00edcula de dedicaci\u00f3n a tiempo parcial podr\u00e1s optar por: Cursar los estudios en dedicaci\u00f3n a tiempo completo (por\u00a0lo que no tendr\u00e1s que\u00a0realizar ning\u00fan tr\u00e1mite) Anular tu matr\u00edcula en el plazo de 10 d\u00edas h\u00e1biles tras la fecha de la resoluci\u00f3n (tendr\u00e1s derecho a devoluci\u00f3n de los precios p\u00fablicos [&hellip;]","og_url":"https:\/\/www.ull.es\/portal\/guiadelingresoalegreso\/que-puedo-hacer-si-la-resolucion-es-denegatoria\/","og_site_name":"Gu\u00eda del ingreso al egreso","twitter_card":"summary_large_image","twitter_misc":{"Tiempo de lectura":"1 minuto"},"schema":{"@context":"https:\/\/schema.org","@graph":[{"@type":"WebPage","@id":"https:\/\/www.ull.es\/portal\/guiadelingresoalegreso\/que-puedo-hacer-si-la-resolucion-es-denegatoria\/","url":"https:\/\/www.ull.es\/portal\/guiadelingresoalegreso\/que-puedo-hacer-si-la-resolucion-es-denegatoria\/","name":"Qu\u00e9 puedo hacer si la resoluci\u00f3n es denegatoria - Gu\u00eda del ingreso al egreso","isPartOf":{"@id":"https:\/\/www.ull.es\/portal\/guiadelingresoalegreso\/#website"},"datePublished":"2016-09-06T09:51:08+00:00","dateModified":"2016-09-06T09:51:08+00:00","breadcrumb":{"@id":"https:\/\/www.ull.es\/portal\/guiadelingresoalegreso\/que-puedo-hacer-si-la-resolucion-es-denegatoria\/#breadcrumb"},"inLanguage":"es","potentialAction":[{"@type":"ReadAction","target":["https:\/\/www.ull.es\/portal\/guiadelingresoalegreso\/que-puedo-hacer-si-la-resolucion-es-denegatoria\/"]}]},{"@type":"BreadcrumbList","@id":"https:\/\/www.ull.es\/portal\/guiadelingresoalegreso\/que-puedo-hacer-si-la-resolucion-es-denegatoria\/#breadcrumb","itemListElement":[{"@type":"ListItem","position":1,"name":"Portada","item":"https:\/\/www.ull.es\/portal\/guiadelingresoalegreso\/"},{"@type":"ListItem","position":2,"name":"Qu\u00e9 puedo hacer si la resoluci\u00f3n es denegatoria"}]},{"@type":"WebSite","@id":"https:\/\/www.ull.es\/portal\/guiadelingresoalegreso\/#website","url":"https:\/\/www.ull.es\/portal\/guiadelingresoalegreso\/","name":"Gu\u00eda del ingreso al egreso","description":"Otro sitio m\u00e1s de Sitios Web ULL","potentialAction":[{"@type":"SearchAction","target":{"@type":"EntryPoint","urlTemplate":"https:\/\/www.ull.es\/portal\/guiadelingresoalegreso\/?s={search_term_string}"},"query-input":"required name=search_term_string"}],"inLanguage":"es"}]}},"_links":{"self":[{"href":"https:\/\/www.ull.es\/portal\/guiadelingresoalegreso\/wp-json\/wp\/v2\/pages\/2497"}],"collection":[{"href":"https:\/\/www.ull.es\/portal\/guiadelingresoalegreso\/wp-json\/wp\/v2\/pages"}],"about":[{"href":"https:\/\/www.ull.es\/portal\/guiadelingresoalegreso\/wp-json\/wp\/v2\/types\/page"}],"author":[{"embeddable":true,"href":"https:\/\/www.ull.es\/portal\/guiadelingresoalegreso\/wp-json\/wp\/v2\/users\/1"}],"replies":[{"embeddable":true,"href":"https:\/\/www.ull.es\/portal\/guiadelingresoalegreso\/wp-json\/wp\/v2\/comments?post=2497"}],"version-history":[{"count":0,"href":"https:\/\/www.ull.es\/portal\/guiadelingresoalegreso\/wp-json\/wp\/v2\/pages\/2497\/revisions"}],"wp:attachment":[{"href":"https:\/\/www.ull.es\/portal\/guiadelingresoalegreso\/wp-json\/wp\/v2\/media?parent=2497"}],"curies":[{"name":"wp","href":"https:\/\/api.w.org\/{rel}","templated":true}]}}