{"id":2522,"date":"2016-09-08T09:38:51","date_gmt":"2016-09-08T09:38:51","guid":{"rendered":"https:\/\/www.ull.es\/guiadelingresoalegreso\/?page_id=2522"},"modified":"2017-10-10T10:38:26","modified_gmt":"2017-10-10T10:38:26","slug":"quiero-cambiar-de-estudios","status":"publish","type":"page","link":"https:\/\/www.ull.es\/portal\/guiadelingresoalegreso\/quiero-cambiar-de-estudios\/","title":{"rendered":"Quiero cambiar de estudios"},"content":{"rendered":"<p>Si deseas cambiar de estudios tendr\u00e1s que\u00a0solicitar plaza en los nuevos estudios que deseas cursar, ya sea por <strong>traslado de expediente<\/strong> o por <strong>preinscripci\u00f3n<\/strong>. Recordamos que tanto por una v\u00eda u otra las plazas son limitadas por lo que nuestra recomendaci\u00f3n es que utilices la dos si cumples los requisitos, ya que no son excluyentes.<\/p>\n<p>El plazo para presentar la solicitud se publicar\u00e1 en la <a href=\"https:\/\/www.ull.es\/admision-becas\/solicitud-plaza-grados\/normativa\/\">instrucci\u00f3n que regula el acceso cada curso<\/a>. Recomendamos consultar a primeros de junio nuestra web o contactar con el <a href=\"https:\/\/www.ull.es\/la-universidad\/servicios-universitarios\/servicio-de-informacion-y-orientacion-sio\/\" target=\"_blank\" rel=\"noopener\">Servicio de Informaci\u00f3n y Orientaci\u00f3n<\/a>.<\/p>\n<p>En el supuesto de que tengas pensado utilizar la v\u00eda de traslado de expediente recomendamos prepares la documentaci\u00f3n que se te exige con anterioridad (consulta el punto de \u201c<a href=\"https:\/\/www.ull.es\/portal\/guiadelingresoalegreso\/acceso-por-traslado-de-expediente\/\" target=\"_blank\" rel=\"noopener\">Acceso por traslado de expediente<\/a>\u201d que encontrar\u00e1s en Alumnado de nuevo ingreso).<\/p>\n","protected":false},"excerpt":{"rendered":"<p>Si deseas cambiar de estudios tendr\u00e1s que\u00a0solicitar plaza en los nuevos estudios que deseas cursar, ya sea por traslado de expediente o por preinscripci\u00f3n. Recordamos que tanto por una v\u00eda u otra las plazas son limitadas por lo que nuestra recomendaci\u00f3n es que utilices la dos si cumples los requisitos, ya que no son excluyentes. [&hellip;]<\/p>\n","protected":false},"author":1,"featured_media":0,"parent":0,"menu_order":0,"comment_status":"closed","ping_status":"closed","template":"home.php","meta":{"inline_featured_image":false,"footnotes":""},"acf":[],"yoast_head":"<!-- This site is optimized with the Yoast SEO plugin v21.3 - https:\/\/yoast.com\/wordpress\/plugins\/seo\/ -->\n<title>Quiero cambiar de estudios - Gu\u00eda del ingreso al egreso<\/title>\n<meta name=\"robots\" content=\"index, follow, max-snippet:-1, max-image-preview:large, max-video-preview:-1\" \/>\n<link rel=\"canonical\" href=\"https:\/\/www.ull.es\/portal\/guiadelingresoalegreso\/quiero-cambiar-de-estudios\/\" \/>\n<meta property=\"og:locale\" content=\"es_ES\" \/>\n<meta property=\"og:type\" content=\"article\" \/>\n<meta property=\"og:title\" content=\"Quiero cambiar de estudios - Gu\u00eda del ingreso al egreso\" \/>\n<meta property=\"og:description\" content=\"Si deseas cambiar de estudios tendr\u00e1s que\u00a0solicitar plaza en los nuevos estudios que deseas cursar, ya sea por traslado de expediente o por preinscripci\u00f3n. Recordamos que tanto por una v\u00eda u otra las plazas son limitadas por lo que nuestra recomendaci\u00f3n es que utilices la dos si cumples los requisitos, ya que no son excluyentes. [&hellip;]\" \/>\n<meta property=\"og:url\" content=\"https:\/\/www.ull.es\/portal\/guiadelingresoalegreso\/quiero-cambiar-de-estudios\/\" \/>\n<meta property=\"og:site_name\" content=\"Gu\u00eda del ingreso al egreso\" \/>\n<meta property=\"article:modified_time\" content=\"2017-10-10T10:38:26+00:00\" \/>\n<meta name=\"twitter:card\" content=\"summary_large_image\" \/>\n<meta name=\"twitter:label1\" content=\"Tiempo de lectura\" \/>\n\t<meta name=\"twitter:data1\" content=\"1 minuto\" \/>\n<script type=\"application\/ld+json\" class=\"yoast-schema-graph\">{\"@context\":\"https:\/\/schema.org\",\"@graph\":[{\"@type\":\"WebPage\",\"@id\":\"https:\/\/www.ull.es\/portal\/guiadelingresoalegreso\/quiero-cambiar-de-estudios\/\",\"url\":\"https:\/\/www.ull.es\/portal\/guiadelingresoalegreso\/quiero-cambiar-de-estudios\/\",\"name\":\"Quiero cambiar de estudios - Gu\u00eda del ingreso al egreso\",\"isPartOf\":{\"@id\":\"https:\/\/www.ull.es\/portal\/guiadelingresoalegreso\/#website\"},\"datePublished\":\"2016-09-08T09:38:51+00:00\",\"dateModified\":\"2017-10-10T10:38:26+00:00\",\"breadcrumb\":{\"@id\":\"https:\/\/www.ull.es\/portal\/guiadelingresoalegreso\/quiero-cambiar-de-estudios\/#breadcrumb\"},\"inLanguage\":\"es\",\"potentialAction\":[{\"@type\":\"ReadAction\",\"target\":[\"https:\/\/www.ull.es\/portal\/guiadelingresoalegreso\/quiero-cambiar-de-estudios\/\"]}]},{\"@type\":\"BreadcrumbList\",\"@id\":\"https:\/\/www.ull.es\/portal\/guiadelingresoalegreso\/quiero-cambiar-de-estudios\/#breadcrumb\",\"itemListElement\":[{\"@type\":\"ListItem\",\"position\":1,\"name\":\"Portada\",\"item\":\"https:\/\/www.ull.es\/portal\/guiadelingresoalegreso\/\"},{\"@type\":\"ListItem\",\"position\":2,\"name\":\"Quiero cambiar de estudios\"}]},{\"@type\":\"WebSite\",\"@id\":\"https:\/\/www.ull.es\/portal\/guiadelingresoalegreso\/#website\",\"url\":\"https:\/\/www.ull.es\/portal\/guiadelingresoalegreso\/\",\"name\":\"Gu\u00eda del ingreso al egreso\",\"description\":\"Otro sitio m\u00e1s de Sitios Web ULL\",\"potentialAction\":[{\"@type\":\"SearchAction\",\"target\":{\"@type\":\"EntryPoint\",\"urlTemplate\":\"https:\/\/www.ull.es\/portal\/guiadelingresoalegreso\/?s={search_term_string}\"},\"query-input\":\"required name=search_term_string\"}],\"inLanguage\":\"es\"}]}<\/script>\n<!-- \/ Yoast SEO plugin. -->","yoast_head_json":{"title":"Quiero cambiar de estudios - Gu\u00eda del ingreso al egreso","robots":{"index":"index","follow":"follow","max-snippet":"max-snippet:-1","max-image-preview":"max-image-preview:large","max-video-preview":"max-video-preview:-1"},"canonical":"https:\/\/www.ull.es\/portal\/guiadelingresoalegreso\/quiero-cambiar-de-estudios\/","og_locale":"es_ES","og_type":"article","og_title":"Quiero cambiar de estudios - Gu\u00eda del ingreso al egreso","og_description":"Si deseas cambiar de estudios tendr\u00e1s que\u00a0solicitar plaza en los nuevos estudios que deseas cursar, ya sea por traslado de expediente o por preinscripci\u00f3n. Recordamos que tanto por una v\u00eda u otra las plazas son limitadas por lo que nuestra recomendaci\u00f3n es que utilices la dos si cumples los requisitos, ya que no son excluyentes. [&hellip;]","og_url":"https:\/\/www.ull.es\/portal\/guiadelingresoalegreso\/quiero-cambiar-de-estudios\/","og_site_name":"Gu\u00eda del ingreso al egreso","article_modified_time":"2017-10-10T10:38:26+00:00","twitter_card":"summary_large_image","twitter_misc":{"Tiempo de lectura":"1 minuto"},"schema":{"@context":"https:\/\/schema.org","@graph":[{"@type":"WebPage","@id":"https:\/\/www.ull.es\/portal\/guiadelingresoalegreso\/quiero-cambiar-de-estudios\/","url":"https:\/\/www.ull.es\/portal\/guiadelingresoalegreso\/quiero-cambiar-de-estudios\/","name":"Quiero cambiar de estudios - Gu\u00eda del ingreso al egreso","isPartOf":{"@id":"https:\/\/www.ull.es\/portal\/guiadelingresoalegreso\/#website"},"datePublished":"2016-09-08T09:38:51+00:00","dateModified":"2017-10-10T10:38:26+00:00","breadcrumb":{"@id":"https:\/\/www.ull.es\/portal\/guiadelingresoalegreso\/quiero-cambiar-de-estudios\/#breadcrumb"},"inLanguage":"es","potentialAction":[{"@type":"ReadAction","target":["https:\/\/www.ull.es\/portal\/guiadelingresoalegreso\/quiero-cambiar-de-estudios\/"]}]},{"@type":"BreadcrumbList","@id":"https:\/\/www.ull.es\/portal\/guiadelingresoalegreso\/quiero-cambiar-de-estudios\/#breadcrumb","itemListElement":[{"@type":"ListItem","position":1,"name":"Portada","item":"https:\/\/www.ull.es\/portal\/guiadelingresoalegreso\/"},{"@type":"ListItem","position":2,"name":"Quiero cambiar de estudios"}]},{"@type":"WebSite","@id":"https:\/\/www.ull.es\/portal\/guiadelingresoalegreso\/#website","url":"https:\/\/www.ull.es\/portal\/guiadelingresoalegreso\/","name":"Gu\u00eda del ingreso al egreso","description":"Otro sitio m\u00e1s de Sitios Web ULL","potentialAction":[{"@type":"SearchAction","target":{"@type":"EntryPoint","urlTemplate":"https:\/\/www.ull.es\/portal\/guiadelingresoalegreso\/?s={search_term_string}"},"query-input":"required name=search_term_string"}],"inLanguage":"es"}]}},"_links":{"self":[{"href":"https:\/\/www.ull.es\/portal\/guiadelingresoalegreso\/wp-json\/wp\/v2\/pages\/2522"}],"collection":[{"href":"https:\/\/www.ull.es\/portal\/guiadelingresoalegreso\/wp-json\/wp\/v2\/pages"}],"about":[{"href":"https:\/\/www.ull.es\/portal\/guiadelingresoalegreso\/wp-json\/wp\/v2\/types\/page"}],"author":[{"embeddable":true,"href":"https:\/\/www.ull.es\/portal\/guiadelingresoalegreso\/wp-json\/wp\/v2\/users\/1"}],"replies":[{"embeddable":true,"href":"https:\/\/www.ull.es\/portal\/guiadelingresoalegreso\/wp-json\/wp\/v2\/comments?post=2522"}],"version-history":[{"count":2,"href":"https:\/\/www.ull.es\/portal\/guiadelingresoalegreso\/wp-json\/wp\/v2\/pages\/2522\/revisions"}],"predecessor-version":[{"id":2708,"href":"https:\/\/www.ull.es\/portal\/guiadelingresoalegreso\/wp-json\/wp\/v2\/pages\/2522\/revisions\/2708"}],"wp:attachment":[{"href":"https:\/\/www.ull.es\/portal\/guiadelingresoalegreso\/wp-json\/wp\/v2\/media?parent=2522"}],"curies":[{"name":"wp","href":"https:\/\/api.w.org\/{rel}","templated":true}]}}