{"id":2527,"date":"2016-09-08T09:52:27","date_gmt":"2016-09-08T09:52:27","guid":{"rendered":"https:\/\/www.ull.es\/guiadelingresoalegreso\/?page_id=2527"},"modified":"2017-10-10T10:39:48","modified_gmt":"2017-10-10T10:39:48","slug":"estrategias-para-configurar-la-matricula-atendiendo-a-tu-situacion-personal","status":"publish","type":"page","link":"https:\/\/www.ull.es\/portal\/guiadelingresoalegreso\/estrategias-para-configurar-la-matricula-atendiendo-a-tu-situacion-personal\/","title":{"rendered":"Estrategias para configurar la matr\u00edcula atendiendo a tu situaci\u00f3n personal"},"content":{"rendered":"<p>Una manera\u00a0de intuir lo qu\u00e9 podremos hacer en el pr\u00f3ximo curso es reflexionar sobre lo que hemos conseguido durante este. Por ello animamos a que configures la matr\u00edcula del pr\u00f3ximo curso partiendo siempre de lo que has trabajo durante este curso y lo que realmente has conseguido superar en el mismo. Seamos objetivos y pensemos, que dado que las segundas y posteriores matriculas se ven incrementadas en el precio, no debemos arriesgarnos a tener que volver a matricularnos de la misma asignaturas m\u00e1s veces. Por ello, recomendamos que si te encuentras en la situaci\u00f3n de que no has sido capaz durante este curso de superar todas las asignaturas de las que te has matriculado no te matricules en el siguiente m\u00e1s all\u00e1 de las superadas o de las m\u00ednimas exigidas si no llegaras.<\/p>\n<p>Si te has matriculado de 60 cr\u00e9ditos y no has podido superarlos aconsejamos no te matricules\u00a0de m\u00e1s de 60. Recuerda que siempre debes matricular las asignaturas b\u00e1sicas que no has superado del curso inferior\u00a0y que las tasas a pagar se incrementan. Si est\u00e1s en esta situaci\u00f3n recomendamos que hagas un an\u00e1lisis a largo plazo el grado y determines en cu\u00e1ntos a\u00f1os podr\u00edas culminarlo y te plantees \u00bfpor qu\u00e9 no distribuir toda la carga en el tiempo que me queda? Con ello conseguir\u00e1s aligerar la presi\u00f3n en el resto de cursos.<\/p>\n<p>No olvides que este an\u00e1lisis debe hacerse tambi\u00e9n teniendo en cuenta las opciones de becas y las posibilidades de continuar estudios si tienes\u00a0o no ayudas. Adem\u00e1s, si se pide beca completa hay que cumplir unos requisitos que se alivian si por el contrario se pide parcial.<\/p>\n<p>Si precisas de ayuda y orientaci\u00f3n puedes contactar con la Asesor\u00eda Educativa cumplimentando <a href=\"https:\/\/docs.google.com\/forms\/d\/e\/1FAIpQLSeL1H5hqLHYvj2xogek-1BYa9I5sfsmGcBTJ922PFLBvNA9Fw\/viewform?c=0&amp;w=1\" target=\"_blank\" rel=\"noopener\">esta ficha.<\/a><\/p>\n","protected":false},"excerpt":{"rendered":"<p>Una manera\u00a0de intuir lo qu\u00e9 podremos hacer en el pr\u00f3ximo curso es reflexionar sobre lo que hemos conseguido durante este. Por ello animamos a que configures la matr\u00edcula del pr\u00f3ximo curso partiendo siempre de lo que has trabajo durante este curso y lo que realmente has conseguido superar en el mismo. Seamos objetivos y pensemos, [&hellip;]<\/p>\n","protected":false},"author":1,"featured_media":0,"parent":0,"menu_order":0,"comment_status":"closed","ping_status":"closed","template":"home.php","meta":{"inline_featured_image":false,"footnotes":""},"acf":[],"yoast_head":"<!-- This site is optimized with the Yoast SEO plugin v21.3 - https:\/\/yoast.com\/wordpress\/plugins\/seo\/ -->\n<title>Estrategias para configurar la matr\u00edcula atendiendo a tu situaci\u00f3n personal - Gu\u00eda del ingreso al egreso<\/title>\n<meta name=\"robots\" content=\"index, follow, max-snippet:-1, max-image-preview:large, max-video-preview:-1\" \/>\n<link rel=\"canonical\" href=\"https:\/\/www.ull.es\/portal\/guiadelingresoalegreso\/estrategias-para-configurar-la-matricula-atendiendo-a-tu-situacion-personal\/\" \/>\n<meta property=\"og:locale\" content=\"es_ES\" \/>\n<meta property=\"og:type\" content=\"article\" \/>\n<meta property=\"og:title\" content=\"Estrategias para configurar la matr\u00edcula atendiendo a tu situaci\u00f3n personal - Gu\u00eda del ingreso al egreso\" \/>\n<meta property=\"og:description\" content=\"Una manera\u00a0de intuir lo qu\u00e9 podremos hacer en el pr\u00f3ximo curso es reflexionar sobre lo que hemos conseguido durante este. Por ello animamos a que configures la matr\u00edcula del pr\u00f3ximo curso partiendo siempre de lo que has trabajo durante este curso y lo que realmente has conseguido superar en el mismo. Seamos objetivos y pensemos, [&hellip;]\" \/>\n<meta property=\"og:url\" content=\"https:\/\/www.ull.es\/portal\/guiadelingresoalegreso\/estrategias-para-configurar-la-matricula-atendiendo-a-tu-situacion-personal\/\" \/>\n<meta property=\"og:site_name\" content=\"Gu\u00eda del ingreso al egreso\" \/>\n<meta property=\"article:modified_time\" content=\"2017-10-10T10:39:48+00:00\" \/>\n<meta name=\"twitter:card\" content=\"summary_large_image\" \/>\n<meta name=\"twitter:label1\" content=\"Tiempo de lectura\" \/>\n\t<meta name=\"twitter:data1\" content=\"2 minutos\" \/>\n<script type=\"application\/ld+json\" class=\"yoast-schema-graph\">{\"@context\":\"https:\/\/schema.org\",\"@graph\":[{\"@type\":\"WebPage\",\"@id\":\"https:\/\/www.ull.es\/portal\/guiadelingresoalegreso\/estrategias-para-configurar-la-matricula-atendiendo-a-tu-situacion-personal\/\",\"url\":\"https:\/\/www.ull.es\/portal\/guiadelingresoalegreso\/estrategias-para-configurar-la-matricula-atendiendo-a-tu-situacion-personal\/\",\"name\":\"Estrategias para configurar la matr\u00edcula atendiendo a tu situaci\u00f3n personal - Gu\u00eda del ingreso al egreso\",\"isPartOf\":{\"@id\":\"https:\/\/www.ull.es\/portal\/guiadelingresoalegreso\/#website\"},\"datePublished\":\"2016-09-08T09:52:27+00:00\",\"dateModified\":\"2017-10-10T10:39:48+00:00\",\"breadcrumb\":{\"@id\":\"https:\/\/www.ull.es\/portal\/guiadelingresoalegreso\/estrategias-para-configurar-la-matricula-atendiendo-a-tu-situacion-personal\/#breadcrumb\"},\"inLanguage\":\"es\",\"potentialAction\":[{\"@type\":\"ReadAction\",\"target\":[\"https:\/\/www.ull.es\/portal\/guiadelingresoalegreso\/estrategias-para-configurar-la-matricula-atendiendo-a-tu-situacion-personal\/\"]}]},{\"@type\":\"BreadcrumbList\",\"@id\":\"https:\/\/www.ull.es\/portal\/guiadelingresoalegreso\/estrategias-para-configurar-la-matricula-atendiendo-a-tu-situacion-personal\/#breadcrumb\",\"itemListElement\":[{\"@type\":\"ListItem\",\"position\":1,\"name\":\"Portada\",\"item\":\"https:\/\/www.ull.es\/portal\/guiadelingresoalegreso\/\"},{\"@type\":\"ListItem\",\"position\":2,\"name\":\"Estrategias para configurar la matr\u00edcula atendiendo a tu situaci\u00f3n personal\"}]},{\"@type\":\"WebSite\",\"@id\":\"https:\/\/www.ull.es\/portal\/guiadelingresoalegreso\/#website\",\"url\":\"https:\/\/www.ull.es\/portal\/guiadelingresoalegreso\/\",\"name\":\"Gu\u00eda del ingreso al egreso\",\"description\":\"Otro sitio m\u00e1s de Sitios Web ULL\",\"potentialAction\":[{\"@type\":\"SearchAction\",\"target\":{\"@type\":\"EntryPoint\",\"urlTemplate\":\"https:\/\/www.ull.es\/portal\/guiadelingresoalegreso\/?s={search_term_string}\"},\"query-input\":\"required name=search_term_string\"}],\"inLanguage\":\"es\"}]}<\/script>\n<!-- \/ Yoast SEO plugin. -->","yoast_head_json":{"title":"Estrategias para configurar la matr\u00edcula atendiendo a tu situaci\u00f3n personal - Gu\u00eda del ingreso al egreso","robots":{"index":"index","follow":"follow","max-snippet":"max-snippet:-1","max-image-preview":"max-image-preview:large","max-video-preview":"max-video-preview:-1"},"canonical":"https:\/\/www.ull.es\/portal\/guiadelingresoalegreso\/estrategias-para-configurar-la-matricula-atendiendo-a-tu-situacion-personal\/","og_locale":"es_ES","og_type":"article","og_title":"Estrategias para configurar la matr\u00edcula atendiendo a tu situaci\u00f3n personal - Gu\u00eda del ingreso al egreso","og_description":"Una manera\u00a0de intuir lo qu\u00e9 podremos hacer en el pr\u00f3ximo curso es reflexionar sobre lo que hemos conseguido durante este. Por ello animamos a que configures la matr\u00edcula del pr\u00f3ximo curso partiendo siempre de lo que has trabajo durante este curso y lo que realmente has conseguido superar en el mismo. Seamos objetivos y pensemos, [&hellip;]","og_url":"https:\/\/www.ull.es\/portal\/guiadelingresoalegreso\/estrategias-para-configurar-la-matricula-atendiendo-a-tu-situacion-personal\/","og_site_name":"Gu\u00eda del ingreso al egreso","article_modified_time":"2017-10-10T10:39:48+00:00","twitter_card":"summary_large_image","twitter_misc":{"Tiempo de lectura":"2 minutos"},"schema":{"@context":"https:\/\/schema.org","@graph":[{"@type":"WebPage","@id":"https:\/\/www.ull.es\/portal\/guiadelingresoalegreso\/estrategias-para-configurar-la-matricula-atendiendo-a-tu-situacion-personal\/","url":"https:\/\/www.ull.es\/portal\/guiadelingresoalegreso\/estrategias-para-configurar-la-matricula-atendiendo-a-tu-situacion-personal\/","name":"Estrategias para configurar la matr\u00edcula atendiendo a tu situaci\u00f3n personal - Gu\u00eda del ingreso al egreso","isPartOf":{"@id":"https:\/\/www.ull.es\/portal\/guiadelingresoalegreso\/#website"},"datePublished":"2016-09-08T09:52:27+00:00","dateModified":"2017-10-10T10:39:48+00:00","breadcrumb":{"@id":"https:\/\/www.ull.es\/portal\/guiadelingresoalegreso\/estrategias-para-configurar-la-matricula-atendiendo-a-tu-situacion-personal\/#breadcrumb"},"inLanguage":"es","potentialAction":[{"@type":"ReadAction","target":["https:\/\/www.ull.es\/portal\/guiadelingresoalegreso\/estrategias-para-configurar-la-matricula-atendiendo-a-tu-situacion-personal\/"]}]},{"@type":"BreadcrumbList","@id":"https:\/\/www.ull.es\/portal\/guiadelingresoalegreso\/estrategias-para-configurar-la-matricula-atendiendo-a-tu-situacion-personal\/#breadcrumb","itemListElement":[{"@type":"ListItem","position":1,"name":"Portada","item":"https:\/\/www.ull.es\/portal\/guiadelingresoalegreso\/"},{"@type":"ListItem","position":2,"name":"Estrategias para configurar la matr\u00edcula atendiendo a tu situaci\u00f3n personal"}]},{"@type":"WebSite","@id":"https:\/\/www.ull.es\/portal\/guiadelingresoalegreso\/#website","url":"https:\/\/www.ull.es\/portal\/guiadelingresoalegreso\/","name":"Gu\u00eda del ingreso al egreso","description":"Otro sitio m\u00e1s de Sitios Web ULL","potentialAction":[{"@type":"SearchAction","target":{"@type":"EntryPoint","urlTemplate":"https:\/\/www.ull.es\/portal\/guiadelingresoalegreso\/?s={search_term_string}"},"query-input":"required name=search_term_string"}],"inLanguage":"es"}]}},"_links":{"self":[{"href":"https:\/\/www.ull.es\/portal\/guiadelingresoalegreso\/wp-json\/wp\/v2\/pages\/2527"}],"collection":[{"href":"https:\/\/www.ull.es\/portal\/guiadelingresoalegreso\/wp-json\/wp\/v2\/pages"}],"about":[{"href":"https:\/\/www.ull.es\/portal\/guiadelingresoalegreso\/wp-json\/wp\/v2\/types\/page"}],"author":[{"embeddable":true,"href":"https:\/\/www.ull.es\/portal\/guiadelingresoalegreso\/wp-json\/wp\/v2\/users\/1"}],"replies":[{"embeddable":true,"href":"https:\/\/www.ull.es\/portal\/guiadelingresoalegreso\/wp-json\/wp\/v2\/comments?post=2527"}],"version-history":[{"count":2,"href":"https:\/\/www.ull.es\/portal\/guiadelingresoalegreso\/wp-json\/wp\/v2\/pages\/2527\/revisions"}],"predecessor-version":[{"id":2711,"href":"https:\/\/www.ull.es\/portal\/guiadelingresoalegreso\/wp-json\/wp\/v2\/pages\/2527\/revisions\/2711"}],"wp:attachment":[{"href":"https:\/\/www.ull.es\/portal\/guiadelingresoalegreso\/wp-json\/wp\/v2\/media?parent=2527"}],"curies":[{"name":"wp","href":"https:\/\/api.w.org\/{rel}","templated":true}]}}