{"id":2576,"date":"2016-10-04T11:11:41","date_gmt":"2016-10-04T11:11:41","guid":{"rendered":"https:\/\/www.ull.es\/guiadelingresoalegreso\/?page_id=2576"},"modified":"2017-10-10T08:24:02","modified_gmt":"2017-10-10T08:24:02","slug":"anulacion-parcial-algunas-asignaturas-o-total-de-matricula","status":"publish","type":"page","link":"https:\/\/www.ull.es\/portal\/guiadelingresoalegreso\/anulacion-parcial-algunas-asignaturas-o-total-de-matricula\/","title":{"rendered":"Anulaci\u00f3n parcial (algunas asignaturas) o total de matr\u00edcula"},"content":{"rendered":"<p><a href=\"https:\/\/www.ull.es\/portal\/guiadelingresoalegreso\/aspectos-a-tener-en-cuenta-si-anulas-matricula\/\">Aspectos a tener en cuenta si\u00a0anulas matr\u00edcula<\/a><\/p>\n<p><a href=\"https:\/\/www.ull.es\/portal\/guiadelingresoalegreso\/plazos-para-anulacion-o-total-o-parcial-de-matricula\/\">Plazos para anulaci\u00f3n total o parcial de matr\u00edcula (algunas asignaturas)<\/a><\/p>\n<p><a href=\"https:\/\/www.ull.es\/portal\/guiadelingresoalegreso\/que-asignaturas-puedo-anular\/\">Qu\u00e9 asignaturas puedo anular<\/a><\/p>\n","protected":false},"excerpt":{"rendered":"<p>Aspectos a tener en cuenta si\u00a0anulas matr\u00edcula Plazos para anulaci\u00f3n total o parcial de matr\u00edcula (algunas asignaturas) Qu\u00e9 asignaturas puedo anular<\/p>\n","protected":false},"author":1,"featured_media":0,"parent":0,"menu_order":0,"comment_status":"closed","ping_status":"closed","template":"home.php","meta":{"inline_featured_image":false,"footnotes":""},"acf":[],"yoast_head":"<!-- This site is optimized with the Yoast SEO plugin v21.3 - https:\/\/yoast.com\/wordpress\/plugins\/seo\/ -->\n<title>Anulaci\u00f3n parcial (algunas asignaturas) o total de matr\u00edcula - Gu\u00eda del ingreso al egreso<\/title>\n<meta name=\"robots\" content=\"index, follow, max-snippet:-1, max-image-preview:large, max-video-preview:-1\" \/>\n<link rel=\"canonical\" href=\"https:\/\/www.ull.es\/portal\/guiadelingresoalegreso\/anulacion-parcial-algunas-asignaturas-o-total-de-matricula\/\" \/>\n<meta property=\"og:locale\" content=\"es_ES\" \/>\n<meta property=\"og:type\" content=\"article\" \/>\n<meta property=\"og:title\" content=\"Anulaci\u00f3n parcial (algunas asignaturas) o total de matr\u00edcula - Gu\u00eda del ingreso al egreso\" \/>\n<meta property=\"og:description\" content=\"Aspectos a tener en cuenta si\u00a0anulas matr\u00edcula Plazos para anulaci\u00f3n total o parcial de matr\u00edcula (algunas asignaturas) Qu\u00e9 asignaturas puedo anular\" \/>\n<meta property=\"og:url\" content=\"https:\/\/www.ull.es\/portal\/guiadelingresoalegreso\/anulacion-parcial-algunas-asignaturas-o-total-de-matricula\/\" \/>\n<meta property=\"og:site_name\" content=\"Gu\u00eda del ingreso al egreso\" \/>\n<meta property=\"article:modified_time\" content=\"2017-10-10T08:24:02+00:00\" \/>\n<meta name=\"twitter:card\" content=\"summary_large_image\" \/>\n<script type=\"application\/ld+json\" class=\"yoast-schema-graph\">{\"@context\":\"https:\/\/schema.org\",\"@graph\":[{\"@type\":\"WebPage\",\"@id\":\"https:\/\/www.ull.es\/portal\/guiadelingresoalegreso\/anulacion-parcial-algunas-asignaturas-o-total-de-matricula\/\",\"url\":\"https:\/\/www.ull.es\/portal\/guiadelingresoalegreso\/anulacion-parcial-algunas-asignaturas-o-total-de-matricula\/\",\"name\":\"Anulaci\u00f3n parcial (algunas asignaturas) o total de matr\u00edcula - Gu\u00eda del ingreso al egreso\",\"isPartOf\":{\"@id\":\"https:\/\/www.ull.es\/portal\/guiadelingresoalegreso\/#website\"},\"datePublished\":\"2016-10-04T11:11:41+00:00\",\"dateModified\":\"2017-10-10T08:24:02+00:00\",\"breadcrumb\":{\"@id\":\"https:\/\/www.ull.es\/portal\/guiadelingresoalegreso\/anulacion-parcial-algunas-asignaturas-o-total-de-matricula\/#breadcrumb\"},\"inLanguage\":\"es\",\"potentialAction\":[{\"@type\":\"ReadAction\",\"target\":[\"https:\/\/www.ull.es\/portal\/guiadelingresoalegreso\/anulacion-parcial-algunas-asignaturas-o-total-de-matricula\/\"]}]},{\"@type\":\"BreadcrumbList\",\"@id\":\"https:\/\/www.ull.es\/portal\/guiadelingresoalegreso\/anulacion-parcial-algunas-asignaturas-o-total-de-matricula\/#breadcrumb\",\"itemListElement\":[{\"@type\":\"ListItem\",\"position\":1,\"name\":\"Portada\",\"item\":\"https:\/\/www.ull.es\/portal\/guiadelingresoalegreso\/\"},{\"@type\":\"ListItem\",\"position\":2,\"name\":\"Anulaci\u00f3n parcial (algunas asignaturas) o total de matr\u00edcula\"}]},{\"@type\":\"WebSite\",\"@id\":\"https:\/\/www.ull.es\/portal\/guiadelingresoalegreso\/#website\",\"url\":\"https:\/\/www.ull.es\/portal\/guiadelingresoalegreso\/\",\"name\":\"Gu\u00eda del ingreso al egreso\",\"description\":\"Otro sitio m\u00e1s de Sitios Web ULL\",\"potentialAction\":[{\"@type\":\"SearchAction\",\"target\":{\"@type\":\"EntryPoint\",\"urlTemplate\":\"https:\/\/www.ull.es\/portal\/guiadelingresoalegreso\/?s={search_term_string}\"},\"query-input\":\"required name=search_term_string\"}],\"inLanguage\":\"es\"}]}<\/script>\n<!-- \/ Yoast SEO plugin. -->","yoast_head_json":{"title":"Anulaci\u00f3n parcial (algunas asignaturas) o total de matr\u00edcula - Gu\u00eda del ingreso al egreso","robots":{"index":"index","follow":"follow","max-snippet":"max-snippet:-1","max-image-preview":"max-image-preview:large","max-video-preview":"max-video-preview:-1"},"canonical":"https:\/\/www.ull.es\/portal\/guiadelingresoalegreso\/anulacion-parcial-algunas-asignaturas-o-total-de-matricula\/","og_locale":"es_ES","og_type":"article","og_title":"Anulaci\u00f3n parcial (algunas asignaturas) o total de matr\u00edcula - Gu\u00eda del ingreso al egreso","og_description":"Aspectos a tener en cuenta si\u00a0anulas matr\u00edcula Plazos para anulaci\u00f3n total o parcial de matr\u00edcula (algunas asignaturas) Qu\u00e9 asignaturas puedo anular","og_url":"https:\/\/www.ull.es\/portal\/guiadelingresoalegreso\/anulacion-parcial-algunas-asignaturas-o-total-de-matricula\/","og_site_name":"Gu\u00eda del ingreso al egreso","article_modified_time":"2017-10-10T08:24:02+00:00","twitter_card":"summary_large_image","schema":{"@context":"https:\/\/schema.org","@graph":[{"@type":"WebPage","@id":"https:\/\/www.ull.es\/portal\/guiadelingresoalegreso\/anulacion-parcial-algunas-asignaturas-o-total-de-matricula\/","url":"https:\/\/www.ull.es\/portal\/guiadelingresoalegreso\/anulacion-parcial-algunas-asignaturas-o-total-de-matricula\/","name":"Anulaci\u00f3n parcial (algunas asignaturas) o total de matr\u00edcula - Gu\u00eda del ingreso al egreso","isPartOf":{"@id":"https:\/\/www.ull.es\/portal\/guiadelingresoalegreso\/#website"},"datePublished":"2016-10-04T11:11:41+00:00","dateModified":"2017-10-10T08:24:02+00:00","breadcrumb":{"@id":"https:\/\/www.ull.es\/portal\/guiadelingresoalegreso\/anulacion-parcial-algunas-asignaturas-o-total-de-matricula\/#breadcrumb"},"inLanguage":"es","potentialAction":[{"@type":"ReadAction","target":["https:\/\/www.ull.es\/portal\/guiadelingresoalegreso\/anulacion-parcial-algunas-asignaturas-o-total-de-matricula\/"]}]},{"@type":"BreadcrumbList","@id":"https:\/\/www.ull.es\/portal\/guiadelingresoalegreso\/anulacion-parcial-algunas-asignaturas-o-total-de-matricula\/#breadcrumb","itemListElement":[{"@type":"ListItem","position":1,"name":"Portada","item":"https:\/\/www.ull.es\/portal\/guiadelingresoalegreso\/"},{"@type":"ListItem","position":2,"name":"Anulaci\u00f3n parcial (algunas asignaturas) o total de matr\u00edcula"}]},{"@type":"WebSite","@id":"https:\/\/www.ull.es\/portal\/guiadelingresoalegreso\/#website","url":"https:\/\/www.ull.es\/portal\/guiadelingresoalegreso\/","name":"Gu\u00eda del ingreso al egreso","description":"Otro sitio m\u00e1s de Sitios Web ULL","potentialAction":[{"@type":"SearchAction","target":{"@type":"EntryPoint","urlTemplate":"https:\/\/www.ull.es\/portal\/guiadelingresoalegreso\/?s={search_term_string}"},"query-input":"required name=search_term_string"}],"inLanguage":"es"}]}},"_links":{"self":[{"href":"https:\/\/www.ull.es\/portal\/guiadelingresoalegreso\/wp-json\/wp\/v2\/pages\/2576"}],"collection":[{"href":"https:\/\/www.ull.es\/portal\/guiadelingresoalegreso\/wp-json\/wp\/v2\/pages"}],"about":[{"href":"https:\/\/www.ull.es\/portal\/guiadelingresoalegreso\/wp-json\/wp\/v2\/types\/page"}],"author":[{"embeddable":true,"href":"https:\/\/www.ull.es\/portal\/guiadelingresoalegreso\/wp-json\/wp\/v2\/users\/1"}],"replies":[{"embeddable":true,"href":"https:\/\/www.ull.es\/portal\/guiadelingresoalegreso\/wp-json\/wp\/v2\/comments?post=2576"}],"version-history":[{"count":2,"href":"https:\/\/www.ull.es\/portal\/guiadelingresoalegreso\/wp-json\/wp\/v2\/pages\/2576\/revisions"}],"predecessor-version":[{"id":2701,"href":"https:\/\/www.ull.es\/portal\/guiadelingresoalegreso\/wp-json\/wp\/v2\/pages\/2576\/revisions\/2701"}],"wp:attachment":[{"href":"https:\/\/www.ull.es\/portal\/guiadelingresoalegreso\/wp-json\/wp\/v2\/media?parent=2576"}],"curies":[{"name":"wp","href":"https:\/\/api.w.org\/{rel}","templated":true}]}}