{"id":2587,"date":"2016-10-04T12:56:06","date_gmt":"2016-10-04T12:56:06","guid":{"rendered":"https:\/\/www.ull.es\/guiadelingresoalegreso\/?page_id=2587"},"modified":"2016-10-04T12:56:06","modified_gmt":"2016-10-04T12:56:06","slug":"aspectos-a-tener-en-cuenta-si-anulas-matricula","status":"publish","type":"page","link":"https:\/\/www.ull.es\/portal\/guiadelingresoalegreso\/aspectos-a-tener-en-cuenta-si-anulas-matricula\/","title":{"rendered":"Aspectos a tener en cuenta si anulas matr\u00edcula"},"content":{"rendered":"<p>Si quieres anular la totalidad de tu matr\u00edcula tienes que tener en cuenta el plazo en el que puedes solicitarla para que tengas derecho a la devoluci\u00f3n de las cantidades que te pudieran corresponder (ya abonadas). Adem\u00e1s, existe otro plazo, m\u00e1s amplio, en el que, aunque no te devuelvan el dinero, no computar\u00eda a efectos de normativa de progreso y permanencia ni incremento de precios en sucesivas matr\u00edculas.<\/p>\n<p>Aconsejamos leer la instrucci\u00f3n que regula la matr\u00edcula en cada curso acad\u00e9mico pues en ella se indican exactamente las fechas de los plazos.<\/p>\n<p>La solicitud la debes dirigir al Director o Decano de tu centro (la puedes presentar en la secretaria del centro, en el Registro General de la ULL o a trav\u00e9s de la sede electr\u00f3nica).<\/p>\n<p>Si has solicitado beca tendr\u00e1s que renunciar previamente a ella y adjuntar el justificante de la renuncia, pues si no la anulaci\u00f3n ser\u00e1 denegada.<\/p>\n<p>Mantendr\u00edas las posibilidades de obtener beca el siguiente curso acad\u00e9mico si decides continuar en la universidad.<\/p>\n<p>Si lo que quieres hacer es una anulaci\u00f3n parcial tendr\u00e1s que mirar los plazos en la mencionada instrucci\u00f3n y determinar qu\u00e9 asignaturas deseas anular. Recuerda que existe un l\u00edmite de cr\u00e9ditos en los que deber\u00e1s permanecer matriculado (42 si est\u00e1s matriculado a tiempo completo y 12 si es a tiempo parcial).<\/p>\n<p>En este supuesto recuerda que, si has solicitado beca, esta pasar\u00e1 a ser de \u201ctiempo parcial\u201d (de 30 a 59 cr\u00e9ditos). Recomendamos que contactes con el negociado de becas (<a href=\"http:\/\/citaprevia.ull.es\/index.php?s=becas\" target=\"_blank\">cita previa<\/a>).<\/p>\n","protected":false},"excerpt":{"rendered":"<p>Si quieres anular la totalidad de tu matr\u00edcula tienes que tener en cuenta el plazo en el que puedes solicitarla para que tengas derecho a la devoluci\u00f3n de las cantidades que te pudieran corresponder (ya abonadas). Adem\u00e1s, existe otro plazo, m\u00e1s amplio, en el que, aunque no te devuelvan el dinero, no computar\u00eda a efectos [&hellip;]<\/p>\n","protected":false},"author":1,"featured_media":0,"parent":0,"menu_order":0,"comment_status":"closed","ping_status":"closed","template":"home.php","meta":{"inline_featured_image":false,"footnotes":""},"acf":[],"yoast_head":"<!-- This site is optimized with the Yoast SEO plugin v21.3 - https:\/\/yoast.com\/wordpress\/plugins\/seo\/ -->\n<title>Aspectos a tener en cuenta si anulas matr\u00edcula - Gu\u00eda del ingreso al egreso<\/title>\n<meta name=\"robots\" content=\"index, follow, max-snippet:-1, max-image-preview:large, max-video-preview:-1\" \/>\n<link rel=\"canonical\" href=\"https:\/\/www.ull.es\/portal\/guiadelingresoalegreso\/aspectos-a-tener-en-cuenta-si-anulas-matricula\/\" \/>\n<meta property=\"og:locale\" content=\"es_ES\" \/>\n<meta property=\"og:type\" content=\"article\" \/>\n<meta property=\"og:title\" content=\"Aspectos a tener en cuenta si anulas matr\u00edcula - Gu\u00eda del ingreso al egreso\" \/>\n<meta property=\"og:description\" content=\"Si quieres anular la totalidad de tu matr\u00edcula tienes que tener en cuenta el plazo en el que puedes solicitarla para que tengas derecho a la devoluci\u00f3n de las cantidades que te pudieran corresponder (ya abonadas). Adem\u00e1s, existe otro plazo, m\u00e1s amplio, en el que, aunque no te devuelvan el dinero, no computar\u00eda a efectos [&hellip;]\" \/>\n<meta property=\"og:url\" content=\"https:\/\/www.ull.es\/portal\/guiadelingresoalegreso\/aspectos-a-tener-en-cuenta-si-anulas-matricula\/\" \/>\n<meta property=\"og:site_name\" content=\"Gu\u00eda del ingreso al egreso\" \/>\n<meta name=\"twitter:card\" content=\"summary_large_image\" \/>\n<meta name=\"twitter:label1\" content=\"Tiempo de lectura\" \/>\n\t<meta name=\"twitter:data1\" content=\"1 minuto\" \/>\n<script type=\"application\/ld+json\" class=\"yoast-schema-graph\">{\"@context\":\"https:\/\/schema.org\",\"@graph\":[{\"@type\":\"WebPage\",\"@id\":\"https:\/\/www.ull.es\/portal\/guiadelingresoalegreso\/aspectos-a-tener-en-cuenta-si-anulas-matricula\/\",\"url\":\"https:\/\/www.ull.es\/portal\/guiadelingresoalegreso\/aspectos-a-tener-en-cuenta-si-anulas-matricula\/\",\"name\":\"Aspectos a tener en cuenta si anulas matr\u00edcula - Gu\u00eda del ingreso al egreso\",\"isPartOf\":{\"@id\":\"https:\/\/www.ull.es\/portal\/guiadelingresoalegreso\/#website\"},\"datePublished\":\"2016-10-04T12:56:06+00:00\",\"dateModified\":\"2016-10-04T12:56:06+00:00\",\"breadcrumb\":{\"@id\":\"https:\/\/www.ull.es\/portal\/guiadelingresoalegreso\/aspectos-a-tener-en-cuenta-si-anulas-matricula\/#breadcrumb\"},\"inLanguage\":\"es\",\"potentialAction\":[{\"@type\":\"ReadAction\",\"target\":[\"https:\/\/www.ull.es\/portal\/guiadelingresoalegreso\/aspectos-a-tener-en-cuenta-si-anulas-matricula\/\"]}]},{\"@type\":\"BreadcrumbList\",\"@id\":\"https:\/\/www.ull.es\/portal\/guiadelingresoalegreso\/aspectos-a-tener-en-cuenta-si-anulas-matricula\/#breadcrumb\",\"itemListElement\":[{\"@type\":\"ListItem\",\"position\":1,\"name\":\"Portada\",\"item\":\"https:\/\/www.ull.es\/portal\/guiadelingresoalegreso\/\"},{\"@type\":\"ListItem\",\"position\":2,\"name\":\"Aspectos a tener en cuenta si anulas matr\u00edcula\"}]},{\"@type\":\"WebSite\",\"@id\":\"https:\/\/www.ull.es\/portal\/guiadelingresoalegreso\/#website\",\"url\":\"https:\/\/www.ull.es\/portal\/guiadelingresoalegreso\/\",\"name\":\"Gu\u00eda del ingreso al egreso\",\"description\":\"Otro sitio m\u00e1s de Sitios Web ULL\",\"potentialAction\":[{\"@type\":\"SearchAction\",\"target\":{\"@type\":\"EntryPoint\",\"urlTemplate\":\"https:\/\/www.ull.es\/portal\/guiadelingresoalegreso\/?s={search_term_string}\"},\"query-input\":\"required name=search_term_string\"}],\"inLanguage\":\"es\"}]}<\/script>\n<!-- \/ Yoast SEO plugin. -->","yoast_head_json":{"title":"Aspectos a tener en cuenta si anulas matr\u00edcula - Gu\u00eda del ingreso al egreso","robots":{"index":"index","follow":"follow","max-snippet":"max-snippet:-1","max-image-preview":"max-image-preview:large","max-video-preview":"max-video-preview:-1"},"canonical":"https:\/\/www.ull.es\/portal\/guiadelingresoalegreso\/aspectos-a-tener-en-cuenta-si-anulas-matricula\/","og_locale":"es_ES","og_type":"article","og_title":"Aspectos a tener en cuenta si anulas matr\u00edcula - Gu\u00eda del ingreso al egreso","og_description":"Si quieres anular la totalidad de tu matr\u00edcula tienes que tener en cuenta el plazo en el que puedes solicitarla para que tengas derecho a la devoluci\u00f3n de las cantidades que te pudieran corresponder (ya abonadas). Adem\u00e1s, existe otro plazo, m\u00e1s amplio, en el que, aunque no te devuelvan el dinero, no computar\u00eda a efectos [&hellip;]","og_url":"https:\/\/www.ull.es\/portal\/guiadelingresoalegreso\/aspectos-a-tener-en-cuenta-si-anulas-matricula\/","og_site_name":"Gu\u00eda del ingreso al egreso","twitter_card":"summary_large_image","twitter_misc":{"Tiempo de lectura":"1 minuto"},"schema":{"@context":"https:\/\/schema.org","@graph":[{"@type":"WebPage","@id":"https:\/\/www.ull.es\/portal\/guiadelingresoalegreso\/aspectos-a-tener-en-cuenta-si-anulas-matricula\/","url":"https:\/\/www.ull.es\/portal\/guiadelingresoalegreso\/aspectos-a-tener-en-cuenta-si-anulas-matricula\/","name":"Aspectos a tener en cuenta si anulas matr\u00edcula - Gu\u00eda del ingreso al egreso","isPartOf":{"@id":"https:\/\/www.ull.es\/portal\/guiadelingresoalegreso\/#website"},"datePublished":"2016-10-04T12:56:06+00:00","dateModified":"2016-10-04T12:56:06+00:00","breadcrumb":{"@id":"https:\/\/www.ull.es\/portal\/guiadelingresoalegreso\/aspectos-a-tener-en-cuenta-si-anulas-matricula\/#breadcrumb"},"inLanguage":"es","potentialAction":[{"@type":"ReadAction","target":["https:\/\/www.ull.es\/portal\/guiadelingresoalegreso\/aspectos-a-tener-en-cuenta-si-anulas-matricula\/"]}]},{"@type":"BreadcrumbList","@id":"https:\/\/www.ull.es\/portal\/guiadelingresoalegreso\/aspectos-a-tener-en-cuenta-si-anulas-matricula\/#breadcrumb","itemListElement":[{"@type":"ListItem","position":1,"name":"Portada","item":"https:\/\/www.ull.es\/portal\/guiadelingresoalegreso\/"},{"@type":"ListItem","position":2,"name":"Aspectos a tener en cuenta si anulas matr\u00edcula"}]},{"@type":"WebSite","@id":"https:\/\/www.ull.es\/portal\/guiadelingresoalegreso\/#website","url":"https:\/\/www.ull.es\/portal\/guiadelingresoalegreso\/","name":"Gu\u00eda del ingreso al egreso","description":"Otro sitio m\u00e1s de Sitios Web ULL","potentialAction":[{"@type":"SearchAction","target":{"@type":"EntryPoint","urlTemplate":"https:\/\/www.ull.es\/portal\/guiadelingresoalegreso\/?s={search_term_string}"},"query-input":"required name=search_term_string"}],"inLanguage":"es"}]}},"_links":{"self":[{"href":"https:\/\/www.ull.es\/portal\/guiadelingresoalegreso\/wp-json\/wp\/v2\/pages\/2587"}],"collection":[{"href":"https:\/\/www.ull.es\/portal\/guiadelingresoalegreso\/wp-json\/wp\/v2\/pages"}],"about":[{"href":"https:\/\/www.ull.es\/portal\/guiadelingresoalegreso\/wp-json\/wp\/v2\/types\/page"}],"author":[{"embeddable":true,"href":"https:\/\/www.ull.es\/portal\/guiadelingresoalegreso\/wp-json\/wp\/v2\/users\/1"}],"replies":[{"embeddable":true,"href":"https:\/\/www.ull.es\/portal\/guiadelingresoalegreso\/wp-json\/wp\/v2\/comments?post=2587"}],"version-history":[{"count":0,"href":"https:\/\/www.ull.es\/portal\/guiadelingresoalegreso\/wp-json\/wp\/v2\/pages\/2587\/revisions"}],"wp:attachment":[{"href":"https:\/\/www.ull.es\/portal\/guiadelingresoalegreso\/wp-json\/wp\/v2\/media?parent=2587"}],"curies":[{"name":"wp","href":"https:\/\/api.w.org\/{rel}","templated":true}]}}