{"id":2592,"date":"2016-10-04T13:11:28","date_gmt":"2016-10-04T13:11:28","guid":{"rendered":"https:\/\/www.ull.es\/guiadelingresoalegreso\/?page_id=2592"},"modified":"2016-10-04T13:11:28","modified_gmt":"2016-10-04T13:11:28","slug":"plan-de-orientacion-y-accion-tutorial-poat","status":"publish","type":"page","link":"https:\/\/www.ull.es\/portal\/guiadelingresoalegreso\/plan-de-orientacion-y-accion-tutorial-poat\/","title":{"rendered":"Plan de Orientaci\u00f3n y Acci\u00f3n Tutorial (POAT)"},"content":{"rendered":"<p>El objetivo del POAT es proporcionarte un sistema de apoyo y orientaci\u00f3n en tu vida universitaria. Para ello puedes acceder a las actividades de orientaci\u00f3n acad\u00e9mica y profesional que se recogen en el mismo.<\/p>\n<p>Las actividades formativas incluidas en el POAT abordan diversas tem\u00e1ticas que te ayudar\u00e1n en la toma de decisiones acad\u00e9mico-profesional y te permitir\u00e1n adaptarte a las nuevas demandas: estrategias de aprendizaje aut\u00f3nomo, trabajo en equipo, mejora de resultados acad\u00e9micos, resoluci\u00f3n de dificultades, informaci\u00f3n y asesoramiento sobre pr\u00e1cticas externas, orientaci\u00f3n sobre los programas de movilidad, exigencias y caracter\u00edsticas del mercado laboral, etc.<\/p>\n<p>Conoce\u00a0<a href=\"https:\/\/www.ull.es\/view\/institucional\/ull\/Planes_por_centros_2\/es\" target=\"_blank\">el Plan de tu centro<\/a>.<\/p>\n","protected":false},"excerpt":{"rendered":"<p>El objetivo del POAT es proporcionarte un sistema de apoyo y orientaci\u00f3n en tu vida universitaria. Para ello puedes acceder a las actividades de orientaci\u00f3n acad\u00e9mica y profesional que se recogen en el mismo. Las actividades formativas incluidas en el POAT abordan diversas tem\u00e1ticas que te ayudar\u00e1n en la toma de decisiones acad\u00e9mico-profesional y te [&hellip;]<\/p>\n","protected":false},"author":1,"featured_media":0,"parent":0,"menu_order":0,"comment_status":"closed","ping_status":"closed","template":"home.php","meta":{"inline_featured_image":false,"footnotes":""},"acf":[],"yoast_head":"<!-- This site is optimized with the Yoast SEO plugin v21.3 - https:\/\/yoast.com\/wordpress\/plugins\/seo\/ -->\n<title>Plan de Orientaci\u00f3n y Acci\u00f3n Tutorial (POAT) - Gu\u00eda del ingreso al egreso<\/title>\n<meta name=\"robots\" content=\"index, follow, max-snippet:-1, max-image-preview:large, max-video-preview:-1\" \/>\n<link rel=\"canonical\" href=\"https:\/\/www.ull.es\/portal\/guiadelingresoalegreso\/plan-de-orientacion-y-accion-tutorial-poat\/\" \/>\n<meta property=\"og:locale\" content=\"es_ES\" \/>\n<meta property=\"og:type\" content=\"article\" \/>\n<meta property=\"og:title\" content=\"Plan de Orientaci\u00f3n y Acci\u00f3n Tutorial (POAT) - Gu\u00eda del ingreso al egreso\" \/>\n<meta property=\"og:description\" content=\"El objetivo del POAT es proporcionarte un sistema de apoyo y orientaci\u00f3n en tu vida universitaria. Para ello puedes acceder a las actividades de orientaci\u00f3n acad\u00e9mica y profesional que se recogen en el mismo. Las actividades formativas incluidas en el POAT abordan diversas tem\u00e1ticas que te ayudar\u00e1n en la toma de decisiones acad\u00e9mico-profesional y te [&hellip;]\" \/>\n<meta property=\"og:url\" content=\"https:\/\/www.ull.es\/portal\/guiadelingresoalegreso\/plan-de-orientacion-y-accion-tutorial-poat\/\" \/>\n<meta property=\"og:site_name\" content=\"Gu\u00eda del ingreso al egreso\" \/>\n<meta name=\"twitter:card\" content=\"summary_large_image\" \/>\n<meta name=\"twitter:label1\" content=\"Tiempo de lectura\" \/>\n\t<meta name=\"twitter:data1\" content=\"1 minuto\" \/>\n<script type=\"application\/ld+json\" class=\"yoast-schema-graph\">{\"@context\":\"https:\/\/schema.org\",\"@graph\":[{\"@type\":\"WebPage\",\"@id\":\"https:\/\/www.ull.es\/portal\/guiadelingresoalegreso\/plan-de-orientacion-y-accion-tutorial-poat\/\",\"url\":\"https:\/\/www.ull.es\/portal\/guiadelingresoalegreso\/plan-de-orientacion-y-accion-tutorial-poat\/\",\"name\":\"Plan de Orientaci\u00f3n y Acci\u00f3n Tutorial (POAT) - Gu\u00eda del ingreso al egreso\",\"isPartOf\":{\"@id\":\"https:\/\/www.ull.es\/portal\/guiadelingresoalegreso\/#website\"},\"datePublished\":\"2016-10-04T13:11:28+00:00\",\"dateModified\":\"2016-10-04T13:11:28+00:00\",\"breadcrumb\":{\"@id\":\"https:\/\/www.ull.es\/portal\/guiadelingresoalegreso\/plan-de-orientacion-y-accion-tutorial-poat\/#breadcrumb\"},\"inLanguage\":\"es\",\"potentialAction\":[{\"@type\":\"ReadAction\",\"target\":[\"https:\/\/www.ull.es\/portal\/guiadelingresoalegreso\/plan-de-orientacion-y-accion-tutorial-poat\/\"]}]},{\"@type\":\"BreadcrumbList\",\"@id\":\"https:\/\/www.ull.es\/portal\/guiadelingresoalegreso\/plan-de-orientacion-y-accion-tutorial-poat\/#breadcrumb\",\"itemListElement\":[{\"@type\":\"ListItem\",\"position\":1,\"name\":\"Portada\",\"item\":\"https:\/\/www.ull.es\/portal\/guiadelingresoalegreso\/\"},{\"@type\":\"ListItem\",\"position\":2,\"name\":\"Plan de Orientaci\u00f3n y Acci\u00f3n Tutorial (POAT)\"}]},{\"@type\":\"WebSite\",\"@id\":\"https:\/\/www.ull.es\/portal\/guiadelingresoalegreso\/#website\",\"url\":\"https:\/\/www.ull.es\/portal\/guiadelingresoalegreso\/\",\"name\":\"Gu\u00eda del ingreso al egreso\",\"description\":\"Otro sitio m\u00e1s de Sitios Web ULL\",\"potentialAction\":[{\"@type\":\"SearchAction\",\"target\":{\"@type\":\"EntryPoint\",\"urlTemplate\":\"https:\/\/www.ull.es\/portal\/guiadelingresoalegreso\/?s={search_term_string}\"},\"query-input\":\"required name=search_term_string\"}],\"inLanguage\":\"es\"}]}<\/script>\n<!-- \/ Yoast SEO plugin. -->","yoast_head_json":{"title":"Plan de Orientaci\u00f3n y Acci\u00f3n Tutorial (POAT) - Gu\u00eda del ingreso al egreso","robots":{"index":"index","follow":"follow","max-snippet":"max-snippet:-1","max-image-preview":"max-image-preview:large","max-video-preview":"max-video-preview:-1"},"canonical":"https:\/\/www.ull.es\/portal\/guiadelingresoalegreso\/plan-de-orientacion-y-accion-tutorial-poat\/","og_locale":"es_ES","og_type":"article","og_title":"Plan de Orientaci\u00f3n y Acci\u00f3n Tutorial (POAT) - Gu\u00eda del ingreso al egreso","og_description":"El objetivo del POAT es proporcionarte un sistema de apoyo y orientaci\u00f3n en tu vida universitaria. Para ello puedes acceder a las actividades de orientaci\u00f3n acad\u00e9mica y profesional que se recogen en el mismo. Las actividades formativas incluidas en el POAT abordan diversas tem\u00e1ticas que te ayudar\u00e1n en la toma de decisiones acad\u00e9mico-profesional y te [&hellip;]","og_url":"https:\/\/www.ull.es\/portal\/guiadelingresoalegreso\/plan-de-orientacion-y-accion-tutorial-poat\/","og_site_name":"Gu\u00eda del ingreso al egreso","twitter_card":"summary_large_image","twitter_misc":{"Tiempo de lectura":"1 minuto"},"schema":{"@context":"https:\/\/schema.org","@graph":[{"@type":"WebPage","@id":"https:\/\/www.ull.es\/portal\/guiadelingresoalegreso\/plan-de-orientacion-y-accion-tutorial-poat\/","url":"https:\/\/www.ull.es\/portal\/guiadelingresoalegreso\/plan-de-orientacion-y-accion-tutorial-poat\/","name":"Plan de Orientaci\u00f3n y Acci\u00f3n Tutorial (POAT) - Gu\u00eda del ingreso al egreso","isPartOf":{"@id":"https:\/\/www.ull.es\/portal\/guiadelingresoalegreso\/#website"},"datePublished":"2016-10-04T13:11:28+00:00","dateModified":"2016-10-04T13:11:28+00:00","breadcrumb":{"@id":"https:\/\/www.ull.es\/portal\/guiadelingresoalegreso\/plan-de-orientacion-y-accion-tutorial-poat\/#breadcrumb"},"inLanguage":"es","potentialAction":[{"@type":"ReadAction","target":["https:\/\/www.ull.es\/portal\/guiadelingresoalegreso\/plan-de-orientacion-y-accion-tutorial-poat\/"]}]},{"@type":"BreadcrumbList","@id":"https:\/\/www.ull.es\/portal\/guiadelingresoalegreso\/plan-de-orientacion-y-accion-tutorial-poat\/#breadcrumb","itemListElement":[{"@type":"ListItem","position":1,"name":"Portada","item":"https:\/\/www.ull.es\/portal\/guiadelingresoalegreso\/"},{"@type":"ListItem","position":2,"name":"Plan de Orientaci\u00f3n y Acci\u00f3n Tutorial (POAT)"}]},{"@type":"WebSite","@id":"https:\/\/www.ull.es\/portal\/guiadelingresoalegreso\/#website","url":"https:\/\/www.ull.es\/portal\/guiadelingresoalegreso\/","name":"Gu\u00eda del ingreso al egreso","description":"Otro sitio m\u00e1s de Sitios Web ULL","potentialAction":[{"@type":"SearchAction","target":{"@type":"EntryPoint","urlTemplate":"https:\/\/www.ull.es\/portal\/guiadelingresoalegreso\/?s={search_term_string}"},"query-input":"required name=search_term_string"}],"inLanguage":"es"}]}},"_links":{"self":[{"href":"https:\/\/www.ull.es\/portal\/guiadelingresoalegreso\/wp-json\/wp\/v2\/pages\/2592"}],"collection":[{"href":"https:\/\/www.ull.es\/portal\/guiadelingresoalegreso\/wp-json\/wp\/v2\/pages"}],"about":[{"href":"https:\/\/www.ull.es\/portal\/guiadelingresoalegreso\/wp-json\/wp\/v2\/types\/page"}],"author":[{"embeddable":true,"href":"https:\/\/www.ull.es\/portal\/guiadelingresoalegreso\/wp-json\/wp\/v2\/users\/1"}],"replies":[{"embeddable":true,"href":"https:\/\/www.ull.es\/portal\/guiadelingresoalegreso\/wp-json\/wp\/v2\/comments?post=2592"}],"version-history":[{"count":0,"href":"https:\/\/www.ull.es\/portal\/guiadelingresoalegreso\/wp-json\/wp\/v2\/pages\/2592\/revisions"}],"wp:attachment":[{"href":"https:\/\/www.ull.es\/portal\/guiadelingresoalegreso\/wp-json\/wp\/v2\/media?parent=2592"}],"curies":[{"name":"wp","href":"https:\/\/api.w.org\/{rel}","templated":true}]}}