{"id":2621,"date":"2016-10-10T10:20:00","date_gmt":"2016-10-10T10:20:00","guid":{"rendered":"https:\/\/www.ull.es\/guiadelingresoalegreso\/?page_id=2621"},"modified":"2016-10-10T10:20:00","modified_gmt":"2016-10-10T10:20:00","slug":"masteres-oficiales","status":"publish","type":"page","link":"https:\/\/www.ull.es\/portal\/guiadelingresoalegreso\/masteres-oficiales\/","title":{"rendered":"M\u00e1steres oficiales"},"content":{"rendered":"<p>Dentro de la oferta de m\u00e1steres se encuentran los que son habilitantes para el ejercicio de actividades profesionales y m\u00e1steres acad\u00e9micos e investigadores que te permitir\u00e1n especializarte en aquellas materias que m\u00e1s te interesan y te ayudar\u00e1n a definir tu futura carrera profesional.<\/p>\n<p>El <a href=\"http:\/\/www.escuelas.ull.es\/view\/centros\/escueladoctorado\/Masteres_en_vigor\/es\" target=\"_blank\">listado anual de la oferta<\/a> se puede consultar en nuestra web.<\/p>\n<p>Recomendamos la lectura del<a href=\"https:\/\/drive.google.com\/file\/d\/0B7w22JchJ7r-ZUgtVXNJVHhORzA\/view\" target=\"_blank\"> cat\u00e1logo<\/a>, pues te ofrece una visi\u00f3n r\u00e1pida de los objetivos de cada m\u00e1ster, as\u00ed como enlaces directos para conocer m\u00e1s de cada uno de ellos (requisitos de acceso, criterios de admisi\u00f3n, \u2026).<\/p>\n","protected":false},"excerpt":{"rendered":"<p>Dentro de la oferta de m\u00e1steres se encuentran los que son habilitantes para el ejercicio de actividades profesionales y m\u00e1steres acad\u00e9micos e investigadores que te permitir\u00e1n especializarte en aquellas materias que m\u00e1s te interesan y te ayudar\u00e1n a definir tu futura carrera profesional. El listado anual de la oferta se puede consultar en nuestra web. [&hellip;]<\/p>\n","protected":false},"author":1,"featured_media":0,"parent":0,"menu_order":0,"comment_status":"closed","ping_status":"closed","template":"home.php","meta":{"inline_featured_image":false,"footnotes":""},"acf":[],"yoast_head":"<!-- This site is optimized with the Yoast SEO plugin v21.3 - https:\/\/yoast.com\/wordpress\/plugins\/seo\/ -->\n<title>M\u00e1steres oficiales - Gu\u00eda del ingreso al egreso<\/title>\n<meta name=\"robots\" content=\"index, follow, max-snippet:-1, max-image-preview:large, max-video-preview:-1\" \/>\n<link rel=\"canonical\" href=\"https:\/\/www.ull.es\/portal\/guiadelingresoalegreso\/masteres-oficiales\/\" \/>\n<meta property=\"og:locale\" content=\"es_ES\" \/>\n<meta property=\"og:type\" content=\"article\" \/>\n<meta property=\"og:title\" content=\"M\u00e1steres oficiales - Gu\u00eda del ingreso al egreso\" \/>\n<meta property=\"og:description\" content=\"Dentro de la oferta de m\u00e1steres se encuentran los que son habilitantes para el ejercicio de actividades profesionales y m\u00e1steres acad\u00e9micos e investigadores que te permitir\u00e1n especializarte en aquellas materias que m\u00e1s te interesan y te ayudar\u00e1n a definir tu futura carrera profesional. El listado anual de la oferta se puede consultar en nuestra web. [&hellip;]\" \/>\n<meta property=\"og:url\" content=\"https:\/\/www.ull.es\/portal\/guiadelingresoalegreso\/masteres-oficiales\/\" \/>\n<meta property=\"og:site_name\" content=\"Gu\u00eda del ingreso al egreso\" \/>\n<meta name=\"twitter:card\" content=\"summary_large_image\" \/>\n<meta name=\"twitter:label1\" content=\"Tiempo de lectura\" \/>\n\t<meta name=\"twitter:data1\" content=\"1 minuto\" \/>\n<script type=\"application\/ld+json\" class=\"yoast-schema-graph\">{\"@context\":\"https:\/\/schema.org\",\"@graph\":[{\"@type\":\"WebPage\",\"@id\":\"https:\/\/www.ull.es\/portal\/guiadelingresoalegreso\/masteres-oficiales\/\",\"url\":\"https:\/\/www.ull.es\/portal\/guiadelingresoalegreso\/masteres-oficiales\/\",\"name\":\"M\u00e1steres oficiales - Gu\u00eda del ingreso al egreso\",\"isPartOf\":{\"@id\":\"https:\/\/www.ull.es\/portal\/guiadelingresoalegreso\/#website\"},\"datePublished\":\"2016-10-10T10:20:00+00:00\",\"dateModified\":\"2016-10-10T10:20:00+00:00\",\"breadcrumb\":{\"@id\":\"https:\/\/www.ull.es\/portal\/guiadelingresoalegreso\/masteres-oficiales\/#breadcrumb\"},\"inLanguage\":\"es\",\"potentialAction\":[{\"@type\":\"ReadAction\",\"target\":[\"https:\/\/www.ull.es\/portal\/guiadelingresoalegreso\/masteres-oficiales\/\"]}]},{\"@type\":\"BreadcrumbList\",\"@id\":\"https:\/\/www.ull.es\/portal\/guiadelingresoalegreso\/masteres-oficiales\/#breadcrumb\",\"itemListElement\":[{\"@type\":\"ListItem\",\"position\":1,\"name\":\"Portada\",\"item\":\"https:\/\/www.ull.es\/portal\/guiadelingresoalegreso\/\"},{\"@type\":\"ListItem\",\"position\":2,\"name\":\"M\u00e1steres oficiales\"}]},{\"@type\":\"WebSite\",\"@id\":\"https:\/\/www.ull.es\/portal\/guiadelingresoalegreso\/#website\",\"url\":\"https:\/\/www.ull.es\/portal\/guiadelingresoalegreso\/\",\"name\":\"Gu\u00eda del ingreso al egreso\",\"description\":\"Otro sitio m\u00e1s de Sitios Web ULL\",\"potentialAction\":[{\"@type\":\"SearchAction\",\"target\":{\"@type\":\"EntryPoint\",\"urlTemplate\":\"https:\/\/www.ull.es\/portal\/guiadelingresoalegreso\/?s={search_term_string}\"},\"query-input\":\"required name=search_term_string\"}],\"inLanguage\":\"es\"}]}<\/script>\n<!-- \/ Yoast SEO plugin. -->","yoast_head_json":{"title":"M\u00e1steres oficiales - Gu\u00eda del ingreso al egreso","robots":{"index":"index","follow":"follow","max-snippet":"max-snippet:-1","max-image-preview":"max-image-preview:large","max-video-preview":"max-video-preview:-1"},"canonical":"https:\/\/www.ull.es\/portal\/guiadelingresoalegreso\/masteres-oficiales\/","og_locale":"es_ES","og_type":"article","og_title":"M\u00e1steres oficiales - Gu\u00eda del ingreso al egreso","og_description":"Dentro de la oferta de m\u00e1steres se encuentran los que son habilitantes para el ejercicio de actividades profesionales y m\u00e1steres acad\u00e9micos e investigadores que te permitir\u00e1n especializarte en aquellas materias que m\u00e1s te interesan y te ayudar\u00e1n a definir tu futura carrera profesional. El listado anual de la oferta se puede consultar en nuestra web. [&hellip;]","og_url":"https:\/\/www.ull.es\/portal\/guiadelingresoalegreso\/masteres-oficiales\/","og_site_name":"Gu\u00eda del ingreso al egreso","twitter_card":"summary_large_image","twitter_misc":{"Tiempo de lectura":"1 minuto"},"schema":{"@context":"https:\/\/schema.org","@graph":[{"@type":"WebPage","@id":"https:\/\/www.ull.es\/portal\/guiadelingresoalegreso\/masteres-oficiales\/","url":"https:\/\/www.ull.es\/portal\/guiadelingresoalegreso\/masteres-oficiales\/","name":"M\u00e1steres oficiales - Gu\u00eda del ingreso al egreso","isPartOf":{"@id":"https:\/\/www.ull.es\/portal\/guiadelingresoalegreso\/#website"},"datePublished":"2016-10-10T10:20:00+00:00","dateModified":"2016-10-10T10:20:00+00:00","breadcrumb":{"@id":"https:\/\/www.ull.es\/portal\/guiadelingresoalegreso\/masteres-oficiales\/#breadcrumb"},"inLanguage":"es","potentialAction":[{"@type":"ReadAction","target":["https:\/\/www.ull.es\/portal\/guiadelingresoalegreso\/masteres-oficiales\/"]}]},{"@type":"BreadcrumbList","@id":"https:\/\/www.ull.es\/portal\/guiadelingresoalegreso\/masteres-oficiales\/#breadcrumb","itemListElement":[{"@type":"ListItem","position":1,"name":"Portada","item":"https:\/\/www.ull.es\/portal\/guiadelingresoalegreso\/"},{"@type":"ListItem","position":2,"name":"M\u00e1steres oficiales"}]},{"@type":"WebSite","@id":"https:\/\/www.ull.es\/portal\/guiadelingresoalegreso\/#website","url":"https:\/\/www.ull.es\/portal\/guiadelingresoalegreso\/","name":"Gu\u00eda del ingreso al egreso","description":"Otro sitio m\u00e1s de Sitios Web ULL","potentialAction":[{"@type":"SearchAction","target":{"@type":"EntryPoint","urlTemplate":"https:\/\/www.ull.es\/portal\/guiadelingresoalegreso\/?s={search_term_string}"},"query-input":"required name=search_term_string"}],"inLanguage":"es"}]}},"_links":{"self":[{"href":"https:\/\/www.ull.es\/portal\/guiadelingresoalegreso\/wp-json\/wp\/v2\/pages\/2621"}],"collection":[{"href":"https:\/\/www.ull.es\/portal\/guiadelingresoalegreso\/wp-json\/wp\/v2\/pages"}],"about":[{"href":"https:\/\/www.ull.es\/portal\/guiadelingresoalegreso\/wp-json\/wp\/v2\/types\/page"}],"author":[{"embeddable":true,"href":"https:\/\/www.ull.es\/portal\/guiadelingresoalegreso\/wp-json\/wp\/v2\/users\/1"}],"replies":[{"embeddable":true,"href":"https:\/\/www.ull.es\/portal\/guiadelingresoalegreso\/wp-json\/wp\/v2\/comments?post=2621"}],"version-history":[{"count":0,"href":"https:\/\/www.ull.es\/portal\/guiadelingresoalegreso\/wp-json\/wp\/v2\/pages\/2621\/revisions"}],"wp:attachment":[{"href":"https:\/\/www.ull.es\/portal\/guiadelingresoalegreso\/wp-json\/wp\/v2\/media?parent=2621"}],"curies":[{"name":"wp","href":"https:\/\/api.w.org\/{rel}","templated":true}]}}