{"id":17164,"date":"2022-07-20T12:23:43","date_gmt":"2022-07-20T12:23:43","guid":{"rendered":"https:\/\/www.ull.es\/portal\/hipotesis\/?page_id=17164"},"modified":"2022-08-02T14:33:47","modified_gmt":"2022-08-02T14:33:47","slug":"taller-10-bernoulli-esta-en-todos-lados","status":"publish","type":"page","link":"https:\/\/www.ull.es\/portal\/hipotesis\/laboratorio-virtual\/ciencia-y-tecnologia\/taller-10-bernoulli-esta-en-todos-lados\/","title":{"rendered":"Taller 10. \u00ab\u00a1Bernoulli est\u00e1 en todos lados!\u00bb"},"content":{"rendered":"<p>[vc_row][vc_column][vc_custom_heading source=\u00bbpost_title\u00bb font_container=\u00bbtag:h2|text_align:left|color:%23dd9933&#8243; google_fonts=\u00bbfont_family:Roboto%20Slab%3A100%2C300%2Cregular%2C700|font_style:700%20bold%20regular%3A700%3Anormal\u00bb][vc_video link=\u00bbhttps:\/\/youtu.be\/yBSXlbbpw7s\u00bb][vc_empty_space][vc_column_text]<\/p>\n<table style=\"height: 31px\" width=\"969\">\n<tbody>\n<tr style=\"text-align: justify\">\n<td style=\"text-align: justify\" width=\"118\"><strong>Breve descripci\u00f3n<\/strong><\/td>\n<\/tr>\n<tr>\n<td style=\"text-align: justify\">El taller est\u00e1 orientado a ense\u00f1ar al alumnado a comprender el Teorema de Bernoulli, que puede explicar muchos efectos naturales a nuestro alrededor.<\/p>\n<p>El teorema de Bernoulli compara los diferenciales de energ\u00eda entre dos puntos de un sistema. Una de las conclusiones que se pueden extraer de este principio es la siguiente: si la velocidad de un fluido aumenta, la presi\u00f3n disminuye. Los diferenciales de presi\u00f3n no se mantienen estables, sino que las zonas de alta presi\u00f3n se mueven hacia las zonas de bajas presiones, arrastr\u00e1ndolo todo en su paso.<\/td>\n<\/tr>\n<\/tbody>\n<\/table>\n<p>[\/vc_column_text][vc_column_text]<\/p>\n<table style=\"height: 92px\" width=\"653\">\n<tbody>\n<tr>\n<td width=\"152\"><strong>Publico al que se dirige<\/strong><\/td>\n<td width=\"80\"><strong>Duraci\u00f3n<\/strong><\/td>\n<\/tr>\n<tr>\n<td>Alumnado de ESO y Bachillerato<\/td>\n<td><\/td>\n<\/tr>\n<\/tbody>\n<\/table>\n<p>[\/vc_column_text][vc_column_text]<\/p>\n<table>\n<tbody>\n<tr>\n<td colspan=\"2\" width=\"566\"><strong>Materiales y recursos<\/strong><\/td>\n<\/tr>\n<tr>\n<td width=\"283\">\n<ul>\n<li>Ca\u00f1ita<\/li>\n<li>Dos latas de refresco o similar vac\u00edas<\/li>\n<li>Pelota espuma<\/li>\n<li>Pelota de pin-pon<\/li>\n<li>Cordel<\/li>\n<li>Cinta aislante negra<\/li>\n<li>Embudo<\/li>\n<li>Colorante alimentario<\/li>\n<\/ul>\n<\/td>\n<td width=\"283\">\n<ul>\n<li>Revista o libro<\/li>\n<li>Tubo transparente, longitud: 30-50 cm. Di\u00e1metro: 3- 5 cm<\/li>\n<li>Chips de poliestireno expandido<\/li>\n<li>Pizarra blanca<\/li>\n<li>Rotuladores<\/li>\n<li>Tees impresas en 3D<\/li>\n<li>Comprensor de aire<\/li>\n<\/ul>\n<\/td>\n<\/tr>\n<\/tbody>\n<\/table>\n<p>[\/vc_column_text][vc_column_text]<\/p>\n<table style=\"height: 35px\" width=\"741\">\n<tbody>\n<tr>\n<td width=\"97\"><strong>Investigador<\/strong><\/td>\n<td width=\"80\">Aar\u00f3n Miguel Acevedo Rever\u00f3n<\/td>\n<\/tr>\n<tr>\n<td><strong>Departamento<\/strong><\/td>\n<td>Ingenier\u00eda Agraria, N\u00e1utica, Civil y Mar\u00edtima<\/td>\n<\/tr>\n<\/tbody>\n<\/table>\n<p>[\/vc_column_text][vc_empty_space][vc_btn title=\u00bbDescargar ficha del taller\u00bb color=\u00bborange\u00bb align=\u00bbcenter\u00bb link=\u00bburl:https%3A%2F%2Fdrive.google.com%2Ffile%2Fd%2F1Kf3brrjbIDlIZY23mJZ_9xf7g0GLi8VQ%2Fview%3Fusp%3Dsharing\u00bb][\/vc_column][\/vc_row]<\/p>\n","protected":false},"excerpt":{"rendered":"<p>[vc_row][vc_column][vc_custom_heading source=\u00bbpost_title\u00bb font_container=\u00bbtag:h2|text_align:left|color:%23dd9933&#8243; google_fonts=\u00bbfont_family:Roboto%20Slab%3A100%2C300%2Cregular%2C700|font_style:700%20bold%20regular%3A700%3Anormal\u00bb][vc_video link=\u00bbhttps:\/\/youtu.be\/yBSXlbbpw7s\u00bb][vc_empty_space][vc_column_text] Breve descripci\u00f3n El taller est\u00e1 orientado a ense\u00f1ar al alumnado a comprender el Teorema de Bernoulli, que puede explicar muchos efectos naturales a nuestro alrededor. El teorema de Bernoulli compara los diferenciales de energ\u00eda entre dos puntos de un sistema. Una de las conclusiones que se pueden extraer de este&#8230;<\/p>\n","protected":false},"author":56,"featured_media":0,"parent":9430,"menu_order":10,"comment_status":"closed","ping_status":"closed","template":"","meta":{"inline_featured_image":false,"footnotes":""},"acf":[],"yoast_head":"<!-- This site is optimized with the Yoast SEO plugin v21.3 - https:\/\/yoast.com\/wordpress\/plugins\/seo\/ -->\n<title>Taller 10. \u00ab\u00a1Bernoulli est\u00e1 en todos lados!\u00bb - Hipotesis<\/title>\n<meta name=\"robots\" content=\"index, follow, max-snippet:-1, max-image-preview:large, max-video-preview:-1\" \/>\n<link rel=\"canonical\" href=\"https:\/\/www.ull.es\/portal\/hipotesis\/laboratorio-virtual\/ciencia-y-tecnologia\/taller-10-bernoulli-esta-en-todos-lados\/\" \/>\n<meta property=\"og:locale\" content=\"es_ES\" \/>\n<meta property=\"og:type\" content=\"article\" \/>\n<meta property=\"og:title\" content=\"Taller 10. \u00ab\u00a1Bernoulli est\u00e1 en todos lados!\u00bb - Hipotesis\" \/>\n<meta property=\"og:description\" content=\"[vc_row][vc_column][vc_custom_heading source=\u00bbpost_title\u00bb font_container=\u00bbtag:h2|text_align:left|color:%23dd9933&#8243; google_fonts=\u00bbfont_family:Roboto%20Slab%3A100%2C300%2Cregular%2C700|font_style:700%20bold%20regular%3A700%3Anormal\u00bb][vc_video link=\u00bbhttps:\/\/youtu.be\/yBSXlbbpw7s\u00bb][vc_empty_space][vc_column_text] Breve descripci\u00f3n El taller est\u00e1 orientado a ense\u00f1ar al alumnado a comprender el Teorema de Bernoulli, que puede explicar muchos efectos naturales a nuestro alrededor. El teorema de Bernoulli compara los diferenciales de energ\u00eda entre dos puntos de un sistema. Una de las conclusiones que se pueden extraer de este...\" \/>\n<meta property=\"og:url\" content=\"https:\/\/www.ull.es\/portal\/hipotesis\/laboratorio-virtual\/ciencia-y-tecnologia\/taller-10-bernoulli-esta-en-todos-lados\/\" \/>\n<meta property=\"og:site_name\" content=\"Hipotesis\" \/>\n<meta property=\"article:publisher\" content=\"https:\/\/www.facebook.com\/CienciaULL\/\" \/>\n<meta property=\"article:modified_time\" content=\"2022-08-02T14:33:47+00:00\" \/>\n<meta name=\"twitter:card\" content=\"summary_large_image\" \/>\n<meta name=\"twitter:site\" content=\"@CienciaULL\" \/>\n<meta name=\"twitter:label1\" content=\"Tiempo de lectura\" \/>\n\t<meta name=\"twitter:data1\" content=\"1 minuto\" \/>\n<script type=\"application\/ld+json\" class=\"yoast-schema-graph\">{\"@context\":\"https:\/\/schema.org\",\"@graph\":[{\"@type\":\"WebPage\",\"@id\":\"https:\/\/www.ull.es\/portal\/hipotesis\/laboratorio-virtual\/ciencia-y-tecnologia\/taller-10-bernoulli-esta-en-todos-lados\/\",\"url\":\"https:\/\/www.ull.es\/portal\/hipotesis\/laboratorio-virtual\/ciencia-y-tecnologia\/taller-10-bernoulli-esta-en-todos-lados\/\",\"name\":\"Taller 10. \u00ab\u00a1Bernoulli est\u00e1 en todos lados!\u00bb - Hipotesis\",\"isPartOf\":{\"@id\":\"https:\/\/www.ull.es\/portal\/hipotesis\/#website\"},\"datePublished\":\"2022-07-20T12:23:43+00:00\",\"dateModified\":\"2022-08-02T14:33:47+00:00\",\"breadcrumb\":{\"@id\":\"https:\/\/www.ull.es\/portal\/hipotesis\/laboratorio-virtual\/ciencia-y-tecnologia\/taller-10-bernoulli-esta-en-todos-lados\/#breadcrumb\"},\"inLanguage\":\"es\",\"potentialAction\":[{\"@type\":\"ReadAction\",\"target\":[\"https:\/\/www.ull.es\/portal\/hipotesis\/laboratorio-virtual\/ciencia-y-tecnologia\/taller-10-bernoulli-esta-en-todos-lados\/\"]}]},{\"@type\":\"BreadcrumbList\",\"@id\":\"https:\/\/www.ull.es\/portal\/hipotesis\/laboratorio-virtual\/ciencia-y-tecnologia\/taller-10-bernoulli-esta-en-todos-lados\/#breadcrumb\",\"itemListElement\":[{\"@type\":\"ListItem\",\"position\":1,\"name\":\"Portada\",\"item\":\"https:\/\/www.ull.es\/portal\/hipotesis\/\"},{\"@type\":\"ListItem\",\"position\":2,\"name\":\"Laboratorio Virtual\",\"item\":\"https:\/\/www.ull.es\/portal\/hipotesis\/laboratorio-virtual\/\"},{\"@type\":\"ListItem\",\"position\":3,\"name\":\"Ciencia y Tecnolog\u00eda\",\"item\":\"https:\/\/www.ull.es\/portal\/hipotesis\/laboratorio-virtual\/ciencia-y-tecnologia\/\"},{\"@type\":\"ListItem\",\"position\":4,\"name\":\"Taller 10. \u00ab\u00a1Bernoulli est\u00e1 en todos lados!\u00bb\"}]},{\"@type\":\"WebSite\",\"@id\":\"https:\/\/www.ull.es\/portal\/hipotesis\/#website\",\"url\":\"https:\/\/www.ull.es\/portal\/hipotesis\/\",\"name\":\"Hipotesis\",\"description\":\"Unidad de Cultura Cient\u00edfica y de la Innovaci\u00f3n de la Universidad de La Laguna\",\"potentialAction\":[{\"@type\":\"SearchAction\",\"target\":{\"@type\":\"EntryPoint\",\"urlTemplate\":\"https:\/\/www.ull.es\/portal\/hipotesis\/?s={search_term_string}\"},\"query-input\":\"required name=search_term_string\"}],\"inLanguage\":\"es\"}]}<\/script>\n<!-- \/ Yoast SEO plugin. -->","yoast_head_json":{"title":"Taller 10. \u00ab\u00a1Bernoulli est\u00e1 en todos lados!\u00bb - Hipotesis","robots":{"index":"index","follow":"follow","max-snippet":"max-snippet:-1","max-image-preview":"max-image-preview:large","max-video-preview":"max-video-preview:-1"},"canonical":"https:\/\/www.ull.es\/portal\/hipotesis\/laboratorio-virtual\/ciencia-y-tecnologia\/taller-10-bernoulli-esta-en-todos-lados\/","og_locale":"es_ES","og_type":"article","og_title":"Taller 10. \u00ab\u00a1Bernoulli est\u00e1 en todos lados!\u00bb - Hipotesis","og_description":"[vc_row][vc_column][vc_custom_heading source=\u00bbpost_title\u00bb font_container=\u00bbtag:h2|text_align:left|color:%23dd9933&#8243; google_fonts=\u00bbfont_family:Roboto%20Slab%3A100%2C300%2Cregular%2C700|font_style:700%20bold%20regular%3A700%3Anormal\u00bb][vc_video link=\u00bbhttps:\/\/youtu.be\/yBSXlbbpw7s\u00bb][vc_empty_space][vc_column_text] Breve descripci\u00f3n El taller est\u00e1 orientado a ense\u00f1ar al alumnado a comprender el Teorema de Bernoulli, que puede explicar muchos efectos naturales a nuestro alrededor. El teorema de Bernoulli compara los diferenciales de energ\u00eda entre dos puntos de un sistema. Una de las conclusiones que se pueden extraer de este...","og_url":"https:\/\/www.ull.es\/portal\/hipotesis\/laboratorio-virtual\/ciencia-y-tecnologia\/taller-10-bernoulli-esta-en-todos-lados\/","og_site_name":"Hipotesis","article_publisher":"https:\/\/www.facebook.com\/CienciaULL\/","article_modified_time":"2022-08-02T14:33:47+00:00","twitter_card":"summary_large_image","twitter_site":"@CienciaULL","twitter_misc":{"Tiempo de lectura":"1 minuto"},"schema":{"@context":"https:\/\/schema.org","@graph":[{"@type":"WebPage","@id":"https:\/\/www.ull.es\/portal\/hipotesis\/laboratorio-virtual\/ciencia-y-tecnologia\/taller-10-bernoulli-esta-en-todos-lados\/","url":"https:\/\/www.ull.es\/portal\/hipotesis\/laboratorio-virtual\/ciencia-y-tecnologia\/taller-10-bernoulli-esta-en-todos-lados\/","name":"Taller 10. \u00ab\u00a1Bernoulli est\u00e1 en todos lados!\u00bb - Hipotesis","isPartOf":{"@id":"https:\/\/www.ull.es\/portal\/hipotesis\/#website"},"datePublished":"2022-07-20T12:23:43+00:00","dateModified":"2022-08-02T14:33:47+00:00","breadcrumb":{"@id":"https:\/\/www.ull.es\/portal\/hipotesis\/laboratorio-virtual\/ciencia-y-tecnologia\/taller-10-bernoulli-esta-en-todos-lados\/#breadcrumb"},"inLanguage":"es","potentialAction":[{"@type":"ReadAction","target":["https:\/\/www.ull.es\/portal\/hipotesis\/laboratorio-virtual\/ciencia-y-tecnologia\/taller-10-bernoulli-esta-en-todos-lados\/"]}]},{"@type":"BreadcrumbList","@id":"https:\/\/www.ull.es\/portal\/hipotesis\/laboratorio-virtual\/ciencia-y-tecnologia\/taller-10-bernoulli-esta-en-todos-lados\/#breadcrumb","itemListElement":[{"@type":"ListItem","position":1,"name":"Portada","item":"https:\/\/www.ull.es\/portal\/hipotesis\/"},{"@type":"ListItem","position":2,"name":"Laboratorio Virtual","item":"https:\/\/www.ull.es\/portal\/hipotesis\/laboratorio-virtual\/"},{"@type":"ListItem","position":3,"name":"Ciencia y Tecnolog\u00eda","item":"https:\/\/www.ull.es\/portal\/hipotesis\/laboratorio-virtual\/ciencia-y-tecnologia\/"},{"@type":"ListItem","position":4,"name":"Taller 10. \u00ab\u00a1Bernoulli est\u00e1 en todos lados!\u00bb"}]},{"@type":"WebSite","@id":"https:\/\/www.ull.es\/portal\/hipotesis\/#website","url":"https:\/\/www.ull.es\/portal\/hipotesis\/","name":"Hipotesis","description":"Unidad de Cultura Cient\u00edfica y de la Innovaci\u00f3n de la Universidad de La Laguna","potentialAction":[{"@type":"SearchAction","target":{"@type":"EntryPoint","urlTemplate":"https:\/\/www.ull.es\/portal\/hipotesis\/?s={search_term_string}"},"query-input":"required name=search_term_string"}],"inLanguage":"es"}]}},"_links":{"self":[{"href":"https:\/\/www.ull.es\/portal\/hipotesis\/wp-json\/wp\/v2\/pages\/17164"}],"collection":[{"href":"https:\/\/www.ull.es\/portal\/hipotesis\/wp-json\/wp\/v2\/pages"}],"about":[{"href":"https:\/\/www.ull.es\/portal\/hipotesis\/wp-json\/wp\/v2\/types\/page"}],"author":[{"embeddable":true,"href":"https:\/\/www.ull.es\/portal\/hipotesis\/wp-json\/wp\/v2\/users\/56"}],"replies":[{"embeddable":true,"href":"https:\/\/www.ull.es\/portal\/hipotesis\/wp-json\/wp\/v2\/comments?post=17164"}],"version-history":[{"count":3,"href":"https:\/\/www.ull.es\/portal\/hipotesis\/wp-json\/wp\/v2\/pages\/17164\/revisions"}],"predecessor-version":[{"id":17671,"href":"https:\/\/www.ull.es\/portal\/hipotesis\/wp-json\/wp\/v2\/pages\/17164\/revisions\/17671"}],"up":[{"embeddable":true,"href":"https:\/\/www.ull.es\/portal\/hipotesis\/wp-json\/wp\/v2\/pages\/9430"}],"wp:attachment":[{"href":"https:\/\/www.ull.es\/portal\/hipotesis\/wp-json\/wp\/v2\/media?parent=17164"}],"curies":[{"name":"wp","href":"https:\/\/api.w.org\/{rel}","templated":true}]}}