{"id":20133,"date":"2022-12-22T11:34:41","date_gmt":"2022-12-22T11:34:41","guid":{"rendered":"https:\/\/www.ull.es\/portal\/hipotesis\/?page_id=20133"},"modified":"2022-12-23T09:21:42","modified_gmt":"2022-12-23T09:21:42","slug":"taller-13-creando-un-fosil","status":"publish","type":"page","link":"https:\/\/www.ull.es\/portal\/hipotesis\/laboratorio-virtual\/ciencia-y-tecnologia\/taller-13-creando-un-fosil\/","title":{"rendered":"Taller 13. \u00abCreando un f\u00f3sil\u00bb"},"content":{"rendered":"<p>[vc_row][vc_column][vc_custom_heading source=\u00bbpost_title\u00bb font_container=\u00bbtag:h2|text_align:left|color:%23dd9933&#8243; google_fonts=\u00bbfont_family:Roboto%20Slab%3A100%2C300%2Cregular%2C700|font_style:700%20bold%20regular%3A700%3Anormal\u00bb][vc_video link=\u00bbhttps:\/\/youtu.be\/j1qjyigER6A\u00bb][vc_empty_space][vc_column_text]<\/p>\n<table style=\"height: 31px\" width=\"969\">\n<tbody>\n<tr>\n<td width=\"118\"><strong>Breve descripci\u00f3n<\/strong><\/td>\n<\/tr>\n<tr>\n<td style=\"text-align: justify\">En este taller se da a conocer qu\u00e9 es la paleontolog\u00eda y lo que se estudia. Adem\u00e1s, se explica en que consiste el proceso de fosilizaci\u00f3n. Asimismo, de manera pr\u00e1ctica se muestra al alumnado c\u00f3mo pueden crear sus propios moldes de f\u00f3siles (en caso de que tengan) o de alg\u00fan otro objeto que pueda simular f\u00f3sil.<\/td>\n<\/tr>\n<\/tbody>\n<\/table>\n<p>[\/vc_column_text][vc_column_text]<\/p>\n<table style=\"height: 92px\" width=\"653\">\n<tbody>\n<tr>\n<td width=\"152\"><strong>Publico al que se dirige<\/strong><\/td>\n<td width=\"80\"><strong>Duraci\u00f3n<\/strong><\/td>\n<\/tr>\n<tr>\n<td>Alumnado de ESO y Bachillerato<\/td>\n<td>30 minutos &#8211; 1 hora<\/td>\n<\/tr>\n<\/tbody>\n<\/table>\n<p>[\/vc_column_text][vc_column_text]<\/p>\n<table style=\"height: 116px\" width=\"367\">\n<tbody>\n<tr>\n<td width=\"152\"><strong>Materiales y recursos<\/strong><\/td>\n<\/tr>\n<tr>\n<td>\n<ul>\n<li>Yeso<\/li>\n<li>Agua<\/li>\n<li>Una cuchara<\/li>\n<li>Un vaso<\/li>\n<li>Un recipiente<\/li>\n<li>Arena o plastilina<\/li>\n<li>Vaselina<\/li>\n<li>Lo que se vaya a usar para el molde (un f\u00f3sil o un mu\u00f1eco)<\/li>\n<\/ul>\n<\/td>\n<\/tr>\n<\/tbody>\n<\/table>\n<p>[\/vc_column_text][vc_column_text]<\/p>\n<table style=\"height: 71px\" width=\"390\">\n<tbody>\n<tr>\n<td width=\"152\"><strong>Investigador<\/strong><\/td>\n<td width=\"152\">\u00a0Elena Cadavid Melero<\/td>\n<\/tr>\n<tr>\n<td><strong>Departamento<br \/>\n<\/strong><\/td>\n<td>Biolog\u00eda Animal, Edafolog\u00eda y Geolog\u00eda<\/td>\n<\/tr>\n<\/tbody>\n<\/table>\n<p>[\/vc_column_text][vc_empty_space][vc_btn title=\u00bbDescargar ficha del taller\u00bb color=\u00bbwarning\u00bb align=\u00bbcenter\u00bb link=\u00bburl:https%3A%2F%2Fdrive.google.com%2Ffile%2Fd%2F1NxoxAPElrgMFAnS1BhI6D8lyHqc5OtRA%2Fview%3Fusp%3Dsharing|target:_blank\u00bb][\/vc_column][\/vc_row]<\/p>\n","protected":false},"excerpt":{"rendered":"<p>[vc_row][vc_column][vc_custom_heading source=\u00bbpost_title\u00bb font_container=\u00bbtag:h2|text_align:left|color:%23dd9933&#8243; google_fonts=\u00bbfont_family:Roboto%20Slab%3A100%2C300%2Cregular%2C700|font_style:700%20bold%20regular%3A700%3Anormal\u00bb][vc_video link=\u00bbhttps:\/\/youtu.be\/j1qjyigER6A\u00bb][vc_empty_space][vc_column_text] Breve descripci\u00f3n En este taller se da a conocer qu\u00e9 es la paleontolog\u00eda y lo que se estudia. Adem\u00e1s, se explica en que consiste el proceso de fosilizaci\u00f3n. Asimismo, de manera pr\u00e1ctica se muestra al alumnado c\u00f3mo pueden crear sus propios moldes de f\u00f3siles (en caso de que tengan) o&#8230;<\/p>\n","protected":false},"author":56,"featured_media":0,"parent":9430,"menu_order":13,"comment_status":"closed","ping_status":"closed","template":"","meta":{"inline_featured_image":false,"footnotes":""},"acf":[],"yoast_head":"<!-- This site is optimized with the Yoast SEO plugin v21.3 - https:\/\/yoast.com\/wordpress\/plugins\/seo\/ -->\n<title>Taller 13. \u00abCreando un f\u00f3sil\u00bb - Hipotesis<\/title>\n<meta name=\"robots\" content=\"index, follow, max-snippet:-1, max-image-preview:large, max-video-preview:-1\" \/>\n<link rel=\"canonical\" href=\"https:\/\/www.ull.es\/portal\/hipotesis\/laboratorio-virtual\/ciencia-y-tecnologia\/taller-13-creando-un-fosil\/\" \/>\n<meta property=\"og:locale\" content=\"es_ES\" \/>\n<meta property=\"og:type\" content=\"article\" \/>\n<meta property=\"og:title\" content=\"Taller 13. \u00abCreando un f\u00f3sil\u00bb - Hipotesis\" \/>\n<meta property=\"og:description\" content=\"[vc_row][vc_column][vc_custom_heading source=\u00bbpost_title\u00bb font_container=\u00bbtag:h2|text_align:left|color:%23dd9933&#8243; google_fonts=\u00bbfont_family:Roboto%20Slab%3A100%2C300%2Cregular%2C700|font_style:700%20bold%20regular%3A700%3Anormal\u00bb][vc_video link=\u00bbhttps:\/\/youtu.be\/j1qjyigER6A\u00bb][vc_empty_space][vc_column_text] Breve descripci\u00f3n En este taller se da a conocer qu\u00e9 es la paleontolog\u00eda y lo que se estudia. Adem\u00e1s, se explica en que consiste el proceso de fosilizaci\u00f3n. Asimismo, de manera pr\u00e1ctica se muestra al alumnado c\u00f3mo pueden crear sus propios moldes de f\u00f3siles (en caso de que tengan) o...\" \/>\n<meta property=\"og:url\" content=\"https:\/\/www.ull.es\/portal\/hipotesis\/laboratorio-virtual\/ciencia-y-tecnologia\/taller-13-creando-un-fosil\/\" \/>\n<meta property=\"og:site_name\" content=\"Hipotesis\" \/>\n<meta property=\"article:publisher\" content=\"https:\/\/www.facebook.com\/CienciaULL\/\" \/>\n<meta property=\"article:modified_time\" content=\"2022-12-23T09:21:42+00:00\" \/>\n<meta name=\"twitter:card\" content=\"summary_large_image\" \/>\n<meta name=\"twitter:site\" content=\"@CienciaULL\" \/>\n<meta name=\"twitter:label1\" content=\"Tiempo de lectura\" \/>\n\t<meta name=\"twitter:data1\" content=\"1 minuto\" \/>\n<script type=\"application\/ld+json\" class=\"yoast-schema-graph\">{\"@context\":\"https:\/\/schema.org\",\"@graph\":[{\"@type\":\"WebPage\",\"@id\":\"https:\/\/www.ull.es\/portal\/hipotesis\/laboratorio-virtual\/ciencia-y-tecnologia\/taller-13-creando-un-fosil\/\",\"url\":\"https:\/\/www.ull.es\/portal\/hipotesis\/laboratorio-virtual\/ciencia-y-tecnologia\/taller-13-creando-un-fosil\/\",\"name\":\"Taller 13. \u00abCreando un f\u00f3sil\u00bb - Hipotesis\",\"isPartOf\":{\"@id\":\"https:\/\/www.ull.es\/portal\/hipotesis\/#website\"},\"datePublished\":\"2022-12-22T11:34:41+00:00\",\"dateModified\":\"2022-12-23T09:21:42+00:00\",\"breadcrumb\":{\"@id\":\"https:\/\/www.ull.es\/portal\/hipotesis\/laboratorio-virtual\/ciencia-y-tecnologia\/taller-13-creando-un-fosil\/#breadcrumb\"},\"inLanguage\":\"es\",\"potentialAction\":[{\"@type\":\"ReadAction\",\"target\":[\"https:\/\/www.ull.es\/portal\/hipotesis\/laboratorio-virtual\/ciencia-y-tecnologia\/taller-13-creando-un-fosil\/\"]}]},{\"@type\":\"BreadcrumbList\",\"@id\":\"https:\/\/www.ull.es\/portal\/hipotesis\/laboratorio-virtual\/ciencia-y-tecnologia\/taller-13-creando-un-fosil\/#breadcrumb\",\"itemListElement\":[{\"@type\":\"ListItem\",\"position\":1,\"name\":\"Portada\",\"item\":\"https:\/\/www.ull.es\/portal\/hipotesis\/\"},{\"@type\":\"ListItem\",\"position\":2,\"name\":\"Laboratorio Virtual\",\"item\":\"https:\/\/www.ull.es\/portal\/hipotesis\/laboratorio-virtual\/\"},{\"@type\":\"ListItem\",\"position\":3,\"name\":\"Ciencia y Tecnolog\u00eda\",\"item\":\"https:\/\/www.ull.es\/portal\/hipotesis\/laboratorio-virtual\/ciencia-y-tecnologia\/\"},{\"@type\":\"ListItem\",\"position\":4,\"name\":\"Taller 13. \u00abCreando un f\u00f3sil\u00bb\"}]},{\"@type\":\"WebSite\",\"@id\":\"https:\/\/www.ull.es\/portal\/hipotesis\/#website\",\"url\":\"https:\/\/www.ull.es\/portal\/hipotesis\/\",\"name\":\"Hipotesis\",\"description\":\"Unidad de Cultura Cient\u00edfica y de la Innovaci\u00f3n de la Universidad de La Laguna\",\"potentialAction\":[{\"@type\":\"SearchAction\",\"target\":{\"@type\":\"EntryPoint\",\"urlTemplate\":\"https:\/\/www.ull.es\/portal\/hipotesis\/?s={search_term_string}\"},\"query-input\":\"required name=search_term_string\"}],\"inLanguage\":\"es\"}]}<\/script>\n<!-- \/ Yoast SEO plugin. -->","yoast_head_json":{"title":"Taller 13. \u00abCreando un f\u00f3sil\u00bb - Hipotesis","robots":{"index":"index","follow":"follow","max-snippet":"max-snippet:-1","max-image-preview":"max-image-preview:large","max-video-preview":"max-video-preview:-1"},"canonical":"https:\/\/www.ull.es\/portal\/hipotesis\/laboratorio-virtual\/ciencia-y-tecnologia\/taller-13-creando-un-fosil\/","og_locale":"es_ES","og_type":"article","og_title":"Taller 13. \u00abCreando un f\u00f3sil\u00bb - Hipotesis","og_description":"[vc_row][vc_column][vc_custom_heading source=\u00bbpost_title\u00bb font_container=\u00bbtag:h2|text_align:left|color:%23dd9933&#8243; google_fonts=\u00bbfont_family:Roboto%20Slab%3A100%2C300%2Cregular%2C700|font_style:700%20bold%20regular%3A700%3Anormal\u00bb][vc_video link=\u00bbhttps:\/\/youtu.be\/j1qjyigER6A\u00bb][vc_empty_space][vc_column_text] Breve descripci\u00f3n En este taller se da a conocer qu\u00e9 es la paleontolog\u00eda y lo que se estudia. Adem\u00e1s, se explica en que consiste el proceso de fosilizaci\u00f3n. Asimismo, de manera pr\u00e1ctica se muestra al alumnado c\u00f3mo pueden crear sus propios moldes de f\u00f3siles (en caso de que tengan) o...","og_url":"https:\/\/www.ull.es\/portal\/hipotesis\/laboratorio-virtual\/ciencia-y-tecnologia\/taller-13-creando-un-fosil\/","og_site_name":"Hipotesis","article_publisher":"https:\/\/www.facebook.com\/CienciaULL\/","article_modified_time":"2022-12-23T09:21:42+00:00","twitter_card":"summary_large_image","twitter_site":"@CienciaULL","twitter_misc":{"Tiempo de lectura":"1 minuto"},"schema":{"@context":"https:\/\/schema.org","@graph":[{"@type":"WebPage","@id":"https:\/\/www.ull.es\/portal\/hipotesis\/laboratorio-virtual\/ciencia-y-tecnologia\/taller-13-creando-un-fosil\/","url":"https:\/\/www.ull.es\/portal\/hipotesis\/laboratorio-virtual\/ciencia-y-tecnologia\/taller-13-creando-un-fosil\/","name":"Taller 13. \u00abCreando un f\u00f3sil\u00bb - Hipotesis","isPartOf":{"@id":"https:\/\/www.ull.es\/portal\/hipotesis\/#website"},"datePublished":"2022-12-22T11:34:41+00:00","dateModified":"2022-12-23T09:21:42+00:00","breadcrumb":{"@id":"https:\/\/www.ull.es\/portal\/hipotesis\/laboratorio-virtual\/ciencia-y-tecnologia\/taller-13-creando-un-fosil\/#breadcrumb"},"inLanguage":"es","potentialAction":[{"@type":"ReadAction","target":["https:\/\/www.ull.es\/portal\/hipotesis\/laboratorio-virtual\/ciencia-y-tecnologia\/taller-13-creando-un-fosil\/"]}]},{"@type":"BreadcrumbList","@id":"https:\/\/www.ull.es\/portal\/hipotesis\/laboratorio-virtual\/ciencia-y-tecnologia\/taller-13-creando-un-fosil\/#breadcrumb","itemListElement":[{"@type":"ListItem","position":1,"name":"Portada","item":"https:\/\/www.ull.es\/portal\/hipotesis\/"},{"@type":"ListItem","position":2,"name":"Laboratorio Virtual","item":"https:\/\/www.ull.es\/portal\/hipotesis\/laboratorio-virtual\/"},{"@type":"ListItem","position":3,"name":"Ciencia y Tecnolog\u00eda","item":"https:\/\/www.ull.es\/portal\/hipotesis\/laboratorio-virtual\/ciencia-y-tecnologia\/"},{"@type":"ListItem","position":4,"name":"Taller 13. \u00abCreando un f\u00f3sil\u00bb"}]},{"@type":"WebSite","@id":"https:\/\/www.ull.es\/portal\/hipotesis\/#website","url":"https:\/\/www.ull.es\/portal\/hipotesis\/","name":"Hipotesis","description":"Unidad de Cultura Cient\u00edfica y de la Innovaci\u00f3n de la Universidad de La Laguna","potentialAction":[{"@type":"SearchAction","target":{"@type":"EntryPoint","urlTemplate":"https:\/\/www.ull.es\/portal\/hipotesis\/?s={search_term_string}"},"query-input":"required name=search_term_string"}],"inLanguage":"es"}]}},"_links":{"self":[{"href":"https:\/\/www.ull.es\/portal\/hipotesis\/wp-json\/wp\/v2\/pages\/20133"}],"collection":[{"href":"https:\/\/www.ull.es\/portal\/hipotesis\/wp-json\/wp\/v2\/pages"}],"about":[{"href":"https:\/\/www.ull.es\/portal\/hipotesis\/wp-json\/wp\/v2\/types\/page"}],"author":[{"embeddable":true,"href":"https:\/\/www.ull.es\/portal\/hipotesis\/wp-json\/wp\/v2\/users\/56"}],"replies":[{"embeddable":true,"href":"https:\/\/www.ull.es\/portal\/hipotesis\/wp-json\/wp\/v2\/comments?post=20133"}],"version-history":[{"count":9,"href":"https:\/\/www.ull.es\/portal\/hipotesis\/wp-json\/wp\/v2\/pages\/20133\/revisions"}],"predecessor-version":[{"id":20148,"href":"https:\/\/www.ull.es\/portal\/hipotesis\/wp-json\/wp\/v2\/pages\/20133\/revisions\/20148"}],"up":[{"embeddable":true,"href":"https:\/\/www.ull.es\/portal\/hipotesis\/wp-json\/wp\/v2\/pages\/9430"}],"wp:attachment":[{"href":"https:\/\/www.ull.es\/portal\/hipotesis\/wp-json\/wp\/v2\/media?parent=20133"}],"curies":[{"name":"wp","href":"https:\/\/api.w.org\/{rel}","templated":true}]}}