{"id":2405,"date":"2020-04-03T12:15:44","date_gmt":"2020-04-03T12:15:44","guid":{"rendered":"https:\/\/www.ull.es\/portal\/hipotesis\/?page_id=2405"},"modified":"2022-12-25T05:28:52","modified_gmt":"2022-12-25T05:28:52","slug":"equipo","status":"publish","type":"page","link":"https:\/\/www.ull.es\/portal\/hipotesis\/inicio-3\/equipo\/","title":{"rendered":"Equipo"},"content":{"rendered":"<p>[vc_row][vc_column css=\u00bb.vc_custom_1587429838603{margin-top: 5px !important;margin-bottom: 5px !important;border-top-width: 5px !important;border-bottom-width: 5px !important;padding-top: 5px !important;padding-bottom: 5px !important;}\u00bb][vc_custom_heading source=\u00bbpost_title\u00bb font_container=\u00bbtag:h1|text_align:center\u00bb google_fonts=\u00bbfont_family:Roboto%20Slab%3A100%2C300%2Cregular%2C700|font_style:700%20bold%20regular%3A700%3Anormal\u00bb css=\u00bb.vc_custom_1671624535406{margin-bottom: 0px !important;border-bottom-width: 0px !important;padding-bottom: 0px !important;}\u00bb][\/vc_column][\/vc_row][vc_row][vc_column width=\u00bb1\/2&#8243;][vc_empty_space height=\u00bb30px\u00bb][vc_column_text]<\/p>\n<p style=\"text-align: center\"><strong>Direcci\u00f3n cient\u00edfica<\/strong><\/p>\n<p style=\"text-align: center\">Antonio Eff-Darwich Pe\u00f1a<\/p>\n<p>[\/vc_column_text][vc_empty_space height=\u00bb30px\u00bb][vc_separator css=\u00bb.vc_custom_1671625192476{margin-top: -2px !important;border-top-width: -2px !important;padding-top: -2px !important;}\u00bb][\/vc_column][vc_column width=\u00bb1\/2&#8243;][vc_empty_space height=\u00bb30px\u00bb][vc_column_text]<\/p>\n<p style=\"text-align: center\"><b>Coordinaci\u00f3n t\u00e9cnica <\/b><b>y econ\u00f3mica<\/b><\/p>\n<p style=\"text-align: center\">Laura Garc\u00eda Donate<\/p>\n<p>[\/vc_column_text][vc_empty_space height=\u00bb30px\u00bb][vc_separator][\/vc_column][\/vc_row][vc_row][vc_column width=\u00bb1\/2&#8243;][vc_empty_space height=\u00bb15px\u00bb][vc_column_text]<\/p>\n<p style=\"text-align: center\"><b>\u00c1rea de Vocaciones Cient\u00edficas<\/b><\/p>\n<p>[\/vc_column_text][vc_column_text css=\u00bb.vc_custom_1671945393814{margin-top: 6px !important;border-top-width: 6px !important;padding-top: 6px !important;}\u00bb]<\/p>\n<p style=\"text-align: center\"><span style=\"font-weight: 400\">Yolanda D\u00edaz Hern\u00e1ndez<\/span><\/p>\n<p style=\"text-align: center\"><span style=\"font-weight: 400\">Haridian Gonz\u00e1lez Gonz\u00e1lez<\/span><\/p>\n<p style=\"text-align: center\"><span style=\"font-weight: 400\">Mariana Berazategui Tricanico<\/span><\/p>\n<p style=\"text-align: center\"><span style=\"font-weight: 400\">Yaiza Mart\u00edn Garc\u00eda<\/span><\/p>\n<p style=\"text-align: center\"><span style=\"font-weight: 400\">Eduardo Hdez C\u00f3rdoba (Beca Formativa)<\/span><\/p>\n<p style=\"text-align: center\"><span style=\"font-weight: 400\">Mar\u00eda Betsab\u00e9 D\u00edaz Le\u00f3n (Beca Formativa)<\/span><\/p>\n<p style=\"text-align: center\"><span style=\"font-weight: 400\">Johanna Marrero Verde (Beca Formativa)<\/span><\/p>\n<p>[\/vc_column_text][vc_empty_space height=\u00bb15px\u00bb][vc_column_text]<\/p>\n<p style=\"text-align: center\"><b>\u00c1rea de An\u00e1lisis<\/b><\/p>\n<p>[\/vc_column_text][vc_column_text]<\/p>\n<p style=\"text-align: center\"><span style=\"font-weight: 400\">Paola Garc\u00eda Luis<\/span><\/p>\n<p>[\/vc_column_text][\/vc_column][vc_column width=\u00bb1\/2&#8243;][vc_empty_space height=\u00bb15px\u00bb][vc_column_text]<\/p>\n<p style=\"text-align: center\"><b>\u00c1rea de Comunicaci\u00f3n Cient\u00edfica<\/b><\/p>\n<p>[\/vc_column_text][vc_column_text css=\u00bb.vc_custom_1671653250101{margin-top: 6px !important;border-top-width: 6px !important;padding-top: 6px !important;}\u00bb]<\/p>\n<p style=\"text-align: center\"><span style=\"font-weight: 400\">Kevin P\u00e9rez Vargas<\/span><\/p>\n<p style=\"text-align: center\"><span style=\"font-weight: 400\">Pablo Santos Blechmit<\/span><\/p>\n<p style=\"text-align: center\"><span style=\"font-weight: 400\">Diego Delgado Rodr\u00edguez<\/span><\/p>\n<p style=\"text-align: center\"><span style=\"font-weight: 400\">Juan Jos\u00e9 Mart\u00edn Su\u00e1rez<\/span><\/p>\n<p style=\"text-align: center\"><span style=\"font-weight: 400\">Eduardo Negr\u00edn Torres (Externo)<\/span><\/p>\n<p style=\"text-align: center\"><span style=\"font-weight: 400\">Carla Garrido Puerta (Externo)<\/span><\/p>\n<p>[\/vc_column_text][vc_empty_space height=\u00bb50px\u00bb][vc_column_text]<\/p>\n<p style=\"text-align: center\"><b>\u00c1rea de Gesti\u00f3n Econ\u00f3mica<\/b><\/p>\n<p>[\/vc_column_text][vc_column_text]<\/p>\n<p style=\"text-align: center\"><span style=\"font-weight: 400\">Charmaine Mor\u00edn Pantorrilla<\/span><\/p>\n<p>[\/vc_column_text][\/vc_column][\/vc_row][vc_row][vc_column css=\u00bb.vc_custom_1671627133484{margin-top: -265px !important;margin-left: 180px !important;}\u00bb][vc_empty_space height=\u00bb100px\u00bb][vc_single_image source=\u00bbexternal_link\u00bb custom_src=\u00bbhttps:\/\/s3.gifyu.com\/images\/Equipo-de-trabajo.png\u00bb css=\u00bb.vc_custom_1671946128181{margin-top: 75px !important;border-top-width: 75px !important;padding-top: 75px !important;}\u00bb][\/vc_column][\/vc_row]<\/p>\n","protected":false},"excerpt":{"rendered":"<p>[vc_row][vc_column css=\u00bb.vc_custom_1587429838603{margin-top: 5px !important;margin-bottom: 5px !important;border-top-width: 5px !important;border-bottom-width: 5px !important;padding-top: 5px !important;padding-bottom: 5px !important;}\u00bb][vc_custom_heading source=\u00bbpost_title\u00bb font_container=\u00bbtag:h1|text_align:center\u00bb google_fonts=\u00bbfont_family:Roboto%20Slab%3A100%2C300%2Cregular%2C700|font_style:700%20bold%20regular%3A700%3Anormal\u00bb css=\u00bb.vc_custom_1671624535406{margin-bottom: 0px !important;border-bottom-width: 0px !important;padding-bottom: 0px !important;}\u00bb][\/vc_column][\/vc_row][vc_row][vc_column width=\u00bb1\/2&#8243;][vc_empty_space height=\u00bb30px\u00bb][vc_column_text] Direcci\u00f3n cient\u00edfica Antonio Eff-Darwich Pe\u00f1a [\/vc_column_text][vc_empty_space height=\u00bb30px\u00bb][vc_separator css=\u00bb.vc_custom_1671625192476{margin-top: -2px !important;border-top-width: -2px !important;padding-top: -2px !important;}\u00bb][\/vc_column][vc_column width=\u00bb1\/2&#8243;][vc_empty_space height=\u00bb30px\u00bb][vc_column_text] Coordinaci\u00f3n t\u00e9cnica y econ\u00f3mica Laura Garc\u00eda Donate [\/vc_column_text][vc_empty_space height=\u00bb30px\u00bb][vc_separator][\/vc_column][\/vc_row][vc_row][vc_column width=\u00bb1\/2&#8243;][vc_empty_space height=\u00bb15px\u00bb][vc_column_text] \u00c1rea de&#8230;<\/p>\n","protected":false},"author":56,"featured_media":0,"parent":415,"menu_order":3,"comment_status":"closed","ping_status":"closed","template":"","meta":{"inline_featured_image":false,"footnotes":""},"acf":[],"yoast_head":"<!-- This site is optimized with the Yoast SEO plugin v21.3 - https:\/\/yoast.com\/wordpress\/plugins\/seo\/ -->\n<title>Equipo - Hipotesis<\/title>\n<meta name=\"robots\" content=\"index, follow, max-snippet:-1, max-image-preview:large, max-video-preview:-1\" \/>\n<link rel=\"canonical\" href=\"https:\/\/www.ull.es\/portal\/hipotesis\/inicio\/equipo\/\" \/>\n<meta property=\"og:locale\" content=\"es_ES\" \/>\n<meta property=\"og:type\" content=\"article\" \/>\n<meta property=\"og:title\" content=\"Equipo - Hipotesis\" \/>\n<meta property=\"og:description\" content=\"[vc_row][vc_column css=\u00bb.vc_custom_1587429838603{margin-top: 5px !important;margin-bottom: 5px !important;border-top-width: 5px !important;border-bottom-width: 5px !important;padding-top: 5px !important;padding-bottom: 5px !important;}\u00bb][vc_custom_heading source=\u00bbpost_title\u00bb font_container=\u00bbtag:h1|text_align:center\u00bb google_fonts=\u00bbfont_family:Roboto%20Slab%3A100%2C300%2Cregular%2C700|font_style:700%20bold%20regular%3A700%3Anormal\u00bb css=\u00bb.vc_custom_1671624535406{margin-bottom: 0px !important;border-bottom-width: 0px !important;padding-bottom: 0px !important;}\u00bb][\/vc_column][\/vc_row][vc_row][vc_column width=\u00bb1\/2&#8243;][vc_empty_space height=\u00bb30px\u00bb][vc_column_text] Direcci\u00f3n cient\u00edfica Antonio Eff-Darwich Pe\u00f1a [\/vc_column_text][vc_empty_space height=\u00bb30px\u00bb][vc_separator css=\u00bb.vc_custom_1671625192476{margin-top: -2px !important;border-top-width: -2px !important;padding-top: -2px !important;}\u00bb][\/vc_column][vc_column width=\u00bb1\/2&#8243;][vc_empty_space height=\u00bb30px\u00bb][vc_column_text] Coordinaci\u00f3n t\u00e9cnica y econ\u00f3mica Laura Garc\u00eda Donate [\/vc_column_text][vc_empty_space height=\u00bb30px\u00bb][vc_separator][\/vc_column][\/vc_row][vc_row][vc_column width=\u00bb1\/2&#8243;][vc_empty_space height=\u00bb15px\u00bb][vc_column_text] \u00c1rea de...\" \/>\n<meta property=\"og:url\" content=\"https:\/\/www.ull.es\/portal\/hipotesis\/inicio\/equipo\/\" \/>\n<meta property=\"og:site_name\" content=\"Hipotesis\" \/>\n<meta property=\"article:publisher\" content=\"https:\/\/www.facebook.com\/CienciaULL\/\" \/>\n<meta property=\"article:modified_time\" content=\"2022-12-25T05:28:52+00:00\" \/>\n<meta name=\"twitter:card\" content=\"summary_large_image\" \/>\n<meta name=\"twitter:site\" content=\"@CienciaULL\" \/>\n<meta name=\"twitter:label1\" content=\"Tiempo de lectura\" \/>\n\t<meta name=\"twitter:data1\" content=\"1 minuto\" \/>\n<script type=\"application\/ld+json\" class=\"yoast-schema-graph\">{\"@context\":\"https:\/\/schema.org\",\"@graph\":[{\"@type\":\"WebPage\",\"@id\":\"https:\/\/www.ull.es\/portal\/hipotesis\/inicio\/equipo\/\",\"url\":\"https:\/\/www.ull.es\/portal\/hipotesis\/inicio\/equipo\/\",\"name\":\"Equipo - Hipotesis\",\"isPartOf\":{\"@id\":\"https:\/\/www.ull.es\/portal\/hipotesis\/#website\"},\"datePublished\":\"2020-04-03T12:15:44+00:00\",\"dateModified\":\"2022-12-25T05:28:52+00:00\",\"breadcrumb\":{\"@id\":\"https:\/\/www.ull.es\/portal\/hipotesis\/inicio\/equipo\/#breadcrumb\"},\"inLanguage\":\"es\",\"potentialAction\":[{\"@type\":\"ReadAction\",\"target\":[\"https:\/\/www.ull.es\/portal\/hipotesis\/inicio\/equipo\/\"]}]},{\"@type\":\"BreadcrumbList\",\"@id\":\"https:\/\/www.ull.es\/portal\/hipotesis\/inicio\/equipo\/#breadcrumb\",\"itemListElement\":[{\"@type\":\"ListItem\",\"position\":1,\"name\":\"Portada\",\"item\":\"https:\/\/www.ull.es\/portal\/hipotesis\/\"},{\"@type\":\"ListItem\",\"position\":2,\"name\":\"Inicio\",\"item\":\"https:\/\/www.ull.es\/portal\/hipotesis\/inicio-3\/\"},{\"@type\":\"ListItem\",\"position\":3,\"name\":\"Equipo\"}]},{\"@type\":\"WebSite\",\"@id\":\"https:\/\/www.ull.es\/portal\/hipotesis\/#website\",\"url\":\"https:\/\/www.ull.es\/portal\/hipotesis\/\",\"name\":\"Hipotesis\",\"description\":\"Unidad de Cultura Cient\u00edfica y de la Innovaci\u00f3n de la Universidad de La Laguna\",\"potentialAction\":[{\"@type\":\"SearchAction\",\"target\":{\"@type\":\"EntryPoint\",\"urlTemplate\":\"https:\/\/www.ull.es\/portal\/hipotesis\/?s={search_term_string}\"},\"query-input\":\"required name=search_term_string\"}],\"inLanguage\":\"es\"}]}<\/script>\n<!-- \/ Yoast SEO plugin. -->","yoast_head_json":{"title":"Equipo - Hipotesis","robots":{"index":"index","follow":"follow","max-snippet":"max-snippet:-1","max-image-preview":"max-image-preview:large","max-video-preview":"max-video-preview:-1"},"canonical":"https:\/\/www.ull.es\/portal\/hipotesis\/inicio\/equipo\/","og_locale":"es_ES","og_type":"article","og_title":"Equipo - Hipotesis","og_description":"[vc_row][vc_column css=\u00bb.vc_custom_1587429838603{margin-top: 5px !important;margin-bottom: 5px !important;border-top-width: 5px !important;border-bottom-width: 5px !important;padding-top: 5px !important;padding-bottom: 5px !important;}\u00bb][vc_custom_heading source=\u00bbpost_title\u00bb font_container=\u00bbtag:h1|text_align:center\u00bb google_fonts=\u00bbfont_family:Roboto%20Slab%3A100%2C300%2Cregular%2C700|font_style:700%20bold%20regular%3A700%3Anormal\u00bb css=\u00bb.vc_custom_1671624535406{margin-bottom: 0px !important;border-bottom-width: 0px !important;padding-bottom: 0px !important;}\u00bb][\/vc_column][\/vc_row][vc_row][vc_column width=\u00bb1\/2&#8243;][vc_empty_space height=\u00bb30px\u00bb][vc_column_text] Direcci\u00f3n cient\u00edfica Antonio Eff-Darwich Pe\u00f1a [\/vc_column_text][vc_empty_space height=\u00bb30px\u00bb][vc_separator css=\u00bb.vc_custom_1671625192476{margin-top: -2px !important;border-top-width: -2px !important;padding-top: -2px !important;}\u00bb][\/vc_column][vc_column width=\u00bb1\/2&#8243;][vc_empty_space height=\u00bb30px\u00bb][vc_column_text] Coordinaci\u00f3n t\u00e9cnica y econ\u00f3mica Laura Garc\u00eda Donate [\/vc_column_text][vc_empty_space height=\u00bb30px\u00bb][vc_separator][\/vc_column][\/vc_row][vc_row][vc_column width=\u00bb1\/2&#8243;][vc_empty_space height=\u00bb15px\u00bb][vc_column_text] \u00c1rea de...","og_url":"https:\/\/www.ull.es\/portal\/hipotesis\/inicio\/equipo\/","og_site_name":"Hipotesis","article_publisher":"https:\/\/www.facebook.com\/CienciaULL\/","article_modified_time":"2022-12-25T05:28:52+00:00","twitter_card":"summary_large_image","twitter_site":"@CienciaULL","twitter_misc":{"Tiempo de lectura":"1 minuto"},"schema":{"@context":"https:\/\/schema.org","@graph":[{"@type":"WebPage","@id":"https:\/\/www.ull.es\/portal\/hipotesis\/inicio\/equipo\/","url":"https:\/\/www.ull.es\/portal\/hipotesis\/inicio\/equipo\/","name":"Equipo - Hipotesis","isPartOf":{"@id":"https:\/\/www.ull.es\/portal\/hipotesis\/#website"},"datePublished":"2020-04-03T12:15:44+00:00","dateModified":"2022-12-25T05:28:52+00:00","breadcrumb":{"@id":"https:\/\/www.ull.es\/portal\/hipotesis\/inicio\/equipo\/#breadcrumb"},"inLanguage":"es","potentialAction":[{"@type":"ReadAction","target":["https:\/\/www.ull.es\/portal\/hipotesis\/inicio\/equipo\/"]}]},{"@type":"BreadcrumbList","@id":"https:\/\/www.ull.es\/portal\/hipotesis\/inicio\/equipo\/#breadcrumb","itemListElement":[{"@type":"ListItem","position":1,"name":"Portada","item":"https:\/\/www.ull.es\/portal\/hipotesis\/"},{"@type":"ListItem","position":2,"name":"Inicio","item":"https:\/\/www.ull.es\/portal\/hipotesis\/inicio-3\/"},{"@type":"ListItem","position":3,"name":"Equipo"}]},{"@type":"WebSite","@id":"https:\/\/www.ull.es\/portal\/hipotesis\/#website","url":"https:\/\/www.ull.es\/portal\/hipotesis\/","name":"Hipotesis","description":"Unidad de Cultura Cient\u00edfica y de la Innovaci\u00f3n de la Universidad de La Laguna","potentialAction":[{"@type":"SearchAction","target":{"@type":"EntryPoint","urlTemplate":"https:\/\/www.ull.es\/portal\/hipotesis\/?s={search_term_string}"},"query-input":"required name=search_term_string"}],"inLanguage":"es"}]}},"_links":{"self":[{"href":"https:\/\/www.ull.es\/portal\/hipotesis\/wp-json\/wp\/v2\/pages\/2405"}],"collection":[{"href":"https:\/\/www.ull.es\/portal\/hipotesis\/wp-json\/wp\/v2\/pages"}],"about":[{"href":"https:\/\/www.ull.es\/portal\/hipotesis\/wp-json\/wp\/v2\/types\/page"}],"author":[{"embeddable":true,"href":"https:\/\/www.ull.es\/portal\/hipotesis\/wp-json\/wp\/v2\/users\/56"}],"replies":[{"embeddable":true,"href":"https:\/\/www.ull.es\/portal\/hipotesis\/wp-json\/wp\/v2\/comments?post=2405"}],"version-history":[{"count":47,"href":"https:\/\/www.ull.es\/portal\/hipotesis\/wp-json\/wp\/v2\/pages\/2405\/revisions"}],"predecessor-version":[{"id":27183,"href":"https:\/\/www.ull.es\/portal\/hipotesis\/wp-json\/wp\/v2\/pages\/2405\/revisions\/27183"}],"up":[{"embeddable":true,"href":"https:\/\/www.ull.es\/portal\/hipotesis\/wp-json\/wp\/v2\/pages\/415"}],"wp:attachment":[{"href":"https:\/\/www.ull.es\/portal\/hipotesis\/wp-json\/wp\/v2\/media?parent=2405"}],"curies":[{"name":"wp","href":"https:\/\/api.w.org\/{rel}","templated":true}]}}