{"id":2678,"date":"2020-04-06T02:30:08","date_gmt":"2020-04-06T02:30:08","guid":{"rendered":"https:\/\/www.ull.es\/portal\/hipotesis\/?page_id=2678"},"modified":"2024-02-29T13:09:36","modified_gmt":"2024-02-29T13:09:36","slug":"numeros","status":"publish","type":"page","link":"https:\/\/www.ull.es\/portal\/hipotesis\/revistahipotesis\/numeros\/","title":{"rendered":"N\u00fameros"},"content":{"rendered":"<p>[vc_row][vc_column][vc_custom_heading source=\u00bbpost_title\u00bb font_container=\u00bbtag:h1|text_align:left\u00bb google_fonts=\u00bbfont_family:Roboto%20Slab%3A100%2C300%2Cregular%2C700|font_style:700%20bold%20regular%3A700%3Anormal\u00bb][vc_column_text]<\/p>\n<p style=\"text-align: justify\">La <em><strong>Revista Hip\u00f3tesis<\/strong><\/em> cuenta con 16 n\u00fameros que engloban diferentes tem\u00e1ticas de investigaci\u00f3n. A continuaci\u00f3n puedes consultar el contenido de cada uno de ellos:<\/p>\n<p>[\/vc_column_text][vc_empty_space height=\u00bb20px\u00bb][vc_raw_html]JTNDaWZyYW1lJTIwc3JjJTNEJTIyaHR0cHMlM0ElMkYlMkZ3d3cudWxsLmVzJTJGcG9ydGFsJTJGY2llbmNpYXVsbCUyRnRhYmxldHBsYW5ldC1wYW5lbCUyRmluZGV4Lmh0bWwlMjIlMjBzdHlsZSUzRCUyMmhlaWdodCUzQTAlM0IlMjBwYWRkaW5nLWJvdHRvbSUzQTIwJTI1JTNCJTIyJTIwd2lkdGglM0QlMjIxMDAlMjUlMjIlMjAlMjIlM0QlMjIlMjIlMjBmcmFtZWJvcmRlciUzRCUyMjAlMjIlMjAlMjJjbGFzcyUzRCUyMlRhYmxldFBsYW5ldExhbmRpbmdQYW5lJTIyJTIwb25sb2FkJTNEJTIydGhpcy5oZWlnaHQlM0R0aGlzLmNvbnRlbnRXaW5kb3cuZG9jdW1lbnQuYm9keS5zY3JvbGxIZWlnaHQlM0IlMjIlM0UlM0MlMkZpZnJhbWUlM0U=[\/vc_raw_html][\/vc_column][\/vc_row]<\/p>\n","protected":false},"excerpt":{"rendered":"<p>[vc_row][vc_column][vc_custom_heading source=\u00bbpost_title\u00bb font_container=\u00bbtag:h1|text_align:left\u00bb google_fonts=\u00bbfont_family:Roboto%20Slab%3A100%2C300%2Cregular%2C700|font_style:700%20bold%20regular%3A700%3Anormal\u00bb][vc_column_text] La Revista Hip\u00f3tesis cuenta con 16 n\u00fameros que engloban diferentes tem\u00e1ticas de investigaci\u00f3n. A continuaci\u00f3n puedes consultar el contenido de cada uno de ellos: [\/vc_column_text][vc_empty_space height=\u00bb20px\u00bb][vc_raw_html]JTNDaWZyYW1lJTIwc3JjJTNEJTIyaHR0cHMlM0ElMkYlMkZ3d3cudWxsLmVzJTJGcG9ydGFsJTJGY2llbmNpYXVsbCUyRnRhYmxldHBsYW5ldC1wYW5lbCUyRmluZGV4Lmh0bWwlMjIlMjBzdHlsZSUzRCUyMmhlaWdodCUzQTAlM0IlMjBwYWRkaW5nLWJvdHRvbSUzQTIwJTI1JTNCJTIyJTIwd2lkdGglM0QlMjIxMDAlMjUlMjIlMjAlMjIlM0QlMjIlMjIlMjBmcmFtZWJvcmRlciUzRCUyMjAlMjIlMjAlMjJjbGFzcyUzRCUyMlRhYmxldFBsYW5ldExhbmRpbmdQYW5lJTIyJTIwb25sb2FkJTNEJTIydGhpcy5oZWlnaHQlM0R0aGlzLmNvbnRlbnRXaW5kb3cuZG9jdW1lbnQuYm9keS5zY3JvbGxIZWlnaHQlM0IlMjIlM0UlM0MlMkZpZnJhbWUlM0U=[\/vc_raw_html][\/vc_column][\/vc_row]<\/p>\n","protected":false},"author":56,"featured_media":0,"parent":2425,"menu_order":1,"comment_status":"closed","ping_status":"closed","template":"templates\/cienciaull.php","meta":{"inline_featured_image":false,"footnotes":""},"acf":[],"yoast_head":"<!-- This site is optimized with the Yoast SEO plugin v21.3 - https:\/\/yoast.com\/wordpress\/plugins\/seo\/ -->\n<title>N\u00fameros - Hipotesis<\/title>\n<meta name=\"robots\" content=\"index, follow, max-snippet:-1, max-image-preview:large, max-video-preview:-1\" \/>\n<link rel=\"canonical\" href=\"https:\/\/www.ull.es\/portal\/hipotesis\/revistahipotesis\/numeros\/\" \/>\n<meta property=\"og:locale\" content=\"es_ES\" \/>\n<meta property=\"og:type\" content=\"article\" \/>\n<meta property=\"og:title\" content=\"N\u00fameros - Hipotesis\" \/>\n<meta property=\"og:description\" content=\"[vc_row][vc_column][vc_custom_heading source=\u00bbpost_title\u00bb font_container=\u00bbtag:h1|text_align:left\u00bb google_fonts=\u00bbfont_family:Roboto%20Slab%3A100%2C300%2Cregular%2C700|font_style:700%20bold%20regular%3A700%3Anormal\u00bb][vc_column_text] La Revista Hip\u00f3tesis cuenta con 16 n\u00fameros que engloban diferentes tem\u00e1ticas de investigaci\u00f3n. A continuaci\u00f3n puedes consultar el contenido de cada uno de ellos: [\/vc_column_text][vc_empty_space height=\u00bb20px\u00bb][vc_raw_html]JTNDaWZyYW1lJTIwc3JjJTNEJTIyaHR0cHMlM0ElMkYlMkZ3d3cudWxsLmVzJTJGcG9ydGFsJTJGY2llbmNpYXVsbCUyRnRhYmxldHBsYW5ldC1wYW5lbCUyRmluZGV4Lmh0bWwlMjIlMjBzdHlsZSUzRCUyMmhlaWdodCUzQTAlM0IlMjBwYWRkaW5nLWJvdHRvbSUzQTIwJTI1JTNCJTIyJTIwd2lkdGglM0QlMjIxMDAlMjUlMjIlMjAlMjIlM0QlMjIlMjIlMjBmcmFtZWJvcmRlciUzRCUyMjAlMjIlMjAlMjJjbGFzcyUzRCUyMlRhYmxldFBsYW5ldExhbmRpbmdQYW5lJTIyJTIwb25sb2FkJTNEJTIydGhpcy5oZWlnaHQlM0R0aGlzLmNvbnRlbnRXaW5kb3cuZG9jdW1lbnQuYm9keS5zY3JvbGxIZWlnaHQlM0IlMjIlM0UlM0MlMkZpZnJhbWUlM0U=[\/vc_raw_html][\/vc_column][\/vc_row]\" \/>\n<meta property=\"og:url\" content=\"https:\/\/www.ull.es\/portal\/hipotesis\/revistahipotesis\/numeros\/\" \/>\n<meta property=\"og:site_name\" content=\"Hipotesis\" \/>\n<meta property=\"article:publisher\" content=\"https:\/\/www.facebook.com\/CienciaULL\/\" \/>\n<meta property=\"article:modified_time\" content=\"2024-02-29T13:09:36+00:00\" \/>\n<meta name=\"twitter:card\" content=\"summary_large_image\" \/>\n<meta name=\"twitter:site\" content=\"@CienciaULL\" \/>\n<meta name=\"twitter:label1\" content=\"Tiempo de lectura\" \/>\n\t<meta name=\"twitter:data1\" content=\"1 minuto\" \/>\n<script type=\"application\/ld+json\" class=\"yoast-schema-graph\">{\"@context\":\"https:\/\/schema.org\",\"@graph\":[{\"@type\":\"WebPage\",\"@id\":\"https:\/\/www.ull.es\/portal\/hipotesis\/revistahipotesis\/numeros\/\",\"url\":\"https:\/\/www.ull.es\/portal\/hipotesis\/revistahipotesis\/numeros\/\",\"name\":\"N\u00fameros - Hipotesis\",\"isPartOf\":{\"@id\":\"https:\/\/www.ull.es\/portal\/hipotesis\/#website\"},\"datePublished\":\"2020-04-06T02:30:08+00:00\",\"dateModified\":\"2024-02-29T13:09:36+00:00\",\"breadcrumb\":{\"@id\":\"https:\/\/www.ull.es\/portal\/hipotesis\/revistahipotesis\/numeros\/#breadcrumb\"},\"inLanguage\":\"es\",\"potentialAction\":[{\"@type\":\"ReadAction\",\"target\":[\"https:\/\/www.ull.es\/portal\/hipotesis\/revistahipotesis\/numeros\/\"]}]},{\"@type\":\"BreadcrumbList\",\"@id\":\"https:\/\/www.ull.es\/portal\/hipotesis\/revistahipotesis\/numeros\/#breadcrumb\",\"itemListElement\":[{\"@type\":\"ListItem\",\"position\":1,\"name\":\"Portada\",\"item\":\"https:\/\/www.ull.es\/portal\/hipotesis\/\"},{\"@type\":\"ListItem\",\"position\":2,\"name\":\"Revista Hip\u00f3tesis\",\"item\":\"https:\/\/www.ull.es\/portal\/hipotesis\/revistahipotesis\/\"},{\"@type\":\"ListItem\",\"position\":3,\"name\":\"N\u00fameros\"}]},{\"@type\":\"WebSite\",\"@id\":\"https:\/\/www.ull.es\/portal\/hipotesis\/#website\",\"url\":\"https:\/\/www.ull.es\/portal\/hipotesis\/\",\"name\":\"Hipotesis\",\"description\":\"Unidad de Cultura Cient\u00edfica y de la Innovaci\u00f3n de la Universidad de La Laguna\",\"potentialAction\":[{\"@type\":\"SearchAction\",\"target\":{\"@type\":\"EntryPoint\",\"urlTemplate\":\"https:\/\/www.ull.es\/portal\/hipotesis\/?s={search_term_string}\"},\"query-input\":\"required name=search_term_string\"}],\"inLanguage\":\"es\"}]}<\/script>\n<!-- \/ Yoast SEO plugin. -->","yoast_head_json":{"title":"N\u00fameros - Hipotesis","robots":{"index":"index","follow":"follow","max-snippet":"max-snippet:-1","max-image-preview":"max-image-preview:large","max-video-preview":"max-video-preview:-1"},"canonical":"https:\/\/www.ull.es\/portal\/hipotesis\/revistahipotesis\/numeros\/","og_locale":"es_ES","og_type":"article","og_title":"N\u00fameros - Hipotesis","og_description":"[vc_row][vc_column][vc_custom_heading source=\u00bbpost_title\u00bb font_container=\u00bbtag:h1|text_align:left\u00bb google_fonts=\u00bbfont_family:Roboto%20Slab%3A100%2C300%2Cregular%2C700|font_style:700%20bold%20regular%3A700%3Anormal\u00bb][vc_column_text] La Revista Hip\u00f3tesis cuenta con 16 n\u00fameros que engloban diferentes tem\u00e1ticas de investigaci\u00f3n. A continuaci\u00f3n puedes consultar el contenido de cada uno de ellos: [\/vc_column_text][vc_empty_space height=\u00bb20px\u00bb][vc_raw_html]JTNDaWZyYW1lJTIwc3JjJTNEJTIyaHR0cHMlM0ElMkYlMkZ3d3cudWxsLmVzJTJGcG9ydGFsJTJGY2llbmNpYXVsbCUyRnRhYmxldHBsYW5ldC1wYW5lbCUyRmluZGV4Lmh0bWwlMjIlMjBzdHlsZSUzRCUyMmhlaWdodCUzQTAlM0IlMjBwYWRkaW5nLWJvdHRvbSUzQTIwJTI1JTNCJTIyJTIwd2lkdGglM0QlMjIxMDAlMjUlMjIlMjAlMjIlM0QlMjIlMjIlMjBmcmFtZWJvcmRlciUzRCUyMjAlMjIlMjAlMjJjbGFzcyUzRCUyMlRhYmxldFBsYW5ldExhbmRpbmdQYW5lJTIyJTIwb25sb2FkJTNEJTIydGhpcy5oZWlnaHQlM0R0aGlzLmNvbnRlbnRXaW5kb3cuZG9jdW1lbnQuYm9keS5zY3JvbGxIZWlnaHQlM0IlMjIlM0UlM0MlMkZpZnJhbWUlM0U=[\/vc_raw_html][\/vc_column][\/vc_row]","og_url":"https:\/\/www.ull.es\/portal\/hipotesis\/revistahipotesis\/numeros\/","og_site_name":"Hipotesis","article_publisher":"https:\/\/www.facebook.com\/CienciaULL\/","article_modified_time":"2024-02-29T13:09:36+00:00","twitter_card":"summary_large_image","twitter_site":"@CienciaULL","twitter_misc":{"Tiempo de lectura":"1 minuto"},"schema":{"@context":"https:\/\/schema.org","@graph":[{"@type":"WebPage","@id":"https:\/\/www.ull.es\/portal\/hipotesis\/revistahipotesis\/numeros\/","url":"https:\/\/www.ull.es\/portal\/hipotesis\/revistahipotesis\/numeros\/","name":"N\u00fameros - Hipotesis","isPartOf":{"@id":"https:\/\/www.ull.es\/portal\/hipotesis\/#website"},"datePublished":"2020-04-06T02:30:08+00:00","dateModified":"2024-02-29T13:09:36+00:00","breadcrumb":{"@id":"https:\/\/www.ull.es\/portal\/hipotesis\/revistahipotesis\/numeros\/#breadcrumb"},"inLanguage":"es","potentialAction":[{"@type":"ReadAction","target":["https:\/\/www.ull.es\/portal\/hipotesis\/revistahipotesis\/numeros\/"]}]},{"@type":"BreadcrumbList","@id":"https:\/\/www.ull.es\/portal\/hipotesis\/revistahipotesis\/numeros\/#breadcrumb","itemListElement":[{"@type":"ListItem","position":1,"name":"Portada","item":"https:\/\/www.ull.es\/portal\/hipotesis\/"},{"@type":"ListItem","position":2,"name":"Revista Hip\u00f3tesis","item":"https:\/\/www.ull.es\/portal\/hipotesis\/revistahipotesis\/"},{"@type":"ListItem","position":3,"name":"N\u00fameros"}]},{"@type":"WebSite","@id":"https:\/\/www.ull.es\/portal\/hipotesis\/#website","url":"https:\/\/www.ull.es\/portal\/hipotesis\/","name":"Hipotesis","description":"Unidad de Cultura Cient\u00edfica y de la Innovaci\u00f3n de la Universidad de La Laguna","potentialAction":[{"@type":"SearchAction","target":{"@type":"EntryPoint","urlTemplate":"https:\/\/www.ull.es\/portal\/hipotesis\/?s={search_term_string}"},"query-input":"required name=search_term_string"}],"inLanguage":"es"}]}},"_links":{"self":[{"href":"https:\/\/www.ull.es\/portal\/hipotesis\/wp-json\/wp\/v2\/pages\/2678"}],"collection":[{"href":"https:\/\/www.ull.es\/portal\/hipotesis\/wp-json\/wp\/v2\/pages"}],"about":[{"href":"https:\/\/www.ull.es\/portal\/hipotesis\/wp-json\/wp\/v2\/types\/page"}],"author":[{"embeddable":true,"href":"https:\/\/www.ull.es\/portal\/hipotesis\/wp-json\/wp\/v2\/users\/56"}],"replies":[{"embeddable":true,"href":"https:\/\/www.ull.es\/portal\/hipotesis\/wp-json\/wp\/v2\/comments?post=2678"}],"version-history":[{"count":75,"href":"https:\/\/www.ull.es\/portal\/hipotesis\/wp-json\/wp\/v2\/pages\/2678\/revisions"}],"predecessor-version":[{"id":26727,"href":"https:\/\/www.ull.es\/portal\/hipotesis\/wp-json\/wp\/v2\/pages\/2678\/revisions\/26727"}],"up":[{"embeddable":true,"href":"https:\/\/www.ull.es\/portal\/hipotesis\/wp-json\/wp\/v2\/pages\/2425"}],"wp:attachment":[{"href":"https:\/\/www.ull.es\/portal\/hipotesis\/wp-json\/wp\/v2\/media?parent=2678"}],"curies":[{"name":"wp","href":"https:\/\/api.w.org\/{rel}","templated":true}]}}