{"id":31169,"date":"2024-07-08T13:21:01","date_gmt":"2024-07-08T13:21:01","guid":{"rendered":"https:\/\/www.ull.es\/portal\/hipotesis\/?page_id=31169"},"modified":"2024-07-09T10:08:15","modified_gmt":"2024-07-09T10:08:15","slug":"lucas-pereira","status":"publish","type":"page","link":"https:\/\/www.ull.es\/portal\/hipotesis\/lucas-pereira\/","title":{"rendered":"#Lucas Pereira"},"content":{"rendered":"\t\t<div data-elementor-type=\"wp-page\" data-elementor-id=\"31169\" class=\"elementor elementor-31169\">\n\t\t\t\t\t\t\t\t\t<section class=\"elementor-section elementor-top-section elementor-element elementor-element-87ab4af elementor-section-boxed elementor-section-height-default elementor-section-height-default\" data-id=\"87ab4af\" data-element_type=\"section\">\n\t\t\t\t\t\t<div class=\"elementor-container elementor-column-gap-default\">\n\t\t\t\t\t<div class=\"elementor-column elementor-col-100 elementor-top-column elementor-element elementor-element-de40c08\" data-id=\"de40c08\" data-element_type=\"column\">\n\t\t\t<div class=\"elementor-widget-wrap\">\n\t\t\t\t\t\t\t\t\t<\/div>\n\t\t<\/div>\n\t\t\t\t\t\t\t<\/div>\n\t\t<\/section>\n\t\t\t\t<section class=\"elementor-section elementor-top-section elementor-element elementor-element-c83d33d elementor-section-boxed elementor-section-height-default elementor-section-height-default\" data-id=\"c83d33d\" data-element_type=\"section\">\n\t\t\t\t\t\t<div class=\"elementor-container elementor-column-gap-default\">\n\t\t\t\t\t<div class=\"elementor-column elementor-col-100 elementor-top-column elementor-element elementor-element-60a166a\" data-id=\"60a166a\" data-element_type=\"column\">\n\t\t\t<div class=\"elementor-widget-wrap elementor-element-populated\">\n\t\t\t\t\t\t\t\t<div class=\"elementor-element elementor-element-2e43bdc elementor-widget elementor-widget-image\" data-id=\"2e43bdc\" data-element_type=\"widget\" data-widget_type=\"image.default\">\n\t\t\t\t<div class=\"elementor-widget-container\">\n\t\t\t<style>\/*! elementor - v3.9.2 - 21-12-2022 *\/\n.elementor-widget-image{text-align:center}.elementor-widget-image a{display:inline-block}.elementor-widget-image a img[src$=\".svg\"]{width:48px}.elementor-widget-image img{vertical-align:middle;display:inline-block}<\/style>\t\t\t\t\t\t\t\t\t\t\t\t<img decoding=\"async\" loading=\"lazy\" width=\"1140\" height=\"434\" src=\"https:\/\/www.ull.es\/portal\/hipotesis\/wp-content\/uploads\/sites\/62\/2024\/06\/facebook-04-1-1140x434.jpg\" class=\"attachment-page size-page wp-image-30282\" alt=\"\" srcset=\"https:\/\/www.ull.es\/portal\/hipotesis\/wp-content\/uploads\/sites\/62\/2024\/06\/facebook-04-1-1140x434.jpg 1140w, https:\/\/www.ull.es\/portal\/hipotesis\/wp-content\/uploads\/sites\/62\/2024\/06\/facebook-04-1-300x114.jpg 300w, https:\/\/www.ull.es\/portal\/hipotesis\/wp-content\/uploads\/sites\/62\/2024\/06\/facebook-04-1-1024x390.jpg 1024w, https:\/\/www.ull.es\/portal\/hipotesis\/wp-content\/uploads\/sites\/62\/2024\/06\/facebook-04-1-768x292.jpg 768w, https:\/\/www.ull.es\/portal\/hipotesis\/wp-content\/uploads\/sites\/62\/2024\/06\/facebook-04-1-1536x585.jpg 1536w, https:\/\/www.ull.es\/portal\/hipotesis\/wp-content\/uploads\/sites\/62\/2024\/06\/facebook-04-1-375x143.jpg 375w, https:\/\/www.ull.es\/portal\/hipotesis\/wp-content\/uploads\/sites\/62\/2024\/06\/facebook-04-1-750x285.jpg 750w, https:\/\/www.ull.es\/portal\/hipotesis\/wp-content\/uploads\/sites\/62\/2024\/06\/facebook-04-1.jpg 1600w\" sizes=\"(max-width: 1140px) 100vw, 1140px\" \/>\t\t\t\t\t\t\t\t\t\t\t\t\t\t\t<\/div>\n\t\t\t\t<\/div>\n\t\t\t\t\t<\/div>\n\t\t<\/div>\n\t\t\t\t\t\t\t<\/div>\n\t\t<\/section>\n\t\t\t\t<section class=\"elementor-section elementor-top-section elementor-element elementor-element-c943cc5 elementor-section-boxed elementor-section-height-default elementor-section-height-default\" data-id=\"c943cc5\" data-element_type=\"section\">\n\t\t\t\t\t\t<div class=\"elementor-container elementor-column-gap-default\">\n\t\t\t\t\t<div class=\"elementor-column elementor-col-100 elementor-top-column elementor-element elementor-element-087ac78\" data-id=\"087ac78\" data-element_type=\"column\">\n\t\t\t<div class=\"elementor-widget-wrap elementor-element-populated\">\n\t\t\t\t\t\t\t\t<div class=\"elementor-element elementor-element-a99dafa elementor-grid-3 elementor-grid-tablet-2 elementor-grid-mobile-1 elementor-posts--thumbnail-top elementor-posts--show-avatar elementor-card-shadow-yes elementor-posts__hover-gradient elementor-widget elementor-widget-posts\" data-id=\"a99dafa\" data-element_type=\"widget\" data-settings=\"{&quot;cards_columns&quot;:&quot;3&quot;,&quot;cards_columns_tablet&quot;:&quot;2&quot;,&quot;cards_columns_mobile&quot;:&quot;1&quot;,&quot;cards_row_gap&quot;:{&quot;unit&quot;:&quot;px&quot;,&quot;size&quot;:35,&quot;sizes&quot;:[]},&quot;cards_row_gap_tablet&quot;:{&quot;unit&quot;:&quot;px&quot;,&quot;size&quot;:&quot;&quot;,&quot;sizes&quot;:[]},&quot;cards_row_gap_mobile&quot;:{&quot;unit&quot;:&quot;px&quot;,&quot;size&quot;:&quot;&quot;,&quot;sizes&quot;:[]}}\" data-widget_type=\"posts.cards\">\n\t\t\t\t<div class=\"elementor-widget-container\">\n\t\t\t<link rel=\"stylesheet\" href=\"https:\/\/www.ull.es\/portal\/hipotesis\/wp-content\/plugins\/elementor-pro\/assets\/css\/widget-posts.min.css\">\t\t<div class=\"elementor-posts-container elementor-posts elementor-posts--skin-cards elementor-grid\">\n\t\t\t\t<article class=\"elementor-post elementor-grid-item post-34564 post type-post status-publish format-standard has-post-thumbnail hentry category-no-4 category-revista-hipotesis tag-cine-y-ciencia tag-lucas-pereira tag-numero-4 tag-revista-hipotesis tag-rodrigo-delgado-salvador tag-seccion tag-universidad-de-la-laguna\" target=\"_blank\" rel=\"noopener\">\n\t\t\t<div class=\"elementor-post__card\">\n\t\t\t\t<a class=\"elementor-post__thumbnail__link\" href=\"https:\/\/www.ull.es\/portal\/hipotesis\/como-en-casa-en-ningun-sitio\/\"  target=\"_blank\" rel=\"noopener\"><div class=\"elementor-post__thumbnail\"><img loading=\"lazy\" width=\"192\" height=\"300\" src=\"https:\/\/www.ull.es\/portal\/hipotesis\/wp-content\/uploads\/sites\/62\/2024\/07\/img15-5-192x300-1.jpg\" class=\"attachment-full size-full wp-image-40792\" alt=\"\" decoding=\"async\" \/><\/div><\/a>\n\t\t\t\t<div class=\"elementor-post__avatar\">\n\t\t\t<img alt='gciencia' src='https:\/\/secure.gravatar.com\/avatar\/72ccd1b1a4ea47e7b66bc7cc6944b4e5?s=128&#038;d=mm&#038;r=g' srcset='https:\/\/secure.gravatar.com\/avatar\/72ccd1b1a4ea47e7b66bc7cc6944b4e5?s=256&#038;d=mm&#038;r=g 2x' class='avatar avatar-128 photo' height='128' width='128' loading='lazy' decoding='async'\/>\t\t<\/div>\n\t\t\t\t<div class=\"elementor-post__text\">\n\t\t\t\t<h3 class=\"elementor-post__title\">\n\t\t\t<a href=\"https:\/\/www.ull.es\/portal\/hipotesis\/como-en-casa-en-ningun-sitio\/\"  target=\"_blank\" rel=\"noopener\">\n\t\t\t\tComo en casa en ning\u00fan sitio&#8230;\t\t\t<\/a>\n\t\t<\/h3>\n\t\t\t\t<div class=\"elementor-post__excerpt\">\n\t\t\t<p>Desde sus or\u00edgenes, el ser humano ha sentido el irrefrenable deseo de viajar m\u00e1s all\u00e1 de los l\u00edmites de lo conocido, expandi\u00e9ndolos cada vez m\u00e1s. Tal ha sido su ambici\u00f3n que incluso antes de explorar toda la Tierra ya ten\u00eda la vista fijada en el firmamento: el espacio, la \u00faltima frontera. Sin embargo, pronto descubrimos que \u201cviajar por el hiperespacio no es dar un paseo por el campo\u201d, como ya dijo Han Solo hace mucho tiempo en una galaxia muy, muy lejana (Star Wars: A New Hope \u2013 1977).<\/p>\n<p><strong><a href=\"https:\/\/www.ull.es\/portal\/hipotesis\/numero-4\/\" target=\"_blank\" rel=\"noopener\">#N\u00famero 4<\/a> <a href=\"https:\/\/www.ull.es\/portal\/hipotesis\/seccion\/\" target=\"_blank\" rel=\"noopener\"> #Secci\u00f3n<\/a> <a href=\"https:\/\/www.ull.es\/portal\/hipotesis\/cine-y-ciencia\/\" target=\"_blank\" rel=\"noopener\">#Cine y Ciencia<\/a> <a href=\"https:\/\/www.ull.es\/portal\/hipotesis\/lucas-pereira\/\" target=\"_blank\" rel=\"noopener\">#Lucas M. Pereira Castriota<\/a> <a href=\"https:\/\/www.ull.es\/portal\/hipotesis\/rodrigo-delgado-salvador\/\" target=\"_blank\" rel=\"noopener\"> #Rodrigo Delgado Salvador<\/a> <a href=\"https:\/\/www.ull.es\/portal\/hipotesis\/universidad-de-la-laguna\/\" target=\"_blank\" rel=\"noopener\"> #Universidad de La Laguna<\/a><\/strong><\/p>\n\t\t<\/div>\n\t\t\t\t<\/div>\n\t\t\t\t<div class=\"elementor-post__meta-data\">\n\t\t\t\t\t<span class=\"elementor-post-date\">\n\t\t\t16 julio, 2024\t\t<\/span>\n\t\t\t\t<span class=\"elementor-post-avatar\">\n\t\t\tNo hay comentarios\t\t<\/span>\n\t\t\t\t<\/div>\n\t\t\t\t\t<\/div>\n\t\t<\/article>\n\t\t\t\t<article class=\"elementor-post elementor-grid-item post-32455 post type-post status-publish format-standard has-post-thumbnail hentry category-cine-y-ciencia category-no-3 category-revista-hipotesis tag-cine-y-ciencia tag-lucas-pereira tag-numero-3 tag-revista-hipotesis tag-rodrigo-delgado-salvador tag-universidad-de-la-laguna\" target=\"_blank\" rel=\"noopener\">\n\t\t\t<div class=\"elementor-post__card\">\n\t\t\t\t<a class=\"elementor-post__thumbnail__link\" href=\"https:\/\/www.ull.es\/portal\/hipotesis\/doctoras\/\"  target=\"_blank\" rel=\"noopener\"><div class=\"elementor-post__thumbnail\"><img loading=\"lazy\" width=\"662\" height=\"319\" src=\"https:\/\/www.ull.es\/portal\/hipotesis\/wp-content\/uploads\/sites\/62\/2024\/07\/doctoras-1.png\" class=\"attachment-full size-full wp-image-40762\" alt=\"\" decoding=\"async\" srcset=\"https:\/\/www.ull.es\/portal\/hipotesis\/wp-content\/uploads\/sites\/62\/2024\/07\/doctoras-1.png 662w, https:\/\/www.ull.es\/portal\/hipotesis\/wp-content\/uploads\/sites\/62\/2024\/07\/doctoras-1-300x145.png 300w, https:\/\/www.ull.es\/portal\/hipotesis\/wp-content\/uploads\/sites\/62\/2024\/07\/doctoras-1-375x181.png 375w\" sizes=\"(max-width: 662px) 100vw, 662px\" \/><\/div><\/a>\n\t\t\t\t<div class=\"elementor-post__avatar\">\n\t\t\t<img alt='gciencia' src='https:\/\/secure.gravatar.com\/avatar\/72ccd1b1a4ea47e7b66bc7cc6944b4e5?s=128&#038;d=mm&#038;r=g' srcset='https:\/\/secure.gravatar.com\/avatar\/72ccd1b1a4ea47e7b66bc7cc6944b4e5?s=256&#038;d=mm&#038;r=g 2x' class='avatar avatar-128 photo' height='128' width='128' loading='lazy' decoding='async'\/>\t\t<\/div>\n\t\t\t\t<div class=\"elementor-post__text\">\n\t\t\t\t<h3 class=\"elementor-post__title\">\n\t\t\t<a href=\"https:\/\/www.ull.es\/portal\/hipotesis\/doctoras\/\"  target=\"_blank\" rel=\"noopener\">\n\t\t\t\tDoctoras\t\t\t<\/a>\n\t\t<\/h3>\n\t\t\t\t<div class=\"elementor-post__excerpt\">\n\t\t\t<p>\u00bfTe encuentras haciendo las pr\u00e1cticas de tu grado universitario en ciencias? \u00bfHas acabado un m\u00e1ster y no sabes qu\u00e9 hacer a continuaci\u00f3n? \u00bfO est\u00e1s a punto de empezar tu tesis doctoral y no sabes qui\u00e9n te conviene para que la dirija? Si a alguna de estas preguntas has respondido que s\u00ed, \u00a1te presentamos a las trece doctoras m\u00e1s relevantes de la ciencia ficci\u00f3n!<br \/>\n<strong><a href=\"https:\/\/www.ull.es\/portal\/hipotesis\/numero-3\/\" target=\"_blank\" rel=\"noopener\">#N\u00famero 3<\/a><a href=\"https:\/\/www.ull.es\/portal\/hipotesis\/seccion\/\" target=\"_blank\" rel=\"noopener\"> #Secci\u00f3n<\/a> <a href=\"https:\/\/www.ull.es\/portal\/hipotesis\/cine-y-ciencia\/\" target=\"_blank\" rel=\"noopener\">#Cine y Ciencia<\/a> <a href=\"https:\/\/www.ull.es\/portal\/hipotesis\/rodrigo-delgado-salvador\/\" target=\"_blank\" rel=\"noopener\">#Rodrigo Delgado Salvador<\/a><a href=\"https:\/\/www.ull.es\/portal\/hipotesis\/lucas-pereira\/\" target=\"_blank\" rel=\"noopener\">#Lucas Pereira<\/a><a href=\"https:\/\/www.ull.es\/portal\/hipotesis\/universidad-de-la-laguna\/\" target=\"_blank\" rel=\"noopener\">#Universidad de La Laguna<\/a><\/strong> <\/p>\n\t\t<\/div>\n\t\t\t\t<\/div>\n\t\t\t\t<div class=\"elementor-post__meta-data\">\n\t\t\t\t\t<span class=\"elementor-post-date\">\n\t\t\t10 julio, 2024\t\t<\/span>\n\t\t\t\t<span class=\"elementor-post-avatar\">\n\t\t\tNo hay comentarios\t\t<\/span>\n\t\t\t\t<\/div>\n\t\t\t\t\t<\/div>\n\t\t<\/article>\n\t\t\t\t<article class=\"elementor-post elementor-grid-item post-31167 post type-post status-publish format-standard has-post-thumbnail hentry category-ciencia-y-tecnologia-areas-notas-hipotesis category-no-0 category-revista-hipotesis tag-articulo tag-ciencia-y-tecnologia tag-general tag-lucas-pereira tag-numero-0 tag-revista-hipotesis\" target=\"_blank\" rel=\"noopener\">\n\t\t\t<div class=\"elementor-post__card\">\n\t\t\t\t<a class=\"elementor-post__thumbnail__link\" href=\"https:\/\/www.ull.es\/portal\/hipotesis\/eres-despreciable\/\"  target=\"_blank\" rel=\"noopener\"><div class=\"elementor-post__thumbnail\"><img loading=\"lazy\" width=\"750\" height=\"881\" src=\"https:\/\/www.ull.es\/portal\/hipotesis\/wp-content\/uploads\/sites\/62\/2024\/07\/img293-750x881-1.jpg\" class=\"attachment-full size-full wp-image-40720\" alt=\"\" decoding=\"async\" srcset=\"https:\/\/www.ull.es\/portal\/hipotesis\/wp-content\/uploads\/sites\/62\/2024\/07\/img293-750x881-1.jpg 750w, https:\/\/www.ull.es\/portal\/hipotesis\/wp-content\/uploads\/sites\/62\/2024\/07\/img293-750x881-1-255x300.jpg 255w, https:\/\/www.ull.es\/portal\/hipotesis\/wp-content\/uploads\/sites\/62\/2024\/07\/img293-750x881-1-375x441.jpg 375w\" sizes=\"(max-width: 750px) 100vw, 750px\" \/><\/div><\/a>\n\t\t\t\t<div class=\"elementor-post__avatar\">\n\t\t\t<img alt='gciencia' src='https:\/\/secure.gravatar.com\/avatar\/72ccd1b1a4ea47e7b66bc7cc6944b4e5?s=128&#038;d=mm&#038;r=g' srcset='https:\/\/secure.gravatar.com\/avatar\/72ccd1b1a4ea47e7b66bc7cc6944b4e5?s=256&#038;d=mm&#038;r=g 2x' class='avatar avatar-128 photo' height='128' width='128' loading='lazy' decoding='async'\/>\t\t<\/div>\n\t\t\t\t<div class=\"elementor-post__text\">\n\t\t\t\t<h3 class=\"elementor-post__title\">\n\t\t\t<a href=\"https:\/\/www.ull.es\/portal\/hipotesis\/eres-despreciable\/\"  target=\"_blank\" rel=\"noopener\">\n\t\t\t\tEres despreciable\t\t\t<\/a>\n\t\t<\/h3>\n\t\t\t\t<div class=\"elementor-post__excerpt\">\n\t\t\t<p>Ejercicio pr\u00e1ctico imaginativo: caminamos por la calle, es uno de esos d\u00edas que, ni estamos deambulando sin rumbo ni queremos apagar un fuego, digamos que tenemos tiempo. A lo lejos vemos una chica que nos mira a los ojos y nos sonr\u00ede, se acerca. Sostiene una carpeta, juegas a ser adivino y a pronosticar sus primeras palabras. Terminar\u00e1 a los ojos y te dir\u00e1, disculpa \u00bftienes un segundo?<\/p>\n<p><strong><a href=\"https:\/\/www.ull.es\/portal\/hipotesis\/numero-0\/\" target=\"_blank\" rel=\"noopener\">#N\u00famero 0<\/a><a href=\"https:\/\/www.ull.es\/portal\/hipotesis\/articulo\/\" target=\"_blank\" rel=\"noopener\"> #Art\u00edculo<\/a> <a href=\"https:\/\/www.ull.es\/portal\/hipotesis\/ciencia-y-sociedad\/\" target=\"_blank\" rel=\"noopener\">#Ciencia y sociedad<\/a> <a href=\"https:\/\/www.ull.es\/portal\/hipotesis\/lucas-pereira\/\" target=\"_blank\" rel=\"noopener\">#Lucas M. Pereira Castriota<\/a> <a href=\"https:\/\/www.ull.es\/portal\/hipotesis\/general\/\" target=\"_blank\" rel=\"noopener\">#General<\/a><\/strong><\/p>\n\t\t<\/div>\n\t\t\t\t<\/div>\n\t\t\t\t<div class=\"elementor-post__meta-data\">\n\t\t\t\t\t<span class=\"elementor-post-date\">\n\t\t\t8 julio, 2024\t\t<\/span>\n\t\t\t\t<span class=\"elementor-post-avatar\">\n\t\t\tNo hay comentarios\t\t<\/span>\n\t\t\t\t<\/div>\n\t\t\t\t\t<\/div>\n\t\t<\/article>\n\t\t\t\t<\/div>\n\t\t\n\t\t\t\t<\/div>\n\t\t\t\t<\/div>\n\t\t\t\t\t<\/div>\n\t\t<\/div>\n\t\t\t\t\t\t\t<\/div>\n\t\t<\/section>\n\t\t\t\t\t\t\t<\/div>\n\t\t","protected":false},"excerpt":{"rendered":"Eres despreciablemartes 29 de mayo de 2018 - 00:00 GMT+0000CompartirFacebookXWhatsAppCopy Link\u00a0\u00a0Hoy en d\u00eda no tememos a las constantes universales, pero hace aproximadamente doscientos a\u00f1os muchas de ellas nos eran del todo desconocidas. Ahora bien, uno no se levanta un d\u00eda y piensa en un n\u00famero tan hermoso como la constante de gravitaci\u00f3n universal, G \u2248...","protected":false},"author":56,"featured_media":0,"parent":0,"menu_order":0,"comment_status":"closed","ping_status":"closed","template":"","meta":{"inline_featured_image":false,"footnotes":""},"acf":[],"yoast_head":"<!-- This site is optimized with the Yoast SEO plugin v21.3 - https:\/\/yoast.com\/wordpress\/plugins\/seo\/ -->\n<title>#Lucas Pereira - Hipotesis<\/title>\n<meta name=\"robots\" content=\"index, follow, max-snippet:-1, max-image-preview:large, max-video-preview:-1\" \/>\n<link rel=\"canonical\" href=\"https:\/\/www.ull.es\/portal\/hipotesis\/lucas-pereira\/\" \/>\n<meta property=\"og:locale\" content=\"es_ES\" \/>\n<meta property=\"og:type\" content=\"article\" \/>\n<meta property=\"og:title\" content=\"#Lucas Pereira - Hipotesis\" \/>\n<meta property=\"og:url\" content=\"https:\/\/www.ull.es\/portal\/hipotesis\/lucas-pereira\/\" \/>\n<meta property=\"og:site_name\" content=\"Hipotesis\" \/>\n<meta property=\"article:publisher\" content=\"https:\/\/www.facebook.com\/CienciaULL\/\" \/>\n<meta property=\"article:modified_time\" content=\"2024-07-09T10:08:15+00:00\" \/>\n<meta property=\"og:image\" content=\"https:\/\/www.ull.es\/portal\/hipotesis\/wp-content\/uploads\/sites\/62\/2024\/06\/facebook-04-1-1140x434.jpg\" \/>\n<meta name=\"twitter:card\" content=\"summary_large_image\" \/>\n<meta name=\"twitter:site\" content=\"@CienciaULL\" \/>\n<script type=\"application\/ld+json\" class=\"yoast-schema-graph\">{\"@context\":\"https:\/\/schema.org\",\"@graph\":[{\"@type\":\"WebPage\",\"@id\":\"https:\/\/www.ull.es\/portal\/hipotesis\/lucas-pereira\/\",\"url\":\"https:\/\/www.ull.es\/portal\/hipotesis\/lucas-pereira\/\",\"name\":\"#Lucas Pereira - Hipotesis\",\"isPartOf\":{\"@id\":\"https:\/\/www.ull.es\/portal\/hipotesis\/#website\"},\"datePublished\":\"2024-07-08T13:21:01+00:00\",\"dateModified\":\"2024-07-09T10:08:15+00:00\",\"breadcrumb\":{\"@id\":\"https:\/\/www.ull.es\/portal\/hipotesis\/lucas-pereira\/#breadcrumb\"},\"inLanguage\":\"es\",\"potentialAction\":[{\"@type\":\"ReadAction\",\"target\":[\"https:\/\/www.ull.es\/portal\/hipotesis\/lucas-pereira\/\"]}]},{\"@type\":\"BreadcrumbList\",\"@id\":\"https:\/\/www.ull.es\/portal\/hipotesis\/lucas-pereira\/#breadcrumb\",\"itemListElement\":[{\"@type\":\"ListItem\",\"position\":1,\"name\":\"Portada\",\"item\":\"https:\/\/www.ull.es\/portal\/hipotesis\/\"},{\"@type\":\"ListItem\",\"position\":2,\"name\":\"#Lucas Pereira\"}]},{\"@type\":\"WebSite\",\"@id\":\"https:\/\/www.ull.es\/portal\/hipotesis\/#website\",\"url\":\"https:\/\/www.ull.es\/portal\/hipotesis\/\",\"name\":\"Hipotesis\",\"description\":\"Unidad de Cultura Cient\u00edfica y de la Innovaci\u00f3n de la Universidad de La Laguna\",\"potentialAction\":[{\"@type\":\"SearchAction\",\"target\":{\"@type\":\"EntryPoint\",\"urlTemplate\":\"https:\/\/www.ull.es\/portal\/hipotesis\/?s={search_term_string}\"},\"query-input\":\"required name=search_term_string\"}],\"inLanguage\":\"es\"}]}<\/script>\n<!-- \/ Yoast SEO plugin. -->","yoast_head_json":{"title":"#Lucas Pereira - Hipotesis","robots":{"index":"index","follow":"follow","max-snippet":"max-snippet:-1","max-image-preview":"max-image-preview:large","max-video-preview":"max-video-preview:-1"},"canonical":"https:\/\/www.ull.es\/portal\/hipotesis\/lucas-pereira\/","og_locale":"es_ES","og_type":"article","og_title":"#Lucas Pereira - Hipotesis","og_url":"https:\/\/www.ull.es\/portal\/hipotesis\/lucas-pereira\/","og_site_name":"Hipotesis","article_publisher":"https:\/\/www.facebook.com\/CienciaULL\/","article_modified_time":"2024-07-09T10:08:15+00:00","og_image":[{"url":"https:\/\/www.ull.es\/portal\/hipotesis\/wp-content\/uploads\/sites\/62\/2024\/06\/facebook-04-1-1140x434.jpg"}],"twitter_card":"summary_large_image","twitter_site":"@CienciaULL","schema":{"@context":"https:\/\/schema.org","@graph":[{"@type":"WebPage","@id":"https:\/\/www.ull.es\/portal\/hipotesis\/lucas-pereira\/","url":"https:\/\/www.ull.es\/portal\/hipotesis\/lucas-pereira\/","name":"#Lucas Pereira - Hipotesis","isPartOf":{"@id":"https:\/\/www.ull.es\/portal\/hipotesis\/#website"},"datePublished":"2024-07-08T13:21:01+00:00","dateModified":"2024-07-09T10:08:15+00:00","breadcrumb":{"@id":"https:\/\/www.ull.es\/portal\/hipotesis\/lucas-pereira\/#breadcrumb"},"inLanguage":"es","potentialAction":[{"@type":"ReadAction","target":["https:\/\/www.ull.es\/portal\/hipotesis\/lucas-pereira\/"]}]},{"@type":"BreadcrumbList","@id":"https:\/\/www.ull.es\/portal\/hipotesis\/lucas-pereira\/#breadcrumb","itemListElement":[{"@type":"ListItem","position":1,"name":"Portada","item":"https:\/\/www.ull.es\/portal\/hipotesis\/"},{"@type":"ListItem","position":2,"name":"#Lucas Pereira"}]},{"@type":"WebSite","@id":"https:\/\/www.ull.es\/portal\/hipotesis\/#website","url":"https:\/\/www.ull.es\/portal\/hipotesis\/","name":"Hipotesis","description":"Unidad de Cultura Cient\u00edfica y de la Innovaci\u00f3n de la Universidad de La Laguna","potentialAction":[{"@type":"SearchAction","target":{"@type":"EntryPoint","urlTemplate":"https:\/\/www.ull.es\/portal\/hipotesis\/?s={search_term_string}"},"query-input":"required name=search_term_string"}],"inLanguage":"es"}]}},"_links":{"self":[{"href":"https:\/\/www.ull.es\/portal\/hipotesis\/wp-json\/wp\/v2\/pages\/31169"}],"collection":[{"href":"https:\/\/www.ull.es\/portal\/hipotesis\/wp-json\/wp\/v2\/pages"}],"about":[{"href":"https:\/\/www.ull.es\/portal\/hipotesis\/wp-json\/wp\/v2\/types\/page"}],"author":[{"embeddable":true,"href":"https:\/\/www.ull.es\/portal\/hipotesis\/wp-json\/wp\/v2\/users\/56"}],"replies":[{"embeddable":true,"href":"https:\/\/www.ull.es\/portal\/hipotesis\/wp-json\/wp\/v2\/comments?post=31169"}],"version-history":[{"count":7,"href":"https:\/\/www.ull.es\/portal\/hipotesis\/wp-json\/wp\/v2\/pages\/31169\/revisions"}],"predecessor-version":[{"id":31492,"href":"https:\/\/www.ull.es\/portal\/hipotesis\/wp-json\/wp\/v2\/pages\/31169\/revisions\/31492"}],"wp:attachment":[{"href":"https:\/\/www.ull.es\/portal\/hipotesis\/wp-json\/wp\/v2\/media?parent=31169"}],"curies":[{"name":"wp","href":"https:\/\/api.w.org\/{rel}","templated":true}]}}