{"id":33875,"date":"2024-07-12T12:30:49","date_gmt":"2024-07-12T12:30:49","guid":{"rendered":"https:\/\/www.ull.es\/portal\/hipotesis\/?page_id=33875"},"modified":"2024-07-12T12:31:13","modified_gmt":"2024-07-12T12:31:13","slug":"carlos-alvarez","status":"publish","type":"page","link":"https:\/\/www.ull.es\/portal\/hipotesis\/carlos-alvarez\/","title":{"rendered":"#Carlos Alvarez"},"content":{"rendered":"\t\t<div data-elementor-type=\"wp-page\" data-elementor-id=\"33875\" class=\"elementor elementor-33875\">\n\t\t\t\t\t\t\t\t\t<section class=\"elementor-section elementor-top-section elementor-element elementor-element-87ab4af elementor-section-boxed elementor-section-height-default elementor-section-height-default\" data-id=\"87ab4af\" data-element_type=\"section\">\n\t\t\t\t\t\t<div class=\"elementor-container elementor-column-gap-default\">\n\t\t\t\t\t<div class=\"elementor-column elementor-col-100 elementor-top-column elementor-element elementor-element-de40c08\" data-id=\"de40c08\" data-element_type=\"column\">\n\t\t\t<div class=\"elementor-widget-wrap\">\n\t\t\t\t\t\t\t\t\t<\/div>\n\t\t<\/div>\n\t\t\t\t\t\t\t<\/div>\n\t\t<\/section>\n\t\t\t\t<section class=\"elementor-section elementor-top-section elementor-element elementor-element-c83d33d elementor-section-boxed elementor-section-height-default elementor-section-height-default\" data-id=\"c83d33d\" data-element_type=\"section\">\n\t\t\t\t\t\t<div class=\"elementor-container elementor-column-gap-default\">\n\t\t\t\t\t<div class=\"elementor-column elementor-col-100 elementor-top-column elementor-element elementor-element-60a166a\" data-id=\"60a166a\" data-element_type=\"column\">\n\t\t\t<div class=\"elementor-widget-wrap elementor-element-populated\">\n\t\t\t\t\t\t\t\t<div class=\"elementor-element elementor-element-2e43bdc elementor-widget elementor-widget-image\" data-id=\"2e43bdc\" data-element_type=\"widget\" data-widget_type=\"image.default\">\n\t\t\t\t<div class=\"elementor-widget-container\">\n\t\t\t<style>\/*! elementor - v3.9.2 - 21-12-2022 *\/\n.elementor-widget-image{text-align:center}.elementor-widget-image a{display:inline-block}.elementor-widget-image a img[src$=\".svg\"]{width:48px}.elementor-widget-image img{vertical-align:middle;display:inline-block}<\/style>\t\t\t\t\t\t\t\t\t\t\t\t<img decoding=\"async\" loading=\"lazy\" width=\"1140\" height=\"434\" src=\"https:\/\/www.ull.es\/portal\/hipotesis\/wp-content\/uploads\/sites\/62\/2024\/06\/facebook-04-1-1140x434.jpg\" class=\"attachment-page size-page wp-image-30282\" alt=\"\" srcset=\"https:\/\/www.ull.es\/portal\/hipotesis\/wp-content\/uploads\/sites\/62\/2024\/06\/facebook-04-1-1140x434.jpg 1140w, https:\/\/www.ull.es\/portal\/hipotesis\/wp-content\/uploads\/sites\/62\/2024\/06\/facebook-04-1-300x114.jpg 300w, https:\/\/www.ull.es\/portal\/hipotesis\/wp-content\/uploads\/sites\/62\/2024\/06\/facebook-04-1-1024x390.jpg 1024w, https:\/\/www.ull.es\/portal\/hipotesis\/wp-content\/uploads\/sites\/62\/2024\/06\/facebook-04-1-768x292.jpg 768w, https:\/\/www.ull.es\/portal\/hipotesis\/wp-content\/uploads\/sites\/62\/2024\/06\/facebook-04-1-1536x585.jpg 1536w, https:\/\/www.ull.es\/portal\/hipotesis\/wp-content\/uploads\/sites\/62\/2024\/06\/facebook-04-1-375x143.jpg 375w, https:\/\/www.ull.es\/portal\/hipotesis\/wp-content\/uploads\/sites\/62\/2024\/06\/facebook-04-1-750x285.jpg 750w, https:\/\/www.ull.es\/portal\/hipotesis\/wp-content\/uploads\/sites\/62\/2024\/06\/facebook-04-1.jpg 1600w\" sizes=\"(max-width: 1140px) 100vw, 1140px\" \/>\t\t\t\t\t\t\t\t\t\t\t\t\t\t\t<\/div>\n\t\t\t\t<\/div>\n\t\t\t\t\t<\/div>\n\t\t<\/div>\n\t\t\t\t\t\t\t<\/div>\n\t\t<\/section>\n\t\t\t\t<section class=\"elementor-section elementor-top-section elementor-element elementor-element-c943cc5 elementor-section-boxed elementor-section-height-default elementor-section-height-default\" data-id=\"c943cc5\" data-element_type=\"section\">\n\t\t\t\t\t\t<div class=\"elementor-container elementor-column-gap-default\">\n\t\t\t\t\t<div class=\"elementor-column elementor-col-100 elementor-top-column elementor-element elementor-element-087ac78\" data-id=\"087ac78\" data-element_type=\"column\">\n\t\t\t<div class=\"elementor-widget-wrap elementor-element-populated\">\n\t\t\t\t\t\t\t\t<div class=\"elementor-element elementor-element-a99dafa elementor-grid-3 elementor-grid-tablet-2 elementor-grid-mobile-1 elementor-posts--thumbnail-top elementor-posts--show-avatar elementor-card-shadow-yes elementor-posts__hover-gradient elementor-widget elementor-widget-posts\" data-id=\"a99dafa\" data-element_type=\"widget\" data-settings=\"{&quot;cards_columns&quot;:&quot;3&quot;,&quot;cards_columns_tablet&quot;:&quot;2&quot;,&quot;cards_columns_mobile&quot;:&quot;1&quot;,&quot;cards_row_gap&quot;:{&quot;unit&quot;:&quot;px&quot;,&quot;size&quot;:35,&quot;sizes&quot;:[]},&quot;cards_row_gap_tablet&quot;:{&quot;unit&quot;:&quot;px&quot;,&quot;size&quot;:&quot;&quot;,&quot;sizes&quot;:[]},&quot;cards_row_gap_mobile&quot;:{&quot;unit&quot;:&quot;px&quot;,&quot;size&quot;:&quot;&quot;,&quot;sizes&quot;:[]}}\" data-widget_type=\"posts.cards\">\n\t\t\t\t<div class=\"elementor-widget-container\">\n\t\t\t<link rel=\"stylesheet\" href=\"https:\/\/www.ull.es\/portal\/hipotesis\/wp-content\/plugins\/elementor-pro\/assets\/css\/widget-posts.min.css\">\t\t<div class=\"elementor-posts-container elementor-posts elementor-posts--skin-cards elementor-grid\">\n\t\t\t\t<article class=\"elementor-post elementor-grid-item post-33923 post type-post status-publish format-standard has-post-thumbnail hentry category-biomedicina-y-salud-areas-notas-hipotesis category-no-4 category-revista-hipotesis tag-articulo tag-carlos-alvarez tag-ciencia-y-sociedad tag-numero-4 tag-revista-hipotesis tag-universidad-de-la-laguna\" target=\"_blank\" rel=\"noopener\">\n\t\t\t<div class=\"elementor-post__card\">\n\t\t\t\t<a class=\"elementor-post__thumbnail__link\" href=\"https:\/\/www.ull.es\/portal\/hipotesis\/un-hito-historico-de-la-ciencia-en-tenerife-w-kohler-y-la-cognicion-de-los-simios\/\"  target=\"_blank\" rel=\"noopener\"><div class=\"elementor-post__thumbnail\"><img loading=\"lazy\" width=\"280\" height=\"182\" src=\"https:\/\/www.ull.es\/portal\/hipotesis\/wp-content\/uploads\/sites\/62\/2024\/07\/img18-22.jpg\" class=\"attachment-full size-full wp-image-40776\" alt=\"\" decoding=\"async\" \/><\/div><\/a>\n\t\t\t\t<div class=\"elementor-post__avatar\">\n\t\t\t<img alt='gciencia' src='https:\/\/secure.gravatar.com\/avatar\/72ccd1b1a4ea47e7b66bc7cc6944b4e5?s=128&#038;d=mm&#038;r=g' srcset='https:\/\/secure.gravatar.com\/avatar\/72ccd1b1a4ea47e7b66bc7cc6944b4e5?s=256&#038;d=mm&#038;r=g 2x' class='avatar avatar-128 photo' height='128' width='128' loading='lazy' decoding='async'\/>\t\t<\/div>\n\t\t\t\t<div class=\"elementor-post__text\">\n\t\t\t\t<h3 class=\"elementor-post__title\">\n\t\t\t<a href=\"https:\/\/www.ull.es\/portal\/hipotesis\/un-hito-historico-de-la-ciencia-en-tenerife-w-kohler-y-la-cognicion-de-los-simios\/\"  target=\"_blank\" rel=\"noopener\">\n\t\t\t\tUn hito hist\u00f3rico de la ciencia en Tenerife: W. K\u00f6hler y la cognici\u00f3n de los simios\t\t\t<\/a>\n\t\t<\/h3>\n\t\t\t\t<div class=\"elementor-post__excerpt\">\n\t\t\t<p>Es evidente que no todos los lugares pueden presumir de contar con un evento fundamental en la historia de la ciencia mundial. Sin embargo, es el caso de Tenerife y concretamente del Puerto de la Cruz, a principios del siglo XX.A finales del siglo XIX Alemania era uno de los pa\u00edses que contaba con notorios avances en las diferentes disciplinas cient\u00edficas. <\/p>\n<p><strong><a href=\"https:\/\/www.ull.es\/portal\/hipotesis\/numero-4\/\" target=\"_blank\" rel=\"noopener\">#N\u00famero 4<\/a> <a href=\"https:\/\/www.ull.es\/portal\/hipotesis\/articulo\/\" target=\"_blank\" rel=\"noopener\"> #Art\u00edculo<\/a> <a href=\"https:\/\/www.ull.es\/portal\/hipotesis\/ciencia-y-sociedad\/\" target=\"_blank\" rel=\"noopener\">#Ciencia y Sociedad<\/a> <a href=\"https:\/\/www.ull.es\/portal\/hipotesis\/carlos-alvarez\/\" target=\"_blank\" rel=\"noopener\">#Carlos \u00c1lvarez<\/a><a href=\"https:\/\/www.ull.es\/portal\/hipotesis\/universidad-de-la-laguna\/\" target=\"_blank\" rel=\"noopener\"> #Universidad de La Laguna<\/a><\/strong><\/p>\n\t\t<\/div>\n\t\t\t\t<\/div>\n\t\t\t\t<div class=\"elementor-post__meta-data\">\n\t\t\t\t\t<span class=\"elementor-post-date\">\n\t\t\t12 julio, 2024\t\t<\/span>\n\t\t\t\t<span class=\"elementor-post-avatar\">\n\t\t\tNo hay comentarios\t\t<\/span>\n\t\t\t\t<\/div>\n\t\t\t\t\t<\/div>\n\t\t<\/article>\n\t\t\t\t<article class=\"elementor-post elementor-grid-item post-33814 post type-post status-publish format-standard has-post-thumbnail hentry category-arte-y-humanidades category-comunicacion-cientifica category-no16 category-revista-hipotesis tag-acdc tag-articulo tag-carlos-alvarez tag-general tag-luis-capote tag-numero-16 tag-pseudociencias tag-revista-hipotesis tag-universidad-de-la-laguna\" target=\"_blank\" rel=\"noopener\">\n\t\t\t<div class=\"elementor-post__card\">\n\t\t\t\t<a class=\"elementor-post__thumbnail__link\" href=\"https:\/\/www.ull.es\/portal\/hipotesis\/veinte-anos-despues\/\"  target=\"_blank\" rel=\"noopener\"><div class=\"elementor-post__thumbnail\"><img loading=\"lazy\" width=\"750\" height=\"1118\" src=\"https:\/\/www.ull.es\/portal\/hipotesis\/wp-content\/uploads\/sites\/62\/2024\/07\/Veinte-anos-despues-1-750x1118-1.png\" class=\"attachment-full size-full wp-image-41075\" alt=\"\" decoding=\"async\" srcset=\"https:\/\/www.ull.es\/portal\/hipotesis\/wp-content\/uploads\/sites\/62\/2024\/07\/Veinte-anos-despues-1-750x1118-1.png 750w, https:\/\/www.ull.es\/portal\/hipotesis\/wp-content\/uploads\/sites\/62\/2024\/07\/Veinte-anos-despues-1-750x1118-1-201x300.png 201w, https:\/\/www.ull.es\/portal\/hipotesis\/wp-content\/uploads\/sites\/62\/2024\/07\/Veinte-anos-despues-1-750x1118-1-687x1024.png 687w, https:\/\/www.ull.es\/portal\/hipotesis\/wp-content\/uploads\/sites\/62\/2024\/07\/Veinte-anos-despues-1-750x1118-1-375x559.png 375w\" sizes=\"(max-width: 750px) 100vw, 750px\" \/><\/div><\/a>\n\t\t\t\t<div class=\"elementor-post__avatar\">\n\t\t\t<img alt='gciencia' src='https:\/\/secure.gravatar.com\/avatar\/72ccd1b1a4ea47e7b66bc7cc6944b4e5?s=128&#038;d=mm&#038;r=g' srcset='https:\/\/secure.gravatar.com\/avatar\/72ccd1b1a4ea47e7b66bc7cc6944b4e5?s=256&#038;d=mm&#038;r=g 2x' class='avatar avatar-128 photo' height='128' width='128' loading='lazy' decoding='async'\/>\t\t<\/div>\n\t\t\t\t<div class=\"elementor-post__text\">\n\t\t\t\t<h3 class=\"elementor-post__title\">\n\t\t\t<a href=\"https:\/\/www.ull.es\/portal\/hipotesis\/veinte-anos-despues\/\"  target=\"_blank\" rel=\"noopener\">\n\t\t\t\tVeinte a\u00f1os despu\u00e9s\t\t\t<\/a>\n\t\t<\/h3>\n\t\t\t\t<div class=\"elementor-post__excerpt\">\n\t\t\t<p>El 14 de noviembre de 2003, un grupo compuesto por doce personas, dedicadas a la docencia y a la investigaci\u00f3n, constituy\u00f3 el n\u00facleo fundacional del Aula Cultural de Divulgaci\u00f3n Cient\u00edfica de la Universidad de La Laguna. Dicho lo anterior, ya la audiencia puede intuir que el presente art\u00edculo tiene como objetivo conmemorar el vig\u00e9simo aniversario de este colectivo. Ahora bien, antes de que pase usted p\u00e1gina -digital- y siga la lectura hacia derroteros m\u00e1s atractivos, es menester advertir que aqu\u00ed no se va a hacer cr\u00f3nica cronol\u00f3gica de eventos, sino aprovechar la ocasi\u00f3n y el espacio brindado para hacer un necesario balance y, de paso, rememorar la multitud de peque\u00f1as historias que conforman un relato que se inici\u00f3 varios a\u00f1os antes de la fecha oficial de constituci\u00f3n.<\/p>\n<p><strong><a href=\"https:\/\/www.ull.es\/portal\/hipotesis\/numero-16\/\" target=\"_blank\" rel=\"noopener\">#N\u00famero16<\/a><a href=\"https:\/\/www.ull.es\/portal\/hipotesis\/articulo\/\" target=\"_blank\" rel=\"noopener\"> #Art\u00edculo<\/a> <a href=\"https:\/\/www.ull.es\/portal\/hipotesis\/general\/\" target=\"_blank\" rel=\"noopener\">#General<\/a> <a href=\"https:\/\/www.ull.es\/portal\/hipotesis\/hipotesis\/\" target=\"_blank\" rel=\"noopener\">#Hip\u00f3tesis<\/a> <a href=\"https:\/\/www.ull.es\/portal\/hipotesis\/luis-capote\/\" target=\"_blank\" rel=\"noopener\">#Luis Capote<\/a> <a href=\"https:\/\/www.ull.es\/portal\/hipotesis\/carlos-alvarez\/\" target=\"_blank\" rel=\"noopener\">#Carlos Alvarez<\/a><a href=\"https:\/\/www.ull.es\/portal\/hipotesis\/universidad-de-la-laguna\/\" target=\"_blank\" rel=\"noopener\">#Universidad de La Laguna<\/a> <\/strong><\/p>\n\t\t<\/div>\n\t\t\t\t<\/div>\n\t\t\t\t<div class=\"elementor-post__meta-data\">\n\t\t\t\t\t<span class=\"elementor-post-date\">\n\t\t\t12 julio, 2024\t\t<\/span>\n\t\t\t\t<span class=\"elementor-post-avatar\">\n\t\t\tNo hay comentarios\t\t<\/span>\n\t\t\t\t<\/div>\n\t\t\t\t\t<\/div>\n\t\t<\/article>\n\t\t\t\t<\/div>\n\t\t\n\t\t\t\t<\/div>\n\t\t\t\t<\/div>\n\t\t\t\t\t<\/div>\n\t\t<\/div>\n\t\t\t\t\t\t\t<\/div>\n\t\t<\/section>\n\t\t\t\t\t\t\t<\/div>\n\t\t","protected":false},"excerpt":{"rendered":"Veinte a\u00f1os despu\u00e9slunes 8 de enero de 2024 - 00:00 GMT+0000\u00a0FacebookXWhatsAppCopy Lin\u00a0El 14 de noviembre de 2003, un grupo\u00a0compuesto por doce personas, dedicadas a la docencia y a la investigaci\u00f3n, constituy\u00f3 el n\u00facleo fundacional\u00a0del Aula Cultural de Divulgaci\u00f3n Cient\u00edfica de\u00a0la Universidad de La Laguna. Dicho lo anterior,\u00a0ya la audiencia puede intuir que el presente\u00a0art\u00edculo tiene...","protected":false},"author":56,"featured_media":0,"parent":0,"menu_order":0,"comment_status":"closed","ping_status":"closed","template":"","meta":{"inline_featured_image":false,"footnotes":""},"acf":[],"yoast_head":"<!-- This site is optimized with the Yoast SEO plugin v21.3 - https:\/\/yoast.com\/wordpress\/plugins\/seo\/ -->\n<title>#Carlos Alvarez - Hipotesis<\/title>\n<meta name=\"robots\" content=\"index, follow, max-snippet:-1, max-image-preview:large, max-video-preview:-1\" \/>\n<link rel=\"canonical\" href=\"https:\/\/www.ull.es\/portal\/hipotesis\/carlos-alvarez\/\" \/>\n<meta property=\"og:locale\" content=\"es_ES\" \/>\n<meta property=\"og:type\" content=\"article\" \/>\n<meta property=\"og:title\" content=\"#Carlos Alvarez - Hipotesis\" \/>\n<meta property=\"og:url\" content=\"https:\/\/www.ull.es\/portal\/hipotesis\/carlos-alvarez\/\" \/>\n<meta property=\"og:site_name\" content=\"Hipotesis\" \/>\n<meta property=\"article:publisher\" content=\"https:\/\/www.facebook.com\/CienciaULL\/\" \/>\n<meta property=\"article:modified_time\" content=\"2024-07-12T12:31:13+00:00\" \/>\n<meta property=\"og:image\" content=\"https:\/\/www.ull.es\/portal\/hipotesis\/wp-content\/uploads\/sites\/62\/2024\/06\/facebook-04-1-1140x434.jpg\" \/>\n<meta name=\"twitter:card\" content=\"summary_large_image\" \/>\n<meta name=\"twitter:site\" content=\"@CienciaULL\" \/>\n<meta name=\"twitter:label1\" content=\"Tiempo de lectura\" \/>\n\t<meta name=\"twitter:data1\" content=\"1 minuto\" \/>\n<script type=\"application\/ld+json\" class=\"yoast-schema-graph\">{\"@context\":\"https:\/\/schema.org\",\"@graph\":[{\"@type\":\"WebPage\",\"@id\":\"https:\/\/www.ull.es\/portal\/hipotesis\/carlos-alvarez\/\",\"url\":\"https:\/\/www.ull.es\/portal\/hipotesis\/carlos-alvarez\/\",\"name\":\"#Carlos Alvarez - Hipotesis\",\"isPartOf\":{\"@id\":\"https:\/\/www.ull.es\/portal\/hipotesis\/#website\"},\"datePublished\":\"2024-07-12T12:30:49+00:00\",\"dateModified\":\"2024-07-12T12:31:13+00:00\",\"breadcrumb\":{\"@id\":\"https:\/\/www.ull.es\/portal\/hipotesis\/carlos-alvarez\/#breadcrumb\"},\"inLanguage\":\"es\",\"potentialAction\":[{\"@type\":\"ReadAction\",\"target\":[\"https:\/\/www.ull.es\/portal\/hipotesis\/carlos-alvarez\/\"]}]},{\"@type\":\"BreadcrumbList\",\"@id\":\"https:\/\/www.ull.es\/portal\/hipotesis\/carlos-alvarez\/#breadcrumb\",\"itemListElement\":[{\"@type\":\"ListItem\",\"position\":1,\"name\":\"Portada\",\"item\":\"https:\/\/www.ull.es\/portal\/hipotesis\/\"},{\"@type\":\"ListItem\",\"position\":2,\"name\":\"#Carlos Alvarez\"}]},{\"@type\":\"WebSite\",\"@id\":\"https:\/\/www.ull.es\/portal\/hipotesis\/#website\",\"url\":\"https:\/\/www.ull.es\/portal\/hipotesis\/\",\"name\":\"Hipotesis\",\"description\":\"Unidad de Cultura Cient\u00edfica y de la Innovaci\u00f3n de la Universidad de La Laguna\",\"potentialAction\":[{\"@type\":\"SearchAction\",\"target\":{\"@type\":\"EntryPoint\",\"urlTemplate\":\"https:\/\/www.ull.es\/portal\/hipotesis\/?s={search_term_string}\"},\"query-input\":\"required name=search_term_string\"}],\"inLanguage\":\"es\"}]}<\/script>\n<!-- \/ Yoast SEO plugin. -->","yoast_head_json":{"title":"#Carlos Alvarez - Hipotesis","robots":{"index":"index","follow":"follow","max-snippet":"max-snippet:-1","max-image-preview":"max-image-preview:large","max-video-preview":"max-video-preview:-1"},"canonical":"https:\/\/www.ull.es\/portal\/hipotesis\/carlos-alvarez\/","og_locale":"es_ES","og_type":"article","og_title":"#Carlos Alvarez - Hipotesis","og_url":"https:\/\/www.ull.es\/portal\/hipotesis\/carlos-alvarez\/","og_site_name":"Hipotesis","article_publisher":"https:\/\/www.facebook.com\/CienciaULL\/","article_modified_time":"2024-07-12T12:31:13+00:00","og_image":[{"url":"https:\/\/www.ull.es\/portal\/hipotesis\/wp-content\/uploads\/sites\/62\/2024\/06\/facebook-04-1-1140x434.jpg"}],"twitter_card":"summary_large_image","twitter_site":"@CienciaULL","twitter_misc":{"Tiempo de lectura":"1 minuto"},"schema":{"@context":"https:\/\/schema.org","@graph":[{"@type":"WebPage","@id":"https:\/\/www.ull.es\/portal\/hipotesis\/carlos-alvarez\/","url":"https:\/\/www.ull.es\/portal\/hipotesis\/carlos-alvarez\/","name":"#Carlos Alvarez - Hipotesis","isPartOf":{"@id":"https:\/\/www.ull.es\/portal\/hipotesis\/#website"},"datePublished":"2024-07-12T12:30:49+00:00","dateModified":"2024-07-12T12:31:13+00:00","breadcrumb":{"@id":"https:\/\/www.ull.es\/portal\/hipotesis\/carlos-alvarez\/#breadcrumb"},"inLanguage":"es","potentialAction":[{"@type":"ReadAction","target":["https:\/\/www.ull.es\/portal\/hipotesis\/carlos-alvarez\/"]}]},{"@type":"BreadcrumbList","@id":"https:\/\/www.ull.es\/portal\/hipotesis\/carlos-alvarez\/#breadcrumb","itemListElement":[{"@type":"ListItem","position":1,"name":"Portada","item":"https:\/\/www.ull.es\/portal\/hipotesis\/"},{"@type":"ListItem","position":2,"name":"#Carlos Alvarez"}]},{"@type":"WebSite","@id":"https:\/\/www.ull.es\/portal\/hipotesis\/#website","url":"https:\/\/www.ull.es\/portal\/hipotesis\/","name":"Hipotesis","description":"Unidad de Cultura Cient\u00edfica y de la Innovaci\u00f3n de la Universidad de La Laguna","potentialAction":[{"@type":"SearchAction","target":{"@type":"EntryPoint","urlTemplate":"https:\/\/www.ull.es\/portal\/hipotesis\/?s={search_term_string}"},"query-input":"required name=search_term_string"}],"inLanguage":"es"}]}},"_links":{"self":[{"href":"https:\/\/www.ull.es\/portal\/hipotesis\/wp-json\/wp\/v2\/pages\/33875"}],"collection":[{"href":"https:\/\/www.ull.es\/portal\/hipotesis\/wp-json\/wp\/v2\/pages"}],"about":[{"href":"https:\/\/www.ull.es\/portal\/hipotesis\/wp-json\/wp\/v2\/types\/page"}],"author":[{"embeddable":true,"href":"https:\/\/www.ull.es\/portal\/hipotesis\/wp-json\/wp\/v2\/users\/56"}],"replies":[{"embeddable":true,"href":"https:\/\/www.ull.es\/portal\/hipotesis\/wp-json\/wp\/v2\/comments?post=33875"}],"version-history":[{"count":4,"href":"https:\/\/www.ull.es\/portal\/hipotesis\/wp-json\/wp\/v2\/pages\/33875\/revisions"}],"predecessor-version":[{"id":33880,"href":"https:\/\/www.ull.es\/portal\/hipotesis\/wp-json\/wp\/v2\/pages\/33875\/revisions\/33880"}],"wp:attachment":[{"href":"https:\/\/www.ull.es\/portal\/hipotesis\/wp-json\/wp\/v2\/media?parent=33875"}],"curies":[{"name":"wp","href":"https:\/\/api.w.org\/{rel}","templated":true}]}}