{"id":35410,"date":"2024-07-18T12:33:30","date_gmt":"2024-07-18T12:33:30","guid":{"rendered":"https:\/\/www.ull.es\/portal\/hipotesis\/?page_id=35410"},"modified":"2024-07-18T12:34:47","modified_gmt":"2024-07-18T12:34:47","slug":"horacio-a-barber","status":"publish","type":"page","link":"https:\/\/www.ull.es\/portal\/hipotesis\/horacio-a-barber\/","title":{"rendered":"#Horacio A. Barber"},"content":{"rendered":"\t\t<div data-elementor-type=\"wp-page\" data-elementor-id=\"35410\" class=\"elementor elementor-35410\">\n\t\t\t\t\t\t\t\t\t<section class=\"elementor-section elementor-top-section elementor-element elementor-element-87ab4af elementor-section-boxed elementor-section-height-default elementor-section-height-default\" data-id=\"87ab4af\" data-element_type=\"section\">\n\t\t\t\t\t\t<div class=\"elementor-container elementor-column-gap-default\">\n\t\t\t\t\t<div class=\"elementor-column elementor-col-100 elementor-top-column elementor-element elementor-element-de40c08\" data-id=\"de40c08\" data-element_type=\"column\">\n\t\t\t<div class=\"elementor-widget-wrap\">\n\t\t\t\t\t\t\t\t\t<\/div>\n\t\t<\/div>\n\t\t\t\t\t\t\t<\/div>\n\t\t<\/section>\n\t\t\t\t<section class=\"elementor-section elementor-top-section elementor-element elementor-element-c83d33d elementor-section-boxed elementor-section-height-default elementor-section-height-default\" data-id=\"c83d33d\" data-element_type=\"section\">\n\t\t\t\t\t\t<div class=\"elementor-container elementor-column-gap-default\">\n\t\t\t\t\t<div class=\"elementor-column elementor-col-100 elementor-top-column elementor-element elementor-element-60a166a\" data-id=\"60a166a\" data-element_type=\"column\">\n\t\t\t<div class=\"elementor-widget-wrap elementor-element-populated\">\n\t\t\t\t\t\t\t\t<div class=\"elementor-element elementor-element-2e43bdc elementor-widget elementor-widget-image\" data-id=\"2e43bdc\" data-element_type=\"widget\" data-widget_type=\"image.default\">\n\t\t\t\t<div class=\"elementor-widget-container\">\n\t\t\t<style>\/*! elementor - v3.9.2 - 21-12-2022 *\/\n.elementor-widget-image{text-align:center}.elementor-widget-image a{display:inline-block}.elementor-widget-image a img[src$=\".svg\"]{width:48px}.elementor-widget-image img{vertical-align:middle;display:inline-block}<\/style>\t\t\t\t\t\t\t\t\t\t\t\t<img decoding=\"async\" loading=\"lazy\" width=\"1140\" height=\"434\" src=\"https:\/\/www.ull.es\/portal\/hipotesis\/wp-content\/uploads\/sites\/62\/2024\/06\/facebook-04-1-1140x434.jpg\" class=\"attachment-page size-page wp-image-30282\" alt=\"\" srcset=\"https:\/\/www.ull.es\/portal\/hipotesis\/wp-content\/uploads\/sites\/62\/2024\/06\/facebook-04-1-1140x434.jpg 1140w, https:\/\/www.ull.es\/portal\/hipotesis\/wp-content\/uploads\/sites\/62\/2024\/06\/facebook-04-1-300x114.jpg 300w, https:\/\/www.ull.es\/portal\/hipotesis\/wp-content\/uploads\/sites\/62\/2024\/06\/facebook-04-1-1024x390.jpg 1024w, https:\/\/www.ull.es\/portal\/hipotesis\/wp-content\/uploads\/sites\/62\/2024\/06\/facebook-04-1-768x292.jpg 768w, https:\/\/www.ull.es\/portal\/hipotesis\/wp-content\/uploads\/sites\/62\/2024\/06\/facebook-04-1-1536x585.jpg 1536w, https:\/\/www.ull.es\/portal\/hipotesis\/wp-content\/uploads\/sites\/62\/2024\/06\/facebook-04-1-375x143.jpg 375w, https:\/\/www.ull.es\/portal\/hipotesis\/wp-content\/uploads\/sites\/62\/2024\/06\/facebook-04-1-750x285.jpg 750w, https:\/\/www.ull.es\/portal\/hipotesis\/wp-content\/uploads\/sites\/62\/2024\/06\/facebook-04-1.jpg 1600w\" sizes=\"(max-width: 1140px) 100vw, 1140px\" \/>\t\t\t\t\t\t\t\t\t\t\t\t\t\t\t<\/div>\n\t\t\t\t<\/div>\n\t\t\t\t\t<\/div>\n\t\t<\/div>\n\t\t\t\t\t\t\t<\/div>\n\t\t<\/section>\n\t\t\t\t<section class=\"elementor-section elementor-top-section elementor-element elementor-element-c943cc5 elementor-section-boxed elementor-section-height-default elementor-section-height-default\" data-id=\"c943cc5\" data-element_type=\"section\">\n\t\t\t\t\t\t<div class=\"elementor-container elementor-column-gap-default\">\n\t\t\t\t\t<div class=\"elementor-column elementor-col-100 elementor-top-column elementor-element elementor-element-087ac78\" data-id=\"087ac78\" data-element_type=\"column\">\n\t\t\t<div class=\"elementor-widget-wrap elementor-element-populated\">\n\t\t\t\t\t\t\t\t<div class=\"elementor-element elementor-element-a99dafa elementor-grid-3 elementor-grid-tablet-2 elementor-grid-mobile-1 elementor-posts--thumbnail-top elementor-posts--show-avatar elementor-card-shadow-yes elementor-posts__hover-gradient elementor-widget elementor-widget-posts\" data-id=\"a99dafa\" data-element_type=\"widget\" data-settings=\"{&quot;cards_columns&quot;:&quot;3&quot;,&quot;cards_columns_tablet&quot;:&quot;2&quot;,&quot;cards_columns_mobile&quot;:&quot;1&quot;,&quot;cards_row_gap&quot;:{&quot;unit&quot;:&quot;px&quot;,&quot;size&quot;:35,&quot;sizes&quot;:[]},&quot;cards_row_gap_tablet&quot;:{&quot;unit&quot;:&quot;px&quot;,&quot;size&quot;:&quot;&quot;,&quot;sizes&quot;:[]},&quot;cards_row_gap_mobile&quot;:{&quot;unit&quot;:&quot;px&quot;,&quot;size&quot;:&quot;&quot;,&quot;sizes&quot;:[]}}\" data-widget_type=\"posts.cards\">\n\t\t\t\t<div class=\"elementor-widget-container\">\n\t\t\t<link rel=\"stylesheet\" href=\"https:\/\/www.ull.es\/portal\/hipotesis\/wp-content\/plugins\/elementor-pro\/assets\/css\/widget-posts.min.css\">\t\t<div class=\"elementor-posts-container elementor-posts elementor-posts--skin-cards elementor-grid\">\n\t\t\t\t<article class=\"elementor-post elementor-grid-item post-35403 post type-post status-publish format-standard has-post-thumbnail hentry category-biomedicina-y-salud-areas-notas-hipotesis category-no-5 category-revista-hipotesis tag-articulo tag-biomedicina-y-salud tag-horacio-a-barber tag-numero-5 tag-revista-hipotesis tag-universidad-de-la-laguna\" target=\"_blank\" rel=\"noopener\">\n\t\t\t<div class=\"elementor-post__card\">\n\t\t\t\t<a class=\"elementor-post__thumbnail__link\" href=\"https:\/\/www.ull.es\/portal\/hipotesis\/lo-que-vemos-cuando-leemos-flexibilidad-y-plasticidad-cerebral-2\/\"  target=\"_blank\" rel=\"noopener\"><div class=\"elementor-post__thumbnail\"><img loading=\"lazy\" width=\"709\" height=\"895\" src=\"https:\/\/www.ull.es\/portal\/hipotesis\/wp-content\/uploads\/sites\/62\/2024\/07\/cerebral-1.png\" class=\"attachment-full size-full wp-image-40818\" alt=\"\" decoding=\"async\" srcset=\"https:\/\/www.ull.es\/portal\/hipotesis\/wp-content\/uploads\/sites\/62\/2024\/07\/cerebral-1.png 709w, https:\/\/www.ull.es\/portal\/hipotesis\/wp-content\/uploads\/sites\/62\/2024\/07\/cerebral-1-238x300.png 238w, https:\/\/www.ull.es\/portal\/hipotesis\/wp-content\/uploads\/sites\/62\/2024\/07\/cerebral-1-375x473.png 375w\" sizes=\"(max-width: 709px) 100vw, 709px\" \/><\/div><\/a>\n\t\t\t\t<div class=\"elementor-post__avatar\">\n\t\t\t<img alt='gciencia' src='https:\/\/secure.gravatar.com\/avatar\/72ccd1b1a4ea47e7b66bc7cc6944b4e5?s=128&#038;d=mm&#038;r=g' srcset='https:\/\/secure.gravatar.com\/avatar\/72ccd1b1a4ea47e7b66bc7cc6944b4e5?s=256&#038;d=mm&#038;r=g 2x' class='avatar avatar-128 photo' height='128' width='128' loading='lazy' decoding='async'\/>\t\t<\/div>\n\t\t\t\t<div class=\"elementor-post__text\">\n\t\t\t\t<h3 class=\"elementor-post__title\">\n\t\t\t<a href=\"https:\/\/www.ull.es\/portal\/hipotesis\/lo-que-vemos-cuando-leemos-flexibilidad-y-plasticidad-cerebral-2\/\"  target=\"_blank\" rel=\"noopener\">\n\t\t\t\tLo que vemos cuando leemos: flexibilidad y plasticidad cerebral\t\t\t<\/a>\n\t\t<\/h3>\n\t\t\t\t<div class=\"elementor-post__excerpt\">\n\t\t\t<p>La lectura tiene un papel central en nuestras vidas. Adquirimos gran parte de nuestros conocimientos gracias a ella; la utilizamos cuando devoramos apasionadamente un libro y cuando nos enfrentamos a un \u00e1rido documento burocr\u00e1tico, pero tambi\u00e9n cuando navegamos por Internet o cuando elegimos productos en el supermercado.<br \/>\n<strong><a href=\"https:\/\/www.ull.es\/portal\/hipotesis\/numero-5\/\" target=\"_blank\" rel=\"noopener\">#N\u00famero 5<\/a><a href=\"https:\/\/www.ull.es\/portal\/hipotesis\/articulo\/\" target=\"_blank\" rel=\"noopener\"> #Art\u00edculo<\/a> <a href=\"https:\/\/www.ull.es\/portal\/hipotesis\/biomedicina-y-salud\/\" target=\"_blank\" rel=\"noopener\">#Biomedicina y Salud<\/a> <a href=\"https:\/\/www.ull.es\/portal\/hipotesis\/horacio-a-barber\/\" target=\"_blank\" rel=\"noopener\">#Horacio A. Barber<\/a> <a href=\"https:\/\/www.ull.es\/portal\/hipotesis\/universidad-de-la-laguna\/\" target=\"_blank\" rel=\"noopener\">#Universidad de La Laguna<\/a><\/strong> <\/p>\n\t\t<\/div>\n\t\t\t\t<\/div>\n\t\t\t\t<div class=\"elementor-post__meta-data\">\n\t\t\t\t\t<span class=\"elementor-post-date\">\n\t\t\t18 julio, 2024\t\t<\/span>\n\t\t\t\t<span class=\"elementor-post-avatar\">\n\t\t\tNo hay comentarios\t\t<\/span>\n\t\t\t\t<\/div>\n\t\t\t\t\t<\/div>\n\t\t<\/article>\n\t\t\t\t<\/div>\n\t\t\n\t\t\t\t<\/div>\n\t\t\t\t<\/div>\n\t\t\t\t\t<\/div>\n\t\t<\/div>\n\t\t\t\t\t\t\t<\/div>\n\t\t<\/section>\n\t\t\t\t\t\t\t<\/div>\n\t\t","protected":false},"excerpt":{"rendered":"\u00a0Lunes 23 de diciembre de 2019FacebookXWhatsAppCopy k\u00a0\u00a0La lectura tiene un papel central en nuestras vidas. Adquirimos gran parte de nuestros conocimientos gracias a ella; la utilizamos cuando devoramos apasionadamente un libro y cuando nos enfrentamos a un \u00e1rido documento burocr\u00e1tico, pero tambi\u00e9n cuando navegamos por Internet o cuando elegimos productos en el supermercado.La visi\u00f3n forma...","protected":false},"author":56,"featured_media":0,"parent":0,"menu_order":0,"comment_status":"closed","ping_status":"closed","template":"","meta":{"inline_featured_image":false,"footnotes":""},"acf":[],"yoast_head":"<!-- This site is optimized with the Yoast SEO plugin v21.3 - https:\/\/yoast.com\/wordpress\/plugins\/seo\/ -->\n<title>#Horacio A. Barber - Hipotesis<\/title>\n<meta name=\"robots\" content=\"index, follow, max-snippet:-1, max-image-preview:large, max-video-preview:-1\" \/>\n<link rel=\"canonical\" href=\"https:\/\/www.ull.es\/portal\/hipotesis\/horacio-a-barber\/\" \/>\n<meta property=\"og:locale\" content=\"es_ES\" \/>\n<meta property=\"og:type\" content=\"article\" \/>\n<meta property=\"og:title\" content=\"#Horacio A. Barber - Hipotesis\" \/>\n<meta property=\"og:url\" content=\"https:\/\/www.ull.es\/portal\/hipotesis\/horacio-a-barber\/\" \/>\n<meta property=\"og:site_name\" content=\"Hipotesis\" \/>\n<meta property=\"article:publisher\" content=\"https:\/\/www.facebook.com\/CienciaULL\/\" \/>\n<meta property=\"article:modified_time\" content=\"2024-07-18T12:34:47+00:00\" \/>\n<meta property=\"og:image\" content=\"https:\/\/www.ull.es\/portal\/hipotesis\/wp-content\/uploads\/sites\/62\/2024\/06\/facebook-04-1-1140x434.jpg\" \/>\n<meta name=\"twitter:card\" content=\"summary_large_image\" \/>\n<meta name=\"twitter:site\" content=\"@CienciaULL\" \/>\n<meta name=\"twitter:label1\" content=\"Tiempo de lectura\" \/>\n\t<meta name=\"twitter:data1\" content=\"1 minuto\" \/>\n<script type=\"application\/ld+json\" class=\"yoast-schema-graph\">{\"@context\":\"https:\/\/schema.org\",\"@graph\":[{\"@type\":\"WebPage\",\"@id\":\"https:\/\/www.ull.es\/portal\/hipotesis\/horacio-a-barber\/\",\"url\":\"https:\/\/www.ull.es\/portal\/hipotesis\/horacio-a-barber\/\",\"name\":\"#Horacio A. Barber - Hipotesis\",\"isPartOf\":{\"@id\":\"https:\/\/www.ull.es\/portal\/hipotesis\/#website\"},\"datePublished\":\"2024-07-18T12:33:30+00:00\",\"dateModified\":\"2024-07-18T12:34:47+00:00\",\"breadcrumb\":{\"@id\":\"https:\/\/www.ull.es\/portal\/hipotesis\/horacio-a-barber\/#breadcrumb\"},\"inLanguage\":\"es\",\"potentialAction\":[{\"@type\":\"ReadAction\",\"target\":[\"https:\/\/www.ull.es\/portal\/hipotesis\/horacio-a-barber\/\"]}]},{\"@type\":\"BreadcrumbList\",\"@id\":\"https:\/\/www.ull.es\/portal\/hipotesis\/horacio-a-barber\/#breadcrumb\",\"itemListElement\":[{\"@type\":\"ListItem\",\"position\":1,\"name\":\"Portada\",\"item\":\"https:\/\/www.ull.es\/portal\/hipotesis\/\"},{\"@type\":\"ListItem\",\"position\":2,\"name\":\"#Horacio A. Barber\"}]},{\"@type\":\"WebSite\",\"@id\":\"https:\/\/www.ull.es\/portal\/hipotesis\/#website\",\"url\":\"https:\/\/www.ull.es\/portal\/hipotesis\/\",\"name\":\"Hipotesis\",\"description\":\"Unidad de Cultura Cient\u00edfica y de la Innovaci\u00f3n de la Universidad de La Laguna\",\"potentialAction\":[{\"@type\":\"SearchAction\",\"target\":{\"@type\":\"EntryPoint\",\"urlTemplate\":\"https:\/\/www.ull.es\/portal\/hipotesis\/?s={search_term_string}\"},\"query-input\":\"required name=search_term_string\"}],\"inLanguage\":\"es\"}]}<\/script>\n<!-- \/ Yoast SEO plugin. -->","yoast_head_json":{"title":"#Horacio A. Barber - Hipotesis","robots":{"index":"index","follow":"follow","max-snippet":"max-snippet:-1","max-image-preview":"max-image-preview:large","max-video-preview":"max-video-preview:-1"},"canonical":"https:\/\/www.ull.es\/portal\/hipotesis\/horacio-a-barber\/","og_locale":"es_ES","og_type":"article","og_title":"#Horacio A. Barber - Hipotesis","og_url":"https:\/\/www.ull.es\/portal\/hipotesis\/horacio-a-barber\/","og_site_name":"Hipotesis","article_publisher":"https:\/\/www.facebook.com\/CienciaULL\/","article_modified_time":"2024-07-18T12:34:47+00:00","og_image":[{"url":"https:\/\/www.ull.es\/portal\/hipotesis\/wp-content\/uploads\/sites\/62\/2024\/06\/facebook-04-1-1140x434.jpg"}],"twitter_card":"summary_large_image","twitter_site":"@CienciaULL","twitter_misc":{"Tiempo de lectura":"1 minuto"},"schema":{"@context":"https:\/\/schema.org","@graph":[{"@type":"WebPage","@id":"https:\/\/www.ull.es\/portal\/hipotesis\/horacio-a-barber\/","url":"https:\/\/www.ull.es\/portal\/hipotesis\/horacio-a-barber\/","name":"#Horacio A. Barber - Hipotesis","isPartOf":{"@id":"https:\/\/www.ull.es\/portal\/hipotesis\/#website"},"datePublished":"2024-07-18T12:33:30+00:00","dateModified":"2024-07-18T12:34:47+00:00","breadcrumb":{"@id":"https:\/\/www.ull.es\/portal\/hipotesis\/horacio-a-barber\/#breadcrumb"},"inLanguage":"es","potentialAction":[{"@type":"ReadAction","target":["https:\/\/www.ull.es\/portal\/hipotesis\/horacio-a-barber\/"]}]},{"@type":"BreadcrumbList","@id":"https:\/\/www.ull.es\/portal\/hipotesis\/horacio-a-barber\/#breadcrumb","itemListElement":[{"@type":"ListItem","position":1,"name":"Portada","item":"https:\/\/www.ull.es\/portal\/hipotesis\/"},{"@type":"ListItem","position":2,"name":"#Horacio A. Barber"}]},{"@type":"WebSite","@id":"https:\/\/www.ull.es\/portal\/hipotesis\/#website","url":"https:\/\/www.ull.es\/portal\/hipotesis\/","name":"Hipotesis","description":"Unidad de Cultura Cient\u00edfica y de la Innovaci\u00f3n de la Universidad de La Laguna","potentialAction":[{"@type":"SearchAction","target":{"@type":"EntryPoint","urlTemplate":"https:\/\/www.ull.es\/portal\/hipotesis\/?s={search_term_string}"},"query-input":"required name=search_term_string"}],"inLanguage":"es"}]}},"_links":{"self":[{"href":"https:\/\/www.ull.es\/portal\/hipotesis\/wp-json\/wp\/v2\/pages\/35410"}],"collection":[{"href":"https:\/\/www.ull.es\/portal\/hipotesis\/wp-json\/wp\/v2\/pages"}],"about":[{"href":"https:\/\/www.ull.es\/portal\/hipotesis\/wp-json\/wp\/v2\/types\/page"}],"author":[{"embeddable":true,"href":"https:\/\/www.ull.es\/portal\/hipotesis\/wp-json\/wp\/v2\/users\/56"}],"replies":[{"embeddable":true,"href":"https:\/\/www.ull.es\/portal\/hipotesis\/wp-json\/wp\/v2\/comments?post=35410"}],"version-history":[{"count":5,"href":"https:\/\/www.ull.es\/portal\/hipotesis\/wp-json\/wp\/v2\/pages\/35410\/revisions"}],"predecessor-version":[{"id":35418,"href":"https:\/\/www.ull.es\/portal\/hipotesis\/wp-json\/wp\/v2\/pages\/35410\/revisions\/35418"}],"wp:attachment":[{"href":"https:\/\/www.ull.es\/portal\/hipotesis\/wp-json\/wp\/v2\/media?parent=35410"}],"curies":[{"name":"wp","href":"https:\/\/api.w.org\/{rel}","templated":true}]}}