{"id":39526,"date":"2024-11-22T11:56:18","date_gmt":"2024-11-22T11:56:18","guid":{"rendered":"https:\/\/www.ull.es\/portal\/hipotesis\/?page_id=39526"},"modified":"2025-05-19T09:00:53","modified_gmt":"2025-05-19T09:00:53","slug":"normas-de-publicacion","status":"publish","type":"page","link":"https:\/\/www.ull.es\/portal\/hipotesis\/normas-de-publicacion\/","title":{"rendered":"Normas de publicaci\u00f3n"},"content":{"rendered":"\t\t<div data-elementor-type=\"wp-page\" data-elementor-id=\"39526\" class=\"elementor elementor-39526\">\n\t\t\t\t\t\t\t\t\t<section class=\"elementor-section elementor-top-section elementor-element elementor-element-da0cc27 elementor-section-boxed elementor-section-height-default elementor-section-height-default\" data-id=\"da0cc27\" data-element_type=\"section\">\n\t\t\t\t\t\t<div class=\"elementor-container elementor-column-gap-default\">\n\t\t\t\t\t<div class=\"elementor-column elementor-col-100 elementor-top-column elementor-element elementor-element-8c47926\" data-id=\"8c47926\" data-element_type=\"column\">\n\t\t\t<div class=\"elementor-widget-wrap elementor-element-populated\">\n\t\t\t\t\t\t\t\t<div class=\"elementor-element elementor-element-7cae543 elementor-widget elementor-widget-image\" data-id=\"7cae543\" data-element_type=\"widget\" data-widget_type=\"image.default\">\n\t\t\t\t<div class=\"elementor-widget-container\">\n\t\t\t<style>\/*! elementor - v3.9.2 - 21-12-2022 *\/\n.elementor-widget-image{text-align:center}.elementor-widget-image a{display:inline-block}.elementor-widget-image a img[src$=\".svg\"]{width:48px}.elementor-widget-image img{vertical-align:middle;display:inline-block}<\/style>\t\t\t\t\t\t\t\t\t\t\t\t<img decoding=\"async\" loading=\"lazy\" width=\"1600\" height=\"600\" src=\"https:\/\/www.ull.es\/portal\/hipotesis\/wp-content\/uploads\/sites\/62\/2024\/11\/hipotesis2_bn.jpg\" class=\"attachment-full size-full wp-image-39838\" alt=\"\" srcset=\"https:\/\/www.ull.es\/portal\/hipotesis\/wp-content\/uploads\/sites\/62\/2024\/11\/hipotesis2_bn.jpg 1600w, https:\/\/www.ull.es\/portal\/hipotesis\/wp-content\/uploads\/sites\/62\/2024\/11\/hipotesis2_bn-300x113.jpg 300w, https:\/\/www.ull.es\/portal\/hipotesis\/wp-content\/uploads\/sites\/62\/2024\/11\/hipotesis2_bn-1024x384.jpg 1024w, https:\/\/www.ull.es\/portal\/hipotesis\/wp-content\/uploads\/sites\/62\/2024\/11\/hipotesis2_bn-768x288.jpg 768w, https:\/\/www.ull.es\/portal\/hipotesis\/wp-content\/uploads\/sites\/62\/2024\/11\/hipotesis2_bn-1536x576.jpg 1536w, https:\/\/www.ull.es\/portal\/hipotesis\/wp-content\/uploads\/sites\/62\/2024\/11\/hipotesis2_bn-375x141.jpg 375w, https:\/\/www.ull.es\/portal\/hipotesis\/wp-content\/uploads\/sites\/62\/2024\/11\/hipotesis2_bn-750x281.jpg 750w, https:\/\/www.ull.es\/portal\/hipotesis\/wp-content\/uploads\/sites\/62\/2024\/11\/hipotesis2_bn-1140x428.jpg 1140w, https:\/\/www.ull.es\/portal\/hipotesis\/wp-content\/uploads\/sites\/62\/2024\/11\/elementor\/thumbs\/hipotesis2_bn-qxkvsaqxpsphc4jpukpbz77311qd481yna7oj8mwgg.jpg 1216w\" sizes=\"(max-width: 1600px) 100vw, 1600px\" \/>\t\t\t\t\t\t\t\t\t\t\t\t\t\t\t<\/div>\n\t\t\t\t<\/div>\n\t\t\t\t<div class=\"elementor-element elementor-element-201564d elementor-widget__width-initial elementor-widget elementor-widget-text-editor\" data-id=\"201564d\" data-element_type=\"widget\" data-widget_type=\"text-editor.default\">\n\t\t\t\t<div class=\"elementor-widget-container\">\n\t\t\t<style>\/*! elementor - v3.9.2 - 21-12-2022 *\/\n.elementor-widget-text-editor.elementor-drop-cap-view-stacked .elementor-drop-cap{background-color:#818a91;color:#fff}.elementor-widget-text-editor.elementor-drop-cap-view-framed .elementor-drop-cap{color:#818a91;border:3px solid;background-color:transparent}.elementor-widget-text-editor:not(.elementor-drop-cap-view-default) .elementor-drop-cap{margin-top:8px}.elementor-widget-text-editor:not(.elementor-drop-cap-view-default) .elementor-drop-cap-letter{width:1em;height:1em}.elementor-widget-text-editor .elementor-drop-cap{float:left;text-align:center;line-height:1;font-size:50px}.elementor-widget-text-editor .elementor-drop-cap-letter{display:inline-block}<\/style>\t\t\t\t<h2><span style=\"color: #339966\"> <a href=\"https:\/\/www.ull.es\/portal\/hipotesis\/wp-content\/uploads\/sites\/62\/2025\/05\/Captura-de-pantalla-2025-05-19-095838.png\" target=\"_blank\" rel=\"noopener\"><img decoding=\"async\" loading=\"lazy\" class=\"size-full wp-image-43240 aligncenter\" src=\"https:\/\/www.ull.es\/portal\/hipotesis\/wp-content\/uploads\/sites\/62\/2025\/05\/Captura-de-pantalla-2025-05-19-095838.png\" alt=\"\" width=\"1318\" height=\"737\" srcset=\"https:\/\/www.ull.es\/portal\/hipotesis\/wp-content\/uploads\/sites\/62\/2025\/05\/Captura-de-pantalla-2025-05-19-095838.png 1318w, https:\/\/www.ull.es\/portal\/hipotesis\/wp-content\/uploads\/sites\/62\/2025\/05\/Captura-de-pantalla-2025-05-19-095838-300x168.png 300w, https:\/\/www.ull.es\/portal\/hipotesis\/wp-content\/uploads\/sites\/62\/2025\/05\/Captura-de-pantalla-2025-05-19-095838-1024x573.png 1024w, https:\/\/www.ull.es\/portal\/hipotesis\/wp-content\/uploads\/sites\/62\/2025\/05\/Captura-de-pantalla-2025-05-19-095838-768x429.png 768w, https:\/\/www.ull.es\/portal\/hipotesis\/wp-content\/uploads\/sites\/62\/2025\/05\/Captura-de-pantalla-2025-05-19-095838-375x210.png 375w, https:\/\/www.ull.es\/portal\/hipotesis\/wp-content\/uploads\/sites\/62\/2025\/05\/Captura-de-pantalla-2025-05-19-095838-750x419.png 750w, https:\/\/www.ull.es\/portal\/hipotesis\/wp-content\/uploads\/sites\/62\/2025\/05\/Captura-de-pantalla-2025-05-19-095838-1140x637.png 1140w\" sizes=\"(max-width: 1318px) 100vw, 1318px\" \/><\/a><\/span><\/h2><h2><span style=\"color: #339966\">Normas de publicaci\u00f3n y c\u00f3dico \u00e9tico<\/span><\/h2><p>1. Las comunicaciones publicadas en HIP\u00d3TESIS 2.0 no se someten a revisi\u00f3n externa, aunque s\u00ed se evaluar\u00e1 su adecuaci\u00f3n a la pol\u00edtica editorial de la revista, teniendo en cuenta diversos factores como el rigor cient\u00edfico, el inter\u00e9s para el lector y el estilo del texto.<\/p><p>2. Los art\u00edculos divulgativos se encargan generalmente por el editor\/a, pero los autores\/as que lo deseen pueden realizar propuestas directamente escribiendo a la redacci\u00f3n o al director.<\/p><p>3. Se debe evitar el uso de tecnicismos, f\u00f3rmulas o unidades de medida no usuales. Cuando estas sean imprescindibles debe acompa\u00f1arse su presentaci\u00f3n de las necesarias explicaciones para facilitar la comprensi\u00f3n del art\u00edculo.<\/p><p>4. HIP\u00d3TESIS 2.0 es una publicaci\u00f3n digital, en la que se potenciar\u00e1 la informaci\u00f3n a trav\u00e9s de im\u00e1genes (fotograf\u00edas, videos, infograf\u00eda o ilustraciones) y sonido.<\/p><p>5. Con car\u00e1cter general, los textos deben respetar el ordenamiento constitucional y los derechos de la personas; no deben incitar a la violencia ni al comportamientos antisocial o inc\u00edvicos, ni fomentar abusos, imprudencias, negligencias, conductas agresivas, injustas o insolidarias. No incitar\u00e1n a la crueldad ni al maltrato a personas, animales o a la destrucci\u00f3n del paisaje y de los valores ecol\u00f3gicos. No se aceptar\u00e1n art\u00edculos que inciten a la discriminaci\u00f3n por razones de nacimiento, raza, sexo, religi\u00f3n, opini\u00f3n o cualquier otra circunstancia personal o social. Tampoco se publicar\u00e1n art\u00edculos que atenten o menosprecien los valores hist\u00f3ricos, culturales o ling\u00fc\u00edsticos; o atenten contra el Derecho al Honor, la Intimidad o la propia Imagen.<\/p><p>6. Se empleara un lenguaje inclusivo.<\/p><p>7. Los autores\/as tendr\u00e1n en cuenta que el destinatario final de la revista es la sociedad, que puede estar en cualquier lugar del mundo, por eso no son recomendables los localismos, populismos o las referencias geogr\u00e1ficas muy locales.<\/p><p>8. El contenido de los art\u00edculos tiene que ser original y no se debe haber enviado simult\u00e1neamente a ninguna otra publicaci\u00f3n.<\/p><p>9. HIP\u00d3TESIS tiene un fuerte compromiso con la transparencia. Los autores\/as deben especificar si la investigaci\u00f3n ha recibido cualquier tipo de ayuda econ\u00f3mica y, si es necesario, hacer una declaraci\u00f3n de conflicto de intereses.<\/p><p>10. Los autores deben comprobar el C\u00f3digo de \u00c9tica de HIP\u00d3TESIS antes de enviar su manuscrito.<\/p><h3>\u00a0Normas biogr\u00e1ficas<\/h3><p>HIP\u00d3TESIS 2.0 publica art\u00edculos de divulgaci\u00f3n, de opini\u00f3n, reportajes sobre temas cient\u00edficos, entrevistas a figuras cient\u00edficas y rese\u00f1as.<br \/>Se espera de los autores\/as que acompa\u00f1en el texto con im\u00e1genes (gr\u00e1ficos, esquemas, ilustraciones o fotograf\u00edas). Estas se tienen que presentar aparte, convenientemente numeradas, con indicaci\u00f3n de la situaci\u00f3n dentro del texto y con los pies, leyendas, t\u00edtulos y explicaciones correspondientes. Las im\u00e1genes deben tener una resoluci\u00f3n de 300 ppp. Las im\u00e1genes se presentar\u00e1n preferiblemente en formatos TIFF o JPG. En caso de que los autores\/as no presenten ninguna imagen, es conveniente que sugiera cu\u00e1les podr\u00edan ilustrar adecuadamente el art\u00edculo.<\/p><h3>Extensiones recomendadas<\/h3><p>Tribunas y art\u00edculos de opini\u00f3n: 500 &#8211; 600 palabras.<br \/>Art\u00edculos y reportajes: 800- 1.000 palabras.<br \/>Entrevistas: 1.500 &#8211; 2.000 palabras.<\/p><p>Las entrevistas se publicar\u00e1n preferiblemente con el formato t\u00edpico pregunta-respuesta. Deber\u00e1n ir acompa\u00f1ados de un breve p\u00e1rrafo introductorio del personaje y un titular consistente en una declaraci\u00f3n breve destacada de las declaraciones del entrevistado.<br \/>Rese\u00f1as: 500 &#8211; 800 palabras. Las rese\u00f1as son comentarios anal\u00edticos y cr\u00edticos de publicaciones de tem\u00e1tica cient\u00edfica o divulgativa, en el \u00e1mbito de contenidos de la revista o que puedan ser de inter\u00e9s para los lectores de HIP\u00d3TESIS 2.0. Se evitar\u00e1n las rese\u00f1as meramente descriptivas del contenido del libro. Deber\u00e1n contar con los siguientes elementos:<br \/>\uf0b7 Un t\u00edtulo alusivo al libro rese\u00f1ado.<br \/>\uf0b7 La referencia bibliogr\u00e1fica del libro: T\u00edtulo y subt\u00edtulo, autor o editor, otros responsables, editorial, lugar de edici\u00f3n y a\u00f1o, y n\u00famero de p\u00e1ginas.<br \/>\uf0b7 Comentario central descriptivo y cr\u00edtico del contenido del libro.<br \/>Secciones fijas: Solo por encargo del editor.<\/p><h3>Elementos del texto<\/h3><p>Los art\u00edculos divulgativos deben constar de los siguientes elementos:<br \/>1. Titular<br \/>2. Texto.<br \/>3. Im\u00e1genes con sus pies y cr\u00e9ditos de foto. (Siempre en archivos adjuntos, no insertados en el texto)<br \/>4. F\u00f3rmulas y gr\u00e1ficos, si el\/la autor\/a lo considera conveniente.<br \/>5. Firma:<br \/>Nombre xxxxx<br \/>Universidad de La Laguna<br \/>6. Los art\u00edculos no llevar\u00e1n referencias a publicaciones cient\u00edficas, ni dentro del texto ni como anexo.<\/p><p>7. N\u00famero de autores: cada art\u00edculo debe tener un n\u00famero m\u00e1ximo de dos autores<\/p><p>Notas<\/p><p>No deben utilizarse excepto cuando sea estrictamente necesario. En su lugar se recomienda incluir aclaraciones dentro del texto.<br \/>Las indicaciones de las notas en el cuerpo del original se tienen que hacer mediante n\u00fameros<br \/>ar\u00e1bigos, volados o entre par\u00e9ntesis y siempre detr\u00e1s de los signos de puntuaci\u00f3n.<\/p><h2>C\u00f3digo de \u00e9tica<\/h2><p>La calidad del contenido y el rigor son los dos aspectos fundamentales de HIP\u00d3TESIS 2.0.<br \/>HIP\u00d3TESIS 2.0 se compromete a mantener las siguientes normas \u00e9ticas durante cada etapa del proceso de publicaci\u00f3n, siguiendo las recomendaciones del Comit\u00e9 de \u00c9tica en la Publicaci\u00f3n (COPE).<br \/>Responsabilidades del editor:<\/p><p>1. Garantizar la calidad del contenido de la revista.<br \/>2. Actuar objetivamente y sin discriminaci\u00f3n hacia el origen del autor, el lugar de trabajo, el g\u00e9nero, la orientaci\u00f3n sexual o las creencias religiosas o pol\u00edticas.<br \/>3. Garantizar que el contenido sea original y no haya sido publicado previamente. En caso de que se detecte plagio el documento ser\u00e1 rechazado autom\u00e1ticamente.<br \/>4. Prestar atenci\u00f3n a las quejas de los autores y a los conflictos justificados con respecto a las decisiones editoriales. Las quejas ser\u00e1n tratadas lo m\u00e1s pronto posible.<br \/>5. Ofrecer la oportunidad a los autores de responder cualquier queja sobre ellos. Se almacenar\u00e1 cualquier documento que se refiera a quejas.<br \/>6. Promover la correcci\u00f3n o eliminaci\u00f3n de un art\u00edculo si fuera necesario.<\/p><p>Responsabilidades de los autores\/as:<br \/>1. Los autores aseguran que el documento sea original y no se haya sido publicado anteriormente.<br \/>2. Los autores son responsables de solicitar permiso para publicar cualquier material adicional no original (figuras, tablas, im\u00e1genes, etc.) y proporcionar la fuente a los editores, y siempre asegurarse de que el material sea libre de regal\u00edas.<br \/>3. Los autores\/as deben especificar si la investigaci\u00f3n recibi\u00f3 fondos privados o p\u00fablicos de cualquier tipo, y declarar cualquier posible conflicto de intereses.<br \/>4. Los autores\/as tambi\u00e9n deber\u00e1n notificar al editor\/a sobre cualquier error detectado en el art\u00edculo.<br \/>Asimismo, deben cooperar con su correcci\u00f3n en una errata, una adici\u00f3n o, si es necesario, con la retractaci\u00f3n del documento.<\/p><p>Gesti\u00f3n de los comportamientos no \u00e9ticos<\/p><p>1. Cualquier persona puede informar al editor\/a de aquellas conductas que considere no \u00e9tica. La revista atender\u00e1 las reclamaciones que se reciban, independientemente del momento de la publicaci\u00f3n original. Las denuncias deben estar respaldadas por evidencias para que la revista pueda iniciar una investigaci\u00f3n.<br \/>2. Todas las quejas y alegaciones contra conductas no \u00e9ticas o mala conducta ser\u00e1n tratadas con la m\u00e1xima seriedad y garant\u00edas a las partes dando oportunidad al autor\/a de responder a las alegaciones presentadas.<br \/>3. En caso de mala conducta grave, si las respuestas del autor no fueran satisfactorias, el editor puede solicitar el asesoramiento de expertos en el campo.<br \/>4. Si se descubre que el documento es fraudulento se retractar\u00e1 de manera identificable en la revista y los \u00edndices.<\/p>\t\t\t\t\t\t<\/div>\n\t\t\t\t<\/div>\n\t\t\t\t\t<\/div>\n\t\t<\/div>\n\t\t\t\t\t\t\t<\/div>\n\t\t<\/section>\n\t\t\t\t\t\t\t<\/div>\n\t\t","protected":false},"excerpt":{"rendered":"<p>Normas de publicaci\u00f3n y c\u00f3dico \u00e9tico 1. Las comunicaciones publicadas en HIP\u00d3TESIS 2.0 no se someten a revisi\u00f3n externa, aunque s\u00ed se evaluar\u00e1 su adecuaci\u00f3n a la pol\u00edtica editorial de la revista, teniendo en cuenta diversos factores como el rigor cient\u00edfico, el inter\u00e9s para el lector y el estilo del texto. 2. Los art\u00edculos divulgativos&#8230;<\/p>\n","protected":false},"author":56,"featured_media":0,"parent":0,"menu_order":3,"comment_status":"closed","ping_status":"closed","template":"","meta":{"inline_featured_image":false,"footnotes":""},"acf":[],"yoast_head":"<!-- This site is optimized with the Yoast SEO plugin v21.3 - https:\/\/yoast.com\/wordpress\/plugins\/seo\/ -->\n<title>Normas de publicaci\u00f3n - Hipotesis<\/title>\n<meta name=\"robots\" content=\"index, follow, max-snippet:-1, max-image-preview:large, max-video-preview:-1\" \/>\n<link rel=\"canonical\" href=\"https:\/\/www.ull.es\/portal\/hipotesis\/normas-de-publicacion\/\" \/>\n<meta property=\"og:locale\" content=\"es_ES\" \/>\n<meta property=\"og:type\" content=\"article\" \/>\n<meta property=\"og:title\" content=\"Normas de publicaci\u00f3n - Hipotesis\" \/>\n<meta property=\"og:description\" content=\"Normas de publicaci\u00f3n y c\u00f3dico \u00e9tico 1. Las comunicaciones publicadas en HIP\u00d3TESIS 2.0 no se someten a revisi\u00f3n externa, aunque s\u00ed se evaluar\u00e1 su adecuaci\u00f3n a la pol\u00edtica editorial de la revista, teniendo en cuenta diversos factores como el rigor cient\u00edfico, el inter\u00e9s para el lector y el estilo del texto. 2. Los art\u00edculos divulgativos...\" \/>\n<meta property=\"og:url\" content=\"https:\/\/www.ull.es\/portal\/hipotesis\/normas-de-publicacion\/\" \/>\n<meta property=\"og:site_name\" content=\"Hipotesis\" \/>\n<meta property=\"article:publisher\" content=\"https:\/\/www.facebook.com\/CienciaULL\/\" \/>\n<meta property=\"article:modified_time\" content=\"2025-05-19T09:00:53+00:00\" \/>\n<meta property=\"og:image\" content=\"https:\/\/www.ull.es\/portal\/hipotesis\/wp-content\/uploads\/sites\/62\/2024\/11\/hipotesis2_bn.jpg\" \/>\n<meta name=\"twitter:card\" content=\"summary_large_image\" \/>\n<meta name=\"twitter:site\" content=\"@CienciaULL\" \/>\n<meta name=\"twitter:label1\" content=\"Tiempo de lectura\" \/>\n\t<meta name=\"twitter:data1\" content=\"6 minutos\" \/>\n<script type=\"application\/ld+json\" class=\"yoast-schema-graph\">{\"@context\":\"https:\/\/schema.org\",\"@graph\":[{\"@type\":\"WebPage\",\"@id\":\"https:\/\/www.ull.es\/portal\/hipotesis\/normas-de-publicacion\/\",\"url\":\"https:\/\/www.ull.es\/portal\/hipotesis\/normas-de-publicacion\/\",\"name\":\"Normas de publicaci\u00f3n - Hipotesis\",\"isPartOf\":{\"@id\":\"https:\/\/www.ull.es\/portal\/hipotesis\/#website\"},\"datePublished\":\"2024-11-22T11:56:18+00:00\",\"dateModified\":\"2025-05-19T09:00:53+00:00\",\"breadcrumb\":{\"@id\":\"https:\/\/www.ull.es\/portal\/hipotesis\/normas-de-publicacion\/#breadcrumb\"},\"inLanguage\":\"es\",\"potentialAction\":[{\"@type\":\"ReadAction\",\"target\":[\"https:\/\/www.ull.es\/portal\/hipotesis\/normas-de-publicacion\/\"]}]},{\"@type\":\"BreadcrumbList\",\"@id\":\"https:\/\/www.ull.es\/portal\/hipotesis\/normas-de-publicacion\/#breadcrumb\",\"itemListElement\":[{\"@type\":\"ListItem\",\"position\":1,\"name\":\"Portada\",\"item\":\"https:\/\/www.ull.es\/portal\/hipotesis\/\"},{\"@type\":\"ListItem\",\"position\":2,\"name\":\"Normas de publicaci\u00f3n\"}]},{\"@type\":\"WebSite\",\"@id\":\"https:\/\/www.ull.es\/portal\/hipotesis\/#website\",\"url\":\"https:\/\/www.ull.es\/portal\/hipotesis\/\",\"name\":\"Hipotesis\",\"description\":\"Unidad de Cultura Cient\u00edfica y de la Innovaci\u00f3n de la Universidad de La Laguna\",\"potentialAction\":[{\"@type\":\"SearchAction\",\"target\":{\"@type\":\"EntryPoint\",\"urlTemplate\":\"https:\/\/www.ull.es\/portal\/hipotesis\/?s={search_term_string}\"},\"query-input\":\"required name=search_term_string\"}],\"inLanguage\":\"es\"}]}<\/script>\n<!-- \/ Yoast SEO plugin. -->","yoast_head_json":{"title":"Normas de publicaci\u00f3n - Hipotesis","robots":{"index":"index","follow":"follow","max-snippet":"max-snippet:-1","max-image-preview":"max-image-preview:large","max-video-preview":"max-video-preview:-1"},"canonical":"https:\/\/www.ull.es\/portal\/hipotesis\/normas-de-publicacion\/","og_locale":"es_ES","og_type":"article","og_title":"Normas de publicaci\u00f3n - Hipotesis","og_description":"Normas de publicaci\u00f3n y c\u00f3dico \u00e9tico 1. Las comunicaciones publicadas en HIP\u00d3TESIS 2.0 no se someten a revisi\u00f3n externa, aunque s\u00ed se evaluar\u00e1 su adecuaci\u00f3n a la pol\u00edtica editorial de la revista, teniendo en cuenta diversos factores como el rigor cient\u00edfico, el inter\u00e9s para el lector y el estilo del texto. 2. Los art\u00edculos divulgativos...","og_url":"https:\/\/www.ull.es\/portal\/hipotesis\/normas-de-publicacion\/","og_site_name":"Hipotesis","article_publisher":"https:\/\/www.facebook.com\/CienciaULL\/","article_modified_time":"2025-05-19T09:00:53+00:00","og_image":[{"url":"https:\/\/www.ull.es\/portal\/hipotesis\/wp-content\/uploads\/sites\/62\/2024\/11\/hipotesis2_bn.jpg"}],"twitter_card":"summary_large_image","twitter_site":"@CienciaULL","twitter_misc":{"Tiempo de lectura":"6 minutos"},"schema":{"@context":"https:\/\/schema.org","@graph":[{"@type":"WebPage","@id":"https:\/\/www.ull.es\/portal\/hipotesis\/normas-de-publicacion\/","url":"https:\/\/www.ull.es\/portal\/hipotesis\/normas-de-publicacion\/","name":"Normas de publicaci\u00f3n - Hipotesis","isPartOf":{"@id":"https:\/\/www.ull.es\/portal\/hipotesis\/#website"},"datePublished":"2024-11-22T11:56:18+00:00","dateModified":"2025-05-19T09:00:53+00:00","breadcrumb":{"@id":"https:\/\/www.ull.es\/portal\/hipotesis\/normas-de-publicacion\/#breadcrumb"},"inLanguage":"es","potentialAction":[{"@type":"ReadAction","target":["https:\/\/www.ull.es\/portal\/hipotesis\/normas-de-publicacion\/"]}]},{"@type":"BreadcrumbList","@id":"https:\/\/www.ull.es\/portal\/hipotesis\/normas-de-publicacion\/#breadcrumb","itemListElement":[{"@type":"ListItem","position":1,"name":"Portada","item":"https:\/\/www.ull.es\/portal\/hipotesis\/"},{"@type":"ListItem","position":2,"name":"Normas de publicaci\u00f3n"}]},{"@type":"WebSite","@id":"https:\/\/www.ull.es\/portal\/hipotesis\/#website","url":"https:\/\/www.ull.es\/portal\/hipotesis\/","name":"Hipotesis","description":"Unidad de Cultura Cient\u00edfica y de la Innovaci\u00f3n de la Universidad de La Laguna","potentialAction":[{"@type":"SearchAction","target":{"@type":"EntryPoint","urlTemplate":"https:\/\/www.ull.es\/portal\/hipotesis\/?s={search_term_string}"},"query-input":"required name=search_term_string"}],"inLanguage":"es"}]}},"_links":{"self":[{"href":"https:\/\/www.ull.es\/portal\/hipotesis\/wp-json\/wp\/v2\/pages\/39526"}],"collection":[{"href":"https:\/\/www.ull.es\/portal\/hipotesis\/wp-json\/wp\/v2\/pages"}],"about":[{"href":"https:\/\/www.ull.es\/portal\/hipotesis\/wp-json\/wp\/v2\/types\/page"}],"author":[{"embeddable":true,"href":"https:\/\/www.ull.es\/portal\/hipotesis\/wp-json\/wp\/v2\/users\/56"}],"replies":[{"embeddable":true,"href":"https:\/\/www.ull.es\/portal\/hipotesis\/wp-json\/wp\/v2\/comments?post=39526"}],"version-history":[{"count":46,"href":"https:\/\/www.ull.es\/portal\/hipotesis\/wp-json\/wp\/v2\/pages\/39526\/revisions"}],"predecessor-version":[{"id":43246,"href":"https:\/\/www.ull.es\/portal\/hipotesis\/wp-json\/wp\/v2\/pages\/39526\/revisions\/43246"}],"wp:attachment":[{"href":"https:\/\/www.ull.es\/portal\/hipotesis\/wp-json\/wp\/v2\/media?parent=39526"}],"curies":[{"name":"wp","href":"https:\/\/api.w.org\/{rel}","templated":true}]}}