{"id":9426,"date":"2020-10-19T09:13:25","date_gmt":"2020-10-19T09:13:25","guid":{"rendered":"https:\/\/www.ull.es\/portal\/hipotesis\/?page_id=9426"},"modified":"2023-07-04T13:50:08","modified_gmt":"2023-07-04T13:50:08","slug":"energia-biodiversidad-y-medioambiente","status":"publish","type":"page","link":"https:\/\/www.ull.es\/portal\/hipotesis\/laboratorio-virtual\/energia-biodiversidad-y-medioambiente\/","title":{"rendered":"Energ\u00eda, Biodiversidad y Medioambiente"},"content":{"rendered":"<p>[vc_row][vc_column][vc_custom_heading source=\u00bbpost_title\u00bb font_container=\u00bbtag:h2|text_align:left|color:%236ea536&#8243; google_fonts=\u00bbfont_family:Roboto%20Slab%3A100%2C300%2Cregular%2C700|font_style:700%20bold%20regular%3A700%3Anormal\u00bb][vc_column_text]<span style=\"color: #5fa12a\"><a style=\"color: #5fa12a\" href=\"https:\/\/www.ull.es\/portal\/hipotesis\/laboratorio-virtual\/energia-biodiversidad-y-medioambiente\/9663-2\/\" target=\"_blank\" rel=\"noopener\"><strong>Taller 1. <\/strong>\u00abPropiedades del agua\u00bb<\/a><\/span><\/p>\n<p><span style=\"color: #5fa12a\"><a style=\"color: #5fa12a\" href=\"https:\/\/www.ull.es\/portal\/hipotesis\/laboratorio-virtual\/energia-biodiversidad-y-medioambiente\/video-9-arco-iris-liquido\/\" target=\"_blank\" rel=\"noopener\"><strong>Taller 2. <\/strong>\u00abArco-iris l\u00edquido\u00bb<\/a><\/span><\/p>\n<p><span style=\"color: #5fa12a\"><a style=\"color: #5fa12a\" href=\"https:\/\/www.ull.es\/portal\/hipotesis\/laboratorio-virtual\/energia-biodiversidad-y-medioambiente\/video-1-y-tu-que-suelo-prefieres\/\" target=\"_blank\" rel=\"noopener\"><strong>Taller 3. <\/strong>\u00abY t\u00fa, \u00bfQu\u00e9 suelo prefieres?\u00bb<\/a><\/span><\/p>\n<p><span style=\"color: #5fa12a\"><a style=\"color: #5fa12a\" href=\"https:\/\/www.ull.es\/portal\/hipotesis\/laboratorio-virtual\/energia-biodiversidad-y-medioambiente\/video-5-volcan-y-globo-con-acido-acetico-y-bicarbonato\/\" target=\"_blank\" rel=\"noopener\"><strong>Taller 4. <\/strong>\u00abVolc\u00e1n y globo con \u00e1cido ac\u00e9tico y bicarbonato\u00bb<\/a><\/span><\/p>\n<p><span style=\"color: #5fa12a\"><a style=\"color: #5fa12a\" href=\"https:\/\/www.ull.es\/portal\/hipotesis\/laboratorio-virtual\/energia-biodiversidad-y-medioambiente\/video-8-cambio-de-ph\/\" target=\"_blank\" rel=\"noopener\"><strong>Taller 5. <\/strong>\u00abCambio de pH\u00bb<\/a><\/span><\/p>\n<p><span style=\"color: #5fa12a\"><a style=\"color: #5fa12a\" href=\"https:\/\/www.ull.es\/portal\/hipotesis\/laboratorio-virtual\/energia-biodiversidad-y-medioambiente\/video-7-lampara-de-lava\/\" target=\"_blank\" rel=\"noopener\"><strong>Taller 6. <\/strong>\u00abL\u00e1mpara de lava\u00bb<\/a><\/span><\/p>\n<p><span style=\"color: #5fa12a\"><a style=\"color: #5fa12a\" href=\"https:\/\/www.ull.es\/portal\/hipotesis\/laboratorio-virtual\/energia-biodiversidad-y-medioambiente\/9674-2\/\" target=\"_blank\" rel=\"noopener\"><strong>Taller 7. <\/strong>\u00abGu\u00eda para la elaboraci\u00f3n de un herbario\u00bb<\/a><\/span><\/p>\n<p><span style=\"color: #5fa12a\"><a style=\"color: #5fa12a\" href=\"https:\/\/www.ull.es\/portal\/hipotesis\/video-4-rompamos-el-agua-electrolisis-del-agua\/\" target=\"_blank\" rel=\"noopener\"><strong>Taller 8. <\/strong>\u00abRompamos el agua (electr\u00f3lisis del agua)\u00bb<\/a><\/span><\/p>\n<p><span style=\"color: #5fa12a\"><a style=\"color: #5fa12a\" href=\"https:\/\/www.ull.es\/portal\/hipotesis\/laboratorio-virtual\/energia-biodiversidad-y-medioambiente\/video-3-creando-energia-desde-casa\/\" target=\"_blank\" rel=\"noopener\"><strong>Taller 9. <\/strong>\u00abCreando energ\u00eda desde casa\u00bb<\/a><\/span><\/p>\n<p><span style=\"color: #5fa12a\"><a style=\"color: #5fa12a\" href=\"https:\/\/www.ull.es\/portal\/hipotesis\/laboratorio-virtual\/energia-biodiversidad-y-medioambiente\/video-2-el-agua-un-recurso-tan-valioso-como-escaso\/\" target=\"_blank\" rel=\"noopener\"><strong>Taller 10. <\/strong>\u00abEl agua, un recurso tan valioso como escaso\u00bb<\/a><\/span><\/p>\n<p><span style=\"color: #5fa12a\"><a style=\"color: #5fa12a\" href=\"https:\/\/www.ull.es\/portal\/hipotesis\/laboratorio-virtual\/energia-biodiversidad-y-medioambiente\/video-11-guia-para-la-elaboracion-de-un-herbario-de-algas\/\" target=\"_blank\" rel=\"noopener\"><strong>Taller 11.<\/strong> \u00abGu\u00eda para la elaboraci\u00f3n de un herbario de algas\u00bb<\/a><\/span><\/p>\n<p><span style=\"color: #5fa12a\"><a style=\"color: #5fa12a\" href=\"https:\/\/www.ull.es\/portal\/hipotesis\/taller-12-determinacion-cualitativa-de-vitamina-c\/\" target=\"_blank\" rel=\"noopener\"><strong>Taller 12.<\/strong> \u00abDeterminaci\u00f3n cualitativa de vitamina C\u00bb<\/a><\/span><\/p>\n<p><span style=\"color: #5fa12a\"><a style=\"color: #5fa12a\" href=\"https:\/\/www.ull.es\/portal\/hipotesis\/laboratorio-virtual\/energia-biodiversidad-y-medioambiente\/taller-13-aprovechamiento-energetico-de-aceites-residuales-y-su-economia\/\" target=\"_blank\" rel=\"noopener\"><strong>Taller 13.<\/strong> \u00abAprovechamiento energ\u00e9tico de aceites residuales y su econom\u00eda\u00bb<\/a><\/span><\/p>\n<p><span style=\"color: #5fa12a\"><a style=\"color: #5fa12a\" href=\"https:\/\/www.ull.es\/portal\/hipotesis\/laboratorio-virtual\/energia-biodiversidad-y-medioambiente\/taller-14-el-sonido-de-los-cetaceos-y-sus-aplicaciones-una-introduccion-a-la-bioacustica\/\" target=\"_blank\" rel=\"noopener\"><strong>Taller 14.<\/strong> \u00abEl sonido de los cet\u00e1ceos y sus aplicaciones: Una introducci\u00f3n a la bioac\u00fastica\u00bb<\/a><\/span><\/p>\n<p><span style=\"color: #5fa12a\"><a style=\"color: #5fa12a\" href=\"https:\/\/www.ull.es\/portal\/hipotesis\/laboratorio-virtual\/energia-biodiversidad-y-medioambiente\/taller-15-alerta-tortuga-la-importancia-de-las-tortugas-marinas-su-conservacion-y-correcto-manejo-en-canarias\/\" target=\"_blank\" rel=\"noopener\"><strong>Taller 15.<\/strong> \u00abAlerta Tortuga: La importancia de las tortugas marinas, su conservaci\u00f3n y correcto manejo en Canarias\u00bb<\/a><\/span><\/p>\n<p><span style=\"color: #5fa12a\"><a style=\"color: #5fa12a\" href=\"https:\/\/www.ull.es\/portal\/hipotesis\/laboratorio-virtual\/energia-biodiversidad-y-medioambiente\/taller-16-manos-a-la-ciencia\/\" target=\"_blank\" rel=\"noopener\"><strong>Taller 16.<\/strong> \u00abManos a la ciencia\u00bb<\/a><\/span><\/p>\n<p><span style=\"color: #5fa12a\"><a style=\"color: #5fa12a\" href=\"https:\/\/www.ull.es\/portal\/hipotesis\/laboratorio-virtual\/energia-biodiversidad-y-medioambiente\/taller-17-nadando-entre-los-peces-de-canarias\/\" target=\"_blank\" rel=\"noopener\"><strong>Taller 17.<\/strong> \u00abNadando entre los peces de Canarias\u00bb<\/a><\/span>[\/vc_column_text][\/vc_column][\/vc_row]<\/p>\n","protected":false},"excerpt":{"rendered":"<p>[vc_row][vc_column][vc_custom_heading source=\u00bbpost_title\u00bb font_container=\u00bbtag:h2|text_align:left|color:%236ea536&#8243; google_fonts=\u00bbfont_family:Roboto%20Slab%3A100%2C300%2Cregular%2C700|font_style:700%20bold%20regular%3A700%3Anormal\u00bb][vc_column_text]Taller 1. \u00abPropiedades del agua\u00bb Taller 2. \u00abArco-iris l\u00edquido\u00bb Taller 3. \u00abY t\u00fa, \u00bfQu\u00e9 suelo prefieres?\u00bb Taller 4. \u00abVolc\u00e1n y globo con \u00e1cido ac\u00e9tico y bicarbonato\u00bb Taller 5. \u00abCambio de pH\u00bb Taller 6. \u00abL\u00e1mpara de lava\u00bb Taller 7. \u00abGu\u00eda para la elaboraci\u00f3n de un herbario\u00bb Taller 8. \u00abRompamos el agua (electr\u00f3lisis del&#8230;<\/p>\n","protected":false},"author":56,"featured_media":0,"parent":9246,"menu_order":2,"comment_status":"closed","ping_status":"closed","template":"","meta":{"inline_featured_image":false,"footnotes":""},"acf":[],"yoast_head":"<!-- This site is optimized with the Yoast SEO plugin v21.3 - https:\/\/yoast.com\/wordpress\/plugins\/seo\/ -->\n<title>Energ\u00eda, Biodiversidad y Medioambiente - Hipotesis<\/title>\n<meta name=\"robots\" content=\"index, follow, max-snippet:-1, max-image-preview:large, max-video-preview:-1\" \/>\n<link rel=\"canonical\" href=\"https:\/\/www.ull.es\/portal\/hipotesis\/laboratorio-virtual\/energia-biodiversidad-y-medioambiente\/\" \/>\n<meta property=\"og:locale\" content=\"es_ES\" \/>\n<meta property=\"og:type\" content=\"article\" \/>\n<meta property=\"og:title\" content=\"Energ\u00eda, Biodiversidad y Medioambiente - Hipotesis\" \/>\n<meta property=\"og:description\" content=\"[vc_row][vc_column][vc_custom_heading source=\u00bbpost_title\u00bb font_container=\u00bbtag:h2|text_align:left|color:%236ea536&#8243; google_fonts=\u00bbfont_family:Roboto%20Slab%3A100%2C300%2Cregular%2C700|font_style:700%20bold%20regular%3A700%3Anormal\u00bb][vc_column_text]Taller 1. \u00abPropiedades del agua\u00bb Taller 2. \u00abArco-iris l\u00edquido\u00bb Taller 3. \u00abY t\u00fa, \u00bfQu\u00e9 suelo prefieres?\u00bb Taller 4. \u00abVolc\u00e1n y globo con \u00e1cido ac\u00e9tico y bicarbonato\u00bb Taller 5. \u00abCambio de pH\u00bb Taller 6. \u00abL\u00e1mpara de lava\u00bb Taller 7. \u00abGu\u00eda para la elaboraci\u00f3n de un herbario\u00bb Taller 8. \u00abRompamos el agua (electr\u00f3lisis del...\" \/>\n<meta property=\"og:url\" content=\"https:\/\/www.ull.es\/portal\/hipotesis\/laboratorio-virtual\/energia-biodiversidad-y-medioambiente\/\" \/>\n<meta property=\"og:site_name\" content=\"Hipotesis\" \/>\n<meta property=\"article:publisher\" content=\"https:\/\/www.facebook.com\/CienciaULL\/\" \/>\n<meta property=\"article:modified_time\" content=\"2023-07-04T13:50:08+00:00\" \/>\n<meta name=\"twitter:card\" content=\"summary_large_image\" \/>\n<meta name=\"twitter:site\" content=\"@CienciaULL\" \/>\n<meta name=\"twitter:label1\" content=\"Tiempo de lectura\" \/>\n\t<meta name=\"twitter:data1\" content=\"1 minuto\" \/>\n<script type=\"application\/ld+json\" class=\"yoast-schema-graph\">{\"@context\":\"https:\/\/schema.org\",\"@graph\":[{\"@type\":\"WebPage\",\"@id\":\"https:\/\/www.ull.es\/portal\/hipotesis\/laboratorio-virtual\/energia-biodiversidad-y-medioambiente\/\",\"url\":\"https:\/\/www.ull.es\/portal\/hipotesis\/laboratorio-virtual\/energia-biodiversidad-y-medioambiente\/\",\"name\":\"Energ\u00eda, Biodiversidad y Medioambiente - Hipotesis\",\"isPartOf\":{\"@id\":\"https:\/\/www.ull.es\/portal\/hipotesis\/#website\"},\"datePublished\":\"2020-10-19T09:13:25+00:00\",\"dateModified\":\"2023-07-04T13:50:08+00:00\",\"breadcrumb\":{\"@id\":\"https:\/\/www.ull.es\/portal\/hipotesis\/laboratorio-virtual\/energia-biodiversidad-y-medioambiente\/#breadcrumb\"},\"inLanguage\":\"es\",\"potentialAction\":[{\"@type\":\"ReadAction\",\"target\":[\"https:\/\/www.ull.es\/portal\/hipotesis\/laboratorio-virtual\/energia-biodiversidad-y-medioambiente\/\"]}]},{\"@type\":\"BreadcrumbList\",\"@id\":\"https:\/\/www.ull.es\/portal\/hipotesis\/laboratorio-virtual\/energia-biodiversidad-y-medioambiente\/#breadcrumb\",\"itemListElement\":[{\"@type\":\"ListItem\",\"position\":1,\"name\":\"Portada\",\"item\":\"https:\/\/www.ull.es\/portal\/hipotesis\/\"},{\"@type\":\"ListItem\",\"position\":2,\"name\":\"Laboratorio Virtual\",\"item\":\"https:\/\/www.ull.es\/portal\/hipotesis\/laboratorio-virtual\/\"},{\"@type\":\"ListItem\",\"position\":3,\"name\":\"Energ\u00eda, Biodiversidad y Medioambiente\"}]},{\"@type\":\"WebSite\",\"@id\":\"https:\/\/www.ull.es\/portal\/hipotesis\/#website\",\"url\":\"https:\/\/www.ull.es\/portal\/hipotesis\/\",\"name\":\"Hipotesis\",\"description\":\"Unidad de Cultura Cient\u00edfica y de la Innovaci\u00f3n de la Universidad de La Laguna\",\"potentialAction\":[{\"@type\":\"SearchAction\",\"target\":{\"@type\":\"EntryPoint\",\"urlTemplate\":\"https:\/\/www.ull.es\/portal\/hipotesis\/?s={search_term_string}\"},\"query-input\":\"required name=search_term_string\"}],\"inLanguage\":\"es\"}]}<\/script>\n<!-- \/ Yoast SEO plugin. -->","yoast_head_json":{"title":"Energ\u00eda, Biodiversidad y Medioambiente - Hipotesis","robots":{"index":"index","follow":"follow","max-snippet":"max-snippet:-1","max-image-preview":"max-image-preview:large","max-video-preview":"max-video-preview:-1"},"canonical":"https:\/\/www.ull.es\/portal\/hipotesis\/laboratorio-virtual\/energia-biodiversidad-y-medioambiente\/","og_locale":"es_ES","og_type":"article","og_title":"Energ\u00eda, Biodiversidad y Medioambiente - Hipotesis","og_description":"[vc_row][vc_column][vc_custom_heading source=\u00bbpost_title\u00bb font_container=\u00bbtag:h2|text_align:left|color:%236ea536&#8243; google_fonts=\u00bbfont_family:Roboto%20Slab%3A100%2C300%2Cregular%2C700|font_style:700%20bold%20regular%3A700%3Anormal\u00bb][vc_column_text]Taller 1. \u00abPropiedades del agua\u00bb Taller 2. \u00abArco-iris l\u00edquido\u00bb Taller 3. \u00abY t\u00fa, \u00bfQu\u00e9 suelo prefieres?\u00bb Taller 4. \u00abVolc\u00e1n y globo con \u00e1cido ac\u00e9tico y bicarbonato\u00bb Taller 5. \u00abCambio de pH\u00bb Taller 6. \u00abL\u00e1mpara de lava\u00bb Taller 7. \u00abGu\u00eda para la elaboraci\u00f3n de un herbario\u00bb Taller 8. \u00abRompamos el agua (electr\u00f3lisis del...","og_url":"https:\/\/www.ull.es\/portal\/hipotesis\/laboratorio-virtual\/energia-biodiversidad-y-medioambiente\/","og_site_name":"Hipotesis","article_publisher":"https:\/\/www.facebook.com\/CienciaULL\/","article_modified_time":"2023-07-04T13:50:08+00:00","twitter_card":"summary_large_image","twitter_site":"@CienciaULL","twitter_misc":{"Tiempo de lectura":"1 minuto"},"schema":{"@context":"https:\/\/schema.org","@graph":[{"@type":"WebPage","@id":"https:\/\/www.ull.es\/portal\/hipotesis\/laboratorio-virtual\/energia-biodiversidad-y-medioambiente\/","url":"https:\/\/www.ull.es\/portal\/hipotesis\/laboratorio-virtual\/energia-biodiversidad-y-medioambiente\/","name":"Energ\u00eda, Biodiversidad y Medioambiente - Hipotesis","isPartOf":{"@id":"https:\/\/www.ull.es\/portal\/hipotesis\/#website"},"datePublished":"2020-10-19T09:13:25+00:00","dateModified":"2023-07-04T13:50:08+00:00","breadcrumb":{"@id":"https:\/\/www.ull.es\/portal\/hipotesis\/laboratorio-virtual\/energia-biodiversidad-y-medioambiente\/#breadcrumb"},"inLanguage":"es","potentialAction":[{"@type":"ReadAction","target":["https:\/\/www.ull.es\/portal\/hipotesis\/laboratorio-virtual\/energia-biodiversidad-y-medioambiente\/"]}]},{"@type":"BreadcrumbList","@id":"https:\/\/www.ull.es\/portal\/hipotesis\/laboratorio-virtual\/energia-biodiversidad-y-medioambiente\/#breadcrumb","itemListElement":[{"@type":"ListItem","position":1,"name":"Portada","item":"https:\/\/www.ull.es\/portal\/hipotesis\/"},{"@type":"ListItem","position":2,"name":"Laboratorio Virtual","item":"https:\/\/www.ull.es\/portal\/hipotesis\/laboratorio-virtual\/"},{"@type":"ListItem","position":3,"name":"Energ\u00eda, Biodiversidad y Medioambiente"}]},{"@type":"WebSite","@id":"https:\/\/www.ull.es\/portal\/hipotesis\/#website","url":"https:\/\/www.ull.es\/portal\/hipotesis\/","name":"Hipotesis","description":"Unidad de Cultura Cient\u00edfica y de la Innovaci\u00f3n de la Universidad de La Laguna","potentialAction":[{"@type":"SearchAction","target":{"@type":"EntryPoint","urlTemplate":"https:\/\/www.ull.es\/portal\/hipotesis\/?s={search_term_string}"},"query-input":"required name=search_term_string"}],"inLanguage":"es"}]}},"_links":{"self":[{"href":"https:\/\/www.ull.es\/portal\/hipotesis\/wp-json\/wp\/v2\/pages\/9426"}],"collection":[{"href":"https:\/\/www.ull.es\/portal\/hipotesis\/wp-json\/wp\/v2\/pages"}],"about":[{"href":"https:\/\/www.ull.es\/portal\/hipotesis\/wp-json\/wp\/v2\/types\/page"}],"author":[{"embeddable":true,"href":"https:\/\/www.ull.es\/portal\/hipotesis\/wp-json\/wp\/v2\/users\/56"}],"replies":[{"embeddable":true,"href":"https:\/\/www.ull.es\/portal\/hipotesis\/wp-json\/wp\/v2\/comments?post=9426"}],"version-history":[{"count":27,"href":"https:\/\/www.ull.es\/portal\/hipotesis\/wp-json\/wp\/v2\/pages\/9426\/revisions"}],"predecessor-version":[{"id":24101,"href":"https:\/\/www.ull.es\/portal\/hipotesis\/wp-json\/wp\/v2\/pages\/9426\/revisions\/24101"}],"up":[{"embeddable":true,"href":"https:\/\/www.ull.es\/portal\/hipotesis\/wp-json\/wp\/v2\/pages\/9246"}],"wp:attachment":[{"href":"https:\/\/www.ull.es\/portal\/hipotesis\/wp-json\/wp\/v2\/media?parent=9426"}],"curies":[{"name":"wp","href":"https:\/\/api.w.org\/{rel}","templated":true}]}}