{"id":9433,"date":"2020-10-19T09:15:44","date_gmt":"2020-10-19T09:15:44","guid":{"rendered":"https:\/\/www.ull.es\/portal\/hipotesis\/?page_id=9433"},"modified":"2022-07-26T09:10:44","modified_gmt":"2022-07-26T09:10:44","slug":"ciencia-sociales-humanidades-y-arte","status":"publish","type":"page","link":"https:\/\/www.ull.es\/portal\/hipotesis\/laboratorio-virtual\/ciencia-sociales-humanidades-y-arte\/","title":{"rendered":"Ciencia Sociales, Humanidades y Arte"},"content":{"rendered":"<p>[vc_row][vc_column][vc_custom_heading source=\u00bbpost_title\u00bb font_container=\u00bbtag:h2|text_align:left|color:%23e2c661&#8243; google_fonts=\u00bbfont_family:Roboto%20Slab%3A100%2C300%2Cregular%2C700|font_style:700%20bold%20regular%3A700%3Anormal\u00bb][vc_column_text]<span style=\"color: #e2c661\"><a style=\"color: #e2c661\" href=\"https:\/\/www.ull.es\/portal\/hipotesis\/laboratorio-virtual\/ciencia-sociales-humanidades-y-arte\/taller-1-detectives-de-la-historia-de-quien-es-este-hueso\/\" target=\"_blank\" rel=\"noopener\"><strong>Taller 1.<\/strong> \u00abDetectives de la Historia \u00bfde qui\u00e9n es este hueso?\u00bb<\/a><\/span><\/p>\n<p><span style=\"color: #e2c661\"><a style=\"color: #e2c661\" href=\"https:\/\/www.ull.es\/portal\/hipotesis\/laboratorio-virtual\/ciencia-sociales-humanidades-y-arte\/taller-2-conociendo-la-linguistica-paradigmas-metodos-y-linguistica-de-corpus\" target=\"_blank\" rel=\"noopener\"><strong>Taller 2. <\/strong>\u00abConociendo la Ling\u00fc\u00edstica: paradigmas, m\u00e9todos y Ling\u00fc\u00edstica de Corpus\u00bb<\/a><\/span><\/p>\n<p><span style=\"color: #e2c661\"><a style=\"color: #e2c661\" href=\"https:\/\/www.ull.es\/portal\/hipotesis\/laboratorio-virtual\/ciencia-sociales-humanidades-y-arte\/taller-3-las-huellas-vegetales\/\" target=\"_blank\" rel=\"noopener\"><strong>Taller 3. <\/strong>\u00abLas huellas vegetales\u00bb<\/a><\/span>[\/vc_column_text][\/vc_column][\/vc_row]<\/p>\n","protected":false},"excerpt":{"rendered":"<p>[vc_row][vc_column][vc_custom_heading source=\u00bbpost_title\u00bb font_container=\u00bbtag:h2|text_align:left|color:%23e2c661&#8243; google_fonts=\u00bbfont_family:Roboto%20Slab%3A100%2C300%2Cregular%2C700|font_style:700%20bold%20regular%3A700%3Anormal\u00bb][vc_column_text]Taller 1. \u00abDetectives de la Historia \u00bfde qui\u00e9n es este hueso?\u00bb Taller 2. \u00abConociendo la Ling\u00fc\u00edstica: paradigmas, m\u00e9todos y Ling\u00fc\u00edstica de Corpus\u00bb Taller 3. \u00abLas huellas vegetales\u00bb[\/vc_column_text][\/vc_column][\/vc_row]<\/p>\n","protected":false},"author":56,"featured_media":0,"parent":9246,"menu_order":4,"comment_status":"closed","ping_status":"closed","template":"","meta":{"inline_featured_image":false,"footnotes":""},"acf":[],"yoast_head":"<!-- This site is optimized with the Yoast SEO plugin v21.3 - https:\/\/yoast.com\/wordpress\/plugins\/seo\/ -->\n<title>Ciencia Sociales, Humanidades y Arte - Hipotesis<\/title>\n<meta name=\"robots\" content=\"index, follow, max-snippet:-1, max-image-preview:large, max-video-preview:-1\" \/>\n<link rel=\"canonical\" href=\"https:\/\/www.ull.es\/portal\/hipotesis\/laboratorio-virtual\/ciencia-sociales-humanidades-y-arte\/\" \/>\n<meta property=\"og:locale\" content=\"es_ES\" \/>\n<meta property=\"og:type\" content=\"article\" \/>\n<meta property=\"og:title\" content=\"Ciencia Sociales, Humanidades y Arte - Hipotesis\" \/>\n<meta property=\"og:description\" content=\"[vc_row][vc_column][vc_custom_heading source=\u00bbpost_title\u00bb font_container=\u00bbtag:h2|text_align:left|color:%23e2c661&#8243; google_fonts=\u00bbfont_family:Roboto%20Slab%3A100%2C300%2Cregular%2C700|font_style:700%20bold%20regular%3A700%3Anormal\u00bb][vc_column_text]Taller 1. \u00abDetectives de la Historia \u00bfde qui\u00e9n es este hueso?\u00bb Taller 2. \u00abConociendo la Ling\u00fc\u00edstica: paradigmas, m\u00e9todos y Ling\u00fc\u00edstica de Corpus\u00bb Taller 3. \u00abLas huellas vegetales\u00bb[\/vc_column_text][\/vc_column][\/vc_row]\" \/>\n<meta property=\"og:url\" content=\"https:\/\/www.ull.es\/portal\/hipotesis\/laboratorio-virtual\/ciencia-sociales-humanidades-y-arte\/\" \/>\n<meta property=\"og:site_name\" content=\"Hipotesis\" \/>\n<meta property=\"article:publisher\" content=\"https:\/\/www.facebook.com\/CienciaULL\/\" \/>\n<meta property=\"article:modified_time\" content=\"2022-07-26T09:10:44+00:00\" \/>\n<meta name=\"twitter:card\" content=\"summary_large_image\" \/>\n<meta name=\"twitter:site\" content=\"@CienciaULL\" \/>\n<meta name=\"twitter:label1\" content=\"Tiempo de lectura\" \/>\n\t<meta name=\"twitter:data1\" content=\"1 minuto\" \/>\n<script type=\"application\/ld+json\" class=\"yoast-schema-graph\">{\"@context\":\"https:\/\/schema.org\",\"@graph\":[{\"@type\":\"WebPage\",\"@id\":\"https:\/\/www.ull.es\/portal\/hipotesis\/laboratorio-virtual\/ciencia-sociales-humanidades-y-arte\/\",\"url\":\"https:\/\/www.ull.es\/portal\/hipotesis\/laboratorio-virtual\/ciencia-sociales-humanidades-y-arte\/\",\"name\":\"Ciencia Sociales, Humanidades y Arte - Hipotesis\",\"isPartOf\":{\"@id\":\"https:\/\/www.ull.es\/portal\/hipotesis\/#website\"},\"datePublished\":\"2020-10-19T09:15:44+00:00\",\"dateModified\":\"2022-07-26T09:10:44+00:00\",\"breadcrumb\":{\"@id\":\"https:\/\/www.ull.es\/portal\/hipotesis\/laboratorio-virtual\/ciencia-sociales-humanidades-y-arte\/#breadcrumb\"},\"inLanguage\":\"es\",\"potentialAction\":[{\"@type\":\"ReadAction\",\"target\":[\"https:\/\/www.ull.es\/portal\/hipotesis\/laboratorio-virtual\/ciencia-sociales-humanidades-y-arte\/\"]}]},{\"@type\":\"BreadcrumbList\",\"@id\":\"https:\/\/www.ull.es\/portal\/hipotesis\/laboratorio-virtual\/ciencia-sociales-humanidades-y-arte\/#breadcrumb\",\"itemListElement\":[{\"@type\":\"ListItem\",\"position\":1,\"name\":\"Portada\",\"item\":\"https:\/\/www.ull.es\/portal\/hipotesis\/\"},{\"@type\":\"ListItem\",\"position\":2,\"name\":\"Laboratorio Virtual\",\"item\":\"https:\/\/www.ull.es\/portal\/hipotesis\/laboratorio-virtual\/\"},{\"@type\":\"ListItem\",\"position\":3,\"name\":\"Ciencia Sociales, Humanidades y Arte\"}]},{\"@type\":\"WebSite\",\"@id\":\"https:\/\/www.ull.es\/portal\/hipotesis\/#website\",\"url\":\"https:\/\/www.ull.es\/portal\/hipotesis\/\",\"name\":\"Hipotesis\",\"description\":\"Unidad de Cultura Cient\u00edfica y de la Innovaci\u00f3n de la Universidad de La Laguna\",\"potentialAction\":[{\"@type\":\"SearchAction\",\"target\":{\"@type\":\"EntryPoint\",\"urlTemplate\":\"https:\/\/www.ull.es\/portal\/hipotesis\/?s={search_term_string}\"},\"query-input\":\"required name=search_term_string\"}],\"inLanguage\":\"es\"}]}<\/script>\n<!-- \/ Yoast SEO plugin. -->","yoast_head_json":{"title":"Ciencia Sociales, Humanidades y Arte - Hipotesis","robots":{"index":"index","follow":"follow","max-snippet":"max-snippet:-1","max-image-preview":"max-image-preview:large","max-video-preview":"max-video-preview:-1"},"canonical":"https:\/\/www.ull.es\/portal\/hipotesis\/laboratorio-virtual\/ciencia-sociales-humanidades-y-arte\/","og_locale":"es_ES","og_type":"article","og_title":"Ciencia Sociales, Humanidades y Arte - Hipotesis","og_description":"[vc_row][vc_column][vc_custom_heading source=\u00bbpost_title\u00bb font_container=\u00bbtag:h2|text_align:left|color:%23e2c661&#8243; google_fonts=\u00bbfont_family:Roboto%20Slab%3A100%2C300%2Cregular%2C700|font_style:700%20bold%20regular%3A700%3Anormal\u00bb][vc_column_text]Taller 1. \u00abDetectives de la Historia \u00bfde qui\u00e9n es este hueso?\u00bb Taller 2. \u00abConociendo la Ling\u00fc\u00edstica: paradigmas, m\u00e9todos y Ling\u00fc\u00edstica de Corpus\u00bb Taller 3. \u00abLas huellas vegetales\u00bb[\/vc_column_text][\/vc_column][\/vc_row]","og_url":"https:\/\/www.ull.es\/portal\/hipotesis\/laboratorio-virtual\/ciencia-sociales-humanidades-y-arte\/","og_site_name":"Hipotesis","article_publisher":"https:\/\/www.facebook.com\/CienciaULL\/","article_modified_time":"2022-07-26T09:10:44+00:00","twitter_card":"summary_large_image","twitter_site":"@CienciaULL","twitter_misc":{"Tiempo de lectura":"1 minuto"},"schema":{"@context":"https:\/\/schema.org","@graph":[{"@type":"WebPage","@id":"https:\/\/www.ull.es\/portal\/hipotesis\/laboratorio-virtual\/ciencia-sociales-humanidades-y-arte\/","url":"https:\/\/www.ull.es\/portal\/hipotesis\/laboratorio-virtual\/ciencia-sociales-humanidades-y-arte\/","name":"Ciencia Sociales, Humanidades y Arte - Hipotesis","isPartOf":{"@id":"https:\/\/www.ull.es\/portal\/hipotesis\/#website"},"datePublished":"2020-10-19T09:15:44+00:00","dateModified":"2022-07-26T09:10:44+00:00","breadcrumb":{"@id":"https:\/\/www.ull.es\/portal\/hipotesis\/laboratorio-virtual\/ciencia-sociales-humanidades-y-arte\/#breadcrumb"},"inLanguage":"es","potentialAction":[{"@type":"ReadAction","target":["https:\/\/www.ull.es\/portal\/hipotesis\/laboratorio-virtual\/ciencia-sociales-humanidades-y-arte\/"]}]},{"@type":"BreadcrumbList","@id":"https:\/\/www.ull.es\/portal\/hipotesis\/laboratorio-virtual\/ciencia-sociales-humanidades-y-arte\/#breadcrumb","itemListElement":[{"@type":"ListItem","position":1,"name":"Portada","item":"https:\/\/www.ull.es\/portal\/hipotesis\/"},{"@type":"ListItem","position":2,"name":"Laboratorio Virtual","item":"https:\/\/www.ull.es\/portal\/hipotesis\/laboratorio-virtual\/"},{"@type":"ListItem","position":3,"name":"Ciencia Sociales, Humanidades y Arte"}]},{"@type":"WebSite","@id":"https:\/\/www.ull.es\/portal\/hipotesis\/#website","url":"https:\/\/www.ull.es\/portal\/hipotesis\/","name":"Hipotesis","description":"Unidad de Cultura Cient\u00edfica y de la Innovaci\u00f3n de la Universidad de La Laguna","potentialAction":[{"@type":"SearchAction","target":{"@type":"EntryPoint","urlTemplate":"https:\/\/www.ull.es\/portal\/hipotesis\/?s={search_term_string}"},"query-input":"required name=search_term_string"}],"inLanguage":"es"}]}},"_links":{"self":[{"href":"https:\/\/www.ull.es\/portal\/hipotesis\/wp-json\/wp\/v2\/pages\/9433"}],"collection":[{"href":"https:\/\/www.ull.es\/portal\/hipotesis\/wp-json\/wp\/v2\/pages"}],"about":[{"href":"https:\/\/www.ull.es\/portal\/hipotesis\/wp-json\/wp\/v2\/types\/page"}],"author":[{"embeddable":true,"href":"https:\/\/www.ull.es\/portal\/hipotesis\/wp-json\/wp\/v2\/users\/56"}],"replies":[{"embeddable":true,"href":"https:\/\/www.ull.es\/portal\/hipotesis\/wp-json\/wp\/v2\/comments?post=9433"}],"version-history":[{"count":12,"href":"https:\/\/www.ull.es\/portal\/hipotesis\/wp-json\/wp\/v2\/pages\/9433\/revisions"}],"predecessor-version":[{"id":17228,"href":"https:\/\/www.ull.es\/portal\/hipotesis\/wp-json\/wp\/v2\/pages\/9433\/revisions\/17228"}],"up":[{"embeddable":true,"href":"https:\/\/www.ull.es\/portal\/hipotesis\/wp-json\/wp\/v2\/pages\/9246"}],"wp:attachment":[{"href":"https:\/\/www.ull.es\/portal\/hipotesis\/wp-json\/wp\/v2\/media?parent=9433"}],"curies":[{"name":"wp","href":"https:\/\/api.w.org\/{rel}","templated":true}]}}