{"id":9523,"date":"2020-10-19T12:44:46","date_gmt":"2020-10-19T12:44:46","guid":{"rendered":"https:\/\/www.ull.es\/portal\/hipotesis\/?page_id=9523"},"modified":"2021-01-28T11:02:44","modified_gmt":"2021-01-28T11:02:44","slug":"video-7-introduccion-al-pensamiento-computacional-el-problema-de-la-mochila","status":"publish","type":"page","link":"https:\/\/www.ull.es\/portal\/hipotesis\/laboratorio-virtual\/ciencia-y-tecnologia\/video-7-introduccion-al-pensamiento-computacional-el-problema-de-la-mochila\/","title":{"rendered":"Taller 2. \u00abIntroducci\u00f3n al Pensamiento Computacional. El problema de la mochila\u00bb"},"content":{"rendered":"<p>[vc_row][vc_column][vc_custom_heading source=\u00bbpost_title\u00bb font_container=\u00bbtag:h2|text_align:left|color:%23dd9933&#8243; google_fonts=\u00bbfont_family:Roboto%20Slab%3A100%2C300%2Cregular%2C700|font_style:700%20bold%20regular%3A700%3Anormal\u00bb][\/vc_column][\/vc_row][vc_row][vc_column][vc_video link=\u00bbhttps:\/\/youtu.be\/b05oxmtrgdU\u00bb][vc_empty_space][vc_column_text]<\/p>\n<table style=\"height: 139px\" width=\"1141\">\n<tbody>\n<tr>\n<td width=\"118\"><strong>Breve descripci\u00f3n<\/strong><\/td>\n<\/tr>\n<tr>\n<td style=\"text-align: justify\">La principal finalidad de este taller es apoyar a los escolares en la integraci\u00f3n del Pensamiento Computacional en el aprendizaje formal e informal. En un mundo digitalizado se ha vuelto necesario aprender el idioma de los ordenadores, por lo que, gracias al Pensamiento Computacional, es posible entender la manera en la que funcionan, adem\u00e1s de dotar de habilidades con las que resolver problemas de nuestro d\u00eda a d\u00eda. Adem\u00e1s, con este taller tambi\u00e9n se busca acercar las Ciencias de la Computaci\u00f3n a los j\u00f3venes.<\/td>\n<\/tr>\n<\/tbody>\n<\/table>\n<p>[\/vc_column_text][vc_column_text]<\/p>\n<table style=\"height: 56px\" width=\"516\">\n<tbody>\n<tr>\n<td width=\"152\"><strong>Publico al que se dirige<\/strong><\/td>\n<td width=\"80\"><strong>Duraci\u00f3n<\/strong><\/td>\n<\/tr>\n<tr>\n<td>3\u00ba\/4\u00ba ESO y Bachillerato<\/td>\n<td>31:23<\/td>\n<\/tr>\n<\/tbody>\n<\/table>\n<p>[\/vc_column_text][vc_column_text]<\/p>\n<table style=\"height: 58px\" width=\"392\">\n<tbody>\n<tr>\n<td width=\"152\"><strong>Materiales y recursos<\/strong><\/td>\n<\/tr>\n<tr>\n<td>\n<ul>\n<li>Ordenadores o tablets<\/li>\n<li>Conexi\u00f3n a Internet<\/li>\n<\/ul>\n<\/td>\n<\/tr>\n<\/tbody>\n<\/table>\n<p>[\/vc_column_text][vc_column_text]<\/p>\n<table style=\"height: 73px\" width=\"856\">\n<tbody>\n<tr>\n<td width=\"152\"><strong>Investigadores<\/strong><\/td>\n<td width=\"152\">Rafael Herrero \u00c1lvarez; \u00d3scar Jes\u00fas Socas Gonz\u00e1lez<\/td>\n<\/tr>\n<tr>\n<td><strong>Departamento<\/strong><\/td>\n<td>Aula Cultural de Pensamiento Computacional<\/td>\n<\/tr>\n<\/tbody>\n<\/table>\n<p>[\/vc_column_text][vc_empty_space][vc_btn title=\u00bbDescargar ficha del taller\u00bb color=\u00bborange\u00bb align=\u00bbcenter\u00bb link=\u00bburl:https%3A%2F%2Fdrive.google.com%2Ffile%2Fd%2F1Ha_17AHArCjYu09xoYgxj4yevKbi2ojx%2Fview%3Fusp%3Dsharing\u00bb][\/vc_column][\/vc_row]<\/p>\n","protected":false},"excerpt":{"rendered":"<p>[vc_row][vc_column][vc_custom_heading source=\u00bbpost_title\u00bb font_container=\u00bbtag:h2|text_align:left|color:%23dd9933&#8243; google_fonts=\u00bbfont_family:Roboto%20Slab%3A100%2C300%2Cregular%2C700|font_style:700%20bold%20regular%3A700%3Anormal\u00bb][\/vc_column][\/vc_row][vc_row][vc_column][vc_video link=\u00bbhttps:\/\/youtu.be\/b05oxmtrgdU\u00bb][vc_empty_space][vc_column_text] Breve descripci\u00f3n La principal finalidad de este taller es apoyar a los escolares en la integraci\u00f3n del Pensamiento Computacional en el aprendizaje formal e informal. En un mundo digitalizado se ha vuelto necesario aprender el idioma de los ordenadores, por lo que, gracias al Pensamiento Computacional, es posible entender la&#8230;<\/p>\n","protected":false},"author":56,"featured_media":0,"parent":9430,"menu_order":0,"comment_status":"closed","ping_status":"closed","template":"","meta":{"inline_featured_image":false,"footnotes":""},"acf":[],"yoast_head":"<!-- This site is optimized with the Yoast SEO plugin v21.3 - https:\/\/yoast.com\/wordpress\/plugins\/seo\/ -->\n<title>Taller 2. \u00abIntroducci\u00f3n al Pensamiento Computacional. El problema de la mochila\u00bb - Hipotesis<\/title>\n<meta name=\"robots\" content=\"index, follow, max-snippet:-1, max-image-preview:large, max-video-preview:-1\" \/>\n<link rel=\"canonical\" href=\"https:\/\/www.ull.es\/portal\/hipotesis\/laboratorio-virtual\/ciencia-y-tecnologia\/video-7-introduccion-al-pensamiento-computacional-el-problema-de-la-mochila\/\" \/>\n<meta property=\"og:locale\" content=\"es_ES\" \/>\n<meta property=\"og:type\" content=\"article\" \/>\n<meta property=\"og:title\" content=\"Taller 2. \u00abIntroducci\u00f3n al Pensamiento Computacional. El problema de la mochila\u00bb - Hipotesis\" \/>\n<meta property=\"og:description\" content=\"[vc_row][vc_column][vc_custom_heading source=\u00bbpost_title\u00bb font_container=\u00bbtag:h2|text_align:left|color:%23dd9933&#8243; google_fonts=\u00bbfont_family:Roboto%20Slab%3A100%2C300%2Cregular%2C700|font_style:700%20bold%20regular%3A700%3Anormal\u00bb][\/vc_column][\/vc_row][vc_row][vc_column][vc_video link=\u00bbhttps:\/\/youtu.be\/b05oxmtrgdU\u00bb][vc_empty_space][vc_column_text] Breve descripci\u00f3n La principal finalidad de este taller es apoyar a los escolares en la integraci\u00f3n del Pensamiento Computacional en el aprendizaje formal e informal. En un mundo digitalizado se ha vuelto necesario aprender el idioma de los ordenadores, por lo que, gracias al Pensamiento Computacional, es posible entender la...\" \/>\n<meta property=\"og:url\" content=\"https:\/\/www.ull.es\/portal\/hipotesis\/laboratorio-virtual\/ciencia-y-tecnologia\/video-7-introduccion-al-pensamiento-computacional-el-problema-de-la-mochila\/\" \/>\n<meta property=\"og:site_name\" content=\"Hipotesis\" \/>\n<meta property=\"article:publisher\" content=\"https:\/\/www.facebook.com\/CienciaULL\/\" \/>\n<meta property=\"article:modified_time\" content=\"2021-01-28T11:02:44+00:00\" \/>\n<meta name=\"twitter:card\" content=\"summary_large_image\" \/>\n<meta name=\"twitter:site\" content=\"@CienciaULL\" \/>\n<meta name=\"twitter:label1\" content=\"Tiempo de lectura\" \/>\n\t<meta name=\"twitter:data1\" content=\"1 minuto\" \/>\n<script type=\"application\/ld+json\" class=\"yoast-schema-graph\">{\"@context\":\"https:\/\/schema.org\",\"@graph\":[{\"@type\":\"WebPage\",\"@id\":\"https:\/\/www.ull.es\/portal\/hipotesis\/laboratorio-virtual\/ciencia-y-tecnologia\/video-7-introduccion-al-pensamiento-computacional-el-problema-de-la-mochila\/\",\"url\":\"https:\/\/www.ull.es\/portal\/hipotesis\/laboratorio-virtual\/ciencia-y-tecnologia\/video-7-introduccion-al-pensamiento-computacional-el-problema-de-la-mochila\/\",\"name\":\"Taller 2. \u00abIntroducci\u00f3n al Pensamiento Computacional. El problema de la mochila\u00bb - Hipotesis\",\"isPartOf\":{\"@id\":\"https:\/\/www.ull.es\/portal\/hipotesis\/#website\"},\"datePublished\":\"2020-10-19T12:44:46+00:00\",\"dateModified\":\"2021-01-28T11:02:44+00:00\",\"breadcrumb\":{\"@id\":\"https:\/\/www.ull.es\/portal\/hipotesis\/laboratorio-virtual\/ciencia-y-tecnologia\/video-7-introduccion-al-pensamiento-computacional-el-problema-de-la-mochila\/#breadcrumb\"},\"inLanguage\":\"es\",\"potentialAction\":[{\"@type\":\"ReadAction\",\"target\":[\"https:\/\/www.ull.es\/portal\/hipotesis\/laboratorio-virtual\/ciencia-y-tecnologia\/video-7-introduccion-al-pensamiento-computacional-el-problema-de-la-mochila\/\"]}]},{\"@type\":\"BreadcrumbList\",\"@id\":\"https:\/\/www.ull.es\/portal\/hipotesis\/laboratorio-virtual\/ciencia-y-tecnologia\/video-7-introduccion-al-pensamiento-computacional-el-problema-de-la-mochila\/#breadcrumb\",\"itemListElement\":[{\"@type\":\"ListItem\",\"position\":1,\"name\":\"Portada\",\"item\":\"https:\/\/www.ull.es\/portal\/hipotesis\/\"},{\"@type\":\"ListItem\",\"position\":2,\"name\":\"Laboratorio Virtual\",\"item\":\"https:\/\/www.ull.es\/portal\/hipotesis\/laboratorio-virtual\/\"},{\"@type\":\"ListItem\",\"position\":3,\"name\":\"Ciencia y Tecnolog\u00eda\",\"item\":\"https:\/\/www.ull.es\/portal\/hipotesis\/laboratorio-virtual\/ciencia-y-tecnologia\/\"},{\"@type\":\"ListItem\",\"position\":4,\"name\":\"Taller 2. \u00abIntroducci\u00f3n al Pensamiento Computacional. El problema de la mochila\u00bb\"}]},{\"@type\":\"WebSite\",\"@id\":\"https:\/\/www.ull.es\/portal\/hipotesis\/#website\",\"url\":\"https:\/\/www.ull.es\/portal\/hipotesis\/\",\"name\":\"Hipotesis\",\"description\":\"Unidad de Cultura Cient\u00edfica y de la Innovaci\u00f3n de la Universidad de La Laguna\",\"potentialAction\":[{\"@type\":\"SearchAction\",\"target\":{\"@type\":\"EntryPoint\",\"urlTemplate\":\"https:\/\/www.ull.es\/portal\/hipotesis\/?s={search_term_string}\"},\"query-input\":\"required name=search_term_string\"}],\"inLanguage\":\"es\"}]}<\/script>\n<!-- \/ Yoast SEO plugin. -->","yoast_head_json":{"title":"Taller 2. \u00abIntroducci\u00f3n al Pensamiento Computacional. El problema de la mochila\u00bb - Hipotesis","robots":{"index":"index","follow":"follow","max-snippet":"max-snippet:-1","max-image-preview":"max-image-preview:large","max-video-preview":"max-video-preview:-1"},"canonical":"https:\/\/www.ull.es\/portal\/hipotesis\/laboratorio-virtual\/ciencia-y-tecnologia\/video-7-introduccion-al-pensamiento-computacional-el-problema-de-la-mochila\/","og_locale":"es_ES","og_type":"article","og_title":"Taller 2. \u00abIntroducci\u00f3n al Pensamiento Computacional. El problema de la mochila\u00bb - Hipotesis","og_description":"[vc_row][vc_column][vc_custom_heading source=\u00bbpost_title\u00bb font_container=\u00bbtag:h2|text_align:left|color:%23dd9933&#8243; google_fonts=\u00bbfont_family:Roboto%20Slab%3A100%2C300%2Cregular%2C700|font_style:700%20bold%20regular%3A700%3Anormal\u00bb][\/vc_column][\/vc_row][vc_row][vc_column][vc_video link=\u00bbhttps:\/\/youtu.be\/b05oxmtrgdU\u00bb][vc_empty_space][vc_column_text] Breve descripci\u00f3n La principal finalidad de este taller es apoyar a los escolares en la integraci\u00f3n del Pensamiento Computacional en el aprendizaje formal e informal. En un mundo digitalizado se ha vuelto necesario aprender el idioma de los ordenadores, por lo que, gracias al Pensamiento Computacional, es posible entender la...","og_url":"https:\/\/www.ull.es\/portal\/hipotesis\/laboratorio-virtual\/ciencia-y-tecnologia\/video-7-introduccion-al-pensamiento-computacional-el-problema-de-la-mochila\/","og_site_name":"Hipotesis","article_publisher":"https:\/\/www.facebook.com\/CienciaULL\/","article_modified_time":"2021-01-28T11:02:44+00:00","twitter_card":"summary_large_image","twitter_site":"@CienciaULL","twitter_misc":{"Tiempo de lectura":"1 minuto"},"schema":{"@context":"https:\/\/schema.org","@graph":[{"@type":"WebPage","@id":"https:\/\/www.ull.es\/portal\/hipotesis\/laboratorio-virtual\/ciencia-y-tecnologia\/video-7-introduccion-al-pensamiento-computacional-el-problema-de-la-mochila\/","url":"https:\/\/www.ull.es\/portal\/hipotesis\/laboratorio-virtual\/ciencia-y-tecnologia\/video-7-introduccion-al-pensamiento-computacional-el-problema-de-la-mochila\/","name":"Taller 2. \u00abIntroducci\u00f3n al Pensamiento Computacional. El problema de la mochila\u00bb - Hipotesis","isPartOf":{"@id":"https:\/\/www.ull.es\/portal\/hipotesis\/#website"},"datePublished":"2020-10-19T12:44:46+00:00","dateModified":"2021-01-28T11:02:44+00:00","breadcrumb":{"@id":"https:\/\/www.ull.es\/portal\/hipotesis\/laboratorio-virtual\/ciencia-y-tecnologia\/video-7-introduccion-al-pensamiento-computacional-el-problema-de-la-mochila\/#breadcrumb"},"inLanguage":"es","potentialAction":[{"@type":"ReadAction","target":["https:\/\/www.ull.es\/portal\/hipotesis\/laboratorio-virtual\/ciencia-y-tecnologia\/video-7-introduccion-al-pensamiento-computacional-el-problema-de-la-mochila\/"]}]},{"@type":"BreadcrumbList","@id":"https:\/\/www.ull.es\/portal\/hipotesis\/laboratorio-virtual\/ciencia-y-tecnologia\/video-7-introduccion-al-pensamiento-computacional-el-problema-de-la-mochila\/#breadcrumb","itemListElement":[{"@type":"ListItem","position":1,"name":"Portada","item":"https:\/\/www.ull.es\/portal\/hipotesis\/"},{"@type":"ListItem","position":2,"name":"Laboratorio Virtual","item":"https:\/\/www.ull.es\/portal\/hipotesis\/laboratorio-virtual\/"},{"@type":"ListItem","position":3,"name":"Ciencia y Tecnolog\u00eda","item":"https:\/\/www.ull.es\/portal\/hipotesis\/laboratorio-virtual\/ciencia-y-tecnologia\/"},{"@type":"ListItem","position":4,"name":"Taller 2. \u00abIntroducci\u00f3n al Pensamiento Computacional. El problema de la mochila\u00bb"}]},{"@type":"WebSite","@id":"https:\/\/www.ull.es\/portal\/hipotesis\/#website","url":"https:\/\/www.ull.es\/portal\/hipotesis\/","name":"Hipotesis","description":"Unidad de Cultura Cient\u00edfica y de la Innovaci\u00f3n de la Universidad de La Laguna","potentialAction":[{"@type":"SearchAction","target":{"@type":"EntryPoint","urlTemplate":"https:\/\/www.ull.es\/portal\/hipotesis\/?s={search_term_string}"},"query-input":"required name=search_term_string"}],"inLanguage":"es"}]}},"_links":{"self":[{"href":"https:\/\/www.ull.es\/portal\/hipotesis\/wp-json\/wp\/v2\/pages\/9523"}],"collection":[{"href":"https:\/\/www.ull.es\/portal\/hipotesis\/wp-json\/wp\/v2\/pages"}],"about":[{"href":"https:\/\/www.ull.es\/portal\/hipotesis\/wp-json\/wp\/v2\/types\/page"}],"author":[{"embeddable":true,"href":"https:\/\/www.ull.es\/portal\/hipotesis\/wp-json\/wp\/v2\/users\/56"}],"replies":[{"embeddable":true,"href":"https:\/\/www.ull.es\/portal\/hipotesis\/wp-json\/wp\/v2\/comments?post=9523"}],"version-history":[{"count":8,"href":"https:\/\/www.ull.es\/portal\/hipotesis\/wp-json\/wp\/v2\/pages\/9523\/revisions"}],"predecessor-version":[{"id":10855,"href":"https:\/\/www.ull.es\/portal\/hipotesis\/wp-json\/wp\/v2\/pages\/9523\/revisions\/10855"}],"up":[{"embeddable":true,"href":"https:\/\/www.ull.es\/portal\/hipotesis\/wp-json\/wp\/v2\/pages\/9430"}],"wp:attachment":[{"href":"https:\/\/www.ull.es\/portal\/hipotesis\/wp-json\/wp\/v2\/media?parent=9523"}],"curies":[{"name":"wp","href":"https:\/\/api.w.org\/{rel}","templated":true}]}}