{"id":9652,"date":"2020-10-20T10:55:14","date_gmt":"2020-10-20T10:55:14","guid":{"rendered":"https:\/\/www.ull.es\/portal\/hipotesis\/?page_id=9652"},"modified":"2021-05-06T12:59:44","modified_gmt":"2021-05-06T12:59:44","slug":"video-4-rompamos-el-agua-electrolisis-del-agua","status":"publish","type":"page","link":"https:\/\/www.ull.es\/portal\/hipotesis\/laboratorio-virtual\/energia-biodiversidad-y-medioambiente\/video-4-rompamos-el-agua-electrolisis-del-agua\/","title":{"rendered":"Taller 8. \u00abRompamos el agua (electr\u00f3lisis del agua)\u00bb"},"content":{"rendered":"<p>[vc_row][vc_column][vc_custom_heading source=\u00bbpost_title\u00bb font_container=\u00bbtag:h2|text_align:left|color:%236aaa3a\u00bb google_fonts=\u00bbfont_family:Roboto%20Slab%3A100%2C300%2Cregular%2C700|font_style:700%20bold%20regular%3A700%3Anormal\u00bb][\/vc_column][\/vc_row][vc_row][vc_column][vc_video link=\u00bbhttps:\/\/youtu.be\/wm0pjLIahLA\u00bb][vc_empty_space][vc_column_text]<\/p>\n<table style=\"height: 26px\" width=\"700\">\n<tbody>\n<tr>\n<td width=\"118\"><strong>Breve descripci\u00f3n<\/strong><\/td>\n<\/tr>\n<tr>\n<td style=\"text-align: justify\">Que el alumnado comprenda la importancia de su energ\u00eda y su aplicaci\u00f3n, as\u00ed como el uso de nuevos m\u00e9todos de energ\u00eda basado en el hidr\u00f3geno. Pero para poder usar el hidr\u00f3geno primero debemos obtenerlo. \u00bfY de d\u00f3nde vamos a obtener el hidr\u00f3geno? Obviamente del agua. Por tanto, se propone que el alumnado construya una celda electroqu\u00edmica, es decir, lo opuesto al experimento anterior. Es decir, que usando la electricidad sea capaz de producir una reacci\u00f3n qu\u00edmica que por lo general no ocurre de forma espont\u00e1nea, como es en este caso: la ruptura del agua en hidr\u00f3geno y ox\u00edgeno.<\/td>\n<\/tr>\n<\/tbody>\n<\/table>\n<p>[\/vc_column_text][vc_column_text]<\/p>\n<table style=\"height: 11px\" width=\"815\">\n<tbody>\n<tr>\n<td width=\"152\"><strong>P\u00fablico al que se dirige<\/strong><\/td>\n<td width=\"80\"><strong>Duraci\u00f3n\u00a0<\/strong><\/td>\n<\/tr>\n<tr>\n<td>3\u00ba\/4\u00ba ESO y Bachillerato<\/td>\n<td>8:21<\/td>\n<\/tr>\n<\/tbody>\n<\/table>\n<p>[\/vc_column_text][vc_column_text]<\/p>\n<table style=\"height: 182px\" width=\"743\">\n<tbody>\n<tr>\n<td width=\"139\"><strong>Materiales y recursos<\/strong><\/td>\n<\/tr>\n<tr>\n<td>\n<ul>\n<li>Vaso transparente<\/li>\n<li>Agua<\/li>\n<li>Papel de filtro<\/li>\n<li>Cables con cocodrilos o con clips<\/li>\n<li>Porta pilas (AA) de 4 o 6 pilas, y pilas AA<\/li>\n<li>C\u00fater<\/li>\n<li>L\u00e1pices (para abrirlos u obtener el filamento de grafito de su interior)<\/li>\n<li>Col lombarda (violeta), batidora y escurridor (para hacer sustancia indicadora)<\/li>\n<\/ul>\n<\/td>\n<\/tr>\n<\/tbody>\n<\/table>\n<p>[\/vc_column_text][vc_column_text]<\/p>\n<table style=\"height: 21px\" width=\"717\">\n<tbody>\n<tr>\n<td width=\"97\"><strong>Investigadora<\/strong><\/td>\n<td width=\"80\">Lorena Hern\u00e1ndez Afonso<\/td>\n<\/tr>\n<tr>\n<td><strong>Departamento<\/strong><\/td>\n<td>Departamento de Qu\u00edmica<\/td>\n<\/tr>\n<\/tbody>\n<\/table>\n<p>[\/vc_column_text][vc_empty_space][vc_btn title=\u00bbDescargar ficha del taller\u00bb color=\u00bbgreen\u00bb align=\u00bbcenter\u00bb link=\u00bburl:https%3A%2F%2Fdrive.google.com%2Ffile%2Fd%2F1dY0nx49rn6B7abPay17V_gnVe3WPPY1X%2Fview%3Fusp%3Dsharing\u00bb][\/vc_column][\/vc_row]<\/p>\n","protected":false},"excerpt":{"rendered":"<p>[vc_row][vc_column][vc_custom_heading source=\u00bbpost_title\u00bb font_container=\u00bbtag:h2|text_align:left|color:%236aaa3a\u00bb google_fonts=\u00bbfont_family:Roboto%20Slab%3A100%2C300%2Cregular%2C700|font_style:700%20bold%20regular%3A700%3Anormal\u00bb][\/vc_column][\/vc_row][vc_row][vc_column][vc_video link=\u00bbhttps:\/\/youtu.be\/wm0pjLIahLA\u00bb][vc_empty_space][vc_column_text] Breve descripci\u00f3n Que el alumnado comprenda la importancia de su energ\u00eda y su aplicaci\u00f3n, as\u00ed como el uso de nuevos m\u00e9todos de energ\u00eda basado en el hidr\u00f3geno. Pero para poder usar el hidr\u00f3geno primero debemos obtenerlo. \u00bfY de d\u00f3nde vamos a obtener el hidr\u00f3geno? Obviamente del agua. Por tanto, se&#8230;<\/p>\n","protected":false},"author":56,"featured_media":0,"parent":9426,"menu_order":0,"comment_status":"closed","ping_status":"closed","template":"","meta":{"inline_featured_image":false,"footnotes":""},"acf":[],"yoast_head":"<!-- This site is optimized with the Yoast SEO plugin v21.3 - https:\/\/yoast.com\/wordpress\/plugins\/seo\/ -->\n<title>Taller 8. \u00abRompamos el agua (electr\u00f3lisis del agua)\u00bb - Hipotesis<\/title>\n<meta name=\"robots\" content=\"index, follow, max-snippet:-1, max-image-preview:large, max-video-preview:-1\" \/>\n<link rel=\"canonical\" href=\"https:\/\/www.ull.es\/portal\/hipotesis\/laboratorio-virtual\/energia-biodiversidad-y-medioambiente\/video-4-rompamos-el-agua-electrolisis-del-agua\/\" \/>\n<meta property=\"og:locale\" content=\"es_ES\" \/>\n<meta property=\"og:type\" content=\"article\" \/>\n<meta property=\"og:title\" content=\"Taller 8. \u00abRompamos el agua (electr\u00f3lisis del agua)\u00bb - Hipotesis\" \/>\n<meta property=\"og:description\" content=\"[vc_row][vc_column][vc_custom_heading source=\u00bbpost_title\u00bb font_container=\u00bbtag:h2|text_align:left|color:%236aaa3a\u00bb google_fonts=\u00bbfont_family:Roboto%20Slab%3A100%2C300%2Cregular%2C700|font_style:700%20bold%20regular%3A700%3Anormal\u00bb][\/vc_column][\/vc_row][vc_row][vc_column][vc_video link=\u00bbhttps:\/\/youtu.be\/wm0pjLIahLA\u00bb][vc_empty_space][vc_column_text] Breve descripci\u00f3n Que el alumnado comprenda la importancia de su energ\u00eda y su aplicaci\u00f3n, as\u00ed como el uso de nuevos m\u00e9todos de energ\u00eda basado en el hidr\u00f3geno. Pero para poder usar el hidr\u00f3geno primero debemos obtenerlo. \u00bfY de d\u00f3nde vamos a obtener el hidr\u00f3geno? Obviamente del agua. Por tanto, se...\" \/>\n<meta property=\"og:url\" content=\"https:\/\/www.ull.es\/portal\/hipotesis\/laboratorio-virtual\/energia-biodiversidad-y-medioambiente\/video-4-rompamos-el-agua-electrolisis-del-agua\/\" \/>\n<meta property=\"og:site_name\" content=\"Hipotesis\" \/>\n<meta property=\"article:publisher\" content=\"https:\/\/www.facebook.com\/CienciaULL\/\" \/>\n<meta property=\"article:modified_time\" content=\"2021-05-06T12:59:44+00:00\" \/>\n<meta name=\"twitter:card\" content=\"summary_large_image\" \/>\n<meta name=\"twitter:site\" content=\"@CienciaULL\" \/>\n<meta name=\"twitter:label1\" content=\"Tiempo de lectura\" \/>\n\t<meta name=\"twitter:data1\" content=\"1 minuto\" \/>\n<script type=\"application\/ld+json\" class=\"yoast-schema-graph\">{\"@context\":\"https:\/\/schema.org\",\"@graph\":[{\"@type\":\"WebPage\",\"@id\":\"https:\/\/www.ull.es\/portal\/hipotesis\/laboratorio-virtual\/energia-biodiversidad-y-medioambiente\/video-4-rompamos-el-agua-electrolisis-del-agua\/\",\"url\":\"https:\/\/www.ull.es\/portal\/hipotesis\/laboratorio-virtual\/energia-biodiversidad-y-medioambiente\/video-4-rompamos-el-agua-electrolisis-del-agua\/\",\"name\":\"Taller 8. \u00abRompamos el agua (electr\u00f3lisis del agua)\u00bb - Hipotesis\",\"isPartOf\":{\"@id\":\"https:\/\/www.ull.es\/portal\/hipotesis\/#website\"},\"datePublished\":\"2020-10-20T10:55:14+00:00\",\"dateModified\":\"2021-05-06T12:59:44+00:00\",\"breadcrumb\":{\"@id\":\"https:\/\/www.ull.es\/portal\/hipotesis\/laboratorio-virtual\/energia-biodiversidad-y-medioambiente\/video-4-rompamos-el-agua-electrolisis-del-agua\/#breadcrumb\"},\"inLanguage\":\"es\",\"potentialAction\":[{\"@type\":\"ReadAction\",\"target\":[\"https:\/\/www.ull.es\/portal\/hipotesis\/laboratorio-virtual\/energia-biodiversidad-y-medioambiente\/video-4-rompamos-el-agua-electrolisis-del-agua\/\"]}]},{\"@type\":\"BreadcrumbList\",\"@id\":\"https:\/\/www.ull.es\/portal\/hipotesis\/laboratorio-virtual\/energia-biodiversidad-y-medioambiente\/video-4-rompamos-el-agua-electrolisis-del-agua\/#breadcrumb\",\"itemListElement\":[{\"@type\":\"ListItem\",\"position\":1,\"name\":\"Portada\",\"item\":\"https:\/\/www.ull.es\/portal\/hipotesis\/\"},{\"@type\":\"ListItem\",\"position\":2,\"name\":\"Laboratorio Virtual\",\"item\":\"https:\/\/www.ull.es\/portal\/hipotesis\/laboratorio-virtual\/\"},{\"@type\":\"ListItem\",\"position\":3,\"name\":\"Energ\u00eda, Biodiversidad y Medioambiente\",\"item\":\"https:\/\/www.ull.es\/portal\/hipotesis\/laboratorio-virtual\/energia-biodiversidad-y-medioambiente\/\"},{\"@type\":\"ListItem\",\"position\":4,\"name\":\"Taller 8. \u00abRompamos el agua (electr\u00f3lisis del agua)\u00bb\"}]},{\"@type\":\"WebSite\",\"@id\":\"https:\/\/www.ull.es\/portal\/hipotesis\/#website\",\"url\":\"https:\/\/www.ull.es\/portal\/hipotesis\/\",\"name\":\"Hipotesis\",\"description\":\"Unidad de Cultura Cient\u00edfica y de la Innovaci\u00f3n de la Universidad de La Laguna\",\"potentialAction\":[{\"@type\":\"SearchAction\",\"target\":{\"@type\":\"EntryPoint\",\"urlTemplate\":\"https:\/\/www.ull.es\/portal\/hipotesis\/?s={search_term_string}\"},\"query-input\":\"required name=search_term_string\"}],\"inLanguage\":\"es\"}]}<\/script>\n<!-- \/ Yoast SEO plugin. -->","yoast_head_json":{"title":"Taller 8. \u00abRompamos el agua (electr\u00f3lisis del agua)\u00bb - Hipotesis","robots":{"index":"index","follow":"follow","max-snippet":"max-snippet:-1","max-image-preview":"max-image-preview:large","max-video-preview":"max-video-preview:-1"},"canonical":"https:\/\/www.ull.es\/portal\/hipotesis\/laboratorio-virtual\/energia-biodiversidad-y-medioambiente\/video-4-rompamos-el-agua-electrolisis-del-agua\/","og_locale":"es_ES","og_type":"article","og_title":"Taller 8. \u00abRompamos el agua (electr\u00f3lisis del agua)\u00bb - Hipotesis","og_description":"[vc_row][vc_column][vc_custom_heading source=\u00bbpost_title\u00bb font_container=\u00bbtag:h2|text_align:left|color:%236aaa3a\u00bb google_fonts=\u00bbfont_family:Roboto%20Slab%3A100%2C300%2Cregular%2C700|font_style:700%20bold%20regular%3A700%3Anormal\u00bb][\/vc_column][\/vc_row][vc_row][vc_column][vc_video link=\u00bbhttps:\/\/youtu.be\/wm0pjLIahLA\u00bb][vc_empty_space][vc_column_text] Breve descripci\u00f3n Que el alumnado comprenda la importancia de su energ\u00eda y su aplicaci\u00f3n, as\u00ed como el uso de nuevos m\u00e9todos de energ\u00eda basado en el hidr\u00f3geno. Pero para poder usar el hidr\u00f3geno primero debemos obtenerlo. \u00bfY de d\u00f3nde vamos a obtener el hidr\u00f3geno? Obviamente del agua. Por tanto, se...","og_url":"https:\/\/www.ull.es\/portal\/hipotesis\/laboratorio-virtual\/energia-biodiversidad-y-medioambiente\/video-4-rompamos-el-agua-electrolisis-del-agua\/","og_site_name":"Hipotesis","article_publisher":"https:\/\/www.facebook.com\/CienciaULL\/","article_modified_time":"2021-05-06T12:59:44+00:00","twitter_card":"summary_large_image","twitter_site":"@CienciaULL","twitter_misc":{"Tiempo de lectura":"1 minuto"},"schema":{"@context":"https:\/\/schema.org","@graph":[{"@type":"WebPage","@id":"https:\/\/www.ull.es\/portal\/hipotesis\/laboratorio-virtual\/energia-biodiversidad-y-medioambiente\/video-4-rompamos-el-agua-electrolisis-del-agua\/","url":"https:\/\/www.ull.es\/portal\/hipotesis\/laboratorio-virtual\/energia-biodiversidad-y-medioambiente\/video-4-rompamos-el-agua-electrolisis-del-agua\/","name":"Taller 8. \u00abRompamos el agua (electr\u00f3lisis del agua)\u00bb - Hipotesis","isPartOf":{"@id":"https:\/\/www.ull.es\/portal\/hipotesis\/#website"},"datePublished":"2020-10-20T10:55:14+00:00","dateModified":"2021-05-06T12:59:44+00:00","breadcrumb":{"@id":"https:\/\/www.ull.es\/portal\/hipotesis\/laboratorio-virtual\/energia-biodiversidad-y-medioambiente\/video-4-rompamos-el-agua-electrolisis-del-agua\/#breadcrumb"},"inLanguage":"es","potentialAction":[{"@type":"ReadAction","target":["https:\/\/www.ull.es\/portal\/hipotesis\/laboratorio-virtual\/energia-biodiversidad-y-medioambiente\/video-4-rompamos-el-agua-electrolisis-del-agua\/"]}]},{"@type":"BreadcrumbList","@id":"https:\/\/www.ull.es\/portal\/hipotesis\/laboratorio-virtual\/energia-biodiversidad-y-medioambiente\/video-4-rompamos-el-agua-electrolisis-del-agua\/#breadcrumb","itemListElement":[{"@type":"ListItem","position":1,"name":"Portada","item":"https:\/\/www.ull.es\/portal\/hipotesis\/"},{"@type":"ListItem","position":2,"name":"Laboratorio Virtual","item":"https:\/\/www.ull.es\/portal\/hipotesis\/laboratorio-virtual\/"},{"@type":"ListItem","position":3,"name":"Energ\u00eda, Biodiversidad y Medioambiente","item":"https:\/\/www.ull.es\/portal\/hipotesis\/laboratorio-virtual\/energia-biodiversidad-y-medioambiente\/"},{"@type":"ListItem","position":4,"name":"Taller 8. \u00abRompamos el agua (electr\u00f3lisis del agua)\u00bb"}]},{"@type":"WebSite","@id":"https:\/\/www.ull.es\/portal\/hipotesis\/#website","url":"https:\/\/www.ull.es\/portal\/hipotesis\/","name":"Hipotesis","description":"Unidad de Cultura Cient\u00edfica y de la Innovaci\u00f3n de la Universidad de La Laguna","potentialAction":[{"@type":"SearchAction","target":{"@type":"EntryPoint","urlTemplate":"https:\/\/www.ull.es\/portal\/hipotesis\/?s={search_term_string}"},"query-input":"required name=search_term_string"}],"inLanguage":"es"}]}},"_links":{"self":[{"href":"https:\/\/www.ull.es\/portal\/hipotesis\/wp-json\/wp\/v2\/pages\/9652"}],"collection":[{"href":"https:\/\/www.ull.es\/portal\/hipotesis\/wp-json\/wp\/v2\/pages"}],"about":[{"href":"https:\/\/www.ull.es\/portal\/hipotesis\/wp-json\/wp\/v2\/types\/page"}],"author":[{"embeddable":true,"href":"https:\/\/www.ull.es\/portal\/hipotesis\/wp-json\/wp\/v2\/users\/56"}],"replies":[{"embeddable":true,"href":"https:\/\/www.ull.es\/portal\/hipotesis\/wp-json\/wp\/v2\/comments?post=9652"}],"version-history":[{"count":12,"href":"https:\/\/www.ull.es\/portal\/hipotesis\/wp-json\/wp\/v2\/pages\/9652\/revisions"}],"predecessor-version":[{"id":11683,"href":"https:\/\/www.ull.es\/portal\/hipotesis\/wp-json\/wp\/v2\/pages\/9652\/revisions\/11683"}],"up":[{"embeddable":true,"href":"https:\/\/www.ull.es\/portal\/hipotesis\/wp-json\/wp\/v2\/pages\/9426"}],"wp:attachment":[{"href":"https:\/\/www.ull.es\/portal\/hipotesis\/wp-json\/wp\/v2\/media?parent=9652"}],"curies":[{"name":"wp","href":"https:\/\/api.w.org\/{rel}","templated":true}]}}