{"id":9687,"date":"2020-10-21T09:51:54","date_gmt":"2020-10-21T09:51:54","guid":{"rendered":"https:\/\/www.ull.es\/portal\/hipotesis\/?page_id=9687"},"modified":"2021-01-22T08:27:24","modified_gmt":"2021-01-22T08:27:24","slug":"9687-2","status":"publish","type":"page","link":"https:\/\/www.ull.es\/portal\/hipotesis\/laboratorio-virtual\/ciencia-y-tecnologia\/9687-2\/","title":{"rendered":"Taller 1. \u00abEl cielo, una esfera rotante\u00bb"},"content":{"rendered":"<p>[vc_row][vc_column][vc_custom_heading text=\u00bbTaller 1. \u00abEl cielo, una esfera rotante\u00bb\u00bb font_container=\u00bbtag:h2|text_align:left|color:%23dd9933&#8243; google_fonts=\u00bbfont_family:Roboto%20Slab%3A100%2C300%2Cregular%2C700|font_style:700%20bold%20regular%3A700%3Anormal\u00bb][\/vc_column][\/vc_row][vc_row][vc_column][vc_video link=\u00bbhttps:\/\/youtu.be\/QXPjZfJ5Plg\u00bb][vc_empty_space][vc_column_text]<\/p>\n<table style=\"height: 87px\" width=\"1104\">\n<tbody>\n<tr>\n<td width=\"119\"><strong>Breve descripci\u00f3n<\/strong><\/td>\n<\/tr>\n<tr>\n<td>\n<p style=\"text-align: justify\">El cielo puede entenderse como un mapa donde los cuerpos celestes tienen trayectorias determinadas. Al ser un mapa puede cartografiarse y, para eso, teniendo en cuenta la forma aproximadamente esf\u00e9rica de nuestro planeta, se usan diferentes sistemas de coordenadas esf\u00e9ricos.<\/p>\n<p style=\"text-align: justify\">El objetivo general es conocer y ser capaz de utilizar el sistema de coordenadas altacimutal en la visualizaci\u00f3n del cielo, as\u00ed como comprender el movimiento de rotaci\u00f3n de nuestro planeta, ser capaz de ubicar los puntos cardinales usando conocimientos astron\u00f3micos (puesta y salida de cuerpos celestes o posici\u00f3n de la estrella polar) y medir, aproximadamente, la velocidad de rotaci\u00f3n de La Tierra.<\/p>\n<\/td>\n<\/tr>\n<\/tbody>\n<\/table>\n<p>[\/vc_column_text][vc_column_text]<\/p>\n<table>\n<tbody>\n<tr>\n<td width=\"283\"><strong>P\u00fablico al que se dirige<\/strong><\/td>\n<td style=\"text-align: center\" width=\"283\"><strong>Duraci\u00f3n<\/strong><\/td>\n<\/tr>\n<tr>\n<td width=\"283\">3\u00ba\/4\u00ba ESO<\/td>\n<td style=\"text-align: center\" width=\"283\">29:26<\/td>\n<\/tr>\n<\/tbody>\n<\/table>\n<p>[\/vc_column_text][vc_column_text]<\/p>\n<table style=\"height: 59px\" width=\"1139\">\n<tbody>\n<tr>\n<td width=\"148\"><strong>Materiales y recursos<\/strong><\/td>\n<\/tr>\n<tr>\n<td>\n<ul>\n<li>Tubo o cilindro de cart\u00f3n.<\/li>\n<li>Cuerda o hilo largo.<\/li>\n<li>Rotulador.<\/li>\n<li>Masa (plastilina o algo que pueda engancharse o atarse al hilo).<\/li>\n<li>Pegamento.<\/li>\n<li>Papel.<\/li>\n<li>Cielo nocturno.<\/li>\n<li>Ficha con preguntas.<\/li>\n<li>Transportador de \u00e1ngulos.<\/li>\n<li>Comp\u00e1s.<\/li>\n<li>Tijeras.<\/li>\n<li>Bol\u00edgrafo.<\/li>\n<li>Regla.<\/li>\n<li>Marcadores\/objetos de referencia (puede ser cualquier cosa, del tama\u00f1o de un pu\u00f1o mejor).<\/li>\n<li>Br\u00fajula (opcional).<\/li>\n<\/ul>\n<\/td>\n<\/tr>\n<\/tbody>\n<\/table>\n<p>[\/vc_column_text][vc_column_text]<\/p>\n<table style=\"height: 42px\" width=\"1138\">\n<tbody>\n<tr>\n<td width=\"148\"><strong>Investigador<\/strong><\/td>\n<td width=\"80\">Lucas Manuel Pereira Castriota<\/td>\n<\/tr>\n<tr>\n<td><strong>Departamento<\/strong><\/td>\n<td>Aula Cultural Cassiopeia<\/td>\n<\/tr>\n<\/tbody>\n<\/table>\n<p>[\/vc_column_text][vc_empty_space][vc_btn title=\u00bbDescargar ficha del taller\u00bb color=\u00bborange\u00bb size=\u00bblg\u00bb align=\u00bbcenter\u00bb link=\u00bburl:https%3A%2F%2Fdrive.google.com%2Ffile%2Fd%2F1_OklhUrZKZrU_-r-pLhGHCGEp8ZQFS83%2Fview%3Fusp%3Dsharing\u00bb][\/vc_column][\/vc_row]<\/p>\n","protected":false},"excerpt":{"rendered":"<p>[vc_row][vc_column][vc_custom_heading text=\u00bbTaller 1. \u00abEl cielo, una esfera rotante\u00bb\u00bb font_container=\u00bbtag:h2|text_align:left|color:%23dd9933&#8243; google_fonts=\u00bbfont_family:Roboto%20Slab%3A100%2C300%2Cregular%2C700|font_style:700%20bold%20regular%3A700%3Anormal\u00bb][\/vc_column][\/vc_row][vc_row][vc_column][vc_video link=\u00bbhttps:\/\/youtu.be\/QXPjZfJ5Plg\u00bb][vc_empty_space][vc_column_text] Breve descripci\u00f3n El cielo puede entenderse como un mapa donde los cuerpos celestes tienen trayectorias determinadas. Al ser un mapa puede cartografiarse y, para eso, teniendo en cuenta la forma aproximadamente esf\u00e9rica de nuestro planeta, se usan diferentes sistemas de coordenadas esf\u00e9ricos. El objetivo&#8230;<\/p>\n","protected":false},"author":56,"featured_media":0,"parent":9430,"menu_order":0,"comment_status":"closed","ping_status":"closed","template":"","meta":{"inline_featured_image":false,"footnotes":""},"acf":[],"yoast_head":"<!-- This site is optimized with the Yoast SEO plugin v21.3 - https:\/\/yoast.com\/wordpress\/plugins\/seo\/ -->\n<title>Taller 1. \u00abEl cielo, una esfera rotante\u00bb - Hipotesis<\/title>\n<meta name=\"robots\" content=\"index, follow, max-snippet:-1, max-image-preview:large, max-video-preview:-1\" \/>\n<link rel=\"canonical\" href=\"https:\/\/www.ull.es\/portal\/hipotesis\/laboratorio-virtual\/ciencia-y-tecnologia\/9687-2\/\" \/>\n<meta property=\"og:locale\" content=\"es_ES\" \/>\n<meta property=\"og:type\" content=\"article\" \/>\n<meta property=\"og:title\" content=\"Taller 1. \u00abEl cielo, una esfera rotante\u00bb - Hipotesis\" \/>\n<meta property=\"og:description\" content=\"[vc_row][vc_column][vc_custom_heading text=\u00bbTaller 1. \u00abEl cielo, una esfera rotante\u00bb\u00bb font_container=\u00bbtag:h2|text_align:left|color:%23dd9933&#8243; google_fonts=\u00bbfont_family:Roboto%20Slab%3A100%2C300%2Cregular%2C700|font_style:700%20bold%20regular%3A700%3Anormal\u00bb][\/vc_column][\/vc_row][vc_row][vc_column][vc_video link=\u00bbhttps:\/\/youtu.be\/QXPjZfJ5Plg\u00bb][vc_empty_space][vc_column_text] Breve descripci\u00f3n El cielo puede entenderse como un mapa donde los cuerpos celestes tienen trayectorias determinadas. Al ser un mapa puede cartografiarse y, para eso, teniendo en cuenta la forma aproximadamente esf\u00e9rica de nuestro planeta, se usan diferentes sistemas de coordenadas esf\u00e9ricos. El objetivo...\" \/>\n<meta property=\"og:url\" content=\"https:\/\/www.ull.es\/portal\/hipotesis\/laboratorio-virtual\/ciencia-y-tecnologia\/9687-2\/\" \/>\n<meta property=\"og:site_name\" content=\"Hipotesis\" \/>\n<meta property=\"article:publisher\" content=\"https:\/\/www.facebook.com\/CienciaULL\/\" \/>\n<meta property=\"article:modified_time\" content=\"2021-01-22T08:27:24+00:00\" \/>\n<meta name=\"twitter:card\" content=\"summary_large_image\" \/>\n<meta name=\"twitter:site\" content=\"@CienciaULL\" \/>\n<meta name=\"twitter:label1\" content=\"Tiempo de lectura\" \/>\n\t<meta name=\"twitter:data1\" content=\"2 minutos\" \/>\n<script type=\"application\/ld+json\" class=\"yoast-schema-graph\">{\"@context\":\"https:\/\/schema.org\",\"@graph\":[{\"@type\":\"WebPage\",\"@id\":\"https:\/\/www.ull.es\/portal\/hipotesis\/laboratorio-virtual\/ciencia-y-tecnologia\/9687-2\/\",\"url\":\"https:\/\/www.ull.es\/portal\/hipotesis\/laboratorio-virtual\/ciencia-y-tecnologia\/9687-2\/\",\"name\":\"Taller 1. \u00abEl cielo, una esfera rotante\u00bb - Hipotesis\",\"isPartOf\":{\"@id\":\"https:\/\/www.ull.es\/portal\/hipotesis\/#website\"},\"datePublished\":\"2020-10-21T09:51:54+00:00\",\"dateModified\":\"2021-01-22T08:27:24+00:00\",\"breadcrumb\":{\"@id\":\"https:\/\/www.ull.es\/portal\/hipotesis\/laboratorio-virtual\/ciencia-y-tecnologia\/9687-2\/#breadcrumb\"},\"inLanguage\":\"es\",\"potentialAction\":[{\"@type\":\"ReadAction\",\"target\":[\"https:\/\/www.ull.es\/portal\/hipotesis\/laboratorio-virtual\/ciencia-y-tecnologia\/9687-2\/\"]}]},{\"@type\":\"BreadcrumbList\",\"@id\":\"https:\/\/www.ull.es\/portal\/hipotesis\/laboratorio-virtual\/ciencia-y-tecnologia\/9687-2\/#breadcrumb\",\"itemListElement\":[{\"@type\":\"ListItem\",\"position\":1,\"name\":\"Portada\",\"item\":\"https:\/\/www.ull.es\/portal\/hipotesis\/\"},{\"@type\":\"ListItem\",\"position\":2,\"name\":\"Laboratorio Virtual\",\"item\":\"https:\/\/www.ull.es\/portal\/hipotesis\/laboratorio-virtual\/\"},{\"@type\":\"ListItem\",\"position\":3,\"name\":\"Ciencia y Tecnolog\u00eda\",\"item\":\"https:\/\/www.ull.es\/portal\/hipotesis\/laboratorio-virtual\/ciencia-y-tecnologia\/\"},{\"@type\":\"ListItem\",\"position\":4,\"name\":\"Taller 1. \u00abEl cielo, una esfera rotante\u00bb\"}]},{\"@type\":\"WebSite\",\"@id\":\"https:\/\/www.ull.es\/portal\/hipotesis\/#website\",\"url\":\"https:\/\/www.ull.es\/portal\/hipotesis\/\",\"name\":\"Hipotesis\",\"description\":\"Unidad de Cultura Cient\u00edfica y de la Innovaci\u00f3n de la Universidad de La Laguna\",\"potentialAction\":[{\"@type\":\"SearchAction\",\"target\":{\"@type\":\"EntryPoint\",\"urlTemplate\":\"https:\/\/www.ull.es\/portal\/hipotesis\/?s={search_term_string}\"},\"query-input\":\"required name=search_term_string\"}],\"inLanguage\":\"es\"}]}<\/script>\n<!-- \/ Yoast SEO plugin. -->","yoast_head_json":{"title":"Taller 1. \u00abEl cielo, una esfera rotante\u00bb - Hipotesis","robots":{"index":"index","follow":"follow","max-snippet":"max-snippet:-1","max-image-preview":"max-image-preview:large","max-video-preview":"max-video-preview:-1"},"canonical":"https:\/\/www.ull.es\/portal\/hipotesis\/laboratorio-virtual\/ciencia-y-tecnologia\/9687-2\/","og_locale":"es_ES","og_type":"article","og_title":"Taller 1. \u00abEl cielo, una esfera rotante\u00bb - Hipotesis","og_description":"[vc_row][vc_column][vc_custom_heading text=\u00bbTaller 1. \u00abEl cielo, una esfera rotante\u00bb\u00bb font_container=\u00bbtag:h2|text_align:left|color:%23dd9933&#8243; google_fonts=\u00bbfont_family:Roboto%20Slab%3A100%2C300%2Cregular%2C700|font_style:700%20bold%20regular%3A700%3Anormal\u00bb][\/vc_column][\/vc_row][vc_row][vc_column][vc_video link=\u00bbhttps:\/\/youtu.be\/QXPjZfJ5Plg\u00bb][vc_empty_space][vc_column_text] Breve descripci\u00f3n El cielo puede entenderse como un mapa donde los cuerpos celestes tienen trayectorias determinadas. Al ser un mapa puede cartografiarse y, para eso, teniendo en cuenta la forma aproximadamente esf\u00e9rica de nuestro planeta, se usan diferentes sistemas de coordenadas esf\u00e9ricos. El objetivo...","og_url":"https:\/\/www.ull.es\/portal\/hipotesis\/laboratorio-virtual\/ciencia-y-tecnologia\/9687-2\/","og_site_name":"Hipotesis","article_publisher":"https:\/\/www.facebook.com\/CienciaULL\/","article_modified_time":"2021-01-22T08:27:24+00:00","twitter_card":"summary_large_image","twitter_site":"@CienciaULL","twitter_misc":{"Tiempo de lectura":"2 minutos"},"schema":{"@context":"https:\/\/schema.org","@graph":[{"@type":"WebPage","@id":"https:\/\/www.ull.es\/portal\/hipotesis\/laboratorio-virtual\/ciencia-y-tecnologia\/9687-2\/","url":"https:\/\/www.ull.es\/portal\/hipotesis\/laboratorio-virtual\/ciencia-y-tecnologia\/9687-2\/","name":"Taller 1. \u00abEl cielo, una esfera rotante\u00bb - Hipotesis","isPartOf":{"@id":"https:\/\/www.ull.es\/portal\/hipotesis\/#website"},"datePublished":"2020-10-21T09:51:54+00:00","dateModified":"2021-01-22T08:27:24+00:00","breadcrumb":{"@id":"https:\/\/www.ull.es\/portal\/hipotesis\/laboratorio-virtual\/ciencia-y-tecnologia\/9687-2\/#breadcrumb"},"inLanguage":"es","potentialAction":[{"@type":"ReadAction","target":["https:\/\/www.ull.es\/portal\/hipotesis\/laboratorio-virtual\/ciencia-y-tecnologia\/9687-2\/"]}]},{"@type":"BreadcrumbList","@id":"https:\/\/www.ull.es\/portal\/hipotesis\/laboratorio-virtual\/ciencia-y-tecnologia\/9687-2\/#breadcrumb","itemListElement":[{"@type":"ListItem","position":1,"name":"Portada","item":"https:\/\/www.ull.es\/portal\/hipotesis\/"},{"@type":"ListItem","position":2,"name":"Laboratorio Virtual","item":"https:\/\/www.ull.es\/portal\/hipotesis\/laboratorio-virtual\/"},{"@type":"ListItem","position":3,"name":"Ciencia y Tecnolog\u00eda","item":"https:\/\/www.ull.es\/portal\/hipotesis\/laboratorio-virtual\/ciencia-y-tecnologia\/"},{"@type":"ListItem","position":4,"name":"Taller 1. \u00abEl cielo, una esfera rotante\u00bb"}]},{"@type":"WebSite","@id":"https:\/\/www.ull.es\/portal\/hipotesis\/#website","url":"https:\/\/www.ull.es\/portal\/hipotesis\/","name":"Hipotesis","description":"Unidad de Cultura Cient\u00edfica y de la Innovaci\u00f3n de la Universidad de La Laguna","potentialAction":[{"@type":"SearchAction","target":{"@type":"EntryPoint","urlTemplate":"https:\/\/www.ull.es\/portal\/hipotesis\/?s={search_term_string}"},"query-input":"required name=search_term_string"}],"inLanguage":"es"}]}},"_links":{"self":[{"href":"https:\/\/www.ull.es\/portal\/hipotesis\/wp-json\/wp\/v2\/pages\/9687"}],"collection":[{"href":"https:\/\/www.ull.es\/portal\/hipotesis\/wp-json\/wp\/v2\/pages"}],"about":[{"href":"https:\/\/www.ull.es\/portal\/hipotesis\/wp-json\/wp\/v2\/types\/page"}],"author":[{"embeddable":true,"href":"https:\/\/www.ull.es\/portal\/hipotesis\/wp-json\/wp\/v2\/users\/56"}],"replies":[{"embeddable":true,"href":"https:\/\/www.ull.es\/portal\/hipotesis\/wp-json\/wp\/v2\/comments?post=9687"}],"version-history":[{"count":15,"href":"https:\/\/www.ull.es\/portal\/hipotesis\/wp-json\/wp\/v2\/pages\/9687\/revisions"}],"predecessor-version":[{"id":10833,"href":"https:\/\/www.ull.es\/portal\/hipotesis\/wp-json\/wp\/v2\/pages\/9687\/revisions\/10833"}],"up":[{"embeddable":true,"href":"https:\/\/www.ull.es\/portal\/hipotesis\/wp-json\/wp\/v2\/pages\/9430"}],"wp:attachment":[{"href":"https:\/\/www.ull.es\/portal\/hipotesis\/wp-json\/wp\/v2\/media?parent=9687"}],"curies":[{"name":"wp","href":"https:\/\/api.w.org\/{rel}","templated":true}]}}