{"id":1384,"date":"2026-03-05T13:02:41","date_gmt":"2026-03-05T13:02:41","guid":{"rendered":"https:\/\/www.ull.es\/portal\/ingenia\/?page_id=1384"},"modified":"2026-03-06T13:05:14","modified_gmt":"2026-03-06T13:05:14","slug":"premios","status":"publish","type":"page","link":"https:\/\/www.ull.es\/portal\/ingenia\/premios\/","title":{"rendered":"Premios"},"content":{"rendered":"[vc_row][vc_column offset=\u00bbvc_hidden-sm vc_hidden-xs\u00bb][vc_empty_space][\/vc_column][\/vc_row][vc_row full_width=\u00bbstretch_row_content\u00bb content_placement=\u00bbmiddle\u00bb css=\u00bb.vc_custom_1718702328764{background-image: url(https:\/\/www.ull.es\/portal\/ingenia\/wp-content\/uploads\/sites\/35\/2023\/09\/Header-Ingenia-Generico_Desktop.jpg?id=1162) !important;background-position: center !important;background-repeat: no-repeat !important;background-size: cover !important;}\u00bb][vc_column offset=\u00bbvc_hidden-sm vc_hidden-xs\u00bb][vc_empty_space height=\u00bb200px\u00bb][\/vc_column][\/vc_row][vc_row full_width=\u00bbstretch_row_content_no_spaces\u00bb content_placement=\u00bbmiddle\u00bb][vc_column offset=\u00bbvc_hidden-lg vc_hidden-md\u00bb][vc_single_image image=\u00bb1161&#8243; img_size=\u00bbfull\u00bb alignment=\u00bbcenter\u00bb][vc_empty_space][\/vc_column][\/vc_row][vc_row][vc_column][vc_empty_space][vc_column_text]\n<h1 style=\"text-align: center\"><strong>Premios INGENIA<\/strong><\/h1>\n[\/vc_column_text][vc_tta_accordion style=\u00bbmodern\u00bb shape=\u00bbround\u00bb active_section=\u00bb0&#8243; css_animation=\u00bbbounceInUp\u00bb collapsible_all=\u00bbtrue\u00bb][vc_tta_section title=\u00bbPremio Internacional MetaRed S 2024 &#8211; mejor programa categor\u00eda Social\u00bb tab_id=\u00bb1765369116183-c63bdfe6-7078&#8243;][vc_column_text]<span style=\"font-weight: 400\">El programa INGENIA ha sido galardonado con el <a href=\"https:\/\/www.ull.es\/portal\/noticias\/2024\/el-programa-de-innovacion-ingenia-de-la-ull-gana-un-premio-internacional-al-mejor-proyecto-social\/\" target=\"_blank\" rel=\"noopener\">Premio Internacional MetaRed S 2024<\/a>, as\u00ed como el Premio al <a href=\"https:\/\/www.metaredesg.org\/global\/i-premio-metared-s1.html\" target=\"_blank\" rel=\"noopener\">Mejor programa en la categor\u00eda social.<\/a> Estos premios sit\u00faan el trabajo de INGENIA como uno de los programas m\u00e1s punteros tanto en el \u00e1mbito social como en las otra esferas evaluadas por el comit\u00e9 de expertos MetaRed S<\/span>[\/vc_column_text][\/vc_tta_section][\/vc_tta_accordion][vc_column_text]\n<h1 style=\"text-align: center\"><strong>Premios a proyectos de INGENIA<\/strong><\/h1>\n[\/vc_column_text][vc_tta_accordion style=\u00bbmodern\u00bb shape=\u00bbround\u00bb active_section=\u00bb0&#8243; css_animation=\u00bbbounceInUp\u00bb collapsible_all=\u00bbtrue\u00bb][vc_tta_section title=\u00bbNunca Solo &#8211; Premio Nacional Enfermer\u00eda en Desarrollo 2021&#8243; tab_id=\u00bb1765875921809-5b3e132d-a345&#8243;][vc_column_text]El equipo de Nunca Solo recibe uno de los nueve premios nacionales de los <a href=\"https:\/\/www.ull.es\/portal\/noticias\/2021\/nunca-solo-premio-enfermeria-desarrollo\/\" target=\"_blank\" rel=\"noopener\">Premios Enfermer\u00eda en Desarrollo 2021<\/a>. Estos premiso est\u00e1n dirigidos a todos los profesionales, colectivos e instituciones que tienen alg\u00fan tipo de vinculaci\u00f3n con la enfermer\u00eda[\/vc_column_text][\/vc_tta_section][vc_tta_section title=\u00bbNunca Solo &#8211; Premio ABC Solidario en la convocatoria XVII\u00bb tab_id=\u00bb1772717458730-bdfaa25c-f0ff\u00bb][vc_column_text]El proyecto Nunca Solo ha recibido el <a href=\"https:\/\/www.ull.es\/portal\/noticias\/2021\/abc-premia-proyecto-nunca-solos-ull\/\" target=\"_blank\" rel=\"noopener\">premio ABC Solidario<\/a> dentro de la modalidad \u00abVoluntariado Universitario\u00bb recibiendo un galard\u00f3n de 10.000 euros para potenciar el desarrollo de esta actividad.[\/vc_column_text][\/vc_tta_section][vc_tta_section title=\u00bbPaediatric Dosage &#8211; Segundo premio Nacional Santander X Spain Award\u00bb tab_id=\u00bb1772784877088-9c52724f-3fa1&#8243;][vc_column_text]El proyecto Paediatric (proyecto sobre medicamentos individualizados a trav\u00e9s de la impresi\u00f3n 3D) a sido reconocido con el segundo premio nacional en los <a href=\"https:\/\/www.coftenerife.es\/comunicacion\/finalistas-en-los-santander-x-spain-awards\/\" target=\"_blank\" rel=\"noopener\">Santander X Spain Awards | University 2023<\/a>[\/vc_column_text][\/vc_tta_section][vc_tta_section title=\u00bbCondrik-Tenerife y Triakis &#8211; Avistamiento Pez Diablo en Tenerife\u00bb tab_id=\u00bb1772785081498-44e8235d-1e93&#8243;][vc_column_text]El equipo de los proyectos Condrik-Tenerife y Triakis han conseguido lo que podr\u00eda ser \u00ab<a href=\"https:\/\/efe.com\/canarias\/2025-02-06\/avistan-un-diablo-negro-o-rape-abisal-a-plena-luz-del-dia-cerca-de-la-costa-de-tenerife\/\" target=\"_blank\" rel=\"noopener\">el primer avistamiento registrado<\/a> en el mundo <a href=\"https:\/\/www.rtve.es\/noticias\/20250207\/avistamiento-historico-del-diablo-negro\/16440954.shtml\" target=\"_blank\" rel=\"noopener\">de un diablo negro o rape abisal adulto<\/a>\u00ab. El avistamiento tuvo lugar el 26 de enero cerca de la costa de playa San Juan, en Tenerife. Seg\u00fan explica la bi\u00f3loga Laia Valor, solo se habr\u00edan avistando tan cerca de superficie larvas o ejemplares adultos muertos.[\/vc_column_text][\/vc_tta_section][vc_tta_section title=\u00bbImagos &#8211; Ganadores del \u00ab\u00c1frica Canarias Challenge\u00ab\u00bb tab_id=\u00bb1772786638096-01e0b59e-72b2&#8243;][vc_column_text]<a href=\"https:\/\/imagosproject.com\/africa-canarias-challenge-incluye-al-proyecto-imagos-en-su-tercera-edicion\/\" target=\"_blank\" rel=\"noopener\">\u00c1frica Canarias Challenge<\/a> incluye al proyecto Imagos en su tercera edici\u00f3n. Con su participaci\u00f3n en el \u00c1frica Canarias Challenge 2024, la ULL reafirma su compromiso con la investigaci\u00f3n aplicada a la innovaci\u00f3n cient\u00edfica.[\/vc_column_text][\/vc_tta_section][vc_tta_section title=\u00bbAsociaci\u00f3n N\u00famidas &#8211; Premio IV Concurso de buenas pr\u00e1cticas de gesti\u00f3n para un desarrollo sostenible\u00bb tab_id=\u00bb1772786881655-e02a889e-3e12&#8243;][vc_column_text]La Asociaci\u00f3n N\u00famidas consigue el <a href=\"https:\/\/www.facebook.com\/CalidadTenerife\/videos\/-el-premio-de-la-modalidad-c-es-para-la-asociaci%C3%B3n-n%C3%BAmidasgracias-por-destacar-c\/857808156844659\/\" target=\"_blank\" rel=\"noopener\">premio en la modalidad<\/a> c) organizaciones, asociaciones y entidades p\u00fablicas y privadas sin \u00e1nimo de lucro en el <a href=\"https:\/\/cobcan.com\/el-cobcan-acude-a-la-entrega-de-premios-del-iv-concurso-de-buenas-practicas-de-gestion-para-un-desarrollo-sostenible\/\" target=\"_blank\" rel=\"noopener\">\u00abIV Concurso de buenas pr\u00e1cticas de gesti\u00f3n para un desarrollo sostenible\u00bb<\/a>[\/vc_column_text][\/vc_tta_section][vc_tta_section title=\u00bbAnimal Wise &#8211; Menci\u00f3n Especial en el IV Concurso de buenas pr\u00e1cticas de gesti\u00f3n para un desarrollo sostenible\u00bb tab_id=\u00bb1772787287797-0fd7dd7d-e843&#8243;][vc_column_text]Animal Wise consigue una Menci\u00f3n Especial en la Modalidad c) Organizaciones, asociaciones y entidades p\u00fablicas y privadas sin \u00e1nimo de lucro por su aporte de valor real a nuestro entorno y bienestar en el IV Concurso de buenas pr\u00e1cticas de gesti\u00f3n para un desarrollo sostenible[\/vc_column_text][\/vc_tta_section][vc_tta_section title=\u00bbAsociaci\u00f3n N\u00famidas &#8211; XIII Convocatoria del Programa de Mecenazgo de Alumni ULL\u00bb tab_id=\u00bb1772790185615-19d285c3-87f1&#8243;][vc_column_text]La Asociaci\u00f3n N\u00famidas reciba una de las <a href=\"https:\/\/www.ull.es\/portal\/noticias\/2026\/alumni-ull-entrega-las-ayudas-de-la-xiii-edicion-de-su-programa-de-mecenazgo\/\" target=\"_blank\" rel=\"noopener\">ayudas entregadas<\/a> por la Asociaci\u00f3n de Antiguos Alumnos y Amigos de la Universidad de La Laguna (<a href=\"https:\/\/www.alumniull.es\/alumni-ull-entrega-las-ayudas-de-la-xiii-convocatoria-del-programa-de-mecenazgo-2026\/\" target=\"_blank\" rel=\"noopener\">Alumni ULL<\/a>) en la XIII Convocatoria de su programa de Mecenazgo.[\/vc_column_text][\/vc_tta_section][vc_tta_section title=\u00bbGuardianes de Tenerife &#8211; XIII Convocatoria del Programa de Mecenazgo de Alumni ULL\u00bb tab_id=\u00bb1772790289854-eec36ae1-69e7&#8243;][vc_column_text]Guardianes de Tenerife reciba una de las <a href=\"https:\/\/www.ull.es\/portal\/noticias\/2026\/alumni-ull-entrega-las-ayudas-de-la-xiii-edicion-de-su-programa-de-mecenazgo\/\" target=\"_blank\" rel=\"noopener\">ayudas entregadas<\/a> por la Asociaci\u00f3n de Antiguos Alumnos y Amigos de la Universidad de La Laguna (<a href=\"https:\/\/www.alumniull.es\/alumni-ull-entrega-las-ayudas-de-la-xiii-convocatoria-del-programa-de-mecenazgo-2026\/\" target=\"_blank\" rel=\"noopener\">Alumni ULL<\/a>) en la XIII Convocatoria de su programa de Mecenazgo.[\/vc_column_text][\/vc_tta_section][vc_tta_section title=\u00bbCoral Check &#8211; Santander X Award | Proyectos emprendedores universitarios 2025&#8243; tab_id=\u00bb1772799771558-3884fe56-2054&#8243;][vc_column_text]Coral Check ha sido un proyecto premiado en los <a href=\"https:\/\/www.instagram.com\/reel\/DL5Xrptv2b0\/\" target=\"_blank\" rel=\"noopener\">Santander X Award | Proyectos emprendedores universitario 2025.<\/a> Estos premios pretender dar una dotaci\u00f3n econ\u00f3mica de 2.000 \u20ac para que puedan seguir desarrollando sus ideas emprendedoras con impacto.[\/vc_column_text][\/vc_tta_section][\/vc_tta_accordion][vc_empty_space][vc_single_image image=\u00bb1388&#8243; img_size=\u00bb1600&#215;671&#8243; alignment=\u00bbcenter\u00bb][\/vc_column][\/vc_row][vc_row full_width=\u00bbstretch_row\u00bb css=\u00bb.vc_custom_1655281877704{background-color: #e2e2e2 !important;}\u00bb][vc_column][vc_row_inner][vc_column_inner][vc_single_image image=\u00bb1307&#8243; img_size=\u00bbfull\u00bb alignment=\u00bbcenter\u00bb onclick=\u00bbcustom_link\u00bb link=\u00bbhttps:\/\/tenerifejovenyeduca.com\/\u00bb][\/vc_column_inner][\/vc_row_inner][vc_empty_space height=\u00bb20px\u00bb][vc_row_inner][vc_column_inner width=\u00bb1\/2&#8243;][vc_column_text]INGENIA es un programa desarrollado por la Universidad de La Laguna (ULL) y gestionado por su Fundaci\u00f3n General (FGULL), que cuenta con la financiaci\u00f3n del Cabildo Insular de Tenerife, concretamente desde la <a href=\"https:\/\/tenerifejovenyeduca.com\/\" target=\"_blank\" rel=\"noopener\">Consejer\u00eda Insular de Empleo, Educaci\u00f3n y Juventud.<\/a>[\/vc_column_text][\/vc_column_inner][vc_column_inner width=\u00bb1\/2&#8243;][vc_raw_html]JTNDc3R5bGUlM0UlMEElMjAlMjAlNDBpbXBvcnQlMjB1cmwlMjhodHRwcyUzQSUyRiUyRmNkbmpzLmNsb3VkZmxhcmUuY29tJTJGYWpheCUyRmxpYnMlMkZmb250LWF3ZXNvbWUlMkY0LjYuMyUyRmNzcyUyRmZvbnQtYXdlc29tZS5jc3MlMjklM0IlMEElMjAlMjAuc29jaWFsLWljb25zJTIwbGklMjAlN0IlMEElMjAlMjAlMjAlMjB2ZXJ0aWNhbC1hbGlnbiUzQSUyMHRvcCUzQiUwQSUyMCUyMCUyMCUyMGRpc3BsYXklM0ElMjBpbmxpbmUlM0IlMEElMjAlMjAlMjAlMjBmb250LXNpemUlM0ElMjAyLjJlbSUzQiUwQSUyMCUyMCUyMCUyMHBhZGRpbmclM0ElMjAwLjVlbSUzQiUwQSUyMCUyMCU3RCUwQSUzQyUyRnN0eWxlJTNFJTBBJTNDdWwlMjBjbGFzcyUzRCUyMnNvY2lhbC1pY29ucyUyMiUyMHN0eWxlJTNEJTIyZGlzcGxheSUzQSUyMGZsZXglM0IlMEElMjAlMjBqdXN0aWZ5LWNvbnRlbnQlM0ElMjBjZW50ZXIlM0IlMjIlM0UlMEElMjAlMjAlM0NsaSUzRSUzQ2ElMjBocmVmJTNEJTIyaHR0cHMlM0ElMkYlMkZ3d3cuZmFjZWJvb2suY29tJTJGSW5nZW5pYS1PRFMtMTAyMjQ1NjgxNTUwODQ4JTJGJTIyJTIwY2xhc3MlM0QlMjJzb2NpYWwtaWNvbiUyMiUyMHN0eWxlJTNEJTIyY29sb3IlM0ElMjAlMjM1YzA2OGMlM0IlMjIlM0UlMjAlM0NpJTIwY2xhc3MlM0QlMjJmYSUyMGZhLWZhY2Vib29rJTIyJTNFJTNDJTJGaSUzRSUzQyUyRmElM0UlM0MlMkZsaSUzRSUwQSUyMCUyMCUzQ2xpJTNFJTNDYSUyMGhyZWYlM0QlMjJodHRwcyUzQSUyRiUyRnd3dy5pbnN0YWdyYW0uY29tJTJGaW5nZW5pYW9kcyUyRiUyMiUyMGNsYXNzJTNEJTIyc29jaWFsLWljb24lMjIlMjBzdHlsZSUzRCUyMmNvbG9yJTNBJTIwJTIzNWMwNjhjJTNCJTIyJTNFJTIwJTNDaSUyMGNsYXNzJTNEJTIyZmElMjBmYS1pbnN0YWdyYW0lMjIlM0UlM0MlMkZpJTNFJTNDJTJGYSUzRSUwQSUzQ2xpJTNFJTNDYSUyMGhyZWYlM0QlMjJtYWlsdG8lM0FpbmdlbmlhJTQwdWxsLmVkdS5lcyUyMiUyMGNsYXNzJTNEJTIyc29jaWFsLWljb24lMjIlMjBzdHlsZSUzRCUyMmNvbG9yJTNBJTIwJTIzNWMwNjhjJTNCJTIyJTNFJTIwJTNDaSUyMGNsYXNzJTNEJTIyZmElMjBmYS1lbnZlbG9wZS1vJTIyJTNFJTNDJTJGaSUzRSUzQyUyRmElM0UlM0MlMkZsaSUzRSUwQSUzQ2xpJTNFJTNDYSUyMGhyZWYlM0QlMjJ0ZWwlM0E2NDkyMjY2MzYlMjIlMjBjbGFzcyUzRCUyMnNvY2lhbC1pY29uJTIyJTIwc3R5bGUlM0QlMjJjb2xvciUzQSUyMCUyMzVjMDY4YyUzQiUyMiUzRSUyMCUzQ2klMjBjbGFzcyUzRCUyMmZhJTIwZmEtcGhvbmUlMjIlM0UlM0MlMkZpJTNFJTNDJTJGYSUzRSUzQyUyRmxpJTNFJTBBJTBBJTNDJTJGdWwlM0U=[\/vc_raw_html][vc_column_text]\n<p style=\"text-align: center\">ingenia@ull.edu.es | dramosn@fg.ull.es<\/p>\n[\/vc_column_text][\/vc_column_inner][\/vc_row_inner][vc_empty_space height=\u00bb20px\u00bb][\/vc_column][\/vc_row]\n","protected":false},"excerpt":{"rendered":"<p>[vc_row][vc_column offset=\u00bbvc_hidden-sm vc_hidden-xs\u00bb][vc_empty_space][\/vc_column][\/vc_row][vc_row full_width=\u00bbstretch_row_content\u00bb content_placement=\u00bbmiddle\u00bb css=\u00bb.vc_custom_1718702328764{background-image: url(https:\/\/www.ull.es\/portal\/ingenia\/wp-content\/uploads\/sites\/35\/2023\/09\/Header-Ingenia-Generico_Desktop.jpg?id=1162) !important;background-position: center !important;background-repeat: no-repeat !important;background-size: cover !important;}\u00bb][vc_column offset=\u00bbvc_hidden-sm vc_hidden-xs\u00bb][vc_empty_space height=\u00bb200px\u00bb][\/vc_column][\/vc_row][vc_row full_width=\u00bbstretch_row_content_no_spaces\u00bb content_placement=\u00bbmiddle\u00bb][vc_column offset=\u00bbvc_hidden-lg vc_hidden-md\u00bb][vc_single_image image=\u00bb1161&#8243; img_size=\u00bbfull\u00bb alignment=\u00bbcenter\u00bb][vc_empty_space][\/vc_column][\/vc_row][vc_row][vc_column][vc_empty_space][vc_column_text] Premios INGENIA [\/vc_column_text][vc_tta_accordion style=\u00bbmodern\u00bb shape=\u00bbround\u00bb active_section=\u00bb0&#8243; css_animation=\u00bbbounceInUp\u00bb collapsible_all=\u00bbtrue\u00bb][vc_tta_section title=\u00bbPremio Internacional MetaRed S 2024 &#8211; mejor programa categor\u00eda Social\u00bb tab_id=\u00bb1765369116183-c63bdfe6-7078&#8243;][vc_column_text]El programa INGENIA ha sido galardonado con el Premio Internacional MetaRed S 2024,&#8230;<\/p>\n","protected":false},"author":114,"featured_media":0,"parent":0,"menu_order":0,"comment_status":"closed","ping_status":"closed","template":"templates\/template-frontpage.php","meta":{"inline_featured_image":false,"footnotes":""},"acf":[],"yoast_head":"<!-- This site is optimized with the Yoast SEO plugin v21.3 - https:\/\/yoast.com\/wordpress\/plugins\/seo\/ -->\n<title>Premios - ingenia<\/title>\n<meta name=\"robots\" content=\"index, follow, max-snippet:-1, max-image-preview:large, max-video-preview:-1\" \/>\n<link rel=\"canonical\" href=\"https:\/\/www.ull.es\/portal\/ingenia\/premios\/\" \/>\n<meta property=\"og:locale\" content=\"es_ES\" \/>\n<meta property=\"og:type\" content=\"article\" \/>\n<meta property=\"og:title\" content=\"Premios - ingenia\" \/>\n<meta property=\"og:description\" content=\"[vc_row][vc_column offset=\u00bbvc_hidden-sm vc_hidden-xs\u00bb][vc_empty_space][\/vc_column][\/vc_row][vc_row full_width=\u00bbstretch_row_content\u00bb content_placement=\u00bbmiddle\u00bb css=\u00bb.vc_custom_1718702328764{background-image: url(https:\/\/www.ull.es\/portal\/ingenia\/wp-content\/uploads\/sites\/35\/2023\/09\/Header-Ingenia-Generico_Desktop.jpg?id=1162) !important;background-position: center !important;background-repeat: no-repeat !important;background-size: cover !important;}\u00bb][vc_column offset=\u00bbvc_hidden-sm vc_hidden-xs\u00bb][vc_empty_space height=\u00bb200px\u00bb][\/vc_column][\/vc_row][vc_row full_width=\u00bbstretch_row_content_no_spaces\u00bb content_placement=\u00bbmiddle\u00bb][vc_column offset=\u00bbvc_hidden-lg vc_hidden-md\u00bb][vc_single_image image=\u00bb1161&#8243; img_size=\u00bbfull\u00bb alignment=\u00bbcenter\u00bb][vc_empty_space][\/vc_column][\/vc_row][vc_row][vc_column][vc_empty_space][vc_column_text] Premios INGENIA [\/vc_column_text][vc_tta_accordion style=\u00bbmodern\u00bb shape=\u00bbround\u00bb active_section=\u00bb0&#8243; css_animation=\u00bbbounceInUp\u00bb collapsible_all=\u00bbtrue\u00bb][vc_tta_section title=\u00bbPremio Internacional MetaRed S 2024 &#8211; mejor programa categor\u00eda Social\u00bb tab_id=\u00bb1765369116183-c63bdfe6-7078&#8243;][vc_column_text]El programa INGENIA ha sido galardonado con el Premio Internacional MetaRed S 2024,...\" \/>\n<meta property=\"og:url\" content=\"https:\/\/www.ull.es\/portal\/ingenia\/premios\/\" \/>\n<meta property=\"og:site_name\" content=\"ingenia\" \/>\n<meta property=\"article:modified_time\" content=\"2026-03-06T13:05:14+00:00\" \/>\n<meta name=\"twitter:card\" content=\"summary_large_image\" \/>\n<meta name=\"twitter:label1\" content=\"Tiempo de lectura\" \/>\n\t<meta name=\"twitter:data1\" content=\"3 minutos\" \/>\n<script type=\"application\/ld+json\" class=\"yoast-schema-graph\">{\"@context\":\"https:\/\/schema.org\",\"@graph\":[{\"@type\":\"WebPage\",\"@id\":\"https:\/\/www.ull.es\/portal\/ingenia\/premios\/\",\"url\":\"https:\/\/www.ull.es\/portal\/ingenia\/premios\/\",\"name\":\"Premios - ingenia\",\"isPartOf\":{\"@id\":\"https:\/\/www.ull.es\/portal\/ingenia\/#website\"},\"datePublished\":\"2026-03-05T13:02:41+00:00\",\"dateModified\":\"2026-03-06T13:05:14+00:00\",\"inLanguage\":\"es\",\"potentialAction\":[{\"@type\":\"ReadAction\",\"target\":[\"https:\/\/www.ull.es\/portal\/ingenia\/premios\/\"]}]},{\"@type\":\"WebSite\",\"@id\":\"https:\/\/www.ull.es\/portal\/ingenia\/#website\",\"url\":\"https:\/\/www.ull.es\/portal\/ingenia\/\",\"name\":\"ingenia\",\"description\":\"\",\"potentialAction\":[{\"@type\":\"SearchAction\",\"target\":{\"@type\":\"EntryPoint\",\"urlTemplate\":\"https:\/\/www.ull.es\/portal\/ingenia\/?s={search_term_string}\"},\"query-input\":\"required name=search_term_string\"}],\"inLanguage\":\"es\"}]}<\/script>\n<!-- \/ Yoast SEO plugin. -->","yoast_head_json":{"title":"Premios - ingenia","robots":{"index":"index","follow":"follow","max-snippet":"max-snippet:-1","max-image-preview":"max-image-preview:large","max-video-preview":"max-video-preview:-1"},"canonical":"https:\/\/www.ull.es\/portal\/ingenia\/premios\/","og_locale":"es_ES","og_type":"article","og_title":"Premios - ingenia","og_description":"[vc_row][vc_column offset=\u00bbvc_hidden-sm vc_hidden-xs\u00bb][vc_empty_space][\/vc_column][\/vc_row][vc_row full_width=\u00bbstretch_row_content\u00bb content_placement=\u00bbmiddle\u00bb css=\u00bb.vc_custom_1718702328764{background-image: url(https:\/\/www.ull.es\/portal\/ingenia\/wp-content\/uploads\/sites\/35\/2023\/09\/Header-Ingenia-Generico_Desktop.jpg?id=1162) !important;background-position: center !important;background-repeat: no-repeat !important;background-size: cover !important;}\u00bb][vc_column offset=\u00bbvc_hidden-sm vc_hidden-xs\u00bb][vc_empty_space height=\u00bb200px\u00bb][\/vc_column][\/vc_row][vc_row full_width=\u00bbstretch_row_content_no_spaces\u00bb content_placement=\u00bbmiddle\u00bb][vc_column offset=\u00bbvc_hidden-lg vc_hidden-md\u00bb][vc_single_image image=\u00bb1161&#8243; img_size=\u00bbfull\u00bb alignment=\u00bbcenter\u00bb][vc_empty_space][\/vc_column][\/vc_row][vc_row][vc_column][vc_empty_space][vc_column_text] Premios INGENIA [\/vc_column_text][vc_tta_accordion style=\u00bbmodern\u00bb shape=\u00bbround\u00bb active_section=\u00bb0&#8243; css_animation=\u00bbbounceInUp\u00bb collapsible_all=\u00bbtrue\u00bb][vc_tta_section title=\u00bbPremio Internacional MetaRed S 2024 &#8211; mejor programa categor\u00eda Social\u00bb tab_id=\u00bb1765369116183-c63bdfe6-7078&#8243;][vc_column_text]El programa INGENIA ha sido galardonado con el Premio Internacional MetaRed S 2024,...","og_url":"https:\/\/www.ull.es\/portal\/ingenia\/premios\/","og_site_name":"ingenia","article_modified_time":"2026-03-06T13:05:14+00:00","twitter_card":"summary_large_image","twitter_misc":{"Tiempo de lectura":"3 minutos"},"schema":{"@context":"https:\/\/schema.org","@graph":[{"@type":"WebPage","@id":"https:\/\/www.ull.es\/portal\/ingenia\/premios\/","url":"https:\/\/www.ull.es\/portal\/ingenia\/premios\/","name":"Premios - ingenia","isPartOf":{"@id":"https:\/\/www.ull.es\/portal\/ingenia\/#website"},"datePublished":"2026-03-05T13:02:41+00:00","dateModified":"2026-03-06T13:05:14+00:00","inLanguage":"es","potentialAction":[{"@type":"ReadAction","target":["https:\/\/www.ull.es\/portal\/ingenia\/premios\/"]}]},{"@type":"WebSite","@id":"https:\/\/www.ull.es\/portal\/ingenia\/#website","url":"https:\/\/www.ull.es\/portal\/ingenia\/","name":"ingenia","description":"","potentialAction":[{"@type":"SearchAction","target":{"@type":"EntryPoint","urlTemplate":"https:\/\/www.ull.es\/portal\/ingenia\/?s={search_term_string}"},"query-input":"required name=search_term_string"}],"inLanguage":"es"}]}},"_links":{"self":[{"href":"https:\/\/www.ull.es\/portal\/ingenia\/wp-json\/wp\/v2\/pages\/1384"}],"collection":[{"href":"https:\/\/www.ull.es\/portal\/ingenia\/wp-json\/wp\/v2\/pages"}],"about":[{"href":"https:\/\/www.ull.es\/portal\/ingenia\/wp-json\/wp\/v2\/types\/page"}],"author":[{"embeddable":true,"href":"https:\/\/www.ull.es\/portal\/ingenia\/wp-json\/wp\/v2\/users\/114"}],"replies":[{"embeddable":true,"href":"https:\/\/www.ull.es\/portal\/ingenia\/wp-json\/wp\/v2\/comments?post=1384"}],"version-history":[{"count":8,"href":"https:\/\/www.ull.es\/portal\/ingenia\/wp-json\/wp\/v2\/pages\/1384\/revisions"}],"predecessor-version":[{"id":1394,"href":"https:\/\/www.ull.es\/portal\/ingenia\/wp-json\/wp\/v2\/pages\/1384\/revisions\/1394"}],"wp:attachment":[{"href":"https:\/\/www.ull.es\/portal\/ingenia\/wp-json\/wp\/v2\/media?parent=1384"}],"curies":[{"name":"wp","href":"https:\/\/api.w.org\/{rel}","templated":true}]}}