{"id":297,"date":"2020-09-22T12:23:29","date_gmt":"2020-09-22T12:23:29","guid":{"rendered":"https:\/\/www.ull.es\/portal\/ingenia\/?page_id=297"},"modified":"2023-09-25T14:17:25","modified_gmt":"2023-09-25T14:17:25","slug":"national-plastographic","status":"publish","type":"page","link":"https:\/\/www.ull.es\/portal\/ingenia\/national-plastographic\/","title":{"rendered":"National Plastographic"},"content":{"rendered":"[vc_row full_width=\u00bbstretch_row_content\u00bb][vc_column][vc_column_text]\n<h2 style=\"font-family: ArgentumSans;font-weight: bold;font-size: 36px;text-align: center;color: #5c068c\">National Plastographic<\/h2>\n[\/vc_column_text][vc_single_image image=\u00bb193&#8243; img_size=\u00bbmedium\u00bb alignment=\u00bbcenter\u00bb][vc_empty_space height=\u00bb42px\u00bb][\/vc_column][\/vc_row][vc_row full_width=\u00bbstretch_row_content\u00bb][vc_column width=\u00bb1\/2&#8243;][vc_video link=\u00bbhttps:\/\/www.youtube.com\/watch?v=ltcz7zesEoE\u00bb align=\u00bbcenter\u00bb css=\u00bb.vc_custom_1600777470187{padding-right: 20px !important;padding-left: 20px !important;}\u00bb][vc_row_inner css=\u00bb.vc_custom_1600864364938{padding-right: 20px !important;padding-left: 20px !important;}\u00bb][vc_column_inner width=\u00bb1\/2&#8243;][vc_btn title=\u00bbDescargar Dossier\u00bb style=\u00bbcustom\u00bb custom_background=\u00bb#5c068c\u00bb custom_text=\u00bb#ffffff\u00bb align=\u00bbcenter\u00bb button_block=\u00bbtrue\u00bb link=\u00bburl:https%3A%2F%2Fwww.ull.es%2Fportal%2Fingenia%2Fwp-content%2Fuploads%2Fsites%2F35%2F2020%2F09%2FNational-Plastographic_INGENIA.pdf|target:_blank\u00bb][\/vc_column_inner][vc_column_inner width=\u00bb1\/2&#8243;][vc_btn title=\u00bb\u00bfC\u00f3mo puedo colaborar?\u00bb style=\u00bbcustom\u00bb custom_background=\u00bb#5c068c\u00bb custom_text=\u00bb#ffffff\u00bb align=\u00bbcenter\u00bb button_block=\u00bbtrue\u00bb link=\u00bburl:https%3A%2F%2Fdocs.google.com%2Fforms%2Fd%2Fe%2F1FAIpQLSeVxzTsGSbnPxJ2tJ2cpqTNEpqguPt30mzUJtgBEkiiBEUQXw%2Fviewform|target:_blank\u00bb][\/vc_column_inner][\/vc_row_inner][\/vc_column][vc_column width=\u00bb1\/2&#8243;][vc_column_text]\n<ul>\n<li style=\"padding: 0px 50px 0px 0px\"><strong>Proyecto:<\/strong> National Plastographic<\/li>\n<li><strong>Dotaci\u00f3n:<\/strong> 1.300\u20ac<\/li>\n<li><strong>Equipo Promotor:<\/strong> Daniel Francisco Alem\u00e1n Escuela y Alejandra M\u00e9ndez Gonz\u00e1lez<\/li>\n<li><strong>Centro educativo:<\/strong> Universidad de La Laguna<\/li>\n<li><strong>Redes Sociales:<\/strong>\n<ul>\n<li>Instagram: <a href=\"https:\/\/www.instagram.com\/nplastographic\/\" target=\"_blank\" rel=\"noopener noreferrer\" target=\"_blank\" rel=\"noopener\">@nplastographic<\/a><\/li>\n<li>Twitter: <a href=\"https:\/\/twitter.com\/nplastographic\" target=\"_blank\" rel=\"noopener noreferrer\" target=\"_blank\" rel=\"noopener\">@nplastographic<\/a><\/li>\n<\/ul>\n<\/li>\n<\/ul>\n<p><img decoding=\"async\" loading=\"lazy\" class=\"alignnone wp-image-302 size-full\" src=\"https:\/\/www.ull.es\/portal\/ingenia\/wp-content\/uploads\/sites\/35\/2020\/09\/New-Project-1-1.jpg\" alt=\"\" width=\"150\" height=\"75\" \/>[\/vc_column_text][\/vc_column][\/vc_row][vc_row full_width=\u00bbstretch_row_content\u00bb][vc_column][vc_empty_space height=\u00bb42px\u00bb][vc_column_text]\n<h3 style=\"font-family: ArgentumSans;font-weight: bold;font-size: 26px;text-align: center;color: #5c068c\">DESCRIPCI\u00d3N DEL PROYECTO<\/h3>\n<p style=\"text-align: center;font-size: 16px;font-family: ArgentumSans;padding: 10px 35px 10px 35px\">National Plastografic es un proyecto que busca mantener los oc\u00e9anos limpios de pl\u00e1stico. Oc\u00e9anos limpios para equilibrar y mantener la vida y las especies. Oc\u00e9anos limpios para ba\u00f1ar nuestros sue\u00f1os. Oc\u00e9anos limpios para curar nuestras enfermedades. Oc\u00e9anos limpios y conciencias limpias siendo agua. Siempre agua.<br \/>\nConcienciamos a los\/as m\u00e1s j\u00f3venes sobre sus h\u00e1bitos y en c\u00f3mo pueden ayudar al mantenimiento de los ecosistemas marinos. Adem\u00e1s, hemos creado un prototipo de balizamiento mar\u00edtimo para la limpieza del agua.<br \/>\n\u00a1Ay\u00fadanos a que las mareas traigan sue\u00f1os limpios!<\/p>\n[\/vc_column_text][vc_empty_space height=\u00bb42px\u00bb][\/vc_column][\/vc_row][vc_row full_width=\u00bbstretch_row_content\u00bb][vc_column width=\u00bb1\/2&#8243;][vc_column_text]\n<p style=\"text-align: center;font-size: 16px;font-family: ArgentumSans;color: #5c068c\">MENTOR<br \/>\n<span style=\"text-align: center;font-size: 21px;font-family: ArgentumSans;color: #3d3d3d\"><strong>Jos\u00e9 Carlos Bonilla<\/strong><\/span><\/p>\n[\/vc_column_text][vc_single_image image=\u00bb209&#8243; alignment=\u00bbcenter\u00bb style=\u00bbvc_box_circle_2&#8243;][vc_column_text]\n<p style=\"text-align: center;font-size: 12px;font-family: ArgentumSans;padding: 10px 50px 10px 50px\">Enfermero con 25 a\u00f1os de experiencia en Cuidados Intensivos, los \u00faltimos 13 a\u00f1os como Supervisor de dicha unidad. M\u00e1ster en Bio\u00e9tica y en Gesti\u00f3n Sanitaria. Experto en Curas y en Gesti\u00f3n. Profesor en la Escuela Universitaria de Enfermer\u00eda del Hospital Nuestra Se\u00f1ora de Candelaria de Bio\u00e9tica, Cl\u00ednica II y Cl\u00ednica Avanzada I: Cr\u00edticos. Triatleta amateur, escritor de mis cosas (con varios premios de relatos y autor del cuento infantil: Uno) y lector voraz. Rastreador de sue\u00f1os. Competitividad high.<\/p>\n[\/vc_column_text][\/vc_column][vc_column width=\u00bb1\/2&#8243;][vc_column_text]\n<p style=\"text-align: center;font-size: 16px;font-family: ArgentumSans;color: #5c068c\">FACILITADORA<br \/>\n<span style=\"text-align: center;font-size: 21px;font-family: ArgentumSans;color: #3d3d3d\"><strong>Arianna Fanio Gonz\u00e1lez<\/strong><\/span><\/p>\n[\/vc_column_text][vc_single_image image=\u00bb212&#8243; alignment=\u00bbcenter\u00bb style=\u00bbvc_box_circle_2&#8243;][vc_column_text]\n<p style=\"text-align: center;font-size: 12px;font-family: ArgentumSans;padding: 10px 50px 10px 50px\">Amante de observar el mundo de otra manera. Es graduada en dise\u00f1o y se caracteriza por un perfil multidisciplinar, por lo que la encontrar\u00e1s involucrada en toda clase de proyectos o cursos. Tras formar parte en la ONG Aldeas Infantiles SOS Canarias, comienza a enfocarse en la investigaci\u00f3n. Actualmente es doctoranda en Arte y Humanidades en la ULL, donde estudia c\u00f3mo potenciar la relaci\u00f3n entre el dise\u00f1o social y los laboratorios de dise\u00f1o y fabricaci\u00f3n digital.<\/p>\n[\/vc_column_text][\/vc_column][\/vc_row][vc_row][vc_column][vc_column_text]\n[\/vc_column_text][\/vc_column][\/vc_row][vc_row][vc_column][vc_column_text]\n[\/vc_column_text][\/vc_column][\/vc_row]\n","protected":false},"excerpt":{"rendered":"<p>[vc_row full_width=\u00bbstretch_row_content\u00bb][vc_column][vc_column_text] National Plastographic [\/vc_column_text][vc_single_image image=\u00bb193&#8243; img_size=\u00bbmedium\u00bb alignment=\u00bbcenter\u00bb][vc_empty_space height=\u00bb42px\u00bb][\/vc_column][\/vc_row][vc_row full_width=\u00bbstretch_row_content\u00bb][vc_column width=\u00bb1\/2&#8243;][vc_video link=\u00bbhttps:\/\/www.youtube.com\/watch?v=ltcz7zesEoE\u00bb align=\u00bbcenter\u00bb css=\u00bb.vc_custom_1600777470187{padding-right: 20px !important;padding-left: 20px !important;}\u00bb][vc_row_inner css=\u00bb.vc_custom_1600864364938{padding-right: 20px !important;padding-left: 20px !important;}\u00bb][vc_column_inner width=\u00bb1\/2&#8243;][vc_btn title=\u00bbDescargar Dossier\u00bb style=\u00bbcustom\u00bb custom_background=\u00bb#5c068c\u00bb custom_text=\u00bb#ffffff\u00bb align=\u00bbcenter\u00bb button_block=\u00bbtrue\u00bb link=\u00bburl:https%3A%2F%2Fwww.ull.es%2Fportal%2Fingenia%2Fwp-content%2Fuploads%2Fsites%2F35%2F2020%2F09%2FNational-Plastographic_INGENIA.pdf|target:_blank\u00bb][\/vc_column_inner][vc_column_inner width=\u00bb1\/2&#8243;][vc_btn title=\u00bb\u00bfC\u00f3mo puedo colaborar?\u00bb style=\u00bbcustom\u00bb custom_background=\u00bb#5c068c\u00bb custom_text=\u00bb#ffffff\u00bb align=\u00bbcenter\u00bb button_block=\u00bbtrue\u00bb link=\u00bburl:https%3A%2F%2Fdocs.google.com%2Fforms%2Fd%2Fe%2F1FAIpQLSeVxzTsGSbnPxJ2tJ2cpqTNEpqguPt30mzUJtgBEkiiBEUQXw%2Fviewform|target:_blank\u00bb][\/vc_column_inner][\/vc_row_inner][\/vc_column][vc_column width=\u00bb1\/2&#8243;][vc_column_text] Proyecto: National Plastographic Dotaci\u00f3n: 1.300\u20ac Equipo Promotor: Daniel Francisco Alem\u00e1n Escuela y&#8230;<\/p>\n","protected":false},"author":71,"featured_media":0,"parent":0,"menu_order":0,"comment_status":"closed","ping_status":"closed","template":"templates\/template-frontpage.php","meta":{"inline_featured_image":false,"footnotes":""},"acf":[],"yoast_head":"<!-- This site is optimized with the Yoast SEO plugin v21.3 - https:\/\/yoast.com\/wordpress\/plugins\/seo\/ -->\n<title>National Plastographic - ingenia<\/title>\n<meta name=\"robots\" content=\"index, follow, max-snippet:-1, max-image-preview:large, max-video-preview:-1\" \/>\n<link rel=\"canonical\" href=\"https:\/\/www.ull.es\/portal\/ingenia\/national-plastographic\/\" \/>\n<meta property=\"og:locale\" content=\"es_ES\" \/>\n<meta property=\"og:type\" content=\"article\" \/>\n<meta property=\"og:title\" content=\"National Plastographic - ingenia\" \/>\n<meta property=\"og:description\" content=\"[vc_row full_width=\u00bbstretch_row_content\u00bb][vc_column][vc_column_text] National Plastographic [\/vc_column_text][vc_single_image image=\u00bb193&#8243; img_size=\u00bbmedium\u00bb alignment=\u00bbcenter\u00bb][vc_empty_space height=\u00bb42px\u00bb][\/vc_column][\/vc_row][vc_row full_width=\u00bbstretch_row_content\u00bb][vc_column width=\u00bb1\/2&#8243;][vc_video link=\u00bbhttps:\/\/www.youtube.com\/watch?v=ltcz7zesEoE\u00bb align=\u00bbcenter\u00bb css=\u00bb.vc_custom_1600777470187{padding-right: 20px !important;padding-left: 20px !important;}\u00bb][vc_row_inner css=\u00bb.vc_custom_1600864364938{padding-right: 20px !important;padding-left: 20px !important;}\u00bb][vc_column_inner width=\u00bb1\/2&#8243;][vc_btn title=\u00bbDescargar Dossier\u00bb style=\u00bbcustom\u00bb custom_background=\u00bb#5c068c\u00bb custom_text=\u00bb#ffffff\u00bb align=\u00bbcenter\u00bb button_block=\u00bbtrue\u00bb link=\u00bburl:https%3A%2F%2Fwww.ull.es%2Fportal%2Fingenia%2Fwp-content%2Fuploads%2Fsites%2F35%2F2020%2F09%2FNational-Plastographic_INGENIA.pdf|target:_blank\u00bb][\/vc_column_inner][vc_column_inner width=\u00bb1\/2&#8243;][vc_btn title=\u00bb\u00bfC\u00f3mo puedo colaborar?\u00bb style=\u00bbcustom\u00bb custom_background=\u00bb#5c068c\u00bb custom_text=\u00bb#ffffff\u00bb align=\u00bbcenter\u00bb button_block=\u00bbtrue\u00bb link=\u00bburl:https%3A%2F%2Fdocs.google.com%2Fforms%2Fd%2Fe%2F1FAIpQLSeVxzTsGSbnPxJ2tJ2cpqTNEpqguPt30mzUJtgBEkiiBEUQXw%2Fviewform|target:_blank\u00bb][\/vc_column_inner][\/vc_row_inner][\/vc_column][vc_column width=\u00bb1\/2&#8243;][vc_column_text] Proyecto: National Plastographic Dotaci\u00f3n: 1.300\u20ac Equipo Promotor: Daniel Francisco Alem\u00e1n Escuela y...\" \/>\n<meta property=\"og:url\" content=\"https:\/\/www.ull.es\/portal\/ingenia\/national-plastographic\/\" \/>\n<meta property=\"og:site_name\" content=\"ingenia\" \/>\n<meta property=\"article:modified_time\" content=\"2023-09-25T14:17:25+00:00\" \/>\n<meta property=\"og:image\" content=\"https:\/\/www.ull.es\/portal\/ingenia\/wp-content\/uploads\/sites\/35\/2020\/09\/New-Project-1-1.jpg\" \/>\n<meta name=\"twitter:card\" content=\"summary_large_image\" \/>\n<meta name=\"twitter:label1\" content=\"Tiempo de lectura\" \/>\n\t<meta name=\"twitter:data1\" content=\"3 minutos\" \/>\n<script type=\"application\/ld+json\" class=\"yoast-schema-graph\">{\"@context\":\"https:\/\/schema.org\",\"@graph\":[{\"@type\":\"WebPage\",\"@id\":\"https:\/\/www.ull.es\/portal\/ingenia\/national-plastographic\/\",\"url\":\"https:\/\/www.ull.es\/portal\/ingenia\/national-plastographic\/\",\"name\":\"National Plastographic - ingenia\",\"isPartOf\":{\"@id\":\"https:\/\/www.ull.es\/portal\/ingenia\/#website\"},\"datePublished\":\"2020-09-22T12:23:29+00:00\",\"dateModified\":\"2023-09-25T14:17:25+00:00\",\"inLanguage\":\"es\",\"potentialAction\":[{\"@type\":\"ReadAction\",\"target\":[\"https:\/\/www.ull.es\/portal\/ingenia\/national-plastographic\/\"]}]},{\"@type\":\"WebSite\",\"@id\":\"https:\/\/www.ull.es\/portal\/ingenia\/#website\",\"url\":\"https:\/\/www.ull.es\/portal\/ingenia\/\",\"name\":\"ingenia\",\"description\":\"\",\"potentialAction\":[{\"@type\":\"SearchAction\",\"target\":{\"@type\":\"EntryPoint\",\"urlTemplate\":\"https:\/\/www.ull.es\/portal\/ingenia\/?s={search_term_string}\"},\"query-input\":\"required name=search_term_string\"}],\"inLanguage\":\"es\"}]}<\/script>\n<!-- \/ Yoast SEO plugin. -->","yoast_head_json":{"title":"National Plastographic - ingenia","robots":{"index":"index","follow":"follow","max-snippet":"max-snippet:-1","max-image-preview":"max-image-preview:large","max-video-preview":"max-video-preview:-1"},"canonical":"https:\/\/www.ull.es\/portal\/ingenia\/national-plastographic\/","og_locale":"es_ES","og_type":"article","og_title":"National Plastographic - ingenia","og_description":"[vc_row full_width=\u00bbstretch_row_content\u00bb][vc_column][vc_column_text] National Plastographic [\/vc_column_text][vc_single_image image=\u00bb193&#8243; img_size=\u00bbmedium\u00bb alignment=\u00bbcenter\u00bb][vc_empty_space height=\u00bb42px\u00bb][\/vc_column][\/vc_row][vc_row full_width=\u00bbstretch_row_content\u00bb][vc_column width=\u00bb1\/2&#8243;][vc_video link=\u00bbhttps:\/\/www.youtube.com\/watch?v=ltcz7zesEoE\u00bb align=\u00bbcenter\u00bb css=\u00bb.vc_custom_1600777470187{padding-right: 20px !important;padding-left: 20px !important;}\u00bb][vc_row_inner css=\u00bb.vc_custom_1600864364938{padding-right: 20px !important;padding-left: 20px !important;}\u00bb][vc_column_inner width=\u00bb1\/2&#8243;][vc_btn title=\u00bbDescargar Dossier\u00bb style=\u00bbcustom\u00bb custom_background=\u00bb#5c068c\u00bb custom_text=\u00bb#ffffff\u00bb align=\u00bbcenter\u00bb button_block=\u00bbtrue\u00bb link=\u00bburl:https%3A%2F%2Fwww.ull.es%2Fportal%2Fingenia%2Fwp-content%2Fuploads%2Fsites%2F35%2F2020%2F09%2FNational-Plastographic_INGENIA.pdf|target:_blank\u00bb][\/vc_column_inner][vc_column_inner width=\u00bb1\/2&#8243;][vc_btn title=\u00bb\u00bfC\u00f3mo puedo colaborar?\u00bb style=\u00bbcustom\u00bb custom_background=\u00bb#5c068c\u00bb custom_text=\u00bb#ffffff\u00bb align=\u00bbcenter\u00bb button_block=\u00bbtrue\u00bb link=\u00bburl:https%3A%2F%2Fdocs.google.com%2Fforms%2Fd%2Fe%2F1FAIpQLSeVxzTsGSbnPxJ2tJ2cpqTNEpqguPt30mzUJtgBEkiiBEUQXw%2Fviewform|target:_blank\u00bb][\/vc_column_inner][\/vc_row_inner][\/vc_column][vc_column width=\u00bb1\/2&#8243;][vc_column_text] Proyecto: National Plastographic Dotaci\u00f3n: 1.300\u20ac Equipo Promotor: Daniel Francisco Alem\u00e1n Escuela y...","og_url":"https:\/\/www.ull.es\/portal\/ingenia\/national-plastographic\/","og_site_name":"ingenia","article_modified_time":"2023-09-25T14:17:25+00:00","og_image":[{"url":"https:\/\/www.ull.es\/portal\/ingenia\/wp-content\/uploads\/sites\/35\/2020\/09\/New-Project-1-1.jpg"}],"twitter_card":"summary_large_image","twitter_misc":{"Tiempo de lectura":"3 minutos"},"schema":{"@context":"https:\/\/schema.org","@graph":[{"@type":"WebPage","@id":"https:\/\/www.ull.es\/portal\/ingenia\/national-plastographic\/","url":"https:\/\/www.ull.es\/portal\/ingenia\/national-plastographic\/","name":"National Plastographic - ingenia","isPartOf":{"@id":"https:\/\/www.ull.es\/portal\/ingenia\/#website"},"datePublished":"2020-09-22T12:23:29+00:00","dateModified":"2023-09-25T14:17:25+00:00","inLanguage":"es","potentialAction":[{"@type":"ReadAction","target":["https:\/\/www.ull.es\/portal\/ingenia\/national-plastographic\/"]}]},{"@type":"WebSite","@id":"https:\/\/www.ull.es\/portal\/ingenia\/#website","url":"https:\/\/www.ull.es\/portal\/ingenia\/","name":"ingenia","description":"","potentialAction":[{"@type":"SearchAction","target":{"@type":"EntryPoint","urlTemplate":"https:\/\/www.ull.es\/portal\/ingenia\/?s={search_term_string}"},"query-input":"required name=search_term_string"}],"inLanguage":"es"}]}},"_links":{"self":[{"href":"https:\/\/www.ull.es\/portal\/ingenia\/wp-json\/wp\/v2\/pages\/297"}],"collection":[{"href":"https:\/\/www.ull.es\/portal\/ingenia\/wp-json\/wp\/v2\/pages"}],"about":[{"href":"https:\/\/www.ull.es\/portal\/ingenia\/wp-json\/wp\/v2\/types\/page"}],"author":[{"embeddable":true,"href":"https:\/\/www.ull.es\/portal\/ingenia\/wp-json\/wp\/v2\/users\/71"}],"replies":[{"embeddable":true,"href":"https:\/\/www.ull.es\/portal\/ingenia\/wp-json\/wp\/v2\/comments?post=297"}],"version-history":[{"count":10,"href":"https:\/\/www.ull.es\/portal\/ingenia\/wp-json\/wp\/v2\/pages\/297\/revisions"}],"predecessor-version":[{"id":533,"href":"https:\/\/www.ull.es\/portal\/ingenia\/wp-json\/wp\/v2\/pages\/297\/revisions\/533"}],"wp:attachment":[{"href":"https:\/\/www.ull.es\/portal\/ingenia\/wp-json\/wp\/v2\/media?parent=297"}],"curies":[{"name":"wp","href":"https:\/\/api.w.org\/{rel}","templated":true}]}}