{"id":321,"date":"2020-09-22T13:10:27","date_gmt":"2020-09-22T13:10:27","guid":{"rendered":"https:\/\/www.ull.es\/portal\/ingenia\/?page_id=321"},"modified":"2023-09-25T14:17:24","modified_gmt":"2023-09-25T14:17:24","slug":"linteum-2","status":"publish","type":"page","link":"https:\/\/www.ull.es\/portal\/ingenia\/linteum-2\/","title":{"rendered":"Linteum"},"content":{"rendered":"[vc_row full_width=\u00bbstretch_row_content\u00bb][vc_column][vc_column_text]\n<h2 style=\"font-family: ArgentumSans;font-weight: bold;font-size: 36px;text-align: center;color: #5c068c\">Linteum<\/h2>\n[\/vc_column_text][vc_single_image image=\u00bb192&#8243; img_size=\u00bbmedium\u00bb alignment=\u00bbcenter\u00bb][vc_empty_space height=\u00bb42px\u00bb][\/vc_column][\/vc_row][vc_row full_width=\u00bbstretch_row_content\u00bb][vc_column width=\u00bb1\/2&#8243;][vc_video link=\u00bbhttps:\/\/www.youtube.com\/watch?v=yQljg45lyKM\u00bb align=\u00bbcenter\u00bb css=\u00bb.vc_custom_1600780024536{padding-right: 20px !important;padding-left: 20px !important;}\u00bb][vc_row_inner css=\u00bb.vc_custom_1601459520965{padding-right: 20px !important;padding-left: 20px !important;}\u00bb][vc_column_inner width=\u00bb1\/2&#8243;][vc_btn title=\u00bbDescargar Dossier\u00bb style=\u00bbcustom\u00bb custom_background=\u00bb#5c068c\u00bb custom_text=\u00bb#ffffff\u00bb align=\u00bbcenter\u00bb button_block=\u00bbtrue\u00bb link=\u00bburl:https%3A%2F%2Fwww.ull.es%2Fportal%2Fingenia%2Fwp-content%2Fuploads%2Fsites%2F35%2F2020%2F11%2FLinteum_INGENIA.pdf\u00bb][\/vc_column_inner][vc_column_inner width=\u00bb1\/2&#8243;][vc_btn title=\u00bb\u00bfC\u00f3mo puedo colaborar?\u00bb style=\u00bbcustom\u00bb custom_background=\u00bb#5c068c\u00bb custom_text=\u00bb#ffffff\u00bb align=\u00bbcenter\u00bb button_block=\u00bbtrue\u00bb link=\u00bburl:https%3A%2F%2Fdocs.google.com%2Fforms%2Fd%2Fe%2F1FAIpQLSeVxzTsGSbnPxJ2tJ2cpqTNEpqguPt30mzUJtgBEkiiBEUQXw%2Fviewform\u00bb][\/vc_column_inner][\/vc_row_inner][\/vc_column][vc_column width=\u00bb1\/2&#8243;][vc_column_text]\n<ul>\n<li style=\"padding: 0px 50px 0px 0px\"><strong>Proyecto:<\/strong> <span data-sheets-value=\"{&quot;1&quot;:2,&quot;2&quot;:&quot;Linteum&quot;}\" data-sheets-userformat=\"{&quot;2&quot;:12732,&quot;5&quot;:{&quot;1&quot;:[{&quot;1&quot;:2,&quot;2&quot;:0,&quot;5&quot;:{&quot;1&quot;:2,&quot;2&quot;:0}},{&quot;1&quot;:0,&quot;2&quot;:0,&quot;3&quot;:3},{&quot;1&quot;:1,&quot;2&quot;:0,&quot;4&quot;:1}]},&quot;6&quot;:{&quot;1&quot;:[{&quot;1&quot;:2,&quot;2&quot;:0,&quot;5&quot;:{&quot;1&quot;:2,&quot;2&quot;:0}},{&quot;1&quot;:0,&quot;2&quot;:0,&quot;3&quot;:3},{&quot;1&quot;:1,&quot;2&quot;:0,&quot;4&quot;:1}]},&quot;7&quot;:{&quot;1&quot;:[{&quot;1&quot;:2,&quot;2&quot;:0,&quot;5&quot;:{&quot;1&quot;:2,&quot;2&quot;:0}},{&quot;1&quot;:0,&quot;2&quot;:0,&quot;3&quot;:3},{&quot;1&quot;:1,&quot;2&quot;:0,&quot;4&quot;:1}]},&quot;8&quot;:{&quot;1&quot;:[{&quot;1&quot;:2,&quot;2&quot;:0,&quot;5&quot;:{&quot;1&quot;:2,&quot;2&quot;:0}},{&quot;1&quot;:0,&quot;2&quot;:0,&quot;3&quot;:3},{&quot;1&quot;:1,&quot;2&quot;:0,&quot;4&quot;:1}]},&quot;10&quot;:2,&quot;11&quot;:4,&quot;15&quot;:&quot;Roboto&quot;,&quot;16&quot;:10}\">Linteum<\/span><\/li>\n<li><strong>Dotaci\u00f3n:<\/strong> 1.000\u20ac<\/li>\n<li><strong>Equipo Promotor:<\/strong> Aitor D\u00edaz Garc\u00eda, Isabella Valentina Guedez Escorche, Andrea Carolina Hern\u00e1ndez Rangel, Elizabeth Patricia Hern\u00e1ndez Santos y Vicente Augusto Rodr\u00edguez Pulido<\/li>\n<li><strong>Centro educativo:<\/strong> Universidad de La Laguna<\/li>\n<li><strong>Redes Sociales:<\/strong>\n<ul>\n<li>Instagram: <a href=\"https:\/\/www.instagram.com\/linteumtenerife\/\" target=\"_blank\" rel=\"noopener noreferrer\" target=\"_blank\" rel=\"noopener\">@linteumtenerife<\/a><\/li>\n<li>Facebook: <a href=\"https:\/\/www.facebook.com\/Linteum-Tenerife-106761447750487\/\" target=\"_blank\" rel=\"noopener noreferrer\" target=\"_blank\" rel=\"noopener\">@Linteum Tenerife<\/a><\/li>\n<\/ul>\n<\/li>\n<\/ul>\n<p><img decoding=\"async\" loading=\"lazy\" class=\"alignnone wp-image-322 size-full\" src=\"https:\/\/www.ull.es\/portal\/ingenia\/wp-content\/uploads\/sites\/35\/2020\/09\/New-Project-4.jpg\" alt=\"\" width=\"75\" height=\"75\" srcset=\"https:\/\/www.ull.es\/portal\/ingenia\/wp-content\/uploads\/sites\/35\/2020\/09\/New-Project-4.jpg 75w, https:\/\/www.ull.es\/portal\/ingenia\/wp-content\/uploads\/sites\/35\/2020\/09\/New-Project-4-50x50.jpg 50w\" sizes=\"(max-width: 75px) 100vw, 75px\" \/>[\/vc_column_text][\/vc_column][\/vc_row][vc_row full_width=\u00bbstretch_row_content\u00bb][vc_column][vc_empty_space height=\u00bb42px\u00bb][vc_column_text]\n<h3 style=\"font-family: ArgentumSans;font-weight: bold;font-size: 26px;text-align: center;color: #5c068c\">DESCRIPCI\u00d3N DEL PROYECTO<\/h3>\n<p style=\"text-align: center;font-size: 16px;font-family: ArgentumSans;padding: 10px 35px 10px 35px\">Uno de los principales problemas para la sostenibilidad y la protecci\u00f3n del medio ambiente es la contaminaci\u00f3n que generan muchas de las industrias con las que convivimos en la actualidad. De entre ellas, y al contrario de lo que mucha gente pudiera pensar, la industria de la moda es una de las que m\u00e1s impacto ambiental tiene. La proliferaci\u00f3n del fast fashion, entendido como el fen\u00f3meno por el cual se introducen colecciones de moda fabricadas r\u00e1pidamente y con un coste muy bajo, fomenta comportamientos consumistas. \u00c9sto lo vemos claramente reflejado en el hecho de que en los \u00faltimos 20 a\u00f1os se haya producido un aumento en el consumo de ropa en el planeta del 400%.<br \/>\nCon este proyecto pretendemos plantear a la sociedad que otro modelo en la producci\u00f3n y consumo de ropa es posible. Nuestra idea consiste en generar un medio a trav\u00e9s del cual, aquellas personas que decidan deshacerse de sus prendas, acudan a nosotros en lugar de tirarlas a la basura. A partir de ah\u00ed, nuestra misi\u00f3n es darle una nueva vida a esa ropa, con el fin de afianzar un ciclo sostenible y alargar la vida \u00fatil de esos productos.<br \/>\nCon este proyecto buscamos implicarnos en la conservaci\u00f3n del medio ambiente y la consecuci\u00f3n de los Objetivos de Desarrollo Sostenible, creando una manera diferente de consumir moda para los clientes.<\/p>\n[\/vc_column_text][vc_empty_space height=\u00bb42px\u00bb][\/vc_column][\/vc_row][vc_row full_width=\u00bbstretch_row_content\u00bb][vc_column width=\u00bb1\/2&#8243;][vc_column_text]\n<p style=\"text-align: center;font-size: 16px;font-family: ArgentumSans;color: #5c068c\">MENTORA<br \/>\n<span style=\"text-align: center;font-size: 21px;font-family: ArgentumSans;color: #3d3d3d\"><strong>Carmen In\u00e9s Ruiz de la Rosa<\/strong><\/span><\/p>\n[\/vc_column_text][vc_single_image image=\u00bb509&#8243; alignment=\u00bbcenter\u00bb style=\u00bbvc_box_circle_2&#8243;][vc_column_text]\n<p style=\"text-align: center;font-size: 12px;font-family: ArgentumSans;padding: 10px 50px 10px 50px\">Doctora en Ciencias Econ\u00f3micas y Empresariales por la Universidad de La Laguna y M\u00e1ster en Ciencia, Tecnolog\u00eda y Gesti\u00f3n del Agua por la Universidad de Salamanca. Actualmente es Profesora Contratada Doctora a tiempo completo adscrita al Departamento de Econom\u00eda, Contabilidad y Finanzas en la Universidad de La Laguna. Ha sido directora de la Agencia Universitaria de Empleo de la Fundaci\u00f3n General Universidad de La Laguna desde julio de 2015 a julio del 2019. Desde el 2016 es directora de la C\u00e1tedra Fundaci\u00f3n DISA de J\u00f3venes Emprendedores de la Universidad de La Laguna.<\/p>\n[\/vc_column_text][\/vc_column][vc_column width=\u00bb1\/2&#8243;][vc_column_text]\n<p style=\"text-align: center;font-size: 16px;font-family: ArgentumSans;color: #5c068c\">FACILITADORA<br \/>\n<span style=\"text-align: center;font-size: 21px;font-family: ArgentumSans;color: #3d3d3d\"><strong>Ver\u00f3nica Morales Gonz\u00e1lez<\/strong><\/span><\/p>\n[\/vc_column_text][vc_single_image image=\u00bb210&#8243; alignment=\u00bbcenter\u00bb style=\u00bbvc_box_circle_2&#8243;][vc_column_text]\n<p style=\"text-align: center;font-size: 12px;font-family: ArgentumSans;padding: 10px 50px 10px 50px\">Dise\u00f1adora gr\u00e1fica e ilustradora. Apasionada del color, la creatividad y la expresi\u00f3n y comunicaci\u00f3n a trav\u00e9s del dise\u00f1o. Es graduada en Dise\u00f1o por la Universidad de La Laguna en 2018, y posteriormente ha realizado un m\u00e1ster en Producci\u00f3n Art\u00edstica por la Universidad Polit\u00e9cnica de Valencia. En la actualidad, es doctoranda en la Universidad de La Laguna, donde trata de dar soluciones a problemas medioambientales a trav\u00e9s de la comunicaci\u00f3n creativa.<\/p>\n[\/vc_column_text][\/vc_column][\/vc_row][vc_row][vc_column][vc_column_text]\n[\/vc_column_text][\/vc_column][\/vc_row][vc_row][vc_column][vc_column_text]\n[\/vc_column_text][\/vc_column][\/vc_row]\n","protected":false},"excerpt":{"rendered":"<p>[vc_row full_width=\u00bbstretch_row_content\u00bb][vc_column][vc_column_text] Linteum [\/vc_column_text][vc_single_image image=\u00bb192&#8243; img_size=\u00bbmedium\u00bb alignment=\u00bbcenter\u00bb][vc_empty_space height=\u00bb42px\u00bb][\/vc_column][\/vc_row][vc_row full_width=\u00bbstretch_row_content\u00bb][vc_column width=\u00bb1\/2&#8243;][vc_video link=\u00bbhttps:\/\/www.youtube.com\/watch?v=yQljg45lyKM\u00bb align=\u00bbcenter\u00bb css=\u00bb.vc_custom_1600780024536{padding-right: 20px !important;padding-left: 20px !important;}\u00bb][vc_row_inner css=\u00bb.vc_custom_1601459520965{padding-right: 20px !important;padding-left: 20px !important;}\u00bb][vc_column_inner width=\u00bb1\/2&#8243;][vc_btn title=\u00bbDescargar Dossier\u00bb style=\u00bbcustom\u00bb custom_background=\u00bb#5c068c\u00bb custom_text=\u00bb#ffffff\u00bb align=\u00bbcenter\u00bb button_block=\u00bbtrue\u00bb link=\u00bburl:https%3A%2F%2Fwww.ull.es%2Fportal%2Fingenia%2Fwp-content%2Fuploads%2Fsites%2F35%2F2020%2F11%2FLinteum_INGENIA.pdf\u00bb][\/vc_column_inner][vc_column_inner width=\u00bb1\/2&#8243;][vc_btn title=\u00bb\u00bfC\u00f3mo puedo colaborar?\u00bb style=\u00bbcustom\u00bb custom_background=\u00bb#5c068c\u00bb custom_text=\u00bb#ffffff\u00bb align=\u00bbcenter\u00bb button_block=\u00bbtrue\u00bb link=\u00bburl:https%3A%2F%2Fdocs.google.com%2Fforms%2Fd%2Fe%2F1FAIpQLSeVxzTsGSbnPxJ2tJ2cpqTNEpqguPt30mzUJtgBEkiiBEUQXw%2Fviewform\u00bb][\/vc_column_inner][\/vc_row_inner][\/vc_column][vc_column width=\u00bb1\/2&#8243;][vc_column_text] Proyecto: Linteum Dotaci\u00f3n: 1.000\u20ac Equipo Promotor: Aitor D\u00edaz Garc\u00eda, Isabella Valentina Guedez Escorche,&#8230;<\/p>\n","protected":false},"author":71,"featured_media":0,"parent":0,"menu_order":0,"comment_status":"closed","ping_status":"closed","template":"templates\/template-frontpage.php","meta":{"inline_featured_image":false,"footnotes":""},"acf":[],"yoast_head":"<!-- This site is optimized with the Yoast SEO plugin v21.3 - https:\/\/yoast.com\/wordpress\/plugins\/seo\/ -->\n<title>Linteum - ingenia<\/title>\n<meta name=\"robots\" content=\"index, follow, max-snippet:-1, max-image-preview:large, max-video-preview:-1\" \/>\n<link rel=\"canonical\" href=\"https:\/\/www.ull.es\/portal\/ingenia\/linteum-2\/\" \/>\n<meta property=\"og:locale\" content=\"es_ES\" \/>\n<meta property=\"og:type\" content=\"article\" \/>\n<meta property=\"og:title\" content=\"Linteum - ingenia\" \/>\n<meta property=\"og:description\" content=\"[vc_row full_width=\u00bbstretch_row_content\u00bb][vc_column][vc_column_text] Linteum [\/vc_column_text][vc_single_image image=\u00bb192&#8243; img_size=\u00bbmedium\u00bb alignment=\u00bbcenter\u00bb][vc_empty_space height=\u00bb42px\u00bb][\/vc_column][\/vc_row][vc_row full_width=\u00bbstretch_row_content\u00bb][vc_column width=\u00bb1\/2&#8243;][vc_video link=\u00bbhttps:\/\/www.youtube.com\/watch?v=yQljg45lyKM\u00bb align=\u00bbcenter\u00bb css=\u00bb.vc_custom_1600780024536{padding-right: 20px !important;padding-left: 20px !important;}\u00bb][vc_row_inner css=\u00bb.vc_custom_1601459520965{padding-right: 20px !important;padding-left: 20px !important;}\u00bb][vc_column_inner width=\u00bb1\/2&#8243;][vc_btn title=\u00bbDescargar Dossier\u00bb style=\u00bbcustom\u00bb custom_background=\u00bb#5c068c\u00bb custom_text=\u00bb#ffffff\u00bb align=\u00bbcenter\u00bb button_block=\u00bbtrue\u00bb link=\u00bburl:https%3A%2F%2Fwww.ull.es%2Fportal%2Fingenia%2Fwp-content%2Fuploads%2Fsites%2F35%2F2020%2F11%2FLinteum_INGENIA.pdf\u00bb][\/vc_column_inner][vc_column_inner width=\u00bb1\/2&#8243;][vc_btn title=\u00bb\u00bfC\u00f3mo puedo colaborar?\u00bb style=\u00bbcustom\u00bb custom_background=\u00bb#5c068c\u00bb custom_text=\u00bb#ffffff\u00bb align=\u00bbcenter\u00bb button_block=\u00bbtrue\u00bb link=\u00bburl:https%3A%2F%2Fdocs.google.com%2Fforms%2Fd%2Fe%2F1FAIpQLSeVxzTsGSbnPxJ2tJ2cpqTNEpqguPt30mzUJtgBEkiiBEUQXw%2Fviewform\u00bb][\/vc_column_inner][\/vc_row_inner][\/vc_column][vc_column width=\u00bb1\/2&#8243;][vc_column_text] Proyecto: Linteum Dotaci\u00f3n: 1.000\u20ac Equipo Promotor: Aitor D\u00edaz Garc\u00eda, Isabella Valentina Guedez Escorche,...\" \/>\n<meta property=\"og:url\" content=\"https:\/\/www.ull.es\/portal\/ingenia\/linteum-2\/\" \/>\n<meta property=\"og:site_name\" content=\"ingenia\" \/>\n<meta property=\"article:modified_time\" content=\"2023-09-25T14:17:24+00:00\" \/>\n<meta property=\"og:image\" content=\"https:\/\/www.ull.es\/portal\/ingenia\/wp-content\/uploads\/sites\/35\/2020\/09\/New-Project-4.jpg\" \/>\n<meta name=\"twitter:card\" content=\"summary_large_image\" \/>\n<meta name=\"twitter:label1\" content=\"Tiempo de lectura\" \/>\n\t<meta name=\"twitter:data1\" content=\"4 minutos\" \/>\n<script type=\"application\/ld+json\" class=\"yoast-schema-graph\">{\"@context\":\"https:\/\/schema.org\",\"@graph\":[{\"@type\":\"WebPage\",\"@id\":\"https:\/\/www.ull.es\/portal\/ingenia\/linteum-2\/\",\"url\":\"https:\/\/www.ull.es\/portal\/ingenia\/linteum-2\/\",\"name\":\"Linteum - ingenia\",\"isPartOf\":{\"@id\":\"https:\/\/www.ull.es\/portal\/ingenia\/#website\"},\"datePublished\":\"2020-09-22T13:10:27+00:00\",\"dateModified\":\"2023-09-25T14:17:24+00:00\",\"inLanguage\":\"es\",\"potentialAction\":[{\"@type\":\"ReadAction\",\"target\":[\"https:\/\/www.ull.es\/portal\/ingenia\/linteum-2\/\"]}]},{\"@type\":\"WebSite\",\"@id\":\"https:\/\/www.ull.es\/portal\/ingenia\/#website\",\"url\":\"https:\/\/www.ull.es\/portal\/ingenia\/\",\"name\":\"ingenia\",\"description\":\"\",\"potentialAction\":[{\"@type\":\"SearchAction\",\"target\":{\"@type\":\"EntryPoint\",\"urlTemplate\":\"https:\/\/www.ull.es\/portal\/ingenia\/?s={search_term_string}\"},\"query-input\":\"required name=search_term_string\"}],\"inLanguage\":\"es\"}]}<\/script>\n<!-- \/ Yoast SEO plugin. -->","yoast_head_json":{"title":"Linteum - ingenia","robots":{"index":"index","follow":"follow","max-snippet":"max-snippet:-1","max-image-preview":"max-image-preview:large","max-video-preview":"max-video-preview:-1"},"canonical":"https:\/\/www.ull.es\/portal\/ingenia\/linteum-2\/","og_locale":"es_ES","og_type":"article","og_title":"Linteum - ingenia","og_description":"[vc_row full_width=\u00bbstretch_row_content\u00bb][vc_column][vc_column_text] Linteum [\/vc_column_text][vc_single_image image=\u00bb192&#8243; img_size=\u00bbmedium\u00bb alignment=\u00bbcenter\u00bb][vc_empty_space height=\u00bb42px\u00bb][\/vc_column][\/vc_row][vc_row full_width=\u00bbstretch_row_content\u00bb][vc_column width=\u00bb1\/2&#8243;][vc_video link=\u00bbhttps:\/\/www.youtube.com\/watch?v=yQljg45lyKM\u00bb align=\u00bbcenter\u00bb css=\u00bb.vc_custom_1600780024536{padding-right: 20px !important;padding-left: 20px !important;}\u00bb][vc_row_inner css=\u00bb.vc_custom_1601459520965{padding-right: 20px !important;padding-left: 20px !important;}\u00bb][vc_column_inner width=\u00bb1\/2&#8243;][vc_btn title=\u00bbDescargar Dossier\u00bb style=\u00bbcustom\u00bb custom_background=\u00bb#5c068c\u00bb custom_text=\u00bb#ffffff\u00bb align=\u00bbcenter\u00bb button_block=\u00bbtrue\u00bb link=\u00bburl:https%3A%2F%2Fwww.ull.es%2Fportal%2Fingenia%2Fwp-content%2Fuploads%2Fsites%2F35%2F2020%2F11%2FLinteum_INGENIA.pdf\u00bb][\/vc_column_inner][vc_column_inner width=\u00bb1\/2&#8243;][vc_btn title=\u00bb\u00bfC\u00f3mo puedo colaborar?\u00bb style=\u00bbcustom\u00bb custom_background=\u00bb#5c068c\u00bb custom_text=\u00bb#ffffff\u00bb align=\u00bbcenter\u00bb button_block=\u00bbtrue\u00bb link=\u00bburl:https%3A%2F%2Fdocs.google.com%2Fforms%2Fd%2Fe%2F1FAIpQLSeVxzTsGSbnPxJ2tJ2cpqTNEpqguPt30mzUJtgBEkiiBEUQXw%2Fviewform\u00bb][\/vc_column_inner][\/vc_row_inner][\/vc_column][vc_column width=\u00bb1\/2&#8243;][vc_column_text] Proyecto: Linteum Dotaci\u00f3n: 1.000\u20ac Equipo Promotor: Aitor D\u00edaz Garc\u00eda, Isabella Valentina Guedez Escorche,...","og_url":"https:\/\/www.ull.es\/portal\/ingenia\/linteum-2\/","og_site_name":"ingenia","article_modified_time":"2023-09-25T14:17:24+00:00","og_image":[{"url":"https:\/\/www.ull.es\/portal\/ingenia\/wp-content\/uploads\/sites\/35\/2020\/09\/New-Project-4.jpg"}],"twitter_card":"summary_large_image","twitter_misc":{"Tiempo de lectura":"4 minutos"},"schema":{"@context":"https:\/\/schema.org","@graph":[{"@type":"WebPage","@id":"https:\/\/www.ull.es\/portal\/ingenia\/linteum-2\/","url":"https:\/\/www.ull.es\/portal\/ingenia\/linteum-2\/","name":"Linteum - ingenia","isPartOf":{"@id":"https:\/\/www.ull.es\/portal\/ingenia\/#website"},"datePublished":"2020-09-22T13:10:27+00:00","dateModified":"2023-09-25T14:17:24+00:00","inLanguage":"es","potentialAction":[{"@type":"ReadAction","target":["https:\/\/www.ull.es\/portal\/ingenia\/linteum-2\/"]}]},{"@type":"WebSite","@id":"https:\/\/www.ull.es\/portal\/ingenia\/#website","url":"https:\/\/www.ull.es\/portal\/ingenia\/","name":"ingenia","description":"","potentialAction":[{"@type":"SearchAction","target":{"@type":"EntryPoint","urlTemplate":"https:\/\/www.ull.es\/portal\/ingenia\/?s={search_term_string}"},"query-input":"required name=search_term_string"}],"inLanguage":"es"}]}},"_links":{"self":[{"href":"https:\/\/www.ull.es\/portal\/ingenia\/wp-json\/wp\/v2\/pages\/321"}],"collection":[{"href":"https:\/\/www.ull.es\/portal\/ingenia\/wp-json\/wp\/v2\/pages"}],"about":[{"href":"https:\/\/www.ull.es\/portal\/ingenia\/wp-json\/wp\/v2\/types\/page"}],"author":[{"embeddable":true,"href":"https:\/\/www.ull.es\/portal\/ingenia\/wp-json\/wp\/v2\/users\/71"}],"replies":[{"embeddable":true,"href":"https:\/\/www.ull.es\/portal\/ingenia\/wp-json\/wp\/v2\/comments?post=321"}],"version-history":[{"count":13,"href":"https:\/\/www.ull.es\/portal\/ingenia\/wp-json\/wp\/v2\/pages\/321\/revisions"}],"predecessor-version":[{"id":636,"href":"https:\/\/www.ull.es\/portal\/ingenia\/wp-json\/wp\/v2\/pages\/321\/revisions\/636"}],"wp:attachment":[{"href":"https:\/\/www.ull.es\/portal\/ingenia\/wp-json\/wp\/v2\/media?parent=321"}],"curies":[{"name":"wp","href":"https:\/\/api.w.org\/{rel}","templated":true}]}}