{"id":328,"date":"2020-09-22T13:20:16","date_gmt":"2020-09-22T13:20:16","guid":{"rendered":"https:\/\/www.ull.es\/portal\/ingenia\/?page_id=328"},"modified":"2023-09-25T14:17:19","modified_gmt":"2023-09-25T14:17:19","slug":"exoinv-2","status":"publish","type":"page","link":"https:\/\/www.ull.es\/portal\/ingenia\/exoinv-2\/","title":{"rendered":"EXOINV"},"content":{"rendered":"[vc_row full_width=\u00bbstretch_row_content\u00bb][vc_column][vc_column_text]\n<h2 style=\"font-family: ArgentumSans;font-weight: bold;font-size: 36px;text-align: center;color: #5c068c\">EXOINV<\/h2>\n[\/vc_column_text][vc_single_image image=\u00bb198&#8243; img_size=\u00bbmedium\u00bb alignment=\u00bbcenter\u00bb][vc_empty_space height=\u00bb42px\u00bb][\/vc_column][\/vc_row][vc_row full_width=\u00bbstretch_row_content\u00bb][vc_column width=\u00bb1\/2&#8243;][vc_video link=\u00bbhttps:\/\/www.youtube.com\/watch?v=z3l6StFIhCE\u00bb align=\u00bbcenter\u00bb css=\u00bb.vc_custom_1600780610343{padding-right: 20px !important;padding-left: 20px !important;}\u00bb][vc_row_inner css=\u00bb.vc_custom_1601037053704{padding-right: 20px !important;padding-left: 20px !important;}\u00bb][vc_column_inner width=\u00bb1\/2&#8243;][vc_btn title=\u00bbDescargar Dossier\u00bb style=\u00bbcustom\u00bb custom_background=\u00bb#5c068c\u00bb custom_text=\u00bb#ffffff\u00bb align=\u00bbcenter\u00bb button_block=\u00bbtrue\u00bb link=\u00bburl:https%3A%2F%2Fwww.ull.es%2Fportal%2Fingenia%2Fwp-content%2Fuploads%2Fsites%2F35%2F2020%2F09%2FEXOINV_INGENIA.pdf|title:Nunca%20Solo\u00bb][\/vc_column_inner][vc_column_inner width=\u00bb1\/2&#8243;][vc_btn title=\u00bb\u00bfC\u00f3mo puedo colaborar?\u00bb style=\u00bbcustom\u00bb custom_background=\u00bb#5c068c\u00bb custom_text=\u00bb#ffffff\u00bb align=\u00bbcenter\u00bb button_block=\u00bbtrue\u00bb link=\u00bburl:https%3A%2F%2Fdocs.google.com%2Fforms%2Fd%2Fe%2F1FAIpQLSeVxzTsGSbnPxJ2tJ2cpqTNEpqguPt30mzUJtgBEkiiBEUQXw%2Fviewform\u00bb][\/vc_column_inner][\/vc_row_inner][\/vc_column][vc_column width=\u00bb1\/2&#8243;][vc_column_text]\n<ul>\n<li style=\"padding: 0px 50px 0px 0px\"><strong>Proyecto:<\/strong> EXOINV<\/li>\n<li><strong>Dotaci\u00f3n:<\/strong> 1.130\u20ac<\/li>\n<li><strong>Equipo Promotor:<\/strong> Mauricio Enrique Betancourt Gonz\u00e1lez, Alejandro Rizo Delgado, Eva Monedero L\u00f3pez, Enrique Caro Saavedra y Luc\u00eda Patricia Gonz\u00e1lez Rosas<\/li>\n<li><strong>Centro educativo:<\/strong> Universidad de La Laguna<\/li>\n<li><strong>Redes Sociales:<\/strong>\n<ul>\n<li>Instagram: <a href=\"https:\/\/www.instagram.com\/proyectoexoinv\/\" target=\"_blank\" rel=\"noopener noreferrer\" target=\"_blank\" rel=\"noopener\">@proyectoexoinv<\/a><\/li>\n<li>Facebook: <a href=\"https:\/\/www.facebook.com\/exoinv.ingenia.9\" target=\"_blank\" rel=\"noopener noreferrer\" target=\"_blank\" rel=\"noopener\">@exoinv.ingenia.9<\/a><\/li>\n<\/ul>\n<\/li>\n<\/ul>\n<p><img decoding=\"async\" loading=\"lazy\" class=\"alignnone wp-image-329 size-full\" src=\"https:\/\/www.ull.es\/portal\/ingenia\/wp-content\/uploads\/sites\/35\/2020\/09\/New-Project-5.jpg\" alt=\"\" width=\"225\" height=\"75\" \/>[\/vc_column_text][\/vc_column][\/vc_row][vc_row full_width=\u00bbstretch_row_content\u00bb][vc_column][vc_empty_space height=\u00bb42px\u00bb][vc_column_text]\n<h3 style=\"font-family: ArgentumSans;font-weight: bold;font-size: 26px;text-align: center;color: #5c068c\">DESCRIPCI\u00d3N DEL PROYECTO<\/h3>\n<p style=\"text-align: center;font-size: 16px;font-family: ArgentumSans;padding: 10px 35px 10px 35px\">El proyecto EXOINV nace como respuesta a las inquietudes conservacionistas, de un grupo multidisciplinar de alumnos del IEcoEvoLab de la Universidad de La Laguna bajo la supervisi\u00f3n de Jairo Pati\u00f1o Llorente. A trav\u00e9s de este proyecto se trata de realizar un estudio piloto para conocer y evaluar la situaci\u00f3n de las especies ex\u00f3ticas invasoras (EEIs) de plantas, en el contexto del Parque Rural de Anaga. Abordamos dicha problem\u00e1tica desde tres ejes principales: Mejorar el conocimiento sobre la distribuci\u00f3n de determinadas EEIs de plantas, evaluar el nivel de concienciaci\u00f3n y conocimiento de la problem\u00e1tica con las EEIs de plantas por parte de las poblaciones locales, y promover la conservaci\u00f3n de la biodiversidad de Canarias, a trav\u00e9s de la divulgaci\u00f3n cient\u00edfica mediante las redes sociales.<\/p>\n[\/vc_column_text][vc_empty_space height=\u00bb42px\u00bb][\/vc_column][\/vc_row][vc_row full_width=\u00bbstretch_row_content\u00bb][vc_column width=\u00bb1\/2&#8243;][vc_column_text]\n<p style=\"text-align: center;font-size: 16px;font-family: ArgentumSans;color: #5c068c\">MENTOR<br \/>\n<span style=\"text-align: center;font-size: 21px;font-family: ArgentumSans;color: #3d3d3d\"><strong>Jairo Pati\u00f1o Llorente<\/strong><\/span><\/p>\n[\/vc_column_text][vc_single_image image=\u00bb208&#8243; alignment=\u00bbcenter\u00bb style=\u00bbvc_box_circle_2&#8243;][vc_column_text]\n<p style=\"text-align: center;font-size: 12px;font-family: ArgentumSans;padding: 10px 50px 10px 50px\">Personal Docente e Investigador contratado bajo la figura Ram\u00f3n y Cajal en el Departamento de Bot\u00e1nica, Ecolog\u00eda y Fisiolog\u00eda Vegetal de la Universidad de La Laguna. Mi investigaci\u00f3n se articula bajo la confluencia de \u00e1reas tem\u00e1ticas diversas tales como la biogeograf\u00eda, la evoluci\u00f3n, la biolog\u00eda de la conservaci\u00f3n y la sistem\u00e1tica de plantas insulares, incluyendo bri\u00f3fitos y m\u00e1s recientemente plantas vasculares. Espec\u00edficamente, el trabajo que realizamos en nuestro laboratorio se centra en incrementar el conocimiento sobre los mecanismos ecol\u00f3gicos y evolutivos que determinan los niveles de diversidad y endemicidad a diferentes escalas espaciales y temporales. Es, por tanto, casi una consecuencia natural que gran parte de esta investigaci\u00f3n est\u00e9 dedicada a la conservaci\u00f3n de las floras insulares frente a amenazas tales como el cambio clim\u00e1tico y las especies invasoras.<\/p>\n[\/vc_column_text][\/vc_column][vc_column width=\u00bb1\/2&#8243;][vc_column_text]\n<p style=\"text-align: center;font-size: 16px;font-family: ArgentumSans;color: #5c068c\">FACILITADOR<br \/>\n<span style=\"text-align: center;font-size: 21px;font-family: ArgentumSans;color: #3d3d3d\"><strong>Felipe Lisandro Monz\u00f3n Cabrera<\/strong><\/span><\/p>\n[\/vc_column_text][vc_single_image image=\u00bb215&#8243; alignment=\u00bbcenter\u00bb style=\u00bbvc_box_circle_2&#8243;][vc_column_text]\n<p style=\"text-align: center;font-size: 12px;font-family: ArgentumSans;padding: 10px 50px 10px 50px\">Soy Bi\u00f3logo, especializado en medioambiente y educaci\u00f3n. Mi aventura comenz\u00f3 en 2017, cuando me gradu\u00e9 en Biolog\u00eda por la Universidad de La Laguna, para realizar a continuaci\u00f3n, el M\u00e1ster Universitario en Biodiversidad Terrestre y Conservaci\u00f3n en Islas, concluyendo en 2019. Actualmente me encuentro finalizando el M\u00e1ster Interuniversitario de Formaci\u00f3n del Profesorado de educaci\u00f3n secundaria y bachillerato, por la misma Universidad. Durante el Grado tuve la suerte de realizar una movilidad S\u00c9NECA-SICUE, de un a\u00f1o completo en la Universidad Aut\u00f3noma de Madrid. En las vacaciones de mi primer m\u00e1ster, pude realizar una movilidad ERASMUS + de 6 meses en Centre For Functional Ecology de la Universidad de Coimbra (Portugal), como estudiante investigador . Me considero una persona muy inquieta, con ganas de trabajar para aportar mi granito de arena por mejorar un poquito el mundo, empezando desde la conservaci\u00f3n del medioambiente y la educaci\u00f3n de los m\u00e1s j\u00f3venes.<\/p>\n[\/vc_column_text][\/vc_column][\/vc_row][vc_row][vc_column][vc_column_text]\n[\/vc_column_text][\/vc_column][\/vc_row][vc_row][vc_column][vc_column_text]\n[\/vc_column_text][\/vc_column][\/vc_row]\n","protected":false},"excerpt":{"rendered":"<p>[vc_row full_width=\u00bbstretch_row_content\u00bb][vc_column][vc_column_text] EXOINV [\/vc_column_text][vc_single_image image=\u00bb198&#8243; img_size=\u00bbmedium\u00bb alignment=\u00bbcenter\u00bb][vc_empty_space height=\u00bb42px\u00bb][\/vc_column][\/vc_row][vc_row full_width=\u00bbstretch_row_content\u00bb][vc_column width=\u00bb1\/2&#8243;][vc_video link=\u00bbhttps:\/\/www.youtube.com\/watch?v=z3l6StFIhCE\u00bb align=\u00bbcenter\u00bb css=\u00bb.vc_custom_1600780610343{padding-right: 20px !important;padding-left: 20px !important;}\u00bb][vc_row_inner css=\u00bb.vc_custom_1601037053704{padding-right: 20px !important;padding-left: 20px !important;}\u00bb][vc_column_inner width=\u00bb1\/2&#8243;][vc_btn title=\u00bbDescargar Dossier\u00bb style=\u00bbcustom\u00bb custom_background=\u00bb#5c068c\u00bb custom_text=\u00bb#ffffff\u00bb align=\u00bbcenter\u00bb button_block=\u00bbtrue\u00bb link=\u00bburl:https%3A%2F%2Fwww.ull.es%2Fportal%2Fingenia%2Fwp-content%2Fuploads%2Fsites%2F35%2F2020%2F09%2FEXOINV_INGENIA.pdf|title:Nunca%20Solo\u00bb][\/vc_column_inner][vc_column_inner width=\u00bb1\/2&#8243;][vc_btn title=\u00bb\u00bfC\u00f3mo puedo colaborar?\u00bb style=\u00bbcustom\u00bb custom_background=\u00bb#5c068c\u00bb custom_text=\u00bb#ffffff\u00bb align=\u00bbcenter\u00bb button_block=\u00bbtrue\u00bb link=\u00bburl:https%3A%2F%2Fdocs.google.com%2Fforms%2Fd%2Fe%2F1FAIpQLSeVxzTsGSbnPxJ2tJ2cpqTNEpqguPt30mzUJtgBEkiiBEUQXw%2Fviewform\u00bb][\/vc_column_inner][\/vc_row_inner][\/vc_column][vc_column width=\u00bb1\/2&#8243;][vc_column_text] Proyecto: EXOINV Dotaci\u00f3n: 1.130\u20ac Equipo Promotor: Mauricio Enrique Betancourt Gonz\u00e1lez, Alejandro Rizo Delgado,&#8230;<\/p>\n","protected":false},"author":71,"featured_media":0,"parent":0,"menu_order":0,"comment_status":"closed","ping_status":"closed","template":"templates\/template-frontpage.php","meta":{"inline_featured_image":false,"footnotes":""},"acf":[],"yoast_head":"<!-- This site is optimized with the Yoast SEO plugin v21.3 - https:\/\/yoast.com\/wordpress\/plugins\/seo\/ -->\n<title>EXOINV - ingenia<\/title>\n<meta name=\"robots\" content=\"index, follow, max-snippet:-1, max-image-preview:large, max-video-preview:-1\" \/>\n<link rel=\"canonical\" href=\"https:\/\/www.ull.es\/portal\/ingenia\/exoinv-2\/\" \/>\n<meta property=\"og:locale\" content=\"es_ES\" \/>\n<meta property=\"og:type\" content=\"article\" \/>\n<meta property=\"og:title\" content=\"EXOINV - ingenia\" \/>\n<meta property=\"og:description\" content=\"[vc_row full_width=\u00bbstretch_row_content\u00bb][vc_column][vc_column_text] EXOINV [\/vc_column_text][vc_single_image image=\u00bb198&#8243; img_size=\u00bbmedium\u00bb alignment=\u00bbcenter\u00bb][vc_empty_space height=\u00bb42px\u00bb][\/vc_column][\/vc_row][vc_row full_width=\u00bbstretch_row_content\u00bb][vc_column width=\u00bb1\/2&#8243;][vc_video link=\u00bbhttps:\/\/www.youtube.com\/watch?v=z3l6StFIhCE\u00bb align=\u00bbcenter\u00bb css=\u00bb.vc_custom_1600780610343{padding-right: 20px !important;padding-left: 20px !important;}\u00bb][vc_row_inner css=\u00bb.vc_custom_1601037053704{padding-right: 20px !important;padding-left: 20px !important;}\u00bb][vc_column_inner width=\u00bb1\/2&#8243;][vc_btn title=\u00bbDescargar Dossier\u00bb style=\u00bbcustom\u00bb custom_background=\u00bb#5c068c\u00bb custom_text=\u00bb#ffffff\u00bb align=\u00bbcenter\u00bb button_block=\u00bbtrue\u00bb link=\u00bburl:https%3A%2F%2Fwww.ull.es%2Fportal%2Fingenia%2Fwp-content%2Fuploads%2Fsites%2F35%2F2020%2F09%2FEXOINV_INGENIA.pdf|title:Nunca%20Solo\u00bb][\/vc_column_inner][vc_column_inner width=\u00bb1\/2&#8243;][vc_btn title=\u00bb\u00bfC\u00f3mo puedo colaborar?\u00bb style=\u00bbcustom\u00bb custom_background=\u00bb#5c068c\u00bb custom_text=\u00bb#ffffff\u00bb align=\u00bbcenter\u00bb button_block=\u00bbtrue\u00bb link=\u00bburl:https%3A%2F%2Fdocs.google.com%2Fforms%2Fd%2Fe%2F1FAIpQLSeVxzTsGSbnPxJ2tJ2cpqTNEpqguPt30mzUJtgBEkiiBEUQXw%2Fviewform\u00bb][\/vc_column_inner][\/vc_row_inner][\/vc_column][vc_column width=\u00bb1\/2&#8243;][vc_column_text] Proyecto: EXOINV Dotaci\u00f3n: 1.130\u20ac Equipo Promotor: Mauricio Enrique Betancourt Gonz\u00e1lez, Alejandro Rizo Delgado,...\" \/>\n<meta property=\"og:url\" content=\"https:\/\/www.ull.es\/portal\/ingenia\/exoinv-2\/\" \/>\n<meta property=\"og:site_name\" content=\"ingenia\" \/>\n<meta property=\"article:modified_time\" content=\"2023-09-25T14:17:19+00:00\" \/>\n<meta property=\"og:image\" content=\"https:\/\/www.ull.es\/portal\/ingenia\/wp-content\/uploads\/sites\/35\/2020\/09\/New-Project-5.jpg\" \/>\n<meta name=\"twitter:card\" content=\"summary_large_image\" \/>\n<meta name=\"twitter:label1\" content=\"Tiempo de lectura\" \/>\n\t<meta name=\"twitter:data1\" content=\"4 minutos\" \/>\n<script type=\"application\/ld+json\" class=\"yoast-schema-graph\">{\"@context\":\"https:\/\/schema.org\",\"@graph\":[{\"@type\":\"WebPage\",\"@id\":\"https:\/\/www.ull.es\/portal\/ingenia\/exoinv-2\/\",\"url\":\"https:\/\/www.ull.es\/portal\/ingenia\/exoinv-2\/\",\"name\":\"EXOINV - ingenia\",\"isPartOf\":{\"@id\":\"https:\/\/www.ull.es\/portal\/ingenia\/#website\"},\"datePublished\":\"2020-09-22T13:20:16+00:00\",\"dateModified\":\"2023-09-25T14:17:19+00:00\",\"inLanguage\":\"es\",\"potentialAction\":[{\"@type\":\"ReadAction\",\"target\":[\"https:\/\/www.ull.es\/portal\/ingenia\/exoinv-2\/\"]}]},{\"@type\":\"WebSite\",\"@id\":\"https:\/\/www.ull.es\/portal\/ingenia\/#website\",\"url\":\"https:\/\/www.ull.es\/portal\/ingenia\/\",\"name\":\"ingenia\",\"description\":\"\",\"potentialAction\":[{\"@type\":\"SearchAction\",\"target\":{\"@type\":\"EntryPoint\",\"urlTemplate\":\"https:\/\/www.ull.es\/portal\/ingenia\/?s={search_term_string}\"},\"query-input\":\"required name=search_term_string\"}],\"inLanguage\":\"es\"}]}<\/script>\n<!-- \/ Yoast SEO plugin. -->","yoast_head_json":{"title":"EXOINV - ingenia","robots":{"index":"index","follow":"follow","max-snippet":"max-snippet:-1","max-image-preview":"max-image-preview:large","max-video-preview":"max-video-preview:-1"},"canonical":"https:\/\/www.ull.es\/portal\/ingenia\/exoinv-2\/","og_locale":"es_ES","og_type":"article","og_title":"EXOINV - ingenia","og_description":"[vc_row full_width=\u00bbstretch_row_content\u00bb][vc_column][vc_column_text] EXOINV [\/vc_column_text][vc_single_image image=\u00bb198&#8243; img_size=\u00bbmedium\u00bb alignment=\u00bbcenter\u00bb][vc_empty_space height=\u00bb42px\u00bb][\/vc_column][\/vc_row][vc_row full_width=\u00bbstretch_row_content\u00bb][vc_column width=\u00bb1\/2&#8243;][vc_video link=\u00bbhttps:\/\/www.youtube.com\/watch?v=z3l6StFIhCE\u00bb align=\u00bbcenter\u00bb css=\u00bb.vc_custom_1600780610343{padding-right: 20px !important;padding-left: 20px !important;}\u00bb][vc_row_inner css=\u00bb.vc_custom_1601037053704{padding-right: 20px !important;padding-left: 20px !important;}\u00bb][vc_column_inner width=\u00bb1\/2&#8243;][vc_btn title=\u00bbDescargar Dossier\u00bb style=\u00bbcustom\u00bb custom_background=\u00bb#5c068c\u00bb custom_text=\u00bb#ffffff\u00bb align=\u00bbcenter\u00bb button_block=\u00bbtrue\u00bb link=\u00bburl:https%3A%2F%2Fwww.ull.es%2Fportal%2Fingenia%2Fwp-content%2Fuploads%2Fsites%2F35%2F2020%2F09%2FEXOINV_INGENIA.pdf|title:Nunca%20Solo\u00bb][\/vc_column_inner][vc_column_inner width=\u00bb1\/2&#8243;][vc_btn title=\u00bb\u00bfC\u00f3mo puedo colaborar?\u00bb style=\u00bbcustom\u00bb custom_background=\u00bb#5c068c\u00bb custom_text=\u00bb#ffffff\u00bb align=\u00bbcenter\u00bb button_block=\u00bbtrue\u00bb link=\u00bburl:https%3A%2F%2Fdocs.google.com%2Fforms%2Fd%2Fe%2F1FAIpQLSeVxzTsGSbnPxJ2tJ2cpqTNEpqguPt30mzUJtgBEkiiBEUQXw%2Fviewform\u00bb][\/vc_column_inner][\/vc_row_inner][\/vc_column][vc_column width=\u00bb1\/2&#8243;][vc_column_text] Proyecto: EXOINV Dotaci\u00f3n: 1.130\u20ac Equipo Promotor: Mauricio Enrique Betancourt Gonz\u00e1lez, Alejandro Rizo Delgado,...","og_url":"https:\/\/www.ull.es\/portal\/ingenia\/exoinv-2\/","og_site_name":"ingenia","article_modified_time":"2023-09-25T14:17:19+00:00","og_image":[{"url":"https:\/\/www.ull.es\/portal\/ingenia\/wp-content\/uploads\/sites\/35\/2020\/09\/New-Project-5.jpg"}],"twitter_card":"summary_large_image","twitter_misc":{"Tiempo de lectura":"4 minutos"},"schema":{"@context":"https:\/\/schema.org","@graph":[{"@type":"WebPage","@id":"https:\/\/www.ull.es\/portal\/ingenia\/exoinv-2\/","url":"https:\/\/www.ull.es\/portal\/ingenia\/exoinv-2\/","name":"EXOINV - ingenia","isPartOf":{"@id":"https:\/\/www.ull.es\/portal\/ingenia\/#website"},"datePublished":"2020-09-22T13:20:16+00:00","dateModified":"2023-09-25T14:17:19+00:00","inLanguage":"es","potentialAction":[{"@type":"ReadAction","target":["https:\/\/www.ull.es\/portal\/ingenia\/exoinv-2\/"]}]},{"@type":"WebSite","@id":"https:\/\/www.ull.es\/portal\/ingenia\/#website","url":"https:\/\/www.ull.es\/portal\/ingenia\/","name":"ingenia","description":"","potentialAction":[{"@type":"SearchAction","target":{"@type":"EntryPoint","urlTemplate":"https:\/\/www.ull.es\/portal\/ingenia\/?s={search_term_string}"},"query-input":"required name=search_term_string"}],"inLanguage":"es"}]}},"_links":{"self":[{"href":"https:\/\/www.ull.es\/portal\/ingenia\/wp-json\/wp\/v2\/pages\/328"}],"collection":[{"href":"https:\/\/www.ull.es\/portal\/ingenia\/wp-json\/wp\/v2\/pages"}],"about":[{"href":"https:\/\/www.ull.es\/portal\/ingenia\/wp-json\/wp\/v2\/types\/page"}],"author":[{"embeddable":true,"href":"https:\/\/www.ull.es\/portal\/ingenia\/wp-json\/wp\/v2\/users\/71"}],"replies":[{"embeddable":true,"href":"https:\/\/www.ull.es\/portal\/ingenia\/wp-json\/wp\/v2\/comments?post=328"}],"version-history":[{"count":8,"href":"https:\/\/www.ull.es\/portal\/ingenia\/wp-json\/wp\/v2\/pages\/328\/revisions"}],"predecessor-version":[{"id":528,"href":"https:\/\/www.ull.es\/portal\/ingenia\/wp-json\/wp\/v2\/pages\/328\/revisions\/528"}],"wp:attachment":[{"href":"https:\/\/www.ull.es\/portal\/ingenia\/wp-json\/wp\/v2\/media?parent=328"}],"curies":[{"name":"wp","href":"https:\/\/api.w.org\/{rel}","templated":true}]}}