{"id":339,"date":"2020-09-22T13:37:23","date_gmt":"2020-09-22T13:37:23","guid":{"rendered":"https:\/\/www.ull.es\/portal\/ingenia\/?page_id=339"},"modified":"2023-09-25T14:17:20","modified_gmt":"2023-09-25T14:17:20","slug":"h-o-p-e","status":"publish","type":"page","link":"https:\/\/www.ull.es\/portal\/ingenia\/h-o-p-e\/","title":{"rendered":"H.O.P.E."},"content":{"rendered":"[vc_row full_width=\u00bbstretch_row_content\u00bb][vc_column][vc_column_text]\n<h2 style=\"font-family: ArgentumSans;font-weight: bold;font-size: 36px;text-align: center;color: #5c068c\">H.O.P.E.<\/h2>\n[\/vc_column_text][vc_single_image image=\u00bb199&#8243; img_size=\u00bbmedium\u00bb alignment=\u00bbcenter\u00bb][vc_empty_space height=\u00bb42px\u00bb][\/vc_column][\/vc_row][vc_row full_width=\u00bbstretch_row_content\u00bb][vc_column width=\u00bb1\/2&#8243;][vc_video link=\u00bbhttps:\/\/www.youtube.com\/watch?v=-OI8pjfEIo4&#8243; align=\u00bbcenter\u00bb css=\u00bb.vc_custom_1600781574540{padding-right: 20px !important;padding-left: 20px !important;}\u00bb][vc_row_inner css=\u00bb.vc_custom_1600863982734{padding-right: 20px !important;padding-left: 20px !important;}\u00bb][vc_column_inner width=\u00bb1\/2&#8243;][vc_btn title=\u00bbDescargar Dossier\u00bb style=\u00bbcustom\u00bb custom_background=\u00bb#5c068c\u00bb custom_text=\u00bb#ffffff\u00bb align=\u00bbcenter\u00bb button_block=\u00bbtrue\u00bb link=\u00bburl:https%3A%2F%2Fwww.ull.es%2Fportal%2Fingenia%2Fwp-content%2Fuploads%2Fsites%2F35%2F2020%2F11%2FHOPE_INGENIA.pdf|target:_blank\u00bb][\/vc_column_inner][vc_column_inner width=\u00bb1\/2&#8243;][vc_btn title=\u00bb\u00bfC\u00f3mo puedo colaborar?\u00bb style=\u00bbcustom\u00bb custom_background=\u00bb#5c068c\u00bb custom_text=\u00bb#ffffff\u00bb align=\u00bbcenter\u00bb button_block=\u00bbtrue\u00bb link=\u00bburl:https%3A%2F%2Fdocs.google.com%2Fforms%2Fd%2Fe%2F1FAIpQLSeVxzTsGSbnPxJ2tJ2cpqTNEpqguPt30mzUJtgBEkiiBEUQXw%2Fviewform|target:_blank\u00bb][\/vc_column_inner][\/vc_row_inner][\/vc_column][vc_column width=\u00bb1\/2&#8243;][vc_column_text]\n<ul>\n<li style=\"padding: 0px 50px 0px 0px\"><strong>Proyecto:<\/strong> H.O.P.E.<\/li>\n<li><strong>Dotaci\u00f3n:<\/strong> 1.500\u20ac<\/li>\n<li><strong>Equipo Promotor:<\/strong> Claudia Hern\u00e1ndez Rodr\u00edguez, <span data-sheets-value=\"{&quot;1&quot;:2,&quot;2&quot;:&quot;Isabel Valeria De Armas Amatina&quot;}\" data-sheets-userformat=\"{&quot;2&quot;:769,&quot;3&quot;:{&quot;1&quot;:0},&quot;11&quot;:3,&quot;12&quot;:0}\">Isabel Valeria De Armas Amatina, <\/span>Jos\u00e9 Augusto Hern\u00e1ndez Rodr\u00edguez y Daniela Gonz\u00e1lez Alay\u00f3n<\/li>\n<li><strong>Centro educativo:<\/strong> Colegio Decroly<\/li>\n<li><strong>Redes Sociales:<\/strong>\n<ul>\n<li>Facebook: <a href=\"https:\/\/www.facebook.com\/colegiodecrolytenerife\/\" target=\"_blank\" rel=\"noopener noreferrer\" target=\"_blank\" rel=\"noopener\">@colegiodecrolytenerife<\/a><\/li>\n<\/ul>\n<\/li>\n<\/ul>\n<p><img decoding=\"async\" loading=\"lazy\" class=\"alignnone wp-image-340 size-full\" src=\"https:\/\/www.ull.es\/portal\/ingenia\/wp-content\/uploads\/sites\/35\/2020\/09\/New-Project-7.jpg\" alt=\"\" width=\"300\" height=\"75\" \/>[\/vc_column_text][\/vc_column][\/vc_row][vc_row full_width=\u00bbstretch_row_content\u00bb][vc_column][vc_empty_space height=\u00bb42px\u00bb][vc_column_text]\n<h3 style=\"font-family: ArgentumSans;font-weight: bold;font-size: 26px;text-align: center;color: #5c068c\">DESCRIPCI\u00d3N DEL PROYECTO<\/h3>\n<p style=\"text-align: center;font-size: 16px;font-family: ArgentumSans;padding: 10px 35px 10px 35px\">El proyecto \u201cH.O.P.E.\u201d (\u201cHold On, Pain Ends\u201d) es una iniciativa de j\u00f3venes comprometidas con los Objetivos de Desarrollo Sostenible que pretende que los\/as menores que se encuentran en una situaci\u00f3n de acoso escolar tengan un lugar donde expresar lo que sienten sin repercusiones negativas y sin que sientan que est\u00e1n solas ante esta terrible situaci\u00f3n.<\/p>\n[\/vc_column_text][vc_empty_space height=\u00bb42px\u00bb][\/vc_column][\/vc_row][vc_row full_width=\u00bbstretch_row_content\u00bb][vc_column width=\u00bb1\/2&#8243;][vc_column_text]\n<p style=\"text-align: center;font-size: 16px;font-family: ArgentumSans;color: #5c068c\">MENTOR<br \/>\n<span style=\"text-align: center;font-size: 21px;font-family: ArgentumSans;color: #3d3d3d\"><strong>Isa\u00ed D\u00edaz Hern\u00e1ndez <\/strong><\/span>[\/vc_column_text][vc_single_image image=\u00bb207&#8243; alignment=\u00bbcenter\u00bb style=\u00bbvc_box_circle_2&#8243;][vc_column_text]\n<p style=\"text-align: center;font-size: 12px;font-family: ArgentumSans;padding: 10px 50px 10px 50px\">Isa\u00ed D\u00edaz es licenciado en Ciencias de Educaci\u00f3n F\u00edsica y el Deporte por la ULPGC, universidad por la que tambi\u00e9n obtuvo el experto universitario en Gu\u00eda e Int\u00e9rprete del Patrimonio Natural y Cultural de Canarias. Es profesor de Educaci\u00f3n F\u00edsica en el Colegio Decroly desde 2007, donde ha estado involucrado en diversos proyectos educativos en los que el alumnado est\u00e1 en contacto directo con su entorno para adquirir aprendizajes significativos que le ayuden a conocer, valorar y proteger su entorno natural, cultural y, por supuesto, humano.<\/p>\n[\/vc_column_text][\/vc_column][vc_column width=\u00bb1\/2&#8243;][vc_column_text]\n<p style=\"text-align: center;font-size: 16px;font-family: ArgentumSans;color: #5c068c\">FACILITADOR<br \/>\n<span style=\"text-align: center;font-size: 21px;font-family: ArgentumSans;color: #3d3d3d\"><strong>Josu\u00e9 Barrera Santana<\/strong><\/span>[\/vc_column_text][vc_single_image image=\u00bb216&#8243; alignment=\u00bbcenter\u00bb style=\u00bbvc_box_circle_2&#8243;][vc_column_text]\n<p style=\"text-align: center;font-size: 12px;font-family: ArgentumSans;padding: 10px 50px 10px 50px\">Investigador y viajero. Su actividad acad\u00e9mica comenz\u00f3 en la Universidad de La Laguna (Tenerife, Espa\u00f1a), y se ha extendido por lugares tan variopintos como Portugal, Eslovenia, Estados Unidos y Austria. Actualmente, finaliza un doctorado en Ingenier\u00eda Industrial y contribuye activamente en el desarrollo, la gesti\u00f3n y la facilitaci\u00f3n de proyectos, incluyendo los de investigaci\u00f3n.<\/p>\n[\/vc_column_text][\/vc_column][\/vc_row][vc_row][vc_column][vc_column_text][\/vc_column_text][\/vc_column][\/vc_row][vc_row][vc_column][vc_column_text][\/vc_column_text][\/vc_column][\/vc_row]\n","protected":false},"excerpt":{"rendered":"<p>[vc_row full_width=\u00bbstretch_row_content\u00bb][vc_column][vc_column_text] H.O.P.E. [\/vc_column_text][vc_single_image image=\u00bb199&#8243; img_size=\u00bbmedium\u00bb alignment=\u00bbcenter\u00bb][vc_empty_space height=\u00bb42px\u00bb][\/vc_column][\/vc_row][vc_row full_width=\u00bbstretch_row_content\u00bb][vc_column width=\u00bb1\/2&#8243;][vc_video link=\u00bbhttps:\/\/www.youtube.com\/watch?v=-OI8pjfEIo4&#8243; align=\u00bbcenter\u00bb css=\u00bb.vc_custom_1600781574540{padding-right: 20px !important;padding-left: 20px !important;}\u00bb][vc_row_inner css=\u00bb.vc_custom_1600863982734{padding-right: 20px !important;padding-left: 20px !important;}\u00bb][vc_column_inner width=\u00bb1\/2&#8243;][vc_btn title=\u00bbDescargar Dossier\u00bb style=\u00bbcustom\u00bb custom_background=\u00bb#5c068c\u00bb custom_text=\u00bb#ffffff\u00bb align=\u00bbcenter\u00bb button_block=\u00bbtrue\u00bb link=\u00bburl:https%3A%2F%2Fwww.ull.es%2Fportal%2Fingenia%2Fwp-content%2Fuploads%2Fsites%2F35%2F2020%2F11%2FHOPE_INGENIA.pdf|target:_blank\u00bb][\/vc_column_inner][vc_column_inner width=\u00bb1\/2&#8243;][vc_btn title=\u00bb\u00bfC\u00f3mo puedo colaborar?\u00bb style=\u00bbcustom\u00bb custom_background=\u00bb#5c068c\u00bb custom_text=\u00bb#ffffff\u00bb align=\u00bbcenter\u00bb button_block=\u00bbtrue\u00bb link=\u00bburl:https%3A%2F%2Fdocs.google.com%2Fforms%2Fd%2Fe%2F1FAIpQLSeVxzTsGSbnPxJ2tJ2cpqTNEpqguPt30mzUJtgBEkiiBEUQXw%2Fviewform|target:_blank\u00bb][\/vc_column_inner][\/vc_row_inner][\/vc_column][vc_column width=\u00bb1\/2&#8243;][vc_column_text] Proyecto: H.O.P.E. Dotaci\u00f3n: 1.500\u20ac Equipo Promotor: Claudia Hern\u00e1ndez Rodr\u00edguez, Isabel Valeria De Armas&#8230;<\/p>\n","protected":false},"author":71,"featured_media":0,"parent":0,"menu_order":0,"comment_status":"closed","ping_status":"closed","template":"templates\/template-frontpage.php","meta":{"inline_featured_image":false,"footnotes":""},"acf":[],"yoast_head":"<!-- This site is optimized with the Yoast SEO plugin v21.3 - https:\/\/yoast.com\/wordpress\/plugins\/seo\/ -->\n<title>H.O.P.E. - ingenia<\/title>\n<meta name=\"robots\" content=\"index, follow, max-snippet:-1, max-image-preview:large, max-video-preview:-1\" \/>\n<link rel=\"canonical\" href=\"https:\/\/www.ull.es\/portal\/ingenia\/h-o-p-e\/\" \/>\n<meta property=\"og:locale\" content=\"es_ES\" \/>\n<meta property=\"og:type\" content=\"article\" \/>\n<meta property=\"og:title\" content=\"H.O.P.E. - ingenia\" \/>\n<meta property=\"og:description\" content=\"[vc_row full_width=\u00bbstretch_row_content\u00bb][vc_column][vc_column_text] H.O.P.E. [\/vc_column_text][vc_single_image image=\u00bb199&#8243; img_size=\u00bbmedium\u00bb alignment=\u00bbcenter\u00bb][vc_empty_space height=\u00bb42px\u00bb][\/vc_column][\/vc_row][vc_row full_width=\u00bbstretch_row_content\u00bb][vc_column width=\u00bb1\/2&#8243;][vc_video link=\u00bbhttps:\/\/www.youtube.com\/watch?v=-OI8pjfEIo4&#8243; align=\u00bbcenter\u00bb css=\u00bb.vc_custom_1600781574540{padding-right: 20px !important;padding-left: 20px !important;}\u00bb][vc_row_inner css=\u00bb.vc_custom_1600863982734{padding-right: 20px !important;padding-left: 20px !important;}\u00bb][vc_column_inner width=\u00bb1\/2&#8243;][vc_btn title=\u00bbDescargar Dossier\u00bb style=\u00bbcustom\u00bb custom_background=\u00bb#5c068c\u00bb custom_text=\u00bb#ffffff\u00bb align=\u00bbcenter\u00bb button_block=\u00bbtrue\u00bb link=\u00bburl:https%3A%2F%2Fwww.ull.es%2Fportal%2Fingenia%2Fwp-content%2Fuploads%2Fsites%2F35%2F2020%2F11%2FHOPE_INGENIA.pdf|target:_blank\u00bb][\/vc_column_inner][vc_column_inner width=\u00bb1\/2&#8243;][vc_btn title=\u00bb\u00bfC\u00f3mo puedo colaborar?\u00bb style=\u00bbcustom\u00bb custom_background=\u00bb#5c068c\u00bb custom_text=\u00bb#ffffff\u00bb align=\u00bbcenter\u00bb button_block=\u00bbtrue\u00bb link=\u00bburl:https%3A%2F%2Fdocs.google.com%2Fforms%2Fd%2Fe%2F1FAIpQLSeVxzTsGSbnPxJ2tJ2cpqTNEpqguPt30mzUJtgBEkiiBEUQXw%2Fviewform|target:_blank\u00bb][\/vc_column_inner][\/vc_row_inner][\/vc_column][vc_column width=\u00bb1\/2&#8243;][vc_column_text] Proyecto: H.O.P.E. Dotaci\u00f3n: 1.500\u20ac Equipo Promotor: Claudia Hern\u00e1ndez Rodr\u00edguez, Isabel Valeria De Armas...\" \/>\n<meta property=\"og:url\" content=\"https:\/\/www.ull.es\/portal\/ingenia\/h-o-p-e\/\" \/>\n<meta property=\"og:site_name\" content=\"ingenia\" \/>\n<meta property=\"article:modified_time\" content=\"2023-09-25T14:17:20+00:00\" \/>\n<meta property=\"og:image\" content=\"https:\/\/www.ull.es\/portal\/ingenia\/wp-content\/uploads\/sites\/35\/2020\/09\/New-Project-7.jpg\" \/>\n<meta name=\"twitter:card\" content=\"summary_large_image\" \/>\n<meta name=\"twitter:label1\" content=\"Tiempo de lectura\" \/>\n\t<meta name=\"twitter:data1\" content=\"3 minutos\" \/>\n<script type=\"application\/ld+json\" class=\"yoast-schema-graph\">{\"@context\":\"https:\/\/schema.org\",\"@graph\":[{\"@type\":\"WebPage\",\"@id\":\"https:\/\/www.ull.es\/portal\/ingenia\/h-o-p-e\/\",\"url\":\"https:\/\/www.ull.es\/portal\/ingenia\/h-o-p-e\/\",\"name\":\"H.O.P.E. - ingenia\",\"isPartOf\":{\"@id\":\"https:\/\/www.ull.es\/portal\/ingenia\/#website\"},\"datePublished\":\"2020-09-22T13:37:23+00:00\",\"dateModified\":\"2023-09-25T14:17:20+00:00\",\"inLanguage\":\"es\",\"potentialAction\":[{\"@type\":\"ReadAction\",\"target\":[\"https:\/\/www.ull.es\/portal\/ingenia\/h-o-p-e\/\"]}]},{\"@type\":\"WebSite\",\"@id\":\"https:\/\/www.ull.es\/portal\/ingenia\/#website\",\"url\":\"https:\/\/www.ull.es\/portal\/ingenia\/\",\"name\":\"ingenia\",\"description\":\"\",\"potentialAction\":[{\"@type\":\"SearchAction\",\"target\":{\"@type\":\"EntryPoint\",\"urlTemplate\":\"https:\/\/www.ull.es\/portal\/ingenia\/?s={search_term_string}\"},\"query-input\":\"required name=search_term_string\"}],\"inLanguage\":\"es\"}]}<\/script>\n<!-- \/ Yoast SEO plugin. -->","yoast_head_json":{"title":"H.O.P.E. - ingenia","robots":{"index":"index","follow":"follow","max-snippet":"max-snippet:-1","max-image-preview":"max-image-preview:large","max-video-preview":"max-video-preview:-1"},"canonical":"https:\/\/www.ull.es\/portal\/ingenia\/h-o-p-e\/","og_locale":"es_ES","og_type":"article","og_title":"H.O.P.E. - ingenia","og_description":"[vc_row full_width=\u00bbstretch_row_content\u00bb][vc_column][vc_column_text] H.O.P.E. [\/vc_column_text][vc_single_image image=\u00bb199&#8243; img_size=\u00bbmedium\u00bb alignment=\u00bbcenter\u00bb][vc_empty_space height=\u00bb42px\u00bb][\/vc_column][\/vc_row][vc_row full_width=\u00bbstretch_row_content\u00bb][vc_column width=\u00bb1\/2&#8243;][vc_video link=\u00bbhttps:\/\/www.youtube.com\/watch?v=-OI8pjfEIo4&#8243; align=\u00bbcenter\u00bb css=\u00bb.vc_custom_1600781574540{padding-right: 20px !important;padding-left: 20px !important;}\u00bb][vc_row_inner css=\u00bb.vc_custom_1600863982734{padding-right: 20px !important;padding-left: 20px !important;}\u00bb][vc_column_inner width=\u00bb1\/2&#8243;][vc_btn title=\u00bbDescargar Dossier\u00bb style=\u00bbcustom\u00bb custom_background=\u00bb#5c068c\u00bb custom_text=\u00bb#ffffff\u00bb align=\u00bbcenter\u00bb button_block=\u00bbtrue\u00bb link=\u00bburl:https%3A%2F%2Fwww.ull.es%2Fportal%2Fingenia%2Fwp-content%2Fuploads%2Fsites%2F35%2F2020%2F11%2FHOPE_INGENIA.pdf|target:_blank\u00bb][\/vc_column_inner][vc_column_inner width=\u00bb1\/2&#8243;][vc_btn title=\u00bb\u00bfC\u00f3mo puedo colaborar?\u00bb style=\u00bbcustom\u00bb custom_background=\u00bb#5c068c\u00bb custom_text=\u00bb#ffffff\u00bb align=\u00bbcenter\u00bb button_block=\u00bbtrue\u00bb link=\u00bburl:https%3A%2F%2Fdocs.google.com%2Fforms%2Fd%2Fe%2F1FAIpQLSeVxzTsGSbnPxJ2tJ2cpqTNEpqguPt30mzUJtgBEkiiBEUQXw%2Fviewform|target:_blank\u00bb][\/vc_column_inner][\/vc_row_inner][\/vc_column][vc_column width=\u00bb1\/2&#8243;][vc_column_text] Proyecto: H.O.P.E. Dotaci\u00f3n: 1.500\u20ac Equipo Promotor: Claudia Hern\u00e1ndez Rodr\u00edguez, Isabel Valeria De Armas...","og_url":"https:\/\/www.ull.es\/portal\/ingenia\/h-o-p-e\/","og_site_name":"ingenia","article_modified_time":"2023-09-25T14:17:20+00:00","og_image":[{"url":"https:\/\/www.ull.es\/portal\/ingenia\/wp-content\/uploads\/sites\/35\/2020\/09\/New-Project-7.jpg"}],"twitter_card":"summary_large_image","twitter_misc":{"Tiempo de lectura":"3 minutos"},"schema":{"@context":"https:\/\/schema.org","@graph":[{"@type":"WebPage","@id":"https:\/\/www.ull.es\/portal\/ingenia\/h-o-p-e\/","url":"https:\/\/www.ull.es\/portal\/ingenia\/h-o-p-e\/","name":"H.O.P.E. - ingenia","isPartOf":{"@id":"https:\/\/www.ull.es\/portal\/ingenia\/#website"},"datePublished":"2020-09-22T13:37:23+00:00","dateModified":"2023-09-25T14:17:20+00:00","inLanguage":"es","potentialAction":[{"@type":"ReadAction","target":["https:\/\/www.ull.es\/portal\/ingenia\/h-o-p-e\/"]}]},{"@type":"WebSite","@id":"https:\/\/www.ull.es\/portal\/ingenia\/#website","url":"https:\/\/www.ull.es\/portal\/ingenia\/","name":"ingenia","description":"","potentialAction":[{"@type":"SearchAction","target":{"@type":"EntryPoint","urlTemplate":"https:\/\/www.ull.es\/portal\/ingenia\/?s={search_term_string}"},"query-input":"required name=search_term_string"}],"inLanguage":"es"}]}},"_links":{"self":[{"href":"https:\/\/www.ull.es\/portal\/ingenia\/wp-json\/wp\/v2\/pages\/339"}],"collection":[{"href":"https:\/\/www.ull.es\/portal\/ingenia\/wp-json\/wp\/v2\/pages"}],"about":[{"href":"https:\/\/www.ull.es\/portal\/ingenia\/wp-json\/wp\/v2\/types\/page"}],"author":[{"embeddable":true,"href":"https:\/\/www.ull.es\/portal\/ingenia\/wp-json\/wp\/v2\/users\/71"}],"replies":[{"embeddable":true,"href":"https:\/\/www.ull.es\/portal\/ingenia\/wp-json\/wp\/v2\/comments?post=339"}],"version-history":[{"count":7,"href":"https:\/\/www.ull.es\/portal\/ingenia\/wp-json\/wp\/v2\/pages\/339\/revisions"}],"predecessor-version":[{"id":635,"href":"https:\/\/www.ull.es\/portal\/ingenia\/wp-json\/wp\/v2\/pages\/339\/revisions\/635"}],"wp:attachment":[{"href":"https:\/\/www.ull.es\/portal\/ingenia\/wp-json\/wp\/v2\/media?parent=339"}],"curies":[{"name":"wp","href":"https:\/\/api.w.org\/{rel}","templated":true}]}}