{"id":350,"date":"2020-09-22T13:53:36","date_gmt":"2020-09-22T13:53:36","guid":{"rendered":"https:\/\/www.ull.es\/portal\/ingenia\/?page_id=350"},"modified":"2020-09-30T10:02:15","modified_gmt":"2020-09-30T10:02:15","slug":"semaforo-ambiental","status":"publish","type":"page","link":"https:\/\/www.ull.es\/portal\/ingenia\/semaforo-ambiental\/","title":{"rendered":"Sem\u00e1foro ambiental"},"content":{"rendered":"[vc_row full_width=\u00bbstretch_row_content\u00bb][vc_column][vc_column_text]\n<h2 style=\"font-family: ArgentumSans;font-weight: bold;font-size: 36px;text-align: center;color: #5c068c\">Sem\u00e1foro ambiental<\/h2>\n[\/vc_column_text][vc_single_image image=\u00bb196&#8243; img_size=\u00bbmedium\u00bb alignment=\u00bbcenter\u00bb][vc_empty_space height=\u00bb42px\u00bb][\/vc_column][\/vc_row][vc_row full_width=\u00bbstretch_row_content\u00bb][vc_column width=\u00bb1\/2&#8243;][vc_video link=\u00bbhttps:\/\/www.youtube.com\/watch?v=Bdr7QQ8ZMvU\u00bb align=\u00bbcenter\u00bb css=\u00bb.vc_custom_1600782591822{padding-right: 20px !important;padding-left: 20px !important;}\u00bb][vc_row_inner css=\u00bb.vc_custom_1600864575586{padding-right: 20px !important;padding-left: 20px !important;}\u00bb][vc_column_inner width=\u00bb1\/2&#8243;][vc_btn title=\u00bbDescargar Dossier\u00bb style=\u00bbcustom\u00bb custom_background=\u00bb#5c068c\u00bb custom_text=\u00bb#ffffff\u00bb align=\u00bbcenter\u00bb button_block=\u00bbtrue\u00bb link=\u00bburl:https%3A%2F%2Fwww.ull.es%2Fportal%2Fingenia%2Fwp-content%2Fuploads%2Fsites%2F35%2F2020%2F09%2FSemaforo-ambiental_INGENIA.pdf|target:_blank\u00bb][\/vc_column_inner][vc_column_inner width=\u00bb1\/2&#8243;][vc_btn title=\u00bb\u00bfC\u00f3mo puedo colaborar?\u00bb style=\u00bbcustom\u00bb custom_background=\u00bb#5c068c\u00bb custom_text=\u00bb#ffffff\u00bb align=\u00bbcenter\u00bb button_block=\u00bbtrue\u00bb link=\u00bburl:https%3A%2F%2Fdocs.google.com%2Fforms%2Fd%2Fe%2F1FAIpQLSeVxzTsGSbnPxJ2tJ2cpqTNEpqguPt30mzUJtgBEkiiBEUQXw%2Fviewform|target:_blank\u00bb][\/vc_column_inner][\/vc_row_inner][\/vc_column][vc_column width=\u00bb1\/2&#8243;][vc_column_text]\n<ul>\n<li style=\"padding: 0px 50px 0px 0px\"><strong>Proyecto:<\/strong> Sem\u00e1foro ambiental<\/li>\n<li><strong>Dotaci\u00f3n:<\/strong> 800\u20ac<\/li>\n<li><strong>Equipo Promotor:<\/strong> Sebasti\u00e1n Medina Ni\u00f1o, Roberto Morales Fumero, Giovanni Andres D&#8217; Andrea A\u00f1ez y Luc\u00eda Moreno Garc\u00eda<\/li>\n<li><strong>Centro educativo:<\/strong> IES Granadilla de Abona<\/li>\n<li><strong>Redes Sociales:<\/strong>\n<ul>\n<li>Instagram: <a href=\"https:\/\/www.instagram.com\/iesgranadilla\/\" target=\"_blank\" rel=\"noopener noreferrer\" target=\"_blank\" rel=\"noopener\">@iesgranadilla<\/a><\/li>\n<li>Facebook: <a href=\"https:\/\/www.facebook.com\/iesgranadilla.deabona.9\" target=\"_blank\" rel=\"noopener noreferrer\" target=\"_blank\" rel=\"noopener\">@iesgranadilla.deabona.9<\/a><\/li>\n<\/ul>\n<\/li>\n<\/ul>\n<p><img decoding=\"async\" loading=\"lazy\" class=\"alignnone wp-image-351 size-full\" src=\"https:\/\/www.ull.es\/portal\/ingenia\/wp-content\/uploads\/sites\/35\/2020\/09\/New-Project-9.jpg\" alt=\"\" width=\"225\" height=\"75\" \/>[\/vc_column_text][\/vc_column][\/vc_row][vc_row full_width=\u00bbstretch_row_content\u00bb][vc_column][vc_empty_space height=\u00bb42px\u00bb][vc_column_text]\n<h3 style=\"font-family: ArgentumSans;font-weight: bold;font-size: 26px;text-align: center;color: #5c068c\">DESCRIPCI\u00d3N DEL PROYECTO<\/h3>\n<p style=\"text-align: center;font-size: 16px;font-family: ArgentumSans;padding: 10px 35px 10px 35px\">\u201cSem\u00e1foro ambiental\u201d nace como un proyecto de Aprendizaje-Servicio desarrollado por el alumnado del IES Granadilla de Abona con el objetivo de concienciar a la poblaci\u00f3n sobre par\u00e1metros ambientales que ponen en riesgo la salud, como la calidad del aire y la radiaci\u00f3n ultravioleta, causante de m\u00faltiples enfermedades. Esta soluci\u00f3n tecnol\u00f3gica se llevar\u00e1 a cabo a trav\u00e9s de un panel informativo en un lugar de m\u00e1xima visibilidad dentro del municipio de Granadilla de Abona.<\/p>\n[\/vc_column_text][vc_empty_space height=\u00bb42px\u00bb][\/vc_column][\/vc_row][vc_row full_width=\u00bbstretch_row_content\u00bb][vc_column width=\u00bb1\/2&#8243;][vc_column_text]\n<p style=\"text-align: center;font-size: 16px;font-family: ArgentumSans;color: #5c068c\">MENTOR<br \/>\n<span style=\"text-align: center;font-size: 21px;font-family: ArgentumSans;color: #3d3d3d\"><strong>F\u00e9lix Jonay Mayoral Guti\u00e9rrez<\/strong><\/span><\/p>\n[\/vc_column_text][vc_single_image image=\u00bb205&#8243; alignment=\u00bbcenter\u00bb style=\u00bbvc_box_circle_2&#8243;][vc_column_text]\n<p style=\"text-align: center;font-size: 12px;font-family: ArgentumSans;padding: 10px 50px 10px 50px\">Docente de la Consejer\u00eda de Educaci\u00f3n del Gobierno de Canarias en la especialidad de Tecnolog\u00eda. Vuelco todo mi esfuerzo en que mis estudiantes sean los protagonistas de su propio aprendizaje, despertando en ellos el pensamiento cr\u00edtico y la creatividad. Para ello empleo metodolog\u00edas activas, como el Aprendizaje-Servicio, desarrollando soluciones tecnol\u00f3gicas que tengan impacto en su entorno m\u00e1s cercano. Actualmente desarrollo mi trabajo en el Instituto de Ense\u00f1anza Secundaria de Granadilla de Abona.<\/p>\n[\/vc_column_text][\/vc_column][vc_column width=\u00bb1\/2&#8243;][vc_column_text]\n<p style=\"text-align: center;font-size: 16px;font-family: ArgentumSans;color: #5c068c\">FACILITADOR<br \/>\n<span style=\"text-align: center;font-size: 21px;font-family: ArgentumSans;color: #3d3d3d\"><strong>Cristopher Dom\u00ednguez Hern\u00e1ndez<\/strong><\/span><\/p>\n[\/vc_column_text][vc_single_image image=\u00bb213&#8243; alignment=\u00bbcenter\u00bb style=\u00bbvc_box_circle_2&#8243;][vc_column_text]\n<p style=\"text-align: center;font-size: 12px;font-family: ArgentumSans;padding: 10px 50px 10px 50px\">Ambient\u00f3logo con especialidad en gesti\u00f3n de aguas y residuos, con amplia experiencia como educador ambiental, divulgador cient\u00edfico y monitor en campus de la ciencia de la Universidad de La Laguna. Cofundador de Proyecto Ag\u00fce, enfocado a la consecuci\u00f3n de los Objetivos de Desarrollo Sostenible y en concreto al uso sostenible y responsable del agua en Canarias. Inquieto y siempre buscando que hacer, son condiciones que me han llevado a adquirir formaci\u00f3n complementaria en \u00e1reas relacionadas con mi formaci\u00f3n, como es la gesti\u00f3n de recursos h\u00eddricos, adem\u00e1s de ir m\u00e1s all\u00e1 y adquirir conocimientos en diferentes ramas como la innovaci\u00f3n, form\u00e1ndome como Gestor de la Innovaci\u00f3n.<\/p>\n[\/vc_column_text][\/vc_column][\/vc_row][vc_row][vc_column][vc_column_text]\n[\/vc_column_text][\/vc_column][\/vc_row][vc_row][vc_column][vc_column_text]\n[\/vc_column_text][\/vc_column][\/vc_row]\n","protected":false},"excerpt":{"rendered":"<p>[vc_row full_width=\u00bbstretch_row_content\u00bb][vc_column][vc_column_text] Sem\u00e1foro ambiental [\/vc_column_text][vc_single_image image=\u00bb196&#8243; img_size=\u00bbmedium\u00bb alignment=\u00bbcenter\u00bb][vc_empty_space height=\u00bb42px\u00bb][\/vc_column][\/vc_row][vc_row full_width=\u00bbstretch_row_content\u00bb][vc_column width=\u00bb1\/2&#8243;][vc_video link=\u00bbhttps:\/\/www.youtube.com\/watch?v=Bdr7QQ8ZMvU\u00bb align=\u00bbcenter\u00bb css=\u00bb.vc_custom_1600782591822{padding-right: 20px !important;padding-left: 20px !important;}\u00bb][vc_row_inner css=\u00bb.vc_custom_1600864575586{padding-right: 20px !important;padding-left: 20px !important;}\u00bb][vc_column_inner width=\u00bb1\/2&#8243;][vc_btn title=\u00bbDescargar Dossier\u00bb style=\u00bbcustom\u00bb custom_background=\u00bb#5c068c\u00bb custom_text=\u00bb#ffffff\u00bb align=\u00bbcenter\u00bb button_block=\u00bbtrue\u00bb link=\u00bburl:https%3A%2F%2Fwww.ull.es%2Fportal%2Fingenia%2Fwp-content%2Fuploads%2Fsites%2F35%2F2020%2F09%2FSemaforo-ambiental_INGENIA.pdf|target:_blank\u00bb][\/vc_column_inner][vc_column_inner width=\u00bb1\/2&#8243;][vc_btn title=\u00bb\u00bfC\u00f3mo puedo colaborar?\u00bb style=\u00bbcustom\u00bb custom_background=\u00bb#5c068c\u00bb custom_text=\u00bb#ffffff\u00bb align=\u00bbcenter\u00bb button_block=\u00bbtrue\u00bb link=\u00bburl:https%3A%2F%2Fdocs.google.com%2Fforms%2Fd%2Fe%2F1FAIpQLSeVxzTsGSbnPxJ2tJ2cpqTNEpqguPt30mzUJtgBEkiiBEUQXw%2Fviewform|target:_blank\u00bb][\/vc_column_inner][\/vc_row_inner][\/vc_column][vc_column width=\u00bb1\/2&#8243;][vc_column_text] Proyecto: Sem\u00e1foro ambiental Dotaci\u00f3n: 800\u20ac Equipo Promotor: Sebasti\u00e1n Medina Ni\u00f1o, Roberto Morales&#8230;<\/p>\n","protected":false},"author":71,"featured_media":0,"parent":0,"menu_order":0,"comment_status":"closed","ping_status":"closed","template":"","meta":{"inline_featured_image":false,"footnotes":""},"acf":[],"yoast_head":"<!-- This site is optimized with the Yoast SEO plugin v21.3 - https:\/\/yoast.com\/wordpress\/plugins\/seo\/ -->\n<title>Sem\u00e1foro ambiental - ingenia<\/title>\n<meta name=\"robots\" content=\"index, follow, max-snippet:-1, max-image-preview:large, max-video-preview:-1\" \/>\n<link rel=\"canonical\" href=\"https:\/\/www.ull.es\/portal\/ingenia\/semaforo-ambiental\/\" \/>\n<meta property=\"og:locale\" content=\"es_ES\" \/>\n<meta property=\"og:type\" content=\"article\" \/>\n<meta property=\"og:title\" content=\"Sem\u00e1foro ambiental - ingenia\" \/>\n<meta property=\"og:description\" content=\"[vc_row full_width=\u00bbstretch_row_content\u00bb][vc_column][vc_column_text] Sem\u00e1foro ambiental [\/vc_column_text][vc_single_image image=\u00bb196&#8243; img_size=\u00bbmedium\u00bb alignment=\u00bbcenter\u00bb][vc_empty_space height=\u00bb42px\u00bb][\/vc_column][\/vc_row][vc_row full_width=\u00bbstretch_row_content\u00bb][vc_column width=\u00bb1\/2&#8243;][vc_video link=\u00bbhttps:\/\/www.youtube.com\/watch?v=Bdr7QQ8ZMvU\u00bb align=\u00bbcenter\u00bb css=\u00bb.vc_custom_1600782591822{padding-right: 20px !important;padding-left: 20px !important;}\u00bb][vc_row_inner css=\u00bb.vc_custom_1600864575586{padding-right: 20px !important;padding-left: 20px !important;}\u00bb][vc_column_inner width=\u00bb1\/2&#8243;][vc_btn title=\u00bbDescargar Dossier\u00bb style=\u00bbcustom\u00bb custom_background=\u00bb#5c068c\u00bb custom_text=\u00bb#ffffff\u00bb align=\u00bbcenter\u00bb button_block=\u00bbtrue\u00bb link=\u00bburl:https%3A%2F%2Fwww.ull.es%2Fportal%2Fingenia%2Fwp-content%2Fuploads%2Fsites%2F35%2F2020%2F09%2FSemaforo-ambiental_INGENIA.pdf|target:_blank\u00bb][\/vc_column_inner][vc_column_inner width=\u00bb1\/2&#8243;][vc_btn title=\u00bb\u00bfC\u00f3mo puedo colaborar?\u00bb style=\u00bbcustom\u00bb custom_background=\u00bb#5c068c\u00bb custom_text=\u00bb#ffffff\u00bb align=\u00bbcenter\u00bb button_block=\u00bbtrue\u00bb link=\u00bburl:https%3A%2F%2Fdocs.google.com%2Fforms%2Fd%2Fe%2F1FAIpQLSeVxzTsGSbnPxJ2tJ2cpqTNEpqguPt30mzUJtgBEkiiBEUQXw%2Fviewform|target:_blank\u00bb][\/vc_column_inner][\/vc_row_inner][\/vc_column][vc_column width=\u00bb1\/2&#8243;][vc_column_text] Proyecto: Sem\u00e1foro ambiental Dotaci\u00f3n: 800\u20ac Equipo Promotor: Sebasti\u00e1n Medina Ni\u00f1o, Roberto Morales...\" \/>\n<meta property=\"og:url\" content=\"https:\/\/www.ull.es\/portal\/ingenia\/semaforo-ambiental\/\" \/>\n<meta property=\"og:site_name\" content=\"ingenia\" \/>\n<meta property=\"article:modified_time\" content=\"2020-09-30T10:02:15+00:00\" \/>\n<meta property=\"og:image\" content=\"https:\/\/www.ull.es\/portal\/ingenia\/wp-content\/uploads\/sites\/35\/2020\/09\/New-Project-9.jpg\" \/>\n<meta name=\"twitter:card\" content=\"summary_large_image\" \/>\n<meta name=\"twitter:label1\" content=\"Tiempo de lectura\" \/>\n\t<meta name=\"twitter:data1\" content=\"3 minutos\" \/>\n<script type=\"application\/ld+json\" class=\"yoast-schema-graph\">{\"@context\":\"https:\/\/schema.org\",\"@graph\":[{\"@type\":\"WebPage\",\"@id\":\"https:\/\/www.ull.es\/portal\/ingenia\/semaforo-ambiental\/\",\"url\":\"https:\/\/www.ull.es\/portal\/ingenia\/semaforo-ambiental\/\",\"name\":\"Sem\u00e1foro ambiental - ingenia\",\"isPartOf\":{\"@id\":\"https:\/\/www.ull.es\/portal\/ingenia\/#website\"},\"datePublished\":\"2020-09-22T13:53:36+00:00\",\"dateModified\":\"2020-09-30T10:02:15+00:00\",\"inLanguage\":\"es\",\"potentialAction\":[{\"@type\":\"ReadAction\",\"target\":[\"https:\/\/www.ull.es\/portal\/ingenia\/semaforo-ambiental\/\"]}]},{\"@type\":\"WebSite\",\"@id\":\"https:\/\/www.ull.es\/portal\/ingenia\/#website\",\"url\":\"https:\/\/www.ull.es\/portal\/ingenia\/\",\"name\":\"ingenia\",\"description\":\"\",\"potentialAction\":[{\"@type\":\"SearchAction\",\"target\":{\"@type\":\"EntryPoint\",\"urlTemplate\":\"https:\/\/www.ull.es\/portal\/ingenia\/?s={search_term_string}\"},\"query-input\":\"required name=search_term_string\"}],\"inLanguage\":\"es\"}]}<\/script>\n<!-- \/ Yoast SEO plugin. -->","yoast_head_json":{"title":"Sem\u00e1foro ambiental - ingenia","robots":{"index":"index","follow":"follow","max-snippet":"max-snippet:-1","max-image-preview":"max-image-preview:large","max-video-preview":"max-video-preview:-1"},"canonical":"https:\/\/www.ull.es\/portal\/ingenia\/semaforo-ambiental\/","og_locale":"es_ES","og_type":"article","og_title":"Sem\u00e1foro ambiental - ingenia","og_description":"[vc_row full_width=\u00bbstretch_row_content\u00bb][vc_column][vc_column_text] Sem\u00e1foro ambiental [\/vc_column_text][vc_single_image image=\u00bb196&#8243; img_size=\u00bbmedium\u00bb alignment=\u00bbcenter\u00bb][vc_empty_space height=\u00bb42px\u00bb][\/vc_column][\/vc_row][vc_row full_width=\u00bbstretch_row_content\u00bb][vc_column width=\u00bb1\/2&#8243;][vc_video link=\u00bbhttps:\/\/www.youtube.com\/watch?v=Bdr7QQ8ZMvU\u00bb align=\u00bbcenter\u00bb css=\u00bb.vc_custom_1600782591822{padding-right: 20px !important;padding-left: 20px !important;}\u00bb][vc_row_inner css=\u00bb.vc_custom_1600864575586{padding-right: 20px !important;padding-left: 20px !important;}\u00bb][vc_column_inner width=\u00bb1\/2&#8243;][vc_btn title=\u00bbDescargar Dossier\u00bb style=\u00bbcustom\u00bb custom_background=\u00bb#5c068c\u00bb custom_text=\u00bb#ffffff\u00bb align=\u00bbcenter\u00bb button_block=\u00bbtrue\u00bb link=\u00bburl:https%3A%2F%2Fwww.ull.es%2Fportal%2Fingenia%2Fwp-content%2Fuploads%2Fsites%2F35%2F2020%2F09%2FSemaforo-ambiental_INGENIA.pdf|target:_blank\u00bb][\/vc_column_inner][vc_column_inner width=\u00bb1\/2&#8243;][vc_btn title=\u00bb\u00bfC\u00f3mo puedo colaborar?\u00bb style=\u00bbcustom\u00bb custom_background=\u00bb#5c068c\u00bb custom_text=\u00bb#ffffff\u00bb align=\u00bbcenter\u00bb button_block=\u00bbtrue\u00bb link=\u00bburl:https%3A%2F%2Fdocs.google.com%2Fforms%2Fd%2Fe%2F1FAIpQLSeVxzTsGSbnPxJ2tJ2cpqTNEpqguPt30mzUJtgBEkiiBEUQXw%2Fviewform|target:_blank\u00bb][\/vc_column_inner][\/vc_row_inner][\/vc_column][vc_column width=\u00bb1\/2&#8243;][vc_column_text] Proyecto: Sem\u00e1foro ambiental Dotaci\u00f3n: 800\u20ac Equipo Promotor: Sebasti\u00e1n Medina Ni\u00f1o, Roberto Morales...","og_url":"https:\/\/www.ull.es\/portal\/ingenia\/semaforo-ambiental\/","og_site_name":"ingenia","article_modified_time":"2020-09-30T10:02:15+00:00","og_image":[{"url":"https:\/\/www.ull.es\/portal\/ingenia\/wp-content\/uploads\/sites\/35\/2020\/09\/New-Project-9.jpg"}],"twitter_card":"summary_large_image","twitter_misc":{"Tiempo de lectura":"3 minutos"},"schema":{"@context":"https:\/\/schema.org","@graph":[{"@type":"WebPage","@id":"https:\/\/www.ull.es\/portal\/ingenia\/semaforo-ambiental\/","url":"https:\/\/www.ull.es\/portal\/ingenia\/semaforo-ambiental\/","name":"Sem\u00e1foro ambiental - ingenia","isPartOf":{"@id":"https:\/\/www.ull.es\/portal\/ingenia\/#website"},"datePublished":"2020-09-22T13:53:36+00:00","dateModified":"2020-09-30T10:02:15+00:00","inLanguage":"es","potentialAction":[{"@type":"ReadAction","target":["https:\/\/www.ull.es\/portal\/ingenia\/semaforo-ambiental\/"]}]},{"@type":"WebSite","@id":"https:\/\/www.ull.es\/portal\/ingenia\/#website","url":"https:\/\/www.ull.es\/portal\/ingenia\/","name":"ingenia","description":"","potentialAction":[{"@type":"SearchAction","target":{"@type":"EntryPoint","urlTemplate":"https:\/\/www.ull.es\/portal\/ingenia\/?s={search_term_string}"},"query-input":"required name=search_term_string"}],"inLanguage":"es"}]}},"_links":{"self":[{"href":"https:\/\/www.ull.es\/portal\/ingenia\/wp-json\/wp\/v2\/pages\/350"}],"collection":[{"href":"https:\/\/www.ull.es\/portal\/ingenia\/wp-json\/wp\/v2\/pages"}],"about":[{"href":"https:\/\/www.ull.es\/portal\/ingenia\/wp-json\/wp\/v2\/types\/page"}],"author":[{"embeddable":true,"href":"https:\/\/www.ull.es\/portal\/ingenia\/wp-json\/wp\/v2\/users\/71"}],"replies":[{"embeddable":true,"href":"https:\/\/www.ull.es\/portal\/ingenia\/wp-json\/wp\/v2\/comments?post=350"}],"version-history":[{"count":9,"href":"https:\/\/www.ull.es\/portal\/ingenia\/wp-json\/wp\/v2\/pages\/350\/revisions"}],"predecessor-version":[{"id":536,"href":"https:\/\/www.ull.es\/portal\/ingenia\/wp-json\/wp\/v2\/pages\/350\/revisions\/536"}],"wp:attachment":[{"href":"https:\/\/www.ull.es\/portal\/ingenia\/wp-json\/wp\/v2\/media?parent=350"}],"curies":[{"name":"wp","href":"https:\/\/api.w.org\/{rel}","templated":true}]}}