{"id":683,"date":"2020-12-14T13:30:54","date_gmt":"2020-12-14T13:30:54","guid":{"rendered":"https:\/\/www.ull.es\/portal\/ingenia\/?page_id=683"},"modified":"2025-12-04T15:37:45","modified_gmt":"2025-12-04T15:37:45","slug":"proyectos-2020-i-edicion-de-ingenia","status":"publish","type":"page","link":"https:\/\/www.ull.es\/portal\/ingenia\/proyectos-2020-i-edicion-de-ingenia\/","title":{"rendered":"PROYECTOS 2020 &#8211; I Edici\u00f3n de INGENIA"},"content":{"rendered":"[vc_row full_width=\u00bbstretch_row_content\u00bb][vc_column][vc_single_image image=\u00bb626&#8243; img_size=\u00bbfull\u00bb alignment=\u00bbcenter\u00bb style=\u00bbvc_box_rounded\u00bb onclick=\u00bbzoom\u00bb css_animation=\u00bbbounceIn\u00bb][vc_empty_space height=\u00bb60px\u00bb][vc_row_inner][vc_column_inner width=\u00bb1\/5&#8243;][vc_column_text css_animation=\u00bbslideInDown\u00bb]\n<h3 style=\"font-family: ArgentumSans;font-weight: bold;font-size: 40px;text-align: center;color: #5c068c\">12<\/h3>\n[\/vc_column_text][vc_column_text css_animation=\u00bbfadeIn\u00bb]\n<h3 style=\"font-family: ArgentumSans;font-weight: bold;font-size: 20px;text-align: center;color: #5c068c\">PROYECTOS<\/h3>\n[\/vc_column_text][\/vc_column_inner][vc_column_inner width=\u00bb1\/5&#8243;][vc_column_text css_animation=\u00bbslideInDown\u00bb]\n<h3 style=\"font-family: ArgentumSans;font-weight: bold;font-size: 40px;text-align: center;color: #5c068c\">48<\/h3>\n[\/vc_column_text][vc_column_text css_animation=\u00bbfadeIn\u00bb]\n<h3 style=\"font-family: ArgentumSans;font-weight: bold;font-size: 20px;text-align: center;color: #5c068c\">ESTUDIANTES<\/h3>\n[\/vc_column_text][\/vc_column_inner][vc_column_inner width=\u00bb1\/5&#8243;][vc_column_text css_animation=\u00bbslideInDown\u00bb]\n<h3 style=\"font-family: ArgentumSans;font-weight: bold;font-size: 40px;text-align: center;color: #5c068c\">13<\/h3>\n[\/vc_column_text][vc_column_text css_animation=\u00bbfadeIn\u00bb]\n<h3 style=\"font-family: ArgentumSans;font-weight: bold;font-size: 20px;text-align: center;color: #5c068c\">MENTORAS\/ES<\/h3>\n[\/vc_column_text][\/vc_column_inner][vc_column_inner width=\u00bb1\/5&#8243;][vc_column_text css_animation=\u00bbslideInDown\u00bb]\n<h3 style=\"font-family: ArgentumSans;font-weight: bold;font-size: 40px;text-align: center;color: #5c068c\">9<\/h3>\n[\/vc_column_text][vc_column_text css_animation=\u00bbfadeIn\u00bb]\n<h3 style=\"font-family: ArgentumSans;font-weight: bold;font-size: 20px;text-align: center;color: #5c068c\">FACILITADORAS\/ES<\/h3>\n[\/vc_column_text][\/vc_column_inner][vc_column_inner width=\u00bb1\/5&#8243;][vc_column_text css_animation=\u00bbslideInDown\u00bb]\n<h3 style=\"font-family: ArgentumSans;font-weight: bold;font-size: 40px;text-align: center;color: #5c068c\">8<\/h3>\n[\/vc_column_text][vc_column_text css_animation=\u00bbfadeIn\u00bb]\n<h3 style=\"font-family: ArgentumSans;font-weight: bold;font-size: 20px;text-align: center;color: #5c068c\">FORMADORAS\/ES<\/h3>\n[\/vc_column_text][\/vc_column_inner][\/vc_row_inner][vc_empty_space height=\u00bb60px\u00bb][vc_column_text]\n<h2 style=\"font-family: ArgentumSans;font-weight: bold;font-size: 36px;text-align: center;color: #5c068c;padding-bottom: 40px\">Descubre los Proyectos de la I Edici\u00f3n de INGENIA<\/h2>\n[\/vc_column_text][vc_empty_space height=\u00bb60px\u00bb][\/vc_column][\/vc_row][vc_row full_width=\u00bbstretch_row_content\u00bb][vc_column][vc_row_inner][vc_column_inner width=\u00bb1\/6&#8243;][vc_single_image image=\u00bb194&#8243; img_size=\u00bbmedium\u00bb alignment=\u00bbcenter\u00bb css_animation=\u00bbfadeIn\u00bb][vc_column_text css_animation=\u00bbfadeIn\u00bb]\n<p style=\"text-align: center\"><strong>Nunca Solo<\/strong><\/p>\n[\/vc_column_text][vc_btn title=\u00bbM\u00e1s Informaci\u00f3n\u00bb style=\u00bboutline-custom\u00bb outline_custom_color=\u00bb#5c068c\u00bb outline_custom_hover_background=\u00bb#5c068c\u00bb outline_custom_hover_text=\u00bb#ffffff\u00bb align=\u00bbcenter\u00bb css_animation=\u00bbfadeIn\u00bb button_block=\u00bbtrue\u00bb link=\u00bburl:https%3A%2F%2Fwww.ull.es%2Fportal%2Fingenia%2Fnunca-solo%2F|title:Nunca%20Solo\u00bb][vc_empty_space][\/vc_column_inner][vc_column_inner width=\u00bb1\/6&#8243;][vc_single_image image=\u00bb193&#8243; img_size=\u00bbmedium\u00bb alignment=\u00bbcenter\u00bb css_animation=\u00bbfadeIn\u00bb][vc_column_text css_animation=\u00bbfadeIn\u00bb]\n<p style=\"text-align: center;font-size: 13px\"><strong>National Plastographic<br \/>\n<\/strong>[\/vc_column_text][vc_btn title=\u00bbM\u00e1s Informaci\u00f3n\u00bb style=\u00bboutline-custom\u00bb outline_custom_color=\u00bb#5c068c\u00bb outline_custom_hover_background=\u00bb#5c068c\u00bb outline_custom_hover_text=\u00bb#ffffff\u00bb align=\u00bbcenter\u00bb css_animation=\u00bbfadeIn\u00bb button_block=\u00bbtrue\u00bb link=\u00bburl:https%3A%2F%2Fwww.ull.es%2Fportal%2Fingenia%2Fnational-plastographic%2F|title:Nunca%20Solo\u00bb css=\u00bb.vc_custom_1600951308386{padding-top: 5px !important;}\u00bb][vc_empty_space][\/vc_column_inner][vc_column_inner width=\u00bb1\/6&#8243;][vc_single_image image=\u00bb200&#8243; img_size=\u00bbmedium\u00bb alignment=\u00bbcenter\u00bb css_animation=\u00bbfadeIn\u00bb][vc_column_text css_animation=\u00bbfadeIn\u00bb]\n<p style=\"text-align: center\"><strong>ICR<\/strong><\/p>\n[\/vc_column_text][vc_btn title=\u00bbM\u00e1s Informaci\u00f3n\u00bb style=\u00bboutline-custom\u00bb outline_custom_color=\u00bb#5c068c\u00bb outline_custom_hover_background=\u00bb#5c068c\u00bb outline_custom_hover_text=\u00bb#ffffff\u00bb align=\u00bbcenter\u00bb css_animation=\u00bbfadeIn\u00bb button_block=\u00bbtrue\u00bb link=\u00bburl:https%3A%2F%2Fwww.ull.es%2Fportal%2Fingenia%2Ficr-2%2F|title:Nunca%20Solo\u00bb][vc_empty_space][\/vc_column_inner][vc_column_inner width=\u00bb1\/6&#8243;][vc_single_image image=\u00bb189&#8243; img_size=\u00bbmedium\u00bb alignment=\u00bbcenter\u00bb css_animation=\u00bbfadeIn\u00bb][vc_column_text css_animation=\u00bbfadeIn\u00bb]\n<p style=\"text-align: center\"><strong>Agr\u00edcolas composta<\/strong><\/p>\n[\/vc_column_text][vc_btn title=\u00bbM\u00e1s Informaci\u00f3n\u00bb style=\u00bboutline-custom\u00bb outline_custom_color=\u00bb#5c068c\u00bb outline_custom_hover_background=\u00bb#5c068c\u00bb outline_custom_hover_text=\u00bb#ffffff\u00bb align=\u00bbcenter\u00bb css_animation=\u00bbfadeIn\u00bb button_block=\u00bbtrue\u00bb link=\u00bburl:https%3A%2F%2Fwww.ull.es%2Fportal%2Fingenia%2Fagricolas-composta-2%2F|title:Nunca%20Solo\u00bb][vc_empty_space][\/vc_column_inner][vc_column_inner width=\u00bb1\/6&#8243;][vc_single_image image=\u00bb192&#8243; img_size=\u00bbmedium\u00bb alignment=\u00bbcenter\u00bb css_animation=\u00bbfadeIn\u00bb][vc_column_text css_animation=\u00bbfadeIn\u00bb]\n<p style=\"text-align: center\"><strong>Linteum<\/strong><\/p>\n[\/vc_column_text][vc_btn title=\u00bbM\u00e1s Informaci\u00f3n\u00bb style=\u00bboutline-custom\u00bb outline_custom_color=\u00bb#5c068c\u00bb outline_custom_hover_background=\u00bb#5c068c\u00bb outline_custom_hover_text=\u00bb#ffffff\u00bb align=\u00bbcenter\u00bb css_animation=\u00bbfadeIn\u00bb button_block=\u00bbtrue\u00bb link=\u00bburl:https%3A%2F%2Fwww.ull.es%2Fportal%2Fingenia%2Flinteum-2%2F|title:Nunca%20Solo\u00bb][vc_empty_space][\/vc_column_inner][vc_column_inner width=\u00bb1\/6&#8243;][vc_single_image image=\u00bb198&#8243; img_size=\u00bbmedium\u00bb alignment=\u00bbcenter\u00bb css_animation=\u00bbfadeIn\u00bb][vc_column_text css_animation=\u00bbfadeIn\u00bb]\n<p style=\"text-align: center\"><strong>EXOINV<\/strong><\/p>\n[\/vc_column_text][vc_btn title=\u00bbM\u00e1s Informaci\u00f3n\u00bb style=\u00bboutline-custom\u00bb outline_custom_color=\u00bb#5c068c\u00bb outline_custom_hover_background=\u00bb#5c068c\u00bb outline_custom_hover_text=\u00bb#ffffff\u00bb align=\u00bbcenter\u00bb css_animation=\u00bbfadeIn\u00bb button_block=\u00bbtrue\u00bb link=\u00bburl:https%3A%2F%2Fwww.ull.es%2Fportal%2Fingenia%2Fexoinv-2%2F|title:Nunca%20Solo\u00bb][vc_empty_space][\/vc_column_inner][\/vc_row_inner][vc_empty_space height=\u00bb60px\u00bb][vc_row_inner][vc_column_inner width=\u00bb1\/6&#8243;][vc_single_image image=\u00bb195&#8243; img_size=\u00bbmedium\u00bb alignment=\u00bbcenter\u00bb css_animation=\u00bbfadeIn\u00bb][vc_column_text css_animation=\u00bbfadeIn\u00bb]\n<p style=\"text-align: center\"><strong>ODS Young Team<\/strong><\/p>\n[\/vc_column_text][vc_btn title=\u00bbM\u00e1s Informaci\u00f3n\u00bb style=\u00bboutline-custom\u00bb outline_custom_color=\u00bb#5c068c\u00bb outline_custom_hover_background=\u00bb#5c068c\u00bb outline_custom_hover_text=\u00bb#ffffff\u00bb align=\u00bbcenter\u00bb css_animation=\u00bbfadeIn\u00bb button_block=\u00bbtrue\u00bb link=\u00bburl:https%3A%2F%2Fwww.ull.es%2Fportal%2Fingenia%2Fods-young-team%2F|title:Nunca%20Solo\u00bb][\/vc_column_inner][vc_column_inner width=\u00bb1\/6&#8243;][vc_single_image image=\u00bb199&#8243; img_size=\u00bbmedium\u00bb alignment=\u00bbcenter\u00bb css_animation=\u00bbfadeIn\u00bb][vc_column_text css_animation=\u00bbfadeIn\u00bb]\n<p style=\"text-align: center\"><strong>H.O.P.E. <\/strong><\/p>\n[\/vc_column_text][vc_btn title=\u00bbM\u00e1s Informaci\u00f3n\u00bb style=\u00bboutline-custom\u00bb outline_custom_color=\u00bb#5c068c\u00bb outline_custom_hover_background=\u00bb#5c068c\u00bb outline_custom_hover_text=\u00bb#ffffff\u00bb align=\u00bbcenter\u00bb css_animation=\u00bbfadeIn\u00bb button_block=\u00bbtrue\u00bb link=\u00bburl:https%3A%2F%2Fwww.ull.es%2Fportal%2Fingenia%2Fh-o-p-e%2F|title:Nunca%20Solo\u00bb][\/vc_column_inner][vc_column_inner width=\u00bb1\/6&#8243;][vc_single_image image=\u00bb197&#8243; img_size=\u00bbmedium\u00bb alignment=\u00bbcenter\u00bb css_animation=\u00bbfadeIn\u00bb][vc_column_text css_animation=\u00bbfadeIn\u00bb]\n<p style=\"text-align: center;font-size: 13px\"><strong>Biocompost Tur\u00edstico <\/strong><\/p>\n[\/vc_column_text][vc_btn title=\u00bbM\u00e1s Informaci\u00f3n\u00bb style=\u00bboutline-custom\u00bb outline_custom_color=\u00bb#5c068c\u00bb outline_custom_hover_background=\u00bb#5c068c\u00bb outline_custom_hover_text=\u00bb#ffffff\u00bb align=\u00bbcenter\u00bb css_animation=\u00bbfadeIn\u00bb button_block=\u00bbtrue\u00bb link=\u00bburl:https%3A%2F%2Fwww.ull.es%2Fportal%2Fingenia%2Fbiocompost-turistico-2%2F|title:Nunca%20Solo\u00bb css=\u00bb.vc_custom_1600951830589{padding-top: 5px !important;}\u00bb][\/vc_column_inner][vc_column_inner width=\u00bb1\/6&#8243;][vc_single_image image=\u00bb196&#8243; img_size=\u00bbmedium\u00bb alignment=\u00bbcenter\u00bb css_animation=\u00bbfadeIn\u00bb][vc_column_text css_animation=\u00bbfadeIn\u00bb]\n<p style=\"text-align: center\"><strong>Sem\u00e1foro ambiental <\/strong><\/p>\n[\/vc_column_text][vc_btn title=\u00bbM\u00e1s Informaci\u00f3n\u00bb style=\u00bboutline-custom\u00bb outline_custom_color=\u00bb#5c068c\u00bb outline_custom_hover_background=\u00bb#5c068c\u00bb outline_custom_hover_text=\u00bb#ffffff\u00bb align=\u00bbcenter\u00bb css_animation=\u00bbfadeIn\u00bb button_block=\u00bbtrue\u00bb link=\u00bburl:https%3A%2F%2Fwww.ull.es%2Fportal%2Fingenia%2Fsemaforo-ambiental%2F|title:Nunca%20Solo\u00bb][\/vc_column_inner][vc_column_inner width=\u00bb1\/6&#8243;][vc_single_image image=\u00bb190&#8243; img_size=\u00bbmedium\u00bb alignment=\u00bbcenter\u00bb css_animation=\u00bbfadeIn\u00bb][vc_column_text css_animation=\u00bbfadeIn\u00bb]\n<p style=\"text-align: center;font-size: 13px\"><strong>Jard\u00edn Did\u00e1ctico Canario<\/strong><\/p>\n[\/vc_column_text][vc_btn title=\u00bbM\u00e1s Informaci\u00f3n\u00bb style=\u00bboutline-custom\u00bb outline_custom_color=\u00bb#5c068c\u00bb outline_custom_hover_background=\u00bb#5c068c\u00bb outline_custom_hover_text=\u00bb#ffffff\u00bb align=\u00bbcenter\u00bb css_animation=\u00bbfadeIn\u00bb button_block=\u00bbtrue\u00bb link=\u00bburl:https%3A%2F%2Fwww.ull.es%2Fportal%2Fingenia%2Fjardin-didactico-canario%2F|title:Nunca%20Solo\u00bb css=\u00bb.vc_custom_1600951966263{padding-top: 5px !important;}\u00bb][\/vc_column_inner][vc_column_inner width=\u00bb1\/6&#8243;][vc_single_image image=\u00bb191&#8243; img_size=\u00bbmedium\u00bb alignment=\u00bbcenter\u00bb css_animation=\u00bbfadeIn\u00bb][vc_column_text css_animation=\u00bbfadeIn\u00bb]\n<p style=\"text-align: center\"><strong>La Taleguita<\/strong><\/p>\n[\/vc_column_text][vc_btn title=\u00bbM\u00e1s Informaci\u00f3n\u00bb style=\u00bboutline-custom\u00bb outline_custom_color=\u00bb#5c068c\u00bb outline_custom_hover_background=\u00bb#5c068c\u00bb outline_custom_hover_text=\u00bb#ffffff\u00bb align=\u00bbcenter\u00bb css_animation=\u00bbfadeIn\u00bb button_block=\u00bbtrue\u00bb link=\u00bburl:https%3A%2F%2Fwww.ull.es%2Fportal%2Fingenia%2Fla-taleguita%2F|title:Nunca%20Solo\u00bb][\/vc_column_inner][\/vc_row_inner][\/vc_column][\/vc_row][vc_row full_width=\u00bbstretch_row_content\u00bb css=\u00bb.vc_custom_1600865216361{padding-top: 10px !important;padding-right: 35px !important;padding-bottom: 10px !important;padding-left: 35px !important;}\u00bb][vc_column width=\u00bb1\/6&#8243;][\/vc_column][vc_column width=\u00bb2\/3&#8243;][vc_video link=\u00bbhttps:\/\/youtu.be\/f36JyitKuNA\u00bb align=\u00bbcenter\u00bb title=\u00bbMUESTRA DE LA 1\u00aa ED. DE PROYECTOS\u00bb][\/vc_column][vc_column width=\u00bb1\/6&#8243;][\/vc_column][\/vc_row][vc_row full_width=\u00bbstretch_row_content\u00bb css=\u00bb.vc_custom_1604500722453{padding-bottom: -20px !important;background-color: #ffffff !important;}\u00bb][vc_column][vc_empty_space height=\u00bb60px\u00bb][vc_column_text]\n<h2 style=\"font-family: ArgentumSans;font-weight: bold;font-size: 24px;text-align: center;color: #5c068c\">\u00a1Cont\u00e1ctanos y s\u00edguenos en nuestras redes sociales!<\/h2>\n[\/vc_column_text][vc_raw_html]JTNDc3R5bGUlM0UlMEElMjAlMjAlNDBpbXBvcnQlMjB1cmwlMjhodHRwcyUzQSUyRiUyRmNkbmpzLmNsb3VkZmxhcmUuY29tJTJGYWpheCUyRmxpYnMlMkZmb250LWF3ZXNvbWUlMkY0LjYuMyUyRmNzcyUyRmZvbnQtYXdlc29tZS5jc3MlMjklM0IlMEElMjAlMjAuc29jaWFsLWljb25zJTIwbGklMjAlN0IlMEElMjAlMjAlMjAlMjB2ZXJ0aWNhbC1hbGlnbiUzQSUyMHRvcCUzQiUwQSUyMCUyMCUyMCUyMGRpc3BsYXklM0ElMjBpbmxpbmUlM0IlMEElMjAlMjAlMjAlMjBmb250LXNpemUlM0ElMjAyLjJlbSUzQiUwQSUyMCUyMCUyMCUyMHBhZGRpbmclM0ElMjAwLjVlbSUzQiUwQSUyMCUyMCU3RCUwQSUzQyUyRnN0eWxlJTNFJTBBJTNDdWwlMjBjbGFzcyUzRCUyMnNvY2lhbC1pY29ucyUyMiUyMHN0eWxlJTNEJTIyZGlzcGxheSUzQSUyMGZsZXglM0IlMEElMjAlMjBqdXN0aWZ5LWNvbnRlbnQlM0ElMjBjZW50ZXIlM0IlMjIlM0UlMEElMjAlMjAlM0NsaSUzRSUzQ2ElMjBocmVmJTNEJTIyaHR0cHMlM0ElMkYlMkZ3d3cuZmFjZWJvb2suY29tJTJGSW5nZW5pYS1PRFMtMTAyMjQ1NjgxNTUwODQ4JTJGJTIyJTIwY2xhc3MlM0QlMjJzb2NpYWwtaWNvbiUyMiUyMHN0eWxlJTNEJTIyY29sb3IlM0ElMjAlMjM1YzA2OGMlM0IlMjIlM0UlMjAlM0NpJTIwY2xhc3MlM0QlMjJmYSUyMGZhLWZhY2Vib29rJTIyJTNFJTNDJTJGaSUzRSUzQyUyRmElM0UlM0MlMkZsaSUzRSUwQSUyMCUyMCUzQ2xpJTNFJTNDYSUyMGhyZWYlM0QlMjJodHRwcyUzQSUyRiUyRnd3dy5pbnN0YWdyYW0uY29tJTJGaW5nZW5pYW9kcyUyRiUyMiUyMGNsYXNzJTNEJTIyc29jaWFsLWljb24lMjIlMjBzdHlsZSUzRCUyMmNvbG9yJTNBJTIwJTIzNWMwNjhjJTNCJTIyJTNFJTIwJTNDaSUyMGNsYXNzJTNEJTIyZmElMjBmYS1pbnN0YWdyYW0lMjIlM0UlM0MlMkZpJTNFJTNDJTJGYSUzRSUwQSUzQ2xpJTNFJTNDYSUyMGhyZWYlM0QlMjJtYWlsdG8lM0FpbmdlbmlhJTQwdWxsLmVkdS5lcyUyMiUyMGNsYXNzJTNEJTIyc29jaWFsLWljb24lMjIlMjBzdHlsZSUzRCUyMmNvbG9yJTNBJTIwJTIzNWMwNjhjJTNCJTIyJTNFJTIwJTNDaSUyMGNsYXNzJTNEJTIyZmElMjBmYS1lbnZlbG9wZS1vJTIyJTNFJTNDJTJGaSUzRSUzQyUyRmElM0UlM0MlMkZsaSUzRSUwQSUzQ2xpJTNFJTNDYSUyMGhyZWYlM0QlMjJ0ZWwlM0E2NDkyMjY2MzYlMjIlMjBjbGFzcyUzRCUyMnNvY2lhbC1pY29uJTIyJTIwc3R5bGUlM0QlMjJjb2xvciUzQSUyMCUyMzVjMDY4YyUzQiUyMiUzRSUyMCUzQ2klMjBjbGFzcyUzRCUyMmZhJTIwZmEtcGhvbmUlMjIlM0UlM0MlMkZpJTNFJTNDJTJGYSUzRSUzQyUyRmxpJTNFJTBBJTBBJTNDJTJGdWwlM0U=[\/vc_raw_html][\/vc_column][\/vc_row][vc_row full_width=\u00bbstretch_row_content\u00bb css=\u00bb.vc_custom_1601037884399{background-color: #ffffff !important;}\u00bb][vc_column][vc_column_text]\n<h2 style=\"font-family: ArgentumSans;font-weight: bold;font-size: 24px;text-align: center;color: #5c068c\">Organiza:<\/h2>\n[\/vc_column_text][vc_single_image image=\u00bb158&#8243; img_size=\u00bblarge\u00bb alignment=\u00bbcenter\u00bb][vc_empty_space][vc_column_text]\n<p style=\"text-align: center;font-size: 16px;font-family: ArgentumSans;padding: 0px 50px 10px 50px\">INGENIA es un programa desarrollado por la Universidad de La Laguna (ULL) y gestionado por su Fundaci\u00f3n General (FGULL), que cuenta con la financiaci\u00f3n del Cabildo Insular de Tenerife, concretamente desde la Consejer\u00eda Insular de Empleo, Educaci\u00f3n y Juventud.<\/p>\n[\/vc_column_text][\/vc_column][\/vc_row]\n","protected":false},"excerpt":{"rendered":"<p>[vc_row full_width=\u00bbstretch_row_content\u00bb][vc_column][vc_single_image image=\u00bb626&#8243; img_size=\u00bbfull\u00bb alignment=\u00bbcenter\u00bb style=\u00bbvc_box_rounded\u00bb onclick=\u00bbzoom\u00bb css_animation=\u00bbbounceIn\u00bb][vc_empty_space height=\u00bb60px\u00bb][vc_row_inner][vc_column_inner width=\u00bb1\/5&#8243;][vc_column_text css_animation=\u00bbslideInDown\u00bb] 12 [\/vc_column_text][vc_column_text css_animation=\u00bbfadeIn\u00bb] PROYECTOS [\/vc_column_text][\/vc_column_inner][vc_column_inner width=\u00bb1\/5&#8243;][vc_column_text css_animation=\u00bbslideInDown\u00bb] 48 [\/vc_column_text][vc_column_text css_animation=\u00bbfadeIn\u00bb] ESTUDIANTES [\/vc_column_text][\/vc_column_inner][vc_column_inner width=\u00bb1\/5&#8243;][vc_column_text css_animation=\u00bbslideInDown\u00bb] 13 [\/vc_column_text][vc_column_text css_animation=\u00bbfadeIn\u00bb] MENTORAS\/ES [\/vc_column_text][\/vc_column_inner][vc_column_inner width=\u00bb1\/5&#8243;][vc_column_text css_animation=\u00bbslideInDown\u00bb] 9 [\/vc_column_text][vc_column_text css_animation=\u00bbfadeIn\u00bb] FACILITADORAS\/ES [\/vc_column_text][\/vc_column_inner][vc_column_inner width=\u00bb1\/5&#8243;][vc_column_text css_animation=\u00bbslideInDown\u00bb] 8 [\/vc_column_text][vc_column_text css_animation=\u00bbfadeIn\u00bb] FORMADORAS\/ES [\/vc_column_text][\/vc_column_inner][\/vc_row_inner][vc_empty_space height=\u00bb60px\u00bb][vc_column_text] Descubre los Proyectos de la I Edici\u00f3n de INGENIA [\/vc_column_text][vc_empty_space&#8230;<\/p>\n","protected":false},"author":71,"featured_media":697,"parent":0,"menu_order":0,"comment_status":"closed","ping_status":"closed","template":"templates\/template-no-title.php","meta":{"inline_featured_image":false,"footnotes":""},"acf":[],"yoast_head":"<!-- This site is optimized with the Yoast SEO plugin v21.3 - https:\/\/yoast.com\/wordpress\/plugins\/seo\/ -->\n<title>PROYECTOS 2020 - I Edici\u00f3n de INGENIA - ingenia<\/title>\n<meta name=\"robots\" content=\"index, follow, max-snippet:-1, max-image-preview:large, max-video-preview:-1\" \/>\n<link rel=\"canonical\" href=\"https:\/\/www.ull.es\/portal\/ingenia\/proyectos-2020-i-edicion-de-ingenia\/\" \/>\n<meta property=\"og:locale\" content=\"es_ES\" \/>\n<meta property=\"og:type\" content=\"article\" \/>\n<meta property=\"og:title\" content=\"PROYECTOS 2020 - I Edici\u00f3n de INGENIA - ingenia\" \/>\n<meta property=\"og:description\" content=\"[vc_row full_width=\u00bbstretch_row_content\u00bb][vc_column][vc_single_image image=\u00bb626&#8243; img_size=\u00bbfull\u00bb alignment=\u00bbcenter\u00bb style=\u00bbvc_box_rounded\u00bb onclick=\u00bbzoom\u00bb css_animation=\u00bbbounceIn\u00bb][vc_empty_space height=\u00bb60px\u00bb][vc_row_inner][vc_column_inner width=\u00bb1\/5&#8243;][vc_column_text css_animation=\u00bbslideInDown\u00bb] 12 [\/vc_column_text][vc_column_text css_animation=\u00bbfadeIn\u00bb] PROYECTOS [\/vc_column_text][\/vc_column_inner][vc_column_inner width=\u00bb1\/5&#8243;][vc_column_text css_animation=\u00bbslideInDown\u00bb] 48 [\/vc_column_text][vc_column_text css_animation=\u00bbfadeIn\u00bb] ESTUDIANTES [\/vc_column_text][\/vc_column_inner][vc_column_inner width=\u00bb1\/5&#8243;][vc_column_text css_animation=\u00bbslideInDown\u00bb] 13 [\/vc_column_text][vc_column_text css_animation=\u00bbfadeIn\u00bb] MENTORAS\/ES [\/vc_column_text][\/vc_column_inner][vc_column_inner width=\u00bb1\/5&#8243;][vc_column_text css_animation=\u00bbslideInDown\u00bb] 9 [\/vc_column_text][vc_column_text css_animation=\u00bbfadeIn\u00bb] FACILITADORAS\/ES [\/vc_column_text][\/vc_column_inner][vc_column_inner width=\u00bb1\/5&#8243;][vc_column_text css_animation=\u00bbslideInDown\u00bb] 8 [\/vc_column_text][vc_column_text css_animation=\u00bbfadeIn\u00bb] FORMADORAS\/ES [\/vc_column_text][\/vc_column_inner][\/vc_row_inner][vc_empty_space height=\u00bb60px\u00bb][vc_column_text] Descubre los Proyectos de la I Edici\u00f3n de INGENIA [\/vc_column_text][vc_empty_space...\" \/>\n<meta property=\"og:url\" content=\"https:\/\/www.ull.es\/portal\/ingenia\/proyectos-2020-i-edicion-de-ingenia\/\" \/>\n<meta property=\"og:site_name\" content=\"ingenia\" \/>\n<meta property=\"article:modified_time\" content=\"2025-12-04T15:37:45+00:00\" \/>\n<meta property=\"og:image\" content=\"https:\/\/www.ull.es\/portal\/ingenia\/wp-content\/uploads\/sites\/35\/2020\/12\/II-edicion-Ingenia-Agentes-del-cambio-por-los-ODS-sq.jpg\" \/>\n\t<meta property=\"og:image:width\" content=\"1200\" \/>\n\t<meta property=\"og:image:height\" content=\"1200\" \/>\n\t<meta property=\"og:image:type\" content=\"image\/jpeg\" \/>\n<meta name=\"twitter:card\" content=\"summary_large_image\" \/>\n<meta name=\"twitter:label1\" content=\"Tiempo de lectura\" \/>\n\t<meta name=\"twitter:data1\" content=\"2 minutos\" \/>\n<script type=\"application\/ld+json\" class=\"yoast-schema-graph\">{\"@context\":\"https:\/\/schema.org\",\"@graph\":[{\"@type\":\"WebPage\",\"@id\":\"https:\/\/www.ull.es\/portal\/ingenia\/proyectos-2020-i-edicion-de-ingenia\/\",\"url\":\"https:\/\/www.ull.es\/portal\/ingenia\/proyectos-2020-i-edicion-de-ingenia\/\",\"name\":\"PROYECTOS 2020 - I Edici\u00f3n de INGENIA - ingenia\",\"isPartOf\":{\"@id\":\"https:\/\/www.ull.es\/portal\/ingenia\/#website\"},\"datePublished\":\"2020-12-14T13:30:54+00:00\",\"dateModified\":\"2025-12-04T15:37:45+00:00\",\"inLanguage\":\"es\",\"potentialAction\":[{\"@type\":\"ReadAction\",\"target\":[\"https:\/\/www.ull.es\/portal\/ingenia\/proyectos-2020-i-edicion-de-ingenia\/\"]}]},{\"@type\":\"WebSite\",\"@id\":\"https:\/\/www.ull.es\/portal\/ingenia\/#website\",\"url\":\"https:\/\/www.ull.es\/portal\/ingenia\/\",\"name\":\"ingenia\",\"description\":\"\",\"potentialAction\":[{\"@type\":\"SearchAction\",\"target\":{\"@type\":\"EntryPoint\",\"urlTemplate\":\"https:\/\/www.ull.es\/portal\/ingenia\/?s={search_term_string}\"},\"query-input\":\"required name=search_term_string\"}],\"inLanguage\":\"es\"}]}<\/script>\n<!-- \/ Yoast SEO plugin. -->","yoast_head_json":{"title":"PROYECTOS 2020 - I Edici\u00f3n de INGENIA - ingenia","robots":{"index":"index","follow":"follow","max-snippet":"max-snippet:-1","max-image-preview":"max-image-preview:large","max-video-preview":"max-video-preview:-1"},"canonical":"https:\/\/www.ull.es\/portal\/ingenia\/proyectos-2020-i-edicion-de-ingenia\/","og_locale":"es_ES","og_type":"article","og_title":"PROYECTOS 2020 - I Edici\u00f3n de INGENIA - ingenia","og_description":"[vc_row full_width=\u00bbstretch_row_content\u00bb][vc_column][vc_single_image image=\u00bb626&#8243; img_size=\u00bbfull\u00bb alignment=\u00bbcenter\u00bb style=\u00bbvc_box_rounded\u00bb onclick=\u00bbzoom\u00bb css_animation=\u00bbbounceIn\u00bb][vc_empty_space height=\u00bb60px\u00bb][vc_row_inner][vc_column_inner width=\u00bb1\/5&#8243;][vc_column_text css_animation=\u00bbslideInDown\u00bb] 12 [\/vc_column_text][vc_column_text css_animation=\u00bbfadeIn\u00bb] PROYECTOS [\/vc_column_text][\/vc_column_inner][vc_column_inner width=\u00bb1\/5&#8243;][vc_column_text css_animation=\u00bbslideInDown\u00bb] 48 [\/vc_column_text][vc_column_text css_animation=\u00bbfadeIn\u00bb] ESTUDIANTES [\/vc_column_text][\/vc_column_inner][vc_column_inner width=\u00bb1\/5&#8243;][vc_column_text css_animation=\u00bbslideInDown\u00bb] 13 [\/vc_column_text][vc_column_text css_animation=\u00bbfadeIn\u00bb] MENTORAS\/ES [\/vc_column_text][\/vc_column_inner][vc_column_inner width=\u00bb1\/5&#8243;][vc_column_text css_animation=\u00bbslideInDown\u00bb] 9 [\/vc_column_text][vc_column_text css_animation=\u00bbfadeIn\u00bb] FACILITADORAS\/ES [\/vc_column_text][\/vc_column_inner][vc_column_inner width=\u00bb1\/5&#8243;][vc_column_text css_animation=\u00bbslideInDown\u00bb] 8 [\/vc_column_text][vc_column_text css_animation=\u00bbfadeIn\u00bb] FORMADORAS\/ES [\/vc_column_text][\/vc_column_inner][\/vc_row_inner][vc_empty_space height=\u00bb60px\u00bb][vc_column_text] Descubre los Proyectos de la I Edici\u00f3n de INGENIA [\/vc_column_text][vc_empty_space...","og_url":"https:\/\/www.ull.es\/portal\/ingenia\/proyectos-2020-i-edicion-de-ingenia\/","og_site_name":"ingenia","article_modified_time":"2025-12-04T15:37:45+00:00","og_image":[{"width":1200,"height":1200,"url":"https:\/\/www.ull.es\/portal\/ingenia\/wp-content\/uploads\/sites\/35\/2020\/12\/II-edicion-Ingenia-Agentes-del-cambio-por-los-ODS-sq.jpg","type":"image\/jpeg"}],"twitter_card":"summary_large_image","twitter_misc":{"Tiempo de lectura":"2 minutos"},"schema":{"@context":"https:\/\/schema.org","@graph":[{"@type":"WebPage","@id":"https:\/\/www.ull.es\/portal\/ingenia\/proyectos-2020-i-edicion-de-ingenia\/","url":"https:\/\/www.ull.es\/portal\/ingenia\/proyectos-2020-i-edicion-de-ingenia\/","name":"PROYECTOS 2020 - I Edici\u00f3n de INGENIA - ingenia","isPartOf":{"@id":"https:\/\/www.ull.es\/portal\/ingenia\/#website"},"datePublished":"2020-12-14T13:30:54+00:00","dateModified":"2025-12-04T15:37:45+00:00","inLanguage":"es","potentialAction":[{"@type":"ReadAction","target":["https:\/\/www.ull.es\/portal\/ingenia\/proyectos-2020-i-edicion-de-ingenia\/"]}]},{"@type":"WebSite","@id":"https:\/\/www.ull.es\/portal\/ingenia\/#website","url":"https:\/\/www.ull.es\/portal\/ingenia\/","name":"ingenia","description":"","potentialAction":[{"@type":"SearchAction","target":{"@type":"EntryPoint","urlTemplate":"https:\/\/www.ull.es\/portal\/ingenia\/?s={search_term_string}"},"query-input":"required name=search_term_string"}],"inLanguage":"es"}]}},"_links":{"self":[{"href":"https:\/\/www.ull.es\/portal\/ingenia\/wp-json\/wp\/v2\/pages\/683"}],"collection":[{"href":"https:\/\/www.ull.es\/portal\/ingenia\/wp-json\/wp\/v2\/pages"}],"about":[{"href":"https:\/\/www.ull.es\/portal\/ingenia\/wp-json\/wp\/v2\/types\/page"}],"author":[{"embeddable":true,"href":"https:\/\/www.ull.es\/portal\/ingenia\/wp-json\/wp\/v2\/users\/71"}],"replies":[{"embeddable":true,"href":"https:\/\/www.ull.es\/portal\/ingenia\/wp-json\/wp\/v2\/comments?post=683"}],"version-history":[{"count":8,"href":"https:\/\/www.ull.es\/portal\/ingenia\/wp-json\/wp\/v2\/pages\/683\/revisions"}],"predecessor-version":[{"id":1323,"href":"https:\/\/www.ull.es\/portal\/ingenia\/wp-json\/wp\/v2\/pages\/683\/revisions\/1323"}],"wp:featuredmedia":[{"embeddable":true,"href":"https:\/\/www.ull.es\/portal\/ingenia\/wp-json\/wp\/v2\/media\/697"}],"wp:attachment":[{"href":"https:\/\/www.ull.es\/portal\/ingenia\/wp-json\/wp\/v2\/media?parent=683"}],"curies":[{"name":"wp","href":"https:\/\/api.w.org\/{rel}","templated":true}]}}