{"id":991,"date":"2022-06-13T12:00:40","date_gmt":"2022-06-13T12:00:40","guid":{"rendered":"https:\/\/www.ull.es\/portal\/ingenia\/?page_id=991"},"modified":"2025-12-09T11:28:13","modified_gmt":"2025-12-09T11:28:13","slug":"proyectos-ingenia-iii","status":"publish","type":"page","link":"https:\/\/www.ull.es\/portal\/ingenia\/proyectos-ingenia-iii\/","title":{"rendered":"Proyectos &#8211; Ingenia III &#8211; 2022"},"content":{"rendered":"[vc_row][vc_column offset=\u00bbvc_hidden-sm vc_hidden-xs\u00bb][vc_empty_space][\/vc_column][\/vc_row][vc_row full_width=\u00bbstretch_row_content\u00bb content_placement=\u00bbmiddle\u00bb css=\u00bb.vc_custom_1695805772593{background-image: url(https:\/\/www.ull.es\/portal\/ingenia\/wp-content\/uploads\/sites\/35\/2021\/10\/BANNER-HEAD-03.jpg?id=891) !important;background-position: center !important;background-repeat: no-repeat !important;background-size: cover !important;}\u00bb][vc_column offset=\u00bbvc_hidden-sm vc_hidden-xs\u00bb][vc_empty_space height=\u00bb200px\u00bb][\/vc_column][\/vc_row][vc_row full_width=\u00bbstretch_row_content_no_spaces\u00bb content_placement=\u00bbmiddle\u00bb][vc_column offset=\u00bbvc_hidden-lg vc_hidden-md\u00bb][vc_single_image image=\u00bb1161&#8243; img_size=\u00bbfull\u00bb alignment=\u00bbcenter\u00bb][\/vc_column][\/vc_row][vc_row][vc_column][vc_empty_space][\/vc_column][\/vc_row][vc_row full_width=\u00bbstretch_row_content\u00bb content_placement=\u00bbmiddle\u00bb css=\u00bb.vc_custom_1695806021006{background-color: #e5e5e5 !important;}\u00bb][vc_column offset=\u00bbvc_hidden-sm vc_hidden-xs\u00bb][vc_row_inner content_placement=\u00bbmiddle\u00bb][vc_column_inner width=\u00bb1\/5&#8243;][\/vc_column_inner][vc_column_inner width=\u00bb1\/5&#8243;][vc_custom_heading text=\u00bbIdeas sociales, tecnol\u00f3gicas y medioambientales vinculadas a la Agenda Canaria de Desarrollo Sostenible\u00bb font_container=\u00bbtag:h1|font_size:25|text_align:center|color:%233e2466|line_height:1.15&#8243; google_fonts=\u00bbfont_family:Roboto%20Condensed%3A300%2C300italic%2Cregular%2Citalic%2C700%2C700italic|font_style:700%20bold%20regular%3A700%3Anormal\u00bb][\/vc_column_inner][vc_column_inner width=\u00bb1\/5&#8243;][vc_custom_heading text=\u00bbTransformamos ideas en proyectos reales\u00bb font_container=\u00bbtag:h1|font_size:25|text_align:center|color:%233e2466|line_height:1.15&#8243; google_fonts=\u00bbfont_family:Roboto%20Condensed%3A300%2C300italic%2Cregular%2Citalic%2C700%2C700italic|font_style:700%20bold%20regular%3A700%3Anormal\u00bb][\/vc_column_inner][vc_column_inner width=\u00bb1\/5&#8243;][vc_btn title=\u00bbBOOK DE PROYECTOS INGENIA 2022&#8243; style=\u00bbcustom\u00bb custom_background=\u00bb#5c068c\u00bb custom_text=\u00bb#ffffff\u00bb size=\u00bblg\u00bb align=\u00bbcenter\u00bb button_block=\u00bbtrue\u00bb link=\u00bburl:https%3A%2F%2Fdrive.google.com%2Ffile%2Fd%2F1j2QtsUkv64Jv7EG7Vx3aAmTh_ax4Ug4a%2Fview|target:_blank\u00bb][\/vc_column_inner][vc_column_inner width=\u00bb1\/5&#8243;][\/vc_column_inner][\/vc_row_inner][vc_empty_space height=\u00bb15px\u00bb][\/vc_column][\/vc_row][vc_row full_width=\u00bbstretch_row_content\u00bb css=\u00bb.vc_custom_1695805863233{background-color: #e5e5e5 !important;}\u00bb][vc_column offset=\u00bbvc_hidden-lg vc_hidden-md\u00bb][vc_row_inner][vc_column_inner][vc_custom_heading text=\u00bbIdeas sociales, tecnol\u00f3gicas y medioambientales vinculadas a la Agenda Canaria de Desarrollo Sostenible\u00bb font_container=\u00bbtag:h1|font_size:25|text_align:center|color:%233e2466|line_height:1.15&#8243; google_fonts=\u00bbfont_family:Roboto%20Condensed%3A300%2C300italic%2Cregular%2Citalic%2C700%2C700italic|font_style:700%20bold%20regular%3A700%3Anormal\u00bb][vc_custom_heading text=\u00bbTransformamos ideas en proyectos reales\u00bb font_container=\u00bbtag:h1|font_size:25|text_align:center|color:%233e2466|line_height:1.15&#8243; google_fonts=\u00bbfont_family:Roboto%20Condensed%3A300%2C300italic%2Cregular%2Citalic%2C700%2C700italic|font_style:700%20bold%20regular%3A700%3Anormal\u00bb][vc_btn title=\u00bbBOOK DE PROYECTOS INGENIA 2022&#8243; style=\u00bbcustom\u00bb custom_background=\u00bb#5c068c\u00bb custom_text=\u00bb#ffffff\u00bb size=\u00bblg\u00bb align=\u00bbcenter\u00bb button_block=\u00bbtrue\u00bb link=\u00bburl:https%3A%2F%2Fdrive.google.com%2Ffile%2Fd%2F1j2QtsUkv64Jv7EG7Vx3aAmTh_ax4Ug4a%2Fview|target:_blank\u00bb][\/vc_column_inner][\/vc_row_inner][\/vc_column][\/vc_row][vc_row full_width=\u00bbstretch_row\u00bb el_id=\u00bbproyectos\u00bb][vc_column][vc_custom_heading text=\u00bbPROYECTOS 2022&#8243; font_container=\u00bbtag:h3|font_size:36|text_align:left|color:%233e2466|line_height:1.15&#8243; google_fonts=\u00bbfont_family:Roboto%20Condensed%3A300%2C300italic%2Cregular%2Citalic%2C700%2C700italic|font_style:700%20bold%20regular%3A700%3Anormal\u00bb][vc_empty_space height=\u00bb40px\u00bb][vc_row_inner][vc_column_inner width=\u00bb1\/3&#8243;][vc_hoverbox image=\u00bb981&#8243; primary_title=\u00bbOC\u00c9ANO DE CANARIAS\u00bb hover_title=\u00bbOC\u00c9ANO DE CANARIAS\u00bb shape=\u00bbsquare\u00bb hover_background_color=\u00bbcustom\u00bb hover_btn_title=\u00bbBOOK DEL PROYECTO\u00bb hover_btn_style=\u00bbcustom\u00bb hover_btn_custom_background=\u00bb#5c068c\u00bb hover_btn_custom_text=\u00bb#ffffff\u00bb hover_btn_shape=\u00bbsquare\u00bb hover_btn_align=\u00bbcenter\u00bb hover_btn_css_animation=\u00bbfadeInLeft\u00bb hover_add_button=\u00bbtrue\u00bb hover_custom_background=\u00bb#ffffff\u00bb hover_btn_link=\u00bburl:https%3A%2F%2Fdrive.google.com%2Ffile%2Fd%2F1EiGRjlvs8dP9kmsh_-NRY8e9CDkHfNN3%2Fview%3Fusp%3Dsharing|target:_blank|rel:nofollow\u00bb]Informar y concienciar a empresas de los sectores claves relacionados con el medio marino para que act\u00faen a modo de nexo de uni\u00f3n entre la poblaci\u00f3n de Tenerife.[\/vc_hoverbox][\/vc_column_inner][vc_column_inner width=\u00bb1\/3&#8243;][vc_hoverbox image=\u00bb980&#8243; primary_title=\u00bbCRIPTOBOSQUES\u00bb hover_title=\u00bbCRIPTOBOSQUES\u00bb shape=\u00bbsquare\u00bb hover_background_color=\u00bbcustom\u00bb hover_btn_title=\u00bbBOOK DEL PROYECTO\u00bb hover_btn_style=\u00bbcustom\u00bb hover_btn_custom_background=\u00bb#5c068c\u00bb hover_btn_custom_text=\u00bb#ffffff\u00bb hover_btn_shape=\u00bbsquare\u00bb hover_btn_align=\u00bbcenter\u00bb hover_btn_css_animation=\u00bbbounceInLeft\u00bb hover_add_button=\u00bbtrue\u00bb hover_custom_background=\u00bb#ffffff\u00bb hover_btn_link=\u00bburl:https%3A%2F%2Fdrive.google.com%2Ffile%2Fd%2F14TP-C3tunlO9HLQommIiDRFXVgUN1ixI%2Fview%3Fusp%3Dsharing|target:_blank|rel:nofollow\u00bb css=\u00bb.vc_custom_1655280231686{margin-bottom: 50px !important;border-bottom-width: 40px !important;}\u00bb]Elaborar materiales y proporcionar herramientas para dar a conocer a las cript\u00f3gamas, su biodiversidad y conservaci\u00f3n.[\/vc_hoverbox][\/vc_column_inner][vc_column_inner width=\u00bb1\/3&#8243;][vc_hoverbox image=\u00bb977&#8243; primary_title=\u00bbCUERPETEA\u00bb hover_title=\u00bbCUERPETEA\u00bb shape=\u00bbsquare\u00bb hover_background_color=\u00bbcustom\u00bb hover_btn_title=\u00bbBOOK DEL PROYECTO\u00bb hover_btn_style=\u00bbcustom\u00bb hover_btn_custom_background=\u00bb#5c068c\u00bb hover_btn_custom_text=\u00bb#ffffff\u00bb hover_btn_shape=\u00bbsquare\u00bb hover_btn_css_animation=\u00bbfadeInDownBig\u00bb hover_add_button=\u00bbtrue\u00bb hover_custom_background=\u00bb#ffffff\u00bb hover_btn_link=\u00bburl:https%3A%2F%2Fdrive.google.com%2Ffile%2Fd%2F1WI09M0E_V7fKbvcq1U2SO-4uju3cuwx8%2Fview%3Fusp%3Dsharing|target:_blank|rel:nofollow\u00bb]Desarrollar e implementar un programa de promoci\u00f3n y fomento de la imagen corporal positiva para aumentar la imagen corporal positiva de mujeres mayores de 18 a\u00f1os.[\/vc_hoverbox][\/vc_column_inner][\/vc_row_inner][vc_empty_space height=\u00bb40px\u00bb][vc_row_inner][vc_column_inner width=\u00bb1\/3&#8243;][vc_hoverbox image=\u00bb978&#8243; primary_title=\u00bbGRANADILLA TE DA LUZ VERDE\u00bb hover_title=\u00bbGRANADILLA TE DA LUZ VERDE\u00bb shape=\u00bbsquare\u00bb hover_background_color=\u00bbcustom\u00bb hover_btn_title=\u00bbBOOK DEL PROYECTO\u00bb hover_btn_style=\u00bbcustom\u00bb hover_btn_custom_background=\u00bb#5c068c\u00bb hover_btn_custom_text=\u00bb#ffffff\u00bb hover_btn_shape=\u00bbsquare\u00bb hover_btn_align=\u00bbcenter\u00bb hover_btn_css_animation=\u00bbbounceInLeft\u00bb hover_add_button=\u00bbtrue\u00bb hover_custom_background=\u00bb#ffffff\u00bb hover_btn_link=\u00bburl:https%3A%2F%2Fdrive.google.com%2Ffile%2Fd%2F1eQoBPGArRZlii0bW1vC752PnXGjP0nnK%2Fview%3Fusp%3Dsharing|target:_blank|rel:nofollow\u00bb]La identificaci\u00f3n de los principales puntos de mayor consumo el\u00e9ctrico en el Instituto ha sido de vital importancia para luego poder concentrar acciones de manera m\u00e1s eficientemente para la reducci\u00f3n del consumo, as\u00ed como la generaci\u00f3n de conciencia de sostenibilidad en la poblaci\u00f3n del IES.[\/vc_hoverbox][\/vc_column_inner][vc_column_inner width=\u00bb1\/3&#8243;][vc_hoverbox image=\u00bb976&#8243; primary_title=\u00bbBIO EXTRACT\u00bb hover_title=\u00bbBIO EXTRACT\u00bb shape=\u00bbsquare\u00bb hover_background_color=\u00bbcustom\u00bb hover_btn_title=\u00bbBOOK DEL PROYECTO\u00bb hover_btn_style=\u00bbcustom\u00bb hover_btn_custom_background=\u00bb#5c068c\u00bb hover_btn_custom_text=\u00bb#ffffff\u00bb hover_btn_shape=\u00bbsquare\u00bb hover_btn_css_animation=\u00bbbounceIn\u00bb hover_add_button=\u00bbtrue\u00bb hover_custom_background=\u00bb#ffffff\u00bb hover_btn_link=\u00bburl:https%3A%2F%2Fdrive.google.com%2Ffile%2Fd%2F1TgQWU-xxXB-6TaScHC9OkK6gQzeJ03b4%2Fview%3Fusp%3Dsharing|target:_blank|rel:nofollow\u00bb]<span style=\"font-weight: 400\">Bioextract pretende <\/span><span style=\"font-weight: 400\">descubrir el alcance <\/span><span style=\"font-weight: 400\">alimentario y medicinal <\/span><span style=\"font-weight: 400\">de las plantas de <\/span><span style=\"font-weight: 400\">Canarias y conseguir <\/span><span style=\"font-weight: 400\">que est\u00e9n al alcance de <\/span><span style=\"font-weight: 400\">la poblaci\u00f3n humana, <\/span><span style=\"font-weight: 400\">bien mediante la <\/span><span style=\"font-weight: 400\">realizaci\u00f3n de una <\/span><span style=\"font-weight: 400\">infusi\u00f3n o simplemente <\/span><span style=\"font-weight: 400\">incorporando unas pocas <\/span><span style=\"font-weight: 400\">hojas frescas a una <\/span><span style=\"font-weight: 400\">ensalada o potaje.<\/span>[\/vc_hoverbox][\/vc_column_inner][vc_column_inner width=\u00bb1\/3&#8243;][vc_hoverbox image=\u00bb979&#8243; primary_title=\u00bbSI-NERGIA\u00bb hover_title=\u00bbSI-NERGIA\u00bb shape=\u00bbsquare\u00bb hover_background_color=\u00bbcustom\u00bb hover_btn_title=\u00bbBOOK DEL PROYECTO\u00bb hover_btn_style=\u00bbcustom\u00bb hover_btn_custom_background=\u00bb#5c068c\u00bb hover_btn_custom_text=\u00bb#ffffff\u00bb hover_btn_shape=\u00bbsquare\u00bb hover_btn_align=\u00bbcenter\u00bb hover_add_button=\u00bbtrue\u00bb hover_custom_background=\u00bb#ffffff\u00bb hover_btn_link=\u00bburl:https%3A%2F%2Fdrive.google.com%2Ffile%2Fd%2F1j7_72F70zrlDWL75gjGAqGlQjlVmoYdE%2Fview%3Fusp%3Dsharing\u00bb]Se realiz\u00f3 un estudio que permiti\u00f3 identificar d\u00f3nde se gastaba m\u00e1s energ\u00eda y de qu\u00e9 se podr\u00eda prescindir. Para ello se revis\u00f3 las instalaciones el\u00e9ctricas e<br \/>\nimplement\u00f3 sensores de luz y de movimiento para evitar que las luces<br \/>\nest\u00e9n encendidas en tiempos innecesarios.[\/vc_hoverbox][\/vc_column_inner][\/vc_row_inner][vc_empty_space height=\u00bb40px\u00bb][\/vc_column][\/vc_row][vc_row][vc_column][vc_empty_space height=\u00bb50px\u00bb][\/vc_column][\/vc_row][vc_row full_width=\u00bbstretch_row\u00bb css=\u00bb.vc_custom_1655281877704{background-color: #e2e2e2 !important;}\u00bb][vc_column][vc_row_inner][vc_column_inner][vc_single_image image=\u00bb1307&#8243; img_size=\u00bbfull\u00bb alignment=\u00bbcenter\u00bb onclick=\u00bbcustom_link\u00bb link=\u00bbhttps:\/\/tenerifejovenyeduca.com\/\u00bb][\/vc_column_inner][\/vc_row_inner][vc_empty_space height=\u00bb20px\u00bb][vc_row_inner][vc_column_inner width=\u00bb1\/2&#8243;][vc_column_text]INGENIA es un programa desarrollado por la Universidad de La Laguna (ULL) y gestionado por su Fundaci\u00f3n General (FGULL), que cuenta con la financiaci\u00f3n del Cabildo Insular de Tenerife, concretamente desde la <a href=\"https:\/\/tenerifejovenyeduca.com\/\" target=\"_blank\" rel=\"noopener\">Consejer\u00eda Insular de Empleo, Educaci\u00f3n y Juventud.<\/a>[\/vc_column_text][\/vc_column_inner][vc_column_inner width=\u00bb1\/2&#8243;][vc_raw_html]JTNDc3R5bGUlM0UlMEElMjAlMjAlNDBpbXBvcnQlMjB1cmwlMjhodHRwcyUzQSUyRiUyRmNkbmpzLmNsb3VkZmxhcmUuY29tJTJGYWpheCUyRmxpYnMlMkZmb250LWF3ZXNvbWUlMkY0LjYuMyUyRmNzcyUyRmZvbnQtYXdlc29tZS5jc3MlMjklM0IlMEElMjAlMjAuc29jaWFsLWljb25zJTIwbGklMjAlN0IlMEElMjAlMjAlMjAlMjB2ZXJ0aWNhbC1hbGlnbiUzQSUyMHRvcCUzQiUwQSUyMCUyMCUyMCUyMGRpc3BsYXklM0ElMjBpbmxpbmUlM0IlMEElMjAlMjAlMjAlMjBmb250LXNpemUlM0ElMjAyLjJlbSUzQiUwQSUyMCUyMCUyMCUyMHBhZGRpbmclM0ElMjAwLjVlbSUzQiUwQSUyMCUyMCU3RCUwQSUzQyUyRnN0eWxlJTNFJTBBJTNDdWwlMjBjbGFzcyUzRCUyMnNvY2lhbC1pY29ucyUyMiUyMHN0eWxlJTNEJTIyZGlzcGxheSUzQSUyMGZsZXglM0IlMEElMjAlMjBqdXN0aWZ5LWNvbnRlbnQlM0ElMjBjZW50ZXIlM0IlMjIlM0UlMEElMjAlMjAlM0NsaSUzRSUzQ2ElMjBocmVmJTNEJTIyaHR0cHMlM0ElMkYlMkZ3d3cuZmFjZWJvb2suY29tJTJGSW5nZW5pYS1PRFMtMTAyMjQ1NjgxNTUwODQ4JTJGJTIyJTIwY2xhc3MlM0QlMjJzb2NpYWwtaWNvbiUyMiUyMHN0eWxlJTNEJTIyY29sb3IlM0ElMjAlMjM1YzA2OGMlM0IlMjIlM0UlMjAlM0NpJTIwY2xhc3MlM0QlMjJmYSUyMGZhLWZhY2Vib29rJTIyJTNFJTNDJTJGaSUzRSUzQyUyRmElM0UlM0MlMkZsaSUzRSUwQSUyMCUyMCUzQ2xpJTNFJTNDYSUyMGhyZWYlM0QlMjJodHRwcyUzQSUyRiUyRnd3dy5pbnN0YWdyYW0uY29tJTJGaW5nZW5pYW9kcyUyRiUyMiUyMGNsYXNzJTNEJTIyc29jaWFsLWljb24lMjIlMjBzdHlsZSUzRCUyMmNvbG9yJTNBJTIwJTIzNWMwNjhjJTNCJTIyJTNFJTIwJTNDaSUyMGNsYXNzJTNEJTIyZmElMjBmYS1pbnN0YWdyYW0lMjIlM0UlM0MlMkZpJTNFJTNDJTJGYSUzRSUwQSUzQ2xpJTNFJTNDYSUyMGhyZWYlM0QlMjJtYWlsdG8lM0FpbmdlbmlhJTQwdWxsLmVkdS5lcyUyMiUyMGNsYXNzJTNEJTIyc29jaWFsLWljb24lMjIlMjBzdHlsZSUzRCUyMmNvbG9yJTNBJTIwJTIzNWMwNjhjJTNCJTIyJTNFJTIwJTNDaSUyMGNsYXNzJTNEJTIyZmElMjBmYS1lbnZlbG9wZS1vJTIyJTNFJTNDJTJGaSUzRSUzQyUyRmElM0UlM0MlMkZsaSUzRSUwQSUzQ2xpJTNFJTNDYSUyMGhyZWYlM0QlMjJ0ZWwlM0E2NDkyMjY2MzYlMjIlMjBjbGFzcyUzRCUyMnNvY2lhbC1pY29uJTIyJTIwc3R5bGUlM0QlMjJjb2xvciUzQSUyMCUyMzVjMDY4YyUzQiUyMiUzRSUyMCUzQ2klMjBjbGFzcyUzRCUyMmZhJTIwZmEtcGhvbmUlMjIlM0UlM0MlMkZpJTNFJTNDJTJGYSUzRSUzQyUyRmxpJTNFJTBBJTBBJTNDJTJGdWwlM0U=[\/vc_raw_html][vc_column_text]\n<p style=\"text-align: center\">ingenia@ull.edu.es | dramosn@fg.ull.es<\/p>\n[\/vc_column_text][\/vc_column_inner][\/vc_row_inner][vc_empty_space height=\u00bb20px\u00bb][\/vc_column][\/vc_row]\n","protected":false},"excerpt":{"rendered":"<p>[vc_row][vc_column offset=\u00bbvc_hidden-sm vc_hidden-xs\u00bb][vc_empty_space][\/vc_column][\/vc_row][vc_row full_width=\u00bbstretch_row_content\u00bb content_placement=\u00bbmiddle\u00bb css=\u00bb.vc_custom_1695805772593{background-image: url(https:\/\/www.ull.es\/portal\/ingenia\/wp-content\/uploads\/sites\/35\/2021\/10\/BANNER-HEAD-03.jpg?id=891) !important;background-position: center !important;background-repeat: no-repeat !important;background-size: cover !important;}\u00bb][vc_column offset=\u00bbvc_hidden-sm vc_hidden-xs\u00bb][vc_empty_space height=\u00bb200px\u00bb][\/vc_column][\/vc_row][vc_row full_width=\u00bbstretch_row_content_no_spaces\u00bb content_placement=\u00bbmiddle\u00bb][vc_column offset=\u00bbvc_hidden-lg vc_hidden-md\u00bb][vc_single_image image=\u00bb1161&#8243; img_size=\u00bbfull\u00bb alignment=\u00bbcenter\u00bb][\/vc_column][\/vc_row][vc_row][vc_column][vc_empty_space][\/vc_column][\/vc_row][vc_row full_width=\u00bbstretch_row_content\u00bb content_placement=\u00bbmiddle\u00bb css=\u00bb.vc_custom_1695806021006{background-color: #e5e5e5 !important;}\u00bb][vc_column offset=\u00bbvc_hidden-sm vc_hidden-xs\u00bb][vc_row_inner content_placement=\u00bbmiddle\u00bb][vc_column_inner width=\u00bb1\/5&#8243;][\/vc_column_inner][vc_column_inner width=\u00bb1\/5&#8243;][vc_custom_heading text=\u00bbIdeas sociales, tecnol\u00f3gicas y medioambientales vinculadas a la Agenda Canaria de Desarrollo Sostenible\u00bb font_container=\u00bbtag:h1|font_size:25|text_align:center|color:%233e2466|line_height:1.15&#8243; google_fonts=\u00bbfont_family:Roboto%20Condensed%3A300%2C300italic%2Cregular%2Citalic%2C700%2C700italic|font_style:700%20bold%20regular%3A700%3Anormal\u00bb][\/vc_column_inner][vc_column_inner width=\u00bb1\/5&#8243;][vc_custom_heading text=\u00bbTransformamos ideas en proyectos reales\u00bb&#8230;<\/p>\n","protected":false},"author":78,"featured_media":0,"parent":0,"menu_order":0,"comment_status":"closed","ping_status":"closed","template":"templates\/template-frontpage.php","meta":{"inline_featured_image":false,"footnotes":""},"acf":[],"yoast_head":"<!-- This site is optimized with the Yoast SEO plugin v21.3 - https:\/\/yoast.com\/wordpress\/plugins\/seo\/ -->\n<title>Proyectos - Ingenia III - 2022 - ingenia<\/title>\n<meta name=\"robots\" content=\"index, follow, max-snippet:-1, max-image-preview:large, max-video-preview:-1\" \/>\n<link rel=\"canonical\" href=\"https:\/\/www.ull.es\/portal\/ingenia\/proyectos-ingenia-iii\/\" \/>\n<meta property=\"og:locale\" content=\"es_ES\" \/>\n<meta property=\"og:type\" content=\"article\" \/>\n<meta property=\"og:title\" content=\"Proyectos - Ingenia III - 2022 - ingenia\" \/>\n<meta property=\"og:description\" content=\"[vc_row][vc_column offset=\u00bbvc_hidden-sm vc_hidden-xs\u00bb][vc_empty_space][\/vc_column][\/vc_row][vc_row full_width=\u00bbstretch_row_content\u00bb content_placement=\u00bbmiddle\u00bb css=\u00bb.vc_custom_1695805772593{background-image: url(https:\/\/www.ull.es\/portal\/ingenia\/wp-content\/uploads\/sites\/35\/2021\/10\/BANNER-HEAD-03.jpg?id=891) !important;background-position: center !important;background-repeat: no-repeat !important;background-size: cover !important;}\u00bb][vc_column offset=\u00bbvc_hidden-sm vc_hidden-xs\u00bb][vc_empty_space height=\u00bb200px\u00bb][\/vc_column][\/vc_row][vc_row full_width=\u00bbstretch_row_content_no_spaces\u00bb content_placement=\u00bbmiddle\u00bb][vc_column offset=\u00bbvc_hidden-lg vc_hidden-md\u00bb][vc_single_image image=\u00bb1161&#8243; img_size=\u00bbfull\u00bb alignment=\u00bbcenter\u00bb][\/vc_column][\/vc_row][vc_row][vc_column][vc_empty_space][\/vc_column][\/vc_row][vc_row full_width=\u00bbstretch_row_content\u00bb content_placement=\u00bbmiddle\u00bb css=\u00bb.vc_custom_1695806021006{background-color: #e5e5e5 !important;}\u00bb][vc_column offset=\u00bbvc_hidden-sm vc_hidden-xs\u00bb][vc_row_inner content_placement=\u00bbmiddle\u00bb][vc_column_inner width=\u00bb1\/5&#8243;][\/vc_column_inner][vc_column_inner width=\u00bb1\/5&#8243;][vc_custom_heading text=\u00bbIdeas sociales, tecnol\u00f3gicas y medioambientales vinculadas a la Agenda Canaria de Desarrollo Sostenible\u00bb font_container=\u00bbtag:h1|font_size:25|text_align:center|color:%233e2466|line_height:1.15&#8243; google_fonts=\u00bbfont_family:Roboto%20Condensed%3A300%2C300italic%2Cregular%2Citalic%2C700%2C700italic|font_style:700%20bold%20regular%3A700%3Anormal\u00bb][\/vc_column_inner][vc_column_inner width=\u00bb1\/5&#8243;][vc_custom_heading text=\u00bbTransformamos ideas en proyectos reales\u00bb...\" \/>\n<meta property=\"og:url\" content=\"https:\/\/www.ull.es\/portal\/ingenia\/proyectos-ingenia-iii\/\" \/>\n<meta property=\"og:site_name\" content=\"ingenia\" \/>\n<meta property=\"article:modified_time\" content=\"2025-12-09T11:28:13+00:00\" \/>\n<meta name=\"twitter:card\" content=\"summary_large_image\" \/>\n<meta name=\"twitter:label1\" content=\"Tiempo de lectura\" \/>\n\t<meta name=\"twitter:data1\" content=\"3 minutos\" \/>\n<script type=\"application\/ld+json\" class=\"yoast-schema-graph\">{\"@context\":\"https:\/\/schema.org\",\"@graph\":[{\"@type\":\"WebPage\",\"@id\":\"https:\/\/www.ull.es\/portal\/ingenia\/proyectos-ingenia-iii\/\",\"url\":\"https:\/\/www.ull.es\/portal\/ingenia\/proyectos-ingenia-iii\/\",\"name\":\"Proyectos - Ingenia III - 2022 - ingenia\",\"isPartOf\":{\"@id\":\"https:\/\/www.ull.es\/portal\/ingenia\/#website\"},\"datePublished\":\"2022-06-13T12:00:40+00:00\",\"dateModified\":\"2025-12-09T11:28:13+00:00\",\"inLanguage\":\"es\",\"potentialAction\":[{\"@type\":\"ReadAction\",\"target\":[\"https:\/\/www.ull.es\/portal\/ingenia\/proyectos-ingenia-iii\/\"]}]},{\"@type\":\"WebSite\",\"@id\":\"https:\/\/www.ull.es\/portal\/ingenia\/#website\",\"url\":\"https:\/\/www.ull.es\/portal\/ingenia\/\",\"name\":\"ingenia\",\"description\":\"\",\"potentialAction\":[{\"@type\":\"SearchAction\",\"target\":{\"@type\":\"EntryPoint\",\"urlTemplate\":\"https:\/\/www.ull.es\/portal\/ingenia\/?s={search_term_string}\"},\"query-input\":\"required name=search_term_string\"}],\"inLanguage\":\"es\"}]}<\/script>\n<!-- \/ Yoast SEO plugin. -->","yoast_head_json":{"title":"Proyectos - Ingenia III - 2022 - ingenia","robots":{"index":"index","follow":"follow","max-snippet":"max-snippet:-1","max-image-preview":"max-image-preview:large","max-video-preview":"max-video-preview:-1"},"canonical":"https:\/\/www.ull.es\/portal\/ingenia\/proyectos-ingenia-iii\/","og_locale":"es_ES","og_type":"article","og_title":"Proyectos - Ingenia III - 2022 - ingenia","og_description":"[vc_row][vc_column offset=\u00bbvc_hidden-sm vc_hidden-xs\u00bb][vc_empty_space][\/vc_column][\/vc_row][vc_row full_width=\u00bbstretch_row_content\u00bb content_placement=\u00bbmiddle\u00bb css=\u00bb.vc_custom_1695805772593{background-image: url(https:\/\/www.ull.es\/portal\/ingenia\/wp-content\/uploads\/sites\/35\/2021\/10\/BANNER-HEAD-03.jpg?id=891) !important;background-position: center !important;background-repeat: no-repeat !important;background-size: cover !important;}\u00bb][vc_column offset=\u00bbvc_hidden-sm vc_hidden-xs\u00bb][vc_empty_space height=\u00bb200px\u00bb][\/vc_column][\/vc_row][vc_row full_width=\u00bbstretch_row_content_no_spaces\u00bb content_placement=\u00bbmiddle\u00bb][vc_column offset=\u00bbvc_hidden-lg vc_hidden-md\u00bb][vc_single_image image=\u00bb1161&#8243; img_size=\u00bbfull\u00bb alignment=\u00bbcenter\u00bb][\/vc_column][\/vc_row][vc_row][vc_column][vc_empty_space][\/vc_column][\/vc_row][vc_row full_width=\u00bbstretch_row_content\u00bb content_placement=\u00bbmiddle\u00bb css=\u00bb.vc_custom_1695806021006{background-color: #e5e5e5 !important;}\u00bb][vc_column offset=\u00bbvc_hidden-sm vc_hidden-xs\u00bb][vc_row_inner content_placement=\u00bbmiddle\u00bb][vc_column_inner width=\u00bb1\/5&#8243;][\/vc_column_inner][vc_column_inner width=\u00bb1\/5&#8243;][vc_custom_heading text=\u00bbIdeas sociales, tecnol\u00f3gicas y medioambientales vinculadas a la Agenda Canaria de Desarrollo Sostenible\u00bb font_container=\u00bbtag:h1|font_size:25|text_align:center|color:%233e2466|line_height:1.15&#8243; google_fonts=\u00bbfont_family:Roboto%20Condensed%3A300%2C300italic%2Cregular%2Citalic%2C700%2C700italic|font_style:700%20bold%20regular%3A700%3Anormal\u00bb][\/vc_column_inner][vc_column_inner width=\u00bb1\/5&#8243;][vc_custom_heading text=\u00bbTransformamos ideas en proyectos reales\u00bb...","og_url":"https:\/\/www.ull.es\/portal\/ingenia\/proyectos-ingenia-iii\/","og_site_name":"ingenia","article_modified_time":"2025-12-09T11:28:13+00:00","twitter_card":"summary_large_image","twitter_misc":{"Tiempo de lectura":"3 minutos"},"schema":{"@context":"https:\/\/schema.org","@graph":[{"@type":"WebPage","@id":"https:\/\/www.ull.es\/portal\/ingenia\/proyectos-ingenia-iii\/","url":"https:\/\/www.ull.es\/portal\/ingenia\/proyectos-ingenia-iii\/","name":"Proyectos - Ingenia III - 2022 - ingenia","isPartOf":{"@id":"https:\/\/www.ull.es\/portal\/ingenia\/#website"},"datePublished":"2022-06-13T12:00:40+00:00","dateModified":"2025-12-09T11:28:13+00:00","inLanguage":"es","potentialAction":[{"@type":"ReadAction","target":["https:\/\/www.ull.es\/portal\/ingenia\/proyectos-ingenia-iii\/"]}]},{"@type":"WebSite","@id":"https:\/\/www.ull.es\/portal\/ingenia\/#website","url":"https:\/\/www.ull.es\/portal\/ingenia\/","name":"ingenia","description":"","potentialAction":[{"@type":"SearchAction","target":{"@type":"EntryPoint","urlTemplate":"https:\/\/www.ull.es\/portal\/ingenia\/?s={search_term_string}"},"query-input":"required name=search_term_string"}],"inLanguage":"es"}]}},"_links":{"self":[{"href":"https:\/\/www.ull.es\/portal\/ingenia\/wp-json\/wp\/v2\/pages\/991"}],"collection":[{"href":"https:\/\/www.ull.es\/portal\/ingenia\/wp-json\/wp\/v2\/pages"}],"about":[{"href":"https:\/\/www.ull.es\/portal\/ingenia\/wp-json\/wp\/v2\/types\/page"}],"author":[{"embeddable":true,"href":"https:\/\/www.ull.es\/portal\/ingenia\/wp-json\/wp\/v2\/users\/78"}],"replies":[{"embeddable":true,"href":"https:\/\/www.ull.es\/portal\/ingenia\/wp-json\/wp\/v2\/comments?post=991"}],"version-history":[{"count":30,"href":"https:\/\/www.ull.es\/portal\/ingenia\/wp-json\/wp\/v2\/pages\/991\/revisions"}],"predecessor-version":[{"id":1334,"href":"https:\/\/www.ull.es\/portal\/ingenia\/wp-json\/wp\/v2\/pages\/991\/revisions\/1334"}],"wp:attachment":[{"href":"https:\/\/www.ull.es\/portal\/ingenia\/wp-json\/wp\/v2\/media?parent=991"}],"curies":[{"name":"wp","href":"https:\/\/api.w.org\/{rel}","templated":true}]}}