{"id":102,"date":"2023-11-06T17:03:57","date_gmt":"2023-11-06T16:03:57","guid":{"rendered":"https:\/\/www.ull.es\/portal\/laboratorio-del-futuro\/?page_id=102"},"modified":"2023-11-20T11:06:49","modified_gmt":"2023-11-20T10:06:49","slug":"jose-luis-gonzalez","status":"publish","type":"page","link":"https:\/\/www.ull.es\/portal\/laboratorio-del-futuro\/jose-luis-gonzalez\/","title":{"rendered":"Jose Luis Gonz\u00e1lez"},"content":{"rendered":"<p>[vc_row full_width=\u00bbstretch_row_content_no_spaces\u00bb css=\u00bb.vc_custom_1700474786460{margin-top: -50px !important;}\u00bb][vc_column css=\u00bb.vc_custom_1700474803027{padding-top: 300px !important;padding-bottom: 300px !important;background-image: url(https:\/\/www.ull.es\/portal\/laboratorio-del-futuro\/wp-content\/uploads\/sites\/61\/2023\/11\/Imagen-header-pefil_Jose-Luis-Glez.jpg?id=105) !important;background-position: center !important;background-repeat: no-repeat !important;background-size: cover !important;}\u00bb offset=\u00bbvc_hidden-xs\u00bb][\/vc_column][\/vc_row][vc_row full_width=\u00bbstretch_row_content\u00bb css=\u00bb.vc_custom_1699371843668{margin-top: 50px !important;}\u00bb][vc_column css=\u00bb.vc_custom_1699371110533{padding-top: 200px !important;padding-bottom: 200px !important;background-image: url(https:\/\/www.ull.es\/portal\/laboratorio-del-futuro\/wp-content\/uploads\/sites\/61\/2023\/11\/Slider-home-mobile_Jose-Luis-Glez.jpg?id=58) !important;background-position: center !important;background-repeat: no-repeat !important;background-size: cover !important;}\u00bb offset=\u00bbvc_hidden-lg vc_hidden-md vc_hidden-sm\u00bb][\/vc_column][\/vc_row][vc_row][vc_column width=\u00bb1\/2&#8243; css=\u00bb.vc_custom_1699371155548{margin-top: 50px !important;margin-right: 20px !important;padding-top: 20px !important;}\u00bb][vc_column_text]<\/p>\n<h2><span style=\"color: #339966;\"><strong>Cartografiar el cerebro<\/strong><\/span><\/h2>\n<p><a href=\"https:\/\/portalciencia.ull.es\/investigadores\/81174\/detalle\" target=\"_blank\" rel=\"noopener\" target=\"_blank\" rel=\"noopener\">Jos\u00e9 Luis Gonz\u00e1lez Mora<\/a> es catedr\u00e1tico de Fisiolog\u00eda y director del Laboratorio de Investigaci\u00f3n de Neuroqu\u00edmica y Neuroimagen (LNN). Su proyecto actual, \u00abImagen funcional de tractos neurales activos por resonancia magn\u00e9tica\u00bb, consiste en hacer posible el registro de la actividad de los tractos neurales (haces de axones que comunican unas regiones y otras del cerebro y de este al resto del cuerpo) y una vez que se registre la actividad el\u00e9ctrica de estos tractos averiguar cu\u00e1les son los n\u00facleos neuronales donde se originan esas corrientes y a cu\u00e1les se dirigen.<\/p>\n<p>La cuantificaci\u00f3n de la actividad de estos tractos neurales se realiza por imagen funcional del tensor de difusi\u00f3n. Aunque la tecnolog\u00eda de imagen para detectar y cuantificar dicha actividad el\u00e9ctrica fue identificada como problema fundamental hace m\u00e1s de 20 a\u00f1os, actualmente no hay ning\u00fan m\u00e9todo de imagen capaz de hacerlo, obtenerlo significar\u00eda un avance excepcional en el conocimiento del sistema nervioso. \u201cEl cerebro es informaci\u00f3n condensada en las conexiones de sus neuronas y esas mismas conexiones crean el universo interno y externo\u201d.[\/vc_column_text][\/vc_column][vc_column width=\u00bb1\/2&#8243; css=\u00bb.vc_custom_1699371166012{margin-top: 50px !important;padding-right: 25px !important;padding-left: 25px !important;}\u00bb][vc_btn title=\u00bbPerfil de Investigador\u00bb style=\u00bbgradient-custom\u00bb gradient_custom_color_1=\u00bb#0eaf39&#8243; gradient_custom_color_2=\u00bb#24a3e2&#8243; shape=\u00bbsquare\u00bb size=\u00bblg\u00bb align=\u00bbcenter\u00bb button_block=\u00bbtrue\u00bb css=\u00bb.vc_custom_1700141363155{margin-top: 50px !important;margin-bottom: 20px !important;}\u00bb link=\u00bburl:https%3A%2F%2Fportalciencia.ull.es%2Finvestigadores%2F81174%2Fdetalle|title:perfil%20del%20investigador|target:_blank\u00bb][vc_btn title=\u00bbReportaje\u00bb style=\u00bbcustom\u00bb custom_background=\u00bb#e82055&#8243; custom_text=\u00bb#ffffff\u00bb shape=\u00bbsquare\u00bb size=\u00bblg\u00bb align=\u00bbcenter\u00bb button_block=\u00bbtrue\u00bb css=\u00bb.vc_custom_1699359494426{margin-top: 20px !important;margin-bottom: 20px !important;}\u00bb link=\u00bburl:https%3A%2F%2Fwww.ull.es%2Fportal%2Fnoticias%2F2022%2Ftarea-cartografiar-cerebro%2F|title:Reportaje|target:_blank\u00bb][vc_btn title=\u00bbSEGAI\u00bb style=\u00bbcustom\u00bb custom_background=\u00bb#14ccaa\u00bb custom_text=\u00bb#ffffff\u00bb shape=\u00bbsquare\u00bb size=\u00bblg\u00bb align=\u00bbcenter\u00bb button_block=\u00bbtrue\u00bb css=\u00bb.vc_custom_1699359482011{margin-top: 20px !important;margin-bottom: 20px !important;}\u00bb link=\u00bburl:http%3A%2F%2Finvestigacion|title:perfil%20del%20investigador|target:_blank\u00bb][vc_single_image image=\u00bb92&#8243; img_size=\u00bblarge\u00bb alignment=\u00bbcenter\u00bb][\/vc_column][\/vc_row][vc_row][vc_column width=\u00bb1\/2&#8243; css=\u00bb.vc_custom_1699271024063{padding-top: 50px !important;}\u00bb][vc_single_image image=\u00bb93&#8243; img_size=\u00bblarge\u00bb alignment=\u00bbcenter\u00bb][\/vc_column][vc_column width=\u00bb1\/2&#8243; css=\u00bb.vc_custom_1699359508064{padding-right: 0px !important;}\u00bb][vc_column_text css=\u00bb.vc_custom_1700141561898{margin-top: 50px !important;margin-right: 20px !important;margin-bottom: 20px !important;}\u00bb]<\/p>\n<p style=\"text-align: justify; background: white; margin: 0cm 0cm .0001pt 36.0pt;\">Gonz\u00e1lez Mora trabaja en un grupo multidisciplinar, que cuenta con m\u00e9dicos, f\u00edsicos, qu\u00edmicos, bi\u00f3logos o psic\u00f3logos, entre otros perfiles profesionales. Este neurofisi\u00f3logo con una larga y prol\u00edfica carrera investigadora es adem\u00e1s el responsable del uso investigador que se le da al reciente equipamiento de Resonancia Magn\u00e9tica Nuclear que el Hospital Universitario de Canarias comparte con la Universidad de La Laguna, dotado ahora de mayor velocidad de procesado y mejoras en la obtenci\u00f3n de im\u00e1genes anat\u00f3micas y funcionales, que le da una mayor potencia diagn\u00f3stica e investigadora.<\/p>\n<p>&nbsp;<\/p>\n<p style=\"text-align: justify; background: white; margin: 0cm 0cm .0001pt 36.0pt;\">Este neurofisi\u00f3logo con una larga y prol\u00edfica carrera investigadora es adem\u00e1s el responsable del uso investigador que se le da al reciente equipamiento de Resonancia Magn\u00e9tica Nuclear que el Hospital Universitario de Canarias comparte con la Universidad de La Laguna, dotado ahora de mayor velocidad de procesado y mejoras en la obtenci\u00f3n de im\u00e1genes anat\u00f3micas y funcionales, que le da una mayor potencia diagn\u00f3stica e investigadora.<\/p>\n<p>[\/vc_column_text][vc_single_image image=\u00bb97&#8243; img_size=\u00bb200&#215;300&#8243; css=\u00bb.vc_custom_1699359543856{margin-top: 20px !important;margin-left: 50px !important;}\u00bb][\/vc_column][\/vc_row][vc_row][vc_column width=\u00bb1\/2&#8243;][\/vc_column][vc_column width=\u00bb1\/2&#8243;][vc_empty_space height=\u00bb150px\u00bb][\/vc_column][\/vc_row]<\/p>\n","protected":false},"excerpt":{"rendered":"<p>[vc_row full_width=\u00bbstretch_row_content_no_spaces\u00bb css=\u00bb.vc_custom_1700474786460{margin-top: -50px !important;}\u00bb][vc_column css=\u00bb.vc_custom_1700474803027{padding-top: 300px !important;padding-bottom: 300px !important;background-image: url(https:\/\/www.ull.es\/portal\/laboratorio-del-futuro\/wp-content\/uploads\/sites\/61\/2023\/11\/Imagen-header-pefil_Jose-Luis-Glez.jpg?id=105) !important;background-position: center !important;background-repeat: no-repeat !important;background-size: cover !important;}\u00bb offset=\u00bbvc_hidden-xs\u00bb][\/vc_column][\/vc_row][vc_row full_width=\u00bbstretch_row_content\u00bb css=\u00bb.vc_custom_1699371843668{margin-top: 50px !important;}\u00bb][vc_column css=\u00bb.vc_custom_1699371110533{padding-top: 200px !important;padding-bottom: 200px !important;background-image: url(https:\/\/www.ull.es\/portal\/laboratorio-del-futuro\/wp-content\/uploads\/sites\/61\/2023\/11\/Slider-home-mobile_Jose-Luis-Glez.jpg?id=58) !important;background-position: center !important;background-repeat: no-repeat !important;background-size: cover !important;}\u00bb offset=\u00bbvc_hidden-lg vc_hidden-md vc_hidden-sm\u00bb][\/vc_column][\/vc_row][vc_row][vc_column width=\u00bb1\/2&#8243; css=\u00bb.vc_custom_1699371155548{margin-top: 50px !important;margin-right: 20px !important;padding-top: 20px !important;}\u00bb][vc_column_text] Cartografiar el cerebro Jos\u00e9 Luis Gonz\u00e1lez Mora es&#8230;<\/p>\n","protected":false},"author":97,"featured_media":0,"parent":0,"menu_order":0,"comment_status":"closed","ping_status":"closed","template":"templates\/template-no-title.php","meta":{"inline_featured_image":false,"footnotes":""},"acf":[],"yoast_head":"<!-- This site is optimized with the Yoast SEO plugin v21.3 - https:\/\/yoast.com\/wordpress\/plugins\/seo\/ -->\n<title>Jose Luis Gonz\u00e1lez - Laboratorio del Futuro<\/title>\n<meta name=\"robots\" content=\"index, follow, max-snippet:-1, max-image-preview:large, max-video-preview:-1\" \/>\n<link rel=\"canonical\" href=\"https:\/\/www.ull.es\/portal\/laboratorio-del-futuro\/jose-luis-gonzalez\/\" \/>\n<meta property=\"og:locale\" content=\"es_ES\" \/>\n<meta property=\"og:type\" content=\"article\" \/>\n<meta property=\"og:title\" content=\"Jose Luis Gonz\u00e1lez - Laboratorio del Futuro\" \/>\n<meta property=\"og:description\" content=\"[vc_row full_width=\u00bbstretch_row_content_no_spaces\u00bb css=\u00bb.vc_custom_1700474786460{margin-top: -50px !important;}\u00bb][vc_column css=\u00bb.vc_custom_1700474803027{padding-top: 300px !important;padding-bottom: 300px !important;background-image: url(https:\/\/www.ull.es\/portal\/laboratorio-del-futuro\/wp-content\/uploads\/sites\/61\/2023\/11\/Imagen-header-pefil_Jose-Luis-Glez.jpg?id=105) !important;background-position: center !important;background-repeat: no-repeat !important;background-size: cover !important;}\u00bb offset=\u00bbvc_hidden-xs\u00bb][\/vc_column][\/vc_row][vc_row full_width=\u00bbstretch_row_content\u00bb css=\u00bb.vc_custom_1699371843668{margin-top: 50px !important;}\u00bb][vc_column css=\u00bb.vc_custom_1699371110533{padding-top: 200px !important;padding-bottom: 200px !important;background-image: url(https:\/\/www.ull.es\/portal\/laboratorio-del-futuro\/wp-content\/uploads\/sites\/61\/2023\/11\/Slider-home-mobile_Jose-Luis-Glez.jpg?id=58) !important;background-position: center !important;background-repeat: no-repeat !important;background-size: cover !important;}\u00bb offset=\u00bbvc_hidden-lg vc_hidden-md vc_hidden-sm\u00bb][\/vc_column][\/vc_row][vc_row][vc_column width=\u00bb1\/2&#8243; css=\u00bb.vc_custom_1699371155548{margin-top: 50px !important;margin-right: 20px !important;padding-top: 20px !important;}\u00bb][vc_column_text] Cartografiar el cerebro Jos\u00e9 Luis Gonz\u00e1lez Mora es...\" \/>\n<meta property=\"og:url\" content=\"https:\/\/www.ull.es\/portal\/laboratorio-del-futuro\/jose-luis-gonzalez\/\" \/>\n<meta property=\"og:site_name\" content=\"Laboratorio del Futuro\" \/>\n<meta property=\"article:modified_time\" content=\"2023-11-20T10:06:49+00:00\" \/>\n<meta name=\"twitter:card\" content=\"summary_large_image\" \/>\n<meta name=\"twitter:label1\" content=\"Tiempo de lectura\" \/>\n\t<meta name=\"twitter:data1\" content=\"3 minutos\" \/>\n<script type=\"application\/ld+json\" class=\"yoast-schema-graph\">{\"@context\":\"https:\/\/schema.org\",\"@graph\":[{\"@type\":\"WebPage\",\"@id\":\"https:\/\/www.ull.es\/portal\/laboratorio-del-futuro\/jose-luis-gonzalez\/\",\"url\":\"https:\/\/www.ull.es\/portal\/laboratorio-del-futuro\/jose-luis-gonzalez\/\",\"name\":\"Jose Luis Gonz\u00e1lez - Laboratorio del Futuro\",\"isPartOf\":{\"@id\":\"https:\/\/www.ull.es\/portal\/laboratorio-del-futuro\/#website\"},\"datePublished\":\"2023-11-06T16:03:57+00:00\",\"dateModified\":\"2023-11-20T10:06:49+00:00\",\"breadcrumb\":{\"@id\":\"https:\/\/www.ull.es\/portal\/laboratorio-del-futuro\/jose-luis-gonzalez\/#breadcrumb\"},\"inLanguage\":\"es\",\"potentialAction\":[{\"@type\":\"ReadAction\",\"target\":[\"https:\/\/www.ull.es\/portal\/laboratorio-del-futuro\/jose-luis-gonzalez\/\"]}]},{\"@type\":\"BreadcrumbList\",\"@id\":\"https:\/\/www.ull.es\/portal\/laboratorio-del-futuro\/jose-luis-gonzalez\/#breadcrumb\",\"itemListElement\":[{\"@type\":\"ListItem\",\"position\":1,\"name\":\"Portada\",\"item\":\"https:\/\/www.ull.es\/portal\/laboratorio-del-futuro\/\"},{\"@type\":\"ListItem\",\"position\":2,\"name\":\"Jose Luis Gonz\u00e1lez\"}]},{\"@type\":\"WebSite\",\"@id\":\"https:\/\/www.ull.es\/portal\/laboratorio-del-futuro\/#website\",\"url\":\"https:\/\/www.ull.es\/portal\/laboratorio-del-futuro\/\",\"name\":\"Laboratorio del Futuro\",\"description\":\"\",\"potentialAction\":[{\"@type\":\"SearchAction\",\"target\":{\"@type\":\"EntryPoint\",\"urlTemplate\":\"https:\/\/www.ull.es\/portal\/laboratorio-del-futuro\/?s={search_term_string}\"},\"query-input\":\"required name=search_term_string\"}],\"inLanguage\":\"es\"}]}<\/script>\n<!-- \/ Yoast SEO plugin. -->","yoast_head_json":{"title":"Jose Luis Gonz\u00e1lez - Laboratorio del Futuro","robots":{"index":"index","follow":"follow","max-snippet":"max-snippet:-1","max-image-preview":"max-image-preview:large","max-video-preview":"max-video-preview:-1"},"canonical":"https:\/\/www.ull.es\/portal\/laboratorio-del-futuro\/jose-luis-gonzalez\/","og_locale":"es_ES","og_type":"article","og_title":"Jose Luis Gonz\u00e1lez - Laboratorio del Futuro","og_description":"[vc_row full_width=\u00bbstretch_row_content_no_spaces\u00bb css=\u00bb.vc_custom_1700474786460{margin-top: -50px !important;}\u00bb][vc_column css=\u00bb.vc_custom_1700474803027{padding-top: 300px !important;padding-bottom: 300px !important;background-image: url(https:\/\/www.ull.es\/portal\/laboratorio-del-futuro\/wp-content\/uploads\/sites\/61\/2023\/11\/Imagen-header-pefil_Jose-Luis-Glez.jpg?id=105) !important;background-position: center !important;background-repeat: no-repeat !important;background-size: cover !important;}\u00bb offset=\u00bbvc_hidden-xs\u00bb][\/vc_column][\/vc_row][vc_row full_width=\u00bbstretch_row_content\u00bb css=\u00bb.vc_custom_1699371843668{margin-top: 50px !important;}\u00bb][vc_column css=\u00bb.vc_custom_1699371110533{padding-top: 200px !important;padding-bottom: 200px !important;background-image: url(https:\/\/www.ull.es\/portal\/laboratorio-del-futuro\/wp-content\/uploads\/sites\/61\/2023\/11\/Slider-home-mobile_Jose-Luis-Glez.jpg?id=58) !important;background-position: center !important;background-repeat: no-repeat !important;background-size: cover !important;}\u00bb offset=\u00bbvc_hidden-lg vc_hidden-md vc_hidden-sm\u00bb][\/vc_column][\/vc_row][vc_row][vc_column width=\u00bb1\/2&#8243; css=\u00bb.vc_custom_1699371155548{margin-top: 50px !important;margin-right: 20px !important;padding-top: 20px !important;}\u00bb][vc_column_text] Cartografiar el cerebro Jos\u00e9 Luis Gonz\u00e1lez Mora es...","og_url":"https:\/\/www.ull.es\/portal\/laboratorio-del-futuro\/jose-luis-gonzalez\/","og_site_name":"Laboratorio del Futuro","article_modified_time":"2023-11-20T10:06:49+00:00","twitter_card":"summary_large_image","twitter_misc":{"Tiempo de lectura":"3 minutos"},"schema":{"@context":"https:\/\/schema.org","@graph":[{"@type":"WebPage","@id":"https:\/\/www.ull.es\/portal\/laboratorio-del-futuro\/jose-luis-gonzalez\/","url":"https:\/\/www.ull.es\/portal\/laboratorio-del-futuro\/jose-luis-gonzalez\/","name":"Jose Luis Gonz\u00e1lez - Laboratorio del Futuro","isPartOf":{"@id":"https:\/\/www.ull.es\/portal\/laboratorio-del-futuro\/#website"},"datePublished":"2023-11-06T16:03:57+00:00","dateModified":"2023-11-20T10:06:49+00:00","breadcrumb":{"@id":"https:\/\/www.ull.es\/portal\/laboratorio-del-futuro\/jose-luis-gonzalez\/#breadcrumb"},"inLanguage":"es","potentialAction":[{"@type":"ReadAction","target":["https:\/\/www.ull.es\/portal\/laboratorio-del-futuro\/jose-luis-gonzalez\/"]}]},{"@type":"BreadcrumbList","@id":"https:\/\/www.ull.es\/portal\/laboratorio-del-futuro\/jose-luis-gonzalez\/#breadcrumb","itemListElement":[{"@type":"ListItem","position":1,"name":"Portada","item":"https:\/\/www.ull.es\/portal\/laboratorio-del-futuro\/"},{"@type":"ListItem","position":2,"name":"Jose Luis Gonz\u00e1lez"}]},{"@type":"WebSite","@id":"https:\/\/www.ull.es\/portal\/laboratorio-del-futuro\/#website","url":"https:\/\/www.ull.es\/portal\/laboratorio-del-futuro\/","name":"Laboratorio del Futuro","description":"","potentialAction":[{"@type":"SearchAction","target":{"@type":"EntryPoint","urlTemplate":"https:\/\/www.ull.es\/portal\/laboratorio-del-futuro\/?s={search_term_string}"},"query-input":"required name=search_term_string"}],"inLanguage":"es"}]}},"_links":{"self":[{"href":"https:\/\/www.ull.es\/portal\/laboratorio-del-futuro\/wp-json\/wp\/v2\/pages\/102"}],"collection":[{"href":"https:\/\/www.ull.es\/portal\/laboratorio-del-futuro\/wp-json\/wp\/v2\/pages"}],"about":[{"href":"https:\/\/www.ull.es\/portal\/laboratorio-del-futuro\/wp-json\/wp\/v2\/types\/page"}],"author":[{"embeddable":true,"href":"https:\/\/www.ull.es\/portal\/laboratorio-del-futuro\/wp-json\/wp\/v2\/users\/97"}],"replies":[{"embeddable":true,"href":"https:\/\/www.ull.es\/portal\/laboratorio-del-futuro\/wp-json\/wp\/v2\/comments?post=102"}],"version-history":[{"count":17,"href":"https:\/\/www.ull.es\/portal\/laboratorio-del-futuro\/wp-json\/wp\/v2\/pages\/102\/revisions"}],"predecessor-version":[{"id":229,"href":"https:\/\/www.ull.es\/portal\/laboratorio-del-futuro\/wp-json\/wp\/v2\/pages\/102\/revisions\/229"}],"wp:attachment":[{"href":"https:\/\/www.ull.es\/portal\/laboratorio-del-futuro\/wp-json\/wp\/v2\/media?parent=102"}],"curies":[{"name":"wp","href":"https:\/\/api.w.org\/{rel}","templated":true}]}}