{"id":114,"date":"2023-11-06T18:10:20","date_gmt":"2023-11-06T17:10:20","guid":{"rendered":"https:\/\/www.ull.es\/portal\/laboratorio-del-futuro\/?page_id=114"},"modified":"2023-11-20T13:20:01","modified_gmt":"2023-11-20T12:20:01","slug":"patricia-arranz","status":"publish","type":"page","link":"https:\/\/www.ull.es\/portal\/laboratorio-del-futuro\/patricia-arranz\/","title":{"rendered":"Patricia Arranz"},"content":{"rendered":"<p>[vc_row full_width=\u00bbstretch_row_content_no_spaces\u00bb css=\u00bb.vc_custom_1700476389851{margin-top: -50px !important;margin-bottom: 50px !important;}\u00bb][vc_column css=\u00bb.vc_custom_1700477496747{padding-top: 300px !important;padding-bottom: 300px !important;background-image: url(https:\/\/www.ull.es\/portal\/laboratorio-del-futuro\/wp-content\/uploads\/sites\/61\/2023\/11\/Imagen-header-pefil_Patricia-Arranz.jpg?id=106) !important;background-position: center !important;background-repeat: no-repeat !important;background-size: cover !important;}\u00bb offset=\u00bbvc_hidden-xs\u00bb][\/vc_column][\/vc_row][vc_row full_width=\u00bbstretch_row_content\u00bb css=\u00bb.vc_custom_1699371706044{margin-bottom: 50px !important;}\u00bb][vc_column css=\u00bb.vc_custom_1699371266003{padding-top: 200px !important;padding-bottom: 200px !important;background-image: url(https:\/\/www.ull.es\/portal\/laboratorio-del-futuro\/wp-content\/uploads\/sites\/61\/2023\/11\/Slider-home-mobile_Patricia-Arranz.jpg?id=60) !important;background-position: center !important;background-repeat: no-repeat !important;background-size: cover !important;}\u00bb offset=\u00bbvc_hidden-lg vc_hidden-md vc_hidden-sm\u00bb][\/vc_column][\/vc_row][vc_row][vc_column width=\u00bb1\/2&#8243; css=\u00bb.vc_custom_1699359085593{margin-top: 20px !important;margin-right: 20px !important;padding-top: 20px !important;}\u00bb][vc_column_text css=\u00bb.vc_custom_1700141615438{margin-right: 50px !important;}\u00bb]<\/p>\n<h2 style=\"padding-left: 40px;\"><span style=\"color: #33cccc;\"><strong>Estudiar y proteger los cet\u00e1ceos de Canarias<\/strong><\/span><\/h2>\n<p>&nbsp;<\/p>\n<p style=\"padding-left: 40px;\"><a href=\"https:\/\/portalciencia.ull.es\/investigadores\/82419\/detalle\" target=\"_blank\" rel=\"noopener\" target=\"_blank\" rel=\"noopener\">Patricia Arranz Alonso<\/a> es bi\u00f3loga marina vinculada desde 2008 al grupo de investigaci\u00f3n Biodiversidad, Ecolog\u00eda Marina y Conservaci\u00f3n (BIOECOMAC), donde se ha especializado en el estudio de los cet\u00e1ceos presentes en aguas canarias.<br \/>\nDoctora Cum Laude con Menci\u00f3n Europea por la Universidad de La Laguna, en su tesis doctoral desarroll\u00f3 m\u00e9todos pioneros para el estudio del comportamiento de buceo y distribuci\u00f3n del zifio de Blainville en El Hierro, isla en donde ha fijado su residencia sin que por ello haya dejado de participar en ambiciososproyectos junto a universidades internacionales comoStanford y California Santa Cruz en EEUU; Aarhus, en Dinamarca; y St. Andrews, en Reino Unido.[\/vc_column_text][\/vc_column][vc_column width=\u00bb1\/2&#8243; css=\u00bb.vc_custom_1699275809820{padding-right: 25px !important;padding-left: 25px !important;}\u00bb][vc_btn title=\u00bbPerfil de Investigadora\u00bb style=\u00bbgradient-custom\u00bb gradient_custom_color_1=\u00bb#11aedd\u00bb gradient_custom_color_2=\u00bb#34d352&#8243; shape=\u00bbsquare\u00bb size=\u00bblg\u00bb align=\u00bbcenter\u00bb button_block=\u00bbtrue\u00bb css=\u00bb.vc_custom_1700141596249{margin-top: 50px !important;margin-bottom: 20px !important;}\u00bb link=\u00bburl:https%3A%2F%2Fportalciencia.ull.es%2Finvestigadores%2F82419%2Fdetalle|title:perfil%20del%20investigador|target:_blank\u00bb][vc_btn title=\u00bbBIOECOMAC\u00bb style=\u00bbcustom\u00bb custom_background=\u00bb#24b8e5&#8243; custom_text=\u00bb#ffffff\u00bb shape=\u00bbsquare\u00bb size=\u00bblg\u00bb align=\u00bbcenter\u00bb button_block=\u00bbtrue\u00bb css=\u00bb.vc_custom_1699290446843{margin-top: 30px !important;margin-bottom: 50px !important;}\u00bb link=\u00bburl:https%3A%2F%2Fportalciencia.ull.es%2Fgrupos%2F6362%2Fdetalle|title:BIOECOMAC|target:_blank\u00bb][vc_single_image image=\u00bb94&#8243; img_size=\u00bblarge\u00bb alignment=\u00bbcenter\u00bb][\/vc_column][\/vc_row][vc_row][vc_column width=\u00bb1\/2&#8243; css=\u00bb.vc_custom_1699359204216{padding-top: 20px !important;}\u00bb][vc_single_image image=\u00bb241&#8243; img_size=\u00bblarge\u00bb alignment=\u00bbcenter\u00bb][\/vc_column][vc_column width=\u00bb1\/2&#8243; css=\u00bb.vc_custom_1699275809820{padding-right: 25px !important;padding-left: 25px !important;}\u00bb][vc_column_text css=\u00bb.vc_custom_1700141622595{margin-top: 20px !important;}\u00bb]<\/p>\n<p style=\"padding-left: 40px;\">Parte de su trabajo se basa en buscarf\u00f3rmulas no invasivas para obtener datos sobre el comportamiento de estos animales, ya sea mediante el uso de sensores dediverso tipo, la observaci\u00f3n desde el aire con drones o el monitoreo ac\u00fastico pasivo.<br \/>\nDado que la observaci\u00f3n de cet\u00e1ceos desde buques es una atracci\u00f3n tur\u00edstica muy extendida, Arranz ha formulado protocolos de buenas pr\u00e1cticas basados en evidencias cient\u00edficas que faciliten el desarrollo de la actividad sin perjudicar a los animales, con medidas como regular el ruido m\u00e1ximo permitido a las embarcaciones o sectorizar espacial y temporalmente las \u00e1reas de avistamientos. Se trata de una tarea fundamental porque estudios de la propia Arranz publicados en revistas de impacto demuestran que el estr\u00e9s producido por la presencia humana puede afectar al comportamiento de cet\u00e1ceoscomo los calderones, reduciendo sus tasas de descanso y de lactancia en las cr\u00edas.[\/vc_column_text][\/vc_column][\/vc_row][vc_row][vc_column width=\u00bb1\/2&#8243;][\/vc_column][vc_column width=\u00bb1\/2&#8243;][vc_empty_space height=\u00bb150px\u00bb][\/vc_column][\/vc_row]<\/p>\n","protected":false},"excerpt":{"rendered":"<p>[vc_row full_width=\u00bbstretch_row_content_no_spaces\u00bb css=\u00bb.vc_custom_1700476389851{margin-top: -50px !important;margin-bottom: 50px !important;}\u00bb][vc_column css=\u00bb.vc_custom_1700477496747{padding-top: 300px !important;padding-bottom: 300px !important;background-image: url(https:\/\/www.ull.es\/portal\/laboratorio-del-futuro\/wp-content\/uploads\/sites\/61\/2023\/11\/Imagen-header-pefil_Patricia-Arranz.jpg?id=106) !important;background-position: center !important;background-repeat: no-repeat !important;background-size: cover !important;}\u00bb offset=\u00bbvc_hidden-xs\u00bb][\/vc_column][\/vc_row][vc_row full_width=\u00bbstretch_row_content\u00bb css=\u00bb.vc_custom_1699371706044{margin-bottom: 50px !important;}\u00bb][vc_column css=\u00bb.vc_custom_1699371266003{padding-top: 200px !important;padding-bottom: 200px !important;background-image: url(https:\/\/www.ull.es\/portal\/laboratorio-del-futuro\/wp-content\/uploads\/sites\/61\/2023\/11\/Slider-home-mobile_Patricia-Arranz.jpg?id=60) !important;background-position: center !important;background-repeat: no-repeat !important;background-size: cover !important;}\u00bb offset=\u00bbvc_hidden-lg vc_hidden-md vc_hidden-sm\u00bb][\/vc_column][\/vc_row][vc_row][vc_column width=\u00bb1\/2&#8243; css=\u00bb.vc_custom_1699359085593{margin-top: 20px !important;margin-right: 20px !important;padding-top: 20px !important;}\u00bb][vc_column_text css=\u00bb.vc_custom_1700141615438{margin-right: 50px !important;}\u00bb] Estudiar y proteger&#8230;<\/p>\n","protected":false},"author":97,"featured_media":0,"parent":0,"menu_order":0,"comment_status":"closed","ping_status":"closed","template":"templates\/template-no-title.php","meta":{"inline_featured_image":false,"footnotes":""},"acf":[],"yoast_head":"<!-- This site is optimized with the Yoast SEO plugin v21.3 - https:\/\/yoast.com\/wordpress\/plugins\/seo\/ -->\n<title>Patricia Arranz - Laboratorio del Futuro<\/title>\n<meta name=\"robots\" content=\"index, follow, max-snippet:-1, max-image-preview:large, max-video-preview:-1\" \/>\n<link rel=\"canonical\" href=\"https:\/\/www.ull.es\/portal\/laboratorio-del-futuro\/patricia-arranz\/\" \/>\n<meta property=\"og:locale\" content=\"es_ES\" \/>\n<meta property=\"og:type\" content=\"article\" \/>\n<meta property=\"og:title\" content=\"Patricia Arranz - Laboratorio del Futuro\" \/>\n<meta property=\"og:description\" content=\"[vc_row full_width=\u00bbstretch_row_content_no_spaces\u00bb css=\u00bb.vc_custom_1700476389851{margin-top: -50px !important;margin-bottom: 50px !important;}\u00bb][vc_column css=\u00bb.vc_custom_1700477496747{padding-top: 300px !important;padding-bottom: 300px !important;background-image: url(https:\/\/www.ull.es\/portal\/laboratorio-del-futuro\/wp-content\/uploads\/sites\/61\/2023\/11\/Imagen-header-pefil_Patricia-Arranz.jpg?id=106) !important;background-position: center !important;background-repeat: no-repeat !important;background-size: cover !important;}\u00bb offset=\u00bbvc_hidden-xs\u00bb][\/vc_column][\/vc_row][vc_row full_width=\u00bbstretch_row_content\u00bb css=\u00bb.vc_custom_1699371706044{margin-bottom: 50px !important;}\u00bb][vc_column css=\u00bb.vc_custom_1699371266003{padding-top: 200px !important;padding-bottom: 200px !important;background-image: url(https:\/\/www.ull.es\/portal\/laboratorio-del-futuro\/wp-content\/uploads\/sites\/61\/2023\/11\/Slider-home-mobile_Patricia-Arranz.jpg?id=60) !important;background-position: center !important;background-repeat: no-repeat !important;background-size: cover !important;}\u00bb offset=\u00bbvc_hidden-lg vc_hidden-md vc_hidden-sm\u00bb][\/vc_column][\/vc_row][vc_row][vc_column width=\u00bb1\/2&#8243; css=\u00bb.vc_custom_1699359085593{margin-top: 20px !important;margin-right: 20px !important;padding-top: 20px !important;}\u00bb][vc_column_text css=\u00bb.vc_custom_1700141615438{margin-right: 50px !important;}\u00bb] Estudiar y proteger...\" \/>\n<meta property=\"og:url\" content=\"https:\/\/www.ull.es\/portal\/laboratorio-del-futuro\/patricia-arranz\/\" \/>\n<meta property=\"og:site_name\" content=\"Laboratorio del Futuro\" \/>\n<meta property=\"article:modified_time\" content=\"2023-11-20T12:20:01+00:00\" \/>\n<meta name=\"twitter:card\" content=\"summary_large_image\" \/>\n<meta name=\"twitter:label1\" content=\"Tiempo de lectura\" \/>\n\t<meta name=\"twitter:data1\" content=\"2 minutos\" \/>\n<script type=\"application\/ld+json\" class=\"yoast-schema-graph\">{\"@context\":\"https:\/\/schema.org\",\"@graph\":[{\"@type\":\"WebPage\",\"@id\":\"https:\/\/www.ull.es\/portal\/laboratorio-del-futuro\/patricia-arranz\/\",\"url\":\"https:\/\/www.ull.es\/portal\/laboratorio-del-futuro\/patricia-arranz\/\",\"name\":\"Patricia Arranz - Laboratorio del Futuro\",\"isPartOf\":{\"@id\":\"https:\/\/www.ull.es\/portal\/laboratorio-del-futuro\/#website\"},\"datePublished\":\"2023-11-06T17:10:20+00:00\",\"dateModified\":\"2023-11-20T12:20:01+00:00\",\"breadcrumb\":{\"@id\":\"https:\/\/www.ull.es\/portal\/laboratorio-del-futuro\/patricia-arranz\/#breadcrumb\"},\"inLanguage\":\"es\",\"potentialAction\":[{\"@type\":\"ReadAction\",\"target\":[\"https:\/\/www.ull.es\/portal\/laboratorio-del-futuro\/patricia-arranz\/\"]}]},{\"@type\":\"BreadcrumbList\",\"@id\":\"https:\/\/www.ull.es\/portal\/laboratorio-del-futuro\/patricia-arranz\/#breadcrumb\",\"itemListElement\":[{\"@type\":\"ListItem\",\"position\":1,\"name\":\"Portada\",\"item\":\"https:\/\/www.ull.es\/portal\/laboratorio-del-futuro\/\"},{\"@type\":\"ListItem\",\"position\":2,\"name\":\"Patricia Arranz\"}]},{\"@type\":\"WebSite\",\"@id\":\"https:\/\/www.ull.es\/portal\/laboratorio-del-futuro\/#website\",\"url\":\"https:\/\/www.ull.es\/portal\/laboratorio-del-futuro\/\",\"name\":\"Laboratorio del Futuro\",\"description\":\"\",\"potentialAction\":[{\"@type\":\"SearchAction\",\"target\":{\"@type\":\"EntryPoint\",\"urlTemplate\":\"https:\/\/www.ull.es\/portal\/laboratorio-del-futuro\/?s={search_term_string}\"},\"query-input\":\"required name=search_term_string\"}],\"inLanguage\":\"es\"}]}<\/script>\n<!-- \/ Yoast SEO plugin. -->","yoast_head_json":{"title":"Patricia Arranz - Laboratorio del Futuro","robots":{"index":"index","follow":"follow","max-snippet":"max-snippet:-1","max-image-preview":"max-image-preview:large","max-video-preview":"max-video-preview:-1"},"canonical":"https:\/\/www.ull.es\/portal\/laboratorio-del-futuro\/patricia-arranz\/","og_locale":"es_ES","og_type":"article","og_title":"Patricia Arranz - Laboratorio del Futuro","og_description":"[vc_row full_width=\u00bbstretch_row_content_no_spaces\u00bb css=\u00bb.vc_custom_1700476389851{margin-top: -50px !important;margin-bottom: 50px !important;}\u00bb][vc_column css=\u00bb.vc_custom_1700477496747{padding-top: 300px !important;padding-bottom: 300px !important;background-image: url(https:\/\/www.ull.es\/portal\/laboratorio-del-futuro\/wp-content\/uploads\/sites\/61\/2023\/11\/Imagen-header-pefil_Patricia-Arranz.jpg?id=106) !important;background-position: center !important;background-repeat: no-repeat !important;background-size: cover !important;}\u00bb offset=\u00bbvc_hidden-xs\u00bb][\/vc_column][\/vc_row][vc_row full_width=\u00bbstretch_row_content\u00bb css=\u00bb.vc_custom_1699371706044{margin-bottom: 50px !important;}\u00bb][vc_column css=\u00bb.vc_custom_1699371266003{padding-top: 200px !important;padding-bottom: 200px !important;background-image: url(https:\/\/www.ull.es\/portal\/laboratorio-del-futuro\/wp-content\/uploads\/sites\/61\/2023\/11\/Slider-home-mobile_Patricia-Arranz.jpg?id=60) !important;background-position: center !important;background-repeat: no-repeat !important;background-size: cover !important;}\u00bb offset=\u00bbvc_hidden-lg vc_hidden-md vc_hidden-sm\u00bb][\/vc_column][\/vc_row][vc_row][vc_column width=\u00bb1\/2&#8243; css=\u00bb.vc_custom_1699359085593{margin-top: 20px !important;margin-right: 20px !important;padding-top: 20px !important;}\u00bb][vc_column_text css=\u00bb.vc_custom_1700141615438{margin-right: 50px !important;}\u00bb] Estudiar y proteger...","og_url":"https:\/\/www.ull.es\/portal\/laboratorio-del-futuro\/patricia-arranz\/","og_site_name":"Laboratorio del Futuro","article_modified_time":"2023-11-20T12:20:01+00:00","twitter_card":"summary_large_image","twitter_misc":{"Tiempo de lectura":"2 minutos"},"schema":{"@context":"https:\/\/schema.org","@graph":[{"@type":"WebPage","@id":"https:\/\/www.ull.es\/portal\/laboratorio-del-futuro\/patricia-arranz\/","url":"https:\/\/www.ull.es\/portal\/laboratorio-del-futuro\/patricia-arranz\/","name":"Patricia Arranz - Laboratorio del Futuro","isPartOf":{"@id":"https:\/\/www.ull.es\/portal\/laboratorio-del-futuro\/#website"},"datePublished":"2023-11-06T17:10:20+00:00","dateModified":"2023-11-20T12:20:01+00:00","breadcrumb":{"@id":"https:\/\/www.ull.es\/portal\/laboratorio-del-futuro\/patricia-arranz\/#breadcrumb"},"inLanguage":"es","potentialAction":[{"@type":"ReadAction","target":["https:\/\/www.ull.es\/portal\/laboratorio-del-futuro\/patricia-arranz\/"]}]},{"@type":"BreadcrumbList","@id":"https:\/\/www.ull.es\/portal\/laboratorio-del-futuro\/patricia-arranz\/#breadcrumb","itemListElement":[{"@type":"ListItem","position":1,"name":"Portada","item":"https:\/\/www.ull.es\/portal\/laboratorio-del-futuro\/"},{"@type":"ListItem","position":2,"name":"Patricia Arranz"}]},{"@type":"WebSite","@id":"https:\/\/www.ull.es\/portal\/laboratorio-del-futuro\/#website","url":"https:\/\/www.ull.es\/portal\/laboratorio-del-futuro\/","name":"Laboratorio del Futuro","description":"","potentialAction":[{"@type":"SearchAction","target":{"@type":"EntryPoint","urlTemplate":"https:\/\/www.ull.es\/portal\/laboratorio-del-futuro\/?s={search_term_string}"},"query-input":"required name=search_term_string"}],"inLanguage":"es"}]}},"_links":{"self":[{"href":"https:\/\/www.ull.es\/portal\/laboratorio-del-futuro\/wp-json\/wp\/v2\/pages\/114"}],"collection":[{"href":"https:\/\/www.ull.es\/portal\/laboratorio-del-futuro\/wp-json\/wp\/v2\/pages"}],"about":[{"href":"https:\/\/www.ull.es\/portal\/laboratorio-del-futuro\/wp-json\/wp\/v2\/types\/page"}],"author":[{"embeddable":true,"href":"https:\/\/www.ull.es\/portal\/laboratorio-del-futuro\/wp-json\/wp\/v2\/users\/97"}],"replies":[{"embeddable":true,"href":"https:\/\/www.ull.es\/portal\/laboratorio-del-futuro\/wp-json\/wp\/v2\/comments?post=114"}],"version-history":[{"count":13,"href":"https:\/\/www.ull.es\/portal\/laboratorio-del-futuro\/wp-json\/wp\/v2\/pages\/114\/revisions"}],"predecessor-version":[{"id":255,"href":"https:\/\/www.ull.es\/portal\/laboratorio-del-futuro\/wp-json\/wp\/v2\/pages\/114\/revisions\/255"}],"wp:attachment":[{"href":"https:\/\/www.ull.es\/portal\/laboratorio-del-futuro\/wp-json\/wp\/v2\/media?parent=114"}],"curies":[{"name":"wp","href":"https:\/\/api.w.org\/{rel}","templated":true}]}}