{"id":118,"date":"2023-11-06T18:28:56","date_gmt":"2023-11-06T17:28:56","guid":{"rendered":"https:\/\/www.ull.es\/portal\/laboratorio-del-futuro\/?page_id=118"},"modified":"2023-12-12T15:45:01","modified_gmt":"2023-12-12T14:45:01","slug":"benjamin-gonzalez-diaz","status":"publish","type":"page","link":"https:\/\/www.ull.es\/portal\/laboratorio-del-futuro\/benjamin-gonzalez-diaz\/","title":{"rendered":"Benjam\u00edn Gonz\u00e1lez D\u00edaz"},"content":{"rendered":"<p>[vc_row full_width=\u00bbstretch_row_content\u00bb css=\u00bb.vc_custom_1699371302724{margin-top: -50px !important;margin-bottom: 50px !important;}\u00bb][vc_column css=\u00bb.vc_custom_1700477556115{padding-top: 300px !important;padding-bottom: 300px !important;background-image: url(https:\/\/www.ull.es\/portal\/laboratorio-del-futuro\/wp-content\/uploads\/sites\/61\/2023\/11\/Imagen-header-pefil_Benjamin-Gonzalez.jpg?id=104) !important;background-position: center !important;background-repeat: no-repeat !important;background-size: cover !important;}\u00bb offset=\u00bbvc_hidden-xs\u00bb][\/vc_column][\/vc_row][vc_row full_width=\u00bbstretch_row_content\u00bb css=\u00bb.vc_custom_1699371686901{margin-bottom: 50px !important;}\u00bb][vc_column css=\u00bb.vc_custom_1699371356941{padding-top: 200px !important;padding-bottom: 200px !important;background-image: url(https:\/\/www.ull.es\/portal\/laboratorio-del-futuro\/wp-content\/uploads\/sites\/61\/2023\/11\/Slider-home-mobile_Benjamin-Glez.jpg?id=53) !important;background-position: center !important;background-repeat: no-repeat !important;background-size: cover !important;}\u00bb offset=\u00bbvc_hidden-lg vc_hidden-md vc_hidden-sm\u00bb][\/vc_column][\/vc_row][vc_row][vc_column width=\u00bb1\/2&#8243; css=\u00bb.vc_custom_1699359224792{margin-top: 20px !important;margin-right: 20px !important;padding-top: 50px !important;}\u00bb][vc_column_text css=\u00bb.vc_custom_1700141664997{margin-right: 20px !important;}\u00bb]<\/p>\n<h2 style=\"padding-left: 40px;\"><span style=\"color: #00ccff;\">El<strong> desaf\u00edo de la transici\u00f3n energ\u00e9tica<\/strong><\/span><\/h2>\n<p style=\"text-align: justify; background: white; margin: 0cm 0cm .0001pt 36.0pt;\"><a href=\"https:\/\/portalciencia.ull.es\/investigadores\/81003\/detalle\" target=\"_blank\" rel=\"noopener\" target=\"_blank\" rel=\"noopener\">Benjam\u00edn Gonz\u00e1lez D\u00edaz<\/a> es profesor titular del Departamento de Ingenier\u00eda Industrial que se ha especializado en la investigaci\u00f3n sobre energ\u00edas renovables, especialmente solar fotovoltaica, y la gesti\u00f3n de la transici\u00f3n energ\u00e9tica.<br \/>\nEl suyo es un ejemplo de las vueltas que puede dar una trayectoria cient\u00edfica, pues comenz\u00f3 licenci\u00e1ndose en F\u00edsica y en la actualidad dedica su tiempo a proyectos m\u00e1s relacionados con la ingenier\u00eda, la mec\u00e1nica e incluso legislaci\u00f3n y econom\u00eda: \u201cHe pasado de ser alguien que fabrica cosas a preocuparme hacia d\u00f3nde vamos en la transici\u00f3n energ\u00e9tica\u201d. Y es que se trata de un reto m\u00e1s all\u00e1 dela tecnolog\u00eda: no es solo dise\u00f1ar tecnolog\u00eda m\u00e1s eficiente, sino tomar decisiones que van a tener costes altos y consecuencias a largo plazo. Por ello, es un campo en el que la ciencia y la gesti\u00f3n est\u00e1n muy interconectadas.[\/vc_column_text][\/vc_column][vc_column width=\u00bb1\/2&#8243; css=\u00bb.vc_custom_1699275809820{padding-right: 25px !important;padding-left: 25px !important;}\u00bb][vc_btn title=\u00bbPerfil de Investigador\u00bb style=\u00bbgradient-custom\u00bb gradient_custom_color_1=\u00bb#1e73be\u00bb gradient_custom_color_2=\u00bb#71d0ed\u00bb shape=\u00bbsquare\u00bb size=\u00bblg\u00bb align=\u00bbcenter\u00bb button_block=\u00bbtrue\u00bb css=\u00bb.vc_custom_1700141647319{margin-top: 50px !important;margin-bottom: 20px !important;}\u00bb link=\u00bburl:https%3A%2F%2Fportalciencia.ull.es%2Finvestigadores%2F81003%2Fdetalle|title:perfil%20del%20investigador|target:_blank\u00bb][vc_btn title=\u00bbReportaje\u00bb style=\u00bbcustom\u00bb custom_background=\u00bb#e82055&#8243; custom_text=\u00bb#ffffff\u00bb shape=\u00bbsquare\u00bb size=\u00bblg\u00bb align=\u00bbcenter\u00bb button_block=\u00bbtrue\u00bb css=\u00bb.vc_custom_1699359268634{margin-top: 20px !important;margin-bottom: 20px !important;}\u00bb link=\u00bburl:https%3A%2F%2Fwww.ull.es%2Fportal%2Fnoticias%2F2023%2Fbenjamin-gonzalez-transicion-energetica%2F|title:Reportaje|target:_blank\u00bb][vc_btn title=\u00bbLinkedin\u00bb style=\u00bbcustom\u00bb custom_background=\u00bb#14ccaa\u00bb custom_text=\u00bb#ffffff\u00bb shape=\u00bbsquare\u00bb size=\u00bblg\u00bb align=\u00bbcenter\u00bb button_block=\u00bbtrue\u00bb css=\u00bb.vc_custom_1699359257299{margin-top: 20px !important;margin-bottom: 20px !important;}\u00bb link=\u00bburl:http%3A%2F%2Finvestigacion|title:perfil%20del%20investigador|target:_blank\u00bb][vc_single_image image=\u00bb91&#8243; img_size=\u00bblarge\u00bb alignment=\u00bbcenter\u00bb][\/vc_column][\/vc_row][vc_row][vc_column width=\u00bb1\/2&#8243; css=\u00bb.vc_custom_1699271024063{padding-top: 50px !important;}\u00bb][vc_single_image image=\u00bb264&#8243; img_size=\u00bb450&#215;450&#8243; alignment=\u00bbcenter\u00bb][\/vc_column][vc_column width=\u00bb1\/2&#8243;][vc_column_text css=\u00bb.vc_custom_1700141671459{margin-top: 50px !important;}\u00bb]<\/p>\n<p style=\"text-align: justify; background: white; margin: 0cm 0cm .0001pt 36.0pt;\">A lo largo de su trayectoria, Gonz\u00e1lez ha trabajado en proyectos relacionados con los materiales utilizados en las placas solares para mejorar su rendimiento, incluyendo iones de una de las llamadas \u201ctierras raras\u201d, el erbio, a la c\u00e9lula fotovoltaica. Tambi\u00e9n ha colaborado con empresas e instituciones p\u00fablicas para aplicar estas tecnolog\u00edas en \u00e1mbitos como invernaderos o plantas depuradoras.<\/p>\n<p style=\"text-align: justify; background: white; margin: 0cm 0cm .0001pt 36.0pt;\">Actualmente participa en un ambicioso estudio para calcular c\u00f3mo se comportar\u00eda una instalaci\u00f3n fotovoltaica en un punto determinado, a partir de ortofotos provistas por los servicios de informaci\u00f3n geogr\u00e1fica de todas las cubiertas, tejados y azoteas de Canarias.<\/p>\n<p>[\/vc_column_text][\/vc_column][\/vc_row][vc_row][vc_column width=\u00bb1\/2&#8243;][\/vc_column][vc_column width=\u00bb1\/2&#8243;][vc_empty_space height=\u00bb50px\u00bb][\/vc_column][\/vc_row][vc_row][vc_column width=\u00bb1\/3&#8243;][vc_single_image image=\u00bb97&#8243; img_size=\u00bblarge\u00bb css=\u00bb.vc_custom_1702392298792{margin-top: 30px !important;margin-left: 30px !important;}\u00bb][\/vc_column][vc_column width=\u00bb2\/3&#8243;][vc_video link=\u00bbhttps:\/\/www.youtube.com\/watch?v=43qhrkXHiiE\u00bb][\/vc_column][\/vc_row]<\/p>\n","protected":false},"excerpt":{"rendered":"<p>[vc_row full_width=\u00bbstretch_row_content\u00bb css=\u00bb.vc_custom_1699371302724{margin-top: -50px !important;margin-bottom: 50px !important;}\u00bb][vc_column css=\u00bb.vc_custom_1700477556115{padding-top: 300px !important;padding-bottom: 300px !important;background-image: url(https:\/\/www.ull.es\/portal\/laboratorio-del-futuro\/wp-content\/uploads\/sites\/61\/2023\/11\/Imagen-header-pefil_Benjamin-Gonzalez.jpg?id=104) !important;background-position: center !important;background-repeat: no-repeat !important;background-size: cover !important;}\u00bb offset=\u00bbvc_hidden-xs\u00bb][\/vc_column][\/vc_row][vc_row full_width=\u00bbstretch_row_content\u00bb css=\u00bb.vc_custom_1699371686901{margin-bottom: 50px !important;}\u00bb][vc_column css=\u00bb.vc_custom_1699371356941{padding-top: 200px !important;padding-bottom: 200px !important;background-image: url(https:\/\/www.ull.es\/portal\/laboratorio-del-futuro\/wp-content\/uploads\/sites\/61\/2023\/11\/Slider-home-mobile_Benjamin-Glez.jpg?id=53) !important;background-position: center !important;background-repeat: no-repeat !important;background-size: cover !important;}\u00bb offset=\u00bbvc_hidden-lg vc_hidden-md vc_hidden-sm\u00bb][\/vc_column][\/vc_row][vc_row][vc_column width=\u00bb1\/2&#8243; css=\u00bb.vc_custom_1699359224792{margin-top: 20px !important;margin-right: 20px !important;padding-top: 50px !important;}\u00bb][vc_column_text css=\u00bb.vc_custom_1700141664997{margin-right: 20px !important;}\u00bb] El desaf\u00edo de&#8230;<\/p>\n","protected":false},"author":97,"featured_media":0,"parent":0,"menu_order":0,"comment_status":"closed","ping_status":"closed","template":"templates\/template-no-title.php","meta":{"inline_featured_image":false,"footnotes":""},"acf":[],"yoast_head":"<!-- This site is optimized with the Yoast SEO plugin v21.3 - https:\/\/yoast.com\/wordpress\/plugins\/seo\/ -->\n<title>Benjam\u00edn Gonz\u00e1lez D\u00edaz - Laboratorio del Futuro<\/title>\n<meta name=\"robots\" content=\"index, follow, max-snippet:-1, max-image-preview:large, max-video-preview:-1\" \/>\n<link rel=\"canonical\" href=\"https:\/\/www.ull.es\/portal\/laboratorio-del-futuro\/benjamin-gonzalez-diaz\/\" \/>\n<meta property=\"og:locale\" content=\"es_ES\" \/>\n<meta property=\"og:type\" content=\"article\" \/>\n<meta property=\"og:title\" content=\"Benjam\u00edn Gonz\u00e1lez D\u00edaz - Laboratorio del Futuro\" \/>\n<meta property=\"og:description\" content=\"[vc_row full_width=\u00bbstretch_row_content\u00bb css=\u00bb.vc_custom_1699371302724{margin-top: -50px !important;margin-bottom: 50px !important;}\u00bb][vc_column css=\u00bb.vc_custom_1700477556115{padding-top: 300px !important;padding-bottom: 300px !important;background-image: url(https:\/\/www.ull.es\/portal\/laboratorio-del-futuro\/wp-content\/uploads\/sites\/61\/2023\/11\/Imagen-header-pefil_Benjamin-Gonzalez.jpg?id=104) !important;background-position: center !important;background-repeat: no-repeat !important;background-size: cover !important;}\u00bb offset=\u00bbvc_hidden-xs\u00bb][\/vc_column][\/vc_row][vc_row full_width=\u00bbstretch_row_content\u00bb css=\u00bb.vc_custom_1699371686901{margin-bottom: 50px !important;}\u00bb][vc_column css=\u00bb.vc_custom_1699371356941{padding-top: 200px !important;padding-bottom: 200px !important;background-image: url(https:\/\/www.ull.es\/portal\/laboratorio-del-futuro\/wp-content\/uploads\/sites\/61\/2023\/11\/Slider-home-mobile_Benjamin-Glez.jpg?id=53) !important;background-position: center !important;background-repeat: no-repeat !important;background-size: cover !important;}\u00bb offset=\u00bbvc_hidden-lg vc_hidden-md vc_hidden-sm\u00bb][\/vc_column][\/vc_row][vc_row][vc_column width=\u00bb1\/2&#8243; css=\u00bb.vc_custom_1699359224792{margin-top: 20px !important;margin-right: 20px !important;padding-top: 50px !important;}\u00bb][vc_column_text css=\u00bb.vc_custom_1700141664997{margin-right: 20px !important;}\u00bb] El desaf\u00edo de...\" \/>\n<meta property=\"og:url\" content=\"https:\/\/www.ull.es\/portal\/laboratorio-del-futuro\/benjamin-gonzalez-diaz\/\" \/>\n<meta property=\"og:site_name\" content=\"Laboratorio del Futuro\" \/>\n<meta property=\"article:modified_time\" content=\"2023-12-12T14:45:01+00:00\" \/>\n<meta name=\"twitter:card\" content=\"summary_large_image\" \/>\n<meta name=\"twitter:label1\" content=\"Tiempo de lectura\" \/>\n\t<meta name=\"twitter:data1\" content=\"2 minutos\" \/>\n<script type=\"application\/ld+json\" class=\"yoast-schema-graph\">{\"@context\":\"https:\/\/schema.org\",\"@graph\":[{\"@type\":\"WebPage\",\"@id\":\"https:\/\/www.ull.es\/portal\/laboratorio-del-futuro\/benjamin-gonzalez-diaz\/\",\"url\":\"https:\/\/www.ull.es\/portal\/laboratorio-del-futuro\/benjamin-gonzalez-diaz\/\",\"name\":\"Benjam\u00edn Gonz\u00e1lez D\u00edaz - Laboratorio del Futuro\",\"isPartOf\":{\"@id\":\"https:\/\/www.ull.es\/portal\/laboratorio-del-futuro\/#website\"},\"datePublished\":\"2023-11-06T17:28:56+00:00\",\"dateModified\":\"2023-12-12T14:45:01+00:00\",\"breadcrumb\":{\"@id\":\"https:\/\/www.ull.es\/portal\/laboratorio-del-futuro\/benjamin-gonzalez-diaz\/#breadcrumb\"},\"inLanguage\":\"es\",\"potentialAction\":[{\"@type\":\"ReadAction\",\"target\":[\"https:\/\/www.ull.es\/portal\/laboratorio-del-futuro\/benjamin-gonzalez-diaz\/\"]}]},{\"@type\":\"BreadcrumbList\",\"@id\":\"https:\/\/www.ull.es\/portal\/laboratorio-del-futuro\/benjamin-gonzalez-diaz\/#breadcrumb\",\"itemListElement\":[{\"@type\":\"ListItem\",\"position\":1,\"name\":\"Portada\",\"item\":\"https:\/\/www.ull.es\/portal\/laboratorio-del-futuro\/\"},{\"@type\":\"ListItem\",\"position\":2,\"name\":\"Benjam\u00edn Gonz\u00e1lez D\u00edaz\"}]},{\"@type\":\"WebSite\",\"@id\":\"https:\/\/www.ull.es\/portal\/laboratorio-del-futuro\/#website\",\"url\":\"https:\/\/www.ull.es\/portal\/laboratorio-del-futuro\/\",\"name\":\"Laboratorio del Futuro\",\"description\":\"\",\"potentialAction\":[{\"@type\":\"SearchAction\",\"target\":{\"@type\":\"EntryPoint\",\"urlTemplate\":\"https:\/\/www.ull.es\/portal\/laboratorio-del-futuro\/?s={search_term_string}\"},\"query-input\":\"required name=search_term_string\"}],\"inLanguage\":\"es\"}]}<\/script>\n<!-- \/ Yoast SEO plugin. -->","yoast_head_json":{"title":"Benjam\u00edn Gonz\u00e1lez D\u00edaz - Laboratorio del Futuro","robots":{"index":"index","follow":"follow","max-snippet":"max-snippet:-1","max-image-preview":"max-image-preview:large","max-video-preview":"max-video-preview:-1"},"canonical":"https:\/\/www.ull.es\/portal\/laboratorio-del-futuro\/benjamin-gonzalez-diaz\/","og_locale":"es_ES","og_type":"article","og_title":"Benjam\u00edn Gonz\u00e1lez D\u00edaz - Laboratorio del Futuro","og_description":"[vc_row full_width=\u00bbstretch_row_content\u00bb css=\u00bb.vc_custom_1699371302724{margin-top: -50px !important;margin-bottom: 50px !important;}\u00bb][vc_column css=\u00bb.vc_custom_1700477556115{padding-top: 300px !important;padding-bottom: 300px !important;background-image: url(https:\/\/www.ull.es\/portal\/laboratorio-del-futuro\/wp-content\/uploads\/sites\/61\/2023\/11\/Imagen-header-pefil_Benjamin-Gonzalez.jpg?id=104) !important;background-position: center !important;background-repeat: no-repeat !important;background-size: cover !important;}\u00bb offset=\u00bbvc_hidden-xs\u00bb][\/vc_column][\/vc_row][vc_row full_width=\u00bbstretch_row_content\u00bb css=\u00bb.vc_custom_1699371686901{margin-bottom: 50px !important;}\u00bb][vc_column css=\u00bb.vc_custom_1699371356941{padding-top: 200px !important;padding-bottom: 200px !important;background-image: url(https:\/\/www.ull.es\/portal\/laboratorio-del-futuro\/wp-content\/uploads\/sites\/61\/2023\/11\/Slider-home-mobile_Benjamin-Glez.jpg?id=53) !important;background-position: center !important;background-repeat: no-repeat !important;background-size: cover !important;}\u00bb offset=\u00bbvc_hidden-lg vc_hidden-md vc_hidden-sm\u00bb][\/vc_column][\/vc_row][vc_row][vc_column width=\u00bb1\/2&#8243; css=\u00bb.vc_custom_1699359224792{margin-top: 20px !important;margin-right: 20px !important;padding-top: 50px !important;}\u00bb][vc_column_text css=\u00bb.vc_custom_1700141664997{margin-right: 20px !important;}\u00bb] El desaf\u00edo de...","og_url":"https:\/\/www.ull.es\/portal\/laboratorio-del-futuro\/benjamin-gonzalez-diaz\/","og_site_name":"Laboratorio del Futuro","article_modified_time":"2023-12-12T14:45:01+00:00","twitter_card":"summary_large_image","twitter_misc":{"Tiempo de lectura":"2 minutos"},"schema":{"@context":"https:\/\/schema.org","@graph":[{"@type":"WebPage","@id":"https:\/\/www.ull.es\/portal\/laboratorio-del-futuro\/benjamin-gonzalez-diaz\/","url":"https:\/\/www.ull.es\/portal\/laboratorio-del-futuro\/benjamin-gonzalez-diaz\/","name":"Benjam\u00edn Gonz\u00e1lez D\u00edaz - Laboratorio del Futuro","isPartOf":{"@id":"https:\/\/www.ull.es\/portal\/laboratorio-del-futuro\/#website"},"datePublished":"2023-11-06T17:28:56+00:00","dateModified":"2023-12-12T14:45:01+00:00","breadcrumb":{"@id":"https:\/\/www.ull.es\/portal\/laboratorio-del-futuro\/benjamin-gonzalez-diaz\/#breadcrumb"},"inLanguage":"es","potentialAction":[{"@type":"ReadAction","target":["https:\/\/www.ull.es\/portal\/laboratorio-del-futuro\/benjamin-gonzalez-diaz\/"]}]},{"@type":"BreadcrumbList","@id":"https:\/\/www.ull.es\/portal\/laboratorio-del-futuro\/benjamin-gonzalez-diaz\/#breadcrumb","itemListElement":[{"@type":"ListItem","position":1,"name":"Portada","item":"https:\/\/www.ull.es\/portal\/laboratorio-del-futuro\/"},{"@type":"ListItem","position":2,"name":"Benjam\u00edn Gonz\u00e1lez D\u00edaz"}]},{"@type":"WebSite","@id":"https:\/\/www.ull.es\/portal\/laboratorio-del-futuro\/#website","url":"https:\/\/www.ull.es\/portal\/laboratorio-del-futuro\/","name":"Laboratorio del Futuro","description":"","potentialAction":[{"@type":"SearchAction","target":{"@type":"EntryPoint","urlTemplate":"https:\/\/www.ull.es\/portal\/laboratorio-del-futuro\/?s={search_term_string}"},"query-input":"required name=search_term_string"}],"inLanguage":"es"}]}},"_links":{"self":[{"href":"https:\/\/www.ull.es\/portal\/laboratorio-del-futuro\/wp-json\/wp\/v2\/pages\/118"}],"collection":[{"href":"https:\/\/www.ull.es\/portal\/laboratorio-del-futuro\/wp-json\/wp\/v2\/pages"}],"about":[{"href":"https:\/\/www.ull.es\/portal\/laboratorio-del-futuro\/wp-json\/wp\/v2\/types\/page"}],"author":[{"embeddable":true,"href":"https:\/\/www.ull.es\/portal\/laboratorio-del-futuro\/wp-json\/wp\/v2\/users\/97"}],"replies":[{"embeddable":true,"href":"https:\/\/www.ull.es\/portal\/laboratorio-del-futuro\/wp-json\/wp\/v2\/comments?post=118"}],"version-history":[{"count":22,"href":"https:\/\/www.ull.es\/portal\/laboratorio-del-futuro\/wp-json\/wp\/v2\/pages\/118\/revisions"}],"predecessor-version":[{"id":274,"href":"https:\/\/www.ull.es\/portal\/laboratorio-del-futuro\/wp-json\/wp\/v2\/pages\/118\/revisions\/274"}],"wp:attachment":[{"href":"https:\/\/www.ull.es\/portal\/laboratorio-del-futuro\/wp-json\/wp\/v2\/media?parent=118"}],"curies":[{"name":"wp","href":"https:\/\/api.w.org\/{rel}","templated":true}]}}