{"id":180,"date":"2023-11-13T16:43:54","date_gmt":"2023-11-13T15:43:54","guid":{"rendered":"https:\/\/www.ull.es\/portal\/laboratorio-del-futuro\/?page_id=180"},"modified":"2023-11-20T13:09:36","modified_gmt":"2023-11-20T12:09:36","slug":"pilar-matud-aznar","status":"publish","type":"page","link":"https:\/\/www.ull.es\/portal\/laboratorio-del-futuro\/pilar-matud-aznar\/","title":{"rendered":"Pilar Matud Aznar"},"content":{"rendered":"<p>[vc_row full_width=\u00bbstretch_row_content_no_spaces\u00bb css=\u00bb.vc_custom_1700477967469{margin-top: -50px !important;margin-bottom: 50px !important;}\u00bb][vc_column css=\u00bb.vc_custom_1700478030674{padding-top: 300px !important;padding-bottom: 300px !important;background-image: url(https:\/\/www.ull.es\/portal\/laboratorio-del-futuro\/wp-content\/uploads\/sites\/61\/2023\/11\/Imagen-header-pefil_Pilar-Matud.jpg?id=172) !important;background-position: center !important;background-repeat: no-repeat !important;background-size: cover !important;}\u00bb offset=\u00bbvc_hidden-xs\u00bb][\/vc_column][\/vc_row][vc_row full_width=\u00bbstretch_row_content\u00bb css=\u00bb.vc_custom_1699371686901{margin-bottom: 50px !important;}\u00bb][vc_column css=\u00bb.vc_custom_1699890228669{padding-top: 200px !important;padding-bottom: 200px !important;background-image: url(https:\/\/www.ull.es\/portal\/laboratorio-del-futuro\/wp-content\/uploads\/sites\/61\/2023\/11\/Slider-home-mobile_Pilar-Matud.jpg?id=62) !important;background-position: center !important;background-repeat: no-repeat !important;background-size: cover !important;}\u00bb offset=\u00bbvc_hidden-lg vc_hidden-md vc_hidden-sm\u00bb][\/vc_column][\/vc_row][vc_row][vc_column width=\u00bb1\/2&#8243; css=\u00bb.vc_custom_1700481875412{margin-top: 50px !important;margin-right: 50px !important;}\u00bb][vc_column_text css=\u00bb.vc_custom_1700481931629{padding-right: 50px !important;}\u00bb]<\/p>\n<h2 style=\"padding-left: 40px;\"><span style=\"color: #cc99ff;\">Investigar en violencia de g\u00e9nero<\/span><\/h2>\n<p style=\"text-align: justify; background: white; margin: 0cm 0cm .0001pt 36.0pt;\">Catedr\u00e1tica adscrita al Departamento de Psicolog\u00eda Cl\u00ednica, Psicobiolog\u00eda y Metodolog\u00eda, <a href=\"https:\/\/portalciencia.ull.es\/investigadores\/82081\/detalle\" target=\"_blank\" rel=\"noopener\" target=\"_blank\" rel=\"noopener\">Pilar Matud Aznar<\/a> est\u00e1 especializada en psicolog\u00eda del g\u00e9nero. Empe\u00f1ada en que el alumnado sea capaz de reconocer por s\u00ed solo el vasto cat\u00e1logo de estereotipos que nos asignan a mujeres y hombres en todas las culturas, afirma tajante que \u201ctodos los organismos internacionales reconocen que no hay ni un solo pa\u00eds donde no haya desigualdades de g\u00e9nero\u201d, dice. Evaluada por sus estudiantes como una de las mejores docentes de la universidad, la investigadora ha liderado varios proyectos de intervenci\u00f3n a v\u00edctimas de maltrato por parte de sus parejas, de los cuales han emanado una terapia y un protocolo de intervenci\u00f3n publicados ya hace unos a\u00f1os, y que la pr\u00e1ctica ha demostrado su eficacia.<\/p>\n<p>[\/vc_column_text][\/vc_column][vc_column width=\u00bb1\/2&#8243; css=\u00bb.vc_custom_1699275809820{padding-right: 25px !important;padding-left: 25px !important;}\u00bb][vc_btn title=\u00bbPerfil de Investigadora\u00bb style=\u00bbgradient-custom\u00bb gradient_custom_color_1=\u00bb#8224e3&#8243; gradient_custom_color_2=\u00bb#c15dab\u00bb shape=\u00bbsquare\u00bb size=\u00bblg\u00bb align=\u00bbcenter\u00bb button_block=\u00bbtrue\u00bb css=\u00bb.vc_custom_1700481918087{margin-top: 50px !important;margin-bottom: 50px !important;}\u00bb link=\u00bburl:https%3A%2F%2Fportalciencia.ull.es%2Finvestigadores%2F82081%2Fdetalle|title:perfil%20del%20investigador|target:_blank\u00bb][vc_single_image image=\u00bb164&#8243; img_size=\u00bblarge\u00bb alignment=\u00bbcenter\u00bb][\/vc_column][\/vc_row][vc_row][vc_column width=\u00bb1\/2&#8243; css=\u00bb.vc_custom_1699271024063{padding-top: 50px !important;}\u00bb][vc_single_image image=\u00bb149&#8243; img_size=\u00bblarge\u00bb alignment=\u00bbcenter\u00bb][\/vc_column][vc_column width=\u00bb1\/2&#8243; css=\u00bb.vc_custom_1700481995091{margin-left: -50px !important;}\u00bb][vc_single_image image=\u00bb245&#8243; img_size=\u00bb180&#215;280&#8243; css=\u00bb.vc_custom_1700482159707{margin-top: -150px !important;margin-left: -10px !important;}\u00bb][vc_column_text]<\/p>\n<p style=\"text-align: justify; background: white; margin: 0cm 0cm .0001pt 36.0pt;\">Matud ha dirigido en la Universidad de La Laguna varios posgrados centrados en la prevenci\u00f3n y tratamiento de la violencia de g\u00e9nero, y ha sido distinguida con varios premios por su dilatada carrera y fruct\u00edfera labor en este \u00e1mbito. Uno de los valores que destaca la especialista de estos t\u00edtulos es su multidisciplinariedad, ya que los han cursado no s\u00f3lo psic\u00f3logos, sino abogados, trabajadores sociales y, en general, representantes de todos los perfiles profesionales que de un modo u otro intervienen en la atenci\u00f3n a las v\u00edctimas de violencia machista.<\/p>\n<p>[\/vc_column_text][\/vc_column][\/vc_row][vc_row][vc_column width=\u00bb1\/2&#8243;][\/vc_column][vc_column width=\u00bb1\/2&#8243;][vc_empty_space height=\u00bb150px\u00bb][\/vc_column][\/vc_row]<\/p>\n","protected":false},"excerpt":{"rendered":"<p>[vc_row full_width=\u00bbstretch_row_content_no_spaces\u00bb css=\u00bb.vc_custom_1700477967469{margin-top: -50px !important;margin-bottom: 50px !important;}\u00bb][vc_column css=\u00bb.vc_custom_1700478030674{padding-top: 300px !important;padding-bottom: 300px !important;background-image: url(https:\/\/www.ull.es\/portal\/laboratorio-del-futuro\/wp-content\/uploads\/sites\/61\/2023\/11\/Imagen-header-pefil_Pilar-Matud.jpg?id=172) !important;background-position: center !important;background-repeat: no-repeat !important;background-size: cover !important;}\u00bb offset=\u00bbvc_hidden-xs\u00bb][\/vc_column][\/vc_row][vc_row full_width=\u00bbstretch_row_content\u00bb css=\u00bb.vc_custom_1699371686901{margin-bottom: 50px !important;}\u00bb][vc_column css=\u00bb.vc_custom_1699890228669{padding-top: 200px !important;padding-bottom: 200px !important;background-image: url(https:\/\/www.ull.es\/portal\/laboratorio-del-futuro\/wp-content\/uploads\/sites\/61\/2023\/11\/Slider-home-mobile_Pilar-Matud.jpg?id=62) !important;background-position: center !important;background-repeat: no-repeat !important;background-size: cover !important;}\u00bb offset=\u00bbvc_hidden-lg vc_hidden-md vc_hidden-sm\u00bb][\/vc_column][\/vc_row][vc_row][vc_column width=\u00bb1\/2&#8243; css=\u00bb.vc_custom_1700481875412{margin-top: 50px !important;margin-right: 50px !important;}\u00bb][vc_column_text css=\u00bb.vc_custom_1700481931629{padding-right: 50px !important;}\u00bb] Investigar en violencia de g\u00e9nero&#8230;<\/p>\n","protected":false},"author":97,"featured_media":0,"parent":0,"menu_order":0,"comment_status":"closed","ping_status":"closed","template":"templates\/template-no-title.php","meta":{"inline_featured_image":false,"footnotes":""},"acf":[],"yoast_head":"<!-- This site is optimized with the Yoast SEO plugin v21.3 - https:\/\/yoast.com\/wordpress\/plugins\/seo\/ -->\n<title>Pilar Matud Aznar - Laboratorio del Futuro<\/title>\n<meta name=\"robots\" content=\"index, follow, max-snippet:-1, max-image-preview:large, max-video-preview:-1\" \/>\n<link rel=\"canonical\" href=\"https:\/\/www.ull.es\/portal\/laboratorio-del-futuro\/pilar-matud-aznar\/\" \/>\n<meta property=\"og:locale\" content=\"es_ES\" \/>\n<meta property=\"og:type\" content=\"article\" \/>\n<meta property=\"og:title\" content=\"Pilar Matud Aznar - Laboratorio del Futuro\" \/>\n<meta property=\"og:description\" content=\"[vc_row full_width=\u00bbstretch_row_content_no_spaces\u00bb css=\u00bb.vc_custom_1700477967469{margin-top: -50px !important;margin-bottom: 50px !important;}\u00bb][vc_column css=\u00bb.vc_custom_1700478030674{padding-top: 300px !important;padding-bottom: 300px !important;background-image: url(https:\/\/www.ull.es\/portal\/laboratorio-del-futuro\/wp-content\/uploads\/sites\/61\/2023\/11\/Imagen-header-pefil_Pilar-Matud.jpg?id=172) !important;background-position: center !important;background-repeat: no-repeat !important;background-size: cover !important;}\u00bb offset=\u00bbvc_hidden-xs\u00bb][\/vc_column][\/vc_row][vc_row full_width=\u00bbstretch_row_content\u00bb css=\u00bb.vc_custom_1699371686901{margin-bottom: 50px !important;}\u00bb][vc_column css=\u00bb.vc_custom_1699890228669{padding-top: 200px !important;padding-bottom: 200px !important;background-image: url(https:\/\/www.ull.es\/portal\/laboratorio-del-futuro\/wp-content\/uploads\/sites\/61\/2023\/11\/Slider-home-mobile_Pilar-Matud.jpg?id=62) !important;background-position: center !important;background-repeat: no-repeat !important;background-size: cover !important;}\u00bb offset=\u00bbvc_hidden-lg vc_hidden-md vc_hidden-sm\u00bb][\/vc_column][\/vc_row][vc_row][vc_column width=\u00bb1\/2&#8243; css=\u00bb.vc_custom_1700481875412{margin-top: 50px !important;margin-right: 50px !important;}\u00bb][vc_column_text css=\u00bb.vc_custom_1700481931629{padding-right: 50px !important;}\u00bb] Investigar en violencia de g\u00e9nero...\" \/>\n<meta property=\"og:url\" content=\"https:\/\/www.ull.es\/portal\/laboratorio-del-futuro\/pilar-matud-aznar\/\" \/>\n<meta property=\"og:site_name\" content=\"Laboratorio del Futuro\" \/>\n<meta property=\"article:modified_time\" content=\"2023-11-20T12:09:36+00:00\" \/>\n<meta name=\"twitter:card\" content=\"summary_large_image\" \/>\n<meta name=\"twitter:label1\" content=\"Tiempo de lectura\" \/>\n\t<meta name=\"twitter:data1\" content=\"2 minutos\" \/>\n<script type=\"application\/ld+json\" class=\"yoast-schema-graph\">{\"@context\":\"https:\/\/schema.org\",\"@graph\":[{\"@type\":\"WebPage\",\"@id\":\"https:\/\/www.ull.es\/portal\/laboratorio-del-futuro\/pilar-matud-aznar\/\",\"url\":\"https:\/\/www.ull.es\/portal\/laboratorio-del-futuro\/pilar-matud-aznar\/\",\"name\":\"Pilar Matud Aznar - Laboratorio del Futuro\",\"isPartOf\":{\"@id\":\"https:\/\/www.ull.es\/portal\/laboratorio-del-futuro\/#website\"},\"datePublished\":\"2023-11-13T15:43:54+00:00\",\"dateModified\":\"2023-11-20T12:09:36+00:00\",\"breadcrumb\":{\"@id\":\"https:\/\/www.ull.es\/portal\/laboratorio-del-futuro\/pilar-matud-aznar\/#breadcrumb\"},\"inLanguage\":\"es\",\"potentialAction\":[{\"@type\":\"ReadAction\",\"target\":[\"https:\/\/www.ull.es\/portal\/laboratorio-del-futuro\/pilar-matud-aznar\/\"]}]},{\"@type\":\"BreadcrumbList\",\"@id\":\"https:\/\/www.ull.es\/portal\/laboratorio-del-futuro\/pilar-matud-aznar\/#breadcrumb\",\"itemListElement\":[{\"@type\":\"ListItem\",\"position\":1,\"name\":\"Portada\",\"item\":\"https:\/\/www.ull.es\/portal\/laboratorio-del-futuro\/\"},{\"@type\":\"ListItem\",\"position\":2,\"name\":\"Pilar Matud Aznar\"}]},{\"@type\":\"WebSite\",\"@id\":\"https:\/\/www.ull.es\/portal\/laboratorio-del-futuro\/#website\",\"url\":\"https:\/\/www.ull.es\/portal\/laboratorio-del-futuro\/\",\"name\":\"Laboratorio del Futuro\",\"description\":\"\",\"potentialAction\":[{\"@type\":\"SearchAction\",\"target\":{\"@type\":\"EntryPoint\",\"urlTemplate\":\"https:\/\/www.ull.es\/portal\/laboratorio-del-futuro\/?s={search_term_string}\"},\"query-input\":\"required name=search_term_string\"}],\"inLanguage\":\"es\"}]}<\/script>\n<!-- \/ Yoast SEO plugin. -->","yoast_head_json":{"title":"Pilar Matud Aznar - Laboratorio del Futuro","robots":{"index":"index","follow":"follow","max-snippet":"max-snippet:-1","max-image-preview":"max-image-preview:large","max-video-preview":"max-video-preview:-1"},"canonical":"https:\/\/www.ull.es\/portal\/laboratorio-del-futuro\/pilar-matud-aznar\/","og_locale":"es_ES","og_type":"article","og_title":"Pilar Matud Aznar - Laboratorio del Futuro","og_description":"[vc_row full_width=\u00bbstretch_row_content_no_spaces\u00bb css=\u00bb.vc_custom_1700477967469{margin-top: -50px !important;margin-bottom: 50px !important;}\u00bb][vc_column css=\u00bb.vc_custom_1700478030674{padding-top: 300px !important;padding-bottom: 300px !important;background-image: url(https:\/\/www.ull.es\/portal\/laboratorio-del-futuro\/wp-content\/uploads\/sites\/61\/2023\/11\/Imagen-header-pefil_Pilar-Matud.jpg?id=172) !important;background-position: center !important;background-repeat: no-repeat !important;background-size: cover !important;}\u00bb offset=\u00bbvc_hidden-xs\u00bb][\/vc_column][\/vc_row][vc_row full_width=\u00bbstretch_row_content\u00bb css=\u00bb.vc_custom_1699371686901{margin-bottom: 50px !important;}\u00bb][vc_column css=\u00bb.vc_custom_1699890228669{padding-top: 200px !important;padding-bottom: 200px !important;background-image: url(https:\/\/www.ull.es\/portal\/laboratorio-del-futuro\/wp-content\/uploads\/sites\/61\/2023\/11\/Slider-home-mobile_Pilar-Matud.jpg?id=62) !important;background-position: center !important;background-repeat: no-repeat !important;background-size: cover !important;}\u00bb offset=\u00bbvc_hidden-lg vc_hidden-md vc_hidden-sm\u00bb][\/vc_column][\/vc_row][vc_row][vc_column width=\u00bb1\/2&#8243; css=\u00bb.vc_custom_1700481875412{margin-top: 50px !important;margin-right: 50px !important;}\u00bb][vc_column_text css=\u00bb.vc_custom_1700481931629{padding-right: 50px !important;}\u00bb] Investigar en violencia de g\u00e9nero...","og_url":"https:\/\/www.ull.es\/portal\/laboratorio-del-futuro\/pilar-matud-aznar\/","og_site_name":"Laboratorio del Futuro","article_modified_time":"2023-11-20T12:09:36+00:00","twitter_card":"summary_large_image","twitter_misc":{"Tiempo de lectura":"2 minutos"},"schema":{"@context":"https:\/\/schema.org","@graph":[{"@type":"WebPage","@id":"https:\/\/www.ull.es\/portal\/laboratorio-del-futuro\/pilar-matud-aznar\/","url":"https:\/\/www.ull.es\/portal\/laboratorio-del-futuro\/pilar-matud-aznar\/","name":"Pilar Matud Aznar - Laboratorio del Futuro","isPartOf":{"@id":"https:\/\/www.ull.es\/portal\/laboratorio-del-futuro\/#website"},"datePublished":"2023-11-13T15:43:54+00:00","dateModified":"2023-11-20T12:09:36+00:00","breadcrumb":{"@id":"https:\/\/www.ull.es\/portal\/laboratorio-del-futuro\/pilar-matud-aznar\/#breadcrumb"},"inLanguage":"es","potentialAction":[{"@type":"ReadAction","target":["https:\/\/www.ull.es\/portal\/laboratorio-del-futuro\/pilar-matud-aznar\/"]}]},{"@type":"BreadcrumbList","@id":"https:\/\/www.ull.es\/portal\/laboratorio-del-futuro\/pilar-matud-aznar\/#breadcrumb","itemListElement":[{"@type":"ListItem","position":1,"name":"Portada","item":"https:\/\/www.ull.es\/portal\/laboratorio-del-futuro\/"},{"@type":"ListItem","position":2,"name":"Pilar Matud Aznar"}]},{"@type":"WebSite","@id":"https:\/\/www.ull.es\/portal\/laboratorio-del-futuro\/#website","url":"https:\/\/www.ull.es\/portal\/laboratorio-del-futuro\/","name":"Laboratorio del Futuro","description":"","potentialAction":[{"@type":"SearchAction","target":{"@type":"EntryPoint","urlTemplate":"https:\/\/www.ull.es\/portal\/laboratorio-del-futuro\/?s={search_term_string}"},"query-input":"required name=search_term_string"}],"inLanguage":"es"}]}},"_links":{"self":[{"href":"https:\/\/www.ull.es\/portal\/laboratorio-del-futuro\/wp-json\/wp\/v2\/pages\/180"}],"collection":[{"href":"https:\/\/www.ull.es\/portal\/laboratorio-del-futuro\/wp-json\/wp\/v2\/pages"}],"about":[{"href":"https:\/\/www.ull.es\/portal\/laboratorio-del-futuro\/wp-json\/wp\/v2\/types\/page"}],"author":[{"embeddable":true,"href":"https:\/\/www.ull.es\/portal\/laboratorio-del-futuro\/wp-json\/wp\/v2\/users\/97"}],"replies":[{"embeddable":true,"href":"https:\/\/www.ull.es\/portal\/laboratorio-del-futuro\/wp-json\/wp\/v2\/comments?post=180"}],"version-history":[{"count":7,"href":"https:\/\/www.ull.es\/portal\/laboratorio-del-futuro\/wp-json\/wp\/v2\/pages\/180\/revisions"}],"predecessor-version":[{"id":250,"href":"https:\/\/www.ull.es\/portal\/laboratorio-del-futuro\/wp-json\/wp\/v2\/pages\/180\/revisions\/250"}],"wp:attachment":[{"href":"https:\/\/www.ull.es\/portal\/laboratorio-del-futuro\/wp-json\/wp\/v2\/media?parent=180"}],"curies":[{"name":"wp","href":"https:\/\/api.w.org\/{rel}","templated":true}]}}