{"id":211,"date":"2023-11-16T17:45:55","date_gmt":"2023-11-16T16:45:55","guid":{"rendered":"https:\/\/www.ull.es\/portal\/laboratorio-del-futuro\/?page_id=211"},"modified":"2023-11-20T13:01:22","modified_gmt":"2023-11-20T12:01:22","slug":"norena-martin-dorta","status":"publish","type":"page","link":"https:\/\/www.ull.es\/portal\/laboratorio-del-futuro\/norena-martin-dorta\/","title":{"rendered":"Norena Mart\u00edn Dorta"},"content":{"rendered":"<p>[vc_row full_width=\u00bbstretch_row_content_no_spaces\u00bb css=\u00bb.vc_custom_1700478215874{margin-top: -50px !important;margin-bottom: 50px !important;}\u00bb][vc_column css=\u00bb.vc_custom_1700478207587{padding-top: 300px !important;padding-bottom: 300px !important;background-image: url(https:\/\/www.ull.es\/portal\/laboratorio-del-futuro\/wp-content\/uploads\/sites\/61\/2023\/11\/Imagen-header-pefil_Norena-Martin.jpg?id=170) !important;background-position: center !important;background-repeat: no-repeat !important;background-size: cover !important;}\u00bb offset=\u00bbvc_hidden-xs\u00bb][\/vc_column][\/vc_row][vc_row full_width=\u00bbstretch_row_content\u00bb css=\u00bb.vc_custom_1699371686901{margin-bottom: 50px !important;}\u00bb][vc_column css=\u00bb.vc_custom_1700153146439{padding-top: 200px !important;padding-bottom: 200px !important;background-image: url(https:\/\/www.ull.es\/portal\/laboratorio-del-futuro\/wp-content\/uploads\/sites\/61\/2023\/11\/Slider-home-mobile_Norena-Martin.jpg?id=59) !important;background-position: center !important;background-repeat: no-repeat !important;background-size: cover !important;}\u00bb offset=\u00bbvc_hidden-lg vc_hidden-md vc_hidden-sm\u00bb][\/vc_column][\/vc_row][vc_row][vc_column width=\u00bb1\/2&#8243; css=\u00bb.vc_custom_1699359224792{margin-top: 20px !important;margin-right: 20px !important;padding-top: 50px !important;}\u00bb][vc_column_text css=\u00bb.vc_custom_1700210950427{margin-right: 20px !important;}\u00bb]<\/p>\n<h2 style=\"padding-left: 40px;\"><span style=\"color: #ff0090;\">Tras los pasos de una construcci\u00f3n m\u00e1s sostenible<\/span><\/h2>\n<p style=\"text-align: justify; background: white; margin: 0cm 0cm .0001pt 36.0pt;\"><a href=\"https:\/\/portalciencia.ull.es\/investigadores\/82278\/detalle\" target=\"_blank\" rel=\"noopener\">Norena Mart\u00edn Dorta<\/a> es profesora titular en el \u00c1rea de Expresi\u00f3n Gr\u00e1fica en Ingenier\u00eda en la Universidad de La Laguna. Directora del <a href=\"https:\/\/www.ull.es\/masteres\/gestion-e-innovacion-tecnologica-en-la-construccion\/\" target=\"_blank\" rel=\"noopener\" target=\"_blank\" rel=\"noopener\">M\u00e1ster en Gesti\u00f3n e Innovaci\u00f3n Tecnol\u00f3gica en la Construcci\u00f3n<\/a> por la Universidad de La Laguna, ha sido galardonada con el primer Premio a la Innovaci\u00f3n Educativa en las Ense\u00f1anzas Universitarias por este centro acad\u00e9mico.<br \/>\nMart\u00edn Dorta ha sido acreedora en el Congreso Internacional BIM de este a\u00f1o de una distinci\u00f3n por su aporte en el \u00e1mbito de los modelos de informaci\u00f3n en la construcci\u00f3n.[\/vc_column_text][\/vc_column][vc_column width=\u00bb1\/2&#8243; css=\u00bb.vc_custom_1699275809820{padding-right: 25px !important;padding-left: 25px !important;}\u00bb][vc_btn title=\u00bbPerfil de Investigadora\u00bb style=\u00bbgradient-custom\u00bb gradient_custom_color_1=\u00bb#e81e90&#8243; gradient_custom_color_2=\u00bb#eacf20&#8243; shape=\u00bbsquare\u00bb size=\u00bblg\u00bb align=\u00bbcenter\u00bb button_block=\u00bbtrue\u00bb css=\u00bb.vc_custom_1700153117524{margin-top: 50px !important;margin-bottom: 20px !important;}\u00bb link=\u00bburl:https%3A%2F%2Fportalciencia.ull.es%2Finvestigadores%2F82278%2Fdetalle|title:perfil%20del%20investigador|target:_blank\u00bb][vc_single_image image=\u00bb152&#8243; img_size=\u00bblarge\u00bb alignment=\u00bbcenter\u00bb][\/vc_column][\/vc_row][vc_row][vc_column width=\u00bb1\/2&#8243; css=\u00bb.vc_custom_1700481621219{margin-top: -20px !important;}\u00bb][vc_single_image image=\u00bb243&#8243; alignment=\u00bbright\u00bb css=\u00bb.vc_custom_1700481595091{margin-top: -50px !important;}\u00bb][vc_single_image image=\u00bb154&#8243; img_size=\u00bblarge\u00bb alignment=\u00bbcenter\u00bb][\/vc_column][vc_column width=\u00bb1\/2&#8243; css=\u00bb.vc_custom_1700153016903{margin-top: 50px !important;}\u00bb][vc_column_text css=\u00bb.vc_custom_1700481644619{margin-top: 20px !important;margin-right: 50px !important;}\u00bb]<\/p>\n<p style=\"text-align: justify; background: white; margin: 0cm 0cm .0001pt 36.0pt;\">Es especialista en BIM (por sus siglas en ingl\u00e9s, Building Information Modeling), una forma de trabajo basada en la digitalizaci\u00f3n y en la colaboraci\u00f3n entre agentes a lo largo de todo el ciclo de vida de una edificaci\u00f3n, que busca una mayor eficiencia econ\u00f3mica y medioambiental, lo que permite tambi\u00e9n la reducci\u00f3n de riesgos y el incremento de la calidad.<br \/>\nAhora est\u00e1 dando los primeros pasos en la creaci\u00f3n del Living Lab de Edificaci\u00f3n en la Universidad de La Laguna, un proyecto desarrollado desde el m\u00e1ster que dirige y que consiste en la instalaci\u00f3n de una infraestructura experimental modular que busca ser un espacio para la investigaci\u00f3n, desarrollo e implementaci\u00f3n de tecnolog\u00edas de construcci\u00f3n sostenibles.<\/p>\n<p>[\/vc_column_text][\/vc_column][\/vc_row][vc_row][vc_column width=\u00bb1\/2&#8243;][\/vc_column][vc_column width=\u00bb1\/2&#8243;][vc_empty_space height=\u00bb150px\u00bb][\/vc_column][\/vc_row]<\/p>\n","protected":false},"excerpt":{"rendered":"<p>[vc_row full_width=\u00bbstretch_row_content_no_spaces\u00bb css=\u00bb.vc_custom_1700478215874{margin-top: -50px !important;margin-bottom: 50px !important;}\u00bb][vc_column css=\u00bb.vc_custom_1700478207587{padding-top: 300px !important;padding-bottom: 300px !important;background-image: url(https:\/\/www.ull.es\/portal\/laboratorio-del-futuro\/wp-content\/uploads\/sites\/61\/2023\/11\/Imagen-header-pefil_Norena-Martin.jpg?id=170) !important;background-position: center !important;background-repeat: no-repeat !important;background-size: cover !important;}\u00bb offset=\u00bbvc_hidden-xs\u00bb][\/vc_column][\/vc_row][vc_row full_width=\u00bbstretch_row_content\u00bb css=\u00bb.vc_custom_1699371686901{margin-bottom: 50px !important;}\u00bb][vc_column css=\u00bb.vc_custom_1700153146439{padding-top: 200px !important;padding-bottom: 200px !important;background-image: url(https:\/\/www.ull.es\/portal\/laboratorio-del-futuro\/wp-content\/uploads\/sites\/61\/2023\/11\/Slider-home-mobile_Norena-Martin.jpg?id=59) !important;background-position: center !important;background-repeat: no-repeat !important;background-size: cover !important;}\u00bb offset=\u00bbvc_hidden-lg vc_hidden-md vc_hidden-sm\u00bb][\/vc_column][\/vc_row][vc_row][vc_column width=\u00bb1\/2&#8243; css=\u00bb.vc_custom_1699359224792{margin-top: 20px !important;margin-right: 20px !important;padding-top: 50px !important;}\u00bb][vc_column_text css=\u00bb.vc_custom_1700210950427{margin-right: 20px !important;}\u00bb] Tras los pasos&#8230;<\/p>\n","protected":false},"author":97,"featured_media":0,"parent":0,"menu_order":0,"comment_status":"closed","ping_status":"closed","template":"templates\/template-no-title.php","meta":{"inline_featured_image":false,"footnotes":""},"acf":[],"yoast_head":"<!-- This site is optimized with the Yoast SEO plugin v21.3 - https:\/\/yoast.com\/wordpress\/plugins\/seo\/ -->\n<title>Norena Mart\u00edn Dorta - Laboratorio del Futuro<\/title>\n<meta name=\"robots\" content=\"index, follow, max-snippet:-1, max-image-preview:large, max-video-preview:-1\" \/>\n<link rel=\"canonical\" href=\"https:\/\/www.ull.es\/portal\/laboratorio-del-futuro\/norena-martin-dorta\/\" \/>\n<meta property=\"og:locale\" content=\"es_ES\" \/>\n<meta property=\"og:type\" content=\"article\" \/>\n<meta property=\"og:title\" content=\"Norena Mart\u00edn Dorta - Laboratorio del Futuro\" \/>\n<meta property=\"og:description\" content=\"[vc_row full_width=\u00bbstretch_row_content_no_spaces\u00bb css=\u00bb.vc_custom_1700478215874{margin-top: -50px !important;margin-bottom: 50px !important;}\u00bb][vc_column css=\u00bb.vc_custom_1700478207587{padding-top: 300px !important;padding-bottom: 300px !important;background-image: url(https:\/\/www.ull.es\/portal\/laboratorio-del-futuro\/wp-content\/uploads\/sites\/61\/2023\/11\/Imagen-header-pefil_Norena-Martin.jpg?id=170) !important;background-position: center !important;background-repeat: no-repeat !important;background-size: cover !important;}\u00bb offset=\u00bbvc_hidden-xs\u00bb][\/vc_column][\/vc_row][vc_row full_width=\u00bbstretch_row_content\u00bb css=\u00bb.vc_custom_1699371686901{margin-bottom: 50px !important;}\u00bb][vc_column css=\u00bb.vc_custom_1700153146439{padding-top: 200px !important;padding-bottom: 200px !important;background-image: url(https:\/\/www.ull.es\/portal\/laboratorio-del-futuro\/wp-content\/uploads\/sites\/61\/2023\/11\/Slider-home-mobile_Norena-Martin.jpg?id=59) !important;background-position: center !important;background-repeat: no-repeat !important;background-size: cover !important;}\u00bb offset=\u00bbvc_hidden-lg vc_hidden-md vc_hidden-sm\u00bb][\/vc_column][\/vc_row][vc_row][vc_column width=\u00bb1\/2&#8243; css=\u00bb.vc_custom_1699359224792{margin-top: 20px !important;margin-right: 20px !important;padding-top: 50px !important;}\u00bb][vc_column_text css=\u00bb.vc_custom_1700210950427{margin-right: 20px !important;}\u00bb] Tras los pasos...\" \/>\n<meta property=\"og:url\" content=\"https:\/\/www.ull.es\/portal\/laboratorio-del-futuro\/norena-martin-dorta\/\" \/>\n<meta property=\"og:site_name\" content=\"Laboratorio del Futuro\" \/>\n<meta property=\"article:modified_time\" content=\"2023-11-20T12:01:22+00:00\" \/>\n<meta name=\"twitter:card\" content=\"summary_large_image\" \/>\n<meta name=\"twitter:label1\" content=\"Tiempo de lectura\" \/>\n\t<meta name=\"twitter:data1\" content=\"2 minutos\" \/>\n<script type=\"application\/ld+json\" class=\"yoast-schema-graph\">{\"@context\":\"https:\/\/schema.org\",\"@graph\":[{\"@type\":\"WebPage\",\"@id\":\"https:\/\/www.ull.es\/portal\/laboratorio-del-futuro\/norena-martin-dorta\/\",\"url\":\"https:\/\/www.ull.es\/portal\/laboratorio-del-futuro\/norena-martin-dorta\/\",\"name\":\"Norena Mart\u00edn Dorta - Laboratorio del Futuro\",\"isPartOf\":{\"@id\":\"https:\/\/www.ull.es\/portal\/laboratorio-del-futuro\/#website\"},\"datePublished\":\"2023-11-16T16:45:55+00:00\",\"dateModified\":\"2023-11-20T12:01:22+00:00\",\"breadcrumb\":{\"@id\":\"https:\/\/www.ull.es\/portal\/laboratorio-del-futuro\/norena-martin-dorta\/#breadcrumb\"},\"inLanguage\":\"es\",\"potentialAction\":[{\"@type\":\"ReadAction\",\"target\":[\"https:\/\/www.ull.es\/portal\/laboratorio-del-futuro\/norena-martin-dorta\/\"]}]},{\"@type\":\"BreadcrumbList\",\"@id\":\"https:\/\/www.ull.es\/portal\/laboratorio-del-futuro\/norena-martin-dorta\/#breadcrumb\",\"itemListElement\":[{\"@type\":\"ListItem\",\"position\":1,\"name\":\"Portada\",\"item\":\"https:\/\/www.ull.es\/portal\/laboratorio-del-futuro\/\"},{\"@type\":\"ListItem\",\"position\":2,\"name\":\"Norena Mart\u00edn Dorta\"}]},{\"@type\":\"WebSite\",\"@id\":\"https:\/\/www.ull.es\/portal\/laboratorio-del-futuro\/#website\",\"url\":\"https:\/\/www.ull.es\/portal\/laboratorio-del-futuro\/\",\"name\":\"Laboratorio del Futuro\",\"description\":\"\",\"potentialAction\":[{\"@type\":\"SearchAction\",\"target\":{\"@type\":\"EntryPoint\",\"urlTemplate\":\"https:\/\/www.ull.es\/portal\/laboratorio-del-futuro\/?s={search_term_string}\"},\"query-input\":\"required name=search_term_string\"}],\"inLanguage\":\"es\"}]}<\/script>\n<!-- \/ Yoast SEO plugin. -->","yoast_head_json":{"title":"Norena Mart\u00edn Dorta - Laboratorio del Futuro","robots":{"index":"index","follow":"follow","max-snippet":"max-snippet:-1","max-image-preview":"max-image-preview:large","max-video-preview":"max-video-preview:-1"},"canonical":"https:\/\/www.ull.es\/portal\/laboratorio-del-futuro\/norena-martin-dorta\/","og_locale":"es_ES","og_type":"article","og_title":"Norena Mart\u00edn Dorta - Laboratorio del Futuro","og_description":"[vc_row full_width=\u00bbstretch_row_content_no_spaces\u00bb css=\u00bb.vc_custom_1700478215874{margin-top: -50px !important;margin-bottom: 50px !important;}\u00bb][vc_column css=\u00bb.vc_custom_1700478207587{padding-top: 300px !important;padding-bottom: 300px !important;background-image: url(https:\/\/www.ull.es\/portal\/laboratorio-del-futuro\/wp-content\/uploads\/sites\/61\/2023\/11\/Imagen-header-pefil_Norena-Martin.jpg?id=170) !important;background-position: center !important;background-repeat: no-repeat !important;background-size: cover !important;}\u00bb offset=\u00bbvc_hidden-xs\u00bb][\/vc_column][\/vc_row][vc_row full_width=\u00bbstretch_row_content\u00bb css=\u00bb.vc_custom_1699371686901{margin-bottom: 50px !important;}\u00bb][vc_column css=\u00bb.vc_custom_1700153146439{padding-top: 200px !important;padding-bottom: 200px !important;background-image: url(https:\/\/www.ull.es\/portal\/laboratorio-del-futuro\/wp-content\/uploads\/sites\/61\/2023\/11\/Slider-home-mobile_Norena-Martin.jpg?id=59) !important;background-position: center !important;background-repeat: no-repeat !important;background-size: cover !important;}\u00bb offset=\u00bbvc_hidden-lg vc_hidden-md vc_hidden-sm\u00bb][\/vc_column][\/vc_row][vc_row][vc_column width=\u00bb1\/2&#8243; css=\u00bb.vc_custom_1699359224792{margin-top: 20px !important;margin-right: 20px !important;padding-top: 50px !important;}\u00bb][vc_column_text css=\u00bb.vc_custom_1700210950427{margin-right: 20px !important;}\u00bb] Tras los pasos...","og_url":"https:\/\/www.ull.es\/portal\/laboratorio-del-futuro\/norena-martin-dorta\/","og_site_name":"Laboratorio del Futuro","article_modified_time":"2023-11-20T12:01:22+00:00","twitter_card":"summary_large_image","twitter_misc":{"Tiempo de lectura":"2 minutos"},"schema":{"@context":"https:\/\/schema.org","@graph":[{"@type":"WebPage","@id":"https:\/\/www.ull.es\/portal\/laboratorio-del-futuro\/norena-martin-dorta\/","url":"https:\/\/www.ull.es\/portal\/laboratorio-del-futuro\/norena-martin-dorta\/","name":"Norena Mart\u00edn Dorta - Laboratorio del Futuro","isPartOf":{"@id":"https:\/\/www.ull.es\/portal\/laboratorio-del-futuro\/#website"},"datePublished":"2023-11-16T16:45:55+00:00","dateModified":"2023-11-20T12:01:22+00:00","breadcrumb":{"@id":"https:\/\/www.ull.es\/portal\/laboratorio-del-futuro\/norena-martin-dorta\/#breadcrumb"},"inLanguage":"es","potentialAction":[{"@type":"ReadAction","target":["https:\/\/www.ull.es\/portal\/laboratorio-del-futuro\/norena-martin-dorta\/"]}]},{"@type":"BreadcrumbList","@id":"https:\/\/www.ull.es\/portal\/laboratorio-del-futuro\/norena-martin-dorta\/#breadcrumb","itemListElement":[{"@type":"ListItem","position":1,"name":"Portada","item":"https:\/\/www.ull.es\/portal\/laboratorio-del-futuro\/"},{"@type":"ListItem","position":2,"name":"Norena Mart\u00edn Dorta"}]},{"@type":"WebSite","@id":"https:\/\/www.ull.es\/portal\/laboratorio-del-futuro\/#website","url":"https:\/\/www.ull.es\/portal\/laboratorio-del-futuro\/","name":"Laboratorio del Futuro","description":"","potentialAction":[{"@type":"SearchAction","target":{"@type":"EntryPoint","urlTemplate":"https:\/\/www.ull.es\/portal\/laboratorio-del-futuro\/?s={search_term_string}"},"query-input":"required name=search_term_string"}],"inLanguage":"es"}]}},"_links":{"self":[{"href":"https:\/\/www.ull.es\/portal\/laboratorio-del-futuro\/wp-json\/wp\/v2\/pages\/211"}],"collection":[{"href":"https:\/\/www.ull.es\/portal\/laboratorio-del-futuro\/wp-json\/wp\/v2\/pages"}],"about":[{"href":"https:\/\/www.ull.es\/portal\/laboratorio-del-futuro\/wp-json\/wp\/v2\/types\/page"}],"author":[{"embeddable":true,"href":"https:\/\/www.ull.es\/portal\/laboratorio-del-futuro\/wp-json\/wp\/v2\/users\/97"}],"replies":[{"embeddable":true,"href":"https:\/\/www.ull.es\/portal\/laboratorio-del-futuro\/wp-json\/wp\/v2\/comments?post=211"}],"version-history":[{"count":7,"href":"https:\/\/www.ull.es\/portal\/laboratorio-del-futuro\/wp-json\/wp\/v2\/pages\/211\/revisions"}],"predecessor-version":[{"id":247,"href":"https:\/\/www.ull.es\/portal\/laboratorio-del-futuro\/wp-json\/wp\/v2\/pages\/211\/revisions\/247"}],"wp:attachment":[{"href":"https:\/\/www.ull.es\/portal\/laboratorio-del-futuro\/wp-json\/wp\/v2\/media?parent=211"}],"curies":[{"name":"wp","href":"https:\/\/api.w.org\/{rel}","templated":true}]}}