{"id":214,"date":"2023-11-16T17:53:57","date_gmt":"2023-11-16T16:53:57","guid":{"rendered":"https:\/\/www.ull.es\/portal\/laboratorio-del-futuro\/?page_id=214"},"modified":"2023-11-20T12:03:03","modified_gmt":"2023-11-20T11:03:03","slug":"dolores-corbella","status":"publish","type":"page","link":"https:\/\/www.ull.es\/portal\/laboratorio-del-futuro\/dolores-corbella\/","title":{"rendered":"Dolores Corbella"},"content":{"rendered":"<p>[vc_row full_width=\u00bbstretch_row_content_no_spaces\u00bb css=\u00bb.vc_custom_1700478097036{margin-top: -50px !important;margin-bottom: 50px !important;}\u00bb][vc_column css=\u00bb.vc_custom_1700478113963{padding-top: 300px !important;padding-bottom: 300px !important;background-image: url(https:\/\/www.ull.es\/portal\/laboratorio-del-futuro\/wp-content\/uploads\/sites\/61\/2023\/11\/Imagen-header-pefil_Dolores-Corbella.jpg?id=167) !important;background-position: center !important;background-repeat: no-repeat !important;background-size: cover !important;}\u00bb offset=\u00bbvc_hidden-xs\u00bb][\/vc_column][\/vc_row][vc_row full_width=\u00bbstretch_row_content\u00bb css=\u00bb.vc_custom_1699371686901{margin-bottom: 50px !important;}\u00bb][vc_column css=\u00bb.vc_custom_1700153624535{padding-top: 200px !important;padding-bottom: 200px !important;background-image: url(https:\/\/www.ull.es\/portal\/laboratorio-del-futuro\/wp-content\/uploads\/sites\/61\/2023\/11\/Slider-home-mobile_Dolores-Corbella.jpg?id=54) !important;background-position: center !important;background-repeat: no-repeat !important;background-size: cover !important;}\u00bb offset=\u00bbvc_hidden-lg vc_hidden-md vc_hidden-sm\u00bb][\/vc_column][\/vc_row][vc_row][vc_column width=\u00bb1\/2&#8243; css=\u00bb.vc_custom_1700153532359{margin-right: 20px !important;padding-top: 20px !important;}\u00bb][vc_column_text css=\u00bb.vc_custom_1700210851453{margin-right: 20px !important;}\u00bb]<\/p>\n<h2 style=\"padding-left: 40px;\"><span style=\"color: #ff6600;\">Artesana de la palabra<\/span><\/h2>\n<p style=\"text-align: justify; background: white; margin: 0cm 0cm .0001pt 36.0pt;\"><a href=\"https:\/\/portalciencia.ull.es\/investigadores\/82383\/detalle\" target=\"_blank\" rel=\"noopener\" target=\"_blank\" rel=\"noopener\">Dolores Corbella<\/a> es catedr\u00e1tica de Filolog\u00eda Rom\u00e1nica de la Universidad de La Laguna y ocupa la silla d de la Real Academia Espa\u00f1ola (<a href=\"https:\/\/www.rae.es\/\" target=\"_blank\" rel=\"noopener\" target=\"_blank\" rel=\"noopener\">RAE<\/a>). Ha sido profesora invitada de varias universidades espa\u00f1olas y extranjeras, directora del Instituto de Estudios Canarios, miembro del Consejo Asesor de Ciencia, Tecnolog\u00eda e Innovaci\u00f3n del Gobierno de Canarias y coordina el grupo de investigaci\u00f3n consolidado LexHis (Lexicograf\u00eda e Historia). Esta fil\u00f3loga ha recibido numerosos premios como el de Canarias-Am\u00e9rica de la Casa de Col\u00f3n (2008), Premio de Investigaci\u00f3n Filol\u00f3gica de la RAE (2011), el Premio del IUEM de la Universidad de La Laguna (2016) o el Premio de Canarias en la modalidad de Investigaci\u00f3n e Innovaci\u00f3n (2021), que recay\u00f3 por vez primera en una investigadora de Humanidades.<br \/>\nComo especialista en diccionarios, Dolores Corbella resalta el papel fundamental de la diversidad ling\u00fc\u00edstica dentro de nuestro idioma y el viaje y tornaviaje transatl\u00e1ntico que realizan nuestras palabras en toda la comunidad panhisp\u00e1nica.[\/vc_column_text][\/vc_column][vc_column width=\u00bb1\/2&#8243; css=\u00bb.vc_custom_1699275809820{padding-right: 25px !important;padding-left: 25px !important;}\u00bb][vc_btn title=\u00bbPerfil de Investigadora\u00bb style=\u00bbgradient-custom\u00bb gradient_custom_color_1=\u00bb#f77838&#8243; gradient_custom_color_2=\u00bb#f2c037&#8243; shape=\u00bbsquare\u00bb size=\u00bblg\u00bb align=\u00bbcenter\u00bb button_block=\u00bbtrue\u00bb css=\u00bb.vc_custom_1700153501060{margin-top: 50px !important;margin-bottom: 20px !important;}\u00bb link=\u00bburl:https%3A%2F%2Fportalciencia.ull.es%2Finvestigadores%2F82383%2Fdetalle|title:perfil%20del%20investigador|target:_blank\u00bb][vc_btn title=\u00bbReportaje\u00bb style=\u00bbcustom\u00bb custom_background=\u00bb#ff7c3a\u00bb custom_text=\u00bb#ffffff\u00bb shape=\u00bbsquare\u00bb size=\u00bblg\u00bb align=\u00bbcenter\u00bb button_block=\u00bbtrue\u00bb css=\u00bb.vc_custom_1700153582427{margin-top: 20px !important;margin-bottom: 20px !important;}\u00bb link=\u00bburl:https%3A%2F%2Fwww.ull.es%2Fportal%2Fnoticias%2F2021%2Fdolores-corbella-mujer-palabras%2F|title:Reportaje|target:_blank\u00bb][vc_single_image image=\u00bb162&#8243; img_size=\u00bblarge\u00bb alignment=\u00bbcenter\u00bb][\/vc_column][\/vc_row][vc_row][vc_column width=\u00bb1\/2&#8243; css=\u00bb.vc_custom_1699271024063{padding-top: 50px !important;}\u00bb][vc_single_image image=\u00bb163&#8243; img_size=\u00bblarge\u00bb alignment=\u00bbcenter\u00bb][\/vc_column][vc_column width=\u00bb1\/2&#8243;][vc_column_text css=\u00bb.vc_custom_1700153406895{margin-top: 20px !important;}\u00bb]<\/p>\n<p style=\"text-align: justify; background: white; margin: 0cm 0cm .0001pt 36.0pt;\">Cuando tom\u00f3 posesi\u00f3n de la letra d en la RAE coment\u00f3: \u00abLa letra d min\u00fascula tiene para m\u00ed, como lexic\u00f3grafa, un valor a\u00f1adido, porque con ella se inicia la palabra diccionario\u00bb. La fil\u00f3loga quiso destacar \u00abel valor patrimonial de cualquier empresa lexicogr\u00e1fica como palacio de la memoria\u00bb.<br \/>\nPor eso, ha definido a los lexic\u00f3grafos como \u00abartesanos\u00bb dedicados a atesorar \u00abese ingente patrimonio inmaterial\u00bb. As\u00ed, \u00abel diccionario puede convertirse en el libro m\u00e1s importante para el estudio de cualquier lengua, simplemente porque es el compendio de todos los conocimientos, la historia y las costumbres de un pueblo\u00bb. Para esta fil\u00f3loga que comparte su docencia e investigaci\u00f3n en la Universidad de La Laguna con su trabajo en la RAE, \u00ablos diccionarios son testimonios de una civilizaci\u00f3n y, como objetos culturales, constituyen un lugar privilegiado de referencia y un archivo de todos los saberes\u00bb.[\/vc_column_text][\/vc_column][\/vc_row][vc_row][vc_column width=\u00bb1\/2&#8243;][\/vc_column][vc_column width=\u00bb1\/2&#8243;][\/vc_column][\/vc_row]<\/p>\n","protected":false},"excerpt":{"rendered":"<p>[vc_row full_width=\u00bbstretch_row_content_no_spaces\u00bb css=\u00bb.vc_custom_1700478097036{margin-top: -50px !important;margin-bottom: 50px !important;}\u00bb][vc_column css=\u00bb.vc_custom_1700478113963{padding-top: 300px !important;padding-bottom: 300px !important;background-image: url(https:\/\/www.ull.es\/portal\/laboratorio-del-futuro\/wp-content\/uploads\/sites\/61\/2023\/11\/Imagen-header-pefil_Dolores-Corbella.jpg?id=167) !important;background-position: center !important;background-repeat: no-repeat !important;background-size: cover !important;}\u00bb offset=\u00bbvc_hidden-xs\u00bb][\/vc_column][\/vc_row][vc_row full_width=\u00bbstretch_row_content\u00bb css=\u00bb.vc_custom_1699371686901{margin-bottom: 50px !important;}\u00bb][vc_column css=\u00bb.vc_custom_1700153624535{padding-top: 200px !important;padding-bottom: 200px !important;background-image: url(https:\/\/www.ull.es\/portal\/laboratorio-del-futuro\/wp-content\/uploads\/sites\/61\/2023\/11\/Slider-home-mobile_Dolores-Corbella.jpg?id=54) !important;background-position: center !important;background-repeat: no-repeat !important;background-size: cover !important;}\u00bb offset=\u00bbvc_hidden-lg vc_hidden-md vc_hidden-sm\u00bb][\/vc_column][\/vc_row][vc_row][vc_column width=\u00bb1\/2&#8243; css=\u00bb.vc_custom_1700153532359{margin-right: 20px !important;padding-top: 20px !important;}\u00bb][vc_column_text css=\u00bb.vc_custom_1700210851453{margin-right: 20px !important;}\u00bb] Artesana de la palabra Dolores&#8230;<\/p>\n","protected":false},"author":97,"featured_media":0,"parent":0,"menu_order":0,"comment_status":"closed","ping_status":"closed","template":"templates\/template-no-title.php","meta":{"inline_featured_image":false,"footnotes":""},"acf":[],"yoast_head":"<!-- This site is optimized with the Yoast SEO plugin v21.3 - https:\/\/yoast.com\/wordpress\/plugins\/seo\/ -->\n<title>Dolores Corbella - Laboratorio del Futuro<\/title>\n<meta name=\"robots\" content=\"index, follow, max-snippet:-1, max-image-preview:large, max-video-preview:-1\" \/>\n<link rel=\"canonical\" href=\"https:\/\/www.ull.es\/portal\/laboratorio-del-futuro\/dolores-corbella\/\" \/>\n<meta property=\"og:locale\" content=\"es_ES\" \/>\n<meta property=\"og:type\" content=\"article\" \/>\n<meta property=\"og:title\" content=\"Dolores Corbella - Laboratorio del Futuro\" \/>\n<meta property=\"og:description\" content=\"[vc_row full_width=\u00bbstretch_row_content_no_spaces\u00bb css=\u00bb.vc_custom_1700478097036{margin-top: -50px !important;margin-bottom: 50px !important;}\u00bb][vc_column css=\u00bb.vc_custom_1700478113963{padding-top: 300px !important;padding-bottom: 300px !important;background-image: url(https:\/\/www.ull.es\/portal\/laboratorio-del-futuro\/wp-content\/uploads\/sites\/61\/2023\/11\/Imagen-header-pefil_Dolores-Corbella.jpg?id=167) !important;background-position: center !important;background-repeat: no-repeat !important;background-size: cover !important;}\u00bb offset=\u00bbvc_hidden-xs\u00bb][\/vc_column][\/vc_row][vc_row full_width=\u00bbstretch_row_content\u00bb css=\u00bb.vc_custom_1699371686901{margin-bottom: 50px !important;}\u00bb][vc_column css=\u00bb.vc_custom_1700153624535{padding-top: 200px !important;padding-bottom: 200px !important;background-image: url(https:\/\/www.ull.es\/portal\/laboratorio-del-futuro\/wp-content\/uploads\/sites\/61\/2023\/11\/Slider-home-mobile_Dolores-Corbella.jpg?id=54) !important;background-position: center !important;background-repeat: no-repeat !important;background-size: cover !important;}\u00bb offset=\u00bbvc_hidden-lg vc_hidden-md vc_hidden-sm\u00bb][\/vc_column][\/vc_row][vc_row][vc_column width=\u00bb1\/2&#8243; css=\u00bb.vc_custom_1700153532359{margin-right: 20px !important;padding-top: 20px !important;}\u00bb][vc_column_text css=\u00bb.vc_custom_1700210851453{margin-right: 20px !important;}\u00bb] Artesana de la palabra Dolores...\" \/>\n<meta property=\"og:url\" content=\"https:\/\/www.ull.es\/portal\/laboratorio-del-futuro\/dolores-corbella\/\" \/>\n<meta property=\"og:site_name\" content=\"Laboratorio del Futuro\" \/>\n<meta property=\"article:modified_time\" content=\"2023-11-20T11:03:03+00:00\" \/>\n<meta name=\"twitter:card\" content=\"summary_large_image\" \/>\n<meta name=\"twitter:label1\" content=\"Tiempo de lectura\" \/>\n\t<meta name=\"twitter:data1\" content=\"2 minutos\" \/>\n<script type=\"application\/ld+json\" class=\"yoast-schema-graph\">{\"@context\":\"https:\/\/schema.org\",\"@graph\":[{\"@type\":\"WebPage\",\"@id\":\"https:\/\/www.ull.es\/portal\/laboratorio-del-futuro\/dolores-corbella\/\",\"url\":\"https:\/\/www.ull.es\/portal\/laboratorio-del-futuro\/dolores-corbella\/\",\"name\":\"Dolores Corbella - Laboratorio del Futuro\",\"isPartOf\":{\"@id\":\"https:\/\/www.ull.es\/portal\/laboratorio-del-futuro\/#website\"},\"datePublished\":\"2023-11-16T16:53:57+00:00\",\"dateModified\":\"2023-11-20T11:03:03+00:00\",\"breadcrumb\":{\"@id\":\"https:\/\/www.ull.es\/portal\/laboratorio-del-futuro\/dolores-corbella\/#breadcrumb\"},\"inLanguage\":\"es\",\"potentialAction\":[{\"@type\":\"ReadAction\",\"target\":[\"https:\/\/www.ull.es\/portal\/laboratorio-del-futuro\/dolores-corbella\/\"]}]},{\"@type\":\"BreadcrumbList\",\"@id\":\"https:\/\/www.ull.es\/portal\/laboratorio-del-futuro\/dolores-corbella\/#breadcrumb\",\"itemListElement\":[{\"@type\":\"ListItem\",\"position\":1,\"name\":\"Portada\",\"item\":\"https:\/\/www.ull.es\/portal\/laboratorio-del-futuro\/\"},{\"@type\":\"ListItem\",\"position\":2,\"name\":\"Dolores Corbella\"}]},{\"@type\":\"WebSite\",\"@id\":\"https:\/\/www.ull.es\/portal\/laboratorio-del-futuro\/#website\",\"url\":\"https:\/\/www.ull.es\/portal\/laboratorio-del-futuro\/\",\"name\":\"Laboratorio del Futuro\",\"description\":\"\",\"potentialAction\":[{\"@type\":\"SearchAction\",\"target\":{\"@type\":\"EntryPoint\",\"urlTemplate\":\"https:\/\/www.ull.es\/portal\/laboratorio-del-futuro\/?s={search_term_string}\"},\"query-input\":\"required name=search_term_string\"}],\"inLanguage\":\"es\"}]}<\/script>\n<!-- \/ Yoast SEO plugin. -->","yoast_head_json":{"title":"Dolores Corbella - Laboratorio del Futuro","robots":{"index":"index","follow":"follow","max-snippet":"max-snippet:-1","max-image-preview":"max-image-preview:large","max-video-preview":"max-video-preview:-1"},"canonical":"https:\/\/www.ull.es\/portal\/laboratorio-del-futuro\/dolores-corbella\/","og_locale":"es_ES","og_type":"article","og_title":"Dolores Corbella - Laboratorio del Futuro","og_description":"[vc_row full_width=\u00bbstretch_row_content_no_spaces\u00bb css=\u00bb.vc_custom_1700478097036{margin-top: -50px !important;margin-bottom: 50px !important;}\u00bb][vc_column css=\u00bb.vc_custom_1700478113963{padding-top: 300px !important;padding-bottom: 300px !important;background-image: url(https:\/\/www.ull.es\/portal\/laboratorio-del-futuro\/wp-content\/uploads\/sites\/61\/2023\/11\/Imagen-header-pefil_Dolores-Corbella.jpg?id=167) !important;background-position: center !important;background-repeat: no-repeat !important;background-size: cover !important;}\u00bb offset=\u00bbvc_hidden-xs\u00bb][\/vc_column][\/vc_row][vc_row full_width=\u00bbstretch_row_content\u00bb css=\u00bb.vc_custom_1699371686901{margin-bottom: 50px !important;}\u00bb][vc_column css=\u00bb.vc_custom_1700153624535{padding-top: 200px !important;padding-bottom: 200px !important;background-image: url(https:\/\/www.ull.es\/portal\/laboratorio-del-futuro\/wp-content\/uploads\/sites\/61\/2023\/11\/Slider-home-mobile_Dolores-Corbella.jpg?id=54) !important;background-position: center !important;background-repeat: no-repeat !important;background-size: cover !important;}\u00bb offset=\u00bbvc_hidden-lg vc_hidden-md vc_hidden-sm\u00bb][\/vc_column][\/vc_row][vc_row][vc_column width=\u00bb1\/2&#8243; css=\u00bb.vc_custom_1700153532359{margin-right: 20px !important;padding-top: 20px !important;}\u00bb][vc_column_text css=\u00bb.vc_custom_1700210851453{margin-right: 20px !important;}\u00bb] Artesana de la palabra Dolores...","og_url":"https:\/\/www.ull.es\/portal\/laboratorio-del-futuro\/dolores-corbella\/","og_site_name":"Laboratorio del Futuro","article_modified_time":"2023-11-20T11:03:03+00:00","twitter_card":"summary_large_image","twitter_misc":{"Tiempo de lectura":"2 minutos"},"schema":{"@context":"https:\/\/schema.org","@graph":[{"@type":"WebPage","@id":"https:\/\/www.ull.es\/portal\/laboratorio-del-futuro\/dolores-corbella\/","url":"https:\/\/www.ull.es\/portal\/laboratorio-del-futuro\/dolores-corbella\/","name":"Dolores Corbella - Laboratorio del Futuro","isPartOf":{"@id":"https:\/\/www.ull.es\/portal\/laboratorio-del-futuro\/#website"},"datePublished":"2023-11-16T16:53:57+00:00","dateModified":"2023-11-20T11:03:03+00:00","breadcrumb":{"@id":"https:\/\/www.ull.es\/portal\/laboratorio-del-futuro\/dolores-corbella\/#breadcrumb"},"inLanguage":"es","potentialAction":[{"@type":"ReadAction","target":["https:\/\/www.ull.es\/portal\/laboratorio-del-futuro\/dolores-corbella\/"]}]},{"@type":"BreadcrumbList","@id":"https:\/\/www.ull.es\/portal\/laboratorio-del-futuro\/dolores-corbella\/#breadcrumb","itemListElement":[{"@type":"ListItem","position":1,"name":"Portada","item":"https:\/\/www.ull.es\/portal\/laboratorio-del-futuro\/"},{"@type":"ListItem","position":2,"name":"Dolores Corbella"}]},{"@type":"WebSite","@id":"https:\/\/www.ull.es\/portal\/laboratorio-del-futuro\/#website","url":"https:\/\/www.ull.es\/portal\/laboratorio-del-futuro\/","name":"Laboratorio del Futuro","description":"","potentialAction":[{"@type":"SearchAction","target":{"@type":"EntryPoint","urlTemplate":"https:\/\/www.ull.es\/portal\/laboratorio-del-futuro\/?s={search_term_string}"},"query-input":"required name=search_term_string"}],"inLanguage":"es"}]}},"_links":{"self":[{"href":"https:\/\/www.ull.es\/portal\/laboratorio-del-futuro\/wp-json\/wp\/v2\/pages\/214"}],"collection":[{"href":"https:\/\/www.ull.es\/portal\/laboratorio-del-futuro\/wp-json\/wp\/v2\/pages"}],"about":[{"href":"https:\/\/www.ull.es\/portal\/laboratorio-del-futuro\/wp-json\/wp\/v2\/types\/page"}],"author":[{"embeddable":true,"href":"https:\/\/www.ull.es\/portal\/laboratorio-del-futuro\/wp-json\/wp\/v2\/users\/97"}],"replies":[{"embeddable":true,"href":"https:\/\/www.ull.es\/portal\/laboratorio-del-futuro\/wp-json\/wp\/v2\/comments?post=214"}],"version-history":[{"count":4,"href":"https:\/\/www.ull.es\/portal\/laboratorio-del-futuro\/wp-json\/wp\/v2\/pages\/214\/revisions"}],"predecessor-version":[{"id":239,"href":"https:\/\/www.ull.es\/portal\/laboratorio-del-futuro\/wp-json\/wp\/v2\/pages\/214\/revisions\/239"}],"wp:attachment":[{"href":"https:\/\/www.ull.es\/portal\/laboratorio-del-futuro\/wp-json\/wp\/v2\/media?parent=214"}],"curies":[{"name":"wp","href":"https:\/\/api.w.org\/{rel}","templated":true}]}}