{"id":101,"date":"2018-05-18T09:47:18","date_gmt":"2018-05-18T09:47:18","guid":{"rendered":"https:\/\/www.ull.es\/portal\/marca\/?page_id=101"},"modified":"2018-06-18T08:14:12","modified_gmt":"2018-06-18T08:14:12","slug":"firma-correo-electronico","status":"publish","type":"page","link":"https:\/\/www.ull.es\/portal\/marca\/firma-correo-electronico\/","title":{"rendered":"Firma de correo electr\u00f3nico"},"content":{"rendered":"<p>[vc_row][vc_column][vc_column_text]<\/p>\n<h1>Firma de correo electr\u00f3nico<\/h1>\n<p>[\/vc_column_text][\/vc_column][\/vc_row][vc_row gap=\u00bb35&#8243;][vc_column width=\u00bb2\/3&#8243;][vc_column_text]Para utilizar la firma de correo electr\u00f3nico puede copiar el siguiente texto y pegarlo en su gestor de correo electr\u00f3nico.[\/vc_column_text][vc_empty_space][vc_row_inner][vc_column_inner width=\u00bb2\/3&#8243;][vc_raw_html]JTNDZGl2JTIwc3R5bGUlM0QlMjJmb250LXNpemUlM0ElMjAxMnB4JTIyJTNFJTBBJTA5JTNDZGl2JTNFJTBBJTA5JTA5JTNDZGl2JTIwc3R5bGUlM0QlMjJmb250LXdlaWdodCUzQSUyMGJvbGQlMjIlM0VOb21icmUlMjB5JTIwYXBlbGxpZG9zJTNDJTJGZGl2JTNFJTBBJTA5JTA5JTNDZGl2JTNFQ2FyZ28lMjBvJTIwdCVDMyVBRHR1bG8lM0MlMkZkaXYlM0UlMEElMDklM0MlMkZkaXYlM0UlMEElMDklM0NkaXYlM0UlM0NiciUzRSUzQyUyRmRpdiUzRSUwQSUwOSUzQ2RpdiUzRSUzQ2ltZyUyMHNyYyUzRCUyMmh0dHBzJTNBJTJGJTJGc3RhdGljLnVsbC5lcyUyRm1hcmNhJTJGbG9nby11bGwtZmlybWEucG5nJTIyJTIwdGl0bGUlM0QlMjJVbml2ZXJzaWRhZCUyMGRlJTIwTGElMjBMYWd1bmElMjIlMjBzdHlsZSUzRCUyMndpZHRoJTNBMTUwcHglMjIlMkYlM0UlM0MlMkZkaXYlM0UlMEElMDklM0NkaXYlM0UlM0NiciUzRSUzQyUyRmRpdiUzRSUwQSUwOSUzQ2RpdiUyMHN0eWxlJTNEJTIyY29sb3IlM0ElMjAlMjM1YzA2OGMlMjIlM0UlMEElMDklMDklM0NkaXYlMjBzdHlsZSUzRCUyMmZvbnQtd2VpZ2h0JTNBJTIwYm9sZCUyMiUzRU5vbWJyZSUyMHVuaWRhZCUyMG9yZ2FuaXphdGl2YSUzQyUyRmRpdiUzRSUwQSUwOSUwOSUzQ2RpdiUzRSUzQ2JyJTNFJTNDJTJGZGl2JTNFJTBBJTA5JTA5JTNDZGl2JTNFJTBBJTA5JTA5JTA5JTNDZGl2JTNFRGlyZWNjaSVDMyVCM24lMjBjb21wbGV0YSUzQyUyRmRpdiUzRSUwQSUwOSUwOSUwOSUzQ2RpdiUzRUFwYXJ0YWRvJTIwNDU2JTNDJTJGZGl2JTNFJTBBJTA5JTA5JTA5JTNDZGl2JTNFMzgyMDAlMjBMYSUyMExhZ3VuYS4lMjBTJTJGQyUyMGRlJTIwVGVuZXJpZmUlM0MlMkZkaXYlM0UlMEElMDklMDklM0MlMkZkaXYlM0UlMEElMDklMDklM0NkaXYlM0UlM0NiciUzRSUzQyUyRmRpdiUzRSUwQSUwOSUwOSUzQ2RpdiUzRSUwQSUwOSUwOSUwOSUzQ2RpdiUzRVQuJTIwOTIyJTIwMDAwJTIwMDAwJTNDJTJGZGl2JTNFJTBBJTA5JTA5JTA5JTNDZGl2JTNFTS4lMjA2MDAlMjAwMDAlMjAwMDAlM0MlMkZkaXYlM0UlMEElMDklMDklM0MlMkZkaXYlM0UlMEElMDklMDklM0NkaXYlM0UlM0NiciUzRSUzQyUyRmRpdiUzRSUwQSUwOSUwOSUzQ2RpdiUzRSUzQ2ElMjBocmVmJTNEJTIyaHR0cHMlM0ElMkYlMkZ3d3cudWxsLmVzJTIyJTIwdGl0bGUlM0QlMjJBY2Nlc28lMjBwJUMzJUExZ2luYSUyMHdlYiUyMFVuaXZlcnNpZGFkJTIwZGUlMjBMYSUyMExhZ3VuYSUyMiUyMHN0eWxlJTNEJTIyZm9udC13ZWlnaHQlM0ElMjBib2xkJTNCJTIwY29sb3IlM0ElMjAlMjM1YzA2OGMlM0IlMjB0ZXh0LWRlY29yYXRpb24lM0ElMjBub25lJTIyJTNFdWxsLmVzJTNDJTJGYSUzRSUzQyUyRmRpdiUzRSUwQSUwOSUwOSUzQ2RpdiUzRSUzQ2hyJTIwc3R5bGUlM0QlMjJtYXJnaW4lM0ElMjAxMnB4JTIwMCUyMiUyRiUzRSUzQyUyRmRpdiUzRSUwQSUwOSUwOSUzQ2RpdiUyMHN0eWxlJTNEJTIyY29sb3IlM0ElMjAlMjNiYWJlYzElM0IlMjBmb250LXNpemUlM0ElMjAxMXB4JTIyJTNFJTBBJTNDYSUyMHN0eWxlJTNEJTIyY29sb3IlM0ElMjAlMjNiYWJlYzElM0IlMjBmb250LXNpemUlM0ElMjAxMXB4JTIyJTIwaHJlZiUzRCUyMmh0dHBzJTNBJTJGJTJGd3d3LnVsbC5lcyUyRmluZm9ybWFjaW9uLXNvYnJlLXdlYi1pbnN0aXR1Y2lvbmFsJTJGJTIzYXZpc28tY29uZmlkZW5jaWFsaWRhZCUyMiUyMHRhcmdldCUzRCUyMl9ibGFuayUyMiUzRUF2aXNvJTIwZGUlMjBjb25maWRlbmNpYWxpZGFkJTNDJTJGYSUzRSUwQSUwOSUwOSUzQyUyRmRpdiUzRSUwQSUwOSUzQyUyRmRpdiUzRSUwQSUzQyUyRmRpdiUzRQ==[\/vc_raw_html][\/vc_column_inner][vc_column_inner width=\u00bb1\/3&#8243;][\/vc_column_inner][\/vc_row_inner][\/vc_column][vc_column width=\u00bb1\/3&#8243;][vc_column_text]\n<ul class=\"widget-box\">\n<li class='contacto-header'>Informaci\u00f3n de contacto<\/li><li><i class=\"fa fa-map-marker\"><\/i> Pabell\u00f3n de Gobierno, C\/ Padre Herrera s\/n Apartado Postal 456 38200, San Crist\u00f3bal de La Laguna Santa Cruz de Tenerife - Espa\u00f1a. Tel\u00e9fono: (+34) 900 43 25 26<\/li><li><i class=\"fa fa-archive\"><\/i><a href=\"https:\/\/sede.ull.es\/ecivilis-site\/catalog\/showProcedure\/484\"> Procedimiento para quejas, sugerencias y felicitaciones<\/a><\/li>\n<\/ul>\n\n[\/vc_column_text][\/vc_column][\/vc_row]<\/p>\n","protected":false},"excerpt":{"rendered":"<p>[vc_row][vc_column][vc_column_text] Firma de correo electr\u00f3nico [\/vc_column_text][\/vc_column][\/vc_row][vc_row gap=\u00bb35&#8243;][vc_column width=\u00bb2\/3&#8243;][vc_column_text]Para utilizar la firma de correo electr\u00f3nico puede copiar el siguiente texto y pegarlo en su gestor de correo electr\u00f3nico.[\/vc_column_text][vc_empty_space][vc_row_inner][vc_column_inner width=\u00bb2\/3&#8243;][vc_raw_html]JTNDZGl2JTIwc3R5bGUlM0QlMjJmb250LXNpemUlM0ElMjAxMnB4JTIyJTNFJTBBJTA5JTNDZGl2JTNFJTBBJTA5JTA5JTNDZGl2JTIwc3R5bGUlM0QlMjJmb250LXdlaWdodCUzQSUyMGJvbGQlMjIlM0VOb21icmUlMjB5JTIwYXBlbGxpZG9zJTNDJTJGZGl2JTNFJTBBJTA5JTA5JTNDZGl2JTNFQ2FyZ28lMjBvJTIwdCVDMyVBRHR1bG8lM0MlMkZkaXYlM0UlMEElMDklM0MlMkZkaXYlM0UlMEElMDklM0NkaXYlM0UlM0NiciUzRSUzQyUyRmRpdiUzRSUwQSUwOSUzQ2RpdiUzRSUzQ2ltZyUyMHNyYyUzRCUyMmh0dHBzJTNBJTJGJTJGc3RhdGljLnVsbC5lcyUyRm1hcmNhJTJGbG9nby11bGwtZmlybWEucG5nJTIyJTIwdGl0bGUlM0QlMjJVbml2ZXJzaWRhZCUyMGRlJTIwTGElMjBMYWd1bmElMjIlMjBzdHlsZSUzRCUyMndpZHRoJTNBMTUwcHglMjIlMkYlM0UlM0MlMkZkaXYlM0UlMEElMDklM0NkaXYlM0UlM0NiciUzRSUzQyUyRmRpdiUzRSUwQSUwOSUzQ2RpdiUyMHN0eWxlJTNEJTIyY29sb3IlM0ElMjAlMjM1YzA2OGMlMjIlM0UlMEElMDklMDklM0NkaXYlMjBzdHlsZSUzRCUyMmZvbnQtd2VpZ2h0JTNBJTIwYm9sZCUyMiUzRU5vbWJyZSUyMHVuaWRhZCUyMG9yZ2FuaXphdGl2YSUzQyUyRmRpdiUzRSUwQSUwOSUwOSUzQ2RpdiUzRSUzQ2JyJTNFJTNDJTJGZGl2JTNFJTBBJTA5JTA5JTNDZGl2JTNFJTBBJTA5JTA5JTA5JTNDZGl2JTNFRGlyZWNjaSVDMyVCM24lMjBjb21wbGV0YSUzQyUyRmRpdiUzRSUwQSUwOSUwOSUwOSUzQ2RpdiUzRUFwYXJ0YWRvJTIwNDU2JTNDJTJGZGl2JTNFJTBBJTA5JTA5JTA5JTNDZGl2JTNFMzgyMDAlMjBMYSUyMExhZ3VuYS4lMjBTJTJGQyUyMGRlJTIwVGVuZXJpZmUlM0MlMkZkaXYlM0UlMEElMDklMDklM0MlMkZkaXYlM0UlMEElMDklMDklM0NkaXYlM0UlM0NiciUzRSUzQyUyRmRpdiUzRSUwQSUwOSUwOSUzQ2RpdiUzRSUwQSUwOSUwOSUwOSUzQ2RpdiUzRVQuJTIwOTIyJTIwMDAwJTIwMDAwJTNDJTJGZGl2JTNFJTBBJTA5JTA5JTA5JTNDZGl2JTNFTS4lMjA2MDAlMjAwMDAlMjAwMDAlM0MlMkZkaXYlM0UlMEElMDklMDklM0MlMkZkaXYlM0UlMEElMDklMDklM0NkaXYlM0UlM0NiciUzRSUzQyUyRmRpdiUzRSUwQSUwOSUwOSUzQ2RpdiUzRSUzQ2ElMjBocmVmJTNEJTIyaHR0cHMlM0ElMkYlMkZ3d3cudWxsLmVzJTIyJTIwdGl0bGUlM0QlMjJBY2Nlc28lMjBwJUMzJUExZ2luYSUyMHdlYiUyMFVuaXZlcnNpZGFkJTIwZGUlMjBMYSUyMExhZ3VuYSUyMiUyMHN0eWxlJTNEJTIyZm9udC13ZWlnaHQlM0ElMjBib2xkJTNCJTIwY29sb3IlM0ElMjAlMjM1YzA2OGMlM0IlMjB0ZXh0LWRlY29yYXRpb24lM0ElMjBub25lJTIyJTNFdWxsLmVzJTNDJTJGYSUzRSUzQyUyRmRpdiUzRSUwQSUwOSUwOSUzQ2RpdiUzRSUzQ2hyJTIwc3R5bGUlM0QlMjJtYXJnaW4lM0ElMjAxMnB4JTIwMCUyMiUyRiUzRSUzQyUyRmRpdiUzRSUwQSUwOSUwOSUzQ2RpdiUyMHN0eWxlJTNEJTIyY29sb3IlM0ElMjAlMjNiYWJlYzElM0IlMjBmb250LXNpemUlM0ElMjAxMXB4JTIyJTNFJTBBJTNDYSUyMHN0eWxlJTNEJTIyY29sb3IlM0ElMjAlMjNiYWJlYzElM0IlMjBmb250LXNpemUlM0ElMjAxMXB4JTIyJTIwaHJlZiUzRCUyMmh0dHBzJTNBJTJGJTJGd3d3LnVsbC5lcyUyRmluZm9ybWFjaW9uLXNvYnJlLXdlYi1pbnN0aXR1Y2lvbmFsJTJGJTIzYXZpc28tY29uZmlkZW5jaWFsaWRhZCUyMiUyMHRhcmdldCUzRCUyMl9ibGFuayUyMiUzRUF2aXNvJTIwZGUlMjBjb25maWRlbmNpYWxpZGFkJTNDJTJGYSUzRSUwQSUwOSUwOSUzQyUyRmRpdiUzRSUwQSUwOSUzQyUyRmRpdiUzRSUwQSUzQyUyRmRpdiUzRQ==[\/vc_raw_html][\/vc_column_inner][vc_column_inner width=\u00bb1\/3&#8243;][\/vc_column_inner][\/vc_row_inner][\/vc_column][vc_column width=\u00bb1\/3&#8243;][vc_column_text][\/vc_column_text][\/vc_column][\/vc_row]<\/p>\n","protected":false},"author":1,"featured_media":0,"parent":0,"menu_order":0,"comment_status":"closed","ping_status":"closed","template":"","meta":{"inline_featured_image":false,"footnotes":""},"acf":[],"yoast_head":"<!-- This site is optimized with the Yoast SEO plugin v21.3 - https:\/\/yoast.com\/wordpress\/plugins\/seo\/ -->\n<title>Firma de correo electr\u00f3nico - Marca<\/title>\n<meta name=\"robots\" content=\"index, follow, max-snippet:-1, max-image-preview:large, max-video-preview:-1\" \/>\n<link rel=\"canonical\" href=\"https:\/\/www.ull.es\/portal\/marca\/firma-correo-electronico\/\" \/>\n<meta property=\"og:locale\" content=\"es_ES\" \/>\n<meta property=\"og:type\" content=\"article\" \/>\n<meta property=\"og:title\" content=\"Firma de correo electr\u00f3nico - Marca\" \/>\n<meta property=\"og:description\" content=\"[vc_row][vc_column][vc_column_text] Firma de correo electr\u00f3nico [\/vc_column_text][\/vc_column][\/vc_row][vc_row gap=\u00bb35&#8243;][vc_column width=\u00bb2\/3&#8243;][vc_column_text]Para utilizar la firma de correo electr\u00f3nico puede copiar el siguiente texto y pegarlo en su gestor de correo electr\u00f3nico.[\/vc_column_text][vc_empty_space][vc_row_inner][vc_column_inner width=\u00bb2\/3&#8243;][vc_raw_html]JTNDZGl2JTIwc3R5bGUlM0QlMjJmb250LXNpemUlM0ElMjAxMnB4JTIyJTNFJTBBJTA5JTNDZGl2JTNFJTBBJTA5JTA5JTNDZGl2JTIwc3R5bGUlM0QlMjJmb250LXdlaWdodCUzQSUyMGJvbGQlMjIlM0VOb21icmUlMjB5JTIwYXBlbGxpZG9zJTNDJTJGZGl2JTNFJTBBJTA5JTA5JTNDZGl2JTNFQ2FyZ28lMjBvJTIwdCVDMyVBRHR1bG8lM0MlMkZkaXYlM0UlMEElMDklM0MlMkZkaXYlM0UlMEElMDklM0NkaXYlM0UlM0NiciUzRSUzQyUyRmRpdiUzRSUwQSUwOSUzQ2RpdiUzRSUzQ2ltZyUyMHNyYyUzRCUyMmh0dHBzJTNBJTJGJTJGc3RhdGljLnVsbC5lcyUyRm1hcmNhJTJGbG9nby11bGwtZmlybWEucG5nJTIyJTIwdGl0bGUlM0QlMjJVbml2ZXJzaWRhZCUyMGRlJTIwTGElMjBMYWd1bmElMjIlMjBzdHlsZSUzRCUyMndpZHRoJTNBMTUwcHglMjIlMkYlM0UlM0MlMkZkaXYlM0UlMEElMDklM0NkaXYlM0UlM0NiciUzRSUzQyUyRmRpdiUzRSUwQSUwOSUzQ2RpdiUyMHN0eWxlJTNEJTIyY29sb3IlM0ElMjAlMjM1YzA2OGMlMjIlM0UlMEElMDklMDklM0NkaXYlMjBzdHlsZSUzRCUyMmZvbnQtd2VpZ2h0JTNBJTIwYm9sZCUyMiUzRU5vbWJyZSUyMHVuaWRhZCUyMG9yZ2FuaXphdGl2YSUzQyUyRmRpdiUzRSUwQSUwOSUwOSUzQ2RpdiUzRSUzQ2JyJTNFJTNDJTJGZGl2JTNFJTBBJTA5JTA5JTNDZGl2JTNFJTBBJTA5JTA5JTA5JTNDZGl2JTNFRGlyZWNjaSVDMyVCM24lMjBjb21wbGV0YSUzQyUyRmRpdiUzRSUwQSUwOSUwOSUwOSUzQ2RpdiUzRUFwYXJ0YWRvJTIwNDU2JTNDJTJGZGl2JTNFJTBBJTA5JTA5JTA5JTNDZGl2JTNFMzgyMDAlMjBMYSUyMExhZ3VuYS4lMjBTJTJGQyUyMGRlJTIwVGVuZXJpZmUlM0MlMkZkaXYlM0UlMEElMDklMDklM0MlMkZkaXYlM0UlMEElMDklMDklM0NkaXYlM0UlM0NiciUzRSUzQyUyRmRpdiUzRSUwQSUwOSUwOSUzQ2RpdiUzRSUwQSUwOSUwOSUwOSUzQ2RpdiUzRVQuJTIwOTIyJTIwMDAwJTIwMDAwJTNDJTJGZGl2JTNFJTBBJTA5JTA5JTA5JTNDZGl2JTNFTS4lMjA2MDAlMjAwMDAlMjAwMDAlM0MlMkZkaXYlM0UlMEElMDklMDklM0MlMkZkaXYlM0UlMEElMDklMDklM0NkaXYlM0UlM0NiciUzRSUzQyUyRmRpdiUzRSUwQSUwOSUwOSUzQ2RpdiUzRSUzQ2ElMjBocmVmJTNEJTIyaHR0cHMlM0ElMkYlMkZ3d3cudWxsLmVzJTIyJTIwdGl0bGUlM0QlMjJBY2Nlc28lMjBwJUMzJUExZ2luYSUyMHdlYiUyMFVuaXZlcnNpZGFkJTIwZGUlMjBMYSUyMExhZ3VuYSUyMiUyMHN0eWxlJTNEJTIyZm9udC13ZWlnaHQlM0ElMjBib2xkJTNCJTIwY29sb3IlM0ElMjAlMjM1YzA2OGMlM0IlMjB0ZXh0LWRlY29yYXRpb24lM0ElMjBub25lJTIyJTNFdWxsLmVzJTNDJTJGYSUzRSUzQyUyRmRpdiUzRSUwQSUwOSUwOSUzQ2RpdiUzRSUzQ2hyJTIwc3R5bGUlM0QlMjJtYXJnaW4lM0ElMjAxMnB4JTIwMCUyMiUyRiUzRSUzQyUyRmRpdiUzRSUwQSUwOSUwOSUzQ2RpdiUyMHN0eWxlJTNEJTIyY29sb3IlM0ElMjAlMjNiYWJlYzElM0IlMjBmb250LXNpemUlM0ElMjAxMXB4JTIyJTNFJTBBJTNDYSUyMHN0eWxlJTNEJTIyY29sb3IlM0ElMjAlMjNiYWJlYzElM0IlMjBmb250LXNpemUlM0ElMjAxMXB4JTIyJTIwaHJlZiUzRCUyMmh0dHBzJTNBJTJGJTJGd3d3LnVsbC5lcyUyRmluZm9ybWFjaW9uLXNvYnJlLXdlYi1pbnN0aXR1Y2lvbmFsJTJGJTIzYXZpc28tY29uZmlkZW5jaWFsaWRhZCUyMiUyMHRhcmdldCUzRCUyMl9ibGFuayUyMiUzRUF2aXNvJTIwZGUlMjBjb25maWRlbmNpYWxpZGFkJTNDJTJGYSUzRSUwQSUwOSUwOSUzQyUyRmRpdiUzRSUwQSUwOSUzQyUyRmRpdiUzRSUwQSUzQyUyRmRpdiUzRQ==[\/vc_raw_html][\/vc_column_inner][vc_column_inner width=\u00bb1\/3&#8243;][\/vc_column_inner][\/vc_row_inner][\/vc_column][vc_column width=\u00bb1\/3&#8243;][vc_column_text][\/vc_column_text][\/vc_column][\/vc_row]\" \/>\n<meta property=\"og:url\" content=\"https:\/\/www.ull.es\/portal\/marca\/firma-correo-electronico\/\" \/>\n<meta property=\"og:site_name\" content=\"Marca\" \/>\n<meta property=\"article:modified_time\" content=\"2018-06-18T08:14:12+00:00\" \/>\n<meta name=\"twitter:card\" content=\"summary_large_image\" \/>\n<meta name=\"twitter:label1\" content=\"Tiempo de lectura\" \/>\n\t<meta name=\"twitter:data1\" content=\"1 minuto\" \/>\n<script type=\"application\/ld+json\" class=\"yoast-schema-graph\">{\"@context\":\"https:\/\/schema.org\",\"@graph\":[{\"@type\":\"WebPage\",\"@id\":\"https:\/\/www.ull.es\/portal\/marca\/firma-correo-electronico\/\",\"url\":\"https:\/\/www.ull.es\/portal\/marca\/firma-correo-electronico\/\",\"name\":\"Firma de correo electr\u00f3nico - Marca\",\"isPartOf\":{\"@id\":\"https:\/\/www.ull.es\/portal\/marca\/#website\"},\"datePublished\":\"2018-05-18T09:47:18+00:00\",\"dateModified\":\"2018-06-18T08:14:12+00:00\",\"breadcrumb\":{\"@id\":\"https:\/\/www.ull.es\/portal\/marca\/firma-correo-electronico\/#breadcrumb\"},\"inLanguage\":\"es\",\"potentialAction\":[{\"@type\":\"ReadAction\",\"target\":[\"https:\/\/www.ull.es\/portal\/marca\/firma-correo-electronico\/\"]}]},{\"@type\":\"BreadcrumbList\",\"@id\":\"https:\/\/www.ull.es\/portal\/marca\/firma-correo-electronico\/#breadcrumb\",\"itemListElement\":[{\"@type\":\"ListItem\",\"position\":1,\"name\":\"Portada\",\"item\":\"https:\/\/www.ull.es\/portal\/marca\/\"},{\"@type\":\"ListItem\",\"position\":2,\"name\":\"Firma de correo electr\u00f3nico\"}]},{\"@type\":\"WebSite\",\"@id\":\"https:\/\/www.ull.es\/portal\/marca\/#website\",\"url\":\"https:\/\/www.ull.es\/portal\/marca\/\",\"name\":\"Marca\",\"description\":\"\",\"potentialAction\":[{\"@type\":\"SearchAction\",\"target\":{\"@type\":\"EntryPoint\",\"urlTemplate\":\"https:\/\/www.ull.es\/portal\/marca\/?s={search_term_string}\"},\"query-input\":\"required name=search_term_string\"}],\"inLanguage\":\"es\"}]}<\/script>\n<!-- \/ Yoast SEO plugin. -->","yoast_head_json":{"title":"Firma de correo electr\u00f3nico - Marca","robots":{"index":"index","follow":"follow","max-snippet":"max-snippet:-1","max-image-preview":"max-image-preview:large","max-video-preview":"max-video-preview:-1"},"canonical":"https:\/\/www.ull.es\/portal\/marca\/firma-correo-electronico\/","og_locale":"es_ES","og_type":"article","og_title":"Firma de correo electr\u00f3nico - Marca","og_description":"[vc_row][vc_column][vc_column_text] Firma de correo electr\u00f3nico [\/vc_column_text][\/vc_column][\/vc_row][vc_row gap=\u00bb35&#8243;][vc_column width=\u00bb2\/3&#8243;][vc_column_text]Para utilizar la firma de correo electr\u00f3nico puede copiar el siguiente texto y pegarlo en su gestor de correo electr\u00f3nico.[\/vc_column_text][vc_empty_space][vc_row_inner][vc_column_inner width=\u00bb2\/3&#8243;][vc_raw_html]JTNDZGl2JTIwc3R5bGUlM0QlMjJmb250LXNpemUlM0ElMjAxMnB4JTIyJTNFJTBBJTA5JTNDZGl2JTNFJTBBJTA5JTA5JTNDZGl2JTIwc3R5bGUlM0QlMjJmb250LXdlaWdodCUzQSUyMGJvbGQlMjIlM0VOb21icmUlMjB5JTIwYXBlbGxpZG9zJTNDJTJGZGl2JTNFJTBBJTA5JTA5JTNDZGl2JTNFQ2FyZ28lMjBvJTIwdCVDMyVBRHR1bG8lM0MlMkZkaXYlM0UlMEElMDklM0MlMkZkaXYlM0UlMEElMDklM0NkaXYlM0UlM0NiciUzRSUzQyUyRmRpdiUzRSUwQSUwOSUzQ2RpdiUzRSUzQ2ltZyUyMHNyYyUzRCUyMmh0dHBzJTNBJTJGJTJGc3RhdGljLnVsbC5lcyUyRm1hcmNhJTJGbG9nby11bGwtZmlybWEucG5nJTIyJTIwdGl0bGUlM0QlMjJVbml2ZXJzaWRhZCUyMGRlJTIwTGElMjBMYWd1bmElMjIlMjBzdHlsZSUzRCUyMndpZHRoJTNBMTUwcHglMjIlMkYlM0UlM0MlMkZkaXYlM0UlMEElMDklM0NkaXYlM0UlM0NiciUzRSUzQyUyRmRpdiUzRSUwQSUwOSUzQ2RpdiUyMHN0eWxlJTNEJTIyY29sb3IlM0ElMjAlMjM1YzA2OGMlMjIlM0UlMEElMDklMDklM0NkaXYlMjBzdHlsZSUzRCUyMmZvbnQtd2VpZ2h0JTNBJTIwYm9sZCUyMiUzRU5vbWJyZSUyMHVuaWRhZCUyMG9yZ2FuaXphdGl2YSUzQyUyRmRpdiUzRSUwQSUwOSUwOSUzQ2RpdiUzRSUzQ2JyJTNFJTNDJTJGZGl2JTNFJTBBJTA5JTA5JTNDZGl2JTNFJTBBJTA5JTA5JTA5JTNDZGl2JTNFRGlyZWNjaSVDMyVCM24lMjBjb21wbGV0YSUzQyUyRmRpdiUzRSUwQSUwOSUwOSUwOSUzQ2RpdiUzRUFwYXJ0YWRvJTIwNDU2JTNDJTJGZGl2JTNFJTBBJTA5JTA5JTA5JTNDZGl2JTNFMzgyMDAlMjBMYSUyMExhZ3VuYS4lMjBTJTJGQyUyMGRlJTIwVGVuZXJpZmUlM0MlMkZkaXYlM0UlMEElMDklMDklM0MlMkZkaXYlM0UlMEElMDklMDklM0NkaXYlM0UlM0NiciUzRSUzQyUyRmRpdiUzRSUwQSUwOSUwOSUzQ2RpdiUzRSUwQSUwOSUwOSUwOSUzQ2RpdiUzRVQuJTIwOTIyJTIwMDAwJTIwMDAwJTNDJTJGZGl2JTNFJTBBJTA5JTA5JTA5JTNDZGl2JTNFTS4lMjA2MDAlMjAwMDAlMjAwMDAlM0MlMkZkaXYlM0UlMEElMDklMDklM0MlMkZkaXYlM0UlMEElMDklMDklM0NkaXYlM0UlM0NiciUzRSUzQyUyRmRpdiUzRSUwQSUwOSUwOSUzQ2RpdiUzRSUzQ2ElMjBocmVmJTNEJTIyaHR0cHMlM0ElMkYlMkZ3d3cudWxsLmVzJTIyJTIwdGl0bGUlM0QlMjJBY2Nlc28lMjBwJUMzJUExZ2luYSUyMHdlYiUyMFVuaXZlcnNpZGFkJTIwZGUlMjBMYSUyMExhZ3VuYSUyMiUyMHN0eWxlJTNEJTIyZm9udC13ZWlnaHQlM0ElMjBib2xkJTNCJTIwY29sb3IlM0ElMjAlMjM1YzA2OGMlM0IlMjB0ZXh0LWRlY29yYXRpb24lM0ElMjBub25lJTIyJTNFdWxsLmVzJTNDJTJGYSUzRSUzQyUyRmRpdiUzRSUwQSUwOSUwOSUzQ2RpdiUzRSUzQ2hyJTIwc3R5bGUlM0QlMjJtYXJnaW4lM0ElMjAxMnB4JTIwMCUyMiUyRiUzRSUzQyUyRmRpdiUzRSUwQSUwOSUwOSUzQ2RpdiUyMHN0eWxlJTNEJTIyY29sb3IlM0ElMjAlMjNiYWJlYzElM0IlMjBmb250LXNpemUlM0ElMjAxMXB4JTIyJTNFJTBBJTNDYSUyMHN0eWxlJTNEJTIyY29sb3IlM0ElMjAlMjNiYWJlYzElM0IlMjBmb250LXNpemUlM0ElMjAxMXB4JTIyJTIwaHJlZiUzRCUyMmh0dHBzJTNBJTJGJTJGd3d3LnVsbC5lcyUyRmluZm9ybWFjaW9uLXNvYnJlLXdlYi1pbnN0aXR1Y2lvbmFsJTJGJTIzYXZpc28tY29uZmlkZW5jaWFsaWRhZCUyMiUyMHRhcmdldCUzRCUyMl9ibGFuayUyMiUzRUF2aXNvJTIwZGUlMjBjb25maWRlbmNpYWxpZGFkJTNDJTJGYSUzRSUwQSUwOSUwOSUzQyUyRmRpdiUzRSUwQSUwOSUzQyUyRmRpdiUzRSUwQSUzQyUyRmRpdiUzRQ==[\/vc_raw_html][\/vc_column_inner][vc_column_inner width=\u00bb1\/3&#8243;][\/vc_column_inner][\/vc_row_inner][\/vc_column][vc_column width=\u00bb1\/3&#8243;][vc_column_text][\/vc_column_text][\/vc_column][\/vc_row]","og_url":"https:\/\/www.ull.es\/portal\/marca\/firma-correo-electronico\/","og_site_name":"Marca","article_modified_time":"2018-06-18T08:14:12+00:00","twitter_card":"summary_large_image","twitter_misc":{"Tiempo de lectura":"1 minuto"},"schema":{"@context":"https:\/\/schema.org","@graph":[{"@type":"WebPage","@id":"https:\/\/www.ull.es\/portal\/marca\/firma-correo-electronico\/","url":"https:\/\/www.ull.es\/portal\/marca\/firma-correo-electronico\/","name":"Firma de correo electr\u00f3nico - Marca","isPartOf":{"@id":"https:\/\/www.ull.es\/portal\/marca\/#website"},"datePublished":"2018-05-18T09:47:18+00:00","dateModified":"2018-06-18T08:14:12+00:00","breadcrumb":{"@id":"https:\/\/www.ull.es\/portal\/marca\/firma-correo-electronico\/#breadcrumb"},"inLanguage":"es","potentialAction":[{"@type":"ReadAction","target":["https:\/\/www.ull.es\/portal\/marca\/firma-correo-electronico\/"]}]},{"@type":"BreadcrumbList","@id":"https:\/\/www.ull.es\/portal\/marca\/firma-correo-electronico\/#breadcrumb","itemListElement":[{"@type":"ListItem","position":1,"name":"Portada","item":"https:\/\/www.ull.es\/portal\/marca\/"},{"@type":"ListItem","position":2,"name":"Firma de correo electr\u00f3nico"}]},{"@type":"WebSite","@id":"https:\/\/www.ull.es\/portal\/marca\/#website","url":"https:\/\/www.ull.es\/portal\/marca\/","name":"Marca","description":"","potentialAction":[{"@type":"SearchAction","target":{"@type":"EntryPoint","urlTemplate":"https:\/\/www.ull.es\/portal\/marca\/?s={search_term_string}"},"query-input":"required name=search_term_string"}],"inLanguage":"es"}]}},"_links":{"self":[{"href":"https:\/\/www.ull.es\/portal\/marca\/wp-json\/wp\/v2\/pages\/101"}],"collection":[{"href":"https:\/\/www.ull.es\/portal\/marca\/wp-json\/wp\/v2\/pages"}],"about":[{"href":"https:\/\/www.ull.es\/portal\/marca\/wp-json\/wp\/v2\/types\/page"}],"author":[{"embeddable":true,"href":"https:\/\/www.ull.es\/portal\/marca\/wp-json\/wp\/v2\/users\/1"}],"replies":[{"embeddable":true,"href":"https:\/\/www.ull.es\/portal\/marca\/wp-json\/wp\/v2\/comments?post=101"}],"version-history":[{"count":39,"href":"https:\/\/www.ull.es\/portal\/marca\/wp-json\/wp\/v2\/pages\/101\/revisions"}],"predecessor-version":[{"id":280,"href":"https:\/\/www.ull.es\/portal\/marca\/wp-json\/wp\/v2\/pages\/101\/revisions\/280"}],"wp:attachment":[{"href":"https:\/\/www.ull.es\/portal\/marca\/wp-json\/wp\/v2\/media?parent=101"}],"curies":[{"name":"wp","href":"https:\/\/api.w.org\/{rel}","templated":true}]}}