{"id":2,"date":"2018-05-16T12:17:43","date_gmt":"2018-05-16T12:17:43","guid":{"rendered":"https:\/\/www.ull.es\/portal\/marca\/?page_id=2"},"modified":"2025-12-16T12:30:56","modified_gmt":"2025-12-16T12:30:56","slug":"pagina-ejemplo","status":"publish","type":"page","link":"https:\/\/www.ull.es\/portal\/marca\/","title":{"rendered":"Inicio"},"content":{"rendered":"<p>[vc_row css=\u00bb.vc_custom_1527070251207{margin-top: 50px !important;}\u00bb][vc_column width=\u00bb1\/2&#8243;][vc_video link=\u00bbhttps:\/\/youtu.be\/Y1CeiL2QIR8&#8243; align=\u00bbcenter\u00bb][\/vc_column][vc_column width=\u00bb1\/2&#8243;][vc_custom_heading text=\u00bbMARCA\u00bb font_container=\u00bbtag:h1|text_align:left\u00bb use_theme_fonts=\u00bbyes\u00bb][vc_column_text]Nuestra Universidad se enfrenta a importantes retos y ha de afrontar una realidad compleja y cambiante.<\/p>\n<p>La marca es el s\u00edmbolo de una nueva etapa, que se asienta en los valores que hemos ido forjando a lo largo de nuestra dilatada historia, pero que mira a un futuro que hemos de construir entre todas y todos. Ofrece una imagen asociada al municipio que nos da nombre, pero se abre al conjunto de la sociedad canaria y al contexto tricontinental internacional al que estamos vinculados.<\/p>\n<p>Nuestra nueva marca permite transmitir estos objetivos, implicando y acogiendo al conjunto de la comunidad.[\/vc_column_text][\/vc_column][\/vc_row][vc_row full_width=\u00bbstretch_row\u00bb css=\u00bb.vc_custom_1527067931174{margin-top: 35px !important;background-image: url(http:\/\/demo.mumetic.com\/baseull\/wp-content\/uploads\/2018\/05\/barra-separador-50px.png?id=549) !important;}\u00bb el_class=\u00bbseparador-diag\u00bb][vc_column][\/vc_column][\/vc_row][vc_row el_id=\u00bbbotones-inicio\u00bb][vc_column width=\u00bb1\/4&#8243;][vc_raw_html]JTNDYSUyMGhyZWYlM0QlMjJodHRwcyUzQSUyRiUyRnd3dy51bGwuZXMlMkZwb3J0YWwlMkZtYXJjYSUyRmxvZ290aXBvcyUyRiUyMiUzRSUzQ2RpdiUyMGNsYXNzJTNEJTIyaWNvbm9zLWluaWNpbyUyMiUzRSUwQSUzQ2gzJTIwc3R5bGUlM0QlMjJjb2xvciUzQSUyMCUyMzVjMDY4YyUzQiUyMGZvbnQtd2VpZ2h0JTNBJTIwYm9sZCUzQiUyMiUzRUxPR09TJTNDJTJGaDMlM0UlM0NwJTNFRGVzY2FyZ2ElMjBkZSUyMGxvZ290aXBvcyUyMHklMEFndSVDMyVBRGFzJTIwZGUlMjB1c28lM0MlMkZwJTNFJTNDJTJGZGl2JTNFJTNDJTJGYSUzRQ==[\/vc_raw_html][\/vc_column][vc_column width=\u00bb1\/4&#8243;][vc_raw_html]JTNDYSUyMGhyZWYlM0QlMjJodHRwcyUzQSUyRiUyRnd3dy51bGwuZXMlMkZwb3J0YWwlMkZtYXJjYSUyRnRpcG9ncmFmaWElMkYlMjIlM0UlM0NkaXYlMjBjbGFzcyUzRCUyMmljb25vcy1pbmljaW8lMjIlM0UlMEElM0NoMyUyMHN0eWxlJTNEJTIyY29sb3IlM0ElMjAlMjM1YzA2OGMlM0IlMjBmb250LXdlaWdodCUzQSUyMGJvbGQlM0IlMjIlM0VUSVBPR1JBRiVDMyU4REElM0MlMkZoMyUzRSUzQ3AlM0VGdWVudGVzJTIwdGlwb2dyJUMzJUExZmljYXMlMEFpbnN0aXR1Y2lvbmFsZXMlM0MlMkZwJTNFJTNDJTJGZGl2JTNFJTNDJTJGYSUzRQ==[\/vc_raw_html][\/vc_column][vc_column width=\u00bb1\/4&#8243;][vc_raw_html]JTNDYSUyMGhyZWYlM0QlMjJodHRwcyUzQSUyRiUyRnd3dy51bGwuZXMlMkZwb3J0YWwlMkZtYXJjYSUyRmNvbG9yJTJGJTIyJTNFJTNDZGl2JTIwY2xhc3MlM0QlMjJpY29ub3MtaW5pY2lvJTIyJTNFJTBBJTNDaDMlMjBzdHlsZSUzRCUyMmNvbG9yJTNBJTIwJTIzNWMwNjhjJTNCJTIwZm9udC13ZWlnaHQlM0ElMjBib2xkJTNCJTIyJTNFQ09MT1JFUyUzQyUyRmgzJTNFJTNDcCUzRVBhbGV0YXMlMjBkZSUyMGNvbG9yJTBBcGFyYSUyMGltcHJlc2klQzMlQjNuJTIweSUyMHdlYiUzQyUyRnAlM0UlM0MlMkZkaXYlM0UlM0MlMkZhJTNF[\/vc_raw_html][\/vc_column][vc_column width=\u00bb1\/4&#8243;][vc_raw_html]JTNDYSUyMGhyZWYlM0QlMjJodHRwcyUzQSUyRiUyRnd3dy51bGwuZXMlMkZwb3J0YWwlMkZtYXJjYSUyRmRvY3VtZW50b3MlMkYlMjIlM0UlM0NkaXYlMjBjbGFzcyUzRCUyMmljb25vcy1pbmljaW8lMjIlM0UlMEElM0NoMyUyMHN0eWxlJTNEJTIyY29sb3IlM0ElMjAlMjM1YzA2OGMlM0IlMjBmb250LXdlaWdodCUzQSUyMGJvbGQlM0IlMjIlM0VQTEFOVElMTEFTJTNDJTJGaDMlM0UlM0NwJTNFRG9jdW1lbnRvcyUyMHklMjBvdHJvcyUwQWVsZW1lbnRvcyUyMGRlJTIwcGFwZWxlciVDMyVBRGElM0MlMkZwJTNFJTNDJTJGZGl2JTNFJTNDJTJGYSUzRQ==[\/vc_raw_html][\/vc_column][\/vc_row][vc_row gap=\u00bb35&#8243; css=\u00bb.vc_custom_1527070813442{margin-top: 50px !important;}\u00bb][vc_column width=\u00bb2\/3&#8243;][vc_custom_heading text=\u00bbNUESTRA MARCA EN ACCI\u00d3N\u00bb use_theme_fonts=\u00bbyes\u00bb][vc_gallery type=\u00bbflexslider_slide\u00bb interval=\u00bb3&#8243; images=\u00bb183,184,185,186,187,188&#8243; img_size=\u00bbfull\u00bb onclick=\u00bb\u00bb][\/vc_column][vc_column width=\u00bb1\/3&#8243;][vc_custom_heading text=\u00bbOTROS RECURSOS\u00bb use_theme_fonts=\u00bbyes\u00bb][vc_column_text]<\/p>\n<ul>\n<li><a href=\"https:\/\/www.ull.es\/portal\/marca\/manual-identidad-corporativa\/\" target=\"_blank\" rel=\"noopener\">Manual de Identidad Corportativa<\/a><\/li>\n<li><a href=\"https:\/\/drive.google.com\/file\/d\/15CbrCq0wG-THPJ-dxgNosFzU8uDl-sU1\/view\" target=\"_blank\" rel=\"noopener\" target=\"_blank\" rel=\"noopener\">Gu\u00eda visual para creaci\u00f3n de elementos gr\u00e1ficos<\/a><\/li>\n<li><a href=\"https:\/\/www.ull.es\/portal\/marca\/avatares-redes-sociales\/\" target=\"_blank\" rel=\"noopener\">Avatares para redes sociales<\/a><\/li>\n<li><a href=\"https:\/\/www.ull.es\/portal\/marca\/firma-correo-electronico\/\" target=\"_blank\" rel=\"noopener\">Firma de correo<\/a><\/li>\n<\/ul>\n<p>[\/vc_column_text][vc_column_text]\n<ul class=\"widget-box\">\n<li class='contacto-header'>Informaci\u00f3n de contacto<\/li><li><i class=\"fa fa-map-marker\"><\/i> Pabell\u00f3n de Gobierno, C\/ Padre Herrera s\/n Apartado Postal 456 38200, San Crist\u00f3bal de La Laguna Santa Cruz de Tenerife - Espa\u00f1a. Tel\u00e9fono: (+34) 900 43 25 26<\/li><li><i class=\"fa fa-archive\"><\/i><a href=\"https:\/\/sede.ull.es\/ecivilis-site\/catalog\/showProcedure\/484\"> Procedimiento para quejas, sugerencias y felicitaciones<\/a><\/li>\n<\/ul>\n\n[\/vc_column_text][\/vc_column][\/vc_row]<\/p>\n","protected":false},"excerpt":{"rendered":"<p>[vc_row css=\u00bb.vc_custom_1527070251207{margin-top: 50px !important;}\u00bb][vc_column width=\u00bb1\/2&#8243;][vc_video link=\u00bbhttps:\/\/youtu.be\/Y1CeiL2QIR8&#8243; align=\u00bbcenter\u00bb][\/vc_column][vc_column width=\u00bb1\/2&#8243;][vc_custom_heading text=\u00bbMARCA\u00bb font_container=\u00bbtag:h1|text_align:left\u00bb use_theme_fonts=\u00bbyes\u00bb][vc_column_text]Nuestra Universidad se enfrenta a importantes retos y ha de afrontar una realidad compleja y cambiante. La marca es el s\u00edmbolo de una nueva etapa, que se asienta en los valores que hemos ido forjando a lo largo de nuestra dilatada historia, pero que mira&#8230;<\/p>\n","protected":false},"author":1,"featured_media":0,"parent":0,"menu_order":0,"comment_status":"closed","ping_status":"open","template":"templates\/template-frontpage.php","meta":{"inline_featured_image":false,"footnotes":""},"acf":[],"yoast_head":"<!-- This site is optimized with the Yoast SEO plugin v21.3 - https:\/\/yoast.com\/wordpress\/plugins\/seo\/ -->\n<title>Inicio - Marca<\/title>\n<meta name=\"robots\" content=\"index, follow, max-snippet:-1, max-image-preview:large, max-video-preview:-1\" \/>\n<link rel=\"canonical\" href=\"https:\/\/www.ull.es\/portal\/marca\/\" \/>\n<meta property=\"og:locale\" content=\"es_ES\" \/>\n<meta property=\"og:type\" content=\"article\" \/>\n<meta property=\"og:title\" content=\"Inicio - Marca\" \/>\n<meta property=\"og:description\" content=\"[vc_row css=\u00bb.vc_custom_1527070251207{margin-top: 50px !important;}\u00bb][vc_column width=\u00bb1\/2&#8243;][vc_video link=\u00bbhttps:\/\/youtu.be\/Y1CeiL2QIR8&#8243; align=\u00bbcenter\u00bb][\/vc_column][vc_column width=\u00bb1\/2&#8243;][vc_custom_heading text=\u00bbMARCA\u00bb font_container=\u00bbtag:h1|text_align:left\u00bb use_theme_fonts=\u00bbyes\u00bb][vc_column_text]Nuestra Universidad se enfrenta a importantes retos y ha de afrontar una realidad compleja y cambiante. La marca es el s\u00edmbolo de una nueva etapa, que se asienta en los valores que hemos ido forjando a lo largo de nuestra dilatada historia, pero que mira...\" \/>\n<meta property=\"og:url\" content=\"https:\/\/www.ull.es\/portal\/marca\/\" \/>\n<meta property=\"og:site_name\" content=\"Marca\" \/>\n<meta property=\"article:modified_time\" content=\"2025-12-16T12:30:56+00:00\" \/>\n<meta name=\"twitter:card\" content=\"summary_large_image\" \/>\n<meta name=\"twitter:label1\" content=\"Tiempo de lectura\" \/>\n\t<meta name=\"twitter:data1\" content=\"1 minuto\" \/>\n<script type=\"application\/ld+json\" class=\"yoast-schema-graph\">{\"@context\":\"https:\/\/schema.org\",\"@graph\":[{\"@type\":\"WebPage\",\"@id\":\"https:\/\/www.ull.es\/portal\/marca\/\",\"url\":\"https:\/\/www.ull.es\/portal\/marca\/\",\"name\":\"Inicio - Marca\",\"isPartOf\":{\"@id\":\"https:\/\/www.ull.es\/portal\/marca\/#website\"},\"datePublished\":\"2018-05-16T12:17:43+00:00\",\"dateModified\":\"2025-12-16T12:30:56+00:00\",\"breadcrumb\":{\"@id\":\"https:\/\/www.ull.es\/portal\/marca\/#breadcrumb\"},\"inLanguage\":\"es\",\"potentialAction\":[{\"@type\":\"ReadAction\",\"target\":[\"https:\/\/www.ull.es\/portal\/marca\/\"]}]},{\"@type\":\"BreadcrumbList\",\"@id\":\"https:\/\/www.ull.es\/portal\/marca\/#breadcrumb\",\"itemListElement\":[{\"@type\":\"ListItem\",\"position\":1,\"name\":\"Portada\",\"item\":\"https:\/\/www.ull.es\/portal\/marca\/\"},{\"@type\":\"ListItem\",\"position\":2,\"name\":\"Inicio\"}]},{\"@type\":\"WebSite\",\"@id\":\"https:\/\/www.ull.es\/portal\/marca\/#website\",\"url\":\"https:\/\/www.ull.es\/portal\/marca\/\",\"name\":\"Marca\",\"description\":\"\",\"potentialAction\":[{\"@type\":\"SearchAction\",\"target\":{\"@type\":\"EntryPoint\",\"urlTemplate\":\"https:\/\/www.ull.es\/portal\/marca\/?s={search_term_string}\"},\"query-input\":\"required name=search_term_string\"}],\"inLanguage\":\"es\"}]}<\/script>\n<!-- \/ Yoast SEO plugin. -->","yoast_head_json":{"title":"Inicio - Marca","robots":{"index":"index","follow":"follow","max-snippet":"max-snippet:-1","max-image-preview":"max-image-preview:large","max-video-preview":"max-video-preview:-1"},"canonical":"https:\/\/www.ull.es\/portal\/marca\/","og_locale":"es_ES","og_type":"article","og_title":"Inicio - Marca","og_description":"[vc_row css=\u00bb.vc_custom_1527070251207{margin-top: 50px !important;}\u00bb][vc_column width=\u00bb1\/2&#8243;][vc_video link=\u00bbhttps:\/\/youtu.be\/Y1CeiL2QIR8&#8243; align=\u00bbcenter\u00bb][\/vc_column][vc_column width=\u00bb1\/2&#8243;][vc_custom_heading text=\u00bbMARCA\u00bb font_container=\u00bbtag:h1|text_align:left\u00bb use_theme_fonts=\u00bbyes\u00bb][vc_column_text]Nuestra Universidad se enfrenta a importantes retos y ha de afrontar una realidad compleja y cambiante. La marca es el s\u00edmbolo de una nueva etapa, que se asienta en los valores que hemos ido forjando a lo largo de nuestra dilatada historia, pero que mira...","og_url":"https:\/\/www.ull.es\/portal\/marca\/","og_site_name":"Marca","article_modified_time":"2025-12-16T12:30:56+00:00","twitter_card":"summary_large_image","twitter_misc":{"Tiempo de lectura":"1 minuto"},"schema":{"@context":"https:\/\/schema.org","@graph":[{"@type":"WebPage","@id":"https:\/\/www.ull.es\/portal\/marca\/","url":"https:\/\/www.ull.es\/portal\/marca\/","name":"Inicio - Marca","isPartOf":{"@id":"https:\/\/www.ull.es\/portal\/marca\/#website"},"datePublished":"2018-05-16T12:17:43+00:00","dateModified":"2025-12-16T12:30:56+00:00","breadcrumb":{"@id":"https:\/\/www.ull.es\/portal\/marca\/#breadcrumb"},"inLanguage":"es","potentialAction":[{"@type":"ReadAction","target":["https:\/\/www.ull.es\/portal\/marca\/"]}]},{"@type":"BreadcrumbList","@id":"https:\/\/www.ull.es\/portal\/marca\/#breadcrumb","itemListElement":[{"@type":"ListItem","position":1,"name":"Portada","item":"https:\/\/www.ull.es\/portal\/marca\/"},{"@type":"ListItem","position":2,"name":"Inicio"}]},{"@type":"WebSite","@id":"https:\/\/www.ull.es\/portal\/marca\/#website","url":"https:\/\/www.ull.es\/portal\/marca\/","name":"Marca","description":"","potentialAction":[{"@type":"SearchAction","target":{"@type":"EntryPoint","urlTemplate":"https:\/\/www.ull.es\/portal\/marca\/?s={search_term_string}"},"query-input":"required name=search_term_string"}],"inLanguage":"es"}]}},"_links":{"self":[{"href":"https:\/\/www.ull.es\/portal\/marca\/wp-json\/wp\/v2\/pages\/2"}],"collection":[{"href":"https:\/\/www.ull.es\/portal\/marca\/wp-json\/wp\/v2\/pages"}],"about":[{"href":"https:\/\/www.ull.es\/portal\/marca\/wp-json\/wp\/v2\/types\/page"}],"author":[{"embeddable":true,"href":"https:\/\/www.ull.es\/portal\/marca\/wp-json\/wp\/v2\/users\/1"}],"replies":[{"embeddable":true,"href":"https:\/\/www.ull.es\/portal\/marca\/wp-json\/wp\/v2\/comments?post=2"}],"version-history":[{"count":14,"href":"https:\/\/www.ull.es\/portal\/marca\/wp-json\/wp\/v2\/pages\/2\/revisions"}],"predecessor-version":[{"id":498,"href":"https:\/\/www.ull.es\/portal\/marca\/wp-json\/wp\/v2\/pages\/2\/revisions\/498"}],"wp:attachment":[{"href":"https:\/\/www.ull.es\/portal\/marca\/wp-json\/wp\/v2\/media?parent=2"}],"curies":[{"name":"wp","href":"https:\/\/api.w.org\/{rel}","templated":true}]}}