{"id":20,"date":"2018-05-17T08:35:49","date_gmt":"2018-05-17T08:35:49","guid":{"rendered":"https:\/\/www.ull.es\/portal\/marca\/?page_id=20"},"modified":"2019-02-13T09:06:32","modified_gmt":"2019-02-13T09:06:32","slug":"manual-identidad-corporativa","status":"publish","type":"page","link":"https:\/\/www.ull.es\/portal\/marca\/manual-identidad-corporativa\/","title":{"rendered":"Manual de identidad corporativa"},"content":{"rendered":"<p>[vc_row][vc_column][vc_column_text]<\/p>\n<h1>Manual de identidad corporativa<\/h1>\n<p>[\/vc_column_text][\/vc_column][\/vc_row][vc_row gap=\u00bb35&#8243;][vc_column width=\u00bb2\/3&#8243;][vc_column_text css=\u00bb.vc_custom_1526632959545{margin-bottom: 50px !important;}\u00bb]Este Manual define las normas de aplicaci\u00f3n de los signos de identidad de la Universidad de La Laguna.<\/p>\n<p>Se pretende una imagen homog\u00e9nea de la Universidad por lo cual estas normas son de obligado cumplimiento, tanto por la propia instituci\u00f3n como por proveedores de servicios de imagen. Los casos que no est\u00e9n contemplados en el Manual se regir\u00e1n respetando los criterios gen\u00e9ricos y estilo aqu\u00ed definidos.<\/p>\n<p>Se han creado recursos digitales para su descarga desde la web de la Universidad que son igualmente de obligada utilizaci\u00f3n.[\/vc_column_text][vc_column_text el_class=\u00bbbtn-widget\u00bb]<a href=\"https:\/\/riull.ull.es\/xmlui\/handle\/915\/7663\" target=\"_blank\" rel=\"noopener\" target=\"_blank\" rel=\"noopener\">Manual general<\/a>[\/vc_column_text][vc_column_text el_class=\u00bbbtn-widget\u00bb]<a href=\"https:\/\/riull.ull.es\/xmlui\/handle\/915\/7704\" target=\"_blank\" rel=\"noopener\" target=\"_blank\" rel=\"noopener\">Manual b\u00e1sico<\/a>[\/vc_column_text][vc_column_text el_class=\u00bbbtn-widget\u00bb]<a href=\"https:\/\/docs.google.com\/document\/d\/1B2jtrZEPw7SHojpLvm_RaUQ4ml-E0U8hneNEmgx4_-o\/edit?usp=sharing\" target=\"_blank\" rel=\"noopener\" target=\"_blank\" rel=\"noopener\">Resumen de las normas de uso de la marca<\/a>[\/vc_column_text][\/vc_column][vc_column width=\u00bb1\/3&#8243;][vc_video link=\u00bbhttps:\/\/www.youtube.com\/watch?v=3VKQEm05tT0&#8243; align=\u00bbcenter\u00bb][vc_empty_space][vc_column_text]\n<ul class=\"widget-box\">\n<li class='contacto-header'>Informaci\u00f3n de contacto<\/li><li><i class=\"fa fa-map-marker\"><\/i> Pabell\u00f3n de Gobierno, C\/ Padre Herrera s\/n Apartado Postal 456 38200, San Crist\u00f3bal de La Laguna Santa Cruz de Tenerife - Espa\u00f1a. Tel\u00e9fono: (+34) 900 43 25 26<\/li><li><i class=\"fa fa-archive\"><\/i><a href=\"https:\/\/sede.ull.es\/ecivilis-site\/catalog\/showProcedure\/484\"> Procedimiento para quejas, sugerencias y felicitaciones<\/a><\/li>\n<\/ul>\n\n[\/vc_column_text][\/vc_column][\/vc_row]<\/p>\n","protected":false},"excerpt":{"rendered":"<p>[vc_row][vc_column][vc_column_text] Manual de identidad corporativa [\/vc_column_text][\/vc_column][\/vc_row][vc_row gap=\u00bb35&#8243;][vc_column width=\u00bb2\/3&#8243;][vc_column_text css=\u00bb.vc_custom_1526632959545{margin-bottom: 50px !important;}\u00bb]Este Manual define las normas de aplicaci\u00f3n de los signos de identidad de la Universidad de La Laguna. Se pretende una imagen homog\u00e9nea de la Universidad por lo cual estas normas son de obligado cumplimiento, tanto por la propia instituci\u00f3n como por proveedores de servicios&#8230;<\/p>\n","protected":false},"author":1,"featured_media":0,"parent":0,"menu_order":0,"comment_status":"closed","ping_status":"closed","template":"","meta":{"inline_featured_image":false,"footnotes":""},"acf":[],"yoast_head":"<!-- This site is optimized with the Yoast SEO plugin v21.3 - https:\/\/yoast.com\/wordpress\/plugins\/seo\/ -->\n<title>Manual de identidad corporativa - Marca<\/title>\n<meta name=\"robots\" content=\"index, follow, max-snippet:-1, max-image-preview:large, max-video-preview:-1\" \/>\n<link rel=\"canonical\" href=\"https:\/\/www.ull.es\/portal\/marca\/manual-identidad-corporativa\/\" \/>\n<meta property=\"og:locale\" content=\"es_ES\" \/>\n<meta property=\"og:type\" content=\"article\" \/>\n<meta property=\"og:title\" content=\"Manual de identidad corporativa - Marca\" \/>\n<meta property=\"og:description\" content=\"[vc_row][vc_column][vc_column_text] Manual de identidad corporativa [\/vc_column_text][\/vc_column][\/vc_row][vc_row gap=\u00bb35&#8243;][vc_column width=\u00bb2\/3&#8243;][vc_column_text css=\u00bb.vc_custom_1526632959545{margin-bottom: 50px !important;}\u00bb]Este Manual define las normas de aplicaci\u00f3n de los signos de identidad de la Universidad de La Laguna. Se pretende una imagen homog\u00e9nea de la Universidad por lo cual estas normas son de obligado cumplimiento, tanto por la propia instituci\u00f3n como por proveedores de servicios...\" \/>\n<meta property=\"og:url\" content=\"https:\/\/www.ull.es\/portal\/marca\/manual-identidad-corporativa\/\" \/>\n<meta property=\"og:site_name\" content=\"Marca\" \/>\n<meta property=\"article:modified_time\" content=\"2019-02-13T09:06:32+00:00\" \/>\n<meta name=\"twitter:card\" content=\"summary_large_image\" \/>\n<meta name=\"twitter:label1\" content=\"Tiempo de lectura\" \/>\n\t<meta name=\"twitter:data1\" content=\"1 minuto\" \/>\n<script type=\"application\/ld+json\" class=\"yoast-schema-graph\">{\"@context\":\"https:\/\/schema.org\",\"@graph\":[{\"@type\":\"WebPage\",\"@id\":\"https:\/\/www.ull.es\/portal\/marca\/manual-identidad-corporativa\/\",\"url\":\"https:\/\/www.ull.es\/portal\/marca\/manual-identidad-corporativa\/\",\"name\":\"Manual de identidad corporativa - Marca\",\"isPartOf\":{\"@id\":\"https:\/\/www.ull.es\/portal\/marca\/#website\"},\"datePublished\":\"2018-05-17T08:35:49+00:00\",\"dateModified\":\"2019-02-13T09:06:32+00:00\",\"breadcrumb\":{\"@id\":\"https:\/\/www.ull.es\/portal\/marca\/manual-identidad-corporativa\/#breadcrumb\"},\"inLanguage\":\"es\",\"potentialAction\":[{\"@type\":\"ReadAction\",\"target\":[\"https:\/\/www.ull.es\/portal\/marca\/manual-identidad-corporativa\/\"]}]},{\"@type\":\"BreadcrumbList\",\"@id\":\"https:\/\/www.ull.es\/portal\/marca\/manual-identidad-corporativa\/#breadcrumb\",\"itemListElement\":[{\"@type\":\"ListItem\",\"position\":1,\"name\":\"Portada\",\"item\":\"https:\/\/www.ull.es\/portal\/marca\/\"},{\"@type\":\"ListItem\",\"position\":2,\"name\":\"Manual de identidad corporativa\"}]},{\"@type\":\"WebSite\",\"@id\":\"https:\/\/www.ull.es\/portal\/marca\/#website\",\"url\":\"https:\/\/www.ull.es\/portal\/marca\/\",\"name\":\"Marca\",\"description\":\"\",\"potentialAction\":[{\"@type\":\"SearchAction\",\"target\":{\"@type\":\"EntryPoint\",\"urlTemplate\":\"https:\/\/www.ull.es\/portal\/marca\/?s={search_term_string}\"},\"query-input\":\"required name=search_term_string\"}],\"inLanguage\":\"es\"}]}<\/script>\n<!-- \/ Yoast SEO plugin. -->","yoast_head_json":{"title":"Manual de identidad corporativa - Marca","robots":{"index":"index","follow":"follow","max-snippet":"max-snippet:-1","max-image-preview":"max-image-preview:large","max-video-preview":"max-video-preview:-1"},"canonical":"https:\/\/www.ull.es\/portal\/marca\/manual-identidad-corporativa\/","og_locale":"es_ES","og_type":"article","og_title":"Manual de identidad corporativa - Marca","og_description":"[vc_row][vc_column][vc_column_text] Manual de identidad corporativa [\/vc_column_text][\/vc_column][\/vc_row][vc_row gap=\u00bb35&#8243;][vc_column width=\u00bb2\/3&#8243;][vc_column_text css=\u00bb.vc_custom_1526632959545{margin-bottom: 50px !important;}\u00bb]Este Manual define las normas de aplicaci\u00f3n de los signos de identidad de la Universidad de La Laguna. Se pretende una imagen homog\u00e9nea de la Universidad por lo cual estas normas son de obligado cumplimiento, tanto por la propia instituci\u00f3n como por proveedores de servicios...","og_url":"https:\/\/www.ull.es\/portal\/marca\/manual-identidad-corporativa\/","og_site_name":"Marca","article_modified_time":"2019-02-13T09:06:32+00:00","twitter_card":"summary_large_image","twitter_misc":{"Tiempo de lectura":"1 minuto"},"schema":{"@context":"https:\/\/schema.org","@graph":[{"@type":"WebPage","@id":"https:\/\/www.ull.es\/portal\/marca\/manual-identidad-corporativa\/","url":"https:\/\/www.ull.es\/portal\/marca\/manual-identidad-corporativa\/","name":"Manual de identidad corporativa - Marca","isPartOf":{"@id":"https:\/\/www.ull.es\/portal\/marca\/#website"},"datePublished":"2018-05-17T08:35:49+00:00","dateModified":"2019-02-13T09:06:32+00:00","breadcrumb":{"@id":"https:\/\/www.ull.es\/portal\/marca\/manual-identidad-corporativa\/#breadcrumb"},"inLanguage":"es","potentialAction":[{"@type":"ReadAction","target":["https:\/\/www.ull.es\/portal\/marca\/manual-identidad-corporativa\/"]}]},{"@type":"BreadcrumbList","@id":"https:\/\/www.ull.es\/portal\/marca\/manual-identidad-corporativa\/#breadcrumb","itemListElement":[{"@type":"ListItem","position":1,"name":"Portada","item":"https:\/\/www.ull.es\/portal\/marca\/"},{"@type":"ListItem","position":2,"name":"Manual de identidad corporativa"}]},{"@type":"WebSite","@id":"https:\/\/www.ull.es\/portal\/marca\/#website","url":"https:\/\/www.ull.es\/portal\/marca\/","name":"Marca","description":"","potentialAction":[{"@type":"SearchAction","target":{"@type":"EntryPoint","urlTemplate":"https:\/\/www.ull.es\/portal\/marca\/?s={search_term_string}"},"query-input":"required name=search_term_string"}],"inLanguage":"es"}]}},"_links":{"self":[{"href":"https:\/\/www.ull.es\/portal\/marca\/wp-json\/wp\/v2\/pages\/20"}],"collection":[{"href":"https:\/\/www.ull.es\/portal\/marca\/wp-json\/wp\/v2\/pages"}],"about":[{"href":"https:\/\/www.ull.es\/portal\/marca\/wp-json\/wp\/v2\/types\/page"}],"author":[{"embeddable":true,"href":"https:\/\/www.ull.es\/portal\/marca\/wp-json\/wp\/v2\/users\/1"}],"replies":[{"embeddable":true,"href":"https:\/\/www.ull.es\/portal\/marca\/wp-json\/wp\/v2\/comments?post=20"}],"version-history":[{"count":14,"href":"https:\/\/www.ull.es\/portal\/marca\/wp-json\/wp\/v2\/pages\/20\/revisions"}],"predecessor-version":[{"id":314,"href":"https:\/\/www.ull.es\/portal\/marca\/wp-json\/wp\/v2\/pages\/20\/revisions\/314"}],"wp:attachment":[{"href":"https:\/\/www.ull.es\/portal\/marca\/wp-json\/wp\/v2\/media?parent=20"}],"curies":[{"name":"wp","href":"https:\/\/api.w.org\/{rel}","templated":true}]}}