{"id":22,"date":"2018-05-17T08:39:41","date_gmt":"2018-05-17T08:39:41","guid":{"rendered":"https:\/\/www.ull.es\/portal\/marca\/?page_id=22"},"modified":"2018-06-01T10:08:07","modified_gmt":"2018-06-01T10:08:07","slug":"tipografia","status":"publish","type":"page","link":"https:\/\/www.ull.es\/portal\/marca\/tipografia\/","title":{"rendered":"Tipograf\u00eda"},"content":{"rendered":"<p>[vc_row][vc_column][vc_column_text]<\/p>\n<h1><span style=\"font-weight: 400;\">Tipograf\u00eda<\/span><\/h1>\n<p>[\/vc_column_text][\/vc_column][\/vc_row][vc_row][vc_column width=\u00bb2\/3&#8243;][vc_column_text]La tipograf\u00eda corporativa de la Universidad de La Laguna es \u00abArgentum Sans\u00bb. Se trata de una tipograf\u00eda <a href=\"http:\/\/scripts.sil.org\/OFL\" target=\"_blank\" rel=\"noopener\" target=\"_blank\" rel=\"noopener\">Open Font License<\/a> para que pueda ser instalada y utilizada libremente. Los pesos principales recomendados para un uso identificativo de la Universidad son Semibold y Light.<\/p>\n<p>Argentum Sans es una evoluci\u00f3n de la tipograf\u00eda <a href=\"https:\/\/fonts.google.com\/specimen\/Montserrat\" target=\"_blank\" rel=\"noopener\">Montserrat<\/a>, por lo que para documentos de Google puede utilizarse <a href=\"https:\/\/fonts.google.com\/specimen\/Montserrat\" target=\"_blank\" rel=\"noopener\">Montserrat<\/a> como equivalente.<\/p>\n<ul>\n<li><a href=\"https:\/\/drive.google.com\/file\/d\/1C50PSB3IMnsz9tdOqzISDUeeQ5kKtqVM\/view\" target=\"_blank\" rel=\"noopener\" target=\"_blank\" rel=\"noopener\">Gu\u00eda de instalaci\u00f3n de la tipograf\u00eda Argentum Sans<\/a><\/li>\n<\/ul>\n<p>[\/vc_column_text][vc_separator css=\u00bb.vc_custom_1526991253609{margin-top: 50px !important;margin-bottom: 50px !important;}\u00bb][vc_column_text]Ejemplo de tipograf\u00eda:[\/vc_column_text][vc_row_inner][vc_column_inner width=\u00bb1\/4&#8243;][vc_raw_html]JTNDbGluayUyMHJlbCUzRCUyMnN0eWxlc2hlZXQlMjIlMjBtZWRpYSUzRCUyMnNjcmVlbiUyMiUyMGhyZWYlM0QlMjJodHRwcyUzQSUyRiUyRmZvbnRsaWJyYXJ5Lm9yZyUyRmZhY2UlMkZhcmdlbnR1bS1zYW5zJTIyJTIwdHlwZSUzRCUyMnRleHQlMkZjc3MlMjIlMkYlM0UlMEElMEElM0NwJTIwc3R5bGUlM0QlMjJmb250LXdlaWdodCUzQSUyMDQwMCUzQiUyMGZvbnQtc2l6ZSUzQSUyMDMwcHglM0IlMjBjb2xvciUzQSUyMCUyMzVjMDY4YyUyMiUzRUxpZ2h0JTBBJTNDJTJGYnIlM0UlMEFBQkNERUZHSCUzQyUyRnAlM0U=[\/vc_raw_html][\/vc_column_inner][vc_column_inner width=\u00bb1\/4&#8243;][vc_raw_html]JTNDbGluayUyMHJlbCUzRCUyMnN0eWxlc2hlZXQlMjIlMjBtZWRpYSUzRCUyMnNjcmVlbiUyMiUyMGhyZWYlM0QlMjJodHRwcyUzQSUyRiUyRmZvbnRsaWJyYXJ5Lm9yZyUyRmZhY2UlMkZhcmdlbnR1bS1zYW5zJTIyJTIwdHlwZSUzRCUyMnRleHQlMkZjc3MlMjIlMkYlM0UlMEElMEElM0NwJTIwc3R5bGUlM0QlMjJmb250LXdlaWdodCUzQSUyMDUwMCUzQiUyMGZvbnQtc2l6ZSUzQSUyMDMwcHglM0IlMjBjb2xvciUzQSUyMCUyMzVjMDY4YyUyMiUzRVJlZ3VsYXIlMEElM0MlMkZiciUzRSUwQWFiY2RmZ2hpamtsJTNDJTJGcCUzRQ==[\/vc_raw_html][\/vc_column_inner][vc_column_inner width=\u00bb1\/4&#8243;][vc_raw_html]JTNDbGluayUyMHJlbCUzRCUyMnN0eWxlc2hlZXQlMjIlMjBtZWRpYSUzRCUyMnNjcmVlbiUyMiUyMGhyZWYlM0QlMjJodHRwcyUzQSUyRiUyRmZvbnRsaWJyYXJ5Lm9yZyUyRmZhY2UlMkZhcmdlbnR1bS1zYW5zJTIyJTIwdHlwZSUzRCUyMnRleHQlMkZjc3MlMjIlMkYlM0UlMEElMEElM0NwJTIwc3R5bGUlM0QlMjJmb250LXdlaWdodCUzQSUyMDYwMCUzQiUyMGZvbnQtc2l6ZSUzQSUyMDMwcHglM0IlMjBjb2xvciUzQSUyMCUyMzVjMDY4YyUyMiUzRVNlbWlib2xkJTBBJTNDJTJGYnIlM0UlMEFwcXJzdHV2d3glM0MlMkZwJTNF[\/vc_raw_html][\/vc_column_inner][vc_column_inner width=\u00bb1\/4&#8243;][vc_raw_html]JTNDbGluayUyMHJlbCUzRCUyMnN0eWxlc2hlZXQlMjIlMjBtZWRpYSUzRCUyMnNjcmVlbiUyMiUyMGhyZWYlM0QlMjJodHRwcyUzQSUyRiUyRmZvbnRsaWJyYXJ5Lm9yZyUyRmZhY2UlMkZhcmdlbnR1bS1zYW5zJTIyJTIwdHlwZSUzRCUyMnRleHQlMkZjc3MlMjIlMkYlM0UlMEElMEElM0NwJTIwc3R5bGUlM0QlMjJmb250LXdlaWdodCUzQSUyMDcwMCUzQiUyMGZvbnQtc2l6ZSUzQSUyMDMwcHglM0IlMjBjb2xvciUzQSUyMCUyMzVjMDY4YyUyMiUzRUJvbGQlMEElM0MlMkZiciUzRSUwQTEyMzQ1Njc4JTNDJTJGcCUzRQ==[\/vc_raw_html][\/vc_column_inner][\/vc_row_inner][\/vc_column][vc_column width=\u00bb1\/3&#8243;][vc_column_text]<a class=\"btn-destacado\" href=\"https:\/\/drive.google.com\/open?id=1G7TE7HD5NSc8APg23aPx-0ZsV2uGxCI7\" target=\"_blank\" rel=\"noopener\" target=\"_blank\" rel=\"noopener\">Descargar tipograf\u00eda completa<i class=\"fa fa-arrow-right\"><\/i><\/a>[\/vc_column_text][vc_empty_space][vc_column_text]\n<ul class=\"widget-box\">\n<li class='contacto-header'>Informaci\u00f3n de contacto<\/li><li><i class=\"fa fa-map-marker\"><\/i> Pabell\u00f3n de Gobierno, C\/ Padre Herrera s\/n Apartado Postal 456 38200, San Crist\u00f3bal de La Laguna Santa Cruz de Tenerife - Espa\u00f1a. Tel\u00e9fono: (+34) 900 43 25 26<\/li><li><i class=\"fa fa-archive\"><\/i><a href=\"https:\/\/sede.ull.es\/ecivilis-site\/catalog\/showProcedure\/484\"> Procedimiento para quejas, sugerencias y felicitaciones<\/a><\/li>\n<\/ul>\n\n[\/vc_column_text][\/vc_column][\/vc_row]<\/p>\n","protected":false},"excerpt":{"rendered":"<p>[vc_row][vc_column][vc_column_text] Tipograf\u00eda [\/vc_column_text][\/vc_column][\/vc_row][vc_row][vc_column width=\u00bb2\/3&#8243;][vc_column_text]La tipograf\u00eda corporativa de la Universidad de La Laguna es \u00abArgentum Sans\u00bb. Se trata de una tipograf\u00eda Open Font License para que pueda ser instalada y utilizada libremente. Los pesos principales recomendados para un uso identificativo de la Universidad son Semibold y Light. Argentum Sans es una evoluci\u00f3n de la tipograf\u00eda Montserrat,&#8230;<\/p>\n","protected":false},"author":1,"featured_media":0,"parent":0,"menu_order":0,"comment_status":"closed","ping_status":"closed","template":"","meta":{"inline_featured_image":false,"footnotes":""},"acf":[],"yoast_head":"<!-- This site is optimized with the Yoast SEO plugin v21.3 - https:\/\/yoast.com\/wordpress\/plugins\/seo\/ -->\n<title>Tipograf\u00eda - Marca<\/title>\n<meta name=\"robots\" content=\"index, follow, max-snippet:-1, max-image-preview:large, max-video-preview:-1\" \/>\n<link rel=\"canonical\" href=\"https:\/\/www.ull.es\/portal\/marca\/tipografia\/\" \/>\n<meta property=\"og:locale\" content=\"es_ES\" \/>\n<meta property=\"og:type\" content=\"article\" \/>\n<meta property=\"og:title\" content=\"Tipograf\u00eda - Marca\" \/>\n<meta property=\"og:description\" content=\"[vc_row][vc_column][vc_column_text] Tipograf\u00eda [\/vc_column_text][\/vc_column][\/vc_row][vc_row][vc_column width=\u00bb2\/3&#8243;][vc_column_text]La tipograf\u00eda corporativa de la Universidad de La Laguna es \u00abArgentum Sans\u00bb. Se trata de una tipograf\u00eda Open Font License para que pueda ser instalada y utilizada libremente. Los pesos principales recomendados para un uso identificativo de la Universidad son Semibold y Light. Argentum Sans es una evoluci\u00f3n de la tipograf\u00eda Montserrat,...\" \/>\n<meta property=\"og:url\" content=\"https:\/\/www.ull.es\/portal\/marca\/tipografia\/\" \/>\n<meta property=\"og:site_name\" content=\"Marca\" \/>\n<meta property=\"article:modified_time\" content=\"2018-06-01T10:08:07+00:00\" \/>\n<meta name=\"twitter:card\" content=\"summary_large_image\" \/>\n<meta name=\"twitter:label1\" content=\"Tiempo de lectura\" \/>\n\t<meta name=\"twitter:data1\" content=\"2 minutos\" \/>\n<script type=\"application\/ld+json\" class=\"yoast-schema-graph\">{\"@context\":\"https:\/\/schema.org\",\"@graph\":[{\"@type\":\"WebPage\",\"@id\":\"https:\/\/www.ull.es\/portal\/marca\/tipografia\/\",\"url\":\"https:\/\/www.ull.es\/portal\/marca\/tipografia\/\",\"name\":\"Tipograf\u00eda - Marca\",\"isPartOf\":{\"@id\":\"https:\/\/www.ull.es\/portal\/marca\/#website\"},\"datePublished\":\"2018-05-17T08:39:41+00:00\",\"dateModified\":\"2018-06-01T10:08:07+00:00\",\"breadcrumb\":{\"@id\":\"https:\/\/www.ull.es\/portal\/marca\/tipografia\/#breadcrumb\"},\"inLanguage\":\"es\",\"potentialAction\":[{\"@type\":\"ReadAction\",\"target\":[\"https:\/\/www.ull.es\/portal\/marca\/tipografia\/\"]}]},{\"@type\":\"BreadcrumbList\",\"@id\":\"https:\/\/www.ull.es\/portal\/marca\/tipografia\/#breadcrumb\",\"itemListElement\":[{\"@type\":\"ListItem\",\"position\":1,\"name\":\"Portada\",\"item\":\"https:\/\/www.ull.es\/portal\/marca\/\"},{\"@type\":\"ListItem\",\"position\":2,\"name\":\"Tipograf\u00eda\"}]},{\"@type\":\"WebSite\",\"@id\":\"https:\/\/www.ull.es\/portal\/marca\/#website\",\"url\":\"https:\/\/www.ull.es\/portal\/marca\/\",\"name\":\"Marca\",\"description\":\"\",\"potentialAction\":[{\"@type\":\"SearchAction\",\"target\":{\"@type\":\"EntryPoint\",\"urlTemplate\":\"https:\/\/www.ull.es\/portal\/marca\/?s={search_term_string}\"},\"query-input\":\"required name=search_term_string\"}],\"inLanguage\":\"es\"}]}<\/script>\n<!-- \/ Yoast SEO plugin. -->","yoast_head_json":{"title":"Tipograf\u00eda - Marca","robots":{"index":"index","follow":"follow","max-snippet":"max-snippet:-1","max-image-preview":"max-image-preview:large","max-video-preview":"max-video-preview:-1"},"canonical":"https:\/\/www.ull.es\/portal\/marca\/tipografia\/","og_locale":"es_ES","og_type":"article","og_title":"Tipograf\u00eda - Marca","og_description":"[vc_row][vc_column][vc_column_text] Tipograf\u00eda [\/vc_column_text][\/vc_column][\/vc_row][vc_row][vc_column width=\u00bb2\/3&#8243;][vc_column_text]La tipograf\u00eda corporativa de la Universidad de La Laguna es \u00abArgentum Sans\u00bb. Se trata de una tipograf\u00eda Open Font License para que pueda ser instalada y utilizada libremente. Los pesos principales recomendados para un uso identificativo de la Universidad son Semibold y Light. Argentum Sans es una evoluci\u00f3n de la tipograf\u00eda Montserrat,...","og_url":"https:\/\/www.ull.es\/portal\/marca\/tipografia\/","og_site_name":"Marca","article_modified_time":"2018-06-01T10:08:07+00:00","twitter_card":"summary_large_image","twitter_misc":{"Tiempo de lectura":"2 minutos"},"schema":{"@context":"https:\/\/schema.org","@graph":[{"@type":"WebPage","@id":"https:\/\/www.ull.es\/portal\/marca\/tipografia\/","url":"https:\/\/www.ull.es\/portal\/marca\/tipografia\/","name":"Tipograf\u00eda - Marca","isPartOf":{"@id":"https:\/\/www.ull.es\/portal\/marca\/#website"},"datePublished":"2018-05-17T08:39:41+00:00","dateModified":"2018-06-01T10:08:07+00:00","breadcrumb":{"@id":"https:\/\/www.ull.es\/portal\/marca\/tipografia\/#breadcrumb"},"inLanguage":"es","potentialAction":[{"@type":"ReadAction","target":["https:\/\/www.ull.es\/portal\/marca\/tipografia\/"]}]},{"@type":"BreadcrumbList","@id":"https:\/\/www.ull.es\/portal\/marca\/tipografia\/#breadcrumb","itemListElement":[{"@type":"ListItem","position":1,"name":"Portada","item":"https:\/\/www.ull.es\/portal\/marca\/"},{"@type":"ListItem","position":2,"name":"Tipograf\u00eda"}]},{"@type":"WebSite","@id":"https:\/\/www.ull.es\/portal\/marca\/#website","url":"https:\/\/www.ull.es\/portal\/marca\/","name":"Marca","description":"","potentialAction":[{"@type":"SearchAction","target":{"@type":"EntryPoint","urlTemplate":"https:\/\/www.ull.es\/portal\/marca\/?s={search_term_string}"},"query-input":"required name=search_term_string"}],"inLanguage":"es"}]}},"_links":{"self":[{"href":"https:\/\/www.ull.es\/portal\/marca\/wp-json\/wp\/v2\/pages\/22"}],"collection":[{"href":"https:\/\/www.ull.es\/portal\/marca\/wp-json\/wp\/v2\/pages"}],"about":[{"href":"https:\/\/www.ull.es\/portal\/marca\/wp-json\/wp\/v2\/types\/page"}],"author":[{"embeddable":true,"href":"https:\/\/www.ull.es\/portal\/marca\/wp-json\/wp\/v2\/users\/1"}],"replies":[{"embeddable":true,"href":"https:\/\/www.ull.es\/portal\/marca\/wp-json\/wp\/v2\/comments?post=22"}],"version-history":[{"count":30,"href":"https:\/\/www.ull.es\/portal\/marca\/wp-json\/wp\/v2\/pages\/22\/revisions"}],"predecessor-version":[{"id":257,"href":"https:\/\/www.ull.es\/portal\/marca\/wp-json\/wp\/v2\/pages\/22\/revisions\/257"}],"wp:attachment":[{"href":"https:\/\/www.ull.es\/portal\/marca\/wp-json\/wp\/v2\/media?parent=22"}],"curies":[{"name":"wp","href":"https:\/\/api.w.org\/{rel}","templated":true}]}}