{"id":248,"date":"2018-05-31T12:35:54","date_gmt":"2018-05-31T12:35:54","guid":{"rendered":"https:\/\/www.ull.es\/portal\/marca\/?page_id=248"},"modified":"2018-06-07T09:29:16","modified_gmt":"2018-06-07T09:29:16","slug":"carpeta","status":"publish","type":"page","link":"https:\/\/www.ull.es\/portal\/marca\/carpeta\/","title":{"rendered":"Carpeta"},"content":{"rendered":"<p>[vc_row][vc_column][vc_column_text]<\/p>\n<h1>Carpeta<\/h1>\n<p>[\/vc_column_text][\/vc_column][\/vc_row][vc_row gap=\u00bb35&#8243;][vc_column width=\u00bb2\/3&#8243;][vc_column_text]Se pone a disposici\u00f3n de la comunidad universitaria una plantilla gr\u00e1fica para la creaci\u00f3n de carpetas.<\/p>\n<ul>\n<li><a href=\"https:\/\/drive.google.com\/open?id=15Spx3DeqPg4aETntbSvoWLmHfzjRkq0I\" target=\"_blank\" rel=\"noopener\" target=\"_blank\" rel=\"noopener\">Plantilla carpeta<\/a><\/li>\n<li><a href=\"https:\/\/drive.google.com\/open?id=1MTXGfkRXzQacJWENa8PzyZiTgdFiq5wP\" target=\"_blank\" rel=\"noopener\" target=\"_blank\" rel=\"noopener\">Plantilla carpeta color<\/a><\/li>\n<\/ul>\n<p>[\/vc_column_text][\/vc_column][vc_column width=\u00bb1\/3&#8243;][vc_column_text]\n<ul class=\"widget-box\">\n<li class='contacto-header'>Informaci\u00f3n de contacto<\/li><li><i class=\"fa fa-map-marker\"><\/i> Pabell\u00f3n de Gobierno, C\/ Padre Herrera s\/n Apartado Postal 456 38200, San Crist\u00f3bal de La Laguna Santa Cruz de Tenerife - Espa\u00f1a. Tel\u00e9fono: (+34) 900 43 25 26<\/li><li><i class=\"fa fa-archive\"><\/i><a href=\"https:\/\/sede.ull.es\/ecivilis-site\/catalog\/showProcedure\/484\"> Procedimiento para quejas, sugerencias y felicitaciones<\/a><\/li>\n<\/ul>\n\n[\/vc_column_text][\/vc_column][\/vc_row]<\/p>\n","protected":false},"excerpt":{"rendered":"<p>[vc_row][vc_column][vc_column_text] Carpeta [\/vc_column_text][\/vc_column][\/vc_row][vc_row gap=\u00bb35&#8243;][vc_column width=\u00bb2\/3&#8243;][vc_column_text]Se pone a disposici\u00f3n de la comunidad universitaria una plantilla gr\u00e1fica para la creaci\u00f3n de carpetas. Plantilla carpeta Plantilla carpeta color [\/vc_column_text][\/vc_column][vc_column width=\u00bb1\/3&#8243;][vc_column_text][\/vc_column_text][\/vc_column][\/vc_row]<\/p>\n","protected":false},"author":1,"featured_media":0,"parent":0,"menu_order":0,"comment_status":"closed","ping_status":"closed","template":"","meta":{"inline_featured_image":false,"footnotes":""},"acf":[],"yoast_head":"<!-- This site is optimized with the Yoast SEO plugin v21.3 - https:\/\/yoast.com\/wordpress\/plugins\/seo\/ -->\n<title>Carpeta - Marca<\/title>\n<meta name=\"robots\" content=\"index, follow, max-snippet:-1, max-image-preview:large, max-video-preview:-1\" \/>\n<link rel=\"canonical\" href=\"https:\/\/www.ull.es\/portal\/marca\/carpeta\/\" \/>\n<meta property=\"og:locale\" content=\"es_ES\" \/>\n<meta property=\"og:type\" content=\"article\" \/>\n<meta property=\"og:title\" content=\"Carpeta - Marca\" \/>\n<meta property=\"og:description\" content=\"[vc_row][vc_column][vc_column_text] Carpeta [\/vc_column_text][\/vc_column][\/vc_row][vc_row gap=\u00bb35&#8243;][vc_column width=\u00bb2\/3&#8243;][vc_column_text]Se pone a disposici\u00f3n de la comunidad universitaria una plantilla gr\u00e1fica para la creaci\u00f3n de carpetas. Plantilla carpeta Plantilla carpeta color [\/vc_column_text][\/vc_column][vc_column width=\u00bb1\/3&#8243;][vc_column_text][\/vc_column_text][\/vc_column][\/vc_row]\" \/>\n<meta property=\"og:url\" content=\"https:\/\/www.ull.es\/portal\/marca\/carpeta\/\" \/>\n<meta property=\"og:site_name\" content=\"Marca\" \/>\n<meta property=\"article:modified_time\" content=\"2018-06-07T09:29:16+00:00\" \/>\n<meta name=\"twitter:card\" content=\"summary_large_image\" \/>\n<script type=\"application\/ld+json\" class=\"yoast-schema-graph\">{\"@context\":\"https:\/\/schema.org\",\"@graph\":[{\"@type\":\"WebPage\",\"@id\":\"https:\/\/www.ull.es\/portal\/marca\/carpeta\/\",\"url\":\"https:\/\/www.ull.es\/portal\/marca\/carpeta\/\",\"name\":\"Carpeta - Marca\",\"isPartOf\":{\"@id\":\"https:\/\/www.ull.es\/portal\/marca\/#website\"},\"datePublished\":\"2018-05-31T12:35:54+00:00\",\"dateModified\":\"2018-06-07T09:29:16+00:00\",\"breadcrumb\":{\"@id\":\"https:\/\/www.ull.es\/portal\/marca\/carpeta\/#breadcrumb\"},\"inLanguage\":\"es\",\"potentialAction\":[{\"@type\":\"ReadAction\",\"target\":[\"https:\/\/www.ull.es\/portal\/marca\/carpeta\/\"]}]},{\"@type\":\"BreadcrumbList\",\"@id\":\"https:\/\/www.ull.es\/portal\/marca\/carpeta\/#breadcrumb\",\"itemListElement\":[{\"@type\":\"ListItem\",\"position\":1,\"name\":\"Portada\",\"item\":\"https:\/\/www.ull.es\/portal\/marca\/\"},{\"@type\":\"ListItem\",\"position\":2,\"name\":\"Carpeta\"}]},{\"@type\":\"WebSite\",\"@id\":\"https:\/\/www.ull.es\/portal\/marca\/#website\",\"url\":\"https:\/\/www.ull.es\/portal\/marca\/\",\"name\":\"Marca\",\"description\":\"\",\"potentialAction\":[{\"@type\":\"SearchAction\",\"target\":{\"@type\":\"EntryPoint\",\"urlTemplate\":\"https:\/\/www.ull.es\/portal\/marca\/?s={search_term_string}\"},\"query-input\":\"required name=search_term_string\"}],\"inLanguage\":\"es\"}]}<\/script>\n<!-- \/ Yoast SEO plugin. -->","yoast_head_json":{"title":"Carpeta - Marca","robots":{"index":"index","follow":"follow","max-snippet":"max-snippet:-1","max-image-preview":"max-image-preview:large","max-video-preview":"max-video-preview:-1"},"canonical":"https:\/\/www.ull.es\/portal\/marca\/carpeta\/","og_locale":"es_ES","og_type":"article","og_title":"Carpeta - Marca","og_description":"[vc_row][vc_column][vc_column_text] Carpeta [\/vc_column_text][\/vc_column][\/vc_row][vc_row gap=\u00bb35&#8243;][vc_column width=\u00bb2\/3&#8243;][vc_column_text]Se pone a disposici\u00f3n de la comunidad universitaria una plantilla gr\u00e1fica para la creaci\u00f3n de carpetas. Plantilla carpeta Plantilla carpeta color [\/vc_column_text][\/vc_column][vc_column width=\u00bb1\/3&#8243;][vc_column_text][\/vc_column_text][\/vc_column][\/vc_row]","og_url":"https:\/\/www.ull.es\/portal\/marca\/carpeta\/","og_site_name":"Marca","article_modified_time":"2018-06-07T09:29:16+00:00","twitter_card":"summary_large_image","schema":{"@context":"https:\/\/schema.org","@graph":[{"@type":"WebPage","@id":"https:\/\/www.ull.es\/portal\/marca\/carpeta\/","url":"https:\/\/www.ull.es\/portal\/marca\/carpeta\/","name":"Carpeta - Marca","isPartOf":{"@id":"https:\/\/www.ull.es\/portal\/marca\/#website"},"datePublished":"2018-05-31T12:35:54+00:00","dateModified":"2018-06-07T09:29:16+00:00","breadcrumb":{"@id":"https:\/\/www.ull.es\/portal\/marca\/carpeta\/#breadcrumb"},"inLanguage":"es","potentialAction":[{"@type":"ReadAction","target":["https:\/\/www.ull.es\/portal\/marca\/carpeta\/"]}]},{"@type":"BreadcrumbList","@id":"https:\/\/www.ull.es\/portal\/marca\/carpeta\/#breadcrumb","itemListElement":[{"@type":"ListItem","position":1,"name":"Portada","item":"https:\/\/www.ull.es\/portal\/marca\/"},{"@type":"ListItem","position":2,"name":"Carpeta"}]},{"@type":"WebSite","@id":"https:\/\/www.ull.es\/portal\/marca\/#website","url":"https:\/\/www.ull.es\/portal\/marca\/","name":"Marca","description":"","potentialAction":[{"@type":"SearchAction","target":{"@type":"EntryPoint","urlTemplate":"https:\/\/www.ull.es\/portal\/marca\/?s={search_term_string}"},"query-input":"required name=search_term_string"}],"inLanguage":"es"}]}},"_links":{"self":[{"href":"https:\/\/www.ull.es\/portal\/marca\/wp-json\/wp\/v2\/pages\/248"}],"collection":[{"href":"https:\/\/www.ull.es\/portal\/marca\/wp-json\/wp\/v2\/pages"}],"about":[{"href":"https:\/\/www.ull.es\/portal\/marca\/wp-json\/wp\/v2\/types\/page"}],"author":[{"embeddable":true,"href":"https:\/\/www.ull.es\/portal\/marca\/wp-json\/wp\/v2\/users\/1"}],"replies":[{"embeddable":true,"href":"https:\/\/www.ull.es\/portal\/marca\/wp-json\/wp\/v2\/comments?post=248"}],"version-history":[{"count":3,"href":"https:\/\/www.ull.es\/portal\/marca\/wp-json\/wp\/v2\/pages\/248\/revisions"}],"predecessor-version":[{"id":275,"href":"https:\/\/www.ull.es\/portal\/marca\/wp-json\/wp\/v2\/pages\/248\/revisions\/275"}],"wp:attachment":[{"href":"https:\/\/www.ull.es\/portal\/marca\/wp-json\/wp\/v2\/media?parent=248"}],"curies":[{"name":"wp","href":"https:\/\/api.w.org\/{rel}","templated":true}]}}