{"id":26,"date":"2018-05-17T08:55:15","date_gmt":"2018-05-17T08:55:15","guid":{"rendered":"https:\/\/www.ull.es\/portal\/marca\/?page_id=26"},"modified":"2018-05-29T13:06:26","modified_gmt":"2018-05-29T13:06:26","slug":"color","status":"publish","type":"page","link":"https:\/\/www.ull.es\/portal\/marca\/color\/","title":{"rendered":"Color"},"content":{"rendered":"<p>[vc_row][vc_column][vc_column_text]<\/p>\n<h1>Color<\/h1>\n<p>[\/vc_column_text][\/vc_column][\/vc_row][vc_row][vc_column width=\u00bb2\/3&#8243;][vc_column_text]El color es un elemento fundamental de la identidad de la Universidad y la estrategia de color se usar\u00e1 de manera consistente.<\/p>\n<p>Se definen aqu\u00ed los colores m\u00e1s ampliamente usados en la identidad corporativa:<br \/>\n[\/vc_column_text][vc_row_inner equal_height=\u00bbyes\u00bb gap=\u00bb35&#8243; css=\u00bb.vc_custom_1526549117604{margin-right: -15px !important;margin-left: -15px !important;}\u00bb][vc_column_inner el_class=\u00bbcolumna-color\u00bb width=\u00bb1\/2&#8243; css=\u00bb.vc_custom_1526548660245{background-color: #5c068c !important;}\u00bb][vc_column_text css=\u00bb.vc_custom_1526548654358{padding-top: 50px !important;padding-right: 50px !important;padding-bottom: 50px !important;padding-left: 50px !important;}\u00bb]<\/p>\n<h3><span style=\"color: #ffffff;\">VIOLETA<\/span><\/h3>\n<hr \/>\n<p><span style=\"color: #ffffff;\"><strong>PANTONE:<\/strong> 2597 C<\/span><\/p>\n<p><span style=\"color: #ffffff;\"><strong>CMYK:<\/strong> 80\/100\/0\/0<\/span><\/p>\n<p><span style=\"color: #ffffff;\"><strong>RGB:<\/strong> 87\/6\/140<\/span><\/p>\n<p><span style=\"color: #ffffff;\"><strong>HEX\/HTML:<\/strong> 5c068c<\/span><\/p>\n<p><span style=\"color: #ffffff;\"><strong>Vinilo:<\/strong><\/span><\/p>\n<p><span style=\"color: #ffffff;\">3M 38 Royal Purple<\/span><\/p>\n<p><span style=\"color: #ffffff;\">ORACAL 404 Purple<\/span><\/p>\n<p><span style=\"color: #ffffff;\"><strong>Pintura:<\/strong> NCS S 5040-R50B<\/span><\/p>\n<p><span style=\"color: #ffffff;\"><strong>Tejido:<\/strong> Madeira 1122<\/span>[\/vc_column_text][\/vc_column_inner][vc_column_inner el_class=\u00bbcolumna-color\u00bb width=\u00bb1\/2&#8243; css=\u00bb.vc_custom_1526548665923{border-top-width: 1px !important;border-right-width: 1px !important;border-bottom-width: 1px !important;border-left-width: 1px !important;background-color: #ffffff !important;border-left-color: #dddddd !important;border-left-style: solid !important;border-right-color: #dddddd !important;border-right-style: solid !important;border-top-color: #dddddd !important;border-top-style: solid !important;border-bottom-color: #dddddd !important;border-bottom-style: solid !important;}\u00bb][vc_column_text css=\u00bb.vc_custom_1526548844890{padding-top: 50px !important;padding-right: 50px !important;padding-bottom: 50px !important;padding-left: 50px !important;}\u00bb]<\/p>\n<h3>BLANCO<\/h3>\n<hr \/>\n<p><strong>CMYK:<\/strong> 0\/0\/0\/0<\/p>\n<p><strong>RGB:<\/strong> 255\/255\/255<\/p>\n<p><strong>HEX\/HTML:<\/strong>\u00a0ffffff<\/p>\n<p><strong>Vinilo:<\/strong><\/p>\n<p>3M 010 White<\/p>\n<p>ORACAL XXX White<\/p>\n<p><strong>Pintura:<\/strong> RAL 9010 Pure white[\/vc_column_text][\/vc_column_inner][\/vc_row_inner][\/vc_column][vc_column width=\u00bb1\/3&#8243;][vc_column_text]\n<ul class=\"widget-box\">\n<li class='contacto-header'>Informaci\u00f3n de contacto<\/li><li><i class=\"fa fa-map-marker\"><\/i> Pabell\u00f3n de Gobierno, C\/ Padre Herrera s\/n Apartado Postal 456 38200, San Crist\u00f3bal de La Laguna Santa Cruz de Tenerife - Espa\u00f1a. Tel\u00e9fono: (+34) 900 43 25 26<\/li><li><i class=\"fa fa-archive\"><\/i><a href=\"https:\/\/sede.ull.es\/ecivilis-site\/catalog\/showProcedure\/484\"> Procedimiento para quejas, sugerencias y felicitaciones<\/a><\/li>\n<\/ul>\n\n[\/vc_column_text][\/vc_column][\/vc_row]<\/p>\n","protected":false},"excerpt":{"rendered":"<p>[vc_row][vc_column][vc_column_text] Color [\/vc_column_text][\/vc_column][\/vc_row][vc_row][vc_column width=\u00bb2\/3&#8243;][vc_column_text]El color es un elemento fundamental de la identidad de la Universidad y la estrategia de color se usar\u00e1 de manera consistente. Se definen aqu\u00ed los colores m\u00e1s ampliamente usados en la identidad corporativa: [\/vc_column_text][vc_row_inner equal_height=\u00bbyes\u00bb gap=\u00bb35&#8243; css=\u00bb.vc_custom_1526549117604{margin-right: -15px !important;margin-left: -15px !important;}\u00bb][vc_column_inner el_class=\u00bbcolumna-color\u00bb width=\u00bb1\/2&#8243; css=\u00bb.vc_custom_1526548660245{background-color: #5c068c !important;}\u00bb][vc_column_text css=\u00bb.vc_custom_1526548654358{padding-top: 50px !important;padding-right: 50px !important;padding-bottom:&#8230;<\/p>\n","protected":false},"author":1,"featured_media":0,"parent":0,"menu_order":0,"comment_status":"closed","ping_status":"closed","template":"","meta":{"inline_featured_image":false,"footnotes":""},"acf":[],"yoast_head":"<!-- This site is optimized with the Yoast SEO plugin v21.3 - https:\/\/yoast.com\/wordpress\/plugins\/seo\/ -->\n<title>Color - Marca<\/title>\n<meta name=\"robots\" content=\"index, follow, max-snippet:-1, max-image-preview:large, max-video-preview:-1\" \/>\n<link rel=\"canonical\" href=\"https:\/\/www.ull.es\/portal\/marca\/color\/\" \/>\n<meta property=\"og:locale\" content=\"es_ES\" \/>\n<meta property=\"og:type\" content=\"article\" \/>\n<meta property=\"og:title\" content=\"Color - Marca\" \/>\n<meta property=\"og:description\" content=\"[vc_row][vc_column][vc_column_text] Color [\/vc_column_text][\/vc_column][\/vc_row][vc_row][vc_column width=\u00bb2\/3&#8243;][vc_column_text]El color es un elemento fundamental de la identidad de la Universidad y la estrategia de color se usar\u00e1 de manera consistente. Se definen aqu\u00ed los colores m\u00e1s ampliamente usados en la identidad corporativa: [\/vc_column_text][vc_row_inner equal_height=\u00bbyes\u00bb gap=\u00bb35&#8243; css=\u00bb.vc_custom_1526549117604{margin-right: -15px !important;margin-left: -15px !important;}\u00bb][vc_column_inner el_class=\u00bbcolumna-color\u00bb width=\u00bb1\/2&#8243; css=\u00bb.vc_custom_1526548660245{background-color: #5c068c !important;}\u00bb][vc_column_text css=\u00bb.vc_custom_1526548654358{padding-top: 50px !important;padding-right: 50px !important;padding-bottom:...\" \/>\n<meta property=\"og:url\" content=\"https:\/\/www.ull.es\/portal\/marca\/color\/\" \/>\n<meta property=\"og:site_name\" content=\"Marca\" \/>\n<meta property=\"article:modified_time\" content=\"2018-05-29T13:06:26+00:00\" \/>\n<meta name=\"twitter:card\" content=\"summary_large_image\" \/>\n<meta name=\"twitter:label1\" content=\"Tiempo de lectura\" \/>\n\t<meta name=\"twitter:data1\" content=\"1 minuto\" \/>\n<script type=\"application\/ld+json\" class=\"yoast-schema-graph\">{\"@context\":\"https:\/\/schema.org\",\"@graph\":[{\"@type\":\"WebPage\",\"@id\":\"https:\/\/www.ull.es\/portal\/marca\/color\/\",\"url\":\"https:\/\/www.ull.es\/portal\/marca\/color\/\",\"name\":\"Color - Marca\",\"isPartOf\":{\"@id\":\"https:\/\/www.ull.es\/portal\/marca\/#website\"},\"datePublished\":\"2018-05-17T08:55:15+00:00\",\"dateModified\":\"2018-05-29T13:06:26+00:00\",\"breadcrumb\":{\"@id\":\"https:\/\/www.ull.es\/portal\/marca\/color\/#breadcrumb\"},\"inLanguage\":\"es\",\"potentialAction\":[{\"@type\":\"ReadAction\",\"target\":[\"https:\/\/www.ull.es\/portal\/marca\/color\/\"]}]},{\"@type\":\"BreadcrumbList\",\"@id\":\"https:\/\/www.ull.es\/portal\/marca\/color\/#breadcrumb\",\"itemListElement\":[{\"@type\":\"ListItem\",\"position\":1,\"name\":\"Portada\",\"item\":\"https:\/\/www.ull.es\/portal\/marca\/\"},{\"@type\":\"ListItem\",\"position\":2,\"name\":\"Color\"}]},{\"@type\":\"WebSite\",\"@id\":\"https:\/\/www.ull.es\/portal\/marca\/#website\",\"url\":\"https:\/\/www.ull.es\/portal\/marca\/\",\"name\":\"Marca\",\"description\":\"\",\"potentialAction\":[{\"@type\":\"SearchAction\",\"target\":{\"@type\":\"EntryPoint\",\"urlTemplate\":\"https:\/\/www.ull.es\/portal\/marca\/?s={search_term_string}\"},\"query-input\":\"required name=search_term_string\"}],\"inLanguage\":\"es\"}]}<\/script>\n<!-- \/ Yoast SEO plugin. -->","yoast_head_json":{"title":"Color - Marca","robots":{"index":"index","follow":"follow","max-snippet":"max-snippet:-1","max-image-preview":"max-image-preview:large","max-video-preview":"max-video-preview:-1"},"canonical":"https:\/\/www.ull.es\/portal\/marca\/color\/","og_locale":"es_ES","og_type":"article","og_title":"Color - Marca","og_description":"[vc_row][vc_column][vc_column_text] Color [\/vc_column_text][\/vc_column][\/vc_row][vc_row][vc_column width=\u00bb2\/3&#8243;][vc_column_text]El color es un elemento fundamental de la identidad de la Universidad y la estrategia de color se usar\u00e1 de manera consistente. Se definen aqu\u00ed los colores m\u00e1s ampliamente usados en la identidad corporativa: [\/vc_column_text][vc_row_inner equal_height=\u00bbyes\u00bb gap=\u00bb35&#8243; css=\u00bb.vc_custom_1526549117604{margin-right: -15px !important;margin-left: -15px !important;}\u00bb][vc_column_inner el_class=\u00bbcolumna-color\u00bb width=\u00bb1\/2&#8243; css=\u00bb.vc_custom_1526548660245{background-color: #5c068c !important;}\u00bb][vc_column_text css=\u00bb.vc_custom_1526548654358{padding-top: 50px !important;padding-right: 50px !important;padding-bottom:...","og_url":"https:\/\/www.ull.es\/portal\/marca\/color\/","og_site_name":"Marca","article_modified_time":"2018-05-29T13:06:26+00:00","twitter_card":"summary_large_image","twitter_misc":{"Tiempo de lectura":"1 minuto"},"schema":{"@context":"https:\/\/schema.org","@graph":[{"@type":"WebPage","@id":"https:\/\/www.ull.es\/portal\/marca\/color\/","url":"https:\/\/www.ull.es\/portal\/marca\/color\/","name":"Color - Marca","isPartOf":{"@id":"https:\/\/www.ull.es\/portal\/marca\/#website"},"datePublished":"2018-05-17T08:55:15+00:00","dateModified":"2018-05-29T13:06:26+00:00","breadcrumb":{"@id":"https:\/\/www.ull.es\/portal\/marca\/color\/#breadcrumb"},"inLanguage":"es","potentialAction":[{"@type":"ReadAction","target":["https:\/\/www.ull.es\/portal\/marca\/color\/"]}]},{"@type":"BreadcrumbList","@id":"https:\/\/www.ull.es\/portal\/marca\/color\/#breadcrumb","itemListElement":[{"@type":"ListItem","position":1,"name":"Portada","item":"https:\/\/www.ull.es\/portal\/marca\/"},{"@type":"ListItem","position":2,"name":"Color"}]},{"@type":"WebSite","@id":"https:\/\/www.ull.es\/portal\/marca\/#website","url":"https:\/\/www.ull.es\/portal\/marca\/","name":"Marca","description":"","potentialAction":[{"@type":"SearchAction","target":{"@type":"EntryPoint","urlTemplate":"https:\/\/www.ull.es\/portal\/marca\/?s={search_term_string}"},"query-input":"required name=search_term_string"}],"inLanguage":"es"}]}},"_links":{"self":[{"href":"https:\/\/www.ull.es\/portal\/marca\/wp-json\/wp\/v2\/pages\/26"}],"collection":[{"href":"https:\/\/www.ull.es\/portal\/marca\/wp-json\/wp\/v2\/pages"}],"about":[{"href":"https:\/\/www.ull.es\/portal\/marca\/wp-json\/wp\/v2\/types\/page"}],"author":[{"embeddable":true,"href":"https:\/\/www.ull.es\/portal\/marca\/wp-json\/wp\/v2\/users\/1"}],"replies":[{"embeddable":true,"href":"https:\/\/www.ull.es\/portal\/marca\/wp-json\/wp\/v2\/comments?post=26"}],"version-history":[{"count":30,"href":"https:\/\/www.ull.es\/portal\/marca\/wp-json\/wp\/v2\/pages\/26\/revisions"}],"predecessor-version":[{"id":201,"href":"https:\/\/www.ull.es\/portal\/marca\/wp-json\/wp\/v2\/pages\/26\/revisions\/201"}],"wp:attachment":[{"href":"https:\/\/www.ull.es\/portal\/marca\/wp-json\/wp\/v2\/media?parent=26"}],"curies":[{"name":"wp","href":"https:\/\/api.w.org\/{rel}","templated":true}]}}