{"id":89,"date":"2018-05-18T09:24:03","date_gmt":"2018-05-18T09:24:03","guid":{"rendered":"https:\/\/www.ull.es\/portal\/marca\/?page_id=89"},"modified":"2018-06-01T08:04:57","modified_gmt":"2018-06-01T08:04:57","slug":"presentaciones","status":"publish","type":"page","link":"https:\/\/www.ull.es\/portal\/marca\/presentaciones\/","title":{"rendered":"Presentaciones"},"content":{"rendered":"<p>[vc_row][vc_column][vc_column_text]<\/p>\n<h1>Presentaciones<\/h1>\n<p>[\/vc_column_text][\/vc_column][\/vc_row][vc_row gap=\u00bb35&#8243;][vc_column width=\u00bb2\/3&#8243;][vc_column_text]Plantillas con formato institucional para presentaciones de Google.<\/p>\n<p><strong>Instrucciones de uso<\/strong><\/p>\n<p>Para usar o bajarse las plantillas de documentos:<\/p>\n<ul>\n<li>Iniciar sesi\u00f3n con cuenta institucional en <a href=\"https:\/\/drive.google.com\/drive\" target=\"_blank\" rel=\"noopener\">Google Drive<\/a><\/li>\n<li>Pinchar en esquina superior izquierda \u201cNUEVO\u201d, en \u201cPresentaciones de Google\u201d, situ\u00e1ndose con el cursor sobre \u201c&gt;\u201d, elegir \u201cDesde una plantilla\u201d<\/li>\n<li>Buscar la plantilla correspondiente y pinchar sobre ella para abrirla<\/li>\n<li>Una vez abierta puede trabajar sobre ella en Google Drive (cambiando el nombre del documento) o bajarla en cualquiera de los formatos disponibles (Archivo -&gt; Descargar como)<\/li>\n<\/ul>\n<p>[\/vc_column_text][\/vc_column][vc_column width=\u00bb1\/3&#8243;][vc_column_text]<a class=\"btn-destacado\" href=\"https:\/\/support.google.com\/docs\/answer\/148833?co=GENIE.Platform%3DDesktop&amp;hl=es\" target=\"_blank\" rel=\"noopener\">C\u00f3mo crear una presentaci\u00f3n Google a partir de una plantilla <i class=\"fa fa-arrow-right\"><\/i><\/a>[\/vc_column_text][vc_empty_space][vc_column_text]\n<ul class=\"widget-box\">\n<li class='contacto-header'>Informaci\u00f3n de contacto<\/li><li><i class=\"fa fa-map-marker\"><\/i> Pabell\u00f3n de Gobierno, C\/ Padre Herrera s\/n Apartado Postal 456 38200, San Crist\u00f3bal de La Laguna Santa Cruz de Tenerife - Espa\u00f1a. Tel\u00e9fono: (+34) 900 43 25 26<\/li><li><i class=\"fa fa-archive\"><\/i><a href=\"https:\/\/sede.ull.es\/ecivilis-site\/catalog\/showProcedure\/484\"> Procedimiento para quejas, sugerencias y felicitaciones<\/a><\/li>\n<\/ul>\n\n[\/vc_column_text][\/vc_column][\/vc_row]<\/p>\n","protected":false},"excerpt":{"rendered":"<p>[vc_row][vc_column][vc_column_text] Presentaciones [\/vc_column_text][\/vc_column][\/vc_row][vc_row gap=\u00bb35&#8243;][vc_column width=\u00bb2\/3&#8243;][vc_column_text]Plantillas con formato institucional para presentaciones de Google. Instrucciones de uso Para usar o bajarse las plantillas de documentos: Iniciar sesi\u00f3n con cuenta institucional en Google Drive Pinchar en esquina superior izquierda \u201cNUEVO\u201d, en \u201cPresentaciones de Google\u201d, situ\u00e1ndose con el cursor sobre \u201c&gt;\u201d, elegir \u201cDesde una plantilla\u201d Buscar la plantilla correspondiente&#8230;<\/p>\n","protected":false},"author":1,"featured_media":0,"parent":0,"menu_order":0,"comment_status":"closed","ping_status":"closed","template":"","meta":{"inline_featured_image":false,"footnotes":""},"acf":[],"yoast_head":"<!-- This site is optimized with the Yoast SEO plugin v21.3 - https:\/\/yoast.com\/wordpress\/plugins\/seo\/ -->\n<title>Presentaciones - Marca<\/title>\n<meta name=\"robots\" content=\"index, follow, max-snippet:-1, max-image-preview:large, max-video-preview:-1\" \/>\n<link rel=\"canonical\" href=\"https:\/\/www.ull.es\/portal\/marca\/presentaciones\/\" \/>\n<meta property=\"og:locale\" content=\"es_ES\" \/>\n<meta property=\"og:type\" content=\"article\" \/>\n<meta property=\"og:title\" content=\"Presentaciones - Marca\" \/>\n<meta property=\"og:description\" content=\"[vc_row][vc_column][vc_column_text] Presentaciones [\/vc_column_text][\/vc_column][\/vc_row][vc_row gap=\u00bb35&#8243;][vc_column width=\u00bb2\/3&#8243;][vc_column_text]Plantillas con formato institucional para presentaciones de Google. Instrucciones de uso Para usar o bajarse las plantillas de documentos: Iniciar sesi\u00f3n con cuenta institucional en Google Drive Pinchar en esquina superior izquierda \u201cNUEVO\u201d, en \u201cPresentaciones de Google\u201d, situ\u00e1ndose con el cursor sobre \u201c&gt;\u201d, elegir \u201cDesde una plantilla\u201d Buscar la plantilla correspondiente...\" \/>\n<meta property=\"og:url\" content=\"https:\/\/www.ull.es\/portal\/marca\/presentaciones\/\" \/>\n<meta property=\"og:site_name\" content=\"Marca\" \/>\n<meta property=\"article:modified_time\" content=\"2018-06-01T08:04:57+00:00\" \/>\n<meta name=\"twitter:card\" content=\"summary_large_image\" \/>\n<meta name=\"twitter:label1\" content=\"Tiempo de lectura\" \/>\n\t<meta name=\"twitter:data1\" content=\"1 minuto\" \/>\n<script type=\"application\/ld+json\" class=\"yoast-schema-graph\">{\"@context\":\"https:\/\/schema.org\",\"@graph\":[{\"@type\":\"WebPage\",\"@id\":\"https:\/\/www.ull.es\/portal\/marca\/presentaciones\/\",\"url\":\"https:\/\/www.ull.es\/portal\/marca\/presentaciones\/\",\"name\":\"Presentaciones - Marca\",\"isPartOf\":{\"@id\":\"https:\/\/www.ull.es\/portal\/marca\/#website\"},\"datePublished\":\"2018-05-18T09:24:03+00:00\",\"dateModified\":\"2018-06-01T08:04:57+00:00\",\"breadcrumb\":{\"@id\":\"https:\/\/www.ull.es\/portal\/marca\/presentaciones\/#breadcrumb\"},\"inLanguage\":\"es\",\"potentialAction\":[{\"@type\":\"ReadAction\",\"target\":[\"https:\/\/www.ull.es\/portal\/marca\/presentaciones\/\"]}]},{\"@type\":\"BreadcrumbList\",\"@id\":\"https:\/\/www.ull.es\/portal\/marca\/presentaciones\/#breadcrumb\",\"itemListElement\":[{\"@type\":\"ListItem\",\"position\":1,\"name\":\"Portada\",\"item\":\"https:\/\/www.ull.es\/portal\/marca\/\"},{\"@type\":\"ListItem\",\"position\":2,\"name\":\"Presentaciones\"}]},{\"@type\":\"WebSite\",\"@id\":\"https:\/\/www.ull.es\/portal\/marca\/#website\",\"url\":\"https:\/\/www.ull.es\/portal\/marca\/\",\"name\":\"Marca\",\"description\":\"\",\"potentialAction\":[{\"@type\":\"SearchAction\",\"target\":{\"@type\":\"EntryPoint\",\"urlTemplate\":\"https:\/\/www.ull.es\/portal\/marca\/?s={search_term_string}\"},\"query-input\":\"required name=search_term_string\"}],\"inLanguage\":\"es\"}]}<\/script>\n<!-- \/ Yoast SEO plugin. -->","yoast_head_json":{"title":"Presentaciones - Marca","robots":{"index":"index","follow":"follow","max-snippet":"max-snippet:-1","max-image-preview":"max-image-preview:large","max-video-preview":"max-video-preview:-1"},"canonical":"https:\/\/www.ull.es\/portal\/marca\/presentaciones\/","og_locale":"es_ES","og_type":"article","og_title":"Presentaciones - Marca","og_description":"[vc_row][vc_column][vc_column_text] Presentaciones [\/vc_column_text][\/vc_column][\/vc_row][vc_row gap=\u00bb35&#8243;][vc_column width=\u00bb2\/3&#8243;][vc_column_text]Plantillas con formato institucional para presentaciones de Google. Instrucciones de uso Para usar o bajarse las plantillas de documentos: Iniciar sesi\u00f3n con cuenta institucional en Google Drive Pinchar en esquina superior izquierda \u201cNUEVO\u201d, en \u201cPresentaciones de Google\u201d, situ\u00e1ndose con el cursor sobre \u201c&gt;\u201d, elegir \u201cDesde una plantilla\u201d Buscar la plantilla correspondiente...","og_url":"https:\/\/www.ull.es\/portal\/marca\/presentaciones\/","og_site_name":"Marca","article_modified_time":"2018-06-01T08:04:57+00:00","twitter_card":"summary_large_image","twitter_misc":{"Tiempo de lectura":"1 minuto"},"schema":{"@context":"https:\/\/schema.org","@graph":[{"@type":"WebPage","@id":"https:\/\/www.ull.es\/portal\/marca\/presentaciones\/","url":"https:\/\/www.ull.es\/portal\/marca\/presentaciones\/","name":"Presentaciones - Marca","isPartOf":{"@id":"https:\/\/www.ull.es\/portal\/marca\/#website"},"datePublished":"2018-05-18T09:24:03+00:00","dateModified":"2018-06-01T08:04:57+00:00","breadcrumb":{"@id":"https:\/\/www.ull.es\/portal\/marca\/presentaciones\/#breadcrumb"},"inLanguage":"es","potentialAction":[{"@type":"ReadAction","target":["https:\/\/www.ull.es\/portal\/marca\/presentaciones\/"]}]},{"@type":"BreadcrumbList","@id":"https:\/\/www.ull.es\/portal\/marca\/presentaciones\/#breadcrumb","itemListElement":[{"@type":"ListItem","position":1,"name":"Portada","item":"https:\/\/www.ull.es\/portal\/marca\/"},{"@type":"ListItem","position":2,"name":"Presentaciones"}]},{"@type":"WebSite","@id":"https:\/\/www.ull.es\/portal\/marca\/#website","url":"https:\/\/www.ull.es\/portal\/marca\/","name":"Marca","description":"","potentialAction":[{"@type":"SearchAction","target":{"@type":"EntryPoint","urlTemplate":"https:\/\/www.ull.es\/portal\/marca\/?s={search_term_string}"},"query-input":"required name=search_term_string"}],"inLanguage":"es"}]}},"_links":{"self":[{"href":"https:\/\/www.ull.es\/portal\/marca\/wp-json\/wp\/v2\/pages\/89"}],"collection":[{"href":"https:\/\/www.ull.es\/portal\/marca\/wp-json\/wp\/v2\/pages"}],"about":[{"href":"https:\/\/www.ull.es\/portal\/marca\/wp-json\/wp\/v2\/types\/page"}],"author":[{"embeddable":true,"href":"https:\/\/www.ull.es\/portal\/marca\/wp-json\/wp\/v2\/users\/1"}],"replies":[{"embeddable":true,"href":"https:\/\/www.ull.es\/portal\/marca\/wp-json\/wp\/v2\/comments?post=89"}],"version-history":[{"count":5,"href":"https:\/\/www.ull.es\/portal\/marca\/wp-json\/wp\/v2\/pages\/89\/revisions"}],"predecessor-version":[{"id":253,"href":"https:\/\/www.ull.es\/portal\/marca\/wp-json\/wp\/v2\/pages\/89\/revisions\/253"}],"wp:attachment":[{"href":"https:\/\/www.ull.es\/portal\/marca\/wp-json\/wp\/v2\/media?parent=89"}],"curies":[{"name":"wp","href":"https:\/\/api.w.org\/{rel}","templated":true}]}}