{"id":97,"date":"2018-05-18T09:45:42","date_gmt":"2018-05-18T09:45:42","guid":{"rendered":"https:\/\/www.ull.es\/portal\/marca\/?page_id=97"},"modified":"2018-06-14T13:07:22","modified_gmt":"2018-06-14T13:07:22","slug":"avatares-redes-sociales","status":"publish","type":"page","link":"https:\/\/www.ull.es\/portal\/marca\/avatares-redes-sociales\/","title":{"rendered":"Avatares redes sociales"},"content":{"rendered":"<p>[vc_row][vc_column][vc_column_text]<\/p>\n<h1>Avatares redes sociales<\/h1>\n<p>[\/vc_column_text][\/vc_column][\/vc_row][vc_row gap=\u00bb35&#8243;][vc_column width=\u00bb2\/3&#8243;][vc_column_text]Para dotar de una imagen homog\u00e9nea a la Universidad, y con la comprensible necesidad de personalizaci\u00f3n en redes sociales, se ofrece una herramienta que permita convivir ambos intereses.<\/p>\n<p>Sustituyendo el fondo de color por fotograf\u00edas que puedan ser alusivas o descriptivas para el subemisor, y superponiendo nuestro s\u00edmbolo, podemos generar f\u00e1cilmente avatares para las redes sociales que nos identifiquen tanto espec\u00edficamente y tambi\u00e9n como parte de la Universidad.[\/vc_column_text][vc_single_image image=\u00bb164&#8243; img_size=\u00bbmedium\u00bb alignment=\u00bbcenter\u00bb css=\u00bb.vc_custom_1527069459854{margin-top: 50px !important;margin-bottom: 50px !important;}\u00bb][vc_column_text]Ejemplo de personalizaci\u00f3n usando la arquitectura de los diferentes espacios de la Universidad:[\/vc_column_text][vc_single_image image=\u00bb167&#8243; img_size=\u00bbfull\u00bb alignment=\u00bbcenter\u00bb css=\u00bb.vc_custom_1527069451948{margin-top: 50px !important;margin-bottom: 50px !important;}\u00bb][\/vc_column][vc_column width=\u00bb1\/3&#8243;][vc_column_text]<a class=\"btn-destacado\" href=\"https:\/\/drive.google.com\/open?id=1ArYzzW9TNr2ryej8kKm2dOGSNsFPCTro\" target=\"_blank\" rel=\"noopener\" target=\"_blank\" rel=\"noopener\">Plantilla avatares redes sociales<i class=\"fa fa-arrow-right\"><\/i><\/a>[\/vc_column_text][vc_empty_space][vc_column_text]\n<ul class=\"widget-box\">\n<li class='contacto-header'>Informaci\u00f3n de contacto<\/li><li><i class=\"fa fa-map-marker\"><\/i> Pabell\u00f3n de Gobierno, C\/ Padre Herrera s\/n Apartado Postal 456 38200, San Crist\u00f3bal de La Laguna Santa Cruz de Tenerife - Espa\u00f1a. Tel\u00e9fono: (+34) 900 43 25 26<\/li><li><i class=\"fa fa-archive\"><\/i><a href=\"https:\/\/sede.ull.es\/ecivilis-site\/catalog\/showProcedure\/484\"> Procedimiento para quejas, sugerencias y felicitaciones<\/a><\/li>\n<\/ul>\n\n[\/vc_column_text][\/vc_column][\/vc_row]<\/p>\n","protected":false},"excerpt":{"rendered":"<p>[vc_row][vc_column][vc_column_text] Avatares redes sociales [\/vc_column_text][\/vc_column][\/vc_row][vc_row gap=\u00bb35&#8243;][vc_column width=\u00bb2\/3&#8243;][vc_column_text]Para dotar de una imagen homog\u00e9nea a la Universidad, y con la comprensible necesidad de personalizaci\u00f3n en redes sociales, se ofrece una herramienta que permita convivir ambos intereses. Sustituyendo el fondo de color por fotograf\u00edas que puedan ser alusivas o descriptivas para el subemisor, y superponiendo nuestro s\u00edmbolo, podemos&#8230;<\/p>\n","protected":false},"author":1,"featured_media":0,"parent":0,"menu_order":0,"comment_status":"closed","ping_status":"closed","template":"","meta":{"inline_featured_image":false,"footnotes":""},"acf":[],"yoast_head":"<!-- This site is optimized with the Yoast SEO plugin v21.3 - https:\/\/yoast.com\/wordpress\/plugins\/seo\/ -->\n<title>Avatares redes sociales - Marca<\/title>\n<meta name=\"robots\" content=\"index, follow, max-snippet:-1, max-image-preview:large, max-video-preview:-1\" \/>\n<link rel=\"canonical\" href=\"https:\/\/www.ull.es\/portal\/marca\/avatares-redes-sociales\/\" \/>\n<meta property=\"og:locale\" content=\"es_ES\" \/>\n<meta property=\"og:type\" content=\"article\" \/>\n<meta property=\"og:title\" content=\"Avatares redes sociales - Marca\" \/>\n<meta property=\"og:description\" content=\"[vc_row][vc_column][vc_column_text] Avatares redes sociales [\/vc_column_text][\/vc_column][\/vc_row][vc_row gap=\u00bb35&#8243;][vc_column width=\u00bb2\/3&#8243;][vc_column_text]Para dotar de una imagen homog\u00e9nea a la Universidad, y con la comprensible necesidad de personalizaci\u00f3n en redes sociales, se ofrece una herramienta que permita convivir ambos intereses. Sustituyendo el fondo de color por fotograf\u00edas que puedan ser alusivas o descriptivas para el subemisor, y superponiendo nuestro s\u00edmbolo, podemos...\" \/>\n<meta property=\"og:url\" content=\"https:\/\/www.ull.es\/portal\/marca\/avatares-redes-sociales\/\" \/>\n<meta property=\"og:site_name\" content=\"Marca\" \/>\n<meta property=\"article:modified_time\" content=\"2018-06-14T13:07:22+00:00\" \/>\n<meta name=\"twitter:card\" content=\"summary_large_image\" \/>\n<meta name=\"twitter:label1\" content=\"Tiempo de lectura\" \/>\n\t<meta name=\"twitter:data1\" content=\"1 minuto\" \/>\n<script type=\"application\/ld+json\" class=\"yoast-schema-graph\">{\"@context\":\"https:\/\/schema.org\",\"@graph\":[{\"@type\":\"WebPage\",\"@id\":\"https:\/\/www.ull.es\/portal\/marca\/avatares-redes-sociales\/\",\"url\":\"https:\/\/www.ull.es\/portal\/marca\/avatares-redes-sociales\/\",\"name\":\"Avatares redes sociales - Marca\",\"isPartOf\":{\"@id\":\"https:\/\/www.ull.es\/portal\/marca\/#website\"},\"datePublished\":\"2018-05-18T09:45:42+00:00\",\"dateModified\":\"2018-06-14T13:07:22+00:00\",\"breadcrumb\":{\"@id\":\"https:\/\/www.ull.es\/portal\/marca\/avatares-redes-sociales\/#breadcrumb\"},\"inLanguage\":\"es\",\"potentialAction\":[{\"@type\":\"ReadAction\",\"target\":[\"https:\/\/www.ull.es\/portal\/marca\/avatares-redes-sociales\/\"]}]},{\"@type\":\"BreadcrumbList\",\"@id\":\"https:\/\/www.ull.es\/portal\/marca\/avatares-redes-sociales\/#breadcrumb\",\"itemListElement\":[{\"@type\":\"ListItem\",\"position\":1,\"name\":\"Portada\",\"item\":\"https:\/\/www.ull.es\/portal\/marca\/\"},{\"@type\":\"ListItem\",\"position\":2,\"name\":\"Avatares redes sociales\"}]},{\"@type\":\"WebSite\",\"@id\":\"https:\/\/www.ull.es\/portal\/marca\/#website\",\"url\":\"https:\/\/www.ull.es\/portal\/marca\/\",\"name\":\"Marca\",\"description\":\"\",\"potentialAction\":[{\"@type\":\"SearchAction\",\"target\":{\"@type\":\"EntryPoint\",\"urlTemplate\":\"https:\/\/www.ull.es\/portal\/marca\/?s={search_term_string}\"},\"query-input\":\"required name=search_term_string\"}],\"inLanguage\":\"es\"}]}<\/script>\n<!-- \/ Yoast SEO plugin. -->","yoast_head_json":{"title":"Avatares redes sociales - Marca","robots":{"index":"index","follow":"follow","max-snippet":"max-snippet:-1","max-image-preview":"max-image-preview:large","max-video-preview":"max-video-preview:-1"},"canonical":"https:\/\/www.ull.es\/portal\/marca\/avatares-redes-sociales\/","og_locale":"es_ES","og_type":"article","og_title":"Avatares redes sociales - Marca","og_description":"[vc_row][vc_column][vc_column_text] Avatares redes sociales [\/vc_column_text][\/vc_column][\/vc_row][vc_row gap=\u00bb35&#8243;][vc_column width=\u00bb2\/3&#8243;][vc_column_text]Para dotar de una imagen homog\u00e9nea a la Universidad, y con la comprensible necesidad de personalizaci\u00f3n en redes sociales, se ofrece una herramienta que permita convivir ambos intereses. Sustituyendo el fondo de color por fotograf\u00edas que puedan ser alusivas o descriptivas para el subemisor, y superponiendo nuestro s\u00edmbolo, podemos...","og_url":"https:\/\/www.ull.es\/portal\/marca\/avatares-redes-sociales\/","og_site_name":"Marca","article_modified_time":"2018-06-14T13:07:22+00:00","twitter_card":"summary_large_image","twitter_misc":{"Tiempo de lectura":"1 minuto"},"schema":{"@context":"https:\/\/schema.org","@graph":[{"@type":"WebPage","@id":"https:\/\/www.ull.es\/portal\/marca\/avatares-redes-sociales\/","url":"https:\/\/www.ull.es\/portal\/marca\/avatares-redes-sociales\/","name":"Avatares redes sociales - Marca","isPartOf":{"@id":"https:\/\/www.ull.es\/portal\/marca\/#website"},"datePublished":"2018-05-18T09:45:42+00:00","dateModified":"2018-06-14T13:07:22+00:00","breadcrumb":{"@id":"https:\/\/www.ull.es\/portal\/marca\/avatares-redes-sociales\/#breadcrumb"},"inLanguage":"es","potentialAction":[{"@type":"ReadAction","target":["https:\/\/www.ull.es\/portal\/marca\/avatares-redes-sociales\/"]}]},{"@type":"BreadcrumbList","@id":"https:\/\/www.ull.es\/portal\/marca\/avatares-redes-sociales\/#breadcrumb","itemListElement":[{"@type":"ListItem","position":1,"name":"Portada","item":"https:\/\/www.ull.es\/portal\/marca\/"},{"@type":"ListItem","position":2,"name":"Avatares redes sociales"}]},{"@type":"WebSite","@id":"https:\/\/www.ull.es\/portal\/marca\/#website","url":"https:\/\/www.ull.es\/portal\/marca\/","name":"Marca","description":"","potentialAction":[{"@type":"SearchAction","target":{"@type":"EntryPoint","urlTemplate":"https:\/\/www.ull.es\/portal\/marca\/?s={search_term_string}"},"query-input":"required name=search_term_string"}],"inLanguage":"es"}]}},"_links":{"self":[{"href":"https:\/\/www.ull.es\/portal\/marca\/wp-json\/wp\/v2\/pages\/97"}],"collection":[{"href":"https:\/\/www.ull.es\/portal\/marca\/wp-json\/wp\/v2\/pages"}],"about":[{"href":"https:\/\/www.ull.es\/portal\/marca\/wp-json\/wp\/v2\/types\/page"}],"author":[{"embeddable":true,"href":"https:\/\/www.ull.es\/portal\/marca\/wp-json\/wp\/v2\/users\/1"}],"replies":[{"embeddable":true,"href":"https:\/\/www.ull.es\/portal\/marca\/wp-json\/wp\/v2\/comments?post=97"}],"version-history":[{"count":16,"href":"https:\/\/www.ull.es\/portal\/marca\/wp-json\/wp\/v2\/pages\/97\/revisions"}],"predecessor-version":[{"id":278,"href":"https:\/\/www.ull.es\/portal\/marca\/wp-json\/wp\/v2\/pages\/97\/revisions\/278"}],"wp:attachment":[{"href":"https:\/\/www.ull.es\/portal\/marca\/wp-json\/wp\/v2\/media?parent=97"}],"curies":[{"name":"wp","href":"https:\/\/api.w.org\/{rel}","templated":true}]}}