{"id":1484,"date":"2026-02-10T13:21:50","date_gmt":"2026-02-10T13:21:50","guid":{"rendered":"https:\/\/www.ull.es\/portal\/normativa\/?page_id=1484"},"modified":"2026-02-10T13:21:50","modified_gmt":"2026-02-10T13:21:50","slug":"codigos-de-normativa-universitaria","status":"publish","type":"page","link":"https:\/\/www.ull.es\/portal\/normativa\/codigos-de-normativa-universitaria\/","title":{"rendered":"C\u00f3digos de Normativa Universitaria"},"content":{"rendered":"        <div class=\"ull-codigos-lista ull-codigos-cols-2 ull-codigos-estilo-tarjetas\">\n                            <a href=\"https:\/\/www.ull.es\/portal\/normativa\/codigos\/reglamentos-de-centros\/\" class=\"ull-codigos-item\">\n                                            <div class=\"ull-codigos-item-imagen ull-codigos-item-placeholder\">\n                            <span>\ud83d\udcda<\/span>\n                        <\/div>\n                                        \n                    <div class=\"ull-codigos-item-info\">\n                        <h3 class=\"ull-codigos-item-titulo\">REGLAMENTOS DE CENTROS<\/h3>\n                        \n                                                \n                                                    <span class=\"ull-codigos-item-contador\">\n                                4 normas                            <\/span>\n                                            <\/div>\n                <\/a>\n                            <a href=\"https:\/\/www.ull.es\/portal\/normativa\/codigos\/internacional\/\" class=\"ull-codigos-item\">\n                                            <div class=\"ull-codigos-item-imagen ull-codigos-item-placeholder\">\n                            <span>\ud83d\udcda<\/span>\n                        <\/div>\n                                        \n                    <div class=\"ull-codigos-item-info\">\n                        <h3 class=\"ull-codigos-item-titulo\">Internacional<\/h3>\n                        \n                                                \n                                                    <span class=\"ull-codigos-item-contador\">\n                                1 norma                            <\/span>\n                                            <\/div>\n                <\/a>\n                            <a href=\"https:\/\/www.ull.es\/portal\/normativa\/codigos\/codigo-de-normativa-docencia\/\" class=\"ull-codigos-item\">\n                                            <div class=\"ull-codigos-item-imagen ull-codigos-item-placeholder\">\n                            <span>\ud83d\udcda<\/span>\n                        <\/div>\n                                        \n                    <div class=\"ull-codigos-item-info\">\n                        <h3 class=\"ull-codigos-item-titulo\">C\u00f3digo de normativa. Docencia<\/h3>\n                        \n                                                \n                                                    <span class=\"ull-codigos-item-contador\">\n                                9 normas                            <\/span>\n                                            <\/div>\n                <\/a>\n                            <a href=\"https:\/\/www.ull.es\/portal\/normativa\/codigos\/codigo-de-normativa-master-y-doctorado\/\" class=\"ull-codigos-item\">\n                                            <div class=\"ull-codigos-item-imagen ull-codigos-item-placeholder\">\n                            <span>\ud83d\udcda<\/span>\n                        <\/div>\n                                        \n                    <div class=\"ull-codigos-item-info\">\n                        <h3 class=\"ull-codigos-item-titulo\">C\u00f3digo de Normativa: M\u00e1ster y Doctorado<\/h3>\n                        \n                                                \n                                                    <span class=\"ull-codigos-item-contador\">\n                                8 normas                            <\/span>\n                                            <\/div>\n                <\/a>\n                            <a href=\"https:\/\/www.ull.es\/portal\/normativa\/codigos\/codigo-de-normativa-universitaria-legislacion-organica-y-estatutaria\/\" class=\"ull-codigos-item\">\n                                            <div class=\"ull-codigos-item-imagen ull-codigos-item-placeholder\">\n                            <span>\ud83d\udcda<\/span>\n                        <\/div>\n                                        \n                    <div class=\"ull-codigos-item-info\">\n                        <h3 class=\"ull-codigos-item-titulo\">C\u00f3digo de normativa Universitaria. Legislaci\u00f3n org\u00e1nica y estatutaria<\/h3>\n                        \n                                                \n                                                    <span class=\"ull-codigos-item-contador\">\n                                7 normas                            <\/span>\n                                            <\/div>\n                <\/a>\n                            <a href=\"https:\/\/www.ull.es\/portal\/normativa\/codigos\/codigo-de-normativa-profesorado\/\" class=\"ull-codigos-item\">\n                                            <div class=\"ull-codigos-item-imagen ull-codigos-item-placeholder\">\n                            <span>\ud83d\udcda<\/span>\n                        <\/div>\n                                        \n                    <div class=\"ull-codigos-item-info\">\n                        <h3 class=\"ull-codigos-item-titulo\">C\u00f3digo de Normativa Universitaria: Profesorado<\/h3>\n                        \n                                                \n                                                    <span class=\"ull-codigos-item-contador\">\n                                16 normas                            <\/span>\n                                            <\/div>\n                <\/a>\n                            <a href=\"https:\/\/www.ull.es\/portal\/normativa\/codigos\/codigo-de-normativa-universitaria-patrimonio-y-gestion-de-usos\/\" class=\"ull-codigos-item\">\n                                            <div class=\"ull-codigos-item-imagen ull-codigos-item-placeholder\">\n                            <span>\ud83d\udcda<\/span>\n                        <\/div>\n                                        \n                    <div class=\"ull-codigos-item-info\">\n                        <h3 class=\"ull-codigos-item-titulo\">C\u00f3digo de Normativa Universitaria: Patrimonio y Gesti\u00f3n de Usos<\/h3>\n                        \n                                                \n                                                    <span class=\"ull-codigos-item-contador\">\n                                3 normas                            <\/span>\n                                            <\/div>\n                <\/a>\n                            <a href=\"https:\/\/www.ull.es\/portal\/normativa\/codigos\/codigo-de-normativa-universitaria-investigacion\/\" class=\"ull-codigos-item\">\n                                            <div class=\"ull-codigos-item-imagen ull-codigos-item-placeholder\">\n                            <span>\ud83d\udcda<\/span>\n                        <\/div>\n                                        \n                    <div class=\"ull-codigos-item-info\">\n                        <h3 class=\"ull-codigos-item-titulo\">C\u00f3digo de Normativa Universitaria: Investigaci\u00f3n<\/h3>\n                        \n                                                \n                                                    <span class=\"ull-codigos-item-contador\">\n                                6 normas                            <\/span>\n                                            <\/div>\n                <\/a>\n                            <a href=\"https:\/\/www.ull.es\/portal\/normativa\/codigos\/codigo-de-normativa-universitaria-elecciones\/\" class=\"ull-codigos-item\">\n                                            <div class=\"ull-codigos-item-imagen ull-codigos-item-placeholder\">\n                            <span>\ud83d\udcda<\/span>\n                        <\/div>\n                                        \n                    <div class=\"ull-codigos-item-info\">\n                        <h3 class=\"ull-codigos-item-titulo\">C\u00f3digo de Normativa Universitaria: Elecciones<\/h3>\n                        \n                                                \n                                                    <span class=\"ull-codigos-item-contador\">\n                                3 normas                            <\/span>\n                                            <\/div>\n                <\/a>\n                            <a href=\"https:\/\/www.ull.es\/portal\/normativa\/codigos\/codigo-de-normativa-universitaria-alumnado\/\" class=\"ull-codigos-item\">\n                                            <div class=\"ull-codigos-item-imagen ull-codigos-item-placeholder\">\n                            <span>\ud83d\udcda<\/span>\n                        <\/div>\n                                        \n                    <div class=\"ull-codigos-item-info\">\n                        <h3 class=\"ull-codigos-item-titulo\">C\u00f3digo de Normativa Universitaria: Alumnado<\/h3>\n                        \n                                                \n                                                    <span class=\"ull-codigos-item-contador\">\n                                13 normas                            <\/span>\n                                            <\/div>\n                <\/a>\n                    <\/div>\n        \n","protected":false},"excerpt":{"rendered":"","protected":false},"author":115,"featured_media":0,"parent":0,"menu_order":0,"comment_status":"closed","ping_status":"closed","template":"","meta":{"inline_featured_image":false,"footnotes":""},"acf":[],"yoast_head":"<!-- This site is optimized with the Yoast SEO plugin v21.3 - https:\/\/yoast.com\/wordpress\/plugins\/seo\/ -->\n<title>C\u00f3digos de Normativa Universitaria - normativa<\/title>\n<meta name=\"robots\" content=\"index, follow, max-snippet:-1, max-image-preview:large, max-video-preview:-1\" \/>\n<link rel=\"canonical\" href=\"https:\/\/www.ull.es\/portal\/normativa\/codigos-de-normativa-universitaria\/\" \/>\n<meta property=\"og:locale\" content=\"es_ES\" \/>\n<meta property=\"og:type\" content=\"article\" \/>\n<meta property=\"og:title\" content=\"C\u00f3digos de Normativa Universitaria - normativa\" \/>\n<meta property=\"og:url\" content=\"https:\/\/www.ull.es\/portal\/normativa\/codigos-de-normativa-universitaria\/\" \/>\n<meta property=\"og:site_name\" content=\"normativa\" \/>\n<meta name=\"twitter:card\" content=\"summary_large_image\" \/>\n<script type=\"application\/ld+json\" class=\"yoast-schema-graph\">{\"@context\":\"https:\/\/schema.org\",\"@graph\":[{\"@type\":\"WebPage\",\"@id\":\"https:\/\/www.ull.es\/portal\/normativa\/codigos-de-normativa-universitaria\/\",\"url\":\"https:\/\/www.ull.es\/portal\/normativa\/codigos-de-normativa-universitaria\/\",\"name\":\"C\u00f3digos de Normativa Universitaria - normativa\",\"isPartOf\":{\"@id\":\"https:\/\/www.ull.es\/portal\/normativa\/#website\"},\"datePublished\":\"2026-02-10T13:21:50+00:00\",\"dateModified\":\"2026-02-10T13:21:50+00:00\",\"breadcrumb\":{\"@id\":\"https:\/\/www.ull.es\/portal\/normativa\/codigos-de-normativa-universitaria\/#breadcrumb\"},\"inLanguage\":\"es\",\"potentialAction\":[{\"@type\":\"ReadAction\",\"target\":[\"https:\/\/www.ull.es\/portal\/normativa\/codigos-de-normativa-universitaria\/\"]}]},{\"@type\":\"BreadcrumbList\",\"@id\":\"https:\/\/www.ull.es\/portal\/normativa\/codigos-de-normativa-universitaria\/#breadcrumb\",\"itemListElement\":[{\"@type\":\"ListItem\",\"position\":1,\"name\":\"Portada\",\"item\":\"https:\/\/www.ull.es\/portal\/normativa\/\"},{\"@type\":\"ListItem\",\"position\":2,\"name\":\"C\u00f3digos de Normativa Universitaria\"}]},{\"@type\":\"WebSite\",\"@id\":\"https:\/\/www.ull.es\/portal\/normativa\/#website\",\"url\":\"https:\/\/www.ull.es\/portal\/normativa\/\",\"name\":\"normativa\",\"description\":\"\",\"potentialAction\":[{\"@type\":\"SearchAction\",\"target\":{\"@type\":\"EntryPoint\",\"urlTemplate\":\"https:\/\/www.ull.es\/portal\/normativa\/?s={search_term_string}\"},\"query-input\":\"required name=search_term_string\"}],\"inLanguage\":\"es\"}]}<\/script>\n<!-- \/ Yoast SEO plugin. -->","yoast_head_json":{"title":"C\u00f3digos de Normativa Universitaria - normativa","robots":{"index":"index","follow":"follow","max-snippet":"max-snippet:-1","max-image-preview":"max-image-preview:large","max-video-preview":"max-video-preview:-1"},"canonical":"https:\/\/www.ull.es\/portal\/normativa\/codigos-de-normativa-universitaria\/","og_locale":"es_ES","og_type":"article","og_title":"C\u00f3digos de Normativa Universitaria - normativa","og_url":"https:\/\/www.ull.es\/portal\/normativa\/codigos-de-normativa-universitaria\/","og_site_name":"normativa","twitter_card":"summary_large_image","schema":{"@context":"https:\/\/schema.org","@graph":[{"@type":"WebPage","@id":"https:\/\/www.ull.es\/portal\/normativa\/codigos-de-normativa-universitaria\/","url":"https:\/\/www.ull.es\/portal\/normativa\/codigos-de-normativa-universitaria\/","name":"C\u00f3digos de Normativa Universitaria - normativa","isPartOf":{"@id":"https:\/\/www.ull.es\/portal\/normativa\/#website"},"datePublished":"2026-02-10T13:21:50+00:00","dateModified":"2026-02-10T13:21:50+00:00","breadcrumb":{"@id":"https:\/\/www.ull.es\/portal\/normativa\/codigos-de-normativa-universitaria\/#breadcrumb"},"inLanguage":"es","potentialAction":[{"@type":"ReadAction","target":["https:\/\/www.ull.es\/portal\/normativa\/codigos-de-normativa-universitaria\/"]}]},{"@type":"BreadcrumbList","@id":"https:\/\/www.ull.es\/portal\/normativa\/codigos-de-normativa-universitaria\/#breadcrumb","itemListElement":[{"@type":"ListItem","position":1,"name":"Portada","item":"https:\/\/www.ull.es\/portal\/normativa\/"},{"@type":"ListItem","position":2,"name":"C\u00f3digos de Normativa Universitaria"}]},{"@type":"WebSite","@id":"https:\/\/www.ull.es\/portal\/normativa\/#website","url":"https:\/\/www.ull.es\/portal\/normativa\/","name":"normativa","description":"","potentialAction":[{"@type":"SearchAction","target":{"@type":"EntryPoint","urlTemplate":"https:\/\/www.ull.es\/portal\/normativa\/?s={search_term_string}"},"query-input":"required name=search_term_string"}],"inLanguage":"es"}]}},"_links":{"self":[{"href":"https:\/\/www.ull.es\/portal\/normativa\/wp-json\/wp\/v2\/pages\/1484"}],"collection":[{"href":"https:\/\/www.ull.es\/portal\/normativa\/wp-json\/wp\/v2\/pages"}],"about":[{"href":"https:\/\/www.ull.es\/portal\/normativa\/wp-json\/wp\/v2\/types\/page"}],"author":[{"embeddable":true,"href":"https:\/\/www.ull.es\/portal\/normativa\/wp-json\/wp\/v2\/users\/115"}],"replies":[{"embeddable":true,"href":"https:\/\/www.ull.es\/portal\/normativa\/wp-json\/wp\/v2\/comments?post=1484"}],"version-history":[{"count":1,"href":"https:\/\/www.ull.es\/portal\/normativa\/wp-json\/wp\/v2\/pages\/1484\/revisions"}],"predecessor-version":[{"id":1486,"href":"https:\/\/www.ull.es\/portal\/normativa\/wp-json\/wp\/v2\/pages\/1484\/revisions\/1486"}],"wp:attachment":[{"href":"https:\/\/www.ull.es\/portal\/normativa\/wp-json\/wp\/v2\/media?parent=1484"}],"curies":[{"name":"wp","href":"https:\/\/api.w.org\/{rel}","templated":true}]}}