{"id":11910,"date":"2015-05-07T10:40:46","date_gmt":"2015-05-07T10:40:46","guid":{"rendered":"http:\/\/ddigital.webs.ull.es\/?page_id=11910"},"modified":"2015-05-07T10:40:46","modified_gmt":"2015-05-07T10:40:46","slug":"aviso-legal","status":"publish","type":"page","link":"https:\/\/www.ull.es\/portal\/noticias\/aviso-legal\/","title":{"rendered":"Aviso Legal"},"content":{"rendered":"<ul>\n<li>Este sitio web es propiedad de la Universidad de La Laguna, con domicilio social en Molinos de Agua, s\/n, 38270 La Laguna, Tenerife, Espa\u00f1a, y con CIF Q-3818001 D.<\/li>\n<li>La web de la Universidad de La Laguna proporciona todo tipo de contenidos y servicios relacionados con las actividades propias de esta instituci\u00f3n.<\/li>\n<li>Los textos, documentos, im\u00e1genes, v\u00eddeos, sonidos, animaciones, software y otra clase de contenidos incluidos en esta web son propiedad exclusiva de la ULL, o bien esta instituci\u00f3n est\u00e1 debidamente autorizada a utilizar el material publicado.<\/li>\n<li>Excepto donde se indique lo contrario, el contenido en esta web de la\u00a0<a href=\"http:\/\/www.ull.es\" rel=\"cc:attributionURL\" target=\"_blank\" rel=\"noopener\">Universidad de La Laguna<\/a>\u00a0se encuentra bajo\u00a0<a href=\"http:\/\/creativecommons.org\/licenses\/by\/3.0\/deed.es\" target=\"_blank\" rel=\"license\" target=\"_blank\" rel=\"noopener\">Licencia Creative Commons Atribuci\u00f3n 3.0 Unported<\/a>. Esta licencia no se aplica a los contenidos donde se indique expresamente el autor o los autores de los mismos, ya que son propiedad exclusiva de estos. Tampoco se aplica a im\u00e1genes y v\u00eddeos, estando cubiertos por la licencia antes especificada solo aquellos para los que se as\u00ed se indique.<\/li>\n<li>El dise\u00f1o, plantillas, temas e im\u00e1genes creadas para el dise\u00f1o de esta web est\u00e1n protegidas por el derecho de autor. Queda prohibido su uso sin la autorizaci\u00f3n expresa de su titular.<\/li>\n<li>Este sitio web utiliza cookies para adaptar la navegaci\u00f3n en la web a las preferencias de cada usuario. Usted puede desactivarlas en su navegador, con el inconveniente de que algunas opciones de navegaci\u00f3n quedar\u00e1n deshabilitadas.<\/li>\n<\/ul>\n<p><img decoding=\"async\" class=\"aligncenter size-full wp-image-11916\" src=\"http:\/\/ddigital.webs.ull.es\/wp-content\/uploads\/2015\/05\/creative-commons-logo.png\" alt=\"creative-commons-logo\" width=\"200\" height=\"\" srcset=\"https:\/\/www.ull.es\/portal\/noticias\/wp-content\/uploads\/sites\/13\/2015\/05\/creative-commons-logo.png 1010w, https:\/\/www.ull.es\/portal\/noticias\/wp-content\/uploads\/sites\/13\/2015\/05\/creative-commons-logo-300x72.png 300w, https:\/\/www.ull.es\/portal\/noticias\/wp-content\/uploads\/sites\/13\/2015\/05\/creative-commons-logo-768x183.png 768w, https:\/\/www.ull.es\/portal\/noticias\/wp-content\/uploads\/sites\/13\/2015\/05\/creative-commons-logo-375x89.png 375w, https:\/\/www.ull.es\/portal\/noticias\/wp-content\/uploads\/sites\/13\/2015\/05\/creative-commons-logo-750x179.png 750w\" sizes=\"(max-width: 1010px) 100vw, 1010px\" \/><br \/>\n<img decoding=\"async\" class=\" size-full wp-image-11911 aligncenter\" src=\"http:\/\/ddigital.webs.ull.es\/wp-content\/uploads\/2015\/05\/creative-commons-by.png\" alt=\"creative-commons-by\" width=\"200\" height=\"\" \/><\/p>\n","protected":false},"excerpt":{"rendered":"<p>Este sitio web es propiedad de la Universidad de La Laguna, con domicilio social en Molinos de Agua, s\/n, 38270&#8230;<\/p>\n","protected":false},"author":21,"featured_media":0,"parent":0,"menu_order":0,"comment_status":"open","ping_status":"open","template":"","meta":{"inline_featured_image":false,"footnotes":""},"acf":[],"yoast_head":"<!-- This site is optimized with the Yoast SEO plugin v21.3 - https:\/\/yoast.com\/wordpress\/plugins\/seo\/ -->\n<title>Aviso Legal - ULL - Noticias<\/title>\n<meta name=\"robots\" content=\"index, follow, max-snippet:-1, max-image-preview:large, max-video-preview:-1\" \/>\n<link rel=\"canonical\" href=\"https:\/\/www.ull.es\/portal\/noticias\/aviso-legal\/\" \/>\n<meta property=\"og:locale\" content=\"es_ES\" \/>\n<meta property=\"og:type\" content=\"article\" \/>\n<meta property=\"og:title\" content=\"Aviso Legal - ULL - Noticias\" \/>\n<meta property=\"og:description\" content=\"Este sitio web es propiedad de la Universidad de La Laguna, con domicilio social en Molinos de Agua, s\/n, 38270...\" \/>\n<meta property=\"og:url\" content=\"https:\/\/www.ull.es\/portal\/noticias\/aviso-legal\/\" \/>\n<meta property=\"og:site_name\" content=\"ULL - Noticias\" \/>\n<meta property=\"article:publisher\" content=\"https:\/\/www.facebook.com\/universidaddelalaguna\/\" \/>\n<meta property=\"og:image\" content=\"http:\/\/ddigital.webs.ull.es\/wp-content\/uploads\/2015\/05\/creative-commons-logo.png\" \/>\n<meta name=\"twitter:card\" content=\"summary_large_image\" \/>\n<meta name=\"twitter:site\" content=\"@CanalULL\" \/>\n<meta name=\"twitter:label1\" content=\"Tiempo de lectura\" \/>\n\t<meta name=\"twitter:data1\" content=\"1 minuto\" \/>\n<script type=\"application\/ld+json\" class=\"yoast-schema-graph\">{\"@context\":\"https:\/\/schema.org\",\"@graph\":[{\"@type\":\"WebPage\",\"@id\":\"https:\/\/www.ull.es\/portal\/noticias\/aviso-legal\/\",\"url\":\"https:\/\/www.ull.es\/portal\/noticias\/aviso-legal\/\",\"name\":\"Aviso Legal - ULL - Noticias\",\"isPartOf\":{\"@id\":\"https:\/\/www.ull.es\/portal\/noticias\/#website\"},\"datePublished\":\"2015-05-07T10:40:46+00:00\",\"dateModified\":\"2015-05-07T10:40:46+00:00\",\"breadcrumb\":{\"@id\":\"https:\/\/www.ull.es\/portal\/noticias\/aviso-legal\/#breadcrumb\"},\"inLanguage\":\"es\",\"potentialAction\":[{\"@type\":\"ReadAction\",\"target\":[\"https:\/\/www.ull.es\/portal\/noticias\/aviso-legal\/\"]}]},{\"@type\":\"BreadcrumbList\",\"@id\":\"https:\/\/www.ull.es\/portal\/noticias\/aviso-legal\/#breadcrumb\",\"itemListElement\":[{\"@type\":\"ListItem\",\"position\":1,\"name\":\"Portada\",\"item\":\"https:\/\/www.ull.es\/portal\/noticias\/\"},{\"@type\":\"ListItem\",\"position\":2,\"name\":\"Aviso Legal\"}]},{\"@type\":\"WebSite\",\"@id\":\"https:\/\/www.ull.es\/portal\/noticias\/#website\",\"url\":\"https:\/\/www.ull.es\/portal\/noticias\/\",\"name\":\"ULL - Noticias\",\"description\":\"\",\"potentialAction\":[{\"@type\":\"SearchAction\",\"target\":{\"@type\":\"EntryPoint\",\"urlTemplate\":\"https:\/\/www.ull.es\/portal\/noticias\/?s={search_term_string}\"},\"query-input\":\"required name=search_term_string\"}],\"inLanguage\":\"es\"}]}<\/script>\n<!-- \/ Yoast SEO plugin. -->","yoast_head_json":{"title":"Aviso Legal - ULL - Noticias","robots":{"index":"index","follow":"follow","max-snippet":"max-snippet:-1","max-image-preview":"max-image-preview:large","max-video-preview":"max-video-preview:-1"},"canonical":"https:\/\/www.ull.es\/portal\/noticias\/aviso-legal\/","og_locale":"es_ES","og_type":"article","og_title":"Aviso Legal - ULL - Noticias","og_description":"Este sitio web es propiedad de la Universidad de La Laguna, con domicilio social en Molinos de Agua, s\/n, 38270...","og_url":"https:\/\/www.ull.es\/portal\/noticias\/aviso-legal\/","og_site_name":"ULL - Noticias","article_publisher":"https:\/\/www.facebook.com\/universidaddelalaguna\/","og_image":[{"url":"http:\/\/ddigital.webs.ull.es\/wp-content\/uploads\/2015\/05\/creative-commons-logo.png"}],"twitter_card":"summary_large_image","twitter_site":"@CanalULL","twitter_misc":{"Tiempo de lectura":"1 minuto"},"schema":{"@context":"https:\/\/schema.org","@graph":[{"@type":"WebPage","@id":"https:\/\/www.ull.es\/portal\/noticias\/aviso-legal\/","url":"https:\/\/www.ull.es\/portal\/noticias\/aviso-legal\/","name":"Aviso Legal - ULL - Noticias","isPartOf":{"@id":"https:\/\/www.ull.es\/portal\/noticias\/#website"},"datePublished":"2015-05-07T10:40:46+00:00","dateModified":"2015-05-07T10:40:46+00:00","breadcrumb":{"@id":"https:\/\/www.ull.es\/portal\/noticias\/aviso-legal\/#breadcrumb"},"inLanguage":"es","potentialAction":[{"@type":"ReadAction","target":["https:\/\/www.ull.es\/portal\/noticias\/aviso-legal\/"]}]},{"@type":"BreadcrumbList","@id":"https:\/\/www.ull.es\/portal\/noticias\/aviso-legal\/#breadcrumb","itemListElement":[{"@type":"ListItem","position":1,"name":"Portada","item":"https:\/\/www.ull.es\/portal\/noticias\/"},{"@type":"ListItem","position":2,"name":"Aviso Legal"}]},{"@type":"WebSite","@id":"https:\/\/www.ull.es\/portal\/noticias\/#website","url":"https:\/\/www.ull.es\/portal\/noticias\/","name":"ULL - Noticias","description":"","potentialAction":[{"@type":"SearchAction","target":{"@type":"EntryPoint","urlTemplate":"https:\/\/www.ull.es\/portal\/noticias\/?s={search_term_string}"},"query-input":"required name=search_term_string"}],"inLanguage":"es"}]}},"_links":{"self":[{"href":"https:\/\/www.ull.es\/portal\/noticias\/wp-json\/wp\/v2\/pages\/11910"}],"collection":[{"href":"https:\/\/www.ull.es\/portal\/noticias\/wp-json\/wp\/v2\/pages"}],"about":[{"href":"https:\/\/www.ull.es\/portal\/noticias\/wp-json\/wp\/v2\/types\/page"}],"author":[{"embeddable":true,"href":"https:\/\/www.ull.es\/portal\/noticias\/wp-json\/wp\/v2\/users\/21"}],"replies":[{"embeddable":true,"href":"https:\/\/www.ull.es\/portal\/noticias\/wp-json\/wp\/v2\/comments?post=11910"}],"version-history":[{"count":0,"href":"https:\/\/www.ull.es\/portal\/noticias\/wp-json\/wp\/v2\/pages\/11910\/revisions"}],"wp:attachment":[{"href":"https:\/\/www.ull.es\/portal\/noticias\/wp-json\/wp\/v2\/media?parent=11910"}],"curies":[{"name":"wp","href":"https:\/\/api.w.org\/{rel}","templated":true}]}}