{"id":813,"date":"2022-11-22T11:45:14","date_gmt":"2022-11-22T11:45:14","guid":{"rendered":"https:\/\/www.ull.es\/portal\/ods\/?page_id=813"},"modified":"2023-03-14T09:47:19","modified_gmt":"2023-03-14T09:47:19","slug":"la-ull-y-la-agenda-canaria-2030","status":"publish","type":"page","link":"https:\/\/www.ull.es\/portal\/ods\/la-ull-y-la-agenda-canaria-2030\/","title":{"rendered":"LA ULL Y LA AGENDA CANARIA 2030"},"content":{"rendered":"\t\t<div data-elementor-type=\"wp-page\" data-elementor-id=\"813\" class=\"elementor elementor-813\">\n\t\t\t\t\t\t\t\t\t<section class=\"elementor-section elementor-top-section elementor-element elementor-element-85f382e elementor-section-boxed elementor-section-height-default elementor-section-height-default\" data-id=\"85f382e\" data-element_type=\"section\" data-settings=\"{&quot;background_background&quot;:&quot;classic&quot;}\">\n\t\t\t\t\t\t\t<div class=\"elementor-background-overlay\"><\/div>\n\t\t\t\t\t\t\t<div class=\"elementor-container elementor-column-gap-default\">\n\t\t\t\t\t<div class=\"elementor-column elementor-col-100 elementor-top-column elementor-element elementor-element-a91c181\" data-id=\"a91c181\" data-element_type=\"column\">\n\t\t\t<div class=\"elementor-widget-wrap elementor-element-populated\">\n\t\t\t\t\t\t\t\t<div class=\"elementor-element elementor-element-4b4b0bb elementor-widget elementor-widget-heading\" data-id=\"4b4b0bb\" data-element_type=\"widget\" data-widget_type=\"heading.default\">\n\t\t\t\t<div class=\"elementor-widget-container\">\n\t\t\t<style>\/*! elementor - v3.9.2 - 21-12-2022 *\/\n.elementor-heading-title{padding:0;margin:0;line-height:1}.elementor-widget-heading .elementor-heading-title[class*=elementor-size-]>a{color:inherit;font-size:inherit;line-height:inherit}.elementor-widget-heading .elementor-heading-title.elementor-size-small{font-size:15px}.elementor-widget-heading .elementor-heading-title.elementor-size-medium{font-size:19px}.elementor-widget-heading .elementor-heading-title.elementor-size-large{font-size:29px}.elementor-widget-heading .elementor-heading-title.elementor-size-xl{font-size:39px}.elementor-widget-heading .elementor-heading-title.elementor-size-xxl{font-size:59px}<\/style><h2 class=\"elementor-heading-title elementor-size-default\">LA ULL Y LA AGENDA CANARIA 2030<\/h2>\t\t<\/div>\n\t\t\t\t<\/div>\n\t\t\t\t<div class=\"elementor-element elementor-element-a4f837f elementor-widget-divider--view-line elementor-widget elementor-widget-divider\" data-id=\"a4f837f\" data-element_type=\"widget\" data-widget_type=\"divider.default\">\n\t\t\t\t<div class=\"elementor-widget-container\">\n\t\t\t<style>\/*! elementor - v3.9.2 - 21-12-2022 *\/\n.elementor-widget-divider{--divider-border-style:none;--divider-border-width:1px;--divider-color:#2c2c2c;--divider-icon-size:20px;--divider-element-spacing:10px;--divider-pattern-height:24px;--divider-pattern-size:20px;--divider-pattern-url:none;--divider-pattern-repeat:repeat-x}.elementor-widget-divider .elementor-divider{display:flex}.elementor-widget-divider .elementor-divider__text{font-size:15px;line-height:1;max-width:95%}.elementor-widget-divider .elementor-divider__element{margin:0 var(--divider-element-spacing);flex-shrink:0}.elementor-widget-divider .elementor-icon{font-size:var(--divider-icon-size)}.elementor-widget-divider .elementor-divider-separator{display:flex;margin:0;direction:ltr}.elementor-widget-divider--view-line_icon .elementor-divider-separator,.elementor-widget-divider--view-line_text .elementor-divider-separator{align-items:center}.elementor-widget-divider--view-line_icon .elementor-divider-separator:after,.elementor-widget-divider--view-line_icon .elementor-divider-separator:before,.elementor-widget-divider--view-line_text .elementor-divider-separator:after,.elementor-widget-divider--view-line_text .elementor-divider-separator:before{display:block;content:\"\";border-bottom:0;flex-grow:1;border-top:var(--divider-border-width) var(--divider-border-style) var(--divider-color)}.elementor-widget-divider--element-align-left .elementor-divider .elementor-divider-separator>.elementor-divider__svg:first-of-type{flex-grow:0;flex-shrink:100}.elementor-widget-divider--element-align-left .elementor-divider-separator:before{content:none}.elementor-widget-divider--element-align-left .elementor-divider__element{margin-left:0}.elementor-widget-divider--element-align-right .elementor-divider .elementor-divider-separator>.elementor-divider__svg:last-of-type{flex-grow:0;flex-shrink:100}.elementor-widget-divider--element-align-right .elementor-divider-separator:after{content:none}.elementor-widget-divider--element-align-right .elementor-divider__element{margin-right:0}.elementor-widget-divider:not(.elementor-widget-divider--view-line_text):not(.elementor-widget-divider--view-line_icon) .elementor-divider-separator{border-top:var(--divider-border-width) var(--divider-border-style) var(--divider-color)}.elementor-widget-divider--separator-type-pattern{--divider-border-style:none}.elementor-widget-divider--separator-type-pattern.elementor-widget-divider--view-line .elementor-divider-separator,.elementor-widget-divider--separator-type-pattern:not(.elementor-widget-divider--view-line) .elementor-divider-separator:after,.elementor-widget-divider--separator-type-pattern:not(.elementor-widget-divider--view-line) .elementor-divider-separator:before,.elementor-widget-divider--separator-type-pattern:not([class*=elementor-widget-divider--view]) .elementor-divider-separator{width:100%;min-height:var(--divider-pattern-height);-webkit-mask-size:var(--divider-pattern-size) 100%;mask-size:var(--divider-pattern-size) 100%;-webkit-mask-repeat:var(--divider-pattern-repeat);mask-repeat:var(--divider-pattern-repeat);background-color:var(--divider-color);-webkit-mask-image:var(--divider-pattern-url);mask-image:var(--divider-pattern-url)}.elementor-widget-divider--no-spacing{--divider-pattern-size:auto}.elementor-widget-divider--bg-round{--divider-pattern-repeat:round}.rtl .elementor-widget-divider .elementor-divider__text{direction:rtl}.e-con-inner>.elementor-widget-divider,.e-con>.elementor-widget-divider{width:var(--container-widget-width);--flex-grow:var(--container-widget-flex-grow)}<\/style>\t\t<div class=\"elementor-divider\">\n\t\t\t<span class=\"elementor-divider-separator\">\n\t\t\t\t\t\t<\/span>\n\t\t<\/div>\n\t\t\t\t<\/div>\n\t\t\t\t<\/div>\n\t\t\t\t<section class=\"elementor-section elementor-inner-section elementor-element elementor-element-5990a44 elementor-section-boxed elementor-section-height-default elementor-section-height-default\" data-id=\"5990a44\" data-element_type=\"section\">\n\t\t\t\t\t\t<div class=\"elementor-container elementor-column-gap-default\">\n\t\t\t\t\t<div class=\"elementor-column elementor-col-33 elementor-inner-column elementor-element elementor-element-43a2400\" data-id=\"43a2400\" data-element_type=\"column\">\n\t\t\t<div class=\"elementor-widget-wrap elementor-element-populated\">\n\t\t\t\t\t\t\t\t<div class=\"elementor-element elementor-element-b7099a4 elementor-view-stacked elementor-shape-circle elementor-mobile-position-top elementor-vertical-align-top elementor-widget elementor-widget-icon-box\" data-id=\"b7099a4\" data-element_type=\"widget\" data-widget_type=\"icon-box.default\">\n\t\t\t\t<div class=\"elementor-widget-container\">\n\t\t\t<link rel=\"stylesheet\" href=\"https:\/\/www.ull.es\/portal\/ods\/wp-content\/plugins\/elementor\/assets\/css\/widget-icon-box.min.css\">\t\t<div class=\"elementor-icon-box-wrapper\">\n\t\t\t\t\t\t<div class=\"elementor-icon-box-icon\">\n\t\t\t\t<a class=\"elementor-icon elementor-animation-\" href=\"https:\/\/www.gobiernodecanarias.org\/agendacanaria2030\/\" target=\"_blank\" target=\"_blank\" rel=\"noopener\">\n\t\t\t\t<i aria-hidden=\"true\" class=\"fas fa-calendar-check\"><\/i>\t\t\t\t<\/a>\n\t\t\t<\/div>\n\t\t\t\t\t\t<div class=\"elementor-icon-box-content\">\n\t\t\t\t<h3 class=\"elementor-icon-box-title\">\n\t\t\t\t\t<a href=\"https:\/\/www.gobiernodecanarias.org\/agendacanaria2030\/\" target=\"_blank\"  target=\"_blank\" rel=\"noopener\">\n\t\t\t\t\t\tAgenda 2030\t\t\t\t\t<\/a>\n\t\t\t\t<\/h3>\n\t\t\t\t\t\t\t<\/div>\n\t\t<\/div>\n\t\t\t\t<\/div>\n\t\t\t\t<\/div>\n\t\t\t\t\t<\/div>\n\t\t<\/div>\n\t\t\t\t<div class=\"elementor-column elementor-col-33 elementor-inner-column elementor-element elementor-element-35b67e5\" data-id=\"35b67e5\" data-element_type=\"column\">\n\t\t\t<div class=\"elementor-widget-wrap elementor-element-populated\">\n\t\t\t\t\t\t\t\t<div class=\"elementor-element elementor-element-89affcc elementor-widget elementor-widget-text-editor\" data-id=\"89affcc\" data-element_type=\"widget\" data-widget_type=\"text-editor.default\">\n\t\t\t\t<div class=\"elementor-widget-container\">\n\t\t\t<style>\/*! elementor - v3.9.2 - 21-12-2022 *\/\n.elementor-widget-text-editor.elementor-drop-cap-view-stacked .elementor-drop-cap{background-color:#818a91;color:#fff}.elementor-widget-text-editor.elementor-drop-cap-view-framed .elementor-drop-cap{color:#818a91;border:3px solid;background-color:transparent}.elementor-widget-text-editor:not(.elementor-drop-cap-view-default) .elementor-drop-cap{margin-top:8px}.elementor-widget-text-editor:not(.elementor-drop-cap-view-default) .elementor-drop-cap-letter{width:1em;height:1em}.elementor-widget-text-editor .elementor-drop-cap{float:left;text-align:center;line-height:1;font-size:50px}.elementor-widget-text-editor .elementor-drop-cap-letter{display:inline-block}<\/style>\t\t\t\t<p style=\"text-align: center;\"><span style=\"color: #000000;\">Las universidades estamos llamadas a desempe\u00f1ar un papel fundamental en el logro de los ODS. De hecho, ya estamos haciendo importantes contribuciones para su cumplimiento. <span style=\"color: #5c068c;\"><b>Para que los ODS sean un \u00e9xito a escala global, es necesario que las universidades lideremos su implementaci\u00f3n en la sociedad<\/b><\/span><\/span><\/p>\t\t\t\t\t\t<\/div>\n\t\t\t\t<\/div>\n\t\t\t\t\t<\/div>\n\t\t<\/div>\n\t\t\t\t<div class=\"elementor-column elementor-col-33 elementor-inner-column elementor-element elementor-element-c362b05\" data-id=\"c362b05\" data-element_type=\"column\">\n\t\t\t<div class=\"elementor-widget-wrap elementor-element-populated\">\n\t\t\t\t\t\t\t\t<div class=\"elementor-element elementor-element-9ec57ad elementor-view-stacked elementor-shape-circle elementor-mobile-position-top elementor-vertical-align-top elementor-widget elementor-widget-icon-box\" data-id=\"9ec57ad\" data-element_type=\"widget\" data-widget_type=\"icon-box.default\">\n\t\t\t\t<div class=\"elementor-widget-container\">\n\t\t\t\t\t<div class=\"elementor-icon-box-wrapper\">\n\t\t\t\t\t\t<div class=\"elementor-icon-box-icon\">\n\t\t\t\t<a class=\"elementor-icon elementor-animation-\" href=\"https:\/\/drive.google.com\/file\/d\/1OqJGWH3rck98X7MuOhZBqptApw1ZHmyR\/view\" target=\"_blank\" target=\"_blank\" rel=\"noopener\">\n\t\t\t\t<i aria-hidden=\"true\" class=\"fas fa-clipboard-list\"><\/i>\t\t\t\t<\/a>\n\t\t\t<\/div>\n\t\t\t\t\t\t<div class=\"elementor-icon-box-content\">\n\t\t\t\t<h3 class=\"elementor-icon-box-title\">\n\t\t\t\t\t<a href=\"https:\/\/drive.google.com\/file\/d\/1OqJGWH3rck98X7MuOhZBqptApw1ZHmyR\/view\" target=\"_blank\"  target=\"_blank\" rel=\"noopener\">\n\t\t\t\t\t\tGu\u00eda de buenas pr\u00e1cticas\t\t\t\t\t<\/a>\n\t\t\t\t<\/h3>\n\t\t\t\t\t\t\t<\/div>\n\t\t<\/div>\n\t\t\t\t<\/div>\n\t\t\t\t<\/div>\n\t\t\t\t\t<\/div>\n\t\t<\/div>\n\t\t\t\t\t\t\t<\/div>\n\t\t<\/section>\n\t\t\t\t\t<\/div>\n\t\t<\/div>\n\t\t\t\t\t\t\t<\/div>\n\t\t<\/section>\n\t\t\t\t<section class=\"elementor-section elementor-top-section elementor-element elementor-element-30b30a8 elementor-section-boxed elementor-section-height-default elementor-section-height-default\" data-id=\"30b30a8\" data-element_type=\"section\" data-settings=\"{&quot;background_background&quot;:&quot;classic&quot;}\">\n\t\t\t\t\t\t<div class=\"elementor-container elementor-column-gap-default\">\n\t\t\t\t\t<div class=\"elementor-column elementor-col-33 elementor-top-column elementor-element elementor-element-137fb66\" data-id=\"137fb66\" data-element_type=\"column\" data-settings=\"{&quot;background_background&quot;:&quot;classic&quot;}\">\n\t\t\t<div class=\"elementor-widget-wrap elementor-element-populated\">\n\t\t\t\t\t\t\t\t<div class=\"elementor-element elementor-element-08d9416 elementor-widget elementor-widget-heading\" data-id=\"08d9416\" data-element_type=\"widget\" data-widget_type=\"heading.default\">\n\t\t\t\t<div class=\"elementor-widget-container\">\n\t\t\t<h1 class=\"elementor-heading-title elementor-size-default\">SIN DESARROLLO\nSOSTENIBLE,<br>NO HAY FUTURO<\/h1>\t\t<\/div>\n\t\t\t\t<\/div>\n\t\t\t\t\t<\/div>\n\t\t<\/div>\n\t\t\t\t<div class=\"elementor-column elementor-col-66 elementor-top-column elementor-element elementor-element-9ac81d7\" data-id=\"9ac81d7\" data-element_type=\"column\" data-settings=\"{&quot;background_background&quot;:&quot;classic&quot;}\">\n\t\t\t<div class=\"elementor-widget-wrap elementor-element-populated\">\n\t\t\t\t\t\t\t\t<div class=\"elementor-element elementor-element-5aa65bc elementor-widget elementor-widget-text-editor\" data-id=\"5aa65bc\" data-element_type=\"widget\" data-widget_type=\"text-editor.default\">\n\t\t\t\t<div class=\"elementor-widget-container\">\n\t\t\t\t\t\t\t<p><span style=\"color: #ffffff;\">El ejercicio de localizaci\u00f3n de la Agenda 2030 de la ONU en Canarias se ha traducido en la aprobaci\u00f3n de la Agenda Canaria de Desarrollo Sostenible 2030 (Agenda Canaria 2030), un documento que recoge las 49 prioridades de actuaci\u00f3n y las 316 metas espec\u00edficas de Canarias para la consecuci\u00f3n de los 17 ODS.&nbsp;<\/span><\/p>\n<p><span style=\"color: #ffffff;\">La Agenda Canaria 2030 es una hoja de ruta que identifica los principales problemas estructurales de Canarias, las pol\u00edticas aceleradoras para afrontarlos, y las metas espec\u00edficas a las que deben contribuir todos los actores de forma coordinada para avanzar hacia el desarrollo sostenible en la regi\u00f3n<\/span><\/p>\t\t\t\t\t\t<\/div>\n\t\t\t\t<\/div>\n\t\t\t\t<div class=\"elementor-element elementor-element-7b9e2e8 elementor-align-right elementor-widget elementor-widget-button\" data-id=\"7b9e2e8\" data-element_type=\"widget\" data-widget_type=\"button.default\">\n\t\t\t\t<div class=\"elementor-widget-container\">\n\t\t\t\t\t<div class=\"elementor-button-wrapper\">\n\t\t\t<a href=\"https:\/\/www.ull.es\/portal\/ods\/wp-content\/uploads\/sites\/52\/2022\/12\/Agenda-Canaria-2030_compressed.pdf\" class=\"elementor-button-link elementor-button elementor-size-sm\" role=\"button\" target=\"_blank\" rel=\"noopener\">\n\t\t\t\t\t\t<span class=\"elementor-button-content-wrapper\">\n\t\t\t\t\t\t<span class=\"elementor-button-text\">AGENDA CANARIA 2030<\/span>\n\t\t<\/span>\n\t\t\t\t\t<\/a>\n\t\t<\/div>\n\t\t\t\t<\/div>\n\t\t\t\t<\/div>\n\t\t\t\t\t<\/div>\n\t\t<\/div>\n\t\t\t\t\t\t\t<\/div>\n\t\t<\/section>\n\t\t\t\t<section class=\"elementor-section elementor-top-section elementor-element elementor-element-1724ca9 elementor-section-boxed elementor-section-height-default elementor-section-height-default\" data-id=\"1724ca9\" data-element_type=\"section\">\n\t\t\t\t\t\t<div class=\"elementor-container elementor-column-gap-default\">\n\t\t\t\t\t<div class=\"elementor-column elementor-col-66 elementor-top-column elementor-element elementor-element-7f39ddc\" data-id=\"7f39ddc\" data-element_type=\"column\">\n\t\t\t<div class=\"elementor-widget-wrap elementor-element-populated\">\n\t\t\t\t\t\t\t\t<div class=\"elementor-element elementor-element-37f5bc7 elementor-widget elementor-widget-text-editor\" data-id=\"37f5bc7\" data-element_type=\"widget\" data-widget_type=\"text-editor.default\">\n\t\t\t\t<div class=\"elementor-widget-container\">\n\t\t\t\t\t\t\t<p>Los cambios que estamos abordando precisan del esfuerzo de todas las personas en todos los \u00e1mbitos de actividad.<\/p><p>La Agenda Canaria 2030 es fruto de un proceso participativo en el que se han involucrado <span style=\"color: #5c068c;\"><b>la sociedad civil, el tercer sector, la academia, el sector empresarial y las administraciones p\u00fablicas locales, insulares y auton\u00f3mica,<\/b><\/span> concibiendo de forma consensuada el desarrollo sostenible para el Archipi\u00e9lago Canario.<\/p><p>Los ODS no podr\u00e1n alcanzarse sin la implicaci\u00f3n y la colaboraci\u00f3n activa de la ciudadan\u00eda y el conjunto de los agentes sociales y econ\u00f3micos.<\/p>\t\t\t\t\t\t<\/div>\n\t\t\t\t<\/div>\n\t\t\t\t\t<\/div>\n\t\t<\/div>\n\t\t\t\t<div class=\"elementor-column elementor-col-33 elementor-top-column elementor-element elementor-element-2568da8\" data-id=\"2568da8\" data-element_type=\"column\">\n\t\t\t<div class=\"elementor-widget-wrap elementor-element-populated\">\n\t\t\t\t\t\t\t\t<div class=\"elementor-element elementor-element-699a03a elementor-widget elementor-widget-heading\" data-id=\"699a03a\" data-element_type=\"widget\" data-widget_type=\"heading.default\">\n\t\t\t\t<div class=\"elementor-widget-container\">\n\t\t\t<h2 class=\"elementor-heading-title elementor-size-default\">El compromiso y la participaci\u00f3n de toda nuestra comunidad universitaria es imprescindible para poder avanzar y conseguir resultados.<\/h2>\t\t<\/div>\n\t\t\t\t<\/div>\n\t\t\t\t\t<\/div>\n\t\t<\/div>\n\t\t\t\t\t\t\t<\/div>\n\t\t<\/section>\n\t\t\t\t<section class=\"elementor-section elementor-top-section elementor-element elementor-element-1cbbdb8 elementor-section-full_width elementor-section-height-default elementor-section-height-default\" data-id=\"1cbbdb8\" data-element_type=\"section\" data-settings=\"{&quot;background_background&quot;:&quot;classic&quot;}\">\n\t\t\t\t\t\t<div class=\"elementor-container elementor-column-gap-default\">\n\t\t\t\t\t<div class=\"elementor-column elementor-col-100 elementor-top-column elementor-element elementor-element-1148180\" data-id=\"1148180\" data-element_type=\"column\">\n\t\t\t<div class=\"elementor-widget-wrap elementor-element-populated\">\n\t\t\t\t\t\t\t\t<section class=\"elementor-section elementor-inner-section elementor-element elementor-element-79173d5 elementor-section-boxed elementor-section-height-default elementor-section-height-default\" data-id=\"79173d5\" data-element_type=\"section\" data-settings=\"{&quot;background_background&quot;:&quot;classic&quot;}\">\n\t\t\t\t\t\t<div class=\"elementor-container elementor-column-gap-default\">\n\t\t\t\t\t<div class=\"elementor-column elementor-col-100 elementor-inner-column elementor-element elementor-element-0ccc867\" data-id=\"0ccc867\" data-element_type=\"column\" data-settings=\"{&quot;background_background&quot;:&quot;gradient&quot;}\">\n\t\t\t<div class=\"elementor-widget-wrap elementor-element-populated\">\n\t\t\t\t\t\t\t\t<div class=\"elementor-element elementor-element-f1c7133 elementor-widget elementor-widget-text-editor\" data-id=\"f1c7133\" data-element_type=\"widget\" data-widget_type=\"text-editor.default\">\n\t\t\t\t<div class=\"elementor-widget-container\">\n\t\t\t\t\t\t\t<span style=\"color: #ffffff;\">Consideramos imprescindible que nuestras acciones se centren en difundir conocimiento, despertar conciencia social y generar compromiso entre las personas, con la finalidad de abordar los retos planteados en la Agenda Canaria 2030.<\/span>\t\t\t\t\t\t<\/div>\n\t\t\t\t<\/div>\n\t\t\t\t<div class=\"elementor-element elementor-element-e1d8933 elementor-widget elementor-widget-heading\" data-id=\"e1d8933\" data-element_type=\"widget\" data-widget_type=\"heading.default\">\n\t\t\t\t<div class=\"elementor-widget-container\">\n\t\t\t<h3 class=\"elementor-heading-title elementor-size-default\">\u00a1Ahora es el momento\nadecuado para actuar!<\/h3>\t\t<\/div>\n\t\t\t\t<\/div>\n\t\t\t\t\t<\/div>\n\t\t<\/div>\n\t\t\t\t\t\t\t<\/div>\n\t\t<\/section>\n\t\t\t\t\t<\/div>\n\t\t<\/div>\n\t\t\t\t\t\t\t<\/div>\n\t\t<\/section>\n\t\t\t\t\t\t\t<\/div>\n\t\t","protected":false},"excerpt":{"rendered":"<p>LA ULL Y LA AGENDA CANARIA 2030 Agenda 2030 Las universidades estamos llamadas a desempe\u00f1ar un papel fundamental en el logro de los ODS. De hecho, ya estamos haciendo importantes contribuciones para su cumplimiento. Para que los ODS sean un \u00e9xito a escala global, es necesario que las universidades lideremos su implementaci\u00f3n en la sociedad&#8230;<\/p>\n","protected":false},"author":93,"featured_media":0,"parent":0,"menu_order":0,"comment_status":"closed","ping_status":"closed","template":"elementor_header_footer","meta":{"inline_featured_image":false,"footnotes":""},"acf":[],"yoast_head":"<!-- This site is optimized with the Yoast SEO plugin v21.3 - https:\/\/yoast.com\/wordpress\/plugins\/seo\/ -->\n<title>LA ULL Y LA AGENDA CANARIA 2030 - Objetivos de Desarrollo Sostenible (ODS)<\/title>\n<meta name=\"robots\" content=\"index, follow, max-snippet:-1, max-image-preview:large, max-video-preview:-1\" \/>\n<link rel=\"canonical\" href=\"https:\/\/www.ull.es\/portal\/ods\/la-ull-y-la-agenda-canaria-2030\/\" \/>\n<meta property=\"og:locale\" content=\"es_ES\" \/>\n<meta property=\"og:type\" content=\"article\" \/>\n<meta property=\"og:title\" content=\"LA ULL Y LA AGENDA CANARIA 2030 - Objetivos de Desarrollo Sostenible (ODS)\" \/>\n<meta property=\"og:description\" content=\"LA ULL Y LA AGENDA CANARIA 2030 Agenda 2030 Las universidades estamos llamadas a desempe\u00f1ar un papel fundamental en el logro de los ODS. De hecho, ya estamos haciendo importantes contribuciones para su cumplimiento. Para que los ODS sean un \u00e9xito a escala global, es necesario que las universidades lideremos su implementaci\u00f3n en la sociedad...\" \/>\n<meta property=\"og:url\" content=\"https:\/\/www.ull.es\/portal\/ods\/la-ull-y-la-agenda-canaria-2030\/\" \/>\n<meta property=\"og:site_name\" content=\"Objetivos de Desarrollo Sostenible (ODS)\" \/>\n<meta property=\"article:modified_time\" content=\"2023-03-14T09:47:19+00:00\" \/>\n<meta name=\"twitter:card\" content=\"summary_large_image\" \/>\n<meta name=\"twitter:label1\" content=\"Tiempo de lectura\" \/>\n\t<meta name=\"twitter:data1\" content=\"2 minutos\" \/>\n<script type=\"application\/ld+json\" class=\"yoast-schema-graph\">{\"@context\":\"https:\/\/schema.org\",\"@graph\":[{\"@type\":\"WebPage\",\"@id\":\"https:\/\/www.ull.es\/portal\/ods\/la-ull-y-la-agenda-canaria-2030\/\",\"url\":\"https:\/\/www.ull.es\/portal\/ods\/la-ull-y-la-agenda-canaria-2030\/\",\"name\":\"LA ULL Y LA AGENDA CANARIA 2030 - Objetivos de Desarrollo Sostenible (ODS)\",\"isPartOf\":{\"@id\":\"https:\/\/www.ull.es\/portal\/ods\/#website\"},\"datePublished\":\"2022-11-22T11:45:14+00:00\",\"dateModified\":\"2023-03-14T09:47:19+00:00\",\"breadcrumb\":{\"@id\":\"https:\/\/www.ull.es\/portal\/ods\/la-ull-y-la-agenda-canaria-2030\/#breadcrumb\"},\"inLanguage\":\"es\",\"potentialAction\":[{\"@type\":\"ReadAction\",\"target\":[\"https:\/\/www.ull.es\/portal\/ods\/la-ull-y-la-agenda-canaria-2030\/\"]}]},{\"@type\":\"BreadcrumbList\",\"@id\":\"https:\/\/www.ull.es\/portal\/ods\/la-ull-y-la-agenda-canaria-2030\/#breadcrumb\",\"itemListElement\":[{\"@type\":\"ListItem\",\"position\":1,\"name\":\"Portada\",\"item\":\"https:\/\/www.ull.es\/portal\/ods\/\"},{\"@type\":\"ListItem\",\"position\":2,\"name\":\"LA ULL Y LA AGENDA CANARIA 2030\"}]},{\"@type\":\"WebSite\",\"@id\":\"https:\/\/www.ull.es\/portal\/ods\/#website\",\"url\":\"https:\/\/www.ull.es\/portal\/ods\/\",\"name\":\"Objetivos de Desarrollo Sostenible (ODS)\",\"description\":\"\",\"potentialAction\":[{\"@type\":\"SearchAction\",\"target\":{\"@type\":\"EntryPoint\",\"urlTemplate\":\"https:\/\/www.ull.es\/portal\/ods\/?s={search_term_string}\"},\"query-input\":\"required name=search_term_string\"}],\"inLanguage\":\"es\"}]}<\/script>\n<!-- \/ Yoast SEO plugin. -->","yoast_head_json":{"title":"LA ULL Y LA AGENDA CANARIA 2030 - Objetivos de Desarrollo Sostenible (ODS)","robots":{"index":"index","follow":"follow","max-snippet":"max-snippet:-1","max-image-preview":"max-image-preview:large","max-video-preview":"max-video-preview:-1"},"canonical":"https:\/\/www.ull.es\/portal\/ods\/la-ull-y-la-agenda-canaria-2030\/","og_locale":"es_ES","og_type":"article","og_title":"LA ULL Y LA AGENDA CANARIA 2030 - Objetivos de Desarrollo Sostenible (ODS)","og_description":"LA ULL Y LA AGENDA CANARIA 2030 Agenda 2030 Las universidades estamos llamadas a desempe\u00f1ar un papel fundamental en el logro de los ODS. De hecho, ya estamos haciendo importantes contribuciones para su cumplimiento. Para que los ODS sean un \u00e9xito a escala global, es necesario que las universidades lideremos su implementaci\u00f3n en la sociedad...","og_url":"https:\/\/www.ull.es\/portal\/ods\/la-ull-y-la-agenda-canaria-2030\/","og_site_name":"Objetivos de Desarrollo Sostenible (ODS)","article_modified_time":"2023-03-14T09:47:19+00:00","twitter_card":"summary_large_image","twitter_misc":{"Tiempo de lectura":"2 minutos"},"schema":{"@context":"https:\/\/schema.org","@graph":[{"@type":"WebPage","@id":"https:\/\/www.ull.es\/portal\/ods\/la-ull-y-la-agenda-canaria-2030\/","url":"https:\/\/www.ull.es\/portal\/ods\/la-ull-y-la-agenda-canaria-2030\/","name":"LA ULL Y LA AGENDA CANARIA 2030 - Objetivos de Desarrollo Sostenible (ODS)","isPartOf":{"@id":"https:\/\/www.ull.es\/portal\/ods\/#website"},"datePublished":"2022-11-22T11:45:14+00:00","dateModified":"2023-03-14T09:47:19+00:00","breadcrumb":{"@id":"https:\/\/www.ull.es\/portal\/ods\/la-ull-y-la-agenda-canaria-2030\/#breadcrumb"},"inLanguage":"es","potentialAction":[{"@type":"ReadAction","target":["https:\/\/www.ull.es\/portal\/ods\/la-ull-y-la-agenda-canaria-2030\/"]}]},{"@type":"BreadcrumbList","@id":"https:\/\/www.ull.es\/portal\/ods\/la-ull-y-la-agenda-canaria-2030\/#breadcrumb","itemListElement":[{"@type":"ListItem","position":1,"name":"Portada","item":"https:\/\/www.ull.es\/portal\/ods\/"},{"@type":"ListItem","position":2,"name":"LA ULL Y LA AGENDA CANARIA 2030"}]},{"@type":"WebSite","@id":"https:\/\/www.ull.es\/portal\/ods\/#website","url":"https:\/\/www.ull.es\/portal\/ods\/","name":"Objetivos de Desarrollo Sostenible (ODS)","description":"","potentialAction":[{"@type":"SearchAction","target":{"@type":"EntryPoint","urlTemplate":"https:\/\/www.ull.es\/portal\/ods\/?s={search_term_string}"},"query-input":"required name=search_term_string"}],"inLanguage":"es"}]}},"_links":{"self":[{"href":"https:\/\/www.ull.es\/portal\/ods\/wp-json\/wp\/v2\/pages\/813"}],"collection":[{"href":"https:\/\/www.ull.es\/portal\/ods\/wp-json\/wp\/v2\/pages"}],"about":[{"href":"https:\/\/www.ull.es\/portal\/ods\/wp-json\/wp\/v2\/types\/page"}],"author":[{"embeddable":true,"href":"https:\/\/www.ull.es\/portal\/ods\/wp-json\/wp\/v2\/users\/93"}],"replies":[{"embeddable":true,"href":"https:\/\/www.ull.es\/portal\/ods\/wp-json\/wp\/v2\/comments?post=813"}],"version-history":[{"count":90,"href":"https:\/\/www.ull.es\/portal\/ods\/wp-json\/wp\/v2\/pages\/813\/revisions"}],"predecessor-version":[{"id":1428,"href":"https:\/\/www.ull.es\/portal\/ods\/wp-json\/wp\/v2\/pages\/813\/revisions\/1428"}],"wp:attachment":[{"href":"https:\/\/www.ull.es\/portal\/ods\/wp-json\/wp\/v2\/media?parent=813"}],"curies":[{"name":"wp","href":"https:\/\/api.w.org\/{rel}","templated":true}]}}