{"id":11,"date":"2019-03-06T12:10:47","date_gmt":"2019-03-06T11:10:47","guid":{"rendered":"https:\/\/www.ull.es\/opina-y-debates\/?page_id=5"},"modified":"2019-04-01T14:16:47","modified_gmt":"2019-04-01T12:16:47","slug":"opina-y-debate-homepage","status":"publish","type":"page","link":"https:\/\/www.ull.es\/portal\/opina-y-debates\/","title":{"rendered":"Opina y Debate Homepage"},"content":{"rendered":"<p>[vc_row][vc_column]\n<div id=\"rev_slider_1_1_wrapper\" class=\"rev_slider_wrapper fullwidthbanner-container\" data-source=\"gallery\" style=\"margin:0px auto;background:transparent;padding:0px;margin-top:0px;margin-bottom:0px;\">\n<!-- START REVOLUTION SLIDER 5.4.7.3 fullwidth mode -->\n\t<div id=\"rev_slider_1_1\" class=\"rev_slider fullwidthabanner\" style=\"display:none;\" data-version=\"5.4.7.3\">\n<ul>\t<!-- SLIDE  -->\n\t<li data-index=\"rs-1\" data-transition=\"fade\" data-slotamount=\"default\" data-hideafterloop=\"0\" data-hideslideonmobile=\"off\"  data-easein=\"default\" data-easeout=\"default\" data-masterspeed=\"300\"  data-rotate=\"0\"  data-saveperformance=\"off\"  data-title=\"Slide\" data-param1=\"\" data-param2=\"\" data-param3=\"\" data-param4=\"\" data-param5=\"\" data-param6=\"\" data-param7=\"\" data-param8=\"\" data-param9=\"\" data-param10=\"\" data-description=\"\">\n\t\t<!-- MAIN IMAGE -->\n\t\t<img src=\"https:\/\/www.ull.es\/opina-y-debates\/wp-content\/uploads\/sites\/13\/2019\/03\/oyd_homepage_slider_bg.png\"  alt=\"\" title=\"Opina y Debate Homepage\"  data-bgposition=\"center center\" data-bgfit=\"cover\" data-bgrepeat=\"no-repeat\" class=\"rev-slidebg\" data-no-retina>\n\t\t<!-- LAYERS -->\n\n\t\t<!-- LAYER NR. 1 -->\n\t\t<div class=\"tp-caption   tp-resizeme\" \n\t\t\t id=\"slide-1-layer-3\" \n\t\t\t data-x=\"['center','center','center','center']\" data-hoffset=\"['293','273','0','0']\" \n\t\t\t data-y=\"['middle','middle','middle','middle']\" data-voffset=\"['0','0','76','66']\" \n\t\t\t\t\t\tdata-width=\"none\"\n\t\t\tdata-height=\"none\"\n\t\t\tdata-whitespace=\"nowrap\"\n \n\t\t\tdata-type=\"image\" \n\t\t\tdata-responsive_offset=\"on\" \n\n\t\t\tdata-frames='[{\"delay\":10,\"speed\":1000,\"frame\":\"0\",\"from\":\"opacity:0;\",\"to\":\"o:1;\",\"ease\":\"Power3.easeIn\"},{\"delay\":\"wait\",\"speed\":300,\"frame\":\"999\",\"to\":\"opacity:0;\",\"ease\":\"Power3.easeInOut\"}]'\n\t\t\tdata-textAlign=\"['inherit','inherit','inherit','inherit']\"\n\t\t\tdata-paddingtop=\"[0,0,0,0]\"\n\t\t\tdata-paddingright=\"[0,0,0,0]\"\n\t\t\tdata-paddingbottom=\"[0,0,0,0]\"\n\t\t\tdata-paddingleft=\"[0,0,0,0]\"\n\n\t\t\tstyle=\"z-index: 5;\"><img src=\"https:\/\/www.ull.es\/portal\/opina-y-debates\/wp-content\/uploads\/sites\/30\/revslider\/homepage_slider\/oyd_homepage_asset.png\" alt=\"\" data-ww=\"['515px','466px','224px','215px']\" data-hh=\"['448px','405px','195px','187px']\" width=\"1109\" height=\"965\" data-no-retina> <\/div>\n\n\t\t<!-- LAYER NR. 2 -->\n\t\t<div class=\"tp-caption   tp-resizeme\" \n\t\t\t id=\"slide-1-layer-15\" \n\t\t\t data-x=\"['left','left','left','left']\" data-hoffset=\"['89','89','89','89']\" \n\t\t\t data-y=\"['middle','middle','middle','middle']\" data-voffset=\"['0','0','0','0']\" \n\t\t\t\t\t\tdata-width=\"none\"\n\t\t\tdata-height=\"none\"\n\t\t\tdata-whitespace=\"nowrap\"\n \n\t\t\tdata-type=\"image\" \n\t\t\tdata-responsive_offset=\"on\" \n\n\t\t\tdata-frames='[{\"delay\":0,\"speed\":300,\"frame\":\"0\",\"from\":\"opacity:0;\",\"to\":\"o:1;\",\"ease\":\"Power3.easeInOut\"},{\"delay\":\"wait\",\"speed\":300,\"frame\":\"999\",\"to\":\"opacity:0;\",\"ease\":\"Power3.easeInOut\"}]'\n\t\t\tdata-textAlign=\"['inherit','inherit','inherit','inherit']\"\n\t\t\tdata-paddingtop=\"[0,0,0,0]\"\n\t\t\tdata-paddingright=\"[0,0,0,0]\"\n\t\t\tdata-paddingbottom=\"[0,0,0,0]\"\n\t\t\tdata-paddingleft=\"[0,0,0,0]\"\n\n\t\t\tstyle=\"z-index: 11;\"><img src=\"https:\/\/www.ull.es\/portal\/opina-y-debates\/wp-content\/uploads\/sites\/30\/2019\/03\/otra_vez.png\" alt=\"\" data-ww=\"['503px','503px','503px','503px']\" data-hh=\"['221px','221px','221px','221px']\" width=\"2247\" height=\"988\" data-no-retina> <\/div>\n\t<\/li>\n<\/ul>\n<div class=\"tp-bannertimer tp-bottom\" style=\"visibility: hidden !important;\"><\/div>\t<\/div>\n<script>var htmlDiv = document.getElementById(\"rs-plugin-settings-inline-css\"); var htmlDivCss=\"\";\r\n\t\t\t\tif(htmlDiv) {\r\n\t\t\t\t\thtmlDiv.innerHTML = htmlDiv.innerHTML + htmlDivCss;\r\n\t\t\t\t}else{\r\n\t\t\t\t\tvar htmlDiv = document.createElement(\"div\");\r\n\t\t\t\t\thtmlDiv.innerHTML = \"<style>\" + htmlDivCss + \"<\/style>\";\r\n\t\t\t\t\tdocument.getElementsByTagName(\"head\")[0].appendChild(htmlDiv.childNodes[0]);\r\n\t\t\t\t}\r\n\t\t\t<\/script>\n\t\t<script type=\"text\/javascript\">\r\nif (setREVStartSize!==undefined) setREVStartSize(\r\n\t{c: '#rev_slider_1_1', responsiveLevels: [1240,1024,778,480], gridwidth: [1240,1024,778,480], gridheight: [500,500,400,400], sliderLayout: 'fullwidth'});\r\n\t\t\t\r\nvar revapi1,\r\n\ttpj;\t\r\n(function() {\t\t\t\r\n\tif (!\/loaded|interactive|complete\/.test(document.readyState)) document.addEventListener(\"DOMContentLoaded\",onLoad); else onLoad();\t\r\n\tfunction onLoad() {\t\t\t\t\r\n\t\tif (tpj===undefined) { tpj = jQuery; if(\"off\" == \"on\") tpj.noConflict();}\r\n\tif(tpj(\"#rev_slider_1_1\").revolution == undefined){\n\t\trevslider_showDoubleJqueryError(\"#rev_slider_1_1\");\n\t}else{\n\t\trevapi1 = tpj(\"#rev_slider_1_1\").show().revolution({\n\t\t\tsliderType:\"standard\",\n\t\t\tjsFileLocation:\"\/\/www.ull.es\/portal\/opina-y-debates\/wp-content\/plugins\/revslider\/public\/assets\/js\/\",\n\t\t\tsliderLayout:\"fullwidth\",\n\t\t\tdottedOverlay:\"none\",\n\t\t\tdelay:9000,\n\t\t\tnavigation: {\n\t\t\t\tonHoverStop:\"off\",\n\t\t\t},\n\t\t\tresponsiveLevels:[1240,1024,778,480],\n\t\t\tvisibilityLevels:[1240,1024,778,480],\n\t\t\tgridwidth:[1240,1024,778,480],\n\t\t\tgridheight:[500,500,400,400],\n\t\t\tlazyType:\"none\",\n\t\t\tshadow:0,\n\t\t\tspinner:\"spinner0\",\n\t\t\tstopLoop:\"off\",\n\t\t\tstopAfterLoops:-1,\n\t\t\tstopAtSlide:-1,\n\t\t\tshuffle:\"off\",\n\t\t\tautoHeight:\"off\",\n\t\t\tdisableProgressBar:\"on\",\n\t\t\thideThumbsOnMobile:\"off\",\n\t\t\thideSliderAtLimit:0,\n\t\t\thideCaptionAtLimit:0,\n\t\t\thideAllCaptionAtLilmit:0,\n\t\t\tdebugMode:false,\n\t\t\tfallbacks: {\n\t\t\t\tsimplifyAll:\"off\",\n\t\t\t\tnextSlideOnWindowFocus:\"off\",\n\t\t\t\tdisableFocusListener:false,\n\t\t\t}\n\t\t});\n\t}; \/* END OF revapi call *\/\n\t\n }; \/* END OF ON LOAD FUNCTION *\/\r\n}()); \/* END OF WRAPPING FUNCTION *\/\r\n<\/script>\r\n\t\t<\/div><!-- END REVOLUTION SLIDER -->[\/vc_column][\/vc_row][vc_row full_width=\u00bbstretch_row_content\u00bb equal_height=\u00bbyes\u00bb content_placement=\u00bbmiddle\u00bb][vc_column width=\u00bb1\/2&#8243; css=\u00bb.vc_custom_1554120980075{padding-top: 50px !important;padding-right: 100px !important;padding-bottom: 50px !important;padding-left: 100px !important;background-color: #ffee58 !important;}\u00bb][vc_column_text css_animation=\u00bbfadeInRight\u00bb]<\/p>\n<h1 style=\"color: black;font-weight: 600;font-size: 55px !important\">Opina<\/h1>\n<p><span style=\"font-weight: 500\">La serie de actividades ULL Opina son procesos de reflexio\u0301n en la que un grupo de profesores\/as e investigadores\/as de la Universidad de La Laguna (ULL) analizan un tema de intere\u0301s pu\u0301blico para Canarias, realizando un diagno\u0301stico y planteando propuestas y soluciones con criterios cualificados.<\/span><\/p>\n<p><span style=\"font-weight: 500\"> Con ello se pretende que la ULL no so\u0301lo fomente el debate entre la comunidad universitaria acerca de temas de actualidad, sino que sea capaz de aportar claves para la toma de decisiones en torno a cuestiones relevantes y de intere\u0301s general. <\/span><span style=\"font-weight: 500\"><br \/>\n<\/span>[\/vc_column_text][vc_empty_space height=\u00bb12px\u00bb][vc_btn title=\u00bbM\u00c1S INFORMACI\u00d3N\u00bb style=\u00bbclassic\u00bb shape=\u00bbsquare\u00bb color=\u00bbviolet\u00bb css_animation=\u00bbfadeInUp\u00bb el_class=\u00bboyd\u00bb link=\u00bburl:https%3A%2F%2Fwww.ull.es%2Fportal%2Fopina-y-debates%2Fopina%2F||target:%20_blank|\u00bb][\/vc_column][vc_column width=\u00bb1\/2&#8243; css=\u00bb.vc_custom_1553702445211{background-image: url(https:\/\/www.ull.es\/portal\/opina-y-debates\/wp-content\/uploads\/sites\/30\/2019\/03\/opina-2019.jpg?id=346) !important;background-position: center !important;background-repeat: no-repeat !important;background-size: cover !important;}\u00bb][\/vc_column][\/vc_row][vc_row full_width=\u00bbstretch_row_content\u00bb equal_height=\u00bbyes\u00bb content_placement=\u00bbmiddle\u00bb][vc_column width=\u00bb1\/2&#8243; css=\u00bb.vc_custom_1552643974570{background-image: url(https:\/\/www.ull.es\/portal\/opina-y-debates\/wp-content\/uploads\/sites\/30\/2019\/03\/oyd_debate.jpg?id=270) !important;background-position: center !important;background-repeat: no-repeat !important;background-size: cover !important;}\u00bb][\/vc_column][vc_column width=\u00bb1\/2&#8243; css=\u00bb.vc_custom_1554120991922{padding-top: 50px !important;padding-right: 100px !important;padding-bottom: 50px !important;padding-left: 100px !important;background-color: #9ccc65 !important;}\u00bb][vc_column_text css_animation=\u00bbfadeInLeft\u00bb]<\/p>\n<h1 style=\"color: black;font-weight: 600;font-size: 55px !important\">Debates<\/h1>\n<p><span style=\"font-weight: 500\">La misi\u00f3n que perseguimos con ULL Debates es promover un modelo de desarrollo sostenible y solidario, que favorezca la integraci\u00f3n social, la participaci\u00f3n ciudadana, la justicia econ\u00f3mica y la paz. Para ello nos proponemos como metas:<\/span><\/p>\n<ul>\n<li><span style=\"font-weight: 500\">Invitar a la reflexi\u00f3n y al debate<\/span><\/li>\n<li><span style=\"font-weight: 500\">Sensibilizar a la ciudadan\u00eda y desarrollar una conciencia global compartida<\/span><\/li>\n<li><span style=\"font-weight: 500\">Difundir nuevas propuestas para inspirar el cambio y la innovaci\u00f3n<\/span><\/li>\n<li><span style=\"font-weight: 500\">Estimular el di\u00e1logo y la colaboraci\u00f3n<\/span><\/li>\n<\/ul>\n<p>[\/vc_column_text][vc_empty_space height=\u00bb12px\u00bb][vc_btn title=\u00bbM\u00c1S INFORMACI\u00d3N\u00bb style=\u00bbclassic\u00bb shape=\u00bbsquare\u00bb color=\u00bbviolet\u00bb css_animation=\u00bbfadeInUp\u00bb el_class=\u00bboyd\u00bb link=\u00bburl:https%3A%2F%2Fwww.ull.es%2Fportal%2Fopina-y-debates%2Fdebates%2F||target:%20_blank|\u00bb][\/vc_column][\/vc_row][vc_row full_width=\u00bbstretch_row_content\u00bb equal_height=\u00bbyes\u00bb content_placement=\u00bbmiddle\u00bb][vc_column width=\u00bb1\/2&#8243; css=\u00bb.vc_custom_1554121005497{padding-top: 50px !important;padding-right: 100px !important;padding-bottom: 50px !important;padding-left: 100px !important;background-color: #e5a472 !important;}\u00bb][vc_column_text css_animation=\u00bbfadeInLeft\u00bb]<\/p>\n<h1 style=\"color: black;font-weight: 600;font-size: 55px !important\">Di\u00e1logos<\/h1>\n<p><span style=\"font-weight: 500\">La serie de actividades DI\u00c1LOGOS Universidad de La Laguna consiste en la visita a nuestra Universidad de personas del \u00e1mbito empresarial o social de reconocida trayectoria para ser entrevistadas ante estudiantes y resto de la comunidad universitaria acerca de los valores y la historia de la empresa u organizaci\u00f3n. De este modo, el alumnado que asiste puede conocer de primera mano aquellos aspectos que se consideran relevantes en el contexto empresarial y social. <\/span><\/p>\n<p><span style=\"font-weight: 500\">Con ello se pretende que la Universidad de La Laguna aporte claves para la toma de decisiones por parte del alumnado en el \u00e1mbito laboral y social en torno a cuestiones relevantes, actuales y de gran inter\u00e9s para el desarrollo de su carrera profesional, al mismo tiempo que se acerca la Universidad a la sociedad y al mundo de la empresa.<\/span>[\/vc_column_text][vc_empty_space height=\u00bb12px\u00bb][vc_btn title=\u00bbM\u00c1S INFORMACI\u00d3N\u00bb style=\u00bbclassic\u00bb shape=\u00bbsquare\u00bb color=\u00bbviolet\u00bb css_animation=\u00bbfadeInUp\u00bb el_class=\u00bboyd\u00bb link=\u00bburl:https%3A%2F%2Fwww.ull.es%2Fportal%2Fopina-y-debates%2Fdialogos%2F||target:%20_blank|\u00bb][\/vc_column][vc_column width=\u00bb1\/2&#8243; css=\u00bb.vc_custom_1553703444238{background-image: url(https:\/\/www.ull.es\/portal\/opina-y-debates\/wp-content\/uploads\/sites\/30\/2019\/03\/dialogo2019.jpg?id=348) !important;background-position: center !important;background-repeat: no-repeat !important;background-size: cover !important;}\u00bb][\/vc_column][\/vc_row]<\/p>\n","protected":false},"excerpt":{"rendered":"<p>[vc_row][vc_column][\/vc_column][\/vc_row][vc_row full_width=\u00bbstretch_row_content\u00bb equal_height=\u00bbyes\u00bb content_placement=\u00bbmiddle\u00bb][vc_column width=\u00bb1\/2&#8243; css=\u00bb.vc_custom_1554120980075{padding-top: 50px !important;padding-right: 100px !important;padding-bottom: 50px !important;padding-left: 100px !important;background-color: #ffee58 !important;}\u00bb][vc_column_text css_animation=\u00bbfadeInRight\u00bb] Opina La serie de actividades ULL Opina son procesos de reflexio\u0301n en la que un grupo de profesores\/as e investigadores\/as de la Universidad de La Laguna (ULL) analizan un tema de intere\u0301s pu\u0301blico para Canarias, realizando un diagno\u0301stico&#8230;<\/p>\n","protected":false},"author":41,"featured_media":0,"parent":0,"menu_order":0,"comment_status":"closed","ping_status":"closed","template":"templates\/template-no-title.php","meta":{"inline_featured_image":false,"footnotes":""},"acf":[],"yoast_head":"<!-- This site is optimized with the Yoast SEO plugin v21.3 - https:\/\/yoast.com\/wordpress\/plugins\/seo\/ -->\n<title>Opina y Debate Homepage - Opina y Debates<\/title>\n<meta name=\"robots\" content=\"index, follow, max-snippet:-1, max-image-preview:large, max-video-preview:-1\" \/>\n<link rel=\"canonical\" href=\"https:\/\/www.ull.es\/portal\/opina-y-debates\/\" \/>\n<meta property=\"og:locale\" content=\"es_ES\" \/>\n<meta property=\"og:type\" content=\"article\" \/>\n<meta property=\"og:title\" content=\"Opina y Debate Homepage - Opina y Debates\" \/>\n<meta property=\"og:description\" content=\"[vc_row][vc_column][\/vc_column][\/vc_row][vc_row full_width=\u00bbstretch_row_content\u00bb equal_height=\u00bbyes\u00bb content_placement=\u00bbmiddle\u00bb][vc_column width=\u00bb1\/2&#8243; css=\u00bb.vc_custom_1554120980075{padding-top: 50px !important;padding-right: 100px !important;padding-bottom: 50px !important;padding-left: 100px !important;background-color: #ffee58 !important;}\u00bb][vc_column_text css_animation=\u00bbfadeInRight\u00bb] Opina La serie de actividades ULL Opina son procesos de reflexio\u0301n en la que un grupo de profesores\/as e investigadores\/as de la Universidad de La Laguna (ULL) analizan un tema de intere\u0301s pu\u0301blico para Canarias, realizando un diagno\u0301stico...\" \/>\n<meta property=\"og:url\" content=\"https:\/\/www.ull.es\/portal\/opina-y-debates\/\" \/>\n<meta property=\"og:site_name\" content=\"Opina y Debates\" \/>\n<meta property=\"article:modified_time\" content=\"2019-04-01T12:16:47+00:00\" \/>\n<meta name=\"twitter:card\" content=\"summary_large_image\" \/>\n<meta name=\"twitter:label1\" content=\"Tiempo de lectura\" \/>\n\t<meta name=\"twitter:data1\" content=\"3 minutos\" \/>\n<script type=\"application\/ld+json\" class=\"yoast-schema-graph\">{\"@context\":\"https:\/\/schema.org\",\"@graph\":[{\"@type\":\"WebPage\",\"@id\":\"https:\/\/www.ull.es\/portal\/opina-y-debates\/\",\"url\":\"https:\/\/www.ull.es\/portal\/opina-y-debates\/\",\"name\":\"Opina y Debate Homepage - Opina y Debates\",\"isPartOf\":{\"@id\":\"https:\/\/www.ull.es\/portal\/opina-y-debates\/#website\"},\"datePublished\":\"2019-03-06T11:10:47+00:00\",\"dateModified\":\"2019-04-01T12:16:47+00:00\",\"breadcrumb\":{\"@id\":\"https:\/\/www.ull.es\/portal\/opina-y-debates\/#breadcrumb\"},\"inLanguage\":\"es\",\"potentialAction\":[{\"@type\":\"ReadAction\",\"target\":[\"https:\/\/www.ull.es\/portal\/opina-y-debates\/\"]}]},{\"@type\":\"BreadcrumbList\",\"@id\":\"https:\/\/www.ull.es\/portal\/opina-y-debates\/#breadcrumb\",\"itemListElement\":[{\"@type\":\"ListItem\",\"position\":1,\"name\":\"Portada\",\"item\":\"https:\/\/www.ull.es\/portal\/opina-y-debates\/\"},{\"@type\":\"ListItem\",\"position\":2,\"name\":\"Opina y Debate Homepage\"}]},{\"@type\":\"WebSite\",\"@id\":\"https:\/\/www.ull.es\/portal\/opina-y-debates\/#website\",\"url\":\"https:\/\/www.ull.es\/portal\/opina-y-debates\/\",\"name\":\"Opina y Debates\",\"description\":\"\",\"potentialAction\":[{\"@type\":\"SearchAction\",\"target\":{\"@type\":\"EntryPoint\",\"urlTemplate\":\"https:\/\/www.ull.es\/portal\/opina-y-debates\/?s={search_term_string}\"},\"query-input\":\"required name=search_term_string\"}],\"inLanguage\":\"es\"}]}<\/script>\n<!-- \/ Yoast SEO plugin. -->","yoast_head_json":{"title":"Opina y Debate Homepage - Opina y Debates","robots":{"index":"index","follow":"follow","max-snippet":"max-snippet:-1","max-image-preview":"max-image-preview:large","max-video-preview":"max-video-preview:-1"},"canonical":"https:\/\/www.ull.es\/portal\/opina-y-debates\/","og_locale":"es_ES","og_type":"article","og_title":"Opina y Debate Homepage - Opina y Debates","og_description":"[vc_row][vc_column][\/vc_column][\/vc_row][vc_row full_width=\u00bbstretch_row_content\u00bb equal_height=\u00bbyes\u00bb content_placement=\u00bbmiddle\u00bb][vc_column width=\u00bb1\/2&#8243; css=\u00bb.vc_custom_1554120980075{padding-top: 50px !important;padding-right: 100px !important;padding-bottom: 50px !important;padding-left: 100px !important;background-color: #ffee58 !important;}\u00bb][vc_column_text css_animation=\u00bbfadeInRight\u00bb] Opina La serie de actividades ULL Opina son procesos de reflexio\u0301n en la que un grupo de profesores\/as e investigadores\/as de la Universidad de La Laguna (ULL) analizan un tema de intere\u0301s pu\u0301blico para Canarias, realizando un diagno\u0301stico...","og_url":"https:\/\/www.ull.es\/portal\/opina-y-debates\/","og_site_name":"Opina y Debates","article_modified_time":"2019-04-01T12:16:47+00:00","twitter_card":"summary_large_image","twitter_misc":{"Tiempo de lectura":"3 minutos"},"schema":{"@context":"https:\/\/schema.org","@graph":[{"@type":"WebPage","@id":"https:\/\/www.ull.es\/portal\/opina-y-debates\/","url":"https:\/\/www.ull.es\/portal\/opina-y-debates\/","name":"Opina y Debate Homepage - Opina y Debates","isPartOf":{"@id":"https:\/\/www.ull.es\/portal\/opina-y-debates\/#website"},"datePublished":"2019-03-06T11:10:47+00:00","dateModified":"2019-04-01T12:16:47+00:00","breadcrumb":{"@id":"https:\/\/www.ull.es\/portal\/opina-y-debates\/#breadcrumb"},"inLanguage":"es","potentialAction":[{"@type":"ReadAction","target":["https:\/\/www.ull.es\/portal\/opina-y-debates\/"]}]},{"@type":"BreadcrumbList","@id":"https:\/\/www.ull.es\/portal\/opina-y-debates\/#breadcrumb","itemListElement":[{"@type":"ListItem","position":1,"name":"Portada","item":"https:\/\/www.ull.es\/portal\/opina-y-debates\/"},{"@type":"ListItem","position":2,"name":"Opina y Debate Homepage"}]},{"@type":"WebSite","@id":"https:\/\/www.ull.es\/portal\/opina-y-debates\/#website","url":"https:\/\/www.ull.es\/portal\/opina-y-debates\/","name":"Opina y Debates","description":"","potentialAction":[{"@type":"SearchAction","target":{"@type":"EntryPoint","urlTemplate":"https:\/\/www.ull.es\/portal\/opina-y-debates\/?s={search_term_string}"},"query-input":"required name=search_term_string"}],"inLanguage":"es"}]}},"_links":{"self":[{"href":"https:\/\/www.ull.es\/portal\/opina-y-debates\/wp-json\/wp\/v2\/pages\/11"}],"collection":[{"href":"https:\/\/www.ull.es\/portal\/opina-y-debates\/wp-json\/wp\/v2\/pages"}],"about":[{"href":"https:\/\/www.ull.es\/portal\/opina-y-debates\/wp-json\/wp\/v2\/types\/page"}],"author":[{"embeddable":true,"href":"https:\/\/www.ull.es\/portal\/opina-y-debates\/wp-json\/wp\/v2\/users\/41"}],"replies":[{"embeddable":true,"href":"https:\/\/www.ull.es\/portal\/opina-y-debates\/wp-json\/wp\/v2\/comments?post=11"}],"version-history":[{"count":18,"href":"https:\/\/www.ull.es\/portal\/opina-y-debates\/wp-json\/wp\/v2\/pages\/11\/revisions"}],"predecessor-version":[{"id":384,"href":"https:\/\/www.ull.es\/portal\/opina-y-debates\/wp-json\/wp\/v2\/pages\/11\/revisions\/384"}],"wp:attachment":[{"href":"https:\/\/www.ull.es\/portal\/opina-y-debates\/wp-json\/wp\/v2\/media?parent=11"}],"curies":[{"name":"wp","href":"https:\/\/api.w.org\/{rel}","templated":true}]}}